{"id":342432,"date":"2019-09-16T10:00:38","date_gmt":"2019-09-16T08:00:38","guid":{"rendered":"https:\/\/www.daisho.be\/produit\/karategi-tokaido-ultimate-made-in-japan\/"},"modified":"2025-12-02T09:12:46","modified_gmt":"2025-12-02T08:12:46","slug":"karategi-tokaido-ultimate-made-in-japan","status":"publish","type":"product","link":"https:\/\/www.daisho.be\/es\/produit\/karategi-tokaido-ultimate-made-in-japan\/","title":{"rendered":"KARATEGI TOKAIDO ULTIMATE &#8211; MADE IN JAPAN"},"content":{"rendered":"<p>El karategi \u00abUltimate\u00bb de Tokaido est\u00e1 hecho para el entrenamiento diario. Es lo bastante resistente para ser duradero y lo bastante suave para ser muy c\u00f3modo.<x id=\"gid_0\"><\/x>Desde los comienzos de Tokaido, los maestros de k\u00e1rate han confiado en este kimono de k\u00e1rate y, como tal, es el karategi o kimono hist\u00f3rico.<x id=\"gid_1\"><\/x>Caracter\u00edsticas:<x id=\"gid_2\"><\/x>&#8211; Fabricado en Jap\u00f3n,<x id=\"gid_3\"><\/x>&#8211; producto de alta calidad, <x id=\"gid_4\"><\/x>&#8211; corte tradicional: brazos largos, chaqueta larga,<x id=\"gid_5\"><\/x>&#8211; sin logotipo,<x id=\"gid_6\"><\/x>&#8211; adecuado para todas las federaciones,<x id=\"gid_7\"><\/x>&#8211; interior de la chaqueta rugoso,<x id=\"gid_8\"><\/x>&#8211; los pantalones contienen un cord\u00f3n en la cintura,<x id=\"gid_9\"><\/x>&#8211; conocido como \u00abSAW\u00bb en Jap\u00f3n,<x id=\"gid_10\"><\/x>&#8211; Material: 100% algod\u00f3n, aprox. 12 oz.,<br \/>\n&#8211; \u00edndice de encogimiento: aprox.   7%.<\/p>\n","protected":false},"excerpt":{"rendered":"<p>El karategi \u00abUltimate\u00bb de Tokaido est\u00e1 hecho para el entrenamiento diario. Es lo bastante resistente para ser duradero y lo bastante suave para ser muy c\u00f3modo.Desde los comienzos de Tokaido, los maestros de k\u00e1rate han confiado en este kimono de k\u00e1rate y, como tal, es el karategi o kimono hist\u00f3rico.Caracter\u00edsticas:&#8211; Fabricado en Jap\u00f3n,&#8211; producto de [&hellip;]<\/p>\n","protected":false},"featured_media":339105,"comment_status":"closed","ping_status":"closed","template":"","meta":{"inline_featured_image":false},"product_brand":[],"product_cat":[1314,1311],"product_tag":[1306],"sport":[73],"class_list":{"0":"post-342432","1":"product","2":"type-product","3":"status-publish","4":"has-post-thumbnail","6":"product_cat-kimonos-de-karate","7":"product_cat-trajes-kimonos","8":"product_tag-tokaido-es","9":"pa_size-380","10":"pa_size-388","11":"pa_size-379","12":"pa_size-387","13":"pa_size-378","14":"pa_size-386","15":"pa_size-377","16":"pa_size-385","17":"pa_size-376","18":"pa_size-384","19":"pa_size-383","20":"sport-karate","22":"first","23":"instock","24":"taxable","25":"shipping-taxable","26":"purchasable","27":"product-type-variable"},"yoast_head":"<!-- This site is optimized with the Yoast SEO plugin v27.2 - https:\/\/yoast.com\/product\/yoast-seo-wordpress\/ -->\n<title>Kimono de k\u00e1rate (Tokaido) para kata y kumite - Karategi Ultimate<\/title>\n<meta name=\"description\" content=\"Karategi Tokaido Ultimate: s\u00f3lido, c\u00f3modo e ic\u00f3nico. La elecci\u00f3n de los maestros para el entrenamiento diario. Encu\u00e9ntralo en Daisho.be | Daisho\" \/>\n<meta name=\"robots\" content=\"index, follow, max-snippet:-1, max-image-preview:large, max-video-preview:-1\" \/>\n<link rel=\"canonical\" href=\"https:\/\/www.daisho.be\/es\/produit\/karategi-tokaido-ultimate-made-in-japan\/\" \/>\n<meta property=\"og:locale\" content=\"es_ES\" \/>\n<meta property=\"og:type\" content=\"article\" \/>\n<meta property=\"og:title\" content=\"Kimono de k\u00e1rate (Tokaido) para kata y kumite - Karategi Ultimate\" \/>\n<meta property=\"og:description\" content=\"Karategi Tokaido Ultimate: s\u00f3lido, c\u00f3modo e ic\u00f3nico. La elecci\u00f3n de los maestros para el entrenamiento diario. Encu\u00e9ntralo en Daisho.be | Daisho\" \/>\n<meta property=\"og:url\" content=\"https:\/\/www.daisho.be\/es\/produit\/karategi-tokaido-ultimate-made-in-japan\/\" \/>\n<meta property=\"og:site_name\" content=\"Daisho\" \/>\n<meta property=\"article:modified_time\" content=\"2025-12-02T08:12:46+00:00\" \/>\n<meta property=\"og:image\" content=\"https:\/\/www.daisho.be\/wp-content\/uploads\/2023\/10\/image-38.jpg\" \/>\n\t<meta property=\"og:image:width\" content=\"510\" \/>\n\t<meta property=\"og:image:height\" content=\"720\" \/>\n\t<meta property=\"og:image:type\" content=\"image\/jpeg\" \/>\n<meta name=\"twitter:card\" content=\"summary_large_image\" \/>\n<meta name=\"twitter:label1\" content=\"Tiempo de lectura\" \/>\n\t<meta name=\"twitter:data1\" content=\"1 minuto\" \/>\n<script type=\"application\/ld+json\" class=\"yoast-schema-graph\">{\"@context\":\"https:\/\/schema.org\",\"@graph\":[{\"@type\":\"WebPage\",\"@id\":\"https:\/\/www.daisho.be\/es\/produit\/karategi-tokaido-ultimate-made-in-japan\/\",\"url\":\"https:\/\/www.daisho.be\/es\/produit\/karategi-tokaido-ultimate-made-in-japan\/\",\"name\":\"Kimono de k\u00e1rate (Tokaido) para kata y kumite - Karategi Ultimate\",\"isPartOf\":{\"@id\":\"https:\/\/www.daisho.be\/es\/#website\"},\"primaryImageOfPage\":{\"@id\":\"https:\/\/www.daisho.be\/es\/produit\/karategi-tokaido-ultimate-made-in-japan\/#primaryimage\"},\"image\":{\"@id\":\"https:\/\/www.daisho.be\/es\/produit\/karategi-tokaido-ultimate-made-in-japan\/#primaryimage\"},\"thumbnailUrl\":\"https:\/\/www.daisho.be\/wp-content\/uploads\/2023\/10\/image-38.jpg\",\"datePublished\":\"2019-09-16T08:00:38+00:00\",\"dateModified\":\"2025-12-02T08:12:46+00:00\",\"description\":\"Karategi Tokaido Ultimate: s\u00f3lido, c\u00f3modo e ic\u00f3nico. La elecci\u00f3n de los maestros para el entrenamiento diario. Encu\u00e9ntralo en Daisho.be | Daisho\",\"breadcrumb\":{\"@id\":\"https:\/\/www.daisho.be\/es\/produit\/karategi-tokaido-ultimate-made-in-japan\/#breadcrumb\"},\"inLanguage\":\"es\",\"potentialAction\":[{\"@type\":\"ReadAction\",\"target\":[\"https:\/\/www.daisho.be\/es\/produit\/karategi-tokaido-ultimate-made-in-japan\/\"]}]},{\"@type\":\"ImageObject\",\"inLanguage\":\"es\",\"@id\":\"https:\/\/www.daisho.be\/es\/produit\/karategi-tokaido-ultimate-made-in-japan\/#primaryimage\",\"url\":\"https:\/\/www.daisho.be\/wp-content\/uploads\/2023\/10\/image-38.jpg\",\"contentUrl\":\"https:\/\/www.daisho.be\/wp-content\/uploads\/2023\/10\/image-38.jpg\",\"width\":510,\"height\":720,\"caption\":\"KARATEGI TOKAIDO ULTIMATE - MADE IN JAPAN-1\"},{\"@type\":\"BreadcrumbList\",\"@id\":\"https:\/\/www.daisho.be\/es\/produit\/karategi-tokaido-ultimate-made-in-japan\/#breadcrumb\",\"itemListElement\":[{\"@type\":\"ListItem\",\"position\":1,\"name\":\"Accueil\",\"item\":\"https:\/\/www.daisho.be\/es\/\"},{\"@type\":\"ListItem\",\"position\":2,\"name\":\"Productos\",\"item\":\"https:\/\/www.daisho.be\/es\/productos\/\"},{\"@type\":\"ListItem\",\"position\":3,\"name\":\"Equipamiento y ropa para artes marciales y deportes de combate\",\"item\":\"https:\/\/www.daisho.be\/es\/categorie-produit\/equipamiento-y-ropa-para-artes-marciales-y-deportes-de-combate\/\"},{\"@type\":\"ListItem\",\"position\":4,\"name\":\"Karate\",\"item\":\"https:\/\/www.daisho.be\/es\/categorie-produit\/equipamiento-y-ropa-para-artes-marciales-y-deportes-de-combate\/karate-es-2\/\"},{\"@type\":\"ListItem\",\"position\":5,\"name\":\"Kimonos de k\u00e1rate\",\"item\":\"https:\/\/www.daisho.be\/es\/categorie-produit\/equipamiento-y-ropa-para-artes-marciales-y-deportes-de-combate\/karate-es-2\/kimonos-de-karate\/\"},{\"@type\":\"ListItem\",\"position\":6,\"name\":\"KARATEGI TOKAIDO ULTIMATE &#8211; MADE IN JAPAN\"}]},{\"@type\":\"WebSite\",\"@id\":\"https:\/\/www.daisho.be\/es\/#website\",\"url\":\"https:\/\/www.daisho.be\/es\/\",\"name\":\"Daisho\",\"description\":\"Sp&eacute;cialiste de l'&eacute;quipement sportif d'arts martiaux\",\"publisher\":{\"@id\":\"https:\/\/www.daisho.be\/es\/#organization\"},\"potentialAction\":[{\"@type\":\"SearchAction\",\"target\":{\"@type\":\"EntryPoint\",\"urlTemplate\":\"https:\/\/www.daisho.be\/es\/?s={search_term_string}\"},\"query-input\":{\"@type\":\"PropertyValueSpecification\",\"valueRequired\":true,\"valueName\":\"search_term_string\"}}],\"inLanguage\":\"es\"},{\"@type\":\"Organization\",\"@id\":\"https:\/\/www.daisho.be\/es\/#organization\",\"name\":\"Daisho\",\"url\":\"https:\/\/www.daisho.be\/es\/\",\"logo\":{\"@type\":\"ImageObject\",\"inLanguage\":\"es\",\"@id\":\"https:\/\/www.daisho.be\/es\/#\/schema\/logo\/image\/\",\"url\":\"https:\/\/www.daisho.be\/wp-content\/uploads\/2019\/07\/color-nothing-horizontale4x-e1564486100247.png\",\"contentUrl\":\"https:\/\/www.daisho.be\/wp-content\/uploads\/2019\/07\/color-nothing-horizontale4x-e1564486100247.png\",\"width\":1547,\"height\":385,\"caption\":\"Daisho\"},\"image\":{\"@id\":\"https:\/\/www.daisho.be\/es\/#\/schema\/logo\/image\/\"}}]}<\/script>\n<!-- \/ Yoast SEO plugin. -->","yoast_head_json":{"title":"Kimono de k\u00e1rate (Tokaido) para kata y kumite - Karategi Ultimate","description":"Karategi Tokaido Ultimate: s\u00f3lido, c\u00f3modo e ic\u00f3nico. La elecci\u00f3n de los maestros para el entrenamiento diario. Encu\u00e9ntralo en Daisho.be | Daisho","robots":{"index":"index","follow":"follow","max-snippet":"max-snippet:-1","max-image-preview":"max-image-preview:large","max-video-preview":"max-video-preview:-1"},"canonical":"https:\/\/www.daisho.be\/es\/produit\/karategi-tokaido-ultimate-made-in-japan\/","og_locale":"es_ES","og_type":"article","og_title":"Kimono de k\u00e1rate (Tokaido) para kata y kumite - Karategi Ultimate","og_description":"Karategi Tokaido Ultimate: s\u00f3lido, c\u00f3modo e ic\u00f3nico. La elecci\u00f3n de los maestros para el entrenamiento diario. Encu\u00e9ntralo en Daisho.be | Daisho","og_url":"https:\/\/www.daisho.be\/es\/produit\/karategi-tokaido-ultimate-made-in-japan\/","og_site_name":"Daisho","article_modified_time":"2025-12-02T08:12:46+00:00","og_image":[{"width":510,"height":720,"url":"https:\/\/www.daisho.be\/wp-content\/uploads\/2023\/10\/image-38.jpg","type":"image\/jpeg"}],"twitter_card":"summary_large_image","twitter_misc":{"Tiempo de lectura":"1 minuto"},"schema":{"@context":"https:\/\/schema.org","@graph":[{"@type":"WebPage","@id":"https:\/\/www.daisho.be\/es\/produit\/karategi-tokaido-ultimate-made-in-japan\/","url":"https:\/\/www.daisho.be\/es\/produit\/karategi-tokaido-ultimate-made-in-japan\/","name":"Kimono de k\u00e1rate (Tokaido) para kata y kumite - Karategi Ultimate","isPartOf":{"@id":"https:\/\/www.daisho.be\/es\/#website"},"primaryImageOfPage":{"@id":"https:\/\/www.daisho.be\/es\/produit\/karategi-tokaido-ultimate-made-in-japan\/#primaryimage"},"image":{"@id":"https:\/\/www.daisho.be\/es\/produit\/karategi-tokaido-ultimate-made-in-japan\/#primaryimage"},"thumbnailUrl":"https:\/\/www.daisho.be\/wp-content\/uploads\/2023\/10\/image-38.jpg","datePublished":"2019-09-16T08:00:38+00:00","dateModified":"2025-12-02T08:12:46+00:00","description":"Karategi Tokaido Ultimate: s\u00f3lido, c\u00f3modo e ic\u00f3nico. La elecci\u00f3n de los maestros para el entrenamiento diario. Encu\u00e9ntralo en Daisho.be | Daisho","breadcrumb":{"@id":"https:\/\/www.daisho.be\/es\/produit\/karategi-tokaido-ultimate-made-in-japan\/#breadcrumb"},"inLanguage":"es","potentialAction":[{"@type":"ReadAction","target":["https:\/\/www.daisho.be\/es\/produit\/karategi-tokaido-ultimate-made-in-japan\/"]}]},{"@type":"ImageObject","inLanguage":"es","@id":"https:\/\/www.daisho.be\/es\/produit\/karategi-tokaido-ultimate-made-in-japan\/#primaryimage","url":"https:\/\/www.daisho.be\/wp-content\/uploads\/2023\/10\/image-38.jpg","contentUrl":"https:\/\/www.daisho.be\/wp-content\/uploads\/2023\/10\/image-38.jpg","width":510,"height":720,"caption":"KARATEGI TOKAIDO ULTIMATE - MADE IN JAPAN-1"},{"@type":"BreadcrumbList","@id":"https:\/\/www.daisho.be\/es\/produit\/karategi-tokaido-ultimate-made-in-japan\/#breadcrumb","itemListElement":[{"@type":"ListItem","position":1,"name":"Accueil","item":"https:\/\/www.daisho.be\/es\/"},{"@type":"ListItem","position":2,"name":"Productos","item":"https:\/\/www.daisho.be\/es\/productos\/"},{"@type":"ListItem","position":3,"name":"Equipamiento y ropa para artes marciales y deportes de combate","item":"https:\/\/www.daisho.be\/es\/categorie-produit\/equipamiento-y-ropa-para-artes-marciales-y-deportes-de-combate\/"},{"@type":"ListItem","position":4,"name":"Karate","item":"https:\/\/www.daisho.be\/es\/categorie-produit\/equipamiento-y-ropa-para-artes-marciales-y-deportes-de-combate\/karate-es-2\/"},{"@type":"ListItem","position":5,"name":"Kimonos de k\u00e1rate","item":"https:\/\/www.daisho.be\/es\/categorie-produit\/equipamiento-y-ropa-para-artes-marciales-y-deportes-de-combate\/karate-es-2\/kimonos-de-karate\/"},{"@type":"ListItem","position":6,"name":"KARATEGI TOKAIDO ULTIMATE &#8211; MADE IN JAPAN"}]},{"@type":"WebSite","@id":"https:\/\/www.daisho.be\/es\/#website","url":"https:\/\/www.daisho.be\/es\/","name":"Daisho","description":"Sp&eacute;cialiste de l'&eacute;quipement sportif d'arts martiaux","publisher":{"@id":"https:\/\/www.daisho.be\/es\/#organization"},"potentialAction":[{"@type":"SearchAction","target":{"@type":"EntryPoint","urlTemplate":"https:\/\/www.daisho.be\/es\/?s={search_term_string}"},"query-input":{"@type":"PropertyValueSpecification","valueRequired":true,"valueName":"search_term_string"}}],"inLanguage":"es"},{"@type":"Organization","@id":"https:\/\/www.daisho.be\/es\/#organization","name":"Daisho","url":"https:\/\/www.daisho.be\/es\/","logo":{"@type":"ImageObject","inLanguage":"es","@id":"https:\/\/www.daisho.be\/es\/#\/schema\/logo\/image\/","url":"https:\/\/www.daisho.be\/wp-content\/uploads\/2019\/07\/color-nothing-horizontale4x-e1564486100247.png","contentUrl":"https:\/\/www.daisho.be\/wp-content\/uploads\/2019\/07\/color-nothing-horizontale4x-e1564486100247.png","width":1547,"height":385,"caption":"Daisho"},"image":{"@id":"https:\/\/www.daisho.be\/es\/#\/schema\/logo\/image\/"}}]}},"_links":{"self":[{"href":"https:\/\/www.daisho.be\/es\/wp-json\/wp\/v2\/product\/342432","targetHints":{"allow":["GET"]}}],"collection":[{"href":"https:\/\/www.daisho.be\/es\/wp-json\/wp\/v2\/product"}],"about":[{"href":"https:\/\/www.daisho.be\/es\/wp-json\/wp\/v2\/types\/product"}],"replies":[{"embeddable":true,"href":"https:\/\/www.daisho.be\/es\/wp-json\/wp\/v2\/comments?post=342432"}],"wp:featuredmedia":[{"embeddable":true,"href":"https:\/\/www.daisho.be\/es\/wp-json\/wp\/v2\/media\/339105"}],"wp:attachment":[{"href":"https:\/\/www.daisho.be\/es\/wp-json\/wp\/v2\/media?parent=342432"}],"wp:term":[{"taxonomy":"product_brand","embeddable":true,"href":"https:\/\/www.daisho.be\/es\/wp-json\/wp\/v2\/product_brand?post=342432"},{"taxonomy":"product_cat","embeddable":true,"href":"https:\/\/www.daisho.be\/es\/wp-json\/wp\/v2\/product_cat?post=342432"},{"taxonomy":"product_tag","embeddable":true,"href":"https:\/\/www.daisho.be\/es\/wp-json\/wp\/v2\/product_tag?post=342432"},{"taxonomy":"sport","embeddable":true,"href":"https:\/\/www.daisho.be\/es\/wp-json\/wp\/v2\/sport?post=342432"}],"curies":[{"name":"wp","href":"https:\/\/api.w.org\/{rel}","templated":true}]}}