{"id":342259,"date":"2019-09-16T09:56:50","date_gmt":"2019-09-16T07:56:50","guid":{"rendered":"https:\/\/www.daisho.be\/produit\/karategi-tokaido-kumite-master-atletico-wkf\/"},"modified":"2024-12-31T14:57:06","modified_gmt":"2024-12-31T13:57:06","slug":"karategi-tokaido-kumite-master-atletico-wkf","status":"publish","type":"product","link":"https:\/\/www.daisho.be\/es\/produit\/karategi-tokaido-kumite-master-atletico-wkf\/","title":{"rendered":"KARATEGI TOKAIDO KUMITE MASTER ATLETICO &#8211; WKF"},"content":{"rendered":"<p>El Karategi Kumite Master Athletic de Tokaido es el convincente resultado de una intensa colaboraci\u00f3n con expertos en k\u00e1rate. Este karategi, o kimono, es sin duda el kumite master m\u00e1s innovador de todos los tiempos y lo convierte en el karategi definitivo para los atletas de kumite m\u00e1s ambiciosos. <\/p>\n<p> Caracter\u00edsticas: &#8211; Karategi (o kimono) Slim Fit perfecto: chaqueta saliente que incorpora el sistema \u00abSmart Shoulder\u00bb. Las mangas y las piernas son m\u00e1s estrechas.<br \/>\n&#8211; Las 2 mangas de la chaqueta est\u00e1n confeccionadas con tejidos el\u00e1sticos, por lo que duran m\u00e1s.<br \/>\n&#8211; Los pantalones tienen una banda el\u00e1stica ancha y flexible para una mayor comodidad sin dolorosos puntos de presi\u00f3n.<br \/>\n&#8211; Las perneras del pantal\u00f3n tienen una muesca especial de protecci\u00f3n.<br \/>\n&#8211; Tambi\u00e9n incluye un peque\u00f1o bolsillo para un protector bucal en el pantal\u00f3n.<br \/>\n&#8211; Llama la atenci\u00f3n el estampado tradicional japon\u00e9s del interior de la chaqueta.<br \/>\n&#8211; El bordado en los 2 hombros, Tokaido en Kanji, da al karategi un toque especial y lo hace noble y \u00fanico.<br \/>\n&#8211; Las m\u00faltiples inserciones el\u00e1sticas de la chaqueta y el pantal\u00f3n le confieren una excelente durabilidad y dan al luchador una libertad de piernas sin igual.  <\/p>\n<p>&#8211; Material: 100% poli\u00e9ster, &#8211; La prenda conserva su forma tras varios lavados. As\u00ed no se encoge.<br \/>\n&#8211; Karategi ultraligero: la combinaci\u00f3n de tejido ligero (3,5 oz) y corte entallado elimina el exceso de piezas de tejido para reducir el peso.<br \/>\n&#8211; Karategi WKF aprobado.<br \/>\n&#8211; Logotipo Tokaido en el pecho, el cuello y las perneras del pantal\u00f3n.<br \/>\n&#8211; Art\u00edculos suministrados: chaqueta, pantalones y una bolsa de deporte ligera.<\/p>\n","protected":false},"excerpt":{"rendered":"<p>El Karategi Kumite Master Athletic de Tokaido es el convincente resultado de una intensa colaboraci\u00f3n con expertos en k\u00e1rate. Este karategi, o kimono, es sin duda el kumite master m\u00e1s innovador de todos los tiempos y lo convierte en el karategi definitivo para los atletas de kumite m\u00e1s ambiciosos. Caracter\u00edsticas: &#8211; Karategi (o kimono) Slim [&hellip;]<\/p>\n","protected":false},"featured_media":339000,"comment_status":"closed","ping_status":"closed","template":"","meta":{"inline_featured_image":false},"product_brand":[],"product_cat":[1314,1311],"product_tag":[1306],"sport":[73],"class_list":{"0":"post-342259","1":"product","2":"type-product","3":"status-publish","4":"has-post-thumbnail","6":"product_cat-kimonos-de-karate","7":"product_cat-trajes-kimonos","8":"product_tag-tokaido-es","9":"pa_size-380","10":"pa_size-388","11":"pa_size-379","12":"pa_size-387","13":"pa_size-378","14":"pa_size-386","15":"pa_size-377","16":"pa_size-385","17":"pa_size-376","18":"pa_size-384","19":"pa_size-383","20":"sport-karate","22":"first","23":"instock","24":"taxable","25":"shipping-taxable","26":"purchasable","27":"product-type-variable"},"yoast_head":"<!-- This site is optimized with the Yoast SEO plugin v27.2 - https:\/\/yoast.com\/product\/yoast-seo-wordpress\/ -->\n<title>Kimono de karate para kumite (Tokaido) - Karategi Master Athletic WKF<\/title>\n<meta name=\"description\" content=\"C\u00f3modo e innovador karategi dise\u00f1ado espec\u00edficamente por y para especialistas en kumite. \u2713 Kimono aprobado por la WKF \u2713 No encoge.\" \/>\n<meta name=\"robots\" content=\"index, follow, max-snippet:-1, max-image-preview:large, max-video-preview:-1\" \/>\n<link rel=\"canonical\" href=\"https:\/\/www.daisho.be\/es\/produit\/karategi-tokaido-kumite-master-atletico-wkf\/\" \/>\n<meta property=\"og:locale\" content=\"es_ES\" \/>\n<meta property=\"og:type\" content=\"article\" \/>\n<meta property=\"og:title\" content=\"Kimono de karate para kumite (Tokaido) - Karategi Master Athletic WKF\" \/>\n<meta property=\"og:description\" content=\"C\u00f3modo e innovador karategi dise\u00f1ado espec\u00edficamente por y para especialistas en kumite. \u2713 Kimono aprobado por la WKF \u2713 No encoge.\" \/>\n<meta property=\"og:url\" content=\"https:\/\/www.daisho.be\/es\/produit\/karategi-tokaido-kumite-master-atletico-wkf\/\" \/>\n<meta property=\"og:site_name\" content=\"Daisho\" \/>\n<meta property=\"article:modified_time\" content=\"2024-12-31T13:57:06+00:00\" \/>\n<meta property=\"og:image\" content=\"https:\/\/www.daisho.be\/wp-content\/uploads\/2023\/10\/image-13.jpg\" \/>\n\t<meta property=\"og:image:width\" content=\"800\" \/>\n\t<meta property=\"og:image:height\" content=\"1280\" \/>\n\t<meta property=\"og:image:type\" content=\"image\/jpeg\" \/>\n<meta name=\"twitter:card\" content=\"summary_large_image\" \/>\n<meta name=\"twitter:label1\" content=\"Tiempo de lectura\" \/>\n\t<meta name=\"twitter:data1\" content=\"1 minuto\" \/>\n<script type=\"application\/ld+json\" class=\"yoast-schema-graph\">{\"@context\":\"https:\/\/schema.org\",\"@graph\":[{\"@type\":\"WebPage\",\"@id\":\"https:\/\/www.daisho.be\/es\/produit\/karategi-tokaido-kumite-master-atletico-wkf\/\",\"url\":\"https:\/\/www.daisho.be\/es\/produit\/karategi-tokaido-kumite-master-atletico-wkf\/\",\"name\":\"Kimono de karate para kumite (Tokaido) - Karategi Master Athletic WKF\",\"isPartOf\":{\"@id\":\"https:\/\/www.daisho.be\/es\/#website\"},\"primaryImageOfPage\":{\"@id\":\"https:\/\/www.daisho.be\/es\/produit\/karategi-tokaido-kumite-master-atletico-wkf\/#primaryimage\"},\"image\":{\"@id\":\"https:\/\/www.daisho.be\/es\/produit\/karategi-tokaido-kumite-master-atletico-wkf\/#primaryimage\"},\"thumbnailUrl\":\"https:\/\/www.daisho.be\/wp-content\/uploads\/2023\/10\/image-13.jpg\",\"datePublished\":\"2019-09-16T07:56:50+00:00\",\"dateModified\":\"2024-12-31T13:57:06+00:00\",\"description\":\"C\u00f3modo e innovador karategi dise\u00f1ado espec\u00edficamente por y para especialistas en kumite. \u2713 Kimono aprobado por la WKF \u2713 No encoge.\",\"breadcrumb\":{\"@id\":\"https:\/\/www.daisho.be\/es\/produit\/karategi-tokaido-kumite-master-atletico-wkf\/#breadcrumb\"},\"inLanguage\":\"es\",\"potentialAction\":[{\"@type\":\"ReadAction\",\"target\":[\"https:\/\/www.daisho.be\/es\/produit\/karategi-tokaido-kumite-master-atletico-wkf\/\"]}]},{\"@type\":\"ImageObject\",\"inLanguage\":\"es\",\"@id\":\"https:\/\/www.daisho.be\/es\/produit\/karategi-tokaido-kumite-master-atletico-wkf\/#primaryimage\",\"url\":\"https:\/\/www.daisho.be\/wp-content\/uploads\/2023\/10\/image-13.jpg\",\"contentUrl\":\"https:\/\/www.daisho.be\/wp-content\/uploads\/2023\/10\/image-13.jpg\",\"width\":800,\"height\":1280,\"caption\":\"KARATEGI TOKAIDO KUMITE MASTER ATLETICO - WKF-1\"},{\"@type\":\"BreadcrumbList\",\"@id\":\"https:\/\/www.daisho.be\/es\/produit\/karategi-tokaido-kumite-master-atletico-wkf\/#breadcrumb\",\"itemListElement\":[{\"@type\":\"ListItem\",\"position\":1,\"name\":\"Accueil\",\"item\":\"https:\/\/www.daisho.be\/es\/\"},{\"@type\":\"ListItem\",\"position\":2,\"name\":\"Productos\",\"item\":\"https:\/\/www.daisho.be\/es\/productos\/\"},{\"@type\":\"ListItem\",\"position\":3,\"name\":\"Equipamiento y ropa para artes marciales y deportes de combate\",\"item\":\"https:\/\/www.daisho.be\/es\/categorie-produit\/equipamiento-y-ropa-para-artes-marciales-y-deportes-de-combate\/\"},{\"@type\":\"ListItem\",\"position\":4,\"name\":\"Karate\",\"item\":\"https:\/\/www.daisho.be\/es\/categorie-produit\/equipamiento-y-ropa-para-artes-marciales-y-deportes-de-combate\/karate-es-2\/\"},{\"@type\":\"ListItem\",\"position\":5,\"name\":\"Kimonos de k\u00e1rate\",\"item\":\"https:\/\/www.daisho.be\/es\/categorie-produit\/equipamiento-y-ropa-para-artes-marciales-y-deportes-de-combate\/karate-es-2\/kimonos-de-karate\/\"},{\"@type\":\"ListItem\",\"position\":6,\"name\":\"KARATEGI TOKAIDO KUMITE MASTER ATLETICO &#8211; WKF\"}]},{\"@type\":\"WebSite\",\"@id\":\"https:\/\/www.daisho.be\/es\/#website\",\"url\":\"https:\/\/www.daisho.be\/es\/\",\"name\":\"Daisho\",\"description\":\"Sp&eacute;cialiste de l'&eacute;quipement sportif d'arts martiaux\",\"publisher\":{\"@id\":\"https:\/\/www.daisho.be\/es\/#organization\"},\"potentialAction\":[{\"@type\":\"SearchAction\",\"target\":{\"@type\":\"EntryPoint\",\"urlTemplate\":\"https:\/\/www.daisho.be\/es\/?s={search_term_string}\"},\"query-input\":{\"@type\":\"PropertyValueSpecification\",\"valueRequired\":true,\"valueName\":\"search_term_string\"}}],\"inLanguage\":\"es\"},{\"@type\":\"Organization\",\"@id\":\"https:\/\/www.daisho.be\/es\/#organization\",\"name\":\"Daisho\",\"url\":\"https:\/\/www.daisho.be\/es\/\",\"logo\":{\"@type\":\"ImageObject\",\"inLanguage\":\"es\",\"@id\":\"https:\/\/www.daisho.be\/es\/#\/schema\/logo\/image\/\",\"url\":\"https:\/\/www.daisho.be\/wp-content\/uploads\/2019\/07\/color-nothing-horizontale4x-e1564486100247.png\",\"contentUrl\":\"https:\/\/www.daisho.be\/wp-content\/uploads\/2019\/07\/color-nothing-horizontale4x-e1564486100247.png\",\"width\":1547,\"height\":385,\"caption\":\"Daisho\"},\"image\":{\"@id\":\"https:\/\/www.daisho.be\/es\/#\/schema\/logo\/image\/\"}}]}<\/script>\n<!-- \/ Yoast SEO plugin. -->","yoast_head_json":{"title":"Kimono de karate para kumite (Tokaido) - Karategi Master Athletic WKF","description":"C\u00f3modo e innovador karategi dise\u00f1ado espec\u00edficamente por y para especialistas en kumite. \u2713 Kimono aprobado por la WKF \u2713 No encoge.","robots":{"index":"index","follow":"follow","max-snippet":"max-snippet:-1","max-image-preview":"max-image-preview:large","max-video-preview":"max-video-preview:-1"},"canonical":"https:\/\/www.daisho.be\/es\/produit\/karategi-tokaido-kumite-master-atletico-wkf\/","og_locale":"es_ES","og_type":"article","og_title":"Kimono de karate para kumite (Tokaido) - Karategi Master Athletic WKF","og_description":"C\u00f3modo e innovador karategi dise\u00f1ado espec\u00edficamente por y para especialistas en kumite. \u2713 Kimono aprobado por la WKF \u2713 No encoge.","og_url":"https:\/\/www.daisho.be\/es\/produit\/karategi-tokaido-kumite-master-atletico-wkf\/","og_site_name":"Daisho","article_modified_time":"2024-12-31T13:57:06+00:00","og_image":[{"width":800,"height":1280,"url":"https:\/\/www.daisho.be\/wp-content\/uploads\/2023\/10\/image-13.jpg","type":"image\/jpeg"}],"twitter_card":"summary_large_image","twitter_misc":{"Tiempo de lectura":"1 minuto"},"schema":{"@context":"https:\/\/schema.org","@graph":[{"@type":"WebPage","@id":"https:\/\/www.daisho.be\/es\/produit\/karategi-tokaido-kumite-master-atletico-wkf\/","url":"https:\/\/www.daisho.be\/es\/produit\/karategi-tokaido-kumite-master-atletico-wkf\/","name":"Kimono de karate para kumite (Tokaido) - Karategi Master Athletic WKF","isPartOf":{"@id":"https:\/\/www.daisho.be\/es\/#website"},"primaryImageOfPage":{"@id":"https:\/\/www.daisho.be\/es\/produit\/karategi-tokaido-kumite-master-atletico-wkf\/#primaryimage"},"image":{"@id":"https:\/\/www.daisho.be\/es\/produit\/karategi-tokaido-kumite-master-atletico-wkf\/#primaryimage"},"thumbnailUrl":"https:\/\/www.daisho.be\/wp-content\/uploads\/2023\/10\/image-13.jpg","datePublished":"2019-09-16T07:56:50+00:00","dateModified":"2024-12-31T13:57:06+00:00","description":"C\u00f3modo e innovador karategi dise\u00f1ado espec\u00edficamente por y para especialistas en kumite. \u2713 Kimono aprobado por la WKF \u2713 No encoge.","breadcrumb":{"@id":"https:\/\/www.daisho.be\/es\/produit\/karategi-tokaido-kumite-master-atletico-wkf\/#breadcrumb"},"inLanguage":"es","potentialAction":[{"@type":"ReadAction","target":["https:\/\/www.daisho.be\/es\/produit\/karategi-tokaido-kumite-master-atletico-wkf\/"]}]},{"@type":"ImageObject","inLanguage":"es","@id":"https:\/\/www.daisho.be\/es\/produit\/karategi-tokaido-kumite-master-atletico-wkf\/#primaryimage","url":"https:\/\/www.daisho.be\/wp-content\/uploads\/2023\/10\/image-13.jpg","contentUrl":"https:\/\/www.daisho.be\/wp-content\/uploads\/2023\/10\/image-13.jpg","width":800,"height":1280,"caption":"KARATEGI TOKAIDO KUMITE MASTER ATLETICO - WKF-1"},{"@type":"BreadcrumbList","@id":"https:\/\/www.daisho.be\/es\/produit\/karategi-tokaido-kumite-master-atletico-wkf\/#breadcrumb","itemListElement":[{"@type":"ListItem","position":1,"name":"Accueil","item":"https:\/\/www.daisho.be\/es\/"},{"@type":"ListItem","position":2,"name":"Productos","item":"https:\/\/www.daisho.be\/es\/productos\/"},{"@type":"ListItem","position":3,"name":"Equipamiento y ropa para artes marciales y deportes de combate","item":"https:\/\/www.daisho.be\/es\/categorie-produit\/equipamiento-y-ropa-para-artes-marciales-y-deportes-de-combate\/"},{"@type":"ListItem","position":4,"name":"Karate","item":"https:\/\/www.daisho.be\/es\/categorie-produit\/equipamiento-y-ropa-para-artes-marciales-y-deportes-de-combate\/karate-es-2\/"},{"@type":"ListItem","position":5,"name":"Kimonos de k\u00e1rate","item":"https:\/\/www.daisho.be\/es\/categorie-produit\/equipamiento-y-ropa-para-artes-marciales-y-deportes-de-combate\/karate-es-2\/kimonos-de-karate\/"},{"@type":"ListItem","position":6,"name":"KARATEGI TOKAIDO KUMITE MASTER ATLETICO &#8211; WKF"}]},{"@type":"WebSite","@id":"https:\/\/www.daisho.be\/es\/#website","url":"https:\/\/www.daisho.be\/es\/","name":"Daisho","description":"Sp&eacute;cialiste de l'&eacute;quipement sportif d'arts martiaux","publisher":{"@id":"https:\/\/www.daisho.be\/es\/#organization"},"potentialAction":[{"@type":"SearchAction","target":{"@type":"EntryPoint","urlTemplate":"https:\/\/www.daisho.be\/es\/?s={search_term_string}"},"query-input":{"@type":"PropertyValueSpecification","valueRequired":true,"valueName":"search_term_string"}}],"inLanguage":"es"},{"@type":"Organization","@id":"https:\/\/www.daisho.be\/es\/#organization","name":"Daisho","url":"https:\/\/www.daisho.be\/es\/","logo":{"@type":"ImageObject","inLanguage":"es","@id":"https:\/\/www.daisho.be\/es\/#\/schema\/logo\/image\/","url":"https:\/\/www.daisho.be\/wp-content\/uploads\/2019\/07\/color-nothing-horizontale4x-e1564486100247.png","contentUrl":"https:\/\/www.daisho.be\/wp-content\/uploads\/2019\/07\/color-nothing-horizontale4x-e1564486100247.png","width":1547,"height":385,"caption":"Daisho"},"image":{"@id":"https:\/\/www.daisho.be\/es\/#\/schema\/logo\/image\/"}}]}},"_links":{"self":[{"href":"https:\/\/www.daisho.be\/es\/wp-json\/wp\/v2\/product\/342259","targetHints":{"allow":["GET"]}}],"collection":[{"href":"https:\/\/www.daisho.be\/es\/wp-json\/wp\/v2\/product"}],"about":[{"href":"https:\/\/www.daisho.be\/es\/wp-json\/wp\/v2\/types\/product"}],"replies":[{"embeddable":true,"href":"https:\/\/www.daisho.be\/es\/wp-json\/wp\/v2\/comments?post=342259"}],"wp:featuredmedia":[{"embeddable":true,"href":"https:\/\/www.daisho.be\/es\/wp-json\/wp\/v2\/media\/339000"}],"wp:attachment":[{"href":"https:\/\/www.daisho.be\/es\/wp-json\/wp\/v2\/media?parent=342259"}],"wp:term":[{"taxonomy":"product_brand","embeddable":true,"href":"https:\/\/www.daisho.be\/es\/wp-json\/wp\/v2\/product_brand?post=342259"},{"taxonomy":"product_cat","embeddable":true,"href":"https:\/\/www.daisho.be\/es\/wp-json\/wp\/v2\/product_cat?post=342259"},{"taxonomy":"product_tag","embeddable":true,"href":"https:\/\/www.daisho.be\/es\/wp-json\/wp\/v2\/product_tag?post=342259"},{"taxonomy":"sport","embeddable":true,"href":"https:\/\/www.daisho.be\/es\/wp-json\/wp\/v2\/sport?post=342259"}],"curies":[{"name":"wp","href":"https:\/\/api.w.org\/{rel}","templated":true}]}}