{"id":342182,"date":"2019-09-16T09:54:09","date_gmt":"2019-09-16T07:54:09","guid":{"rendered":"https:\/\/www.daisho.be\/produit\/karategi-principiante\/"},"modified":"2025-12-23T11:26:26","modified_gmt":"2025-12-23T10:26:26","slug":"karategi-principiante","status":"publish","type":"product","link":"https:\/\/www.daisho.be\/es\/produit\/karategi-principiante\/","title":{"rendered":"KARATEGI PRINCIPIANTE"},"content":{"rendered":"<p>El karategi Principiante es un karategi de iniciaci\u00f3n, con cintur\u00f3n, de bajo presupuesto, especialmente dise\u00f1ado para ni\u00f1os.<br \/>\nA pesar de su bajo precio, este kimono de karate est\u00e1 muy bien confeccionado y es ideal para principiantes.<br \/>\nCaracter\u00edsticas:<br \/>\n&#8211; gran comodidad,<br \/>\n&#8211; textura suave,<br \/>\n&#8211; pantal\u00f3n con cintura el\u00e1stica,<br \/>\n&#8211; logotipo chulo para ni\u00f1os,<br \/>\n&#8211; Material: 100% algod\u00f3n, aprox. 6 oz.,<br \/>\n&#8211; \u00edndice de encogimiento: 7%,<br \/>\n&#8211; art\u00edculos suministrados: chaqueta, pantal\u00f3n, cintur\u00f3n blanco,<br \/>\n&#8211; disponible en blanco y negro. <\/p>\n","protected":false},"excerpt":{"rendered":"<p>El karategi Principiante es un karategi de iniciaci\u00f3n, con cintur\u00f3n, de bajo presupuesto, especialmente dise\u00f1ado para ni\u00f1os. A pesar de su bajo precio, este kimono de karate est\u00e1 muy bien confeccionado y es ideal para principiantes. Caracter\u00edsticas: &#8211; gran comodidad, &#8211; textura suave, &#8211; pantal\u00f3n con cintura el\u00e1stica, &#8211; logotipo chulo para ni\u00f1os, &#8211; Material: [&hellip;]<\/p>\n","protected":false},"featured_media":338763,"comment_status":"closed","ping_status":"closed","template":"","meta":{"inline_featured_image":false},"product_brand":[],"product_cat":[1314,1311],"product_tag":[1320],"sport":[73],"class_list":{"0":"post-342182","1":"product","2":"type-product","3":"status-publish","4":"has-post-thumbnail","6":"product_cat-kimonos-de-karate","7":"product_cat-trajes-kimonos","8":"product_tag-dax-es","9":"pa_size-437","10":"pa_size-375","11":"pa_size-374","12":"pa_size-373","13":"pa_size-381","14":"pa_size-380","15":"pa_size-379","16":"pa_size-378","17":"pa_size-377","18":"sport-karate","20":"first","21":"instock","22":"taxable","23":"shipping-taxable","24":"purchasable","25":"product-type-variable"},"yoast_head":"<!-- This site is optimized with the Yoast SEO plugin v27.2 - https:\/\/yoast.com\/product\/yoast-seo-wordpress\/ -->\n<title>Kimono de Karate Infantil (DAX) - Karategi Principiante | Daisho<\/title>\n<meta name=\"description\" content=\"Un karategi de iniciaci\u00f3n perfecto para los j\u00f3venes que se inician en el k\u00e1rate. Viene con cintur\u00f3n.\" \/>\n<meta name=\"robots\" content=\"index, follow, max-snippet:-1, max-image-preview:large, max-video-preview:-1\" \/>\n<link rel=\"canonical\" href=\"https:\/\/www.daisho.be\/es\/produit\/karategi-principiante\/\" \/>\n<meta property=\"og:locale\" content=\"es_ES\" \/>\n<meta property=\"og:type\" content=\"article\" \/>\n<meta property=\"og:title\" content=\"Kimono de Karate Infantil (DAX) - Karategi Principiante | Daisho\" \/>\n<meta property=\"og:description\" content=\"Un karategi de iniciaci\u00f3n perfecto para los j\u00f3venes que se inician en el k\u00e1rate. Viene con cintur\u00f3n.\" \/>\n<meta property=\"og:url\" content=\"https:\/\/www.daisho.be\/es\/produit\/karategi-principiante\/\" \/>\n<meta property=\"og:site_name\" content=\"Daisho\" \/>\n<meta property=\"article:modified_time\" content=\"2025-12-23T10:26:26+00:00\" \/>\n<meta property=\"og:image\" content=\"https:\/\/www.daisho.be\/wp-content\/uploads\/2023\/08\/image-72.jpg\" \/>\n\t<meta property=\"og:image:width\" content=\"510\" \/>\n\t<meta property=\"og:image:height\" content=\"720\" \/>\n\t<meta property=\"og:image:type\" content=\"image\/jpeg\" \/>\n<meta name=\"twitter:card\" content=\"summary_large_image\" \/>\n<script type=\"application\/ld+json\" class=\"yoast-schema-graph\">{\"@context\":\"https:\/\/schema.org\",\"@graph\":[{\"@type\":\"WebPage\",\"@id\":\"https:\/\/www.daisho.be\/es\/produit\/karategi-principiante\/\",\"url\":\"https:\/\/www.daisho.be\/es\/produit\/karategi-principiante\/\",\"name\":\"Kimono de Karate Infantil (DAX) - Karategi Principiante | Daisho\",\"isPartOf\":{\"@id\":\"https:\/\/www.daisho.be\/es\/#website\"},\"primaryImageOfPage\":{\"@id\":\"https:\/\/www.daisho.be\/es\/produit\/karategi-principiante\/#primaryimage\"},\"image\":{\"@id\":\"https:\/\/www.daisho.be\/es\/produit\/karategi-principiante\/#primaryimage\"},\"thumbnailUrl\":\"https:\/\/www.daisho.be\/wp-content\/uploads\/2023\/08\/image-72.jpg\",\"datePublished\":\"2019-09-16T07:54:09+00:00\",\"dateModified\":\"2025-12-23T10:26:26+00:00\",\"description\":\"Un karategi de iniciaci\u00f3n perfecto para los j\u00f3venes que se inician en el k\u00e1rate. Viene con cintur\u00f3n.\",\"breadcrumb\":{\"@id\":\"https:\/\/www.daisho.be\/es\/produit\/karategi-principiante\/#breadcrumb\"},\"inLanguage\":\"es\",\"potentialAction\":[{\"@type\":\"ReadAction\",\"target\":[\"https:\/\/www.daisho.be\/es\/produit\/karategi-principiante\/\"]}]},{\"@type\":\"ImageObject\",\"inLanguage\":\"es\",\"@id\":\"https:\/\/www.daisho.be\/es\/produit\/karategi-principiante\/#primaryimage\",\"url\":\"https:\/\/www.daisho.be\/wp-content\/uploads\/2023\/08\/image-72.jpg\",\"contentUrl\":\"https:\/\/www.daisho.be\/wp-content\/uploads\/2023\/08\/image-72.jpg\",\"width\":510,\"height\":720,\"caption\":\"KARATEGI PRINCIPIANTE-1\"},{\"@type\":\"BreadcrumbList\",\"@id\":\"https:\/\/www.daisho.be\/es\/produit\/karategi-principiante\/#breadcrumb\",\"itemListElement\":[{\"@type\":\"ListItem\",\"position\":1,\"name\":\"Accueil\",\"item\":\"https:\/\/www.daisho.be\/es\/\"},{\"@type\":\"ListItem\",\"position\":2,\"name\":\"Productos\",\"item\":\"https:\/\/www.daisho.be\/es\/productos\/\"},{\"@type\":\"ListItem\",\"position\":3,\"name\":\"Equipamiento y ropa para artes marciales y deportes de combate\",\"item\":\"https:\/\/www.daisho.be\/es\/categorie-produit\/equipamiento-y-ropa-para-artes-marciales-y-deportes-de-combate\/\"},{\"@type\":\"ListItem\",\"position\":4,\"name\":\"Karate\",\"item\":\"https:\/\/www.daisho.be\/es\/categorie-produit\/equipamiento-y-ropa-para-artes-marciales-y-deportes-de-combate\/karate-es-2\/\"},{\"@type\":\"ListItem\",\"position\":5,\"name\":\"Kimonos de k\u00e1rate\",\"item\":\"https:\/\/www.daisho.be\/es\/categorie-produit\/equipamiento-y-ropa-para-artes-marciales-y-deportes-de-combate\/karate-es-2\/kimonos-de-karate\/\"},{\"@type\":\"ListItem\",\"position\":6,\"name\":\"KARATEGI PRINCIPIANTE\"}]},{\"@type\":\"WebSite\",\"@id\":\"https:\/\/www.daisho.be\/es\/#website\",\"url\":\"https:\/\/www.daisho.be\/es\/\",\"name\":\"Daisho\",\"description\":\"Sp&eacute;cialiste de l'&eacute;quipement sportif d'arts martiaux\",\"publisher\":{\"@id\":\"https:\/\/www.daisho.be\/es\/#organization\"},\"potentialAction\":[{\"@type\":\"SearchAction\",\"target\":{\"@type\":\"EntryPoint\",\"urlTemplate\":\"https:\/\/www.daisho.be\/es\/?s={search_term_string}\"},\"query-input\":{\"@type\":\"PropertyValueSpecification\",\"valueRequired\":true,\"valueName\":\"search_term_string\"}}],\"inLanguage\":\"es\"},{\"@type\":\"Organization\",\"@id\":\"https:\/\/www.daisho.be\/es\/#organization\",\"name\":\"Daisho\",\"url\":\"https:\/\/www.daisho.be\/es\/\",\"logo\":{\"@type\":\"ImageObject\",\"inLanguage\":\"es\",\"@id\":\"https:\/\/www.daisho.be\/es\/#\/schema\/logo\/image\/\",\"url\":\"https:\/\/www.daisho.be\/wp-content\/uploads\/2019\/07\/color-nothing-horizontale4x-e1564486100247.png\",\"contentUrl\":\"https:\/\/www.daisho.be\/wp-content\/uploads\/2019\/07\/color-nothing-horizontale4x-e1564486100247.png\",\"width\":1547,\"height\":385,\"caption\":\"Daisho\"},\"image\":{\"@id\":\"https:\/\/www.daisho.be\/es\/#\/schema\/logo\/image\/\"}}]}<\/script>\n<!-- \/ Yoast SEO plugin. -->","yoast_head_json":{"title":"Kimono de Karate Infantil (DAX) - Karategi Principiante | Daisho","description":"Un karategi de iniciaci\u00f3n perfecto para los j\u00f3venes que se inician en el k\u00e1rate. Viene con cintur\u00f3n.","robots":{"index":"index","follow":"follow","max-snippet":"max-snippet:-1","max-image-preview":"max-image-preview:large","max-video-preview":"max-video-preview:-1"},"canonical":"https:\/\/www.daisho.be\/es\/produit\/karategi-principiante\/","og_locale":"es_ES","og_type":"article","og_title":"Kimono de Karate Infantil (DAX) - Karategi Principiante | Daisho","og_description":"Un karategi de iniciaci\u00f3n perfecto para los j\u00f3venes que se inician en el k\u00e1rate. Viene con cintur\u00f3n.","og_url":"https:\/\/www.daisho.be\/es\/produit\/karategi-principiante\/","og_site_name":"Daisho","article_modified_time":"2025-12-23T10:26:26+00:00","og_image":[{"width":510,"height":720,"url":"https:\/\/www.daisho.be\/wp-content\/uploads\/2023\/08\/image-72.jpg","type":"image\/jpeg"}],"twitter_card":"summary_large_image","schema":{"@context":"https:\/\/schema.org","@graph":[{"@type":"WebPage","@id":"https:\/\/www.daisho.be\/es\/produit\/karategi-principiante\/","url":"https:\/\/www.daisho.be\/es\/produit\/karategi-principiante\/","name":"Kimono de Karate Infantil (DAX) - Karategi Principiante | Daisho","isPartOf":{"@id":"https:\/\/www.daisho.be\/es\/#website"},"primaryImageOfPage":{"@id":"https:\/\/www.daisho.be\/es\/produit\/karategi-principiante\/#primaryimage"},"image":{"@id":"https:\/\/www.daisho.be\/es\/produit\/karategi-principiante\/#primaryimage"},"thumbnailUrl":"https:\/\/www.daisho.be\/wp-content\/uploads\/2023\/08\/image-72.jpg","datePublished":"2019-09-16T07:54:09+00:00","dateModified":"2025-12-23T10:26:26+00:00","description":"Un karategi de iniciaci\u00f3n perfecto para los j\u00f3venes que se inician en el k\u00e1rate. Viene con cintur\u00f3n.","breadcrumb":{"@id":"https:\/\/www.daisho.be\/es\/produit\/karategi-principiante\/#breadcrumb"},"inLanguage":"es","potentialAction":[{"@type":"ReadAction","target":["https:\/\/www.daisho.be\/es\/produit\/karategi-principiante\/"]}]},{"@type":"ImageObject","inLanguage":"es","@id":"https:\/\/www.daisho.be\/es\/produit\/karategi-principiante\/#primaryimage","url":"https:\/\/www.daisho.be\/wp-content\/uploads\/2023\/08\/image-72.jpg","contentUrl":"https:\/\/www.daisho.be\/wp-content\/uploads\/2023\/08\/image-72.jpg","width":510,"height":720,"caption":"KARATEGI PRINCIPIANTE-1"},{"@type":"BreadcrumbList","@id":"https:\/\/www.daisho.be\/es\/produit\/karategi-principiante\/#breadcrumb","itemListElement":[{"@type":"ListItem","position":1,"name":"Accueil","item":"https:\/\/www.daisho.be\/es\/"},{"@type":"ListItem","position":2,"name":"Productos","item":"https:\/\/www.daisho.be\/es\/productos\/"},{"@type":"ListItem","position":3,"name":"Equipamiento y ropa para artes marciales y deportes de combate","item":"https:\/\/www.daisho.be\/es\/categorie-produit\/equipamiento-y-ropa-para-artes-marciales-y-deportes-de-combate\/"},{"@type":"ListItem","position":4,"name":"Karate","item":"https:\/\/www.daisho.be\/es\/categorie-produit\/equipamiento-y-ropa-para-artes-marciales-y-deportes-de-combate\/karate-es-2\/"},{"@type":"ListItem","position":5,"name":"Kimonos de k\u00e1rate","item":"https:\/\/www.daisho.be\/es\/categorie-produit\/equipamiento-y-ropa-para-artes-marciales-y-deportes-de-combate\/karate-es-2\/kimonos-de-karate\/"},{"@type":"ListItem","position":6,"name":"KARATEGI PRINCIPIANTE"}]},{"@type":"WebSite","@id":"https:\/\/www.daisho.be\/es\/#website","url":"https:\/\/www.daisho.be\/es\/","name":"Daisho","description":"Sp&eacute;cialiste de l'&eacute;quipement sportif d'arts martiaux","publisher":{"@id":"https:\/\/www.daisho.be\/es\/#organization"},"potentialAction":[{"@type":"SearchAction","target":{"@type":"EntryPoint","urlTemplate":"https:\/\/www.daisho.be\/es\/?s={search_term_string}"},"query-input":{"@type":"PropertyValueSpecification","valueRequired":true,"valueName":"search_term_string"}}],"inLanguage":"es"},{"@type":"Organization","@id":"https:\/\/www.daisho.be\/es\/#organization","name":"Daisho","url":"https:\/\/www.daisho.be\/es\/","logo":{"@type":"ImageObject","inLanguage":"es","@id":"https:\/\/www.daisho.be\/es\/#\/schema\/logo\/image\/","url":"https:\/\/www.daisho.be\/wp-content\/uploads\/2019\/07\/color-nothing-horizontale4x-e1564486100247.png","contentUrl":"https:\/\/www.daisho.be\/wp-content\/uploads\/2019\/07\/color-nothing-horizontale4x-e1564486100247.png","width":1547,"height":385,"caption":"Daisho"},"image":{"@id":"https:\/\/www.daisho.be\/es\/#\/schema\/logo\/image\/"}}]}},"_links":{"self":[{"href":"https:\/\/www.daisho.be\/es\/wp-json\/wp\/v2\/product\/342182","targetHints":{"allow":["GET"]}}],"collection":[{"href":"https:\/\/www.daisho.be\/es\/wp-json\/wp\/v2\/product"}],"about":[{"href":"https:\/\/www.daisho.be\/es\/wp-json\/wp\/v2\/types\/product"}],"replies":[{"embeddable":true,"href":"https:\/\/www.daisho.be\/es\/wp-json\/wp\/v2\/comments?post=342182"}],"wp:featuredmedia":[{"embeddable":true,"href":"https:\/\/www.daisho.be\/es\/wp-json\/wp\/v2\/media\/338763"}],"wp:attachment":[{"href":"https:\/\/www.daisho.be\/es\/wp-json\/wp\/v2\/media?parent=342182"}],"wp:term":[{"taxonomy":"product_brand","embeddable":true,"href":"https:\/\/www.daisho.be\/es\/wp-json\/wp\/v2\/product_brand?post=342182"},{"taxonomy":"product_cat","embeddable":true,"href":"https:\/\/www.daisho.be\/es\/wp-json\/wp\/v2\/product_cat?post=342182"},{"taxonomy":"product_tag","embeddable":true,"href":"https:\/\/www.daisho.be\/es\/wp-json\/wp\/v2\/product_tag?post=342182"},{"taxonomy":"sport","embeddable":true,"href":"https:\/\/www.daisho.be\/es\/wp-json\/wp\/v2\/sport?post=342182"}],"curies":[{"name":"wp","href":"https:\/\/api.w.org\/{rel}","templated":true}]}}