{"id":342105,"date":"2019-09-16T08:48:05","date_gmt":"2019-09-16T06:48:05","guid":{"rendered":"https:\/\/www.daisho.be\/produit\/tatami-i-tis-formacion\/"},"modified":"2026-04-14T13:46:04","modified_gmt":"2026-04-14T11:46:04","slug":"tatami-i-tis-formacion","status":"publish","type":"product","link":"https:\/\/www.daisho.be\/es\/produit\/tatami-i-tis-formacion\/","title":{"rendered":"Tatami I-TIS FORMACI\u00d3N"},"content":{"rendered":"<p>El nuevo tatami de judo I-TIS de ProGame Tatami by Trocellen es un producto sin precedentes, resultado de la evoluci\u00f3n del anterior concepto TIS. El tatami de judo I-TIS es innovador y revolucionario en cada una de sus caracter\u00edsticas.<br \/>\nHomologado por la Federaci\u00f3n Internacional de Judo, ha sido reconocido como un producto apto para todo tipo de competiciones: desde torneos regionales hasta el torneo ol\u00edmpico. Aqu\u00ed lo encontrar\u00e1s en su versi\u00f3n de entrenamiento.<br \/>\nSu sistema patentado de enganche invisible mantiene los tatamis unidos durante el combate: el tatami de entrenamiento I-TIS es el tatami ideal para entrenar cualquier tipo de actividad.<br \/>\nLa superficie instalada no necesita marcos adicionales. Gracias a su ligereza, es f\u00c3\u00a1cil de instalar, no deja huecos entre las colchonetas y, a diferencia de otras colchonetas tradicionales, no se mueve. La seguridad que garantiza este tatami y su innovador sistema de enganche invisible lo convierten en el tatami m\u00c3\u00a1s seguro y estable del mercado, ideal para cualquier tipo de evento.<br \/>\nMaterial: espuma de polietileno expandido reticulado unida a PVC gofrado de alta resistencia.<br \/>\nDimensiones: 2000 x 1000 x 40 mm y 2000 x 1000 x 50 mm<br \/>\nPeso: 6,7 kg en 50 mm<br \/>\nColores: amarillo \/ rojo \/ azul marino \/ verde oliva \/ negro<br \/>\nSeguridad: Norma NF EN 12503.3. Probado conforme a la norma europea EN 12503.3 seg\u00fan la etiqueta IJF.<br \/>\nAccesorios : Los tatamis se suministran con un kit de conexi\u00f3n para permitir la instalaci\u00f3n de las alfombrillas y crear una zona completa.     <\/p>\n","protected":false},"excerpt":{"rendered":"<p>El nuevo tatami de judo I-TIS de ProGame Tatami by Trocellen es un producto sin precedentes, resultado de la evoluci\u00f3n del anterior concepto TIS. El tatami de judo I-TIS es innovador y revolucionario en cada una de sus caracter\u00edsticas. Homologado por la Federaci\u00f3n Internacional de Judo, ha sido reconocido como un producto apto para todo [&hellip;]<\/p>\n","protected":false},"featured_media":392499,"comment_status":"closed","ping_status":"closed","template":"","meta":{"inline_featured_image":false},"product_brand":[],"product_cat":[1338,1339,1316,1294],"product_tag":[1290],"sport":[429,74,430,78,431],"class_list":{"0":"post-342105","1":"product","2":"type-product","3":"status-publish","4":"has-post-thumbnail","6":"product_cat-equipo-de-entrenamiento-de-jiu-jitsu","7":"product_cat-equipo-de-entrenamiento-de-mma","8":"product_cat-equipos-de-formacion","9":"product_cat-tatamis-de-judo-karate-y-taekwondo-artes-marciales","10":"product_tag-progame-tatamis-es","11":"product_shipping_class-productos-voluminosos","12":"pa_size-4-cm","13":"pa_size-5-cm","14":"sport-aikido","15":"sport-jiu-jitsu","16":"sport-jiu-jitsu-bresilien","17":"sport-judo","18":"sport-mma","20":"first","21":"instock","22":"taxable","23":"shipping-taxable","24":"purchasable","25":"product-type-variable"},"yoast_head":"<!-- This site is optimized with the Yoast SEO plugin v27.2 - https:\/\/yoast.com\/product\/yoast-seo-wordpress\/ -->\n<title>Tatamis I-TIS para entrenamiento de Judo - Daisho<\/title>\n<meta name=\"description\" content=\"ProGame I-TIS Training Tatamis para el entrenamiento de Judo y artes marciales de oto\u00f1o. Estera ligera de 2 m x 1 m con sistema de suspensi\u00f3n inferior.\" \/>\n<meta name=\"robots\" content=\"index, follow, max-snippet:-1, max-image-preview:large, max-video-preview:-1\" \/>\n<link rel=\"canonical\" href=\"https:\/\/www.daisho.be\/es\/produit\/tatami-i-tis-formacion\/\" \/>\n<meta property=\"og:locale\" content=\"es_ES\" \/>\n<meta property=\"og:type\" content=\"article\" \/>\n<meta property=\"og:title\" content=\"Tatamis I-TIS para entrenamiento de Judo - Daisho\" \/>\n<meta property=\"og:description\" content=\"ProGame I-TIS Training Tatamis para el entrenamiento de Judo y artes marciales de oto\u00f1o. Estera ligera de 2 m x 1 m con sistema de suspensi\u00f3n inferior.\" \/>\n<meta property=\"og:url\" content=\"https:\/\/www.daisho.be\/es\/produit\/tatami-i-tis-formacion\/\" \/>\n<meta property=\"og:site_name\" content=\"Daisho\" \/>\n<meta property=\"article:modified_time\" content=\"2026-04-14T11:46:04+00:00\" \/>\n<meta property=\"og:image\" content=\"https:\/\/www.daisho.be\/wp-content\/uploads\/2024\/04\/image-77-scaled.jpg\" \/>\n\t<meta property=\"og:image:width\" content=\"2048\" \/>\n\t<meta property=\"og:image:height\" content=\"835\" \/>\n\t<meta property=\"og:image:type\" content=\"image\/jpeg\" \/>\n<meta name=\"twitter:card\" content=\"summary_large_image\" \/>\n<meta name=\"twitter:label1\" content=\"Tiempo de lectura\" \/>\n\t<meta name=\"twitter:data1\" content=\"1 minuto\" \/>\n<script type=\"application\/ld+json\" class=\"yoast-schema-graph\">{\"@context\":\"https:\/\/schema.org\",\"@graph\":[{\"@type\":\"WebPage\",\"@id\":\"https:\/\/www.daisho.be\/es\/produit\/tatami-i-tis-formacion\/\",\"url\":\"https:\/\/www.daisho.be\/es\/produit\/tatami-i-tis-formacion\/\",\"name\":\"Tatamis I-TIS para entrenamiento de Judo - Daisho\",\"isPartOf\":{\"@id\":\"https:\/\/www.daisho.be\/es\/#website\"},\"primaryImageOfPage\":{\"@id\":\"https:\/\/www.daisho.be\/es\/produit\/tatami-i-tis-formacion\/#primaryimage\"},\"image\":{\"@id\":\"https:\/\/www.daisho.be\/es\/produit\/tatami-i-tis-formacion\/#primaryimage\"},\"thumbnailUrl\":\"https:\/\/www.daisho.be\/wp-content\/uploads\/2024\/04\/image-77-scaled.jpg\",\"datePublished\":\"2019-09-16T06:48:05+00:00\",\"dateModified\":\"2026-04-14T11:46:04+00:00\",\"description\":\"ProGame I-TIS Training Tatamis para el entrenamiento de Judo y artes marciales de oto\u00f1o. Estera ligera de 2 m x 1 m con sistema de suspensi\u00f3n inferior.\",\"breadcrumb\":{\"@id\":\"https:\/\/www.daisho.be\/es\/produit\/tatami-i-tis-formacion\/#breadcrumb\"},\"inLanguage\":\"es\",\"potentialAction\":[{\"@type\":\"ReadAction\",\"target\":[\"https:\/\/www.daisho.be\/es\/produit\/tatami-i-tis-formacion\/\"]}]},{\"@type\":\"ImageObject\",\"inLanguage\":\"es\",\"@id\":\"https:\/\/www.daisho.be\/es\/produit\/tatami-i-tis-formacion\/#primaryimage\",\"url\":\"https:\/\/www.daisho.be\/wp-content\/uploads\/2024\/04\/image-77-scaled.jpg\",\"contentUrl\":\"https:\/\/www.daisho.be\/wp-content\/uploads\/2024\/04\/image-77-scaled.jpg\",\"width\":2048,\"height\":835,\"caption\":\"Tatami I-TIS ENTRENAMIENTO-1\"},{\"@type\":\"BreadcrumbList\",\"@id\":\"https:\/\/www.daisho.be\/es\/produit\/tatami-i-tis-formacion\/#breadcrumb\",\"itemListElement\":[{\"@type\":\"ListItem\",\"position\":1,\"name\":\"Accueil\",\"item\":\"https:\/\/www.daisho.be\/es\/\"},{\"@type\":\"ListItem\",\"position\":2,\"name\":\"Productos\",\"item\":\"https:\/\/www.daisho.be\/es\/productos\/\"},{\"@type\":\"ListItem\",\"position\":3,\"name\":\"Equipamiento y ropa para artes marciales y deportes de combate\",\"item\":\"https:\/\/www.daisho.be\/es\/categorie-produit\/equipamiento-y-ropa-para-artes-marciales-y-deportes-de-combate\/\"},{\"@type\":\"ListItem\",\"position\":4,\"name\":\"Jujitsu y jiu-jitsu brasile\u00f1os\",\"item\":\"https:\/\/www.daisho.be\/es\/categorie-produit\/equipamiento-y-ropa-para-artes-marciales-y-deportes-de-combate\/jujitsu-y-jiu-jitsu-brasilenos\/\"},{\"@type\":\"ListItem\",\"position\":5,\"name\":\"Equipo de entrenamiento de Jiu Jitsu\",\"item\":\"https:\/\/www.daisho.be\/es\/categorie-produit\/equipamiento-y-ropa-para-artes-marciales-y-deportes-de-combate\/jujitsu-y-jiu-jitsu-brasilenos\/equipo-de-entrenamiento-de-jiu-jitsu\/\"},{\"@type\":\"ListItem\",\"position\":6,\"name\":\"Tatami I-TIS FORMACI\u00d3N\"}]},{\"@type\":\"WebSite\",\"@id\":\"https:\/\/www.daisho.be\/es\/#website\",\"url\":\"https:\/\/www.daisho.be\/es\/\",\"name\":\"Daisho\",\"description\":\"Sp&eacute;cialiste de l'&eacute;quipement sportif d'arts martiaux\",\"publisher\":{\"@id\":\"https:\/\/www.daisho.be\/es\/#organization\"},\"potentialAction\":[{\"@type\":\"SearchAction\",\"target\":{\"@type\":\"EntryPoint\",\"urlTemplate\":\"https:\/\/www.daisho.be\/es\/?s={search_term_string}\"},\"query-input\":{\"@type\":\"PropertyValueSpecification\",\"valueRequired\":true,\"valueName\":\"search_term_string\"}}],\"inLanguage\":\"es\"},{\"@type\":\"Organization\",\"@id\":\"https:\/\/www.daisho.be\/es\/#organization\",\"name\":\"Daisho\",\"url\":\"https:\/\/www.daisho.be\/es\/\",\"logo\":{\"@type\":\"ImageObject\",\"inLanguage\":\"es\",\"@id\":\"https:\/\/www.daisho.be\/es\/#\/schema\/logo\/image\/\",\"url\":\"https:\/\/www.daisho.be\/wp-content\/uploads\/2019\/07\/color-nothing-horizontale4x-e1564486100247.png\",\"contentUrl\":\"https:\/\/www.daisho.be\/wp-content\/uploads\/2019\/07\/color-nothing-horizontale4x-e1564486100247.png\",\"width\":1547,\"height\":385,\"caption\":\"Daisho\"},\"image\":{\"@id\":\"https:\/\/www.daisho.be\/es\/#\/schema\/logo\/image\/\"}}]}<\/script>\n<!-- \/ Yoast SEO plugin. -->","yoast_head_json":{"title":"Tatamis I-TIS para entrenamiento de Judo - Daisho","description":"ProGame I-TIS Training Tatamis para el entrenamiento de Judo y artes marciales de oto\u00f1o. Estera ligera de 2 m x 1 m con sistema de suspensi\u00f3n inferior.","robots":{"index":"index","follow":"follow","max-snippet":"max-snippet:-1","max-image-preview":"max-image-preview:large","max-video-preview":"max-video-preview:-1"},"canonical":"https:\/\/www.daisho.be\/es\/produit\/tatami-i-tis-formacion\/","og_locale":"es_ES","og_type":"article","og_title":"Tatamis I-TIS para entrenamiento de Judo - Daisho","og_description":"ProGame I-TIS Training Tatamis para el entrenamiento de Judo y artes marciales de oto\u00f1o. Estera ligera de 2 m x 1 m con sistema de suspensi\u00f3n inferior.","og_url":"https:\/\/www.daisho.be\/es\/produit\/tatami-i-tis-formacion\/","og_site_name":"Daisho","article_modified_time":"2026-04-14T11:46:04+00:00","og_image":[{"width":2048,"height":835,"url":"https:\/\/www.daisho.be\/wp-content\/uploads\/2024\/04\/image-77-scaled.jpg","type":"image\/jpeg"}],"twitter_card":"summary_large_image","twitter_misc":{"Tiempo de lectura":"1 minuto"},"schema":{"@context":"https:\/\/schema.org","@graph":[{"@type":"WebPage","@id":"https:\/\/www.daisho.be\/es\/produit\/tatami-i-tis-formacion\/","url":"https:\/\/www.daisho.be\/es\/produit\/tatami-i-tis-formacion\/","name":"Tatamis I-TIS para entrenamiento de Judo - Daisho","isPartOf":{"@id":"https:\/\/www.daisho.be\/es\/#website"},"primaryImageOfPage":{"@id":"https:\/\/www.daisho.be\/es\/produit\/tatami-i-tis-formacion\/#primaryimage"},"image":{"@id":"https:\/\/www.daisho.be\/es\/produit\/tatami-i-tis-formacion\/#primaryimage"},"thumbnailUrl":"https:\/\/www.daisho.be\/wp-content\/uploads\/2024\/04\/image-77-scaled.jpg","datePublished":"2019-09-16T06:48:05+00:00","dateModified":"2026-04-14T11:46:04+00:00","description":"ProGame I-TIS Training Tatamis para el entrenamiento de Judo y artes marciales de oto\u00f1o. Estera ligera de 2 m x 1 m con sistema de suspensi\u00f3n inferior.","breadcrumb":{"@id":"https:\/\/www.daisho.be\/es\/produit\/tatami-i-tis-formacion\/#breadcrumb"},"inLanguage":"es","potentialAction":[{"@type":"ReadAction","target":["https:\/\/www.daisho.be\/es\/produit\/tatami-i-tis-formacion\/"]}]},{"@type":"ImageObject","inLanguage":"es","@id":"https:\/\/www.daisho.be\/es\/produit\/tatami-i-tis-formacion\/#primaryimage","url":"https:\/\/www.daisho.be\/wp-content\/uploads\/2024\/04\/image-77-scaled.jpg","contentUrl":"https:\/\/www.daisho.be\/wp-content\/uploads\/2024\/04\/image-77-scaled.jpg","width":2048,"height":835,"caption":"Tatami I-TIS ENTRENAMIENTO-1"},{"@type":"BreadcrumbList","@id":"https:\/\/www.daisho.be\/es\/produit\/tatami-i-tis-formacion\/#breadcrumb","itemListElement":[{"@type":"ListItem","position":1,"name":"Accueil","item":"https:\/\/www.daisho.be\/es\/"},{"@type":"ListItem","position":2,"name":"Productos","item":"https:\/\/www.daisho.be\/es\/productos\/"},{"@type":"ListItem","position":3,"name":"Equipamiento y ropa para artes marciales y deportes de combate","item":"https:\/\/www.daisho.be\/es\/categorie-produit\/equipamiento-y-ropa-para-artes-marciales-y-deportes-de-combate\/"},{"@type":"ListItem","position":4,"name":"Jujitsu y jiu-jitsu brasile\u00f1os","item":"https:\/\/www.daisho.be\/es\/categorie-produit\/equipamiento-y-ropa-para-artes-marciales-y-deportes-de-combate\/jujitsu-y-jiu-jitsu-brasilenos\/"},{"@type":"ListItem","position":5,"name":"Equipo de entrenamiento de Jiu Jitsu","item":"https:\/\/www.daisho.be\/es\/categorie-produit\/equipamiento-y-ropa-para-artes-marciales-y-deportes-de-combate\/jujitsu-y-jiu-jitsu-brasilenos\/equipo-de-entrenamiento-de-jiu-jitsu\/"},{"@type":"ListItem","position":6,"name":"Tatami I-TIS FORMACI\u00d3N"}]},{"@type":"WebSite","@id":"https:\/\/www.daisho.be\/es\/#website","url":"https:\/\/www.daisho.be\/es\/","name":"Daisho","description":"Sp&eacute;cialiste de l'&eacute;quipement sportif d'arts martiaux","publisher":{"@id":"https:\/\/www.daisho.be\/es\/#organization"},"potentialAction":[{"@type":"SearchAction","target":{"@type":"EntryPoint","urlTemplate":"https:\/\/www.daisho.be\/es\/?s={search_term_string}"},"query-input":{"@type":"PropertyValueSpecification","valueRequired":true,"valueName":"search_term_string"}}],"inLanguage":"es"},{"@type":"Organization","@id":"https:\/\/www.daisho.be\/es\/#organization","name":"Daisho","url":"https:\/\/www.daisho.be\/es\/","logo":{"@type":"ImageObject","inLanguage":"es","@id":"https:\/\/www.daisho.be\/es\/#\/schema\/logo\/image\/","url":"https:\/\/www.daisho.be\/wp-content\/uploads\/2019\/07\/color-nothing-horizontale4x-e1564486100247.png","contentUrl":"https:\/\/www.daisho.be\/wp-content\/uploads\/2019\/07\/color-nothing-horizontale4x-e1564486100247.png","width":1547,"height":385,"caption":"Daisho"},"image":{"@id":"https:\/\/www.daisho.be\/es\/#\/schema\/logo\/image\/"}}]}},"_links":{"self":[{"href":"https:\/\/www.daisho.be\/es\/wp-json\/wp\/v2\/product\/342105","targetHints":{"allow":["GET"]}}],"collection":[{"href":"https:\/\/www.daisho.be\/es\/wp-json\/wp\/v2\/product"}],"about":[{"href":"https:\/\/www.daisho.be\/es\/wp-json\/wp\/v2\/types\/product"}],"replies":[{"embeddable":true,"href":"https:\/\/www.daisho.be\/es\/wp-json\/wp\/v2\/comments?post=342105"}],"wp:featuredmedia":[{"embeddable":true,"href":"https:\/\/www.daisho.be\/es\/wp-json\/wp\/v2\/media\/392499"}],"wp:attachment":[{"href":"https:\/\/www.daisho.be\/es\/wp-json\/wp\/v2\/media?parent=342105"}],"wp:term":[{"taxonomy":"product_brand","embeddable":true,"href":"https:\/\/www.daisho.be\/es\/wp-json\/wp\/v2\/product_brand?post=342105"},{"taxonomy":"product_cat","embeddable":true,"href":"https:\/\/www.daisho.be\/es\/wp-json\/wp\/v2\/product_cat?post=342105"},{"taxonomy":"product_tag","embeddable":true,"href":"https:\/\/www.daisho.be\/es\/wp-json\/wp\/v2\/product_tag?post=342105"},{"taxonomy":"sport","embeddable":true,"href":"https:\/\/www.daisho.be\/es\/wp-json\/wp\/v2\/sport?post=342105"}],"curies":[{"name":"wp","href":"https:\/\/api.w.org\/{rel}","templated":true}]}}