{"id":342068,"date":"2019-09-16T09:55:32","date_gmt":"2019-09-16T07:55:32","guid":{"rendered":"https:\/\/www.daisho.be\/produit\/karategi-tokaido-kata-maestro-atletico-wkf\/"},"modified":"2025-10-09T10:06:52","modified_gmt":"2025-10-09T08:06:52","slug":"karategi-tokaido-kata-maestro-atletico-wkf","status":"publish","type":"product","link":"https:\/\/www.daisho.be\/es\/produit\/karategi-tokaido-kata-maestro-atletico-wkf\/","title":{"rendered":"KARATEGI TOKAIDO KATA MAESTRO ATL\u00c9TICO &#8211; WKF"},"content":{"rendered":"<p>El traje de atleta Kata Master, o kimono, no es para cualquiera&#8230;<br \/>\nSi buscas un kata karategi de primera clase para competiciones y campeonatos, te encantar\u00e1 el nuevo Kata Master Athletic de Tokaido.<br \/>\nLa calidad del tejido se ha desarrollado especialmente para kata y no deja nada que desear.<br \/>\nGracias a la nueva versi\u00f3n, el atuendo le queda a\u00fan mejor y confiere a la competidora un carisma inconfundible.<br \/>\nEste es un excelente karategi, realizado por atletas de kata para atletas de kata.<\/p>\n<p>Caracter\u00edsticas:<br \/>\n&#8211; La copa fue desarrollada en coordinaci\u00f3n con el Equipo Ki por el piloto japon\u00e9s Kenichi Sato y el subcampe\u00f3n mundial Ilja Smorguner.<br \/>\n&#8211; Karategi Slim Fit que se ajusta perfectamente: la chaqueta entallada con el famoso \u00abcorte inteligente en los hombros\u00bb hace que este conjunto parezca una camisa de negocios para la parte superior del cuerpo.<br \/>\n&#8211; Las mangas ajustadas ofrecen a los oficiales y alumnos una visi\u00f3n a\u00fan mejor de las t\u00e9cnicas que se ejecutan.<br \/>\n&#8211; El azul claro t\u00edpicamente japon\u00e9s del tejido hace que este karategi sea brillante.<br \/>\n&#8211; El tejido de nuevo desarrollo se ha optimizado para resaltar cada t\u00e9cnica con un sonido sorprendente.<br \/>\n&#8211; La combinaci\u00f3n de algod\u00f3n y poli\u00e9ster tambi\u00e9n reduce el peso del karategi (kimono) para realizar saltos a\u00fan m\u00e1s altos sin concesiones.<br \/>\n&#8211; Tambi\u00e9n llama la atenci\u00f3n el estampado tradicional japon\u00e9s del interior de la chaqueta.<br \/>\n&#8211; Logo Tokaido bordado en pecho, cuello y perneras.<br \/>\n&#8211; Karategi homologado por la WKF: por lo tanto, se puede llevar en todos los campeonatos mundiales de la WKF y de K1.<br \/>\n&#8211; \u00cdndice de contracci\u00f3n: 3%.<br \/>\n&#8211; Art\u00edculos suministrados: chaqueta, pantalones y una bolsa de deporte ligera.<\/p>\n<p>Se pueden a\u00f1adir bordados Tokaido en kanji azul y rojo en el hombro para las competiciones internacionales.<\/p>\n","protected":false},"excerpt":{"rendered":"<p>El traje de atleta Kata Master, o kimono, no es para cualquiera&#8230; Si buscas un kata karategi de primera clase para competiciones y campeonatos, te encantar\u00e1 el nuevo Kata Master Athletic de Tokaido. La calidad del tejido se ha desarrollado especialmente para kata y no deja nada que desear. Gracias a la nueva versi\u00f3n, el [&hellip;]<\/p>\n","protected":false},"featured_media":416738,"comment_status":"closed","ping_status":"closed","template":"","meta":{"inline_featured_image":false},"product_brand":[],"product_cat":[1314,1311],"product_tag":[1306],"sport":[73],"class_list":{"0":"post-342068","1":"product","2":"type-product","3":"status-publish","4":"has-post-thumbnail","6":"product_cat-kimonos-de-karate","7":"product_cat-trajes-kimonos","8":"product_tag-tokaido-es","9":"pa_size-381","10":"pa_size-380","11":"pa_size-388","12":"pa_size-379","13":"pa_size-387","14":"pa_size-378","15":"pa_size-386","16":"pa_size-377","17":"pa_size-385","18":"pa_size-376","19":"pa_size-384","20":"pa_size-383","21":"sport-karate","23":"first","24":"instock","25":"taxable","26":"shipping-taxable","27":"purchasable","28":"product-type-variable"},"yoast_head":"<!-- This site is optimized with the Yoast SEO plugin v27.2 - https:\/\/yoast.com\/product\/yoast-seo-wordpress\/ -->\n<title>Kimono de competici\u00f3n de k\u00e1rate (Tokaido) - Karategi Kata Master Athletic<\/title>\n<meta name=\"description\" content=\"El karategi Kata Master Athletic ha sido dise\u00f1ado espec\u00edficamente para especialistas en kata. Kimono de k\u00e1rate homologado por la WKF.\" \/>\n<meta name=\"robots\" content=\"index, follow, max-snippet:-1, max-image-preview:large, max-video-preview:-1\" \/>\n<link rel=\"canonical\" href=\"https:\/\/www.daisho.be\/es\/produit\/karategi-tokaido-kata-maestro-atletico-wkf\/\" \/>\n<meta property=\"og:locale\" content=\"es_ES\" \/>\n<meta property=\"og:type\" content=\"article\" \/>\n<meta property=\"og:title\" content=\"Kimono de competici\u00f3n de k\u00e1rate (Tokaido) - Karategi Kata Master Athletic\" \/>\n<meta property=\"og:description\" content=\"El karategi Kata Master Athletic ha sido dise\u00f1ado espec\u00edficamente para especialistas en kata. Kimono de k\u00e1rate homologado por la WKF.\" \/>\n<meta property=\"og:url\" content=\"https:\/\/www.daisho.be\/es\/produit\/karategi-tokaido-kata-maestro-atletico-wkf\/\" \/>\n<meta property=\"og:site_name\" content=\"Daisho\" \/>\n<meta property=\"article:modified_time\" content=\"2025-10-09T08:06:52+00:00\" \/>\n<meta property=\"og:image\" content=\"https:\/\/www.daisho.be\/wp-content\/uploads\/2024\/06\/image-36.jpg\" \/>\n\t<meta property=\"og:image:width\" content=\"800\" \/>\n\t<meta property=\"og:image:height\" content=\"1280\" \/>\n\t<meta property=\"og:image:type\" content=\"image\/jpeg\" \/>\n<meta name=\"twitter:card\" content=\"summary_large_image\" \/>\n<meta name=\"twitter:label1\" content=\"Tiempo de lectura\" \/>\n\t<meta name=\"twitter:data1\" content=\"2 minutos\" \/>\n<script type=\"application\/ld+json\" class=\"yoast-schema-graph\">{\"@context\":\"https:\/\/schema.org\",\"@graph\":[{\"@type\":\"WebPage\",\"@id\":\"https:\/\/www.daisho.be\/es\/produit\/karategi-tokaido-kata-maestro-atletico-wkf\/\",\"url\":\"https:\/\/www.daisho.be\/es\/produit\/karategi-tokaido-kata-maestro-atletico-wkf\/\",\"name\":\"Kimono de competici\u00f3n de k\u00e1rate (Tokaido) - Karategi Kata Master Athletic\",\"isPartOf\":{\"@id\":\"https:\/\/www.daisho.be\/es\/#website\"},\"primaryImageOfPage\":{\"@id\":\"https:\/\/www.daisho.be\/es\/produit\/karategi-tokaido-kata-maestro-atletico-wkf\/#primaryimage\"},\"image\":{\"@id\":\"https:\/\/www.daisho.be\/es\/produit\/karategi-tokaido-kata-maestro-atletico-wkf\/#primaryimage\"},\"thumbnailUrl\":\"https:\/\/www.daisho.be\/wp-content\/uploads\/2024\/06\/image-36.jpg\",\"datePublished\":\"2019-09-16T07:55:32+00:00\",\"dateModified\":\"2025-10-09T08:06:52+00:00\",\"description\":\"El karategi Kata Master Athletic ha sido dise\u00f1ado espec\u00edficamente para especialistas en kata. Kimono de k\u00e1rate homologado por la WKF.\",\"breadcrumb\":{\"@id\":\"https:\/\/www.daisho.be\/es\/produit\/karategi-tokaido-kata-maestro-atletico-wkf\/#breadcrumb\"},\"inLanguage\":\"es\",\"potentialAction\":[{\"@type\":\"ReadAction\",\"target\":[\"https:\/\/www.daisho.be\/es\/produit\/karategi-tokaido-kata-maestro-atletico-wkf\/\"]}]},{\"@type\":\"ImageObject\",\"inLanguage\":\"es\",\"@id\":\"https:\/\/www.daisho.be\/es\/produit\/karategi-tokaido-kata-maestro-atletico-wkf\/#primaryimage\",\"url\":\"https:\/\/www.daisho.be\/wp-content\/uploads\/2024\/06\/image-36.jpg\",\"contentUrl\":\"https:\/\/www.daisho.be\/wp-content\/uploads\/2024\/06\/image-36.jpg\",\"width\":800,\"height\":1280,\"caption\":\"KARATEGI TOKAIDO KATA MAESTRO ATL\u00c9TICO - WKF-1\"},{\"@type\":\"BreadcrumbList\",\"@id\":\"https:\/\/www.daisho.be\/es\/produit\/karategi-tokaido-kata-maestro-atletico-wkf\/#breadcrumb\",\"itemListElement\":[{\"@type\":\"ListItem\",\"position\":1,\"name\":\"Accueil\",\"item\":\"https:\/\/www.daisho.be\/es\/\"},{\"@type\":\"ListItem\",\"position\":2,\"name\":\"Productos\",\"item\":\"https:\/\/www.daisho.be\/es\/productos\/\"},{\"@type\":\"ListItem\",\"position\":3,\"name\":\"Equipamiento y ropa para artes marciales y deportes de combate\",\"item\":\"https:\/\/www.daisho.be\/es\/categorie-produit\/equipamiento-y-ropa-para-artes-marciales-y-deportes-de-combate\/\"},{\"@type\":\"ListItem\",\"position\":4,\"name\":\"Karate\",\"item\":\"https:\/\/www.daisho.be\/es\/categorie-produit\/equipamiento-y-ropa-para-artes-marciales-y-deportes-de-combate\/karate-es-2\/\"},{\"@type\":\"ListItem\",\"position\":5,\"name\":\"Kimonos de k\u00e1rate\",\"item\":\"https:\/\/www.daisho.be\/es\/categorie-produit\/equipamiento-y-ropa-para-artes-marciales-y-deportes-de-combate\/karate-es-2\/kimonos-de-karate\/\"},{\"@type\":\"ListItem\",\"position\":6,\"name\":\"KARATEGI TOKAIDO KATA MAESTRO ATL\u00c9TICO &#8211; WKF\"}]},{\"@type\":\"WebSite\",\"@id\":\"https:\/\/www.daisho.be\/es\/#website\",\"url\":\"https:\/\/www.daisho.be\/es\/\",\"name\":\"Daisho\",\"description\":\"Sp&eacute;cialiste de l'&eacute;quipement sportif d'arts martiaux\",\"publisher\":{\"@id\":\"https:\/\/www.daisho.be\/es\/#organization\"},\"potentialAction\":[{\"@type\":\"SearchAction\",\"target\":{\"@type\":\"EntryPoint\",\"urlTemplate\":\"https:\/\/www.daisho.be\/es\/?s={search_term_string}\"},\"query-input\":{\"@type\":\"PropertyValueSpecification\",\"valueRequired\":true,\"valueName\":\"search_term_string\"}}],\"inLanguage\":\"es\"},{\"@type\":\"Organization\",\"@id\":\"https:\/\/www.daisho.be\/es\/#organization\",\"name\":\"Daisho\",\"url\":\"https:\/\/www.daisho.be\/es\/\",\"logo\":{\"@type\":\"ImageObject\",\"inLanguage\":\"es\",\"@id\":\"https:\/\/www.daisho.be\/es\/#\/schema\/logo\/image\/\",\"url\":\"https:\/\/www.daisho.be\/wp-content\/uploads\/2019\/07\/color-nothing-horizontale4x-e1564486100247.png\",\"contentUrl\":\"https:\/\/www.daisho.be\/wp-content\/uploads\/2019\/07\/color-nothing-horizontale4x-e1564486100247.png\",\"width\":1547,\"height\":385,\"caption\":\"Daisho\"},\"image\":{\"@id\":\"https:\/\/www.daisho.be\/es\/#\/schema\/logo\/image\/\"}}]}<\/script>\n<!-- \/ Yoast SEO plugin. -->","yoast_head_json":{"title":"Kimono de competici\u00f3n de k\u00e1rate (Tokaido) - Karategi Kata Master Athletic","description":"El karategi Kata Master Athletic ha sido dise\u00f1ado espec\u00edficamente para especialistas en kata. Kimono de k\u00e1rate homologado por la WKF.","robots":{"index":"index","follow":"follow","max-snippet":"max-snippet:-1","max-image-preview":"max-image-preview:large","max-video-preview":"max-video-preview:-1"},"canonical":"https:\/\/www.daisho.be\/es\/produit\/karategi-tokaido-kata-maestro-atletico-wkf\/","og_locale":"es_ES","og_type":"article","og_title":"Kimono de competici\u00f3n de k\u00e1rate (Tokaido) - Karategi Kata Master Athletic","og_description":"El karategi Kata Master Athletic ha sido dise\u00f1ado espec\u00edficamente para especialistas en kata. Kimono de k\u00e1rate homologado por la WKF.","og_url":"https:\/\/www.daisho.be\/es\/produit\/karategi-tokaido-kata-maestro-atletico-wkf\/","og_site_name":"Daisho","article_modified_time":"2025-10-09T08:06:52+00:00","og_image":[{"width":800,"height":1280,"url":"https:\/\/www.daisho.be\/wp-content\/uploads\/2024\/06\/image-36.jpg","type":"image\/jpeg"}],"twitter_card":"summary_large_image","twitter_misc":{"Tiempo de lectura":"2 minutos"},"schema":{"@context":"https:\/\/schema.org","@graph":[{"@type":"WebPage","@id":"https:\/\/www.daisho.be\/es\/produit\/karategi-tokaido-kata-maestro-atletico-wkf\/","url":"https:\/\/www.daisho.be\/es\/produit\/karategi-tokaido-kata-maestro-atletico-wkf\/","name":"Kimono de competici\u00f3n de k\u00e1rate (Tokaido) - Karategi Kata Master Athletic","isPartOf":{"@id":"https:\/\/www.daisho.be\/es\/#website"},"primaryImageOfPage":{"@id":"https:\/\/www.daisho.be\/es\/produit\/karategi-tokaido-kata-maestro-atletico-wkf\/#primaryimage"},"image":{"@id":"https:\/\/www.daisho.be\/es\/produit\/karategi-tokaido-kata-maestro-atletico-wkf\/#primaryimage"},"thumbnailUrl":"https:\/\/www.daisho.be\/wp-content\/uploads\/2024\/06\/image-36.jpg","datePublished":"2019-09-16T07:55:32+00:00","dateModified":"2025-10-09T08:06:52+00:00","description":"El karategi Kata Master Athletic ha sido dise\u00f1ado espec\u00edficamente para especialistas en kata. Kimono de k\u00e1rate homologado por la WKF.","breadcrumb":{"@id":"https:\/\/www.daisho.be\/es\/produit\/karategi-tokaido-kata-maestro-atletico-wkf\/#breadcrumb"},"inLanguage":"es","potentialAction":[{"@type":"ReadAction","target":["https:\/\/www.daisho.be\/es\/produit\/karategi-tokaido-kata-maestro-atletico-wkf\/"]}]},{"@type":"ImageObject","inLanguage":"es","@id":"https:\/\/www.daisho.be\/es\/produit\/karategi-tokaido-kata-maestro-atletico-wkf\/#primaryimage","url":"https:\/\/www.daisho.be\/wp-content\/uploads\/2024\/06\/image-36.jpg","contentUrl":"https:\/\/www.daisho.be\/wp-content\/uploads\/2024\/06\/image-36.jpg","width":800,"height":1280,"caption":"KARATEGI TOKAIDO KATA MAESTRO ATL\u00c9TICO - WKF-1"},{"@type":"BreadcrumbList","@id":"https:\/\/www.daisho.be\/es\/produit\/karategi-tokaido-kata-maestro-atletico-wkf\/#breadcrumb","itemListElement":[{"@type":"ListItem","position":1,"name":"Accueil","item":"https:\/\/www.daisho.be\/es\/"},{"@type":"ListItem","position":2,"name":"Productos","item":"https:\/\/www.daisho.be\/es\/productos\/"},{"@type":"ListItem","position":3,"name":"Equipamiento y ropa para artes marciales y deportes de combate","item":"https:\/\/www.daisho.be\/es\/categorie-produit\/equipamiento-y-ropa-para-artes-marciales-y-deportes-de-combate\/"},{"@type":"ListItem","position":4,"name":"Karate","item":"https:\/\/www.daisho.be\/es\/categorie-produit\/equipamiento-y-ropa-para-artes-marciales-y-deportes-de-combate\/karate-es-2\/"},{"@type":"ListItem","position":5,"name":"Kimonos de k\u00e1rate","item":"https:\/\/www.daisho.be\/es\/categorie-produit\/equipamiento-y-ropa-para-artes-marciales-y-deportes-de-combate\/karate-es-2\/kimonos-de-karate\/"},{"@type":"ListItem","position":6,"name":"KARATEGI TOKAIDO KATA MAESTRO ATL\u00c9TICO &#8211; WKF"}]},{"@type":"WebSite","@id":"https:\/\/www.daisho.be\/es\/#website","url":"https:\/\/www.daisho.be\/es\/","name":"Daisho","description":"Sp&eacute;cialiste de l'&eacute;quipement sportif d'arts martiaux","publisher":{"@id":"https:\/\/www.daisho.be\/es\/#organization"},"potentialAction":[{"@type":"SearchAction","target":{"@type":"EntryPoint","urlTemplate":"https:\/\/www.daisho.be\/es\/?s={search_term_string}"},"query-input":{"@type":"PropertyValueSpecification","valueRequired":true,"valueName":"search_term_string"}}],"inLanguage":"es"},{"@type":"Organization","@id":"https:\/\/www.daisho.be\/es\/#organization","name":"Daisho","url":"https:\/\/www.daisho.be\/es\/","logo":{"@type":"ImageObject","inLanguage":"es","@id":"https:\/\/www.daisho.be\/es\/#\/schema\/logo\/image\/","url":"https:\/\/www.daisho.be\/wp-content\/uploads\/2019\/07\/color-nothing-horizontale4x-e1564486100247.png","contentUrl":"https:\/\/www.daisho.be\/wp-content\/uploads\/2019\/07\/color-nothing-horizontale4x-e1564486100247.png","width":1547,"height":385,"caption":"Daisho"},"image":{"@id":"https:\/\/www.daisho.be\/es\/#\/schema\/logo\/image\/"}}]}},"_links":{"self":[{"href":"https:\/\/www.daisho.be\/es\/wp-json\/wp\/v2\/product\/342068","targetHints":{"allow":["GET"]}}],"collection":[{"href":"https:\/\/www.daisho.be\/es\/wp-json\/wp\/v2\/product"}],"about":[{"href":"https:\/\/www.daisho.be\/es\/wp-json\/wp\/v2\/types\/product"}],"replies":[{"embeddable":true,"href":"https:\/\/www.daisho.be\/es\/wp-json\/wp\/v2\/comments?post=342068"}],"wp:featuredmedia":[{"embeddable":true,"href":"https:\/\/www.daisho.be\/es\/wp-json\/wp\/v2\/media\/416738"}],"wp:attachment":[{"href":"https:\/\/www.daisho.be\/es\/wp-json\/wp\/v2\/media?parent=342068"}],"wp:term":[{"taxonomy":"product_brand","embeddable":true,"href":"https:\/\/www.daisho.be\/es\/wp-json\/wp\/v2\/product_brand?post=342068"},{"taxonomy":"product_cat","embeddable":true,"href":"https:\/\/www.daisho.be\/es\/wp-json\/wp\/v2\/product_cat?post=342068"},{"taxonomy":"product_tag","embeddable":true,"href":"https:\/\/www.daisho.be\/es\/wp-json\/wp\/v2\/product_tag?post=342068"},{"taxonomy":"sport","embeddable":true,"href":"https:\/\/www.daisho.be\/es\/wp-json\/wp\/v2\/sport?post=342068"}],"curies":[{"name":"wp","href":"https:\/\/api.w.org\/{rel}","templated":true}]}}