{"id":341990,"date":"2019-09-16T09:56:02","date_gmt":"2019-09-16T07:56:02","guid":{"rendered":"https:\/\/www.daisho.be\/produit\/maestro-de-kata-tokaido-karategi-wkf\/"},"modified":"2025-10-09T10:07:18","modified_gmt":"2025-10-09T08:07:18","slug":"maestro-de-kata-tokaido-karategi-wkf","status":"publish","type":"product","link":"https:\/\/www.daisho.be\/es\/produit\/maestro-de-kata-tokaido-karategi-wkf\/","title":{"rendered":"MAESTRO DE KATA TOKAIDO KARATEGI &#8211; WKF"},"content":{"rendered":"<p>El Karategi Kata Master WKF Approved ha sido especialmente desarrollado para kata.<br \/>\nAdecuado tanto para el entrenamiento como para la competici\u00f3n. La tecnolog\u00eda Ultimate-Sound de este extraordinario traje de k\u00e1rate (kimono) garantiza que los movimientos del luchador est\u00e9n respaldados por un sonido impresionante.<\/p>\n<p>Caracter\u00edsticas: &#8211; Logotipo Tokaido en el pecho y el cuello, &#8211; Tejido suave, &#8211; Interior de la chaqueta cepillado, &#8211; Pantal\u00f3n con cintura de cord\u00f3n, &#8211; M\u00faltiples costuras reforzadas, &#8211; Material: 100% algod\u00f3n, +\/- 12 onzas, &#8211; \u00cdndice de encogimiento: m\u00e1x. 5%. <\/p>\n<p><span style=\"display: flex;align-items: flex-start\"><br \/>\n    <img loading=\"lazy\" decoding=\"async\" class=\"alignleft\" src=\"https:\/\/www.daisho.be\/wp-content\/uploads\/2019\/09\/kata-cut.png\" alt=\"\" width=\"108\" height=\"120\"><br \/>\n    <img loading=\"lazy\" decoding=\"async\" class=\"alignleft\" src=\"https:\/\/www.daisho.be\/wp-content\/uploads\/2024\/10\/w-k-f-logo.png\" alt=\"\" width=\"108\" height=\"120\"><br \/>\n    <img loading=\"lazy\" decoding=\"async\" class=\"alignleft\" src=\"https:\/\/www.daisho.be\/wp-content\/uploads\/2019\/09\/embroidery.png\" alt=\"\" width=\"108\" height=\"120\"><br \/>\n   <img loading=\"lazy\" decoding=\"async\" class=\"alignleft\" src=\"https:\/\/www.daisho.be\/wp-content\/uploads\/2019\/09\/cotton.png\" alt=\"\" width=\"108\" height=\"120\"><br \/>\n<\/span><\/p>\n","protected":false},"excerpt":{"rendered":"<p>El Karategi Kata Master WKF Approved ha sido especialmente desarrollado para kata. Adecuado tanto para el entrenamiento como para la competici\u00f3n. La tecnolog\u00eda Ultimate-Sound de este extraordinario traje de k\u00e1rate (kimono) garantiza que los movimientos del luchador est\u00e9n respaldados por un sonido impresionante. Caracter\u00edsticas: &#8211; Logotipo Tokaido en el pecho y el cuello, &#8211; Tejido [&hellip;]<\/p>\n","protected":false},"featured_media":416630,"comment_status":"closed","ping_status":"closed","template":"","meta":{"inline_featured_image":false},"product_brand":[],"product_cat":[1314,1311],"product_tag":[1306],"sport":[73],"class_list":{"0":"post-341990","1":"product","2":"type-product","3":"status-publish","4":"has-post-thumbnail","6":"product_cat-kimonos-de-karate","7":"product_cat-trajes-kimonos","8":"product_tag-tokaido-es","9":"pa_size-373","10":"pa_size-381","11":"pa_size-380","12":"pa_size-388","13":"pa_size-379","14":"pa_size-387","15":"pa_size-378","16":"pa_size-386","17":"pa_size-377","18":"pa_size-385","19":"pa_size-376","20":"pa_size-384","21":"pa_size-383","22":"sport-karate","24":"first","25":"instock","26":"taxable","27":"shipping-taxable","28":"purchasable","29":"product-type-variable"},"yoast_head":"<!-- This site is optimized with the Yoast SEO plugin v27.2 - https:\/\/yoast.com\/product\/yoast-seo-wordpress\/ -->\n<title>Kimono de k\u00e1rate desarrollado para kata (Tokaido) - Karategi Master WKF<\/title>\n<meta name=\"description\" content=\"Karategi espec\u00edfico para el entrenamiento y las competiciones de kata. P\u00eddalo en nuestra tienda en l\u00ednea. \u2713 Logo Tokaido\" \/>\n<meta name=\"robots\" content=\"index, follow, max-snippet:-1, max-image-preview:large, max-video-preview:-1\" \/>\n<link rel=\"canonical\" href=\"https:\/\/www.daisho.be\/es\/produit\/maestro-de-kata-tokaido-karategi-wkf\/\" \/>\n<meta property=\"og:locale\" content=\"es_ES\" \/>\n<meta property=\"og:type\" content=\"article\" \/>\n<meta property=\"og:title\" content=\"Kimono de k\u00e1rate desarrollado para kata (Tokaido) - Karategi Master WKF\" \/>\n<meta property=\"og:description\" content=\"Karategi espec\u00edfico para el entrenamiento y las competiciones de kata. P\u00eddalo en nuestra tienda en l\u00ednea. \u2713 Logo Tokaido\" \/>\n<meta property=\"og:url\" content=\"https:\/\/www.daisho.be\/es\/produit\/maestro-de-kata-tokaido-karategi-wkf\/\" \/>\n<meta property=\"og:site_name\" content=\"Daisho\" \/>\n<meta property=\"article:modified_time\" content=\"2025-10-09T08:07:18+00:00\" \/>\n<meta property=\"og:image\" content=\"https:\/\/www.daisho.be\/wp-content\/uploads\/2024\/06\/image-26.jpg\" \/>\n\t<meta property=\"og:image:width\" content=\"800\" \/>\n\t<meta property=\"og:image:height\" content=\"1280\" \/>\n\t<meta property=\"og:image:type\" content=\"image\/jpeg\" \/>\n<meta name=\"twitter:card\" content=\"summary_large_image\" \/>\n<script type=\"application\/ld+json\" class=\"yoast-schema-graph\">{\"@context\":\"https:\/\/schema.org\",\"@graph\":[{\"@type\":\"WebPage\",\"@id\":\"https:\/\/www.daisho.be\/es\/produit\/maestro-de-kata-tokaido-karategi-wkf\/\",\"url\":\"https:\/\/www.daisho.be\/es\/produit\/maestro-de-kata-tokaido-karategi-wkf\/\",\"name\":\"Kimono de k\u00e1rate desarrollado para kata (Tokaido) - Karategi Master WKF\",\"isPartOf\":{\"@id\":\"https:\/\/www.daisho.be\/es\/#website\"},\"primaryImageOfPage\":{\"@id\":\"https:\/\/www.daisho.be\/es\/produit\/maestro-de-kata-tokaido-karategi-wkf\/#primaryimage\"},\"image\":{\"@id\":\"https:\/\/www.daisho.be\/es\/produit\/maestro-de-kata-tokaido-karategi-wkf\/#primaryimage\"},\"thumbnailUrl\":\"https:\/\/www.daisho.be\/wp-content\/uploads\/2024\/06\/image-26.jpg\",\"datePublished\":\"2019-09-16T07:56:02+00:00\",\"dateModified\":\"2025-10-09T08:07:18+00:00\",\"description\":\"Karategi espec\u00edfico para el entrenamiento y las competiciones de kata. P\u00eddalo en nuestra tienda en l\u00ednea. \u2713 Logo Tokaido\",\"breadcrumb\":{\"@id\":\"https:\/\/www.daisho.be\/es\/produit\/maestro-de-kata-tokaido-karategi-wkf\/#breadcrumb\"},\"inLanguage\":\"es\",\"potentialAction\":[{\"@type\":\"ReadAction\",\"target\":[\"https:\/\/www.daisho.be\/es\/produit\/maestro-de-kata-tokaido-karategi-wkf\/\"]}]},{\"@type\":\"ImageObject\",\"inLanguage\":\"es\",\"@id\":\"https:\/\/www.daisho.be\/es\/produit\/maestro-de-kata-tokaido-karategi-wkf\/#primaryimage\",\"url\":\"https:\/\/www.daisho.be\/wp-content\/uploads\/2024\/06\/image-26.jpg\",\"contentUrl\":\"https:\/\/www.daisho.be\/wp-content\/uploads\/2024\/06\/image-26.jpg\",\"width\":800,\"height\":1280,\"caption\":\"MAESTRO DE KATA TOKAIDO KARATEGI - WKF-1\"},{\"@type\":\"BreadcrumbList\",\"@id\":\"https:\/\/www.daisho.be\/es\/produit\/maestro-de-kata-tokaido-karategi-wkf\/#breadcrumb\",\"itemListElement\":[{\"@type\":\"ListItem\",\"position\":1,\"name\":\"Accueil\",\"item\":\"https:\/\/www.daisho.be\/es\/\"},{\"@type\":\"ListItem\",\"position\":2,\"name\":\"Productos\",\"item\":\"https:\/\/www.daisho.be\/es\/productos\/\"},{\"@type\":\"ListItem\",\"position\":3,\"name\":\"Equipamiento y ropa para artes marciales y deportes de combate\",\"item\":\"https:\/\/www.daisho.be\/es\/categorie-produit\/equipamiento-y-ropa-para-artes-marciales-y-deportes-de-combate\/\"},{\"@type\":\"ListItem\",\"position\":4,\"name\":\"Karate\",\"item\":\"https:\/\/www.daisho.be\/es\/categorie-produit\/equipamiento-y-ropa-para-artes-marciales-y-deportes-de-combate\/karate-es-2\/\"},{\"@type\":\"ListItem\",\"position\":5,\"name\":\"Kimonos de k\u00e1rate\",\"item\":\"https:\/\/www.daisho.be\/es\/categorie-produit\/equipamiento-y-ropa-para-artes-marciales-y-deportes-de-combate\/karate-es-2\/kimonos-de-karate\/\"},{\"@type\":\"ListItem\",\"position\":6,\"name\":\"MAESTRO DE KATA TOKAIDO KARATEGI &#8211; WKF\"}]},{\"@type\":\"WebSite\",\"@id\":\"https:\/\/www.daisho.be\/es\/#website\",\"url\":\"https:\/\/www.daisho.be\/es\/\",\"name\":\"Daisho\",\"description\":\"Sp&eacute;cialiste de l'&eacute;quipement sportif d'arts martiaux\",\"publisher\":{\"@id\":\"https:\/\/www.daisho.be\/es\/#organization\"},\"potentialAction\":[{\"@type\":\"SearchAction\",\"target\":{\"@type\":\"EntryPoint\",\"urlTemplate\":\"https:\/\/www.daisho.be\/es\/?s={search_term_string}\"},\"query-input\":{\"@type\":\"PropertyValueSpecification\",\"valueRequired\":true,\"valueName\":\"search_term_string\"}}],\"inLanguage\":\"es\"},{\"@type\":\"Organization\",\"@id\":\"https:\/\/www.daisho.be\/es\/#organization\",\"name\":\"Daisho\",\"url\":\"https:\/\/www.daisho.be\/es\/\",\"logo\":{\"@type\":\"ImageObject\",\"inLanguage\":\"es\",\"@id\":\"https:\/\/www.daisho.be\/es\/#\/schema\/logo\/image\/\",\"url\":\"https:\/\/www.daisho.be\/wp-content\/uploads\/2019\/07\/color-nothing-horizontale4x-e1564486100247.png\",\"contentUrl\":\"https:\/\/www.daisho.be\/wp-content\/uploads\/2019\/07\/color-nothing-horizontale4x-e1564486100247.png\",\"width\":1547,\"height\":385,\"caption\":\"Daisho\"},\"image\":{\"@id\":\"https:\/\/www.daisho.be\/es\/#\/schema\/logo\/image\/\"}}]}<\/script>\n<!-- \/ Yoast SEO plugin. -->","yoast_head_json":{"title":"Kimono de k\u00e1rate desarrollado para kata (Tokaido) - Karategi Master WKF","description":"Karategi espec\u00edfico para el entrenamiento y las competiciones de kata. P\u00eddalo en nuestra tienda en l\u00ednea. \u2713 Logo Tokaido","robots":{"index":"index","follow":"follow","max-snippet":"max-snippet:-1","max-image-preview":"max-image-preview:large","max-video-preview":"max-video-preview:-1"},"canonical":"https:\/\/www.daisho.be\/es\/produit\/maestro-de-kata-tokaido-karategi-wkf\/","og_locale":"es_ES","og_type":"article","og_title":"Kimono de k\u00e1rate desarrollado para kata (Tokaido) - Karategi Master WKF","og_description":"Karategi espec\u00edfico para el entrenamiento y las competiciones de kata. P\u00eddalo en nuestra tienda en l\u00ednea. \u2713 Logo Tokaido","og_url":"https:\/\/www.daisho.be\/es\/produit\/maestro-de-kata-tokaido-karategi-wkf\/","og_site_name":"Daisho","article_modified_time":"2025-10-09T08:07:18+00:00","og_image":[{"width":800,"height":1280,"url":"https:\/\/www.daisho.be\/wp-content\/uploads\/2024\/06\/image-26.jpg","type":"image\/jpeg"}],"twitter_card":"summary_large_image","schema":{"@context":"https:\/\/schema.org","@graph":[{"@type":"WebPage","@id":"https:\/\/www.daisho.be\/es\/produit\/maestro-de-kata-tokaido-karategi-wkf\/","url":"https:\/\/www.daisho.be\/es\/produit\/maestro-de-kata-tokaido-karategi-wkf\/","name":"Kimono de k\u00e1rate desarrollado para kata (Tokaido) - Karategi Master WKF","isPartOf":{"@id":"https:\/\/www.daisho.be\/es\/#website"},"primaryImageOfPage":{"@id":"https:\/\/www.daisho.be\/es\/produit\/maestro-de-kata-tokaido-karategi-wkf\/#primaryimage"},"image":{"@id":"https:\/\/www.daisho.be\/es\/produit\/maestro-de-kata-tokaido-karategi-wkf\/#primaryimage"},"thumbnailUrl":"https:\/\/www.daisho.be\/wp-content\/uploads\/2024\/06\/image-26.jpg","datePublished":"2019-09-16T07:56:02+00:00","dateModified":"2025-10-09T08:07:18+00:00","description":"Karategi espec\u00edfico para el entrenamiento y las competiciones de kata. P\u00eddalo en nuestra tienda en l\u00ednea. \u2713 Logo Tokaido","breadcrumb":{"@id":"https:\/\/www.daisho.be\/es\/produit\/maestro-de-kata-tokaido-karategi-wkf\/#breadcrumb"},"inLanguage":"es","potentialAction":[{"@type":"ReadAction","target":["https:\/\/www.daisho.be\/es\/produit\/maestro-de-kata-tokaido-karategi-wkf\/"]}]},{"@type":"ImageObject","inLanguage":"es","@id":"https:\/\/www.daisho.be\/es\/produit\/maestro-de-kata-tokaido-karategi-wkf\/#primaryimage","url":"https:\/\/www.daisho.be\/wp-content\/uploads\/2024\/06\/image-26.jpg","contentUrl":"https:\/\/www.daisho.be\/wp-content\/uploads\/2024\/06\/image-26.jpg","width":800,"height":1280,"caption":"MAESTRO DE KATA TOKAIDO KARATEGI - WKF-1"},{"@type":"BreadcrumbList","@id":"https:\/\/www.daisho.be\/es\/produit\/maestro-de-kata-tokaido-karategi-wkf\/#breadcrumb","itemListElement":[{"@type":"ListItem","position":1,"name":"Accueil","item":"https:\/\/www.daisho.be\/es\/"},{"@type":"ListItem","position":2,"name":"Productos","item":"https:\/\/www.daisho.be\/es\/productos\/"},{"@type":"ListItem","position":3,"name":"Equipamiento y ropa para artes marciales y deportes de combate","item":"https:\/\/www.daisho.be\/es\/categorie-produit\/equipamiento-y-ropa-para-artes-marciales-y-deportes-de-combate\/"},{"@type":"ListItem","position":4,"name":"Karate","item":"https:\/\/www.daisho.be\/es\/categorie-produit\/equipamiento-y-ropa-para-artes-marciales-y-deportes-de-combate\/karate-es-2\/"},{"@type":"ListItem","position":5,"name":"Kimonos de k\u00e1rate","item":"https:\/\/www.daisho.be\/es\/categorie-produit\/equipamiento-y-ropa-para-artes-marciales-y-deportes-de-combate\/karate-es-2\/kimonos-de-karate\/"},{"@type":"ListItem","position":6,"name":"MAESTRO DE KATA TOKAIDO KARATEGI &#8211; WKF"}]},{"@type":"WebSite","@id":"https:\/\/www.daisho.be\/es\/#website","url":"https:\/\/www.daisho.be\/es\/","name":"Daisho","description":"Sp&eacute;cialiste de l'&eacute;quipement sportif d'arts martiaux","publisher":{"@id":"https:\/\/www.daisho.be\/es\/#organization"},"potentialAction":[{"@type":"SearchAction","target":{"@type":"EntryPoint","urlTemplate":"https:\/\/www.daisho.be\/es\/?s={search_term_string}"},"query-input":{"@type":"PropertyValueSpecification","valueRequired":true,"valueName":"search_term_string"}}],"inLanguage":"es"},{"@type":"Organization","@id":"https:\/\/www.daisho.be\/es\/#organization","name":"Daisho","url":"https:\/\/www.daisho.be\/es\/","logo":{"@type":"ImageObject","inLanguage":"es","@id":"https:\/\/www.daisho.be\/es\/#\/schema\/logo\/image\/","url":"https:\/\/www.daisho.be\/wp-content\/uploads\/2019\/07\/color-nothing-horizontale4x-e1564486100247.png","contentUrl":"https:\/\/www.daisho.be\/wp-content\/uploads\/2019\/07\/color-nothing-horizontale4x-e1564486100247.png","width":1547,"height":385,"caption":"Daisho"},"image":{"@id":"https:\/\/www.daisho.be\/es\/#\/schema\/logo\/image\/"}}]}},"_links":{"self":[{"href":"https:\/\/www.daisho.be\/es\/wp-json\/wp\/v2\/product\/341990","targetHints":{"allow":["GET"]}}],"collection":[{"href":"https:\/\/www.daisho.be\/es\/wp-json\/wp\/v2\/product"}],"about":[{"href":"https:\/\/www.daisho.be\/es\/wp-json\/wp\/v2\/types\/product"}],"replies":[{"embeddable":true,"href":"https:\/\/www.daisho.be\/es\/wp-json\/wp\/v2\/comments?post=341990"}],"wp:featuredmedia":[{"embeddable":true,"href":"https:\/\/www.daisho.be\/es\/wp-json\/wp\/v2\/media\/416630"}],"wp:attachment":[{"href":"https:\/\/www.daisho.be\/es\/wp-json\/wp\/v2\/media?parent=341990"}],"wp:term":[{"taxonomy":"product_brand","embeddable":true,"href":"https:\/\/www.daisho.be\/es\/wp-json\/wp\/v2\/product_brand?post=341990"},{"taxonomy":"product_cat","embeddable":true,"href":"https:\/\/www.daisho.be\/es\/wp-json\/wp\/v2\/product_cat?post=341990"},{"taxonomy":"product_tag","embeddable":true,"href":"https:\/\/www.daisho.be\/es\/wp-json\/wp\/v2\/product_tag?post=341990"},{"taxonomy":"sport","embeddable":true,"href":"https:\/\/www.daisho.be\/es\/wp-json\/wp\/v2\/sport?post=341990"}],"curies":[{"name":"wp","href":"https:\/\/api.w.org\/{rel}","templated":true}]}}