{"id":341977,"date":"2019-09-16T08:47:50","date_gmt":"2019-09-16T06:47:50","guid":{"rendered":"https:\/\/www.daisho.be\/produit\/concurso-tatami-i-tis\/"},"modified":"2026-04-15T00:13:49","modified_gmt":"2026-04-14T22:13:49","slug":"concurso-tatami-i-tis","status":"publish","type":"product","link":"https:\/\/www.daisho.be\/es\/produit\/concurso-tatami-i-tis\/","title":{"rendered":"CONCURSO Tatami I-TIS"},"content":{"rendered":"<p>El nuevo tatami de judo I-TIS de ProGame Tatami by Trocellen es un producto sin precedentes, resultado de la evoluci\u00f3n del anterior concepto TIS. El tatami de judo I-TIS es innovador y revolucionario en cada una de sus caracter\u00edsticas.<br \/>\nHomologado por la Federaci\u00f3n Internacional de Judo, ha sido reconocido como un producto apto para todo tipo de competiciones: desde torneos regionales hasta el torneo ol\u00edmpico.<br \/>\nSu sistema patentado de enganche invisible mantiene los tatamis unidos durante el combate: el tatami homologado por la I-TIS IJF es el tatami ideal para todo tipo de actividad.<br \/>\nLa superficie instalada no necesita marcos adicionales. Gracias a su ligereza, es f\u00c3\u00a1cil de instalar, no deja huecos entre los tatamis y, a diferencia de otros tatamis tradicionales, no se mueve. La seguridad que garantiza este tatami y su innovador sistema de enganche invisible lo convierten en el tatami m\u00c3\u00a1s seguro y estable del mercado, ideal para cualquier tipo de evento.<br \/>\nMaterial: espuma de polietileno expandido reticulado unida a PVC gofrado de alta resistencia.<br \/>\nDimensiones: 2000 x 1000 x 50 mm<br \/>\nPeso: 7,7 kg<br \/>\nColores: Amarillo \/ Rojo (seg\u00fan las normas de la FIJ para competiciones)<br \/>\nSeguridad: Norma NF EN 12503.3. Probado conforme a la norma europea EN 12503.3 seg\u00fan la etiqueta de la FIJ.<br \/>\nAccesorios : Los tatamis se suministran con un kit de conexi\u00f3n para permitir la instalaci\u00f3n de las placas y crear una zona completa.    <\/p>\n","protected":false},"excerpt":{"rendered":"<p>El nuevo tatami de judo I-TIS de ProGame Tatami by Trocellen es un producto sin precedentes, resultado de la evoluci\u00f3n del anterior concepto TIS. El tatami de judo I-TIS es innovador y revolucionario en cada una de sus caracter\u00edsticas. Homologado por la Federaci\u00f3n Internacional de Judo, ha sido reconocido como un producto apto para todo [&hellip;]<\/p>\n","protected":false},"featured_media":340680,"comment_status":"closed","ping_status":"closed","template":"","meta":{"inline_featured_image":false},"product_brand":[],"product_cat":[1316,1318,1317,1294],"product_tag":[2552,1290],"sport":[429,74,430,78,431],"class_list":{"0":"post-341977","1":"product","2":"type-product","3":"status-publish","4":"has-post-thumbnail","6":"product_cat-equipos-de-formacion","7":"product_cat-mma-tatamis-es","8":"product_cat-tatamis-de-jiu-jitsu-es","9":"product_cat-tatamis-de-judo-karate-y-taekwondo-artes-marciales","10":"product_tag-cita","11":"product_tag-progame-tatamis-es","12":"product_shipping_class-productos-voluminosos","13":"pa_size-5-cm","14":"sport-aikido","15":"sport-jiu-jitsu","16":"sport-jiu-jitsu-bresilien","17":"sport-judo","18":"sport-mma","20":"first","21":"instock","22":"taxable","23":"shipping-taxable","24":"purchasable","25":"product-type-variable"},"yoast_head":"<!-- This site is optimized with the Yoast SEO plugin v27.2 - https:\/\/yoast.com\/product\/yoast-seo-wordpress\/ -->\n<title>CONCURSO Tatami I-TIS &#8211; Daisho<\/title>\n<meta name=\"description\" content=\"Tatami Judo I-TIS homologado por la FIJ: sistema patentado de fijaci\u00f3n invisible. Ultraestable, ligero y con certificaci\u00f3n EN. Encu\u00e9ntralos en www.daisho.be|Daisho\" \/>\n<meta name=\"robots\" content=\"index, follow, max-snippet:-1, max-image-preview:large, max-video-preview:-1\" \/>\n<link rel=\"canonical\" href=\"https:\/\/www.daisho.be\/es\/produit\/concurso-tatami-i-tis\/\" \/>\n<meta property=\"og:locale\" content=\"es_ES\" \/>\n<meta property=\"og:type\" content=\"article\" \/>\n<meta property=\"og:title\" content=\"CONCURSO Tatami I-TIS &#8211; Daisho\" \/>\n<meta property=\"og:description\" content=\"Tatami Judo I-TIS homologado por la FIJ: sistema patentado de fijaci\u00f3n invisible. Ultraestable, ligero y con certificaci\u00f3n EN. Encu\u00e9ntralos en www.daisho.be|Daisho\" \/>\n<meta property=\"og:url\" content=\"https:\/\/www.daisho.be\/es\/produit\/concurso-tatami-i-tis\/\" \/>\n<meta property=\"og:site_name\" content=\"Daisho\" \/>\n<meta property=\"article:modified_time\" content=\"2026-04-14T22:13:49+00:00\" \/>\n<meta property=\"og:image\" content=\"https:\/\/www.daisho.be\/wp-content\/uploads\/2024\/01\/image-162-scaled.jpg\" \/>\n\t<meta property=\"og:image:width\" content=\"2048\" \/>\n\t<meta property=\"og:image:height\" content=\"835\" \/>\n\t<meta property=\"og:image:type\" content=\"image\/jpeg\" \/>\n<meta name=\"twitter:card\" content=\"summary_large_image\" \/>\n<meta name=\"twitter:label1\" content=\"Tiempo de lectura\" \/>\n\t<meta name=\"twitter:data1\" content=\"1 minuto\" \/>\n<script type=\"application\/ld+json\" class=\"yoast-schema-graph\">{\"@context\":\"https:\/\/schema.org\",\"@graph\":[{\"@type\":\"WebPage\",\"@id\":\"https:\/\/www.daisho.be\/es\/produit\/concurso-tatami-i-tis\/\",\"url\":\"https:\/\/www.daisho.be\/es\/produit\/concurso-tatami-i-tis\/\",\"name\":\"CONCURSO Tatami I-TIS &#8211; Daisho\",\"isPartOf\":{\"@id\":\"https:\/\/www.daisho.be\/es\/#website\"},\"primaryImageOfPage\":{\"@id\":\"https:\/\/www.daisho.be\/es\/produit\/concurso-tatami-i-tis\/#primaryimage\"},\"image\":{\"@id\":\"https:\/\/www.daisho.be\/es\/produit\/concurso-tatami-i-tis\/#primaryimage\"},\"thumbnailUrl\":\"https:\/\/www.daisho.be\/wp-content\/uploads\/2024\/01\/image-162-scaled.jpg\",\"datePublished\":\"2019-09-16T06:47:50+00:00\",\"dateModified\":\"2026-04-14T22:13:49+00:00\",\"description\":\"Tatami Judo I-TIS homologado por la FIJ: sistema patentado de fijaci\u00f3n invisible. Ultraestable, ligero y con certificaci\u00f3n EN. Encu\u00e9ntralos en www.daisho.be|Daisho\",\"breadcrumb\":{\"@id\":\"https:\/\/www.daisho.be\/es\/produit\/concurso-tatami-i-tis\/#breadcrumb\"},\"inLanguage\":\"es\",\"potentialAction\":[{\"@type\":\"ReadAction\",\"target\":[\"https:\/\/www.daisho.be\/es\/produit\/concurso-tatami-i-tis\/\"]}]},{\"@type\":\"ImageObject\",\"inLanguage\":\"es\",\"@id\":\"https:\/\/www.daisho.be\/es\/produit\/concurso-tatami-i-tis\/#primaryimage\",\"url\":\"https:\/\/www.daisho.be\/wp-content\/uploads\/2024\/01\/image-162-scaled.jpg\",\"contentUrl\":\"https:\/\/www.daisho.be\/wp-content\/uploads\/2024\/01\/image-162-scaled.jpg\",\"width\":2048,\"height\":835,\"caption\":\"Tatami I-TIS CONCURSO-1\"},{\"@type\":\"BreadcrumbList\",\"@id\":\"https:\/\/www.daisho.be\/es\/produit\/concurso-tatami-i-tis\/#breadcrumb\",\"itemListElement\":[{\"@type\":\"ListItem\",\"position\":1,\"name\":\"Accueil\",\"item\":\"https:\/\/www.daisho.be\/es\/\"},{\"@type\":\"ListItem\",\"position\":2,\"name\":\"Productos\",\"item\":\"https:\/\/www.daisho.be\/es\/productos\/\"},{\"@type\":\"ListItem\",\"position\":3,\"name\":\"Equipamiento y ropa para artes marciales y deportes de combate\",\"item\":\"https:\/\/www.daisho.be\/es\/categorie-produit\/equipamiento-y-ropa-para-artes-marciales-y-deportes-de-combate\/\"},{\"@type\":\"ListItem\",\"position\":4,\"name\":\"Judo\",\"item\":\"https:\/\/www.daisho.be\/es\/categorie-produit\/equipamiento-y-ropa-para-artes-marciales-y-deportes-de-combate\/judo-es\/\"},{\"@type\":\"ListItem\",\"position\":5,\"name\":\"Equipos de formaci\u00f3n\",\"item\":\"https:\/\/www.daisho.be\/es\/categorie-produit\/equipamiento-y-ropa-para-artes-marciales-y-deportes-de-combate\/judo-es\/equipos-de-formacion\/\"},{\"@type\":\"ListItem\",\"position\":6,\"name\":\"CONCURSO Tatami I-TIS\"}]},{\"@type\":\"WebSite\",\"@id\":\"https:\/\/www.daisho.be\/es\/#website\",\"url\":\"https:\/\/www.daisho.be\/es\/\",\"name\":\"Daisho\",\"description\":\"Sp&eacute;cialiste de l'&eacute;quipement sportif d'arts martiaux\",\"publisher\":{\"@id\":\"https:\/\/www.daisho.be\/es\/#organization\"},\"potentialAction\":[{\"@type\":\"SearchAction\",\"target\":{\"@type\":\"EntryPoint\",\"urlTemplate\":\"https:\/\/www.daisho.be\/es\/?s={search_term_string}\"},\"query-input\":{\"@type\":\"PropertyValueSpecification\",\"valueRequired\":true,\"valueName\":\"search_term_string\"}}],\"inLanguage\":\"es\"},{\"@type\":\"Organization\",\"@id\":\"https:\/\/www.daisho.be\/es\/#organization\",\"name\":\"Daisho\",\"url\":\"https:\/\/www.daisho.be\/es\/\",\"logo\":{\"@type\":\"ImageObject\",\"inLanguage\":\"es\",\"@id\":\"https:\/\/www.daisho.be\/es\/#\/schema\/logo\/image\/\",\"url\":\"https:\/\/www.daisho.be\/wp-content\/uploads\/2019\/07\/color-nothing-horizontale4x-e1564486100247.png\",\"contentUrl\":\"https:\/\/www.daisho.be\/wp-content\/uploads\/2019\/07\/color-nothing-horizontale4x-e1564486100247.png\",\"width\":1547,\"height\":385,\"caption\":\"Daisho\"},\"image\":{\"@id\":\"https:\/\/www.daisho.be\/es\/#\/schema\/logo\/image\/\"}}]}<\/script>\n<!-- \/ Yoast SEO plugin. -->","yoast_head_json":{"title":"CONCURSO Tatami I-TIS &#8211; Daisho","description":"Tatami Judo I-TIS homologado por la FIJ: sistema patentado de fijaci\u00f3n invisible. Ultraestable, ligero y con certificaci\u00f3n EN. Encu\u00e9ntralos en www.daisho.be|Daisho","robots":{"index":"index","follow":"follow","max-snippet":"max-snippet:-1","max-image-preview":"max-image-preview:large","max-video-preview":"max-video-preview:-1"},"canonical":"https:\/\/www.daisho.be\/es\/produit\/concurso-tatami-i-tis\/","og_locale":"es_ES","og_type":"article","og_title":"CONCURSO Tatami I-TIS &#8211; Daisho","og_description":"Tatami Judo I-TIS homologado por la FIJ: sistema patentado de fijaci\u00f3n invisible. Ultraestable, ligero y con certificaci\u00f3n EN. Encu\u00e9ntralos en www.daisho.be|Daisho","og_url":"https:\/\/www.daisho.be\/es\/produit\/concurso-tatami-i-tis\/","og_site_name":"Daisho","article_modified_time":"2026-04-14T22:13:49+00:00","og_image":[{"width":2048,"height":835,"url":"https:\/\/www.daisho.be\/wp-content\/uploads\/2024\/01\/image-162-scaled.jpg","type":"image\/jpeg"}],"twitter_card":"summary_large_image","twitter_misc":{"Tiempo de lectura":"1 minuto"},"schema":{"@context":"https:\/\/schema.org","@graph":[{"@type":"WebPage","@id":"https:\/\/www.daisho.be\/es\/produit\/concurso-tatami-i-tis\/","url":"https:\/\/www.daisho.be\/es\/produit\/concurso-tatami-i-tis\/","name":"CONCURSO Tatami I-TIS &#8211; Daisho","isPartOf":{"@id":"https:\/\/www.daisho.be\/es\/#website"},"primaryImageOfPage":{"@id":"https:\/\/www.daisho.be\/es\/produit\/concurso-tatami-i-tis\/#primaryimage"},"image":{"@id":"https:\/\/www.daisho.be\/es\/produit\/concurso-tatami-i-tis\/#primaryimage"},"thumbnailUrl":"https:\/\/www.daisho.be\/wp-content\/uploads\/2024\/01\/image-162-scaled.jpg","datePublished":"2019-09-16T06:47:50+00:00","dateModified":"2026-04-14T22:13:49+00:00","description":"Tatami Judo I-TIS homologado por la FIJ: sistema patentado de fijaci\u00f3n invisible. Ultraestable, ligero y con certificaci\u00f3n EN. Encu\u00e9ntralos en www.daisho.be|Daisho","breadcrumb":{"@id":"https:\/\/www.daisho.be\/es\/produit\/concurso-tatami-i-tis\/#breadcrumb"},"inLanguage":"es","potentialAction":[{"@type":"ReadAction","target":["https:\/\/www.daisho.be\/es\/produit\/concurso-tatami-i-tis\/"]}]},{"@type":"ImageObject","inLanguage":"es","@id":"https:\/\/www.daisho.be\/es\/produit\/concurso-tatami-i-tis\/#primaryimage","url":"https:\/\/www.daisho.be\/wp-content\/uploads\/2024\/01\/image-162-scaled.jpg","contentUrl":"https:\/\/www.daisho.be\/wp-content\/uploads\/2024\/01\/image-162-scaled.jpg","width":2048,"height":835,"caption":"Tatami I-TIS CONCURSO-1"},{"@type":"BreadcrumbList","@id":"https:\/\/www.daisho.be\/es\/produit\/concurso-tatami-i-tis\/#breadcrumb","itemListElement":[{"@type":"ListItem","position":1,"name":"Accueil","item":"https:\/\/www.daisho.be\/es\/"},{"@type":"ListItem","position":2,"name":"Productos","item":"https:\/\/www.daisho.be\/es\/productos\/"},{"@type":"ListItem","position":3,"name":"Equipamiento y ropa para artes marciales y deportes de combate","item":"https:\/\/www.daisho.be\/es\/categorie-produit\/equipamiento-y-ropa-para-artes-marciales-y-deportes-de-combate\/"},{"@type":"ListItem","position":4,"name":"Judo","item":"https:\/\/www.daisho.be\/es\/categorie-produit\/equipamiento-y-ropa-para-artes-marciales-y-deportes-de-combate\/judo-es\/"},{"@type":"ListItem","position":5,"name":"Equipos de formaci\u00f3n","item":"https:\/\/www.daisho.be\/es\/categorie-produit\/equipamiento-y-ropa-para-artes-marciales-y-deportes-de-combate\/judo-es\/equipos-de-formacion\/"},{"@type":"ListItem","position":6,"name":"CONCURSO Tatami I-TIS"}]},{"@type":"WebSite","@id":"https:\/\/www.daisho.be\/es\/#website","url":"https:\/\/www.daisho.be\/es\/","name":"Daisho","description":"Sp&eacute;cialiste de l'&eacute;quipement sportif d'arts martiaux","publisher":{"@id":"https:\/\/www.daisho.be\/es\/#organization"},"potentialAction":[{"@type":"SearchAction","target":{"@type":"EntryPoint","urlTemplate":"https:\/\/www.daisho.be\/es\/?s={search_term_string}"},"query-input":{"@type":"PropertyValueSpecification","valueRequired":true,"valueName":"search_term_string"}}],"inLanguage":"es"},{"@type":"Organization","@id":"https:\/\/www.daisho.be\/es\/#organization","name":"Daisho","url":"https:\/\/www.daisho.be\/es\/","logo":{"@type":"ImageObject","inLanguage":"es","@id":"https:\/\/www.daisho.be\/es\/#\/schema\/logo\/image\/","url":"https:\/\/www.daisho.be\/wp-content\/uploads\/2019\/07\/color-nothing-horizontale4x-e1564486100247.png","contentUrl":"https:\/\/www.daisho.be\/wp-content\/uploads\/2019\/07\/color-nothing-horizontale4x-e1564486100247.png","width":1547,"height":385,"caption":"Daisho"},"image":{"@id":"https:\/\/www.daisho.be\/es\/#\/schema\/logo\/image\/"}}]}},"_links":{"self":[{"href":"https:\/\/www.daisho.be\/es\/wp-json\/wp\/v2\/product\/341977","targetHints":{"allow":["GET"]}}],"collection":[{"href":"https:\/\/www.daisho.be\/es\/wp-json\/wp\/v2\/product"}],"about":[{"href":"https:\/\/www.daisho.be\/es\/wp-json\/wp\/v2\/types\/product"}],"replies":[{"embeddable":true,"href":"https:\/\/www.daisho.be\/es\/wp-json\/wp\/v2\/comments?post=341977"}],"wp:featuredmedia":[{"embeddable":true,"href":"https:\/\/www.daisho.be\/es\/wp-json\/wp\/v2\/media\/340680"}],"wp:attachment":[{"href":"https:\/\/www.daisho.be\/es\/wp-json\/wp\/v2\/media?parent=341977"}],"wp:term":[{"taxonomy":"product_brand","embeddable":true,"href":"https:\/\/www.daisho.be\/es\/wp-json\/wp\/v2\/product_brand?post=341977"},{"taxonomy":"product_cat","embeddable":true,"href":"https:\/\/www.daisho.be\/es\/wp-json\/wp\/v2\/product_cat?post=341977"},{"taxonomy":"product_tag","embeddable":true,"href":"https:\/\/www.daisho.be\/es\/wp-json\/wp\/v2\/product_tag?post=341977"},{"taxonomy":"sport","embeddable":true,"href":"https:\/\/www.daisho.be\/es\/wp-json\/wp\/v2\/sport?post=341977"}],"curies":[{"name":"wp","href":"https:\/\/api.w.org\/{rel}","templated":true}]}}