{"id":341920,"date":"2019-09-16T09:55:45","date_gmt":"2019-09-16T07:55:45","guid":{"rendered":"https:\/\/www.daisho.be\/produit\/karategi-tokaido-kata-master-junior-wkf\/"},"modified":"2025-12-24T08:28:56","modified_gmt":"2025-12-24T07:28:56","slug":"karategi-tokaido-kata-master-junior-wkf","status":"publish","type":"product","link":"https:\/\/www.daisho.be\/es\/produit\/karategi-tokaido-kata-master-junior-wkf\/","title":{"rendered":"KARATEGI TOKAIDO KATA MASTER JUNIOR &#8211; WKF"},"content":{"rendered":"<p>El kimono Karategi Kata Master Junior, homologado por la WKF, se ha desarrollado especialmente para katas para juniors y principiantes.<br \/>\nEste kimono es adecuado tanto para el entrenamiento como para la competici\u00f3n.<br \/>\nCaracter\u00edsticas:<br \/>\n&#8211; Corte entallado: El corte entallado se ha adaptado al f\u00edsico de ni\u00f1os y adolescentes. Para un aspecto impecable y una gran comodidad.<br \/>\n&#8211; Pantal\u00f3n con cintura ancha el\u00e1stica y cord\u00f3n de ajuste.<br \/>\n&#8211; Aprobado por la WKF: Para una aparici\u00f3n profesional en campeonatos internacionales.<br \/>\n&#8211; Pr\u00e1cticas instrucciones de lavado con c\u00f3digo QR: basta con escanearlo para obtener m\u00e1s informaci\u00f3n.<br \/>\n&#8211; Material: 100% algod\u00f3n, aprox. 12 oz.<\/p>\n<p><span style=\"display: flex;align-items: flex-start\"><br \/>\n    <img loading=\"lazy\" decoding=\"async\" class=\"alignleft\" src=\"https:\/\/www.daisho.be\/wp-content\/uploads\/2019\/09\/kata-cut.png\" alt=\"\" width=\"108\" height=\"120\"><br \/>\n    <img loading=\"lazy\" decoding=\"async\" class=\"alignleft\" src=\"https:\/\/www.daisho.be\/wp-content\/uploads\/2019\/09\/wkf-approved.png\" alt=\"\" width=\"108\" height=\"120\"><br \/>\n    <img loading=\"lazy\" decoding=\"async\" class=\"alignleft\" src=\"https:\/\/www.daisho.be\/wp-content\/uploads\/2019\/09\/embroidery.png\" alt=\"\" width=\"108\" height=\"120\"><br \/>\n   <img loading=\"lazy\" decoding=\"async\" class=\"alignleft\" src=\"https:\/\/www.daisho.be\/wp-content\/uploads\/2019\/09\/cotton.png\" alt=\"\" width=\"108\" height=\"120\"><br \/>\n<\/span><\/p>\n","protected":false},"excerpt":{"rendered":"<p>El kimono Karategi Kata Master Junior, homologado por la WKF, se ha desarrollado especialmente para katas para juniors y principiantes. Este kimono es adecuado tanto para el entrenamiento como para la competici\u00f3n. Caracter\u00edsticas: &#8211; Corte entallado: El corte entallado se ha adaptado al f\u00edsico de ni\u00f1os y adolescentes. Para un aspecto impecable y una gran [&hellip;]<\/p>\n","protected":false},"featured_media":416554,"comment_status":"closed","ping_status":"closed","template":"","meta":{"inline_featured_image":false},"product_brand":[],"product_cat":[1314,1311],"product_tag":[1306],"sport":[73],"class_list":{"0":"post-341920","1":"product","2":"type-product","3":"status-publish","4":"has-post-thumbnail","6":"product_cat-kimonos-de-karate","7":"product_cat-trajes-kimonos","8":"product_tag-tokaido-es","9":"pa_size-375","10":"pa_size-374","11":"pa_size-373","12":"pa_size-381","13":"pa_size-380","14":"pa_size-379","15":"pa_size-378","16":"sport-karate","18":"first","19":"instock","20":"taxable","21":"shipping-taxable","22":"purchasable","23":"product-type-variable"},"yoast_head":"<!-- This site is optimized with the Yoast SEO plugin v27.2 - https:\/\/yoast.com\/product\/yoast-seo-wordpress\/ -->\n<title>Kimono de k\u00e1rate infantil (Tokaido) - Karategi Kata Master Junior<\/title>\n<meta name=\"description\" content=\"\u00bfLe gustar\u00eda a su hijo empezar a practicar k\u00e1rate? Elige un kimono para kata que sea c\u00f3modo y elegante.\" \/>\n<meta name=\"robots\" content=\"index, follow, max-snippet:-1, max-image-preview:large, max-video-preview:-1\" \/>\n<link rel=\"canonical\" href=\"https:\/\/www.daisho.be\/es\/produit\/karategi-tokaido-kata-master-junior-wkf\/\" \/>\n<meta property=\"og:locale\" content=\"es_ES\" \/>\n<meta property=\"og:type\" content=\"article\" \/>\n<meta property=\"og:title\" content=\"Kimono de k\u00e1rate infantil (Tokaido) - Karategi Kata Master Junior\" \/>\n<meta property=\"og:description\" content=\"\u00bfLe gustar\u00eda a su hijo empezar a practicar k\u00e1rate? Elige un kimono para kata que sea c\u00f3modo y elegante.\" \/>\n<meta property=\"og:url\" content=\"https:\/\/www.daisho.be\/es\/produit\/karategi-tokaido-kata-master-junior-wkf\/\" \/>\n<meta property=\"og:site_name\" content=\"Daisho\" \/>\n<meta property=\"article:modified_time\" content=\"2025-12-24T07:28:56+00:00\" \/>\n<meta property=\"og:image\" content=\"https:\/\/www.daisho.be\/wp-content\/uploads\/2024\/06\/image-18.jpg\" \/>\n\t<meta property=\"og:image:width\" content=\"510\" \/>\n\t<meta property=\"og:image:height\" content=\"720\" \/>\n\t<meta property=\"og:image:type\" content=\"image\/jpeg\" \/>\n<meta name=\"twitter:card\" content=\"summary_large_image\" \/>\n<meta name=\"twitter:label1\" content=\"Tiempo de lectura\" \/>\n\t<meta name=\"twitter:data1\" content=\"1 minuto\" \/>\n<script type=\"application\/ld+json\" class=\"yoast-schema-graph\">{\"@context\":\"https:\/\/schema.org\",\"@graph\":[{\"@type\":\"WebPage\",\"@id\":\"https:\/\/www.daisho.be\/es\/produit\/karategi-tokaido-kata-master-junior-wkf\/\",\"url\":\"https:\/\/www.daisho.be\/es\/produit\/karategi-tokaido-kata-master-junior-wkf\/\",\"name\":\"Kimono de k\u00e1rate infantil (Tokaido) - Karategi Kata Master Junior\",\"isPartOf\":{\"@id\":\"https:\/\/www.daisho.be\/es\/#website\"},\"primaryImageOfPage\":{\"@id\":\"https:\/\/www.daisho.be\/es\/produit\/karategi-tokaido-kata-master-junior-wkf\/#primaryimage\"},\"image\":{\"@id\":\"https:\/\/www.daisho.be\/es\/produit\/karategi-tokaido-kata-master-junior-wkf\/#primaryimage\"},\"thumbnailUrl\":\"https:\/\/www.daisho.be\/wp-content\/uploads\/2024\/06\/image-18.jpg\",\"datePublished\":\"2019-09-16T07:55:45+00:00\",\"dateModified\":\"2025-12-24T07:28:56+00:00\",\"description\":\"\u00bfLe gustar\u00eda a su hijo empezar a practicar k\u00e1rate? Elige un kimono para kata que sea c\u00f3modo y elegante.\",\"breadcrumb\":{\"@id\":\"https:\/\/www.daisho.be\/es\/produit\/karategi-tokaido-kata-master-junior-wkf\/#breadcrumb\"},\"inLanguage\":\"es\",\"potentialAction\":[{\"@type\":\"ReadAction\",\"target\":[\"https:\/\/www.daisho.be\/es\/produit\/karategi-tokaido-kata-master-junior-wkf\/\"]}]},{\"@type\":\"ImageObject\",\"inLanguage\":\"es\",\"@id\":\"https:\/\/www.daisho.be\/es\/produit\/karategi-tokaido-kata-master-junior-wkf\/#primaryimage\",\"url\":\"https:\/\/www.daisho.be\/wp-content\/uploads\/2024\/06\/image-18.jpg\",\"contentUrl\":\"https:\/\/www.daisho.be\/wp-content\/uploads\/2024\/06\/image-18.jpg\",\"width\":510,\"height\":720,\"caption\":\"KARATEGI TOKAIDO KATA MAESTRO JUNIOR - WKF-1\"},{\"@type\":\"BreadcrumbList\",\"@id\":\"https:\/\/www.daisho.be\/es\/produit\/karategi-tokaido-kata-master-junior-wkf\/#breadcrumb\",\"itemListElement\":[{\"@type\":\"ListItem\",\"position\":1,\"name\":\"Accueil\",\"item\":\"https:\/\/www.daisho.be\/es\/\"},{\"@type\":\"ListItem\",\"position\":2,\"name\":\"Productos\",\"item\":\"https:\/\/www.daisho.be\/es\/productos\/\"},{\"@type\":\"ListItem\",\"position\":3,\"name\":\"Equipamiento y ropa para artes marciales y deportes de combate\",\"item\":\"https:\/\/www.daisho.be\/es\/categorie-produit\/equipamiento-y-ropa-para-artes-marciales-y-deportes-de-combate\/\"},{\"@type\":\"ListItem\",\"position\":4,\"name\":\"Karate\",\"item\":\"https:\/\/www.daisho.be\/es\/categorie-produit\/equipamiento-y-ropa-para-artes-marciales-y-deportes-de-combate\/karate-es-2\/\"},{\"@type\":\"ListItem\",\"position\":5,\"name\":\"Kimonos de k\u00e1rate\",\"item\":\"https:\/\/www.daisho.be\/es\/categorie-produit\/equipamiento-y-ropa-para-artes-marciales-y-deportes-de-combate\/karate-es-2\/kimonos-de-karate\/\"},{\"@type\":\"ListItem\",\"position\":6,\"name\":\"KARATEGI TOKAIDO KATA MASTER JUNIOR &#8211; WKF\"}]},{\"@type\":\"WebSite\",\"@id\":\"https:\/\/www.daisho.be\/es\/#website\",\"url\":\"https:\/\/www.daisho.be\/es\/\",\"name\":\"Daisho\",\"description\":\"Sp&eacute;cialiste de l'&eacute;quipement sportif d'arts martiaux\",\"publisher\":{\"@id\":\"https:\/\/www.daisho.be\/es\/#organization\"},\"potentialAction\":[{\"@type\":\"SearchAction\",\"target\":{\"@type\":\"EntryPoint\",\"urlTemplate\":\"https:\/\/www.daisho.be\/es\/?s={search_term_string}\"},\"query-input\":{\"@type\":\"PropertyValueSpecification\",\"valueRequired\":true,\"valueName\":\"search_term_string\"}}],\"inLanguage\":\"es\"},{\"@type\":\"Organization\",\"@id\":\"https:\/\/www.daisho.be\/es\/#organization\",\"name\":\"Daisho\",\"url\":\"https:\/\/www.daisho.be\/es\/\",\"logo\":{\"@type\":\"ImageObject\",\"inLanguage\":\"es\",\"@id\":\"https:\/\/www.daisho.be\/es\/#\/schema\/logo\/image\/\",\"url\":\"https:\/\/www.daisho.be\/wp-content\/uploads\/2019\/07\/color-nothing-horizontale4x-e1564486100247.png\",\"contentUrl\":\"https:\/\/www.daisho.be\/wp-content\/uploads\/2019\/07\/color-nothing-horizontale4x-e1564486100247.png\",\"width\":1547,\"height\":385,\"caption\":\"Daisho\"},\"image\":{\"@id\":\"https:\/\/www.daisho.be\/es\/#\/schema\/logo\/image\/\"}}]}<\/script>\n<!-- \/ Yoast SEO plugin. -->","yoast_head_json":{"title":"Kimono de k\u00e1rate infantil (Tokaido) - Karategi Kata Master Junior","description":"\u00bfLe gustar\u00eda a su hijo empezar a practicar k\u00e1rate? Elige un kimono para kata que sea c\u00f3modo y elegante.","robots":{"index":"index","follow":"follow","max-snippet":"max-snippet:-1","max-image-preview":"max-image-preview:large","max-video-preview":"max-video-preview:-1"},"canonical":"https:\/\/www.daisho.be\/es\/produit\/karategi-tokaido-kata-master-junior-wkf\/","og_locale":"es_ES","og_type":"article","og_title":"Kimono de k\u00e1rate infantil (Tokaido) - Karategi Kata Master Junior","og_description":"\u00bfLe gustar\u00eda a su hijo empezar a practicar k\u00e1rate? Elige un kimono para kata que sea c\u00f3modo y elegante.","og_url":"https:\/\/www.daisho.be\/es\/produit\/karategi-tokaido-kata-master-junior-wkf\/","og_site_name":"Daisho","article_modified_time":"2025-12-24T07:28:56+00:00","og_image":[{"width":510,"height":720,"url":"https:\/\/www.daisho.be\/wp-content\/uploads\/2024\/06\/image-18.jpg","type":"image\/jpeg"}],"twitter_card":"summary_large_image","twitter_misc":{"Tiempo de lectura":"1 minuto"},"schema":{"@context":"https:\/\/schema.org","@graph":[{"@type":"WebPage","@id":"https:\/\/www.daisho.be\/es\/produit\/karategi-tokaido-kata-master-junior-wkf\/","url":"https:\/\/www.daisho.be\/es\/produit\/karategi-tokaido-kata-master-junior-wkf\/","name":"Kimono de k\u00e1rate infantil (Tokaido) - Karategi Kata Master Junior","isPartOf":{"@id":"https:\/\/www.daisho.be\/es\/#website"},"primaryImageOfPage":{"@id":"https:\/\/www.daisho.be\/es\/produit\/karategi-tokaido-kata-master-junior-wkf\/#primaryimage"},"image":{"@id":"https:\/\/www.daisho.be\/es\/produit\/karategi-tokaido-kata-master-junior-wkf\/#primaryimage"},"thumbnailUrl":"https:\/\/www.daisho.be\/wp-content\/uploads\/2024\/06\/image-18.jpg","datePublished":"2019-09-16T07:55:45+00:00","dateModified":"2025-12-24T07:28:56+00:00","description":"\u00bfLe gustar\u00eda a su hijo empezar a practicar k\u00e1rate? Elige un kimono para kata que sea c\u00f3modo y elegante.","breadcrumb":{"@id":"https:\/\/www.daisho.be\/es\/produit\/karategi-tokaido-kata-master-junior-wkf\/#breadcrumb"},"inLanguage":"es","potentialAction":[{"@type":"ReadAction","target":["https:\/\/www.daisho.be\/es\/produit\/karategi-tokaido-kata-master-junior-wkf\/"]}]},{"@type":"ImageObject","inLanguage":"es","@id":"https:\/\/www.daisho.be\/es\/produit\/karategi-tokaido-kata-master-junior-wkf\/#primaryimage","url":"https:\/\/www.daisho.be\/wp-content\/uploads\/2024\/06\/image-18.jpg","contentUrl":"https:\/\/www.daisho.be\/wp-content\/uploads\/2024\/06\/image-18.jpg","width":510,"height":720,"caption":"KARATEGI TOKAIDO KATA MAESTRO JUNIOR - WKF-1"},{"@type":"BreadcrumbList","@id":"https:\/\/www.daisho.be\/es\/produit\/karategi-tokaido-kata-master-junior-wkf\/#breadcrumb","itemListElement":[{"@type":"ListItem","position":1,"name":"Accueil","item":"https:\/\/www.daisho.be\/es\/"},{"@type":"ListItem","position":2,"name":"Productos","item":"https:\/\/www.daisho.be\/es\/productos\/"},{"@type":"ListItem","position":3,"name":"Equipamiento y ropa para artes marciales y deportes de combate","item":"https:\/\/www.daisho.be\/es\/categorie-produit\/equipamiento-y-ropa-para-artes-marciales-y-deportes-de-combate\/"},{"@type":"ListItem","position":4,"name":"Karate","item":"https:\/\/www.daisho.be\/es\/categorie-produit\/equipamiento-y-ropa-para-artes-marciales-y-deportes-de-combate\/karate-es-2\/"},{"@type":"ListItem","position":5,"name":"Kimonos de k\u00e1rate","item":"https:\/\/www.daisho.be\/es\/categorie-produit\/equipamiento-y-ropa-para-artes-marciales-y-deportes-de-combate\/karate-es-2\/kimonos-de-karate\/"},{"@type":"ListItem","position":6,"name":"KARATEGI TOKAIDO KATA MASTER JUNIOR &#8211; WKF"}]},{"@type":"WebSite","@id":"https:\/\/www.daisho.be\/es\/#website","url":"https:\/\/www.daisho.be\/es\/","name":"Daisho","description":"Sp&eacute;cialiste de l'&eacute;quipement sportif d'arts martiaux","publisher":{"@id":"https:\/\/www.daisho.be\/es\/#organization"},"potentialAction":[{"@type":"SearchAction","target":{"@type":"EntryPoint","urlTemplate":"https:\/\/www.daisho.be\/es\/?s={search_term_string}"},"query-input":{"@type":"PropertyValueSpecification","valueRequired":true,"valueName":"search_term_string"}}],"inLanguage":"es"},{"@type":"Organization","@id":"https:\/\/www.daisho.be\/es\/#organization","name":"Daisho","url":"https:\/\/www.daisho.be\/es\/","logo":{"@type":"ImageObject","inLanguage":"es","@id":"https:\/\/www.daisho.be\/es\/#\/schema\/logo\/image\/","url":"https:\/\/www.daisho.be\/wp-content\/uploads\/2019\/07\/color-nothing-horizontale4x-e1564486100247.png","contentUrl":"https:\/\/www.daisho.be\/wp-content\/uploads\/2019\/07\/color-nothing-horizontale4x-e1564486100247.png","width":1547,"height":385,"caption":"Daisho"},"image":{"@id":"https:\/\/www.daisho.be\/es\/#\/schema\/logo\/image\/"}}]}},"_links":{"self":[{"href":"https:\/\/www.daisho.be\/es\/wp-json\/wp\/v2\/product\/341920","targetHints":{"allow":["GET"]}}],"collection":[{"href":"https:\/\/www.daisho.be\/es\/wp-json\/wp\/v2\/product"}],"about":[{"href":"https:\/\/www.daisho.be\/es\/wp-json\/wp\/v2\/types\/product"}],"replies":[{"embeddable":true,"href":"https:\/\/www.daisho.be\/es\/wp-json\/wp\/v2\/comments?post=341920"}],"wp:featuredmedia":[{"embeddable":true,"href":"https:\/\/www.daisho.be\/es\/wp-json\/wp\/v2\/media\/416554"}],"wp:attachment":[{"href":"https:\/\/www.daisho.be\/es\/wp-json\/wp\/v2\/media?parent=341920"}],"wp:term":[{"taxonomy":"product_brand","embeddable":true,"href":"https:\/\/www.daisho.be\/es\/wp-json\/wp\/v2\/product_brand?post=341920"},{"taxonomy":"product_cat","embeddable":true,"href":"https:\/\/www.daisho.be\/es\/wp-json\/wp\/v2\/product_cat?post=341920"},{"taxonomy":"product_tag","embeddable":true,"href":"https:\/\/www.daisho.be\/es\/wp-json\/wp\/v2\/product_tag?post=341920"},{"taxonomy":"sport","embeddable":true,"href":"https:\/\/www.daisho.be\/es\/wp-json\/wp\/v2\/sport?post=341920"}],"curies":[{"name":"wp","href":"https:\/\/api.w.org\/{rel}","templated":true}]}}