{"id":341290,"date":"2019-08-21T15:52:34","date_gmt":"2019-08-21T13:52:34","guid":{"rendered":"https:\/\/www.daisho.be\/documentos-utiles\/"},"modified":"2024-01-16T09:20:10","modified_gmt":"2024-01-16T08:20:10","slug":"documentos-utiles","status":"publish","type":"page","link":"https:\/\/www.daisho.be\/es\/documentos-utiles\/","title":{"rendered":"Documentos \u00fatiles"},"content":{"rendered":"\n<p>Puede descargar las especificaciones t\u00e9cnicas en esta p\u00e1gina<\/p>\n\n<h4 class=\"wp-block-heading\">Tatamis :<\/h4>\n\n<div class=\"wp-block-file\"><a href=\"https:\/\/www.daisho.be\/wp-content\/uploads\/2019\/10\/I-TIS-Competition-IJF-Approved-Fr.pdf\" target=\"_blank\" rel=\"noreferrer noopener\">Competici\u00f3n I-TIS IJF Approved Fr<\/a><a href=\"https:\/\/www.daisho.be\/wp-content\/uploads\/2019\/10\/I-TIS-Competition-IJF-Approved-Fr.pdf\" class=\"wp-block-file__button\" download=\"\">Descargar<\/a><\/div>\n\n<div class=\"wp-block-file\"><a href=\"https:\/\/www.daisho.be\/wp-content\/uploads\/2019\/10\/I-TIS-Training-Fr.pdf\" target=\"_blank\" rel=\"noreferrer noopener\">Formaci\u00f3n I-TIS Es<\/a><a href=\"https:\/\/www.daisho.be\/wp-content\/uploads\/2019\/10\/I-TIS-Training-Fr.pdf\" class=\"wp-block-file__button\" download=\"\">Descargar<\/a><\/div>\n\n<div class=\"wp-block-file\"><a href=\"https:\/\/www.daisho.be\/wp-content\/uploads\/2019\/10\/I-TIS-Easy-Educational-IJF-Fr.pdf\" target=\"_blank\" rel=\"noreferrer noopener\">I-TIS Easy Educational IJF Es<\/a><a href=\"https:\/\/www.daisho.be\/wp-content\/uploads\/2019\/10\/I-TIS-Easy-Educational-IJF-Fr.pdf\" class=\"wp-block-file__button\" download=\"\">Descargar<\/a><\/div>\n\n<div class=\"wp-block-file\"><a href=\"https:\/\/www.daisho.be\/wp-content\/uploads\/2019\/10\/WKF-Approved-Fr.pdf\" target=\"_blank\" rel=\"noreferrer noopener\">WKF Aprobado Fr<\/a><a href=\"https:\/\/www.daisho.be\/wp-content\/uploads\/2019\/10\/WKF-Approved-Fr.pdf\" class=\"wp-block-file__button\" download=\"\">Descargar<\/a><\/div>\n","protected":false},"excerpt":{"rendered":"<p>Puede descargar las especificaciones t\u00e9cnicas en esta p\u00e1gina Tatamis :<\/p>\n","protected":false},"author":1,"featured_media":306105,"parent":0,"menu_order":0,"comment_status":"closed","ping_status":"closed","template":"template-full-width.php","meta":{"inline_featured_image":false,"footnotes":""},"class_list":["post-341290","page","type-page","status-publish","has-post-thumbnail","hentry"],"yoast_head":"<!-- This site is optimized with the Yoast SEO plugin v27.2 - https:\/\/yoast.com\/product\/yoast-seo-wordpress\/ -->\n<title>Documentos \u00fatiles: ficha t\u00e9cnica | Daisho<\/title>\n<meta name=\"description\" content=\"En esta p\u00e1gina puede descargar especificaciones t\u00e9cnicas y documentos \u00fatiles. Encu\u00e9ntrelos en l\u00ednea en nuestro sitio web Daisho\" \/>\n<meta name=\"robots\" content=\"index, follow, max-snippet:-1, max-image-preview:large, max-video-preview:-1\" \/>\n<link rel=\"canonical\" href=\"https:\/\/www.daisho.be\/es\/documentos-utiles\/\" \/>\n<meta property=\"og:locale\" content=\"es_ES\" \/>\n<meta property=\"og:type\" content=\"article\" \/>\n<meta property=\"og:title\" content=\"Documentos \u00fatiles: ficha t\u00e9cnica | Daisho\" \/>\n<meta property=\"og:description\" content=\"En esta p\u00e1gina puede descargar especificaciones t\u00e9cnicas y documentos \u00fatiles. Encu\u00e9ntrelos en l\u00ednea en nuestro sitio web Daisho\" \/>\n<meta property=\"og:url\" content=\"https:\/\/www.daisho.be\/es\/documentos-utiles\/\" \/>\n<meta property=\"og:site_name\" content=\"Daisho\" \/>\n<meta property=\"article:modified_time\" content=\"2024-01-16T08:20:10+00:00\" \/>\n<meta property=\"og:image\" content=\"https:\/\/www.daisho.be\/wp-content\/uploads\/2019\/10\/banniere-sv-linkedin.png\" \/>\n\t<meta property=\"og:image:width\" content=\"961\" \/>\n\t<meta property=\"og:image:height\" content=\"404\" \/>\n\t<meta property=\"og:image:type\" content=\"image\/png\" \/>\n<meta name=\"twitter:card\" content=\"summary_large_image\" \/>\n<script type=\"application\/ld+json\" class=\"yoast-schema-graph\">{\"@context\":\"https:\/\/schema.org\",\"@graph\":[{\"@type\":\"WebPage\",\"@id\":\"https:\/\/www.daisho.be\/es\/documentos-utiles\/\",\"url\":\"https:\/\/www.daisho.be\/es\/documentos-utiles\/\",\"name\":\"Documentos \u00fatiles: ficha t\u00e9cnica | Daisho\",\"isPartOf\":{\"@id\":\"https:\/\/www.daisho.be\/es\/#website\"},\"primaryImageOfPage\":{\"@id\":\"https:\/\/www.daisho.be\/es\/documentos-utiles\/#primaryimage\"},\"image\":{\"@id\":\"https:\/\/www.daisho.be\/es\/documentos-utiles\/#primaryimage\"},\"thumbnailUrl\":\"https:\/\/www.daisho.be\/wp-content\/uploads\/2019\/10\/banniere-sv-linkedin.png\",\"datePublished\":\"2019-08-21T13:52:34+00:00\",\"dateModified\":\"2024-01-16T08:20:10+00:00\",\"description\":\"En esta p\u00e1gina puede descargar especificaciones t\u00e9cnicas y documentos \u00fatiles. Encu\u00e9ntrelos en l\u00ednea en nuestro sitio web Daisho\",\"breadcrumb\":{\"@id\":\"https:\/\/www.daisho.be\/es\/documentos-utiles\/#breadcrumb\"},\"inLanguage\":\"es\",\"potentialAction\":[{\"@type\":\"ReadAction\",\"target\":[\"https:\/\/www.daisho.be\/es\/documentos-utiles\/\"]}]},{\"@type\":\"ImageObject\",\"inLanguage\":\"es\",\"@id\":\"https:\/\/www.daisho.be\/es\/documentos-utiles\/#primaryimage\",\"url\":\"https:\/\/www.daisho.be\/wp-content\/uploads\/2019\/10\/banniere-sv-linkedin.png\",\"contentUrl\":\"https:\/\/www.daisho.be\/wp-content\/uploads\/2019\/10\/banniere-sv-linkedin.png\",\"width\":961,\"height\":404},{\"@type\":\"BreadcrumbList\",\"@id\":\"https:\/\/www.daisho.be\/es\/documentos-utiles\/#breadcrumb\",\"itemListElement\":[{\"@type\":\"ListItem\",\"position\":1,\"name\":\"Accueil\",\"item\":\"https:\/\/www.daisho.be\/es\/\"},{\"@type\":\"ListItem\",\"position\":2,\"name\":\"Documentos \u00fatiles\"}]},{\"@type\":\"WebSite\",\"@id\":\"https:\/\/www.daisho.be\/es\/#website\",\"url\":\"https:\/\/www.daisho.be\/es\/\",\"name\":\"Daisho\",\"description\":\"Sp&eacute;cialiste de l'&eacute;quipement sportif d'arts martiaux\",\"publisher\":{\"@id\":\"https:\/\/www.daisho.be\/es\/#organization\"},\"potentialAction\":[{\"@type\":\"SearchAction\",\"target\":{\"@type\":\"EntryPoint\",\"urlTemplate\":\"https:\/\/www.daisho.be\/es\/?s={search_term_string}\"},\"query-input\":{\"@type\":\"PropertyValueSpecification\",\"valueRequired\":true,\"valueName\":\"search_term_string\"}}],\"inLanguage\":\"es\"},{\"@type\":\"Organization\",\"@id\":\"https:\/\/www.daisho.be\/es\/#organization\",\"name\":\"Daisho\",\"url\":\"https:\/\/www.daisho.be\/es\/\",\"logo\":{\"@type\":\"ImageObject\",\"inLanguage\":\"es\",\"@id\":\"https:\/\/www.daisho.be\/es\/#\/schema\/logo\/image\/\",\"url\":\"https:\/\/www.daisho.be\/wp-content\/uploads\/2019\/07\/color-nothing-horizontale4x-e1564486100247.png\",\"contentUrl\":\"https:\/\/www.daisho.be\/wp-content\/uploads\/2019\/07\/color-nothing-horizontale4x-e1564486100247.png\",\"width\":1547,\"height\":385,\"caption\":\"Daisho\"},\"image\":{\"@id\":\"https:\/\/www.daisho.be\/es\/#\/schema\/logo\/image\/\"}}]}<\/script>\n<!-- \/ Yoast SEO plugin. -->","yoast_head_json":{"title":"Documentos \u00fatiles: ficha t\u00e9cnica | Daisho","description":"En esta p\u00e1gina puede descargar especificaciones t\u00e9cnicas y documentos \u00fatiles. Encu\u00e9ntrelos en l\u00ednea en nuestro sitio web Daisho","robots":{"index":"index","follow":"follow","max-snippet":"max-snippet:-1","max-image-preview":"max-image-preview:large","max-video-preview":"max-video-preview:-1"},"canonical":"https:\/\/www.daisho.be\/es\/documentos-utiles\/","og_locale":"es_ES","og_type":"article","og_title":"Documentos \u00fatiles: ficha t\u00e9cnica | Daisho","og_description":"En esta p\u00e1gina puede descargar especificaciones t\u00e9cnicas y documentos \u00fatiles. Encu\u00e9ntrelos en l\u00ednea en nuestro sitio web Daisho","og_url":"https:\/\/www.daisho.be\/es\/documentos-utiles\/","og_site_name":"Daisho","article_modified_time":"2024-01-16T08:20:10+00:00","og_image":[{"width":961,"height":404,"url":"https:\/\/www.daisho.be\/wp-content\/uploads\/2019\/10\/banniere-sv-linkedin.png","type":"image\/png"}],"twitter_card":"summary_large_image","schema":{"@context":"https:\/\/schema.org","@graph":[{"@type":"WebPage","@id":"https:\/\/www.daisho.be\/es\/documentos-utiles\/","url":"https:\/\/www.daisho.be\/es\/documentos-utiles\/","name":"Documentos \u00fatiles: ficha t\u00e9cnica | Daisho","isPartOf":{"@id":"https:\/\/www.daisho.be\/es\/#website"},"primaryImageOfPage":{"@id":"https:\/\/www.daisho.be\/es\/documentos-utiles\/#primaryimage"},"image":{"@id":"https:\/\/www.daisho.be\/es\/documentos-utiles\/#primaryimage"},"thumbnailUrl":"https:\/\/www.daisho.be\/wp-content\/uploads\/2019\/10\/banniere-sv-linkedin.png","datePublished":"2019-08-21T13:52:34+00:00","dateModified":"2024-01-16T08:20:10+00:00","description":"En esta p\u00e1gina puede descargar especificaciones t\u00e9cnicas y documentos \u00fatiles. Encu\u00e9ntrelos en l\u00ednea en nuestro sitio web Daisho","breadcrumb":{"@id":"https:\/\/www.daisho.be\/es\/documentos-utiles\/#breadcrumb"},"inLanguage":"es","potentialAction":[{"@type":"ReadAction","target":["https:\/\/www.daisho.be\/es\/documentos-utiles\/"]}]},{"@type":"ImageObject","inLanguage":"es","@id":"https:\/\/www.daisho.be\/es\/documentos-utiles\/#primaryimage","url":"https:\/\/www.daisho.be\/wp-content\/uploads\/2019\/10\/banniere-sv-linkedin.png","contentUrl":"https:\/\/www.daisho.be\/wp-content\/uploads\/2019\/10\/banniere-sv-linkedin.png","width":961,"height":404},{"@type":"BreadcrumbList","@id":"https:\/\/www.daisho.be\/es\/documentos-utiles\/#breadcrumb","itemListElement":[{"@type":"ListItem","position":1,"name":"Accueil","item":"https:\/\/www.daisho.be\/es\/"},{"@type":"ListItem","position":2,"name":"Documentos \u00fatiles"}]},{"@type":"WebSite","@id":"https:\/\/www.daisho.be\/es\/#website","url":"https:\/\/www.daisho.be\/es\/","name":"Daisho","description":"Sp&eacute;cialiste de l'&eacute;quipement sportif d'arts martiaux","publisher":{"@id":"https:\/\/www.daisho.be\/es\/#organization"},"potentialAction":[{"@type":"SearchAction","target":{"@type":"EntryPoint","urlTemplate":"https:\/\/www.daisho.be\/es\/?s={search_term_string}"},"query-input":{"@type":"PropertyValueSpecification","valueRequired":true,"valueName":"search_term_string"}}],"inLanguage":"es"},{"@type":"Organization","@id":"https:\/\/www.daisho.be\/es\/#organization","name":"Daisho","url":"https:\/\/www.daisho.be\/es\/","logo":{"@type":"ImageObject","inLanguage":"es","@id":"https:\/\/www.daisho.be\/es\/#\/schema\/logo\/image\/","url":"https:\/\/www.daisho.be\/wp-content\/uploads\/2019\/07\/color-nothing-horizontale4x-e1564486100247.png","contentUrl":"https:\/\/www.daisho.be\/wp-content\/uploads\/2019\/07\/color-nothing-horizontale4x-e1564486100247.png","width":1547,"height":385,"caption":"Daisho"},"image":{"@id":"https:\/\/www.daisho.be\/es\/#\/schema\/logo\/image\/"}}]}},"_links":{"self":[{"href":"https:\/\/www.daisho.be\/es\/wp-json\/wp\/v2\/pages\/341290","targetHints":{"allow":["GET"]}}],"collection":[{"href":"https:\/\/www.daisho.be\/es\/wp-json\/wp\/v2\/pages"}],"about":[{"href":"https:\/\/www.daisho.be\/es\/wp-json\/wp\/v2\/types\/page"}],"author":[{"embeddable":true,"href":"https:\/\/www.daisho.be\/es\/wp-json\/wp\/v2\/users\/1"}],"replies":[{"embeddable":true,"href":"https:\/\/www.daisho.be\/es\/wp-json\/wp\/v2\/comments?post=341290"}],"version-history":[{"count":1,"href":"https:\/\/www.daisho.be\/es\/wp-json\/wp\/v2\/pages\/341290\/revisions"}],"predecessor-version":[{"id":341297,"href":"https:\/\/www.daisho.be\/es\/wp-json\/wp\/v2\/pages\/341290\/revisions\/341297"}],"wp:featuredmedia":[{"embeddable":true,"href":"https:\/\/www.daisho.be\/es\/wp-json\/wp\/v2\/media\/306105"}],"wp:attachment":[{"href":"https:\/\/www.daisho.be\/es\/wp-json\/wp\/v2\/media?parent=341290"}],"curies":[{"name":"wp","href":"https:\/\/api.w.org\/{rel}","templated":true}]}}