{"id":341254,"date":"2019-06-12T13:02:10","date_gmt":"2019-06-12T11:02:10","guid":{"rendered":"https:\/\/www.daisho.be\/politica-de-privacidad\/"},"modified":"2025-10-09T10:05:38","modified_gmt":"2025-10-09T08:05:38","slug":"politica-de-privacidad","status":"publish","type":"page","link":"https:\/\/www.daisho.be\/es\/politica-de-privacidad\/","title":{"rendered":"Pol\u00edtica de privacidad"},"content":{"rendered":"\n<h2 class=\"wp-block-heading\">\u00bfQui\u00e9nes somos?<\/h2>\n\n<p>La direcci\u00f3n de nuestro sitio web es <a href=\"https:\/\/www.daisho.be\/es\/\">https:\/\/www.daisho.be.<\/a> Fue desarrollado sobre la base de una instancia de <a href=\"https:\/\/wordpress.org\" target=\"_blank\" rel=\"noreferrer noopener\">WordPress<\/a> por <a href=\"https:\/\/octopix.be\" target=\"_blank\" rel=\"noreferrer noopener\">Octopix<\/a>. Este sitio y todos sus datos est\u00e1n alojados en <a href=\"https:\/\/diogenius.net\/\" target=\"_blank\" rel=\"noreferrer noopener\">DIOGENIUS<\/a>. Participar en el Escudo de Protecci\u00f3n de Datos.<\/p>\n\n<h2 class=\"wp-block-heading\">Uso de los datos personales recogidos<\/h2>\n\n<h3 class=\"wp-block-heading\">Medios de comunicaci\u00f3n<\/h3>\n\n<p>Si es usted un usuario registrado y sube im\u00e1genes al sitio web, le aconsejamos que evite subir im\u00e1genes que contengan datos EXIF de coordenadas GPS. Los visitantes de su sitio web pueden descargar y extraer datos de localizaci\u00f3n de estas im\u00e1genes. <\/p>\n\n<h3 class=\"wp-block-heading\">Formularios<\/h3>\n\n<p>Cuando se pone en contacto con nosotros a trav\u00e9s de nuestro formulario de contacto, le pedimos su {apellido, nombre, direcci\u00f3n de correo electr\u00f3nico, &#8230;} para poder identificar al remitente del mensaje y responderle. Esta informaci\u00f3n se env\u00eda directamente a nuestra direcci\u00f3n de correo electr\u00f3nico y no se almacena en la base de datos de este sitio.   <\/p>\n\n<h3 class=\"wp-block-heading\">Lista de distribuci\u00f3n o bolet\u00edn<\/h3>\n\n<p>La suscripci\u00f3n a la lista de distribuci\u00f3n o bolet\u00edn significa que la direcci\u00f3n de correo electr\u00f3nico del usuario se a\u00f1ade a la lista de contactos de personas que pueden recibir mensajes de correo electr\u00f3nico con informaci\u00f3n comercial o promocional sobre este sitio. Utilizamos el servicio Sendinblue para enviar boletines a los usuarios que han optado por recibirlos. <a rel=\"noreferrer noopener\" aria-label=\"Sendinblue (s&#x2019;ouvre dans un nouvel onglet)\" href=\"https:\/\/fr.sendinblue.com\/rgpd\/\" target=\"_blank\">Sendinblue<\/a> es un servicio de gesti\u00f3n de direcciones de correo electr\u00f3nico y env\u00edo de mensajes. <\/p>\n\n<h3 class=\"wp-block-heading\">Cookies<\/h3>\n\n<p>Si deja un comentario en nuestro sitio, se le pedir\u00e1 que guarde su nombre, direcci\u00f3n de correo electr\u00f3nico y sitio web en cookies. Esto es s\u00f3lo para su comodidad, para que no tenga que introducir esta informaci\u00f3n si publica otro comentario m\u00e1s tarde. Estas cookies caducan al cabo de un a\u00f1o. Si tiene una cuenta y entra en este sitio, se crear\u00e1 una cookie temporal para determinar si su navegador acepta cookies. No contiene ning\u00fan dato personal y se borrar\u00e1 autom\u00e1ticamente cuando cierre el navegador. Cuando se conecte, instalaremos una serie de cookies para registrar sus datos de acceso y preferencias de pantalla. La vida \u00fatil de una cookie de conexi\u00f3n es de dos d\u00edas, la de una cookie de opci\u00f3n de pantalla es de un a\u00f1o. Si marca \u00abRecordarme\u00bb, su cookie de conexi\u00f3n se almacenar\u00e1 durante quince d\u00edas. Si sale de su cuenta, se borrar\u00e1 la cookie de conexi\u00f3n. Se pueden crear una serie de cookies como parte de la recopilaci\u00f3n de datos de uso por parte de Google Analytics. La lista de cookies y sus funciones puede consultarse en la siguiente direcci\u00f3n: https:\/\/developers.google.com\/analytics\/devguides\/collection\/analyticsjs\/cookie-usage          <\/p>\n\n<h3 class=\"wp-block-heading\">Contenido incrustado de otros sitios<\/h3>\n\n<p>Los art\u00edculos de este sitio pueden incluir contenido incrustado (por ejemplo, v\u00eddeos, im\u00e1genes, art\u00edculos, etc.). El contenido integrado desde otros sitios se comporta de la misma manera que si el visitante estuviera visitando ese otro sitio. Estos sitios web pueden recopilar datos sobre usted, utilizar cookies, incrustar herramientas de seguimiento de terceros y rastrear sus interacciones con este contenido incrustado si tiene una cuenta conectada a su sitio web.  <\/p>\n\n<h3 class=\"wp-block-heading\">Estad\u00edsticas y medici\u00f3n de audiencias<\/h3>\n\n<p>Los servicios incluidos en esta secci\u00f3n permiten al propietario del sitio web supervisar y analizar el tr\u00e1fico web y realizar un seguimiento del comportamiento de los usuarios.Google Analytics es un servicio de an\u00e1lisis web prestado por Google Inc. (\u00abGoogle\u00bb). Google utiliza los Datos recopilados para rastrear y analizar el uso de esta Aplicaci\u00f3n, elaborar informes sobre sus actividades y compartirlos con otros servicios de Google. Google podr\u00e1 utilizar los Datos recogidos para contextualizar y personalizar la publicidad en su propia red publicitaria.Datos personales recogidos: Cookies y Datos de Uso. Lugar de procesamiento: Estados Unidos &#8211; <a href=\"https:\/\/www.google.com\/intl\/fr\/policies\/privacy\/\" target=\"_blank\" rel=\"noreferrer noopener\">Pol\u00edtica de privacidad<\/a> &#8211; <a href=\"https:\/\/tools.google.com\/dlpage\/gaoptout?hl=fr\" target=\"_blank\" rel=\"noreferrer noopener\">Opt-out<\/a>. Participar en el Escudo de Protecci\u00f3n de Datos.     <\/p>\n\n<h3 class=\"wp-block-heading\">Compras y pagos en l\u00ednea<\/h3>\n\n<p>Cuando realiza una compra en nuestra tienda, como parte de nuestro proceso de compraventa, recopilamos la informaci\u00f3n personal que nos proporciona, como su nombre, direcci\u00f3n y direcci\u00f3n de correo electr\u00f3nico. Las pasarelas de pago y otros procesadores de transacciones de pago tienen sus propias pol\u00edticas de confidencialidad con respecto a la informaci\u00f3n que estamos obligados a proporcionarles para sus transacciones de compra. Con respecto a estos proveedores, le recomendamos que lea detenidamente sus pol\u00edticas de privacidad para que pueda comprender c\u00f3mo tratar\u00e1n su informaci\u00f3n personal. Una vez que abandone el sitio de nuestra tienda o sea redirigido a un sitio web o aplicaci\u00f3n de terceros, ya no se regir\u00e1 por la presente Pol\u00edtica de Privacidad ni por las Condiciones Generales de Venta y Uso de nuestro sitio web.   <\/p>\n\n<h2 class=\"wp-block-heading\">Uso y transmisi\u00f3n de sus datos personales<\/h2>\n\n<h2 class=\"wp-block-heading\">Periodos de almacenamiento de sus datos<\/h2>\n\n<p>Los datos personales se procesan y almacenan durante el tiempo necesario para los fines para los que se recogieron. Los Datos Personales recogidos para fines relacionados con la ejecuci\u00f3n de un contrato entre el propietario y el usuario deben conservarse hasta que el contrato se haya ejecutado en su totalidad. Si deja un comentario, el comentario y sus metadatos se conservan indefinidamente. Esto permite que los comentarios posteriores se reconozcan y aprueben autom\u00e1ticamente en lugar de quedarse en la cola de moderaci\u00f3n. En el caso de los usuarios que se registran en nuestro sitio (cuando es posible), tambi\u00e9n almacenamos los datos personales indicados en su perfil. Todos los usuarios pueden ver, modificar o borrar su informaci\u00f3n personal en cualquier momento (a excepci\u00f3n de su nombre de usuario). Los administradores de los centros tambi\u00e9n pueden ver y modificar esta informaci\u00f3n. {Google Analytics} Los datos de uso del sitio recogidos por Google Analytics son almacenados por este servicio durante un per\u00edodo de 26 meses antes de ser eliminados.       <\/p>\n\n<h2 class=\"wp-block-heading\">Los derechos que tiene sobre sus datos<\/h2>\n\n<p>Si tiene una cuenta o si ha dejado comentarios en el sitio, puede solicitar que le enviemos un archivo con todos los datos personales que tenemos sobre usted, incluidos los que nos ha facilitado. Tambi\u00e9n puede solicitar la supresi\u00f3n de sus datos personales. Esto no incluye los datos almacenados con fines administrativos, legales o de seguridad.  <\/p>\n\n<h2 class=\"wp-block-heading\">Informaci\u00f3n de contacto<\/h2>\n\n<p>Puede ponerse en contacto con nosotros visitando nuestra <a href=\"https:\/\/www.daisho.be\/contact\/\">p\u00e1gina de contacto<\/a>.<\/p>\n\n<h2 class=\"wp-block-heading\">Para m\u00e1s informaci\u00f3n<\/h2>\n\n<h3 class=\"wp-block-heading\">C\u00f3mo protegemos sus datos<\/h3>\n\n<p>Para proteger sus datos personales, tomamos las precauciones razonables y seguimos las mejores pr\u00e1cticas del sector para garantizar que no se pierdan, malversen, accedan, divulguen, alteren o destruyan indebidamente. Se han puesto en marcha auditor\u00edas y herramientas de seguridad para vigilar los posibles ataques y evitar cualquier resquicio. <\/p>\n","protected":false},"excerpt":{"rendered":"<p>\u00bfQui\u00e9nes somos? La direcci\u00f3n de nuestro sitio web es https:\/\/www.daisho.be. Fue desarrollado sobre la base de una instancia de WordPress por Octopix. Este sitio y todos sus datos est\u00e1n alojados en DIOGENIUS. Participar en el Escudo de Protecci\u00f3n de Datos. Uso de los datos personales recogidos Medios de comunicaci\u00f3n Si es usted un usuario registrado [&hellip;]<\/p>\n","protected":false},"author":1,"featured_media":306198,"parent":0,"menu_order":0,"comment_status":"closed","ping_status":"open","template":"template-full-width.php","meta":{"inline_featured_image":false,"footnotes":""},"class_list":["post-341254","page","type-page","status-publish","has-post-thumbnail","hentry"],"yoast_head":"<!-- This site is optimized with the Yoast SEO plugin v27.2 - https:\/\/yoast.com\/product\/yoast-seo-wordpress\/ -->\n<title>Pol\u00edtica de privacidad &#8211; Daisho<\/title>\n<meta name=\"robots\" content=\"index, follow, max-snippet:-1, max-image-preview:large, max-video-preview:-1\" \/>\n<link rel=\"canonical\" href=\"https:\/\/www.daisho.be\/es\/politica-de-privacidad\/\" \/>\n<meta property=\"og:locale\" content=\"es_ES\" \/>\n<meta property=\"og:type\" content=\"article\" \/>\n<meta property=\"og:title\" content=\"Pol\u00edtica de privacidad &#8211; Daisho\" \/>\n<meta property=\"og:description\" content=\"\u00bfQui\u00e9nes somos? La direcci\u00f3n de nuestro sitio web es https:\/\/www.daisho.be. Fue desarrollado sobre la base de una instancia de WordPress por Octopix. Este sitio y todos sus datos est\u00e1n alojados en DIOGENIUS. Participar en el Escudo de Protecci\u00f3n de Datos. Uso de los datos personales recogidos Medios de comunicaci\u00f3n Si es usted un usuario registrado [&hellip;]\" \/>\n<meta property=\"og:url\" content=\"https:\/\/www.daisho.be\/es\/politica-de-privacidad\/\" \/>\n<meta property=\"og:site_name\" content=\"Daisho\" \/>\n<meta property=\"article:modified_time\" content=\"2025-10-09T08:05:38+00:00\" \/>\n<meta property=\"og:image\" content=\"https:\/\/www.daisho.be\/wp-content\/uploads\/2019\/10\/politique-confidentialite-japonais.png\" \/>\n\t<meta property=\"og:image:width\" content=\"296\" \/>\n\t<meta property=\"og:image:height\" content=\"170\" \/>\n\t<meta property=\"og:image:type\" content=\"image\/png\" \/>\n<meta name=\"twitter:card\" content=\"summary_large_image\" \/>\n<meta name=\"twitter:label1\" content=\"Tiempo de lectura\" \/>\n\t<meta name=\"twitter:data1\" content=\"6 minutos\" \/>\n<script type=\"application\/ld+json\" class=\"yoast-schema-graph\">{\"@context\":\"https:\/\/schema.org\",\"@graph\":[{\"@type\":\"WebPage\",\"@id\":\"https:\/\/www.daisho.be\/es\/politica-de-privacidad\/\",\"url\":\"https:\/\/www.daisho.be\/es\/politica-de-privacidad\/\",\"name\":\"Pol\u00edtica de privacidad &#8211; Daisho\",\"isPartOf\":{\"@id\":\"https:\/\/www.daisho.be\/es\/#website\"},\"primaryImageOfPage\":{\"@id\":\"https:\/\/www.daisho.be\/es\/politica-de-privacidad\/#primaryimage\"},\"image\":{\"@id\":\"https:\/\/www.daisho.be\/es\/politica-de-privacidad\/#primaryimage\"},\"thumbnailUrl\":\"https:\/\/www.daisho.be\/wp-content\/uploads\/2019\/10\/politique-confidentialite-japonais.png\",\"datePublished\":\"2019-06-12T11:02:10+00:00\",\"dateModified\":\"2025-10-09T08:05:38+00:00\",\"breadcrumb\":{\"@id\":\"https:\/\/www.daisho.be\/es\/politica-de-privacidad\/#breadcrumb\"},\"inLanguage\":\"es\",\"potentialAction\":[{\"@type\":\"ReadAction\",\"target\":[\"https:\/\/www.daisho.be\/es\/politica-de-privacidad\/\"]}]},{\"@type\":\"ImageObject\",\"inLanguage\":\"es\",\"@id\":\"https:\/\/www.daisho.be\/es\/politica-de-privacidad\/#primaryimage\",\"url\":\"https:\/\/www.daisho.be\/wp-content\/uploads\/2019\/10\/politique-confidentialite-japonais.png\",\"contentUrl\":\"https:\/\/www.daisho.be\/wp-content\/uploads\/2019\/10\/politique-confidentialite-japonais.png\",\"width\":296,\"height\":170},{\"@type\":\"BreadcrumbList\",\"@id\":\"https:\/\/www.daisho.be\/es\/politica-de-privacidad\/#breadcrumb\",\"itemListElement\":[{\"@type\":\"ListItem\",\"position\":1,\"name\":\"Accueil\",\"item\":\"https:\/\/www.daisho.be\/es\/\"},{\"@type\":\"ListItem\",\"position\":2,\"name\":\"Pol\u00edtica de privacidad\"}]},{\"@type\":\"WebSite\",\"@id\":\"https:\/\/www.daisho.be\/es\/#website\",\"url\":\"https:\/\/www.daisho.be\/es\/\",\"name\":\"Daisho\",\"description\":\"Sp&eacute;cialiste de l'&eacute;quipement sportif d'arts martiaux\",\"publisher\":{\"@id\":\"https:\/\/www.daisho.be\/es\/#organization\"},\"potentialAction\":[{\"@type\":\"SearchAction\",\"target\":{\"@type\":\"EntryPoint\",\"urlTemplate\":\"https:\/\/www.daisho.be\/es\/?s={search_term_string}\"},\"query-input\":{\"@type\":\"PropertyValueSpecification\",\"valueRequired\":true,\"valueName\":\"search_term_string\"}}],\"inLanguage\":\"es\"},{\"@type\":\"Organization\",\"@id\":\"https:\/\/www.daisho.be\/es\/#organization\",\"name\":\"Daisho\",\"url\":\"https:\/\/www.daisho.be\/es\/\",\"logo\":{\"@type\":\"ImageObject\",\"inLanguage\":\"es\",\"@id\":\"https:\/\/www.daisho.be\/es\/#\/schema\/logo\/image\/\",\"url\":\"https:\/\/www.daisho.be\/wp-content\/uploads\/2019\/07\/color-nothing-horizontale4x-e1564486100247.png\",\"contentUrl\":\"https:\/\/www.daisho.be\/wp-content\/uploads\/2019\/07\/color-nothing-horizontale4x-e1564486100247.png\",\"width\":1547,\"height\":385,\"caption\":\"Daisho\"},\"image\":{\"@id\":\"https:\/\/www.daisho.be\/es\/#\/schema\/logo\/image\/\"}}]}<\/script>\n<!-- \/ Yoast SEO plugin. -->","yoast_head_json":{"title":"Pol\u00edtica de privacidad &#8211; Daisho","robots":{"index":"index","follow":"follow","max-snippet":"max-snippet:-1","max-image-preview":"max-image-preview:large","max-video-preview":"max-video-preview:-1"},"canonical":"https:\/\/www.daisho.be\/es\/politica-de-privacidad\/","og_locale":"es_ES","og_type":"article","og_title":"Pol\u00edtica de privacidad &#8211; Daisho","og_description":"\u00bfQui\u00e9nes somos? La direcci\u00f3n de nuestro sitio web es https:\/\/www.daisho.be. Fue desarrollado sobre la base de una instancia de WordPress por Octopix. Este sitio y todos sus datos est\u00e1n alojados en DIOGENIUS. Participar en el Escudo de Protecci\u00f3n de Datos. Uso de los datos personales recogidos Medios de comunicaci\u00f3n Si es usted un usuario registrado [&hellip;]","og_url":"https:\/\/www.daisho.be\/es\/politica-de-privacidad\/","og_site_name":"Daisho","article_modified_time":"2025-10-09T08:05:38+00:00","og_image":[{"width":296,"height":170,"url":"https:\/\/www.daisho.be\/wp-content\/uploads\/2019\/10\/politique-confidentialite-japonais.png","type":"image\/png"}],"twitter_card":"summary_large_image","twitter_misc":{"Tiempo de lectura":"6 minutos"},"schema":{"@context":"https:\/\/schema.org","@graph":[{"@type":"WebPage","@id":"https:\/\/www.daisho.be\/es\/politica-de-privacidad\/","url":"https:\/\/www.daisho.be\/es\/politica-de-privacidad\/","name":"Pol\u00edtica de privacidad &#8211; Daisho","isPartOf":{"@id":"https:\/\/www.daisho.be\/es\/#website"},"primaryImageOfPage":{"@id":"https:\/\/www.daisho.be\/es\/politica-de-privacidad\/#primaryimage"},"image":{"@id":"https:\/\/www.daisho.be\/es\/politica-de-privacidad\/#primaryimage"},"thumbnailUrl":"https:\/\/www.daisho.be\/wp-content\/uploads\/2019\/10\/politique-confidentialite-japonais.png","datePublished":"2019-06-12T11:02:10+00:00","dateModified":"2025-10-09T08:05:38+00:00","breadcrumb":{"@id":"https:\/\/www.daisho.be\/es\/politica-de-privacidad\/#breadcrumb"},"inLanguage":"es","potentialAction":[{"@type":"ReadAction","target":["https:\/\/www.daisho.be\/es\/politica-de-privacidad\/"]}]},{"@type":"ImageObject","inLanguage":"es","@id":"https:\/\/www.daisho.be\/es\/politica-de-privacidad\/#primaryimage","url":"https:\/\/www.daisho.be\/wp-content\/uploads\/2019\/10\/politique-confidentialite-japonais.png","contentUrl":"https:\/\/www.daisho.be\/wp-content\/uploads\/2019\/10\/politique-confidentialite-japonais.png","width":296,"height":170},{"@type":"BreadcrumbList","@id":"https:\/\/www.daisho.be\/es\/politica-de-privacidad\/#breadcrumb","itemListElement":[{"@type":"ListItem","position":1,"name":"Accueil","item":"https:\/\/www.daisho.be\/es\/"},{"@type":"ListItem","position":2,"name":"Pol\u00edtica de privacidad"}]},{"@type":"WebSite","@id":"https:\/\/www.daisho.be\/es\/#website","url":"https:\/\/www.daisho.be\/es\/","name":"Daisho","description":"Sp&eacute;cialiste de l'&eacute;quipement sportif d'arts martiaux","publisher":{"@id":"https:\/\/www.daisho.be\/es\/#organization"},"potentialAction":[{"@type":"SearchAction","target":{"@type":"EntryPoint","urlTemplate":"https:\/\/www.daisho.be\/es\/?s={search_term_string}"},"query-input":{"@type":"PropertyValueSpecification","valueRequired":true,"valueName":"search_term_string"}}],"inLanguage":"es"},{"@type":"Organization","@id":"https:\/\/www.daisho.be\/es\/#organization","name":"Daisho","url":"https:\/\/www.daisho.be\/es\/","logo":{"@type":"ImageObject","inLanguage":"es","@id":"https:\/\/www.daisho.be\/es\/#\/schema\/logo\/image\/","url":"https:\/\/www.daisho.be\/wp-content\/uploads\/2019\/07\/color-nothing-horizontale4x-e1564486100247.png","contentUrl":"https:\/\/www.daisho.be\/wp-content\/uploads\/2019\/07\/color-nothing-horizontale4x-e1564486100247.png","width":1547,"height":385,"caption":"Daisho"},"image":{"@id":"https:\/\/www.daisho.be\/es\/#\/schema\/logo\/image\/"}}]}},"_links":{"self":[{"href":"https:\/\/www.daisho.be\/es\/wp-json\/wp\/v2\/pages\/341254","targetHints":{"allow":["GET"]}}],"collection":[{"href":"https:\/\/www.daisho.be\/es\/wp-json\/wp\/v2\/pages"}],"about":[{"href":"https:\/\/www.daisho.be\/es\/wp-json\/wp\/v2\/types\/page"}],"author":[{"embeddable":true,"href":"https:\/\/www.daisho.be\/es\/wp-json\/wp\/v2\/users\/1"}],"replies":[{"embeddable":true,"href":"https:\/\/www.daisho.be\/es\/wp-json\/wp\/v2\/comments?post=341254"}],"version-history":[{"count":2,"href":"https:\/\/www.daisho.be\/es\/wp-json\/wp\/v2\/pages\/341254\/revisions"}],"predecessor-version":[{"id":558633,"href":"https:\/\/www.daisho.be\/es\/wp-json\/wp\/v2\/pages\/341254\/revisions\/558633"}],"wp:featuredmedia":[{"embeddable":true,"href":"https:\/\/www.daisho.be\/es\/wp-json\/wp\/v2\/media\/306198"}],"wp:attachment":[{"href":"https:\/\/www.daisho.be\/es\/wp-json\/wp\/v2\/media?parent=341254"}],"curies":[{"name":"wp","href":"https:\/\/api.w.org\/{rel}","templated":true}]}}