{"id":491702,"date":"2025-02-11T15:31:56","date_gmt":"2025-02-11T14:31:56","guid":{"rendered":"https:\/\/www.daisho.be\/produit\/binome-resistance-fitness-equipment-for-2-people-fitness\/"},"modified":"2025-10-09T14:35:53","modified_gmt":"2025-10-09T12:35:53","slug":"binome-resistance-fitness-equipment-for-2-people-fitness","status":"publish","type":"product","link":"https:\/\/www.daisho.be\/en\/produit\/binome-resistance-fitness-equipment-for-2-people-fitness\/","title":{"rendered":"Bin\u00f4me R\u00e9sistance &#8211; Fitness equipment for 2 people &#8211; Fitness"},"content":{"rendered":"<p>The Bin\u00f4me R\u00e9sistance is a piece of fitness equipment that allows two people to work together or in pairs.<\/p>\n<p>Training for Two: The Bin\u00f4me allows two people to train together, offering motivation, fun and mutual support. Perfect for shared sessions with a partner, coach or group.<br \/>\nRobust and safe design: featuring a monofil polyester rope reinforced with a Pom core, guaranteeing durability and safety even after long periods of intensive use.<br \/>\nVersatility and portability: Compact and lightweight, this device is easy to transport and can be used anywhere, whether at home, in the park or at the gym.<br \/>\nEnhanced comfort: Non-slip handle with shock absorber, designed to provide optimum support and superior comfort during exercise.<br \/>\nFull Features: Equipped with a back-and-forth calculator, calories burned counter, and time of use, with a reset function for precise tracking of your performance.<\/p>\n<p>Version: Fitness, for more resistance.<br \/>\nDifferent uses by body and arm position<br \/>\nStanding:<br \/>\nThe pair can be used at different arm angles to intensify work on a specific area of the upper limbs:<\/p>\n<p>??arms at 90\u00b0 (upper trapezius and neck)<br \/>\n??arms at 45\u00b0 elbows bent: wrist extensors (epicondylials and shoulders )<br \/>\nTae le Empty the body niale entes us (ales degaya), pose tepuis (dvieux) and laterals<br \/>\n(abductors and adductors) intervene to stabilize the body.<br \/>\nSitting:<br \/>\nDepending on whether the handles are positioned upwards or downwards, the muscular action will be different.<br \/>\n1) Handles towards the ceiling: anterior fascicle of the deltoid.<br \/>\n2) face-to-face handles: triceps, middle and posterior deltoid.<br \/>\n3) Handles down: deltoid, triceps.<br \/>\nChest opening :<br \/>\nThanks to the amplitude of extension of both arms combined with inspiration during the execution of the movements, you have a maximum opening of your thoracic cage.<\/p>\n","protected":false},"excerpt":{"rendered":"[video width=\"1920\" height=\"1080\" mp4=\"https:\/\/www.daisho.be\/wp-content\/uploads\/2025\/02\/BINOME-RESISTANCE-Header.mp4\"][\/video]\n","protected":false},"featured_media":491653,"comment_status":"open","ping_status":"closed","template":"","meta":{"inline_featured_image":false},"product_brand":[],"product_cat":[1655,1758,1401],"product_tag":[2476],"sport":[],"class_list":{"0":"post-491702","1":"product","2":"type-product","3":"status-publish","4":"has-post-thumbnail","6":"product_cat-strengthening-muscles-en","7":"product_cat-training-equipment-en-2","8":"product_cat-training-equipment-en","9":"product_tag-binome-resistance-en","11":"first","12":"instock","13":"sale","14":"taxable","15":"shipping-taxable","16":"purchasable","17":"product-type-simple"},"yoast_head":"<!-- This site is optimized with the Yoast SEO plugin v27.2 - https:\/\/yoast.com\/product\/yoast-seo-wordpress\/ -->\n<title>Bin\u00f4me R\u00e9sistance - Fitness equipment for 2 people - Fitness &#8211; Daisho<\/title>\n<meta name=\"description\" content=\"The Bin\u00f4me Resistance is a fitness machine for training in pairs. The Fitness version is designed for athletes. | Daisho\" \/>\n<meta name=\"robots\" content=\"index, follow, max-snippet:-1, max-image-preview:large, max-video-preview:-1\" \/>\n<link rel=\"canonical\" href=\"https:\/\/www.daisho.be\/en\/produit\/binome-resistance-fitness-equipment-for-2-people-fitness\/\" \/>\n<meta property=\"og:locale\" content=\"en_US\" \/>\n<meta property=\"og:type\" content=\"article\" \/>\n<meta property=\"og:title\" content=\"Bin\u00f4me R\u00e9sistance - Fitness equipment for 2 people - Fitness &#8211; Daisho\" \/>\n<meta property=\"og:description\" content=\"The Bin\u00f4me Resistance is a fitness machine for training in pairs. The Fitness version is designed for athletes. | Daisho\" \/>\n<meta property=\"og:url\" content=\"https:\/\/www.daisho.be\/en\/produit\/binome-resistance-fitness-equipment-for-2-people-fitness\/\" \/>\n<meta property=\"og:site_name\" content=\"Daisho\" \/>\n<meta property=\"article:modified_time\" content=\"2025-10-09T12:35:53+00:00\" \/>\n<meta property=\"og:image\" content=\"https:\/\/www.daisho.be\/wp-content\/uploads\/2025\/02\/image-73.jpg\" \/>\n\t<meta property=\"og:image:width\" content=\"2000\" \/>\n\t<meta property=\"og:image:height\" content=\"1333\" \/>\n\t<meta property=\"og:image:type\" content=\"image\/jpeg\" \/>\n<meta name=\"twitter:card\" content=\"summary_large_image\" \/>\n<meta name=\"twitter:label1\" content=\"Est. reading time\" \/>\n\t<meta name=\"twitter:data1\" content=\"1 minute\" \/>\n<script type=\"application\/ld+json\" class=\"yoast-schema-graph\">{\"@context\":\"https:\/\/schema.org\",\"@graph\":[{\"@type\":\"WebPage\",\"@id\":\"https:\/\/www.daisho.be\/en\/produit\/binome-resistance-fitness-equipment-for-2-people-fitness\/\",\"url\":\"https:\/\/www.daisho.be\/en\/produit\/binome-resistance-fitness-equipment-for-2-people-fitness\/\",\"name\":\"Bin\u00f4me R\u00e9sistance - Fitness equipment for 2 people - Fitness &#8211; Daisho\",\"isPartOf\":{\"@id\":\"https:\/\/www.daisho.be\/en\/#website\"},\"primaryImageOfPage\":{\"@id\":\"https:\/\/www.daisho.be\/en\/produit\/binome-resistance-fitness-equipment-for-2-people-fitness\/#primaryimage\"},\"image\":{\"@id\":\"https:\/\/www.daisho.be\/en\/produit\/binome-resistance-fitness-equipment-for-2-people-fitness\/#primaryimage\"},\"thumbnailUrl\":\"https:\/\/www.daisho.be\/wp-content\/uploads\/2025\/02\/image-73.jpg\",\"datePublished\":\"2025-02-11T14:31:56+00:00\",\"dateModified\":\"2025-10-09T12:35:53+00:00\",\"description\":\"The Bin\u00f4me Resistance is a fitness machine for training in pairs. The Fitness version is designed for athletes. | Daisho\",\"breadcrumb\":{\"@id\":\"https:\/\/www.daisho.be\/en\/produit\/binome-resistance-fitness-equipment-for-2-people-fitness\/#breadcrumb\"},\"inLanguage\":\"en-US\",\"potentialAction\":[{\"@type\":\"ReadAction\",\"target\":[\"https:\/\/www.daisho.be\/en\/produit\/binome-resistance-fitness-equipment-for-2-people-fitness\/\"]}]},{\"@type\":\"ImageObject\",\"inLanguage\":\"en-US\",\"@id\":\"https:\/\/www.daisho.be\/en\/produit\/binome-resistance-fitness-equipment-for-2-people-fitness\/#primaryimage\",\"url\":\"https:\/\/www.daisho.be\/wp-content\/uploads\/2025\/02\/image-73.jpg\",\"contentUrl\":\"https:\/\/www.daisho.be\/wp-content\/uploads\/2025\/02\/image-73.jpg\",\"width\":2000,\"height\":1333,\"caption\":\"Bin\u00f4me R\u00e9sistance - Fitness equipment for 2 - Fitness-1\"},{\"@type\":\"BreadcrumbList\",\"@id\":\"https:\/\/www.daisho.be\/en\/produit\/binome-resistance-fitness-equipment-for-2-people-fitness\/#breadcrumb\",\"itemListElement\":[{\"@type\":\"ListItem\",\"position\":1,\"name\":\"Accueil\",\"item\":\"https:\/\/www.daisho.be\/en\/\"},{\"@type\":\"ListItem\",\"position\":2,\"name\":\"Products\",\"item\":\"https:\/\/www.daisho.be\/en\/products\/\"},{\"@type\":\"ListItem\",\"position\":3,\"name\":\"Combat sports\",\"item\":\"https:\/\/www.daisho.be\/en\/categorie-produit\/combat-sports-en\/\"},{\"@type\":\"ListItem\",\"position\":4,\"name\":\"Training equipment\",\"item\":\"https:\/\/www.daisho.be\/en\/categorie-produit\/combat-sports-en\/training-equipment-en\/\"},{\"@type\":\"ListItem\",\"position\":5,\"name\":\"Bin\u00f4me R\u00e9sistance &#8211; Fitness equipment for 2 people &#8211; Fitness\"}]},{\"@type\":\"WebSite\",\"@id\":\"https:\/\/www.daisho.be\/en\/#website\",\"url\":\"https:\/\/www.daisho.be\/en\/\",\"name\":\"Daisho\",\"description\":\"Sp&eacute;cialiste de l'&eacute;quipement sportif d'arts martiaux\",\"publisher\":{\"@id\":\"https:\/\/www.daisho.be\/en\/#organization\"},\"potentialAction\":[{\"@type\":\"SearchAction\",\"target\":{\"@type\":\"EntryPoint\",\"urlTemplate\":\"https:\/\/www.daisho.be\/en\/?s={search_term_string}\"},\"query-input\":{\"@type\":\"PropertyValueSpecification\",\"valueRequired\":true,\"valueName\":\"search_term_string\"}}],\"inLanguage\":\"en-US\"},{\"@type\":\"Organization\",\"@id\":\"https:\/\/www.daisho.be\/en\/#organization\",\"name\":\"Daisho\",\"url\":\"https:\/\/www.daisho.be\/en\/\",\"logo\":{\"@type\":\"ImageObject\",\"inLanguage\":\"en-US\",\"@id\":\"https:\/\/www.daisho.be\/en\/#\/schema\/logo\/image\/\",\"url\":\"https:\/\/www.daisho.be\/wp-content\/uploads\/2019\/07\/color-nothing-horizontale4x-e1564486100247.png\",\"contentUrl\":\"https:\/\/www.daisho.be\/wp-content\/uploads\/2019\/07\/color-nothing-horizontale4x-e1564486100247.png\",\"width\":1547,\"height\":385,\"caption\":\"Daisho\"},\"image\":{\"@id\":\"https:\/\/www.daisho.be\/en\/#\/schema\/logo\/image\/\"}}]}<\/script>\n<!-- \/ Yoast SEO plugin. -->","yoast_head_json":{"title":"Bin\u00f4me R\u00e9sistance - Fitness equipment for 2 people - Fitness &#8211; Daisho","description":"The Bin\u00f4me Resistance is a fitness machine for training in pairs. The Fitness version is designed for athletes. | Daisho","robots":{"index":"index","follow":"follow","max-snippet":"max-snippet:-1","max-image-preview":"max-image-preview:large","max-video-preview":"max-video-preview:-1"},"canonical":"https:\/\/www.daisho.be\/en\/produit\/binome-resistance-fitness-equipment-for-2-people-fitness\/","og_locale":"en_US","og_type":"article","og_title":"Bin\u00f4me R\u00e9sistance - Fitness equipment for 2 people - Fitness &#8211; Daisho","og_description":"The Bin\u00f4me Resistance is a fitness machine for training in pairs. The Fitness version is designed for athletes. | Daisho","og_url":"https:\/\/www.daisho.be\/en\/produit\/binome-resistance-fitness-equipment-for-2-people-fitness\/","og_site_name":"Daisho","article_modified_time":"2025-10-09T12:35:53+00:00","og_image":[{"width":2000,"height":1333,"url":"https:\/\/www.daisho.be\/wp-content\/uploads\/2025\/02\/image-73.jpg","type":"image\/jpeg"}],"twitter_card":"summary_large_image","twitter_misc":{"Est. reading time":"1 minute"},"schema":{"@context":"https:\/\/schema.org","@graph":[{"@type":"WebPage","@id":"https:\/\/www.daisho.be\/en\/produit\/binome-resistance-fitness-equipment-for-2-people-fitness\/","url":"https:\/\/www.daisho.be\/en\/produit\/binome-resistance-fitness-equipment-for-2-people-fitness\/","name":"Bin\u00f4me R\u00e9sistance - Fitness equipment for 2 people - Fitness &#8211; Daisho","isPartOf":{"@id":"https:\/\/www.daisho.be\/en\/#website"},"primaryImageOfPage":{"@id":"https:\/\/www.daisho.be\/en\/produit\/binome-resistance-fitness-equipment-for-2-people-fitness\/#primaryimage"},"image":{"@id":"https:\/\/www.daisho.be\/en\/produit\/binome-resistance-fitness-equipment-for-2-people-fitness\/#primaryimage"},"thumbnailUrl":"https:\/\/www.daisho.be\/wp-content\/uploads\/2025\/02\/image-73.jpg","datePublished":"2025-02-11T14:31:56+00:00","dateModified":"2025-10-09T12:35:53+00:00","description":"The Bin\u00f4me Resistance is a fitness machine for training in pairs. The Fitness version is designed for athletes. | Daisho","breadcrumb":{"@id":"https:\/\/www.daisho.be\/en\/produit\/binome-resistance-fitness-equipment-for-2-people-fitness\/#breadcrumb"},"inLanguage":"en-US","potentialAction":[{"@type":"ReadAction","target":["https:\/\/www.daisho.be\/en\/produit\/binome-resistance-fitness-equipment-for-2-people-fitness\/"]}]},{"@type":"ImageObject","inLanguage":"en-US","@id":"https:\/\/www.daisho.be\/en\/produit\/binome-resistance-fitness-equipment-for-2-people-fitness\/#primaryimage","url":"https:\/\/www.daisho.be\/wp-content\/uploads\/2025\/02\/image-73.jpg","contentUrl":"https:\/\/www.daisho.be\/wp-content\/uploads\/2025\/02\/image-73.jpg","width":2000,"height":1333,"caption":"Bin\u00f4me R\u00e9sistance - Fitness equipment for 2 - Fitness-1"},{"@type":"BreadcrumbList","@id":"https:\/\/www.daisho.be\/en\/produit\/binome-resistance-fitness-equipment-for-2-people-fitness\/#breadcrumb","itemListElement":[{"@type":"ListItem","position":1,"name":"Accueil","item":"https:\/\/www.daisho.be\/en\/"},{"@type":"ListItem","position":2,"name":"Products","item":"https:\/\/www.daisho.be\/en\/products\/"},{"@type":"ListItem","position":3,"name":"Combat sports","item":"https:\/\/www.daisho.be\/en\/categorie-produit\/combat-sports-en\/"},{"@type":"ListItem","position":4,"name":"Training equipment","item":"https:\/\/www.daisho.be\/en\/categorie-produit\/combat-sports-en\/training-equipment-en\/"},{"@type":"ListItem","position":5,"name":"Bin\u00f4me R\u00e9sistance &#8211; Fitness equipment for 2 people &#8211; Fitness"}]},{"@type":"WebSite","@id":"https:\/\/www.daisho.be\/en\/#website","url":"https:\/\/www.daisho.be\/en\/","name":"Daisho","description":"Sp&eacute;cialiste de l'&eacute;quipement sportif d'arts martiaux","publisher":{"@id":"https:\/\/www.daisho.be\/en\/#organization"},"potentialAction":[{"@type":"SearchAction","target":{"@type":"EntryPoint","urlTemplate":"https:\/\/www.daisho.be\/en\/?s={search_term_string}"},"query-input":{"@type":"PropertyValueSpecification","valueRequired":true,"valueName":"search_term_string"}}],"inLanguage":"en-US"},{"@type":"Organization","@id":"https:\/\/www.daisho.be\/en\/#organization","name":"Daisho","url":"https:\/\/www.daisho.be\/en\/","logo":{"@type":"ImageObject","inLanguage":"en-US","@id":"https:\/\/www.daisho.be\/en\/#\/schema\/logo\/image\/","url":"https:\/\/www.daisho.be\/wp-content\/uploads\/2019\/07\/color-nothing-horizontale4x-e1564486100247.png","contentUrl":"https:\/\/www.daisho.be\/wp-content\/uploads\/2019\/07\/color-nothing-horizontale4x-e1564486100247.png","width":1547,"height":385,"caption":"Daisho"},"image":{"@id":"https:\/\/www.daisho.be\/en\/#\/schema\/logo\/image\/"}}]}},"_links":{"self":[{"href":"https:\/\/www.daisho.be\/en\/wp-json\/wp\/v2\/product\/491702","targetHints":{"allow":["GET"]}}],"collection":[{"href":"https:\/\/www.daisho.be\/en\/wp-json\/wp\/v2\/product"}],"about":[{"href":"https:\/\/www.daisho.be\/en\/wp-json\/wp\/v2\/types\/product"}],"replies":[{"embeddable":true,"href":"https:\/\/www.daisho.be\/en\/wp-json\/wp\/v2\/comments?post=491702"}],"wp:featuredmedia":[{"embeddable":true,"href":"https:\/\/www.daisho.be\/en\/wp-json\/wp\/v2\/media\/491653"}],"wp:attachment":[{"href":"https:\/\/www.daisho.be\/en\/wp-json\/wp\/v2\/media?parent=491702"}],"wp:term":[{"taxonomy":"product_brand","embeddable":true,"href":"https:\/\/www.daisho.be\/en\/wp-json\/wp\/v2\/product_brand?post=491702"},{"taxonomy":"product_cat","embeddable":true,"href":"https:\/\/www.daisho.be\/en\/wp-json\/wp\/v2\/product_cat?post=491702"},{"taxonomy":"product_tag","embeddable":true,"href":"https:\/\/www.daisho.be\/en\/wp-json\/wp\/v2\/product_tag?post=491702"},{"taxonomy":"sport","embeddable":true,"href":"https:\/\/www.daisho.be\/en\/wp-json\/wp\/v2\/sport?post=491702"}],"curies":[{"name":"wp","href":"https:\/\/api.w.org\/{rel}","templated":true}]}}