{"id":491646,"date":"2025-02-11T15:29:29","date_gmt":"2025-02-11T14:29:29","guid":{"rendered":"https:\/\/www.daisho.be\/produit\/binome-resistance-fitness-equipment-for-2-people-basic\/"},"modified":"2025-10-09T14:31:11","modified_gmt":"2025-10-09T12:31:11","slug":"binome-resistance-fitness-equipment-for-2-people-basic","status":"publish","type":"product","link":"https:\/\/www.daisho.be\/en\/produit\/binome-resistance-fitness-equipment-for-2-people-basic\/","title":{"rendered":"Bin\u00f4me R\u00e9sistance &#8211; Fitness equipment for 2 people &#8211; Basic"},"content":{"rendered":"<p>The Bin\u00f4me R\u00e9sistance is a piece of fitness equipment that allows two people to work together or in pairs.<\/p>\n<p>Training for Two: The Bin\u00f4me allows two people to train together, offering motivation, fun and mutual support. Perfect for shared sessions with a partner, coach or group.<br \/>\nRobust and safe design: featuring a monofil polyester rope reinforced with a Pom core, guaranteeing durability and safety even after long periods of intensive use.<br \/>\nVersatility and portability: Compact and lightweight, this device is easy to transport and can be used anywhere, whether at home, in the park or at the gym.<br \/>\nEnhanced comfort: Non-slip handle with shock absorber, designed to provide optimum support and superior comfort during exercise.<br \/>\nFull Features: Equipped with a back-and-forth calculator, calories burned counter, and time of use, with a reset function for precise tracking of your performance.<\/p>\n<p>Version: Basic, for beginners, children or seniors.<br \/>\nDifferent uses for body and arm positions<br \/>\nStanding :<br \/>\nThe pair can be used at different arm angles to intensify work on a specific region of the upper limbs:<br \/>\n??arms at 90\u00b0 (upper trapezius and neck)<br \/>\n??arms at 45\u00b0 elbows bent: wrist extensors (epicondylials and shoulders)<br \/>\nTae le Empty the body niale entes us (ales degaya), pose tepuis (dvieux) and laterals<br \/>\n(abductors and adductors) intervene to stabilize the body.<br \/>\nSitting:<br \/>\nDepending on whether the handles are positioned upwards or downwards, the muscular action will be different.<br \/>\n1) Handles towards the ceiling: anterior fascicle of the deltoid.<br \/>\n2) face-to-face handles: triceps, middle and posterior deltoid.<br \/>\n3) Handles down: deltoid, triceps.<br \/>\nChest opening :<br \/>\nThanks to the amplitude of extension of both arms combined with inspiration during the execution of the movements, you have a maximum opening of your thoracic cage.<\/p>\n","protected":false},"excerpt":{"rendered":"[video width=\"1920\" height=\"1080\" mp4=\"https:\/\/www.daisho.be\/wp-content\/uploads\/2025\/02\/BINOME-RESISTANCE-Header.mp4\"][\/video]\n","protected":false},"featured_media":491604,"comment_status":"open","ping_status":"closed","template":"","meta":{"inline_featured_image":false},"product_brand":[],"product_cat":[1648,1401],"product_tag":[2476],"sport":[],"class_list":{"0":"post-491646","1":"product","2":"type-product","3":"status-publish","4":"has-post-thumbnail","6":"product_cat-strengthening-muscles","7":"product_cat-training-equipment-en","8":"product_tag-binome-resistance-en","10":"first","11":"instock","12":"sale","13":"taxable","14":"shipping-taxable","15":"purchasable","16":"product-type-simple"},"yoast_head":"<!-- This site is optimized with the Yoast SEO plugin v27.2 - https:\/\/yoast.com\/product\/yoast-seo-wordpress\/ -->\n<title>Bin\u00f4me R\u00e9sistance - Fitness equipment for 2 people - Basic &#8211; Daisho<\/title>\n<meta name=\"description\" content=\"The Bin\u00f4me Resistance is a fitness machine for training in pairs. The Basic version has been designed for children and seniors.\" \/>\n<meta name=\"robots\" content=\"index, follow, max-snippet:-1, max-image-preview:large, max-video-preview:-1\" \/>\n<link rel=\"canonical\" href=\"https:\/\/www.daisho.be\/en\/produit\/binome-resistance-fitness-equipment-for-2-people-basic\/\" \/>\n<meta property=\"og:locale\" content=\"en_US\" \/>\n<meta property=\"og:type\" content=\"article\" \/>\n<meta property=\"og:title\" content=\"Bin\u00f4me R\u00e9sistance - Fitness equipment for 2 people - Basic &#8211; Daisho\" \/>\n<meta property=\"og:description\" content=\"The Bin\u00f4me Resistance is a fitness machine for training in pairs. The Basic version has been designed for children and seniors.\" \/>\n<meta property=\"og:url\" content=\"https:\/\/www.daisho.be\/en\/produit\/binome-resistance-fitness-equipment-for-2-people-basic\/\" \/>\n<meta property=\"og:site_name\" content=\"Daisho\" \/>\n<meta property=\"article:modified_time\" content=\"2025-10-09T12:31:11+00:00\" \/>\n<meta property=\"og:image\" content=\"https:\/\/www.daisho.be\/wp-content\/uploads\/2025\/02\/image-68.jpg\" \/>\n\t<meta property=\"og:image:width\" content=\"1024\" \/>\n\t<meta property=\"og:image:height\" content=\"1024\" \/>\n\t<meta property=\"og:image:type\" content=\"image\/jpeg\" \/>\n<meta name=\"twitter:card\" content=\"summary_large_image\" \/>\n<meta name=\"twitter:label1\" content=\"Est. reading time\" \/>\n\t<meta name=\"twitter:data1\" content=\"1 minute\" \/>\n<script type=\"application\/ld+json\" class=\"yoast-schema-graph\">{\"@context\":\"https:\/\/schema.org\",\"@graph\":[{\"@type\":\"WebPage\",\"@id\":\"https:\/\/www.daisho.be\/en\/produit\/binome-resistance-fitness-equipment-for-2-people-basic\/\",\"url\":\"https:\/\/www.daisho.be\/en\/produit\/binome-resistance-fitness-equipment-for-2-people-basic\/\",\"name\":\"Bin\u00f4me R\u00e9sistance - Fitness equipment for 2 people - Basic &#8211; Daisho\",\"isPartOf\":{\"@id\":\"https:\/\/www.daisho.be\/en\/#website\"},\"primaryImageOfPage\":{\"@id\":\"https:\/\/www.daisho.be\/en\/produit\/binome-resistance-fitness-equipment-for-2-people-basic\/#primaryimage\"},\"image\":{\"@id\":\"https:\/\/www.daisho.be\/en\/produit\/binome-resistance-fitness-equipment-for-2-people-basic\/#primaryimage\"},\"thumbnailUrl\":\"https:\/\/www.daisho.be\/wp-content\/uploads\/2025\/02\/image-68.jpg\",\"datePublished\":\"2025-02-11T14:29:29+00:00\",\"dateModified\":\"2025-10-09T12:31:11+00:00\",\"description\":\"The Bin\u00f4me Resistance is a fitness machine for training in pairs. The Basic version has been designed for children and seniors.\",\"breadcrumb\":{\"@id\":\"https:\/\/www.daisho.be\/en\/produit\/binome-resistance-fitness-equipment-for-2-people-basic\/#breadcrumb\"},\"inLanguage\":\"en-US\",\"potentialAction\":[{\"@type\":\"ReadAction\",\"target\":[\"https:\/\/www.daisho.be\/en\/produit\/binome-resistance-fitness-equipment-for-2-people-basic\/\"]}]},{\"@type\":\"ImageObject\",\"inLanguage\":\"en-US\",\"@id\":\"https:\/\/www.daisho.be\/en\/produit\/binome-resistance-fitness-equipment-for-2-people-basic\/#primaryimage\",\"url\":\"https:\/\/www.daisho.be\/wp-content\/uploads\/2025\/02\/image-68.jpg\",\"contentUrl\":\"https:\/\/www.daisho.be\/wp-content\/uploads\/2025\/02\/image-68.jpg\",\"width\":1024,\"height\":1024,\"caption\":\"Bin\u00f4me R\u00e9sistance - Fitness equipment for 2 people - Basic-1\"},{\"@type\":\"BreadcrumbList\",\"@id\":\"https:\/\/www.daisho.be\/en\/produit\/binome-resistance-fitness-equipment-for-2-people-basic\/#breadcrumb\",\"itemListElement\":[{\"@type\":\"ListItem\",\"position\":1,\"name\":\"Accueil\",\"item\":\"https:\/\/www.daisho.be\/en\/\"},{\"@type\":\"ListItem\",\"position\":2,\"name\":\"Products\",\"item\":\"https:\/\/www.daisho.be\/en\/products\/\"},{\"@type\":\"ListItem\",\"position\":3,\"name\":\"Combat sports\",\"item\":\"https:\/\/www.daisho.be\/en\/categorie-produit\/combat-sports-en\/\"},{\"@type\":\"ListItem\",\"position\":4,\"name\":\"Training equipment\",\"item\":\"https:\/\/www.daisho.be\/en\/categorie-produit\/combat-sports-en\/training-equipment-en\/\"},{\"@type\":\"ListItem\",\"position\":5,\"name\":\"Bin\u00f4me R\u00e9sistance &#8211; Fitness equipment for 2 people &#8211; Basic\"}]},{\"@type\":\"WebSite\",\"@id\":\"https:\/\/www.daisho.be\/en\/#website\",\"url\":\"https:\/\/www.daisho.be\/en\/\",\"name\":\"Daisho\",\"description\":\"Sp&eacute;cialiste de l'&eacute;quipement sportif d'arts martiaux\",\"publisher\":{\"@id\":\"https:\/\/www.daisho.be\/en\/#organization\"},\"potentialAction\":[{\"@type\":\"SearchAction\",\"target\":{\"@type\":\"EntryPoint\",\"urlTemplate\":\"https:\/\/www.daisho.be\/en\/?s={search_term_string}\"},\"query-input\":{\"@type\":\"PropertyValueSpecification\",\"valueRequired\":true,\"valueName\":\"search_term_string\"}}],\"inLanguage\":\"en-US\"},{\"@type\":\"Organization\",\"@id\":\"https:\/\/www.daisho.be\/en\/#organization\",\"name\":\"Daisho\",\"url\":\"https:\/\/www.daisho.be\/en\/\",\"logo\":{\"@type\":\"ImageObject\",\"inLanguage\":\"en-US\",\"@id\":\"https:\/\/www.daisho.be\/en\/#\/schema\/logo\/image\/\",\"url\":\"https:\/\/www.daisho.be\/wp-content\/uploads\/2019\/07\/color-nothing-horizontale4x-e1564486100247.png\",\"contentUrl\":\"https:\/\/www.daisho.be\/wp-content\/uploads\/2019\/07\/color-nothing-horizontale4x-e1564486100247.png\",\"width\":1547,\"height\":385,\"caption\":\"Daisho\"},\"image\":{\"@id\":\"https:\/\/www.daisho.be\/en\/#\/schema\/logo\/image\/\"}}]}<\/script>\n<!-- \/ Yoast SEO plugin. -->","yoast_head_json":{"title":"Bin\u00f4me R\u00e9sistance - Fitness equipment for 2 people - Basic &#8211; Daisho","description":"The Bin\u00f4me Resistance is a fitness machine for training in pairs. The Basic version has been designed for children and seniors.","robots":{"index":"index","follow":"follow","max-snippet":"max-snippet:-1","max-image-preview":"max-image-preview:large","max-video-preview":"max-video-preview:-1"},"canonical":"https:\/\/www.daisho.be\/en\/produit\/binome-resistance-fitness-equipment-for-2-people-basic\/","og_locale":"en_US","og_type":"article","og_title":"Bin\u00f4me R\u00e9sistance - Fitness equipment for 2 people - Basic &#8211; Daisho","og_description":"The Bin\u00f4me Resistance is a fitness machine for training in pairs. The Basic version has been designed for children and seniors.","og_url":"https:\/\/www.daisho.be\/en\/produit\/binome-resistance-fitness-equipment-for-2-people-basic\/","og_site_name":"Daisho","article_modified_time":"2025-10-09T12:31:11+00:00","og_image":[{"width":1024,"height":1024,"url":"https:\/\/www.daisho.be\/wp-content\/uploads\/2025\/02\/image-68.jpg","type":"image\/jpeg"}],"twitter_card":"summary_large_image","twitter_misc":{"Est. reading time":"1 minute"},"schema":{"@context":"https:\/\/schema.org","@graph":[{"@type":"WebPage","@id":"https:\/\/www.daisho.be\/en\/produit\/binome-resistance-fitness-equipment-for-2-people-basic\/","url":"https:\/\/www.daisho.be\/en\/produit\/binome-resistance-fitness-equipment-for-2-people-basic\/","name":"Bin\u00f4me R\u00e9sistance - Fitness equipment for 2 people - Basic &#8211; Daisho","isPartOf":{"@id":"https:\/\/www.daisho.be\/en\/#website"},"primaryImageOfPage":{"@id":"https:\/\/www.daisho.be\/en\/produit\/binome-resistance-fitness-equipment-for-2-people-basic\/#primaryimage"},"image":{"@id":"https:\/\/www.daisho.be\/en\/produit\/binome-resistance-fitness-equipment-for-2-people-basic\/#primaryimage"},"thumbnailUrl":"https:\/\/www.daisho.be\/wp-content\/uploads\/2025\/02\/image-68.jpg","datePublished":"2025-02-11T14:29:29+00:00","dateModified":"2025-10-09T12:31:11+00:00","description":"The Bin\u00f4me Resistance is a fitness machine for training in pairs. The Basic version has been designed for children and seniors.","breadcrumb":{"@id":"https:\/\/www.daisho.be\/en\/produit\/binome-resistance-fitness-equipment-for-2-people-basic\/#breadcrumb"},"inLanguage":"en-US","potentialAction":[{"@type":"ReadAction","target":["https:\/\/www.daisho.be\/en\/produit\/binome-resistance-fitness-equipment-for-2-people-basic\/"]}]},{"@type":"ImageObject","inLanguage":"en-US","@id":"https:\/\/www.daisho.be\/en\/produit\/binome-resistance-fitness-equipment-for-2-people-basic\/#primaryimage","url":"https:\/\/www.daisho.be\/wp-content\/uploads\/2025\/02\/image-68.jpg","contentUrl":"https:\/\/www.daisho.be\/wp-content\/uploads\/2025\/02\/image-68.jpg","width":1024,"height":1024,"caption":"Bin\u00f4me R\u00e9sistance - Fitness equipment for 2 people - Basic-1"},{"@type":"BreadcrumbList","@id":"https:\/\/www.daisho.be\/en\/produit\/binome-resistance-fitness-equipment-for-2-people-basic\/#breadcrumb","itemListElement":[{"@type":"ListItem","position":1,"name":"Accueil","item":"https:\/\/www.daisho.be\/en\/"},{"@type":"ListItem","position":2,"name":"Products","item":"https:\/\/www.daisho.be\/en\/products\/"},{"@type":"ListItem","position":3,"name":"Combat sports","item":"https:\/\/www.daisho.be\/en\/categorie-produit\/combat-sports-en\/"},{"@type":"ListItem","position":4,"name":"Training equipment","item":"https:\/\/www.daisho.be\/en\/categorie-produit\/combat-sports-en\/training-equipment-en\/"},{"@type":"ListItem","position":5,"name":"Bin\u00f4me R\u00e9sistance &#8211; Fitness equipment for 2 people &#8211; Basic"}]},{"@type":"WebSite","@id":"https:\/\/www.daisho.be\/en\/#website","url":"https:\/\/www.daisho.be\/en\/","name":"Daisho","description":"Sp&eacute;cialiste de l'&eacute;quipement sportif d'arts martiaux","publisher":{"@id":"https:\/\/www.daisho.be\/en\/#organization"},"potentialAction":[{"@type":"SearchAction","target":{"@type":"EntryPoint","urlTemplate":"https:\/\/www.daisho.be\/en\/?s={search_term_string}"},"query-input":{"@type":"PropertyValueSpecification","valueRequired":true,"valueName":"search_term_string"}}],"inLanguage":"en-US"},{"@type":"Organization","@id":"https:\/\/www.daisho.be\/en\/#organization","name":"Daisho","url":"https:\/\/www.daisho.be\/en\/","logo":{"@type":"ImageObject","inLanguage":"en-US","@id":"https:\/\/www.daisho.be\/en\/#\/schema\/logo\/image\/","url":"https:\/\/www.daisho.be\/wp-content\/uploads\/2019\/07\/color-nothing-horizontale4x-e1564486100247.png","contentUrl":"https:\/\/www.daisho.be\/wp-content\/uploads\/2019\/07\/color-nothing-horizontale4x-e1564486100247.png","width":1547,"height":385,"caption":"Daisho"},"image":{"@id":"https:\/\/www.daisho.be\/en\/#\/schema\/logo\/image\/"}}]}},"_links":{"self":[{"href":"https:\/\/www.daisho.be\/en\/wp-json\/wp\/v2\/product\/491646","targetHints":{"allow":["GET"]}}],"collection":[{"href":"https:\/\/www.daisho.be\/en\/wp-json\/wp\/v2\/product"}],"about":[{"href":"https:\/\/www.daisho.be\/en\/wp-json\/wp\/v2\/types\/product"}],"replies":[{"embeddable":true,"href":"https:\/\/www.daisho.be\/en\/wp-json\/wp\/v2\/comments?post=491646"}],"wp:featuredmedia":[{"embeddable":true,"href":"https:\/\/www.daisho.be\/en\/wp-json\/wp\/v2\/media\/491604"}],"wp:attachment":[{"href":"https:\/\/www.daisho.be\/en\/wp-json\/wp\/v2\/media?parent=491646"}],"wp:term":[{"taxonomy":"product_brand","embeddable":true,"href":"https:\/\/www.daisho.be\/en\/wp-json\/wp\/v2\/product_brand?post=491646"},{"taxonomy":"product_cat","embeddable":true,"href":"https:\/\/www.daisho.be\/en\/wp-json\/wp\/v2\/product_cat?post=491646"},{"taxonomy":"product_tag","embeddable":true,"href":"https:\/\/www.daisho.be\/en\/wp-json\/wp\/v2\/product_tag?post=491646"},{"taxonomy":"sport","embeddable":true,"href":"https:\/\/www.daisho.be\/en\/wp-json\/wp\/v2\/sport?post=491646"}],"curies":[{"name":"wp","href":"https:\/\/api.w.org\/{rel}","templated":true}]}}