{"id":410113,"date":"2024-05-24T12:55:55","date_gmt":"2024-05-24T10:55:55","guid":{"rendered":"https:\/\/www.daisho.be\/produit\/daisho-printed-shower-towel\/"},"modified":"2026-03-10T15:54:45","modified_gmt":"2026-03-10T14:54:45","slug":"daisho-printed-shower-towel","status":"publish","type":"product","link":"https:\/\/www.daisho.be\/en\/produit\/daisho-printed-shower-towel\/","title":{"rendered":"Daisho printed shower towel"},"content":{"rendered":"<p>High-quality shower sheets are made of cotton and have a printed white border.<br \/>\nThe white border is made of 100% polyester.<br \/>\nThe font size is approx. 3.5 cm.<br \/>\nPrint on white border.<br \/>\nThe print width is max. 37 cm.<br \/>\nDepending on the text, we may need to adjust the font size or print on two lines.<br \/>\nPlease note that font 10 is not suitable for umlauts such as \u00e4,\u00f6,\u00fc.<br \/>\nIn the product images, you will find an overview of the fonts and the appearance of the letters in the alphabet. Some fonts do not differentiate between upper and lower case.<br \/>\nWe can also print a logo on request.<br \/>\nPlease e-mail us the name and logo after order confirmation.<br \/>\nPlease note that we do not carry out any graphic processing.<br \/>\nA logo is printed on the fabric as you send it. Please use royalty-free JPG files.<br \/>\nOf course, it&#8217;s also possible to print just one logo.<br \/>\nShower sheet size: 70 x 140 cm  <\/p>\n","protected":false},"excerpt":{"rendered":"<p>High-quality shower sheets are made of cotton and have a printed white border. The white border is made of 100% polyester. The font size is approx. 3.5 cm. Print on white border. The print width is max. 37 cm. Depending on the text, we may need to adjust the font size or print on two [&hellip;]<\/p>\n","protected":false},"featured_media":410573,"comment_status":"open","ping_status":"closed","template":"","meta":{"inline_featured_image":false},"product_brand":[],"product_cat":[1470,1455],"product_tag":[1427],"sport":[],"class_list":{"0":"post-410113","1":"product","2":"type-product","3":"status-publish","4":"has-post-thumbnail","6":"product_cat-care","7":"product_cat-gifts","8":"product_tag-daisho-en","10":"first","11":"instock","12":"sale","13":"taxable","14":"shipping-taxable","15":"purchasable","16":"product-type-simple"},"yoast_head":"<!-- This site is optimized with the Yoast SEO plugin v27.2 - https:\/\/yoast.com\/product\/yoast-seo-wordpress\/ -->\n<title>Daisho printed shower towel &#8211; Daisho<\/title>\n<meta name=\"description\" content=\"Would you like a shower towel that reflects your image? Come and have your towel personalized on our website www.daisho.be|Daisho\" \/>\n<meta name=\"robots\" content=\"index, follow, max-snippet:-1, max-image-preview:large, max-video-preview:-1\" \/>\n<link rel=\"canonical\" href=\"https:\/\/www.daisho.be\/en\/produit\/daisho-printed-shower-towel\/\" \/>\n<meta property=\"og:locale\" content=\"en_US\" \/>\n<meta property=\"og:type\" content=\"article\" \/>\n<meta property=\"og:title\" content=\"Daisho printed shower towel &#8211; Daisho\" \/>\n<meta property=\"og:description\" content=\"Would you like a shower towel that reflects your image? Come and have your towel personalized on our website www.daisho.be|Daisho\" \/>\n<meta property=\"og:url\" content=\"https:\/\/www.daisho.be\/en\/produit\/daisho-printed-shower-towel\/\" \/>\n<meta property=\"og:site_name\" content=\"Daisho\" \/>\n<meta property=\"article:modified_time\" content=\"2026-03-10T14:54:45+00:00\" \/>\n<meta property=\"og:image\" content=\"https:\/\/www.daisho.be\/wp-content\/uploads\/2024\/05\/image-76.jpg\" \/>\n\t<meta property=\"og:image:width\" content=\"600\" \/>\n\t<meta property=\"og:image:height\" content=\"381\" \/>\n\t<meta property=\"og:image:type\" content=\"image\/jpeg\" \/>\n<meta name=\"twitter:card\" content=\"summary_large_image\" \/>\n<meta name=\"twitter:label1\" content=\"Est. reading time\" \/>\n\t<meta name=\"twitter:data1\" content=\"1 minute\" \/>\n<script type=\"application\/ld+json\" class=\"yoast-schema-graph\">{\"@context\":\"https:\/\/schema.org\",\"@graph\":[{\"@type\":\"WebPage\",\"@id\":\"https:\/\/www.daisho.be\/en\/produit\/daisho-printed-shower-towel\/\",\"url\":\"https:\/\/www.daisho.be\/en\/produit\/daisho-printed-shower-towel\/\",\"name\":\"Daisho printed shower towel &#8211; Daisho\",\"isPartOf\":{\"@id\":\"https:\/\/www.daisho.be\/en\/#website\"},\"primaryImageOfPage\":{\"@id\":\"https:\/\/www.daisho.be\/en\/produit\/daisho-printed-shower-towel\/#primaryimage\"},\"image\":{\"@id\":\"https:\/\/www.daisho.be\/en\/produit\/daisho-printed-shower-towel\/#primaryimage\"},\"thumbnailUrl\":\"https:\/\/www.daisho.be\/wp-content\/uploads\/2024\/05\/image-76.jpg\",\"datePublished\":\"2024-05-24T10:55:55+00:00\",\"dateModified\":\"2026-03-10T14:54:45+00:00\",\"description\":\"Would you like a shower towel that reflects your image? Come and have your towel personalized on our website www.daisho.be|Daisho\",\"breadcrumb\":{\"@id\":\"https:\/\/www.daisho.be\/en\/produit\/daisho-printed-shower-towel\/#breadcrumb\"},\"inLanguage\":\"en-US\",\"potentialAction\":[{\"@type\":\"ReadAction\",\"target\":[\"https:\/\/www.daisho.be\/en\/produit\/daisho-printed-shower-towel\/\"]}]},{\"@type\":\"ImageObject\",\"inLanguage\":\"en-US\",\"@id\":\"https:\/\/www.daisho.be\/en\/produit\/daisho-printed-shower-towel\/#primaryimage\",\"url\":\"https:\/\/www.daisho.be\/wp-content\/uploads\/2024\/05\/image-76.jpg\",\"contentUrl\":\"https:\/\/www.daisho.be\/wp-content\/uploads\/2024\/05\/image-76.jpg\",\"width\":600,\"height\":381,\"caption\":\"Daisho-1 printed shower towel\"},{\"@type\":\"BreadcrumbList\",\"@id\":\"https:\/\/www.daisho.be\/en\/produit\/daisho-printed-shower-towel\/#breadcrumb\",\"itemListElement\":[{\"@type\":\"ListItem\",\"position\":1,\"name\":\"Accueil\",\"item\":\"https:\/\/www.daisho.be\/en\/\"},{\"@type\":\"ListItem\",\"position\":2,\"name\":\"Products\",\"item\":\"https:\/\/www.daisho.be\/en\/products\/\"},{\"@type\":\"ListItem\",\"position\":3,\"name\":\"Combat sports\",\"item\":\"https:\/\/www.daisho.be\/en\/categorie-produit\/combat-sports-en\/\"},{\"@type\":\"ListItem\",\"position\":4,\"name\":\"Care\",\"item\":\"https:\/\/www.daisho.be\/en\/categorie-produit\/combat-sports-en\/care\/\"},{\"@type\":\"ListItem\",\"position\":5,\"name\":\"Daisho printed shower towel\"}]},{\"@type\":\"WebSite\",\"@id\":\"https:\/\/www.daisho.be\/en\/#website\",\"url\":\"https:\/\/www.daisho.be\/en\/\",\"name\":\"Daisho\",\"description\":\"Sp&eacute;cialiste de l'&eacute;quipement sportif d'arts martiaux\",\"publisher\":{\"@id\":\"https:\/\/www.daisho.be\/en\/#organization\"},\"potentialAction\":[{\"@type\":\"SearchAction\",\"target\":{\"@type\":\"EntryPoint\",\"urlTemplate\":\"https:\/\/www.daisho.be\/en\/?s={search_term_string}\"},\"query-input\":{\"@type\":\"PropertyValueSpecification\",\"valueRequired\":true,\"valueName\":\"search_term_string\"}}],\"inLanguage\":\"en-US\"},{\"@type\":\"Organization\",\"@id\":\"https:\/\/www.daisho.be\/en\/#organization\",\"name\":\"Daisho\",\"url\":\"https:\/\/www.daisho.be\/en\/\",\"logo\":{\"@type\":\"ImageObject\",\"inLanguage\":\"en-US\",\"@id\":\"https:\/\/www.daisho.be\/en\/#\/schema\/logo\/image\/\",\"url\":\"https:\/\/www.daisho.be\/wp-content\/uploads\/2019\/07\/color-nothing-horizontale4x-e1564486100247.png\",\"contentUrl\":\"https:\/\/www.daisho.be\/wp-content\/uploads\/2019\/07\/color-nothing-horizontale4x-e1564486100247.png\",\"width\":1547,\"height\":385,\"caption\":\"Daisho\"},\"image\":{\"@id\":\"https:\/\/www.daisho.be\/en\/#\/schema\/logo\/image\/\"}}]}<\/script>\n<!-- \/ Yoast SEO plugin. -->","yoast_head_json":{"title":"Daisho printed shower towel &#8211; Daisho","description":"Would you like a shower towel that reflects your image? Come and have your towel personalized on our website www.daisho.be|Daisho","robots":{"index":"index","follow":"follow","max-snippet":"max-snippet:-1","max-image-preview":"max-image-preview:large","max-video-preview":"max-video-preview:-1"},"canonical":"https:\/\/www.daisho.be\/en\/produit\/daisho-printed-shower-towel\/","og_locale":"en_US","og_type":"article","og_title":"Daisho printed shower towel &#8211; Daisho","og_description":"Would you like a shower towel that reflects your image? Come and have your towel personalized on our website www.daisho.be|Daisho","og_url":"https:\/\/www.daisho.be\/en\/produit\/daisho-printed-shower-towel\/","og_site_name":"Daisho","article_modified_time":"2026-03-10T14:54:45+00:00","og_image":[{"width":600,"height":381,"url":"https:\/\/www.daisho.be\/wp-content\/uploads\/2024\/05\/image-76.jpg","type":"image\/jpeg"}],"twitter_card":"summary_large_image","twitter_misc":{"Est. reading time":"1 minute"},"schema":{"@context":"https:\/\/schema.org","@graph":[{"@type":"WebPage","@id":"https:\/\/www.daisho.be\/en\/produit\/daisho-printed-shower-towel\/","url":"https:\/\/www.daisho.be\/en\/produit\/daisho-printed-shower-towel\/","name":"Daisho printed shower towel &#8211; Daisho","isPartOf":{"@id":"https:\/\/www.daisho.be\/en\/#website"},"primaryImageOfPage":{"@id":"https:\/\/www.daisho.be\/en\/produit\/daisho-printed-shower-towel\/#primaryimage"},"image":{"@id":"https:\/\/www.daisho.be\/en\/produit\/daisho-printed-shower-towel\/#primaryimage"},"thumbnailUrl":"https:\/\/www.daisho.be\/wp-content\/uploads\/2024\/05\/image-76.jpg","datePublished":"2024-05-24T10:55:55+00:00","dateModified":"2026-03-10T14:54:45+00:00","description":"Would you like a shower towel that reflects your image? Come and have your towel personalized on our website www.daisho.be|Daisho","breadcrumb":{"@id":"https:\/\/www.daisho.be\/en\/produit\/daisho-printed-shower-towel\/#breadcrumb"},"inLanguage":"en-US","potentialAction":[{"@type":"ReadAction","target":["https:\/\/www.daisho.be\/en\/produit\/daisho-printed-shower-towel\/"]}]},{"@type":"ImageObject","inLanguage":"en-US","@id":"https:\/\/www.daisho.be\/en\/produit\/daisho-printed-shower-towel\/#primaryimage","url":"https:\/\/www.daisho.be\/wp-content\/uploads\/2024\/05\/image-76.jpg","contentUrl":"https:\/\/www.daisho.be\/wp-content\/uploads\/2024\/05\/image-76.jpg","width":600,"height":381,"caption":"Daisho-1 printed shower towel"},{"@type":"BreadcrumbList","@id":"https:\/\/www.daisho.be\/en\/produit\/daisho-printed-shower-towel\/#breadcrumb","itemListElement":[{"@type":"ListItem","position":1,"name":"Accueil","item":"https:\/\/www.daisho.be\/en\/"},{"@type":"ListItem","position":2,"name":"Products","item":"https:\/\/www.daisho.be\/en\/products\/"},{"@type":"ListItem","position":3,"name":"Combat sports","item":"https:\/\/www.daisho.be\/en\/categorie-produit\/combat-sports-en\/"},{"@type":"ListItem","position":4,"name":"Care","item":"https:\/\/www.daisho.be\/en\/categorie-produit\/combat-sports-en\/care\/"},{"@type":"ListItem","position":5,"name":"Daisho printed shower towel"}]},{"@type":"WebSite","@id":"https:\/\/www.daisho.be\/en\/#website","url":"https:\/\/www.daisho.be\/en\/","name":"Daisho","description":"Sp&eacute;cialiste de l'&eacute;quipement sportif d'arts martiaux","publisher":{"@id":"https:\/\/www.daisho.be\/en\/#organization"},"potentialAction":[{"@type":"SearchAction","target":{"@type":"EntryPoint","urlTemplate":"https:\/\/www.daisho.be\/en\/?s={search_term_string}"},"query-input":{"@type":"PropertyValueSpecification","valueRequired":true,"valueName":"search_term_string"}}],"inLanguage":"en-US"},{"@type":"Organization","@id":"https:\/\/www.daisho.be\/en\/#organization","name":"Daisho","url":"https:\/\/www.daisho.be\/en\/","logo":{"@type":"ImageObject","inLanguage":"en-US","@id":"https:\/\/www.daisho.be\/en\/#\/schema\/logo\/image\/","url":"https:\/\/www.daisho.be\/wp-content\/uploads\/2019\/07\/color-nothing-horizontale4x-e1564486100247.png","contentUrl":"https:\/\/www.daisho.be\/wp-content\/uploads\/2019\/07\/color-nothing-horizontale4x-e1564486100247.png","width":1547,"height":385,"caption":"Daisho"},"image":{"@id":"https:\/\/www.daisho.be\/en\/#\/schema\/logo\/image\/"}}]}},"_links":{"self":[{"href":"https:\/\/www.daisho.be\/en\/wp-json\/wp\/v2\/product\/410113","targetHints":{"allow":["GET"]}}],"collection":[{"href":"https:\/\/www.daisho.be\/en\/wp-json\/wp\/v2\/product"}],"about":[{"href":"https:\/\/www.daisho.be\/en\/wp-json\/wp\/v2\/types\/product"}],"replies":[{"embeddable":true,"href":"https:\/\/www.daisho.be\/en\/wp-json\/wp\/v2\/comments?post=410113"}],"wp:featuredmedia":[{"embeddable":true,"href":"https:\/\/www.daisho.be\/en\/wp-json\/wp\/v2\/media\/410573"}],"wp:attachment":[{"href":"https:\/\/www.daisho.be\/en\/wp-json\/wp\/v2\/media?parent=410113"}],"wp:term":[{"taxonomy":"product_brand","embeddable":true,"href":"https:\/\/www.daisho.be\/en\/wp-json\/wp\/v2\/product_brand?post=410113"},{"taxonomy":"product_cat","embeddable":true,"href":"https:\/\/www.daisho.be\/en\/wp-json\/wp\/v2\/product_cat?post=410113"},{"taxonomy":"product_tag","embeddable":true,"href":"https:\/\/www.daisho.be\/en\/wp-json\/wp\/v2\/product_tag?post=410113"},{"taxonomy":"sport","embeddable":true,"href":"https:\/\/www.daisho.be\/en\/wp-json\/wp\/v2\/sport?post=410113"}],"curies":[{"name":"wp","href":"https:\/\/api.w.org\/{rel}","templated":true}]}}