{"id":692711,"date":"2026-05-08T15:35:27","date_gmt":"2026-05-08T13:35:27","guid":{"rendered":"https:\/\/www.daisho.be\/produit\/qi-gong-kugeln-klangkugeln-rot-mit-yingyang-4-cm\/"},"modified":"2026-05-08T15:35:27","modified_gmt":"2026-05-08T13:35:27","slug":"qi-gong-kugeln-klangkugeln-rot-mit-yingyang-4-cm","status":"publish","type":"product","link":"https:\/\/www.daisho.be\/de\/produit\/qi-gong-kugeln-klangkugeln-rot-mit-yingyang-4-cm\/","title":{"rendered":"Qi Gong-Kugeln Klangkugeln rot mit YingYang 4 cm"},"content":{"rendered":"<p>Diese Qigong-Kugeln sind handgefertigt und mit einem Klangwerk versehen.<br \/>\nDiese Klangkugeln sind ideal zum Entspannen, Meditieren oder Konzentrieren.<br \/>\nSie eignen sich auch f\u00fcr die Rehabilitation, das Training der Motorik und f\u00fcr Massagen.<\/p>\n<p>Diese Qi Gong-Kugeln mit YingYang-Motiven werden paarweise in einem Geschenkbeutel geliefert.<br \/>\nSie haben einen Durchmesser von ca. 4 cm.<\/p>\n<p>Bitte beachten Sie, dass diese Qigong-Kugeln handgefertigt sind und es daher kleine Unterschiede in Art und Qualit\u00e4t geben kann (z.B. Farbe, Gr\u00f6\u00dfe oder Struktur).<br \/>\nAnf\u00e4nger m\u00fcssen unbedingt darauf achten, dass sie die Kugeln nicht fallen lassen!<\/p>\n<p>Merkmale :<\/p>\n<p>  Farbe: rot<br \/>\n mit Klangmechanismus<br \/>\n handgefertigt<br \/>\n Lieferumfang: 1 Paar mit Geschenketui<\/p>\n","protected":false},"excerpt":{"rendered":"<p>Diese Qigong-Kugeln sind handgefertigt und mit einem Klangwerk versehen. Diese Klangkugeln sind ideal zum Entspannen, Meditieren oder Konzentrieren. Sie eignen sich auch f\u00fcr die Rehabilitation, das Training der Motorik und f\u00fcr Massagen. Diese Qi Gong-Kugeln mit YingYang-Motiven werden paarweise in einem Geschenkbeutel geliefert. Sie haben einen Durchmesser von ca. 4 cm. Bitte beachten Sie, dass [&hellip;]<\/p>\n","protected":false},"featured_media":692659,"comment_status":"open","ping_status":"closed","template":"","meta":{"inline_featured_image":false},"product_brand":[],"product_cat":[2356],"product_tag":[2158],"sport":[],"class_list":{"0":"post-692711","1":"product","2":"type-product","3":"status-publish","4":"has-post-thumbnail","6":"product_cat-andere-de","7":"product_tag-s-b-j-de","9":"first","10":"instock","11":"taxable","12":"shipping-taxable","13":"purchasable","14":"product-type-simple"},"yoast_head":"<!-- This site is optimized with the Yoast SEO plugin v27.2 - https:\/\/yoast.com\/product\/yoast-seo-wordpress\/ -->\n<title>Qi Gong-Kugeln Klangkugeln rot mit YingYang 4 cm &#8211; Daisho<\/title>\n<meta name=\"robots\" content=\"index, follow, max-snippet:-1, max-image-preview:large, max-video-preview:-1\" \/>\n<link rel=\"canonical\" href=\"https:\/\/www.daisho.be\/de\/produit\/qi-gong-kugeln-klangkugeln-rot-mit-yingyang-4-cm\/\" \/>\n<meta property=\"og:locale\" content=\"de_DE\" \/>\n<meta property=\"og:type\" content=\"article\" \/>\n<meta property=\"og:title\" content=\"Qi Gong-Kugeln Klangkugeln rot mit YingYang 4 cm &#8211; Daisho\" \/>\n<meta property=\"og:description\" content=\"Diese Qigong-Kugeln sind handgefertigt und mit einem Klangwerk versehen. Diese Klangkugeln sind ideal zum Entspannen, Meditieren oder Konzentrieren. Sie eignen sich auch f\u00fcr die Rehabilitation, das Training der Motorik und f\u00fcr Massagen. Diese Qi Gong-Kugeln mit YingYang-Motiven werden paarweise in einem Geschenkbeutel geliefert. Sie haben einen Durchmesser von ca. 4 cm. Bitte beachten Sie, dass [&hellip;]\" \/>\n<meta property=\"og:url\" content=\"https:\/\/www.daisho.be\/de\/produit\/qi-gong-kugeln-klangkugeln-rot-mit-yingyang-4-cm\/\" \/>\n<meta property=\"og:site_name\" content=\"Daisho\" \/>\n<meta property=\"og:image\" content=\"https:\/\/www.daisho.be\/wp-content\/uploads\/2026\/05\/image-29.png\" \/>\n\t<meta property=\"og:image:width\" content=\"753\" \/>\n\t<meta property=\"og:image:height\" content=\"469\" \/>\n\t<meta property=\"og:image:type\" content=\"image\/png\" \/>\n<meta name=\"twitter:card\" content=\"summary_large_image\" \/>\n<meta name=\"twitter:label1\" content=\"Gesch\u00e4tzte Lesezeit\" \/>\n\t<meta name=\"twitter:data1\" content=\"1\u00a0Minute\" \/>\n<script type=\"application\/ld+json\" class=\"yoast-schema-graph\">{\"@context\":\"https:\/\/schema.org\",\"@graph\":[{\"@type\":\"WebPage\",\"@id\":\"https:\/\/www.daisho.be\/de\/produit\/qi-gong-kugeln-klangkugeln-rot-mit-yingyang-4-cm\/\",\"url\":\"https:\/\/www.daisho.be\/de\/produit\/qi-gong-kugeln-klangkugeln-rot-mit-yingyang-4-cm\/\",\"name\":\"Qi Gong-Kugeln Klangkugeln rot mit YingYang 4 cm &#8211; Daisho\",\"isPartOf\":{\"@id\":\"https:\/\/www.daisho.be\/de\/#website\"},\"primaryImageOfPage\":{\"@id\":\"https:\/\/www.daisho.be\/de\/produit\/qi-gong-kugeln-klangkugeln-rot-mit-yingyang-4-cm\/#primaryimage\"},\"image\":{\"@id\":\"https:\/\/www.daisho.be\/de\/produit\/qi-gong-kugeln-klangkugeln-rot-mit-yingyang-4-cm\/#primaryimage\"},\"thumbnailUrl\":\"https:\/\/www.daisho.be\/wp-content\/uploads\/2026\/05\/image-29.png\",\"datePublished\":\"2026-05-08T13:35:27+00:00\",\"breadcrumb\":{\"@id\":\"https:\/\/www.daisho.be\/de\/produit\/qi-gong-kugeln-klangkugeln-rot-mit-yingyang-4-cm\/#breadcrumb\"},\"inLanguage\":\"de\",\"potentialAction\":[{\"@type\":\"ReadAction\",\"target\":[\"https:\/\/www.daisho.be\/de\/produit\/qi-gong-kugeln-klangkugeln-rot-mit-yingyang-4-cm\/\"]}]},{\"@type\":\"ImageObject\",\"inLanguage\":\"de\",\"@id\":\"https:\/\/www.daisho.be\/de\/produit\/qi-gong-kugeln-klangkugeln-rot-mit-yingyang-4-cm\/#primaryimage\",\"url\":\"https:\/\/www.daisho.be\/wp-content\/uploads\/2026\/05\/image-29.png\",\"contentUrl\":\"https:\/\/www.daisho.be\/wp-content\/uploads\/2026\/05\/image-29.png\",\"width\":753,\"height\":469,\"caption\":\"Boules de Qi Gong Boules sonores rouges avec YingYang 4 cm-1\"},{\"@type\":\"BreadcrumbList\",\"@id\":\"https:\/\/www.daisho.be\/de\/produit\/qi-gong-kugeln-klangkugeln-rot-mit-yingyang-4-cm\/#breadcrumb\",\"itemListElement\":[{\"@type\":\"ListItem\",\"position\":1,\"name\":\"Accueil\",\"item\":\"https:\/\/www.daisho.be\/de\/\"},{\"@type\":\"ListItem\",\"position\":2,\"name\":\"Produkte\",\"item\":\"https:\/\/www.daisho.be\/de\/produkte\/\"},{\"@type\":\"ListItem\",\"position\":3,\"name\":\"Andere\",\"item\":\"https:\/\/www.daisho.be\/de\/categorie-produit\/andere-de\/\"},{\"@type\":\"ListItem\",\"position\":4,\"name\":\"Qi Gong-Kugeln Klangkugeln rot mit YingYang 4 cm\"}]},{\"@type\":\"WebSite\",\"@id\":\"https:\/\/www.daisho.be\/de\/#website\",\"url\":\"https:\/\/www.daisho.be\/de\/\",\"name\":\"Daisho\",\"description\":\"Sp&eacute;cialiste de l'&eacute;quipement sportif d'arts martiaux\",\"publisher\":{\"@id\":\"https:\/\/www.daisho.be\/de\/#organization\"},\"potentialAction\":[{\"@type\":\"SearchAction\",\"target\":{\"@type\":\"EntryPoint\",\"urlTemplate\":\"https:\/\/www.daisho.be\/de\/?s={search_term_string}\"},\"query-input\":{\"@type\":\"PropertyValueSpecification\",\"valueRequired\":true,\"valueName\":\"search_term_string\"}}],\"inLanguage\":\"de\"},{\"@type\":\"Organization\",\"@id\":\"https:\/\/www.daisho.be\/de\/#organization\",\"name\":\"Daisho\",\"url\":\"https:\/\/www.daisho.be\/de\/\",\"logo\":{\"@type\":\"ImageObject\",\"inLanguage\":\"de\",\"@id\":\"https:\/\/www.daisho.be\/de\/#\/schema\/logo\/image\/\",\"url\":\"https:\/\/www.daisho.be\/wp-content\/uploads\/2019\/07\/color-nothing-horizontale4x-e1564486100247.png\",\"contentUrl\":\"https:\/\/www.daisho.be\/wp-content\/uploads\/2019\/07\/color-nothing-horizontale4x-e1564486100247.png\",\"width\":1547,\"height\":385,\"caption\":\"Daisho\"},\"image\":{\"@id\":\"https:\/\/www.daisho.be\/de\/#\/schema\/logo\/image\/\"}}]}<\/script>\n<!-- \/ Yoast SEO plugin. -->","yoast_head_json":{"title":"Qi Gong-Kugeln Klangkugeln rot mit YingYang 4 cm &#8211; Daisho","robots":{"index":"index","follow":"follow","max-snippet":"max-snippet:-1","max-image-preview":"max-image-preview:large","max-video-preview":"max-video-preview:-1"},"canonical":"https:\/\/www.daisho.be\/de\/produit\/qi-gong-kugeln-klangkugeln-rot-mit-yingyang-4-cm\/","og_locale":"de_DE","og_type":"article","og_title":"Qi Gong-Kugeln Klangkugeln rot mit YingYang 4 cm &#8211; Daisho","og_description":"Diese Qigong-Kugeln sind handgefertigt und mit einem Klangwerk versehen. Diese Klangkugeln sind ideal zum Entspannen, Meditieren oder Konzentrieren. Sie eignen sich auch f\u00fcr die Rehabilitation, das Training der Motorik und f\u00fcr Massagen. Diese Qi Gong-Kugeln mit YingYang-Motiven werden paarweise in einem Geschenkbeutel geliefert. Sie haben einen Durchmesser von ca. 4 cm. Bitte beachten Sie, dass [&hellip;]","og_url":"https:\/\/www.daisho.be\/de\/produit\/qi-gong-kugeln-klangkugeln-rot-mit-yingyang-4-cm\/","og_site_name":"Daisho","og_image":[{"width":753,"height":469,"url":"https:\/\/www.daisho.be\/wp-content\/uploads\/2026\/05\/image-29.png","type":"image\/png"}],"twitter_card":"summary_large_image","twitter_misc":{"Gesch\u00e4tzte Lesezeit":"1\u00a0Minute"},"schema":{"@context":"https:\/\/schema.org","@graph":[{"@type":"WebPage","@id":"https:\/\/www.daisho.be\/de\/produit\/qi-gong-kugeln-klangkugeln-rot-mit-yingyang-4-cm\/","url":"https:\/\/www.daisho.be\/de\/produit\/qi-gong-kugeln-klangkugeln-rot-mit-yingyang-4-cm\/","name":"Qi Gong-Kugeln Klangkugeln rot mit YingYang 4 cm &#8211; Daisho","isPartOf":{"@id":"https:\/\/www.daisho.be\/de\/#website"},"primaryImageOfPage":{"@id":"https:\/\/www.daisho.be\/de\/produit\/qi-gong-kugeln-klangkugeln-rot-mit-yingyang-4-cm\/#primaryimage"},"image":{"@id":"https:\/\/www.daisho.be\/de\/produit\/qi-gong-kugeln-klangkugeln-rot-mit-yingyang-4-cm\/#primaryimage"},"thumbnailUrl":"https:\/\/www.daisho.be\/wp-content\/uploads\/2026\/05\/image-29.png","datePublished":"2026-05-08T13:35:27+00:00","breadcrumb":{"@id":"https:\/\/www.daisho.be\/de\/produit\/qi-gong-kugeln-klangkugeln-rot-mit-yingyang-4-cm\/#breadcrumb"},"inLanguage":"de","potentialAction":[{"@type":"ReadAction","target":["https:\/\/www.daisho.be\/de\/produit\/qi-gong-kugeln-klangkugeln-rot-mit-yingyang-4-cm\/"]}]},{"@type":"ImageObject","inLanguage":"de","@id":"https:\/\/www.daisho.be\/de\/produit\/qi-gong-kugeln-klangkugeln-rot-mit-yingyang-4-cm\/#primaryimage","url":"https:\/\/www.daisho.be\/wp-content\/uploads\/2026\/05\/image-29.png","contentUrl":"https:\/\/www.daisho.be\/wp-content\/uploads\/2026\/05\/image-29.png","width":753,"height":469,"caption":"Boules de Qi Gong Boules sonores rouges avec YingYang 4 cm-1"},{"@type":"BreadcrumbList","@id":"https:\/\/www.daisho.be\/de\/produit\/qi-gong-kugeln-klangkugeln-rot-mit-yingyang-4-cm\/#breadcrumb","itemListElement":[{"@type":"ListItem","position":1,"name":"Accueil","item":"https:\/\/www.daisho.be\/de\/"},{"@type":"ListItem","position":2,"name":"Produkte","item":"https:\/\/www.daisho.be\/de\/produkte\/"},{"@type":"ListItem","position":3,"name":"Andere","item":"https:\/\/www.daisho.be\/de\/categorie-produit\/andere-de\/"},{"@type":"ListItem","position":4,"name":"Qi Gong-Kugeln Klangkugeln rot mit YingYang 4 cm"}]},{"@type":"WebSite","@id":"https:\/\/www.daisho.be\/de\/#website","url":"https:\/\/www.daisho.be\/de\/","name":"Daisho","description":"Sp&eacute;cialiste de l'&eacute;quipement sportif d'arts martiaux","publisher":{"@id":"https:\/\/www.daisho.be\/de\/#organization"},"potentialAction":[{"@type":"SearchAction","target":{"@type":"EntryPoint","urlTemplate":"https:\/\/www.daisho.be\/de\/?s={search_term_string}"},"query-input":{"@type":"PropertyValueSpecification","valueRequired":true,"valueName":"search_term_string"}}],"inLanguage":"de"},{"@type":"Organization","@id":"https:\/\/www.daisho.be\/de\/#organization","name":"Daisho","url":"https:\/\/www.daisho.be\/de\/","logo":{"@type":"ImageObject","inLanguage":"de","@id":"https:\/\/www.daisho.be\/de\/#\/schema\/logo\/image\/","url":"https:\/\/www.daisho.be\/wp-content\/uploads\/2019\/07\/color-nothing-horizontale4x-e1564486100247.png","contentUrl":"https:\/\/www.daisho.be\/wp-content\/uploads\/2019\/07\/color-nothing-horizontale4x-e1564486100247.png","width":1547,"height":385,"caption":"Daisho"},"image":{"@id":"https:\/\/www.daisho.be\/de\/#\/schema\/logo\/image\/"}}]}},"_links":{"self":[{"href":"https:\/\/www.daisho.be\/de\/wp-json\/wp\/v2\/product\/692711","targetHints":{"allow":["GET"]}}],"collection":[{"href":"https:\/\/www.daisho.be\/de\/wp-json\/wp\/v2\/product"}],"about":[{"href":"https:\/\/www.daisho.be\/de\/wp-json\/wp\/v2\/types\/product"}],"replies":[{"embeddable":true,"href":"https:\/\/www.daisho.be\/de\/wp-json\/wp\/v2\/comments?post=692711"}],"wp:featuredmedia":[{"embeddable":true,"href":"https:\/\/www.daisho.be\/de\/wp-json\/wp\/v2\/media\/692659"}],"wp:attachment":[{"href":"https:\/\/www.daisho.be\/de\/wp-json\/wp\/v2\/media?parent=692711"}],"wp:term":[{"taxonomy":"product_brand","embeddable":true,"href":"https:\/\/www.daisho.be\/de\/wp-json\/wp\/v2\/product_brand?post=692711"},{"taxonomy":"product_cat","embeddable":true,"href":"https:\/\/www.daisho.be\/de\/wp-json\/wp\/v2\/product_cat?post=692711"},{"taxonomy":"product_tag","embeddable":true,"href":"https:\/\/www.daisho.be\/de\/wp-json\/wp\/v2\/product_tag?post=692711"},{"taxonomy":"sport","embeddable":true,"href":"https:\/\/www.daisho.be\/de\/wp-json\/wp\/v2\/sport?post=692711"}],"curies":[{"name":"wp","href":"https:\/\/api.w.org\/{rel}","templated":true}]}}