{"id":687429,"date":"2026-04-29T12:22:11","date_gmt":"2026-04-29T10:22:11","guid":{"rendered":"https:\/\/www.daisho.be\/produit\/mehrfachtrockner-fuer-20-boxhandschuhe-wandmontage\/"},"modified":"2026-04-30T09:23:44","modified_gmt":"2026-04-30T07:23:44","slug":"mehrfachtrockner-fuer-20-boxhandschuhe-wandmontage","status":"publish","type":"product","link":"https:\/\/www.daisho.be\/de\/produit\/mehrfachtrockner-fuer-20-boxhandschuhe-wandmontage\/","title":{"rendered":"Mehrfachtrockner f\u00fcr 20 Boxhandschuhe, Wandmontage"},"content":{"rendered":"<p>Industrieller Trockner f\u00fcr bis zu 20 Paar Boxhandschuhe, konzipiert f\u00fcr die Wandmontage.<br \/>\nDas System verf\u00fcgt \u00fcber eine geschlossene Luftzufuhr sowie um 45\u00b0 geneigte D\u00fcsen f\u00fcr ein ergonomisches und effizientes Anlegen der Handschuhe. Die Gesamttiefe betr\u00e4gt 50 cm.<br \/>\nRobuste Konstruktion aus schwarzem oder rostfreiem Stahl.<br \/>\nEingebauter Ventilator zum schnelleren Trocknen Ihrer Handschuhe. <\/p>\n<p>Der Multiglove-Trockner f\u00fcr Boxhandschuhe ist die L\u00f6sung! Heutzutage sind Hygiene und Gesundheit wichtige Themen f\u00fcr alle Boxclubs, Dojos und Kampfsporthallen. Wer in diesem Bereich gut aufgestellt ist, punktet bei seinen Mitgliedern und ist gut vorbereitet, um neue Mitglieder zu gewinnen.<br \/>\nDie Antwort auf diese Herausforderung ist unser robuster Multi Boxhandschuh-Trockner. Dieser Wandtrockner mit seiner eleganten schwarzen Pulverbeschichtung oder Edelstahloberfl\u00e4che kann bis zu drei S\u00e4tze Boxhandschuhe aufnehmen und trocknet jeden Satz separat mit einem eingebauten Zeitbegrenzer f\u00fcr mehr Bequemlichkeit.<br \/>\nAusgestattet mit industriellen Hochleistungsgebl\u00e4sen garantiert dieser Trockner schnelle Trocknungszeiten, was ihn zur idealen Erg\u00e4nzung f\u00fcr jede stark frequentierte Sporthalle oder Trainingszentrum macht. Die robuste Konstruktion garantiert eine lange Lebensdauer, was ihn zu einer zuverl\u00e4ssigen Wahl f\u00fcr wiederholten Gebrauch macht.<br \/>\nGeben Sie sich nicht mit durchn\u00e4ssten und unangenehm riechenden Handschuhen zufrieden &#8211; entscheiden Sie sich f\u00fcr den Multi Boxing Gloves Dryer und genie\u00dfen Sie den Komfort und die Sauberkeit, die Sie und Ihre Athleten verdienen. <\/p>\n<p>Technische Daten:<br \/>\n&#8211; Kapazit\u00e4t: 20 Paar Boxhandschuhe<br \/>\n&#8211; Anzahl der Luftschl\u00e4uche: 40 St\u00fcck<br \/>\n&#8211; Neigungswinkel der Luftschl\u00e4uche: 45\u00b0<br \/>\n&#8211; Bauart: Wandger\u00e4t mit geschlossener Luftzirkulation<br \/>\n&#8211; Gesamttiefe: 500 mm<br \/>\n&#8211; Versorgungsspannung: 230 V<br \/>\n&#8211; Leistungseinstellung: 3 Stufen<br \/>\n&#8211; Steuerung: integrierter Timer<br \/>\n&#8211; Luftmanagement: individuell einstellbare Luftschl\u00e4uche (verschlie\u00dfbar)<\/p>\n<p>Material &amp; Ausf\u00fchrung:<br \/>\n&#8211; Standardversion: Edelstahl 1.4301<\/p>\n<p>o Hohe Korrosionsbest\u00e4ndigkeit<\/p>\n<p>o Hygienisch und langlebig<\/p>\n<p>&#8211; Alternative: Stahl S235JR mit Pulverbeschichtung<\/p>\n<p>Luftsystem:<br \/>\n&#8211; Ausgestattet mit dem bew\u00e4hrten &#8222;Kerzenflammen&#8220;-System aus Vollmaterial<br \/>\n&#8211; Vorteile :<\/p>\n<p>o Verhindert die Verstopfung der Luftausl\u00e4sse<\/p>\n<p>o Einfaches Anziehen von Handschuhen<\/p>\n<p>o Keine scharfen Kanten<\/p>\n<p>Betrieb &amp; Effizienz:<br \/>\n&#8211; Energiesparender Betrieb durch :<\/p>\n<p>o Individuell einstellbare Luftausl\u00e4sse<\/p>\n<p>o Regulierung der Motorgeschwindigkeit<\/p>\n<p>&#8211; Leiser und staubarmer Betrieb, auch bei Teilbenutzung<\/p>\n<p>Sicherheits- und Materialschonungskonzept:<br \/>\n&#8211; Keine Heizelemente zur Vermeidung von Sch\u00e4den :<\/p>\n<p>o Leder<\/p>\n<p>o Collagen<\/p>\n<p>o Polsterschaumstoffe<\/p>\n<p>&#8211; Keine Verwendung von Ozon, da :<\/p>\n<p>o aggressiv gegen\u00fcber Materialien<\/p>\n<p>o in hohen Konzentrationen potenziell gesundheitssch\u00e4dlich<\/p>\n<p>&#8211; Kein Duft, da schwer zu dosieren und subjektiv.<\/p>\n","protected":false},"excerpt":{"rendered":"<p>Industrieller Trockner f\u00fcr bis zu 20 Paar Boxhandschuhe, konzipiert f\u00fcr die Wandmontage. Das System verf\u00fcgt \u00fcber eine geschlossene Luftzufuhr sowie um 45\u00b0 geneigte D\u00fcsen f\u00fcr ein ergonomisches und effizientes Anlegen der Handschuhe. Die Gesamttiefe betr\u00e4gt 50 cm. Robuste Konstruktion aus schwarzem oder rostfreiem Stahl. Eingebauter Ventilator zum schnelleren Trocknen Ihrer Handschuhe. Der Multiglove-Trockner f\u00fcr Boxhandschuhe [&hellip;]<\/p>\n","protected":false},"featured_media":687841,"comment_status":"open","ping_status":"closed","template":"","meta":{"inline_featured_image":false},"product_brand":[],"product_cat":[2072,2203,2017],"product_tag":[2625],"sport":[],"class_list":{"0":"post-687429","1":"product","2":"type-product","3":"status-publish","4":"has-post-thumbnail","6":"product_cat-boxhandschuhe","7":"product_cat-hygiene-de","8":"product_cat-pflegeprodukte","9":"product_tag-ingosson","11":"first","12":"instock","13":"taxable","14":"shipping-taxable","15":"purchasable","16":"product-type-simple"},"yoast_head":"<!-- This site is optimized with the Yoast SEO plugin v27.2 - https:\/\/yoast.com\/product\/yoast-seo-wordpress\/ -->\n<title>Mehrfachtrockner f\u00fcr 20 Boxhandschuhe, Wandmontage &#8211; Daisho<\/title>\n<meta name=\"robots\" content=\"index, follow, max-snippet:-1, max-image-preview:large, max-video-preview:-1\" \/>\n<link rel=\"canonical\" href=\"https:\/\/www.daisho.be\/de\/produit\/mehrfachtrockner-fuer-20-boxhandschuhe-wandmontage\/\" \/>\n<meta property=\"og:locale\" content=\"de_DE\" \/>\n<meta property=\"og:type\" content=\"article\" \/>\n<meta property=\"og:title\" content=\"Mehrfachtrockner f\u00fcr 20 Boxhandschuhe, Wandmontage &#8211; Daisho\" \/>\n<meta property=\"og:description\" content=\"Industrieller Trockner f\u00fcr bis zu 20 Paar Boxhandschuhe, konzipiert f\u00fcr die Wandmontage. Das System verf\u00fcgt \u00fcber eine geschlossene Luftzufuhr sowie um 45\u00b0 geneigte D\u00fcsen f\u00fcr ein ergonomisches und effizientes Anlegen der Handschuhe. Die Gesamttiefe betr\u00e4gt 50 cm. Robuste Konstruktion aus schwarzem oder rostfreiem Stahl. Eingebauter Ventilator zum schnelleren Trocknen Ihrer Handschuhe. Der Multiglove-Trockner f\u00fcr Boxhandschuhe [&hellip;]\" \/>\n<meta property=\"og:url\" content=\"https:\/\/www.daisho.be\/de\/produit\/mehrfachtrockner-fuer-20-boxhandschuhe-wandmontage\/\" \/>\n<meta property=\"og:site_name\" content=\"Daisho\" \/>\n<meta property=\"article:modified_time\" content=\"2026-04-30T07:23:44+00:00\" \/>\n<meta property=\"og:image\" content=\"https:\/\/www.daisho.be\/wp-content\/uploads\/2026\/04\/image-17.webp\" \/>\n\t<meta property=\"og:image:width\" content=\"1000\" \/>\n\t<meta property=\"og:image:height\" content=\"1000\" \/>\n\t<meta property=\"og:image:type\" content=\"image\/webp\" \/>\n<meta name=\"twitter:card\" content=\"summary_large_image\" \/>\n<meta name=\"twitter:label1\" content=\"Gesch\u00e4tzte Lesezeit\" \/>\n\t<meta name=\"twitter:data1\" content=\"2\u00a0Minuten\" \/>\n<script type=\"application\/ld+json\" class=\"yoast-schema-graph\">{\"@context\":\"https:\/\/schema.org\",\"@graph\":[{\"@type\":\"WebPage\",\"@id\":\"https:\/\/www.daisho.be\/de\/produit\/mehrfachtrockner-fuer-20-boxhandschuhe-wandmontage\/\",\"url\":\"https:\/\/www.daisho.be\/de\/produit\/mehrfachtrockner-fuer-20-boxhandschuhe-wandmontage\/\",\"name\":\"Mehrfachtrockner f\u00fcr 20 Boxhandschuhe, Wandmontage &#8211; Daisho\",\"isPartOf\":{\"@id\":\"https:\/\/www.daisho.be\/de\/#website\"},\"primaryImageOfPage\":{\"@id\":\"https:\/\/www.daisho.be\/de\/produit\/mehrfachtrockner-fuer-20-boxhandschuhe-wandmontage\/#primaryimage\"},\"image\":{\"@id\":\"https:\/\/www.daisho.be\/de\/produit\/mehrfachtrockner-fuer-20-boxhandschuhe-wandmontage\/#primaryimage\"},\"thumbnailUrl\":\"https:\/\/www.daisho.be\/wp-content\/uploads\/2026\/04\/image-17.webp\",\"datePublished\":\"2026-04-29T10:22:11+00:00\",\"dateModified\":\"2026-04-30T07:23:44+00:00\",\"breadcrumb\":{\"@id\":\"https:\/\/www.daisho.be\/de\/produit\/mehrfachtrockner-fuer-20-boxhandschuhe-wandmontage\/#breadcrumb\"},\"inLanguage\":\"de\",\"potentialAction\":[{\"@type\":\"ReadAction\",\"target\":[\"https:\/\/www.daisho.be\/de\/produit\/mehrfachtrockner-fuer-20-boxhandschuhe-wandmontage\/\"]}]},{\"@type\":\"ImageObject\",\"inLanguage\":\"de\",\"@id\":\"https:\/\/www.daisho.be\/de\/produit\/mehrfachtrockner-fuer-20-boxhandschuhe-wandmontage\/#primaryimage\",\"url\":\"https:\/\/www.daisho.be\/wp-content\/uploads\/2026\/04\/image-17.webp\",\"contentUrl\":\"https:\/\/www.daisho.be\/wp-content\/uploads\/2026\/04\/image-17.webp\",\"width\":1000,\"height\":1000,\"caption\":\"Mehrfachtrockner f\u00fcr 20 Boxhandschuhe, Wandmontage-1\"},{\"@type\":\"BreadcrumbList\",\"@id\":\"https:\/\/www.daisho.be\/de\/produit\/mehrfachtrockner-fuer-20-boxhandschuhe-wandmontage\/#breadcrumb\",\"itemListElement\":[{\"@type\":\"ListItem\",\"position\":1,\"name\":\"Accueil\",\"item\":\"https:\/\/www.daisho.be\/de\/\"},{\"@type\":\"ListItem\",\"position\":2,\"name\":\"Produkte\",\"item\":\"https:\/\/www.daisho.be\/de\/produkte\/\"},{\"@type\":\"ListItem\",\"position\":3,\"name\":\"Ausr\u00fcstung und Kleidung f\u00fcr Kampfkunst und Kampfsport\",\"item\":\"https:\/\/www.daisho.be\/de\/categorie-produit\/ausrustung-und-kleidung-fur-kampfkunst-und-kampfsport\/\"},{\"@type\":\"ListItem\",\"position\":4,\"name\":\"Boxen\",\"item\":\"https:\/\/www.daisho.be\/de\/categorie-produit\/ausrustung-und-kleidung-fur-kampfkunst-und-kampfsport\/boxen-de\/\"},{\"@type\":\"ListItem\",\"position\":5,\"name\":\"Boxhandschuhe\",\"item\":\"https:\/\/www.daisho.be\/de\/categorie-produit\/ausrustung-und-kleidung-fur-kampfkunst-und-kampfsport\/boxen-de\/boxhandschuhe\/\"},{\"@type\":\"ListItem\",\"position\":6,\"name\":\"Mehrfachtrockner f\u00fcr 20 Boxhandschuhe, Wandmontage\"}]},{\"@type\":\"WebSite\",\"@id\":\"https:\/\/www.daisho.be\/de\/#website\",\"url\":\"https:\/\/www.daisho.be\/de\/\",\"name\":\"Daisho\",\"description\":\"Sp&eacute;cialiste de l'&eacute;quipement sportif d'arts martiaux\",\"publisher\":{\"@id\":\"https:\/\/www.daisho.be\/de\/#organization\"},\"potentialAction\":[{\"@type\":\"SearchAction\",\"target\":{\"@type\":\"EntryPoint\",\"urlTemplate\":\"https:\/\/www.daisho.be\/de\/?s={search_term_string}\"},\"query-input\":{\"@type\":\"PropertyValueSpecification\",\"valueRequired\":true,\"valueName\":\"search_term_string\"}}],\"inLanguage\":\"de\"},{\"@type\":\"Organization\",\"@id\":\"https:\/\/www.daisho.be\/de\/#organization\",\"name\":\"Daisho\",\"url\":\"https:\/\/www.daisho.be\/de\/\",\"logo\":{\"@type\":\"ImageObject\",\"inLanguage\":\"de\",\"@id\":\"https:\/\/www.daisho.be\/de\/#\/schema\/logo\/image\/\",\"url\":\"https:\/\/www.daisho.be\/wp-content\/uploads\/2019\/07\/color-nothing-horizontale4x-e1564486100247.png\",\"contentUrl\":\"https:\/\/www.daisho.be\/wp-content\/uploads\/2019\/07\/color-nothing-horizontale4x-e1564486100247.png\",\"width\":1547,\"height\":385,\"caption\":\"Daisho\"},\"image\":{\"@id\":\"https:\/\/www.daisho.be\/de\/#\/schema\/logo\/image\/\"}}]}<\/script>\n<!-- \/ Yoast SEO plugin. -->","yoast_head_json":{"title":"Mehrfachtrockner f\u00fcr 20 Boxhandschuhe, Wandmontage &#8211; Daisho","robots":{"index":"index","follow":"follow","max-snippet":"max-snippet:-1","max-image-preview":"max-image-preview:large","max-video-preview":"max-video-preview:-1"},"canonical":"https:\/\/www.daisho.be\/de\/produit\/mehrfachtrockner-fuer-20-boxhandschuhe-wandmontage\/","og_locale":"de_DE","og_type":"article","og_title":"Mehrfachtrockner f\u00fcr 20 Boxhandschuhe, Wandmontage &#8211; Daisho","og_description":"Industrieller Trockner f\u00fcr bis zu 20 Paar Boxhandschuhe, konzipiert f\u00fcr die Wandmontage. Das System verf\u00fcgt \u00fcber eine geschlossene Luftzufuhr sowie um 45\u00b0 geneigte D\u00fcsen f\u00fcr ein ergonomisches und effizientes Anlegen der Handschuhe. Die Gesamttiefe betr\u00e4gt 50 cm. Robuste Konstruktion aus schwarzem oder rostfreiem Stahl. Eingebauter Ventilator zum schnelleren Trocknen Ihrer Handschuhe. Der Multiglove-Trockner f\u00fcr Boxhandschuhe [&hellip;]","og_url":"https:\/\/www.daisho.be\/de\/produit\/mehrfachtrockner-fuer-20-boxhandschuhe-wandmontage\/","og_site_name":"Daisho","article_modified_time":"2026-04-30T07:23:44+00:00","og_image":[{"width":1000,"height":1000,"url":"https:\/\/www.daisho.be\/wp-content\/uploads\/2026\/04\/image-17.webp","type":"image\/webp"}],"twitter_card":"summary_large_image","twitter_misc":{"Gesch\u00e4tzte Lesezeit":"2\u00a0Minuten"},"schema":{"@context":"https:\/\/schema.org","@graph":[{"@type":"WebPage","@id":"https:\/\/www.daisho.be\/de\/produit\/mehrfachtrockner-fuer-20-boxhandschuhe-wandmontage\/","url":"https:\/\/www.daisho.be\/de\/produit\/mehrfachtrockner-fuer-20-boxhandschuhe-wandmontage\/","name":"Mehrfachtrockner f\u00fcr 20 Boxhandschuhe, Wandmontage &#8211; Daisho","isPartOf":{"@id":"https:\/\/www.daisho.be\/de\/#website"},"primaryImageOfPage":{"@id":"https:\/\/www.daisho.be\/de\/produit\/mehrfachtrockner-fuer-20-boxhandschuhe-wandmontage\/#primaryimage"},"image":{"@id":"https:\/\/www.daisho.be\/de\/produit\/mehrfachtrockner-fuer-20-boxhandschuhe-wandmontage\/#primaryimage"},"thumbnailUrl":"https:\/\/www.daisho.be\/wp-content\/uploads\/2026\/04\/image-17.webp","datePublished":"2026-04-29T10:22:11+00:00","dateModified":"2026-04-30T07:23:44+00:00","breadcrumb":{"@id":"https:\/\/www.daisho.be\/de\/produit\/mehrfachtrockner-fuer-20-boxhandschuhe-wandmontage\/#breadcrumb"},"inLanguage":"de","potentialAction":[{"@type":"ReadAction","target":["https:\/\/www.daisho.be\/de\/produit\/mehrfachtrockner-fuer-20-boxhandschuhe-wandmontage\/"]}]},{"@type":"ImageObject","inLanguage":"de","@id":"https:\/\/www.daisho.be\/de\/produit\/mehrfachtrockner-fuer-20-boxhandschuhe-wandmontage\/#primaryimage","url":"https:\/\/www.daisho.be\/wp-content\/uploads\/2026\/04\/image-17.webp","contentUrl":"https:\/\/www.daisho.be\/wp-content\/uploads\/2026\/04\/image-17.webp","width":1000,"height":1000,"caption":"Mehrfachtrockner f\u00fcr 20 Boxhandschuhe, Wandmontage-1"},{"@type":"BreadcrumbList","@id":"https:\/\/www.daisho.be\/de\/produit\/mehrfachtrockner-fuer-20-boxhandschuhe-wandmontage\/#breadcrumb","itemListElement":[{"@type":"ListItem","position":1,"name":"Accueil","item":"https:\/\/www.daisho.be\/de\/"},{"@type":"ListItem","position":2,"name":"Produkte","item":"https:\/\/www.daisho.be\/de\/produkte\/"},{"@type":"ListItem","position":3,"name":"Ausr\u00fcstung und Kleidung f\u00fcr Kampfkunst und Kampfsport","item":"https:\/\/www.daisho.be\/de\/categorie-produit\/ausrustung-und-kleidung-fur-kampfkunst-und-kampfsport\/"},{"@type":"ListItem","position":4,"name":"Boxen","item":"https:\/\/www.daisho.be\/de\/categorie-produit\/ausrustung-und-kleidung-fur-kampfkunst-und-kampfsport\/boxen-de\/"},{"@type":"ListItem","position":5,"name":"Boxhandschuhe","item":"https:\/\/www.daisho.be\/de\/categorie-produit\/ausrustung-und-kleidung-fur-kampfkunst-und-kampfsport\/boxen-de\/boxhandschuhe\/"},{"@type":"ListItem","position":6,"name":"Mehrfachtrockner f\u00fcr 20 Boxhandschuhe, Wandmontage"}]},{"@type":"WebSite","@id":"https:\/\/www.daisho.be\/de\/#website","url":"https:\/\/www.daisho.be\/de\/","name":"Daisho","description":"Sp&eacute;cialiste de l'&eacute;quipement sportif d'arts martiaux","publisher":{"@id":"https:\/\/www.daisho.be\/de\/#organization"},"potentialAction":[{"@type":"SearchAction","target":{"@type":"EntryPoint","urlTemplate":"https:\/\/www.daisho.be\/de\/?s={search_term_string}"},"query-input":{"@type":"PropertyValueSpecification","valueRequired":true,"valueName":"search_term_string"}}],"inLanguage":"de"},{"@type":"Organization","@id":"https:\/\/www.daisho.be\/de\/#organization","name":"Daisho","url":"https:\/\/www.daisho.be\/de\/","logo":{"@type":"ImageObject","inLanguage":"de","@id":"https:\/\/www.daisho.be\/de\/#\/schema\/logo\/image\/","url":"https:\/\/www.daisho.be\/wp-content\/uploads\/2019\/07\/color-nothing-horizontale4x-e1564486100247.png","contentUrl":"https:\/\/www.daisho.be\/wp-content\/uploads\/2019\/07\/color-nothing-horizontale4x-e1564486100247.png","width":1547,"height":385,"caption":"Daisho"},"image":{"@id":"https:\/\/www.daisho.be\/de\/#\/schema\/logo\/image\/"}}]}},"_links":{"self":[{"href":"https:\/\/www.daisho.be\/de\/wp-json\/wp\/v2\/product\/687429","targetHints":{"allow":["GET"]}}],"collection":[{"href":"https:\/\/www.daisho.be\/de\/wp-json\/wp\/v2\/product"}],"about":[{"href":"https:\/\/www.daisho.be\/de\/wp-json\/wp\/v2\/types\/product"}],"replies":[{"embeddable":true,"href":"https:\/\/www.daisho.be\/de\/wp-json\/wp\/v2\/comments?post=687429"}],"wp:featuredmedia":[{"embeddable":true,"href":"https:\/\/www.daisho.be\/de\/wp-json\/wp\/v2\/media\/687841"}],"wp:attachment":[{"href":"https:\/\/www.daisho.be\/de\/wp-json\/wp\/v2\/media?parent=687429"}],"wp:term":[{"taxonomy":"product_brand","embeddable":true,"href":"https:\/\/www.daisho.be\/de\/wp-json\/wp\/v2\/product_brand?post=687429"},{"taxonomy":"product_cat","embeddable":true,"href":"https:\/\/www.daisho.be\/de\/wp-json\/wp\/v2\/product_cat?post=687429"},{"taxonomy":"product_tag","embeddable":true,"href":"https:\/\/www.daisho.be\/de\/wp-json\/wp\/v2\/product_tag?post=687429"},{"taxonomy":"sport","embeddable":true,"href":"https:\/\/www.daisho.be\/de\/wp-json\/wp\/v2\/sport?post=687429"}],"curies":[{"name":"wp","href":"https:\/\/api.w.org\/{rel}","templated":true}]}}