{"id":686668,"date":"2026-04-26T22:07:09","date_gmt":"2026-04-26T20:07:09","guid":{"rendered":"https:\/\/www.daisho.be\/produit\/handgelenk-beschwerungsarmbaender\/"},"modified":"2026-04-26T22:07:24","modified_gmt":"2026-04-26T20:07:24","slug":"handgelenk-beschwerungsarmbaender","status":"publish","type":"product","link":"https:\/\/www.daisho.be\/de\/produit\/handgelenk-beschwerungsarmbaender\/","title":{"rendered":"Handgelenk-Beschwerungsarmb\u00e4nder"},"content":{"rendered":"<p>Gewichtsarmb\u00e4nder mit Klettverschluss zur Anpassung an jede Gr\u00f6\u00dfe.<br \/>\nDas Daumenloch sorgt f\u00fcr eine sichere Passform. Ideal, um den Schwierigkeitsgrad eines jeden Trainings zu erh\u00f6hen.<br \/>\nWird als Paar verkauft.<br \/>\nZubeh\u00f6r zur St\u00e4rkung des Oberk\u00f6rpers.<br \/>\n&#8211; Zusammensetzung: Mit Eisensand beschwertes Neopren<\/p>\n<p>Referenzen f\u00fcr Handgelenk-Beschwerungsb\u00e4nder nach Gewicht:<br \/>\n0964 = 500 gr x 2<br \/>\n0965 = 1 kg x 2<br \/>\n0946 = 2 kg x 2 <\/p>\n","protected":false},"excerpt":{"rendered":"<p>Gewichtsarmb\u00e4nder mit Klettverschluss zur Anpassung an jede Gr\u00f6\u00dfe. Das Daumenloch sorgt f\u00fcr eine sichere Passform. Ideal, um den Schwierigkeitsgrad eines jeden Trainings zu erh\u00f6hen. Wird als Paar verkauft. Zubeh\u00f6r zur St\u00e4rkung des Oberk\u00f6rpers. &#8211; Zusammensetzung: Mit Eisensand beschwertes Neopren Referenzen f\u00fcr Handgelenk-Beschwerungsb\u00e4nder nach Gewicht: 0964 = 500 gr x 2 0965 = 1 kg x [&hellip;]<\/p>\n","protected":false},"featured_media":686640,"comment_status":"open","ping_status":"closed","template":"","meta":{"inline_featured_image":false},"product_brand":[],"product_cat":[2054],"product_tag":[2225],"sport":[],"class_list":{"0":"post-686668","1":"product","2":"type-product","3":"status-publish","4":"has-post-thumbnail","6":"product_cat-trainingsmaterial","7":"product_tag-sveltus-de","8":"pa_size-1-kg","9":"pa_size-2-kg","10":"pa_size-500-gr","12":"first","13":"instock","14":"taxable","15":"shipping-taxable","16":"purchasable","17":"product-type-variable"},"yoast_head":"<!-- This site is optimized with the Yoast SEO plugin v27.2 - https:\/\/yoast.com\/product\/yoast-seo-wordpress\/ -->\n<title>Handgelenk-Beschwerungsarmb\u00e4nder &#8211; Daisho<\/title>\n<meta name=\"robots\" content=\"index, follow, max-snippet:-1, max-image-preview:large, max-video-preview:-1\" \/>\n<link rel=\"canonical\" href=\"https:\/\/www.daisho.be\/de\/produit\/handgelenk-beschwerungsarmbaender\/\" \/>\n<meta property=\"og:locale\" content=\"de_DE\" \/>\n<meta property=\"og:type\" content=\"article\" \/>\n<meta property=\"og:title\" content=\"Handgelenk-Beschwerungsarmb\u00e4nder &#8211; Daisho\" \/>\n<meta property=\"og:description\" content=\"Gewichtsarmb\u00e4nder mit Klettverschluss zur Anpassung an jede Gr\u00f6\u00dfe. Das Daumenloch sorgt f\u00fcr eine sichere Passform. Ideal, um den Schwierigkeitsgrad eines jeden Trainings zu erh\u00f6hen. Wird als Paar verkauft. Zubeh\u00f6r zur St\u00e4rkung des Oberk\u00f6rpers. &#8211; Zusammensetzung: Mit Eisensand beschwertes Neopren Referenzen f\u00fcr Handgelenk-Beschwerungsb\u00e4nder nach Gewicht: 0964 = 500 gr x 2 0965 = 1 kg x [&hellip;]\" \/>\n<meta property=\"og:url\" content=\"https:\/\/www.daisho.be\/de\/produit\/handgelenk-beschwerungsarmbaender\/\" \/>\n<meta property=\"og:site_name\" content=\"Daisho\" \/>\n<meta property=\"article:modified_time\" content=\"2026-04-26T20:07:24+00:00\" \/>\n<meta property=\"og:image\" content=\"https:\/\/www.daisho.be\/wp-content\/uploads\/2026\/04\/image-95.jpg\" \/>\n\t<meta property=\"og:image:width\" content=\"1639\" \/>\n\t<meta property=\"og:image:height\" content=\"1029\" \/>\n\t<meta property=\"og:image:type\" content=\"image\/jpeg\" \/>\n<meta name=\"twitter:card\" content=\"summary_large_image\" \/>\n<script type=\"application\/ld+json\" class=\"yoast-schema-graph\">{\"@context\":\"https:\/\/schema.org\",\"@graph\":[{\"@type\":\"WebPage\",\"@id\":\"https:\/\/www.daisho.be\/de\/produit\/handgelenk-beschwerungsarmbaender\/\",\"url\":\"https:\/\/www.daisho.be\/de\/produit\/handgelenk-beschwerungsarmbaender\/\",\"name\":\"Handgelenk-Beschwerungsarmb\u00e4nder &#8211; Daisho\",\"isPartOf\":{\"@id\":\"https:\/\/www.daisho.be\/de\/#website\"},\"primaryImageOfPage\":{\"@id\":\"https:\/\/www.daisho.be\/de\/produit\/handgelenk-beschwerungsarmbaender\/#primaryimage\"},\"image\":{\"@id\":\"https:\/\/www.daisho.be\/de\/produit\/handgelenk-beschwerungsarmbaender\/#primaryimage\"},\"thumbnailUrl\":\"https:\/\/www.daisho.be\/wp-content\/uploads\/2026\/04\/image-95.jpg\",\"datePublished\":\"2026-04-26T20:07:09+00:00\",\"dateModified\":\"2026-04-26T20:07:24+00:00\",\"breadcrumb\":{\"@id\":\"https:\/\/www.daisho.be\/de\/produit\/handgelenk-beschwerungsarmbaender\/#breadcrumb\"},\"inLanguage\":\"de\",\"potentialAction\":[{\"@type\":\"ReadAction\",\"target\":[\"https:\/\/www.daisho.be\/de\/produit\/handgelenk-beschwerungsarmbaender\/\"]}]},{\"@type\":\"ImageObject\",\"inLanguage\":\"de\",\"@id\":\"https:\/\/www.daisho.be\/de\/produit\/handgelenk-beschwerungsarmbaender\/#primaryimage\",\"url\":\"https:\/\/www.daisho.be\/wp-content\/uploads\/2026\/04\/image-95.jpg\",\"contentUrl\":\"https:\/\/www.daisho.be\/wp-content\/uploads\/2026\/04\/image-95.jpg\",\"width\":1639,\"height\":1029,\"caption\":\"Bracelets lest\u00e9s poignet-1\"},{\"@type\":\"BreadcrumbList\",\"@id\":\"https:\/\/www.daisho.be\/de\/produit\/handgelenk-beschwerungsarmbaender\/#breadcrumb\",\"itemListElement\":[{\"@type\":\"ListItem\",\"position\":1,\"name\":\"Accueil\",\"item\":\"https:\/\/www.daisho.be\/de\/\"},{\"@type\":\"ListItem\",\"position\":2,\"name\":\"Produkte\",\"item\":\"https:\/\/www.daisho.be\/de\/produkte\/\"},{\"@type\":\"ListItem\",\"position\":3,\"name\":\"Kampfsportarten\",\"item\":\"https:\/\/www.daisho.be\/de\/categorie-produit\/kampfsportarten\/\"},{\"@type\":\"ListItem\",\"position\":4,\"name\":\"Trainingsmaterial\",\"item\":\"https:\/\/www.daisho.be\/de\/categorie-produit\/kampfsportarten\/trainingsmaterial\/\"},{\"@type\":\"ListItem\",\"position\":5,\"name\":\"Handgelenk-Beschwerungsarmb\u00e4nder\"}]},{\"@type\":\"WebSite\",\"@id\":\"https:\/\/www.daisho.be\/de\/#website\",\"url\":\"https:\/\/www.daisho.be\/de\/\",\"name\":\"Daisho\",\"description\":\"Sp&eacute;cialiste de l'&eacute;quipement sportif d'arts martiaux\",\"publisher\":{\"@id\":\"https:\/\/www.daisho.be\/de\/#organization\"},\"potentialAction\":[{\"@type\":\"SearchAction\",\"target\":{\"@type\":\"EntryPoint\",\"urlTemplate\":\"https:\/\/www.daisho.be\/de\/?s={search_term_string}\"},\"query-input\":{\"@type\":\"PropertyValueSpecification\",\"valueRequired\":true,\"valueName\":\"search_term_string\"}}],\"inLanguage\":\"de\"},{\"@type\":\"Organization\",\"@id\":\"https:\/\/www.daisho.be\/de\/#organization\",\"name\":\"Daisho\",\"url\":\"https:\/\/www.daisho.be\/de\/\",\"logo\":{\"@type\":\"ImageObject\",\"inLanguage\":\"de\",\"@id\":\"https:\/\/www.daisho.be\/de\/#\/schema\/logo\/image\/\",\"url\":\"https:\/\/www.daisho.be\/wp-content\/uploads\/2019\/07\/color-nothing-horizontale4x-e1564486100247.png\",\"contentUrl\":\"https:\/\/www.daisho.be\/wp-content\/uploads\/2019\/07\/color-nothing-horizontale4x-e1564486100247.png\",\"width\":1547,\"height\":385,\"caption\":\"Daisho\"},\"image\":{\"@id\":\"https:\/\/www.daisho.be\/de\/#\/schema\/logo\/image\/\"}}]}<\/script>\n<!-- \/ Yoast SEO plugin. -->","yoast_head_json":{"title":"Handgelenk-Beschwerungsarmb\u00e4nder &#8211; Daisho","robots":{"index":"index","follow":"follow","max-snippet":"max-snippet:-1","max-image-preview":"max-image-preview:large","max-video-preview":"max-video-preview:-1"},"canonical":"https:\/\/www.daisho.be\/de\/produit\/handgelenk-beschwerungsarmbaender\/","og_locale":"de_DE","og_type":"article","og_title":"Handgelenk-Beschwerungsarmb\u00e4nder &#8211; Daisho","og_description":"Gewichtsarmb\u00e4nder mit Klettverschluss zur Anpassung an jede Gr\u00f6\u00dfe. Das Daumenloch sorgt f\u00fcr eine sichere Passform. Ideal, um den Schwierigkeitsgrad eines jeden Trainings zu erh\u00f6hen. Wird als Paar verkauft. Zubeh\u00f6r zur St\u00e4rkung des Oberk\u00f6rpers. &#8211; Zusammensetzung: Mit Eisensand beschwertes Neopren Referenzen f\u00fcr Handgelenk-Beschwerungsb\u00e4nder nach Gewicht: 0964 = 500 gr x 2 0965 = 1 kg x [&hellip;]","og_url":"https:\/\/www.daisho.be\/de\/produit\/handgelenk-beschwerungsarmbaender\/","og_site_name":"Daisho","article_modified_time":"2026-04-26T20:07:24+00:00","og_image":[{"width":1639,"height":1029,"url":"https:\/\/www.daisho.be\/wp-content\/uploads\/2026\/04\/image-95.jpg","type":"image\/jpeg"}],"twitter_card":"summary_large_image","schema":{"@context":"https:\/\/schema.org","@graph":[{"@type":"WebPage","@id":"https:\/\/www.daisho.be\/de\/produit\/handgelenk-beschwerungsarmbaender\/","url":"https:\/\/www.daisho.be\/de\/produit\/handgelenk-beschwerungsarmbaender\/","name":"Handgelenk-Beschwerungsarmb\u00e4nder &#8211; Daisho","isPartOf":{"@id":"https:\/\/www.daisho.be\/de\/#website"},"primaryImageOfPage":{"@id":"https:\/\/www.daisho.be\/de\/produit\/handgelenk-beschwerungsarmbaender\/#primaryimage"},"image":{"@id":"https:\/\/www.daisho.be\/de\/produit\/handgelenk-beschwerungsarmbaender\/#primaryimage"},"thumbnailUrl":"https:\/\/www.daisho.be\/wp-content\/uploads\/2026\/04\/image-95.jpg","datePublished":"2026-04-26T20:07:09+00:00","dateModified":"2026-04-26T20:07:24+00:00","breadcrumb":{"@id":"https:\/\/www.daisho.be\/de\/produit\/handgelenk-beschwerungsarmbaender\/#breadcrumb"},"inLanguage":"de","potentialAction":[{"@type":"ReadAction","target":["https:\/\/www.daisho.be\/de\/produit\/handgelenk-beschwerungsarmbaender\/"]}]},{"@type":"ImageObject","inLanguage":"de","@id":"https:\/\/www.daisho.be\/de\/produit\/handgelenk-beschwerungsarmbaender\/#primaryimage","url":"https:\/\/www.daisho.be\/wp-content\/uploads\/2026\/04\/image-95.jpg","contentUrl":"https:\/\/www.daisho.be\/wp-content\/uploads\/2026\/04\/image-95.jpg","width":1639,"height":1029,"caption":"Bracelets lest\u00e9s poignet-1"},{"@type":"BreadcrumbList","@id":"https:\/\/www.daisho.be\/de\/produit\/handgelenk-beschwerungsarmbaender\/#breadcrumb","itemListElement":[{"@type":"ListItem","position":1,"name":"Accueil","item":"https:\/\/www.daisho.be\/de\/"},{"@type":"ListItem","position":2,"name":"Produkte","item":"https:\/\/www.daisho.be\/de\/produkte\/"},{"@type":"ListItem","position":3,"name":"Kampfsportarten","item":"https:\/\/www.daisho.be\/de\/categorie-produit\/kampfsportarten\/"},{"@type":"ListItem","position":4,"name":"Trainingsmaterial","item":"https:\/\/www.daisho.be\/de\/categorie-produit\/kampfsportarten\/trainingsmaterial\/"},{"@type":"ListItem","position":5,"name":"Handgelenk-Beschwerungsarmb\u00e4nder"}]},{"@type":"WebSite","@id":"https:\/\/www.daisho.be\/de\/#website","url":"https:\/\/www.daisho.be\/de\/","name":"Daisho","description":"Sp&eacute;cialiste de l'&eacute;quipement sportif d'arts martiaux","publisher":{"@id":"https:\/\/www.daisho.be\/de\/#organization"},"potentialAction":[{"@type":"SearchAction","target":{"@type":"EntryPoint","urlTemplate":"https:\/\/www.daisho.be\/de\/?s={search_term_string}"},"query-input":{"@type":"PropertyValueSpecification","valueRequired":true,"valueName":"search_term_string"}}],"inLanguage":"de"},{"@type":"Organization","@id":"https:\/\/www.daisho.be\/de\/#organization","name":"Daisho","url":"https:\/\/www.daisho.be\/de\/","logo":{"@type":"ImageObject","inLanguage":"de","@id":"https:\/\/www.daisho.be\/de\/#\/schema\/logo\/image\/","url":"https:\/\/www.daisho.be\/wp-content\/uploads\/2019\/07\/color-nothing-horizontale4x-e1564486100247.png","contentUrl":"https:\/\/www.daisho.be\/wp-content\/uploads\/2019\/07\/color-nothing-horizontale4x-e1564486100247.png","width":1547,"height":385,"caption":"Daisho"},"image":{"@id":"https:\/\/www.daisho.be\/de\/#\/schema\/logo\/image\/"}}]}},"_links":{"self":[{"href":"https:\/\/www.daisho.be\/de\/wp-json\/wp\/v2\/product\/686668","targetHints":{"allow":["GET"]}}],"collection":[{"href":"https:\/\/www.daisho.be\/de\/wp-json\/wp\/v2\/product"}],"about":[{"href":"https:\/\/www.daisho.be\/de\/wp-json\/wp\/v2\/types\/product"}],"replies":[{"embeddable":true,"href":"https:\/\/www.daisho.be\/de\/wp-json\/wp\/v2\/comments?post=686668"}],"wp:featuredmedia":[{"embeddable":true,"href":"https:\/\/www.daisho.be\/de\/wp-json\/wp\/v2\/media\/686640"}],"wp:attachment":[{"href":"https:\/\/www.daisho.be\/de\/wp-json\/wp\/v2\/media?parent=686668"}],"wp:term":[{"taxonomy":"product_brand","embeddable":true,"href":"https:\/\/www.daisho.be\/de\/wp-json\/wp\/v2\/product_brand?post=686668"},{"taxonomy":"product_cat","embeddable":true,"href":"https:\/\/www.daisho.be\/de\/wp-json\/wp\/v2\/product_cat?post=686668"},{"taxonomy":"product_tag","embeddable":true,"href":"https:\/\/www.daisho.be\/de\/wp-json\/wp\/v2\/product_tag?post=686668"},{"taxonomy":"sport","embeddable":true,"href":"https:\/\/www.daisho.be\/de\/wp-json\/wp\/v2\/sport?post=686668"}],"curies":[{"name":"wp","href":"https:\/\/api.w.org\/{rel}","templated":true}]}}