{"id":686242,"date":"2026-04-23T13:05:30","date_gmt":"2026-04-23T11:05:30","guid":{"rendered":"https:\/\/www.daisho.be\/produit\/kt-tape-erholungspflaster\/"},"modified":"2026-04-23T16:14:51","modified_gmt":"2026-04-23T14:14:51","slug":"kt-tape-erholungspflaster","status":"publish","type":"product","link":"https:\/\/www.daisho.be\/de\/produit\/kt-tape-erholungspflaster\/","title":{"rendered":"KT TAPE\u00ae Erholungspflaster"},"content":{"rendered":"<p>Das KT Tape\u00ae Recovery Patch reduziert Schwellungen, Bluterg\u00fcsse und Entz\u00fcndungen f\u00fcr eine dauerhafte Linderung ohne Medikamente.<\/p>\n<p>Merkmale:<\/p>\n<p>&#8211; Vorgeschnittene Aufn\u00e4her f\u00fcr eine einfache Anwendung.<br \/>\n&#8211; Reduziert Schwellungen, Entz\u00fcndungen und Bluterg\u00fcsse.<br \/>\n&#8211; Wasserfest und bis zu 3 Tage haltbar.<br \/>\n&#8211; F\u00f6rdert die Lymphdrainage und verbessert die Durchblutung.<br \/>\n&#8211; Latexfrei und hypoallergen f\u00fcr empfindliche Haut.<\/p>\n","protected":false},"excerpt":{"rendered":"<p>Das KT Tape\u00ae Recovery Patch reduziert Schwellungen, Bluterg\u00fcsse und Entz\u00fcndungen f\u00fcr eine dauerhafte Linderung ohne Medikamente. Merkmale: &#8211; Vorgeschnittene Aufn\u00e4her f\u00fcr eine einfache Anwendung. &#8211; Reduziert Schwellungen, Entz\u00fcndungen und Bluterg\u00fcsse. &#8211; Wasserfest und bis zu 3 Tage haltbar. &#8211; F\u00f6rdert die Lymphdrainage und verbessert die Durchblutung. &#8211; Latexfrei und hypoallergen f\u00fcr empfindliche Haut.<\/p>\n","protected":false},"featured_media":686277,"comment_status":"open","ping_status":"closed","template":"","meta":{"inline_featured_image":false},"product_brand":[],"product_cat":[2078],"product_tag":[2620],"sport":[],"class_list":{"0":"post-686242","1":"product","2":"type-product","3":"status-publish","4":"has-post-thumbnail","6":"product_cat-streifen-tapes","7":"product_tag-kt-tape","9":"first","10":"instock","11":"taxable","12":"shipping-taxable","13":"purchasable","14":"product-type-simple"},"yoast_head":"<!-- This site is optimized with the Yoast SEO plugin v27.2 - https:\/\/yoast.com\/product\/yoast-seo-wordpress\/ -->\n<title>KT TAPE\u00ae Erholungspflaster &#8211; Daisho<\/title>\n<meta name=\"description\" content=\"Brauchen Sie Linderung bei Entz\u00fcndungen und Schmerzen? Entdecken Sie die KT TAPE Erholungspflaster auf unserer Website www.daisho.be|Daisho\" \/>\n<meta name=\"robots\" content=\"index, follow, max-snippet:-1, max-image-preview:large, max-video-preview:-1\" \/>\n<link rel=\"canonical\" href=\"https:\/\/www.daisho.be\/de\/produit\/kt-tape-erholungspflaster\/\" \/>\n<meta property=\"og:locale\" content=\"de_DE\" \/>\n<meta property=\"og:type\" content=\"article\" \/>\n<meta property=\"og:title\" content=\"KT TAPE\u00ae Erholungspflaster &#8211; Daisho\" \/>\n<meta property=\"og:description\" content=\"Brauchen Sie Linderung bei Entz\u00fcndungen und Schmerzen? Entdecken Sie die KT TAPE Erholungspflaster auf unserer Website www.daisho.be|Daisho\" \/>\n<meta property=\"og:url\" content=\"https:\/\/www.daisho.be\/de\/produit\/kt-tape-erholungspflaster\/\" \/>\n<meta property=\"og:site_name\" content=\"Daisho\" \/>\n<meta property=\"article:modified_time\" content=\"2026-04-23T14:14:51+00:00\" \/>\n<meta property=\"og:image\" content=\"https:\/\/www.daisho.be\/wp-content\/uploads\/2026\/04\/image-86.jpg\" \/>\n\t<meta property=\"og:image:width\" content=\"1062\" \/>\n\t<meta property=\"og:image:height\" content=\"636\" \/>\n\t<meta property=\"og:image:type\" content=\"image\/jpeg\" \/>\n<meta name=\"twitter:card\" content=\"summary_large_image\" \/>\n<script type=\"application\/ld+json\" class=\"yoast-schema-graph\">{\"@context\":\"https:\/\/schema.org\",\"@graph\":[{\"@type\":\"WebPage\",\"@id\":\"https:\/\/www.daisho.be\/de\/produit\/kt-tape-erholungspflaster\/\",\"url\":\"https:\/\/www.daisho.be\/de\/produit\/kt-tape-erholungspflaster\/\",\"name\":\"KT TAPE\u00ae Erholungspflaster &#8211; Daisho\",\"isPartOf\":{\"@id\":\"https:\/\/www.daisho.be\/de\/#website\"},\"primaryImageOfPage\":{\"@id\":\"https:\/\/www.daisho.be\/de\/produit\/kt-tape-erholungspflaster\/#primaryimage\"},\"image\":{\"@id\":\"https:\/\/www.daisho.be\/de\/produit\/kt-tape-erholungspflaster\/#primaryimage\"},\"thumbnailUrl\":\"https:\/\/www.daisho.be\/wp-content\/uploads\/2026\/04\/image-86.jpg\",\"datePublished\":\"2026-04-23T11:05:30+00:00\",\"dateModified\":\"2026-04-23T14:14:51+00:00\",\"description\":\"Brauchen Sie Linderung bei Entz\u00fcndungen und Schmerzen? Entdecken Sie die KT TAPE Erholungspflaster auf unserer Website www.daisho.be|Daisho\",\"breadcrumb\":{\"@id\":\"https:\/\/www.daisho.be\/de\/produit\/kt-tape-erholungspflaster\/#breadcrumb\"},\"inLanguage\":\"de\",\"potentialAction\":[{\"@type\":\"ReadAction\",\"target\":[\"https:\/\/www.daisho.be\/de\/produit\/kt-tape-erholungspflaster\/\"]}]},{\"@type\":\"ImageObject\",\"inLanguage\":\"de\",\"@id\":\"https:\/\/www.daisho.be\/de\/produit\/kt-tape-erholungspflaster\/#primaryimage\",\"url\":\"https:\/\/www.daisho.be\/wp-content\/uploads\/2026\/04\/image-86.jpg\",\"contentUrl\":\"https:\/\/www.daisho.be\/wp-content\/uploads\/2026\/04\/image-86.jpg\",\"width\":1062,\"height\":636,\"caption\":\"KT TAPE\u00ae-1 Erholungspflaster\"},{\"@type\":\"BreadcrumbList\",\"@id\":\"https:\/\/www.daisho.be\/de\/produit\/kt-tape-erholungspflaster\/#breadcrumb\",\"itemListElement\":[{\"@type\":\"ListItem\",\"position\":1,\"name\":\"Accueil\",\"item\":\"https:\/\/www.daisho.be\/de\/\"},{\"@type\":\"ListItem\",\"position\":2,\"name\":\"Produkte\",\"item\":\"https:\/\/www.daisho.be\/de\/produkte\/\"},{\"@type\":\"ListItem\",\"position\":3,\"name\":\"Sportlerpflege\",\"item\":\"https:\/\/www.daisho.be\/de\/categorie-produit\/sportlerpflege\/\"},{\"@type\":\"ListItem\",\"position\":4,\"name\":\"Streifen - Tapes\",\"item\":\"https:\/\/www.daisho.be\/de\/categorie-produit\/sportlerpflege\/streifen-tapes\/\"},{\"@type\":\"ListItem\",\"position\":5,\"name\":\"KT TAPE\u00ae Erholungspflaster\"}]},{\"@type\":\"WebSite\",\"@id\":\"https:\/\/www.daisho.be\/de\/#website\",\"url\":\"https:\/\/www.daisho.be\/de\/\",\"name\":\"Daisho\",\"description\":\"Sp&eacute;cialiste de l'&eacute;quipement sportif d'arts martiaux\",\"publisher\":{\"@id\":\"https:\/\/www.daisho.be\/de\/#organization\"},\"potentialAction\":[{\"@type\":\"SearchAction\",\"target\":{\"@type\":\"EntryPoint\",\"urlTemplate\":\"https:\/\/www.daisho.be\/de\/?s={search_term_string}\"},\"query-input\":{\"@type\":\"PropertyValueSpecification\",\"valueRequired\":true,\"valueName\":\"search_term_string\"}}],\"inLanguage\":\"de\"},{\"@type\":\"Organization\",\"@id\":\"https:\/\/www.daisho.be\/de\/#organization\",\"name\":\"Daisho\",\"url\":\"https:\/\/www.daisho.be\/de\/\",\"logo\":{\"@type\":\"ImageObject\",\"inLanguage\":\"de\",\"@id\":\"https:\/\/www.daisho.be\/de\/#\/schema\/logo\/image\/\",\"url\":\"https:\/\/www.daisho.be\/wp-content\/uploads\/2019\/07\/color-nothing-horizontale4x-e1564486100247.png\",\"contentUrl\":\"https:\/\/www.daisho.be\/wp-content\/uploads\/2019\/07\/color-nothing-horizontale4x-e1564486100247.png\",\"width\":1547,\"height\":385,\"caption\":\"Daisho\"},\"image\":{\"@id\":\"https:\/\/www.daisho.be\/de\/#\/schema\/logo\/image\/\"}}]}<\/script>\n<!-- \/ Yoast SEO plugin. -->","yoast_head_json":{"title":"KT TAPE\u00ae Erholungspflaster &#8211; Daisho","description":"Brauchen Sie Linderung bei Entz\u00fcndungen und Schmerzen? Entdecken Sie die KT TAPE Erholungspflaster auf unserer Website www.daisho.be|Daisho","robots":{"index":"index","follow":"follow","max-snippet":"max-snippet:-1","max-image-preview":"max-image-preview:large","max-video-preview":"max-video-preview:-1"},"canonical":"https:\/\/www.daisho.be\/de\/produit\/kt-tape-erholungspflaster\/","og_locale":"de_DE","og_type":"article","og_title":"KT TAPE\u00ae Erholungspflaster &#8211; Daisho","og_description":"Brauchen Sie Linderung bei Entz\u00fcndungen und Schmerzen? Entdecken Sie die KT TAPE Erholungspflaster auf unserer Website www.daisho.be|Daisho","og_url":"https:\/\/www.daisho.be\/de\/produit\/kt-tape-erholungspflaster\/","og_site_name":"Daisho","article_modified_time":"2026-04-23T14:14:51+00:00","og_image":[{"width":1062,"height":636,"url":"https:\/\/www.daisho.be\/wp-content\/uploads\/2026\/04\/image-86.jpg","type":"image\/jpeg"}],"twitter_card":"summary_large_image","schema":{"@context":"https:\/\/schema.org","@graph":[{"@type":"WebPage","@id":"https:\/\/www.daisho.be\/de\/produit\/kt-tape-erholungspflaster\/","url":"https:\/\/www.daisho.be\/de\/produit\/kt-tape-erholungspflaster\/","name":"KT TAPE\u00ae Erholungspflaster &#8211; Daisho","isPartOf":{"@id":"https:\/\/www.daisho.be\/de\/#website"},"primaryImageOfPage":{"@id":"https:\/\/www.daisho.be\/de\/produit\/kt-tape-erholungspflaster\/#primaryimage"},"image":{"@id":"https:\/\/www.daisho.be\/de\/produit\/kt-tape-erholungspflaster\/#primaryimage"},"thumbnailUrl":"https:\/\/www.daisho.be\/wp-content\/uploads\/2026\/04\/image-86.jpg","datePublished":"2026-04-23T11:05:30+00:00","dateModified":"2026-04-23T14:14:51+00:00","description":"Brauchen Sie Linderung bei Entz\u00fcndungen und Schmerzen? Entdecken Sie die KT TAPE Erholungspflaster auf unserer Website www.daisho.be|Daisho","breadcrumb":{"@id":"https:\/\/www.daisho.be\/de\/produit\/kt-tape-erholungspflaster\/#breadcrumb"},"inLanguage":"de","potentialAction":[{"@type":"ReadAction","target":["https:\/\/www.daisho.be\/de\/produit\/kt-tape-erholungspflaster\/"]}]},{"@type":"ImageObject","inLanguage":"de","@id":"https:\/\/www.daisho.be\/de\/produit\/kt-tape-erholungspflaster\/#primaryimage","url":"https:\/\/www.daisho.be\/wp-content\/uploads\/2026\/04\/image-86.jpg","contentUrl":"https:\/\/www.daisho.be\/wp-content\/uploads\/2026\/04\/image-86.jpg","width":1062,"height":636,"caption":"KT TAPE\u00ae-1 Erholungspflaster"},{"@type":"BreadcrumbList","@id":"https:\/\/www.daisho.be\/de\/produit\/kt-tape-erholungspflaster\/#breadcrumb","itemListElement":[{"@type":"ListItem","position":1,"name":"Accueil","item":"https:\/\/www.daisho.be\/de\/"},{"@type":"ListItem","position":2,"name":"Produkte","item":"https:\/\/www.daisho.be\/de\/produkte\/"},{"@type":"ListItem","position":3,"name":"Sportlerpflege","item":"https:\/\/www.daisho.be\/de\/categorie-produit\/sportlerpflege\/"},{"@type":"ListItem","position":4,"name":"Streifen - Tapes","item":"https:\/\/www.daisho.be\/de\/categorie-produit\/sportlerpflege\/streifen-tapes\/"},{"@type":"ListItem","position":5,"name":"KT TAPE\u00ae Erholungspflaster"}]},{"@type":"WebSite","@id":"https:\/\/www.daisho.be\/de\/#website","url":"https:\/\/www.daisho.be\/de\/","name":"Daisho","description":"Sp&eacute;cialiste de l'&eacute;quipement sportif d'arts martiaux","publisher":{"@id":"https:\/\/www.daisho.be\/de\/#organization"},"potentialAction":[{"@type":"SearchAction","target":{"@type":"EntryPoint","urlTemplate":"https:\/\/www.daisho.be\/de\/?s={search_term_string}"},"query-input":{"@type":"PropertyValueSpecification","valueRequired":true,"valueName":"search_term_string"}}],"inLanguage":"de"},{"@type":"Organization","@id":"https:\/\/www.daisho.be\/de\/#organization","name":"Daisho","url":"https:\/\/www.daisho.be\/de\/","logo":{"@type":"ImageObject","inLanguage":"de","@id":"https:\/\/www.daisho.be\/de\/#\/schema\/logo\/image\/","url":"https:\/\/www.daisho.be\/wp-content\/uploads\/2019\/07\/color-nothing-horizontale4x-e1564486100247.png","contentUrl":"https:\/\/www.daisho.be\/wp-content\/uploads\/2019\/07\/color-nothing-horizontale4x-e1564486100247.png","width":1547,"height":385,"caption":"Daisho"},"image":{"@id":"https:\/\/www.daisho.be\/de\/#\/schema\/logo\/image\/"}}]}},"_links":{"self":[{"href":"https:\/\/www.daisho.be\/de\/wp-json\/wp\/v2\/product\/686242","targetHints":{"allow":["GET"]}}],"collection":[{"href":"https:\/\/www.daisho.be\/de\/wp-json\/wp\/v2\/product"}],"about":[{"href":"https:\/\/www.daisho.be\/de\/wp-json\/wp\/v2\/types\/product"}],"replies":[{"embeddable":true,"href":"https:\/\/www.daisho.be\/de\/wp-json\/wp\/v2\/comments?post=686242"}],"wp:featuredmedia":[{"embeddable":true,"href":"https:\/\/www.daisho.be\/de\/wp-json\/wp\/v2\/media\/686277"}],"wp:attachment":[{"href":"https:\/\/www.daisho.be\/de\/wp-json\/wp\/v2\/media?parent=686242"}],"wp:term":[{"taxonomy":"product_brand","embeddable":true,"href":"https:\/\/www.daisho.be\/de\/wp-json\/wp\/v2\/product_brand?post=686242"},{"taxonomy":"product_cat","embeddable":true,"href":"https:\/\/www.daisho.be\/de\/wp-json\/wp\/v2\/product_cat?post=686242"},{"taxonomy":"product_tag","embeddable":true,"href":"https:\/\/www.daisho.be\/de\/wp-json\/wp\/v2\/product_tag?post=686242"},{"taxonomy":"sport","embeddable":true,"href":"https:\/\/www.daisho.be\/de\/wp-json\/wp\/v2\/sport?post=686242"}],"curies":[{"name":"wp","href":"https:\/\/api.w.org\/{rel}","templated":true}]}}