{"id":680951,"date":"2026-04-17T13:25:31","date_gmt":"2026-04-17T11:25:31","guid":{"rendered":"https:\/\/www.daisho.be\/produit\/aircore-kompressionsshorts\/"},"modified":"2026-04-17T13:25:31","modified_gmt":"2026-04-17T11:25:31","slug":"aircore-kompressionsshorts","status":"publish","type":"product","link":"https:\/\/www.daisho.be\/de\/produit\/aircore-kompressionsshorts\/","title":{"rendered":"Aircore Kompressionsshorts"},"content":{"rendered":"<p>Ideal f\u00fcr alle Sportler, die auf der Suche nach Komfort und Kompression sind.<br \/>\nDas &#8222;Ultra Cup&#8220;-Haltesystem h\u00e4lt die Schutztasche in einer nat\u00fcrlicheren Position und stellt sicher, dass die Schutztasche an ihrem Platz bleibt.<br \/>\nUmfasst die Shock Doctor Aircore&#x2122; Schale mit einer patentierten 3-lagigen Fusionstechnologie und 30% leichter als eine herk\u00f6mmliche geformte Schale.<\/p>\n<p>Merkmale :<\/p>\n<p>&#8211; Perfekte Passform: Der innere Gurt des &#8222;Ultra Cup&#8220;-Haltesystems fixiert die unteren zwei Drittel f\u00fcr eine optimale Positionierung der Schale und \u00fcberlegenen Komfort.<br \/>\n&#8211; Ultimativer Komfort &#8211; Ultrahochwertiger Mikro-Mesh-G\u00fcrtel.<br \/>\n&#8211; Maximale Atmungsaktivit\u00e4t und Schutz &#8211; Schutztasche aus atmungsaktivem Netzgewebe und Aircore&#x2122;-Schale.<br \/>\n&#8211; Keine beweglichen Teile &#8211; das Ultra Cup-Haltesystem h\u00e4lt die Schutztasche in einer nat\u00fcrlicheren Position f\u00fcr einen zuverl\u00e4ssigen Schutz.<br \/>\n&#8211; Ideal f\u00fcr Kontaktsportarten &#8211; ideal f\u00fcr Sportler, die American Football, Baseball, Hockey, Lacrosse und MMA spielen<\/p>\n","protected":false},"excerpt":{"rendered":"<p>Ideal f\u00fcr alle Sportler, die auf der Suche nach Komfort und Kompression sind. Das &#8222;Ultra Cup&#8220;-Haltesystem h\u00e4lt die Schutztasche in einer nat\u00fcrlicheren Position und stellt sicher, dass die Schutztasche an ihrem Platz bleibt. Umfasst die Shock Doctor Aircore&#x2122; Schale mit einer patentierten 3-lagigen Fusionstechnologie und 30% leichter als eine herk\u00f6mmliche geformte Schale. Merkmale : &#8211; [&hellip;]<\/p>\n","protected":false},"featured_media":680980,"comment_status":"open","ping_status":"closed","template":"","meta":{"inline_featured_image":false},"product_brand":[],"product_cat":[2356],"product_tag":[2616],"sport":[],"class_list":{"0":"post-680951","1":"product","2":"type-product","3":"status-publish","4":"has-post-thumbnail","6":"product_cat-andere-de","7":"product_tag-shock-doctor","8":"pa_size-2xl","9":"pa_size-l","10":"pa_size-m","11":"pa_size-s","12":"pa_size-xl","14":"first","15":"instock","16":"taxable","17":"shipping-taxable","18":"purchasable","19":"product-type-variable"},"yoast_head":"<!-- This site is optimized with the Yoast SEO plugin v27.2 - https:\/\/yoast.com\/product\/yoast-seo-wordpress\/ -->\n<title>Aircore Kompressionsshorts &#8211; Daisho<\/title>\n<meta name=\"robots\" content=\"index, follow, max-snippet:-1, max-image-preview:large, max-video-preview:-1\" \/>\n<link rel=\"canonical\" href=\"https:\/\/www.daisho.be\/de\/produit\/aircore-kompressionsshorts\/\" \/>\n<meta property=\"og:locale\" content=\"de_DE\" \/>\n<meta property=\"og:type\" content=\"article\" \/>\n<meta property=\"og:title\" content=\"Aircore Kompressionsshorts &#8211; Daisho\" \/>\n<meta property=\"og:description\" content=\"Ideal f\u00fcr alle Sportler, die auf der Suche nach Komfort und Kompression sind. Das &#8222;Ultra Cup&#8220;-Haltesystem h\u00e4lt die Schutztasche in einer nat\u00fcrlicheren Position und stellt sicher, dass die Schutztasche an ihrem Platz bleibt. Umfasst die Shock Doctor Aircore&#x2122; Schale mit einer patentierten 3-lagigen Fusionstechnologie und 30% leichter als eine herk\u00f6mmliche geformte Schale. Merkmale : &#8211; [&hellip;]\" \/>\n<meta property=\"og:url\" content=\"https:\/\/www.daisho.be\/de\/produit\/aircore-kompressionsshorts\/\" \/>\n<meta property=\"og:site_name\" content=\"Daisho\" \/>\n<meta property=\"og:image\" content=\"https:\/\/www.daisho.be\/wp-content\/uploads\/2026\/04\/image-57.png\" \/>\n\t<meta property=\"og:image:width\" content=\"1000\" \/>\n\t<meta property=\"og:image:height\" content=\"1000\" \/>\n\t<meta property=\"og:image:type\" content=\"image\/png\" \/>\n<meta name=\"twitter:card\" content=\"summary_large_image\" \/>\n<meta name=\"twitter:label1\" content=\"Gesch\u00e4tzte Lesezeit\" \/>\n\t<meta name=\"twitter:data1\" content=\"1\u00a0Minute\" \/>\n<script type=\"application\/ld+json\" class=\"yoast-schema-graph\">{\"@context\":\"https:\/\/schema.org\",\"@graph\":[{\"@type\":\"WebPage\",\"@id\":\"https:\/\/www.daisho.be\/de\/produit\/aircore-kompressionsshorts\/\",\"url\":\"https:\/\/www.daisho.be\/de\/produit\/aircore-kompressionsshorts\/\",\"name\":\"Aircore Kompressionsshorts &#8211; Daisho\",\"isPartOf\":{\"@id\":\"https:\/\/www.daisho.be\/de\/#website\"},\"primaryImageOfPage\":{\"@id\":\"https:\/\/www.daisho.be\/de\/produit\/aircore-kompressionsshorts\/#primaryimage\"},\"image\":{\"@id\":\"https:\/\/www.daisho.be\/de\/produit\/aircore-kompressionsshorts\/#primaryimage\"},\"thumbnailUrl\":\"https:\/\/www.daisho.be\/wp-content\/uploads\/2026\/04\/image-57.png\",\"datePublished\":\"2026-04-17T11:25:31+00:00\",\"breadcrumb\":{\"@id\":\"https:\/\/www.daisho.be\/de\/produit\/aircore-kompressionsshorts\/#breadcrumb\"},\"inLanguage\":\"de\",\"potentialAction\":[{\"@type\":\"ReadAction\",\"target\":[\"https:\/\/www.daisho.be\/de\/produit\/aircore-kompressionsshorts\/\"]}]},{\"@type\":\"ImageObject\",\"inLanguage\":\"de\",\"@id\":\"https:\/\/www.daisho.be\/de\/produit\/aircore-kompressionsshorts\/#primaryimage\",\"url\":\"https:\/\/www.daisho.be\/wp-content\/uploads\/2026\/04\/image-57.png\",\"contentUrl\":\"https:\/\/www.daisho.be\/wp-content\/uploads\/2026\/04\/image-57.png\",\"width\":1000,\"height\":1000,\"caption\":\"Short de compression Aircore-1\"},{\"@type\":\"BreadcrumbList\",\"@id\":\"https:\/\/www.daisho.be\/de\/produit\/aircore-kompressionsshorts\/#breadcrumb\",\"itemListElement\":[{\"@type\":\"ListItem\",\"position\":1,\"name\":\"Accueil\",\"item\":\"https:\/\/www.daisho.be\/de\/\"},{\"@type\":\"ListItem\",\"position\":2,\"name\":\"Produkte\",\"item\":\"https:\/\/www.daisho.be\/de\/produkte\/\"},{\"@type\":\"ListItem\",\"position\":3,\"name\":\"Andere\",\"item\":\"https:\/\/www.daisho.be\/de\/categorie-produit\/andere-de\/\"},{\"@type\":\"ListItem\",\"position\":4,\"name\":\"Aircore Kompressionsshorts\"}]},{\"@type\":\"WebSite\",\"@id\":\"https:\/\/www.daisho.be\/de\/#website\",\"url\":\"https:\/\/www.daisho.be\/de\/\",\"name\":\"Daisho\",\"description\":\"Sp&eacute;cialiste de l'&eacute;quipement sportif d'arts martiaux\",\"publisher\":{\"@id\":\"https:\/\/www.daisho.be\/de\/#organization\"},\"potentialAction\":[{\"@type\":\"SearchAction\",\"target\":{\"@type\":\"EntryPoint\",\"urlTemplate\":\"https:\/\/www.daisho.be\/de\/?s={search_term_string}\"},\"query-input\":{\"@type\":\"PropertyValueSpecification\",\"valueRequired\":true,\"valueName\":\"search_term_string\"}}],\"inLanguage\":\"de\"},{\"@type\":\"Organization\",\"@id\":\"https:\/\/www.daisho.be\/de\/#organization\",\"name\":\"Daisho\",\"url\":\"https:\/\/www.daisho.be\/de\/\",\"logo\":{\"@type\":\"ImageObject\",\"inLanguage\":\"de\",\"@id\":\"https:\/\/www.daisho.be\/de\/#\/schema\/logo\/image\/\",\"url\":\"https:\/\/www.daisho.be\/wp-content\/uploads\/2019\/07\/color-nothing-horizontale4x-e1564486100247.png\",\"contentUrl\":\"https:\/\/www.daisho.be\/wp-content\/uploads\/2019\/07\/color-nothing-horizontale4x-e1564486100247.png\",\"width\":1547,\"height\":385,\"caption\":\"Daisho\"},\"image\":{\"@id\":\"https:\/\/www.daisho.be\/de\/#\/schema\/logo\/image\/\"}}]}<\/script>\n<!-- \/ Yoast SEO plugin. -->","yoast_head_json":{"title":"Aircore Kompressionsshorts &#8211; Daisho","robots":{"index":"index","follow":"follow","max-snippet":"max-snippet:-1","max-image-preview":"max-image-preview:large","max-video-preview":"max-video-preview:-1"},"canonical":"https:\/\/www.daisho.be\/de\/produit\/aircore-kompressionsshorts\/","og_locale":"de_DE","og_type":"article","og_title":"Aircore Kompressionsshorts &#8211; Daisho","og_description":"Ideal f\u00fcr alle Sportler, die auf der Suche nach Komfort und Kompression sind. Das &#8222;Ultra Cup&#8220;-Haltesystem h\u00e4lt die Schutztasche in einer nat\u00fcrlicheren Position und stellt sicher, dass die Schutztasche an ihrem Platz bleibt. Umfasst die Shock Doctor Aircore&#x2122; Schale mit einer patentierten 3-lagigen Fusionstechnologie und 30% leichter als eine herk\u00f6mmliche geformte Schale. Merkmale : &#8211; [&hellip;]","og_url":"https:\/\/www.daisho.be\/de\/produit\/aircore-kompressionsshorts\/","og_site_name":"Daisho","og_image":[{"width":1000,"height":1000,"url":"https:\/\/www.daisho.be\/wp-content\/uploads\/2026\/04\/image-57.png","type":"image\/png"}],"twitter_card":"summary_large_image","twitter_misc":{"Gesch\u00e4tzte Lesezeit":"1\u00a0Minute"},"schema":{"@context":"https:\/\/schema.org","@graph":[{"@type":"WebPage","@id":"https:\/\/www.daisho.be\/de\/produit\/aircore-kompressionsshorts\/","url":"https:\/\/www.daisho.be\/de\/produit\/aircore-kompressionsshorts\/","name":"Aircore Kompressionsshorts &#8211; Daisho","isPartOf":{"@id":"https:\/\/www.daisho.be\/de\/#website"},"primaryImageOfPage":{"@id":"https:\/\/www.daisho.be\/de\/produit\/aircore-kompressionsshorts\/#primaryimage"},"image":{"@id":"https:\/\/www.daisho.be\/de\/produit\/aircore-kompressionsshorts\/#primaryimage"},"thumbnailUrl":"https:\/\/www.daisho.be\/wp-content\/uploads\/2026\/04\/image-57.png","datePublished":"2026-04-17T11:25:31+00:00","breadcrumb":{"@id":"https:\/\/www.daisho.be\/de\/produit\/aircore-kompressionsshorts\/#breadcrumb"},"inLanguage":"de","potentialAction":[{"@type":"ReadAction","target":["https:\/\/www.daisho.be\/de\/produit\/aircore-kompressionsshorts\/"]}]},{"@type":"ImageObject","inLanguage":"de","@id":"https:\/\/www.daisho.be\/de\/produit\/aircore-kompressionsshorts\/#primaryimage","url":"https:\/\/www.daisho.be\/wp-content\/uploads\/2026\/04\/image-57.png","contentUrl":"https:\/\/www.daisho.be\/wp-content\/uploads\/2026\/04\/image-57.png","width":1000,"height":1000,"caption":"Short de compression Aircore-1"},{"@type":"BreadcrumbList","@id":"https:\/\/www.daisho.be\/de\/produit\/aircore-kompressionsshorts\/#breadcrumb","itemListElement":[{"@type":"ListItem","position":1,"name":"Accueil","item":"https:\/\/www.daisho.be\/de\/"},{"@type":"ListItem","position":2,"name":"Produkte","item":"https:\/\/www.daisho.be\/de\/produkte\/"},{"@type":"ListItem","position":3,"name":"Andere","item":"https:\/\/www.daisho.be\/de\/categorie-produit\/andere-de\/"},{"@type":"ListItem","position":4,"name":"Aircore Kompressionsshorts"}]},{"@type":"WebSite","@id":"https:\/\/www.daisho.be\/de\/#website","url":"https:\/\/www.daisho.be\/de\/","name":"Daisho","description":"Sp&eacute;cialiste de l'&eacute;quipement sportif d'arts martiaux","publisher":{"@id":"https:\/\/www.daisho.be\/de\/#organization"},"potentialAction":[{"@type":"SearchAction","target":{"@type":"EntryPoint","urlTemplate":"https:\/\/www.daisho.be\/de\/?s={search_term_string}"},"query-input":{"@type":"PropertyValueSpecification","valueRequired":true,"valueName":"search_term_string"}}],"inLanguage":"de"},{"@type":"Organization","@id":"https:\/\/www.daisho.be\/de\/#organization","name":"Daisho","url":"https:\/\/www.daisho.be\/de\/","logo":{"@type":"ImageObject","inLanguage":"de","@id":"https:\/\/www.daisho.be\/de\/#\/schema\/logo\/image\/","url":"https:\/\/www.daisho.be\/wp-content\/uploads\/2019\/07\/color-nothing-horizontale4x-e1564486100247.png","contentUrl":"https:\/\/www.daisho.be\/wp-content\/uploads\/2019\/07\/color-nothing-horizontale4x-e1564486100247.png","width":1547,"height":385,"caption":"Daisho"},"image":{"@id":"https:\/\/www.daisho.be\/de\/#\/schema\/logo\/image\/"}}]}},"_links":{"self":[{"href":"https:\/\/www.daisho.be\/de\/wp-json\/wp\/v2\/product\/680951","targetHints":{"allow":["GET"]}}],"collection":[{"href":"https:\/\/www.daisho.be\/de\/wp-json\/wp\/v2\/product"}],"about":[{"href":"https:\/\/www.daisho.be\/de\/wp-json\/wp\/v2\/types\/product"}],"replies":[{"embeddable":true,"href":"https:\/\/www.daisho.be\/de\/wp-json\/wp\/v2\/comments?post=680951"}],"wp:featuredmedia":[{"embeddable":true,"href":"https:\/\/www.daisho.be\/de\/wp-json\/wp\/v2\/media\/680980"}],"wp:attachment":[{"href":"https:\/\/www.daisho.be\/de\/wp-json\/wp\/v2\/media?parent=680951"}],"wp:term":[{"taxonomy":"product_brand","embeddable":true,"href":"https:\/\/www.daisho.be\/de\/wp-json\/wp\/v2\/product_brand?post=680951"},{"taxonomy":"product_cat","embeddable":true,"href":"https:\/\/www.daisho.be\/de\/wp-json\/wp\/v2\/product_cat?post=680951"},{"taxonomy":"product_tag","embeddable":true,"href":"https:\/\/www.daisho.be\/de\/wp-json\/wp\/v2\/product_tag?post=680951"},{"taxonomy":"sport","embeddable":true,"href":"https:\/\/www.daisho.be\/de\/wp-json\/wp\/v2\/sport?post=680951"}],"curies":[{"name":"wp","href":"https:\/\/api.w.org\/{rel}","templated":true}]}}