{"id":678855,"date":"2026-04-14T14:41:53","date_gmt":"2026-04-14T12:41:53","guid":{"rendered":"https:\/\/www.daisho.be\/produit\/adidas-karate-light-rucksack-schwarz\/"},"modified":"2026-04-14T15:32:53","modified_gmt":"2026-04-14T13:32:53","slug":"adidas-karate-light-rucksack-schwarz","status":"publish","type":"product","link":"https:\/\/www.daisho.be\/de\/produit\/adidas-karate-light-rucksack-schwarz\/","title":{"rendered":"adidas Karate Light Rucksack schwarz"},"content":{"rendered":"<p>Der Karate-Rucksack von adidas ist der ideale Begleiter f\u00fcr Training, Wettkampf oder Alltag.<br \/>\nEs ist klassisch schwarz und hat ein gro\u00dfes adidas Logo in der Mitte der Vorderseite, unter dem sich der Schriftzug &#8222;Karate&#8220; befindet, ein echtes Symbol f\u00fcr alle Karatefans.<br \/>\nDer Rucksack verf\u00fcgt \u00fcber ein Hauptfach mit Rei\u00dfverschluss f\u00fcr Kleidung, Ausr\u00fcstung oder pers\u00f6nliche Gegenst\u00e4nde sowie Netzseitentaschen, die sich ideal f\u00fcr Wasserflaschen oder kleine Accessoires eignen.<br \/>\nDie verstellbaren Schultergurte sorgen f\u00fcr einen ma\u00dfgeschneiderten Tragekomfort.<br \/>\nMit den Abmessungen von ca. 45 x 28 x 17 cm bietet er ein Volumen von ca. 21 Litern, ausreichend f\u00fcr alles, was Sie f\u00fcr das Training oder den Wettkampf ben\u00f6tigen.<br \/>\nEin kompakter und funktioneller Rucksack, der Sportlichkeit, Komfort und Organisation perfekt miteinander verbindet.<\/p>\n<p>Eigenschaften:<br \/>\nVolumen: ca. 21 Liter<br \/>\nMa\u00dfe: ca. 45 x 28 x 17 cm<br \/>\nMaterial: recyceltes Polyester 600D<br \/>\nVerstellbare Schultergurte,<br \/>\nHauptfach mit Rei\u00dfverschluss<br \/>\nNetzseitentaschen f\u00fcr Flaschen oder Zubeh\u00f6r<\/p>\n","protected":false},"excerpt":{"rendered":"<p>Der Karate-Rucksack von adidas ist der ideale Begleiter f\u00fcr Training, Wettkampf oder Alltag. Es ist klassisch schwarz und hat ein gro\u00dfes adidas Logo in der Mitte der Vorderseite, unter dem sich der Schriftzug &#8222;Karate&#8220; befindet, ein echtes Symbol f\u00fcr alle Karatefans. Der Rucksack verf\u00fcgt \u00fcber ein Hauptfach mit Rei\u00dfverschluss f\u00fcr Kleidung, Ausr\u00fcstung oder pers\u00f6nliche Gegenst\u00e4nde [&hellip;]<\/p>\n","protected":false},"featured_media":678986,"comment_status":"open","ping_status":"closed","template":"","meta":{"inline_featured_image":false},"product_brand":[],"product_cat":[2063,2061,2300],"product_tag":[2178],"sport":[],"class_list":{"0":"post-678855","1":"product","2":"type-product","3":"status-publish","4":"has-post-thumbnail","6":"product_cat-karate-taschen","7":"product_cat-sporttaschen","8":"product_cat-taschen-adidas-combat-sports","9":"product_tag-adidas-de","11":"first","12":"instock","13":"taxable","14":"shipping-taxable","15":"purchasable","16":"product-type-simple"},"yoast_head":"<!-- This site is optimized with the Yoast SEO plugin v27.2 - https:\/\/yoast.com\/product\/yoast-seo-wordpress\/ -->\n<title>adidas Karate Light Rucksack schwarz &#8211; Daisho<\/title>\n<meta name=\"description\" content=\"Entdecken Sie die Adidas-Tasche, die speziell f\u00fcr Karate-Sportler entwickelt wurde. Sie finden sie jetzt auf unserer Website www.daisho.be|Daisho.\" \/>\n<meta name=\"robots\" content=\"index, follow, max-snippet:-1, max-image-preview:large, max-video-preview:-1\" \/>\n<link rel=\"canonical\" href=\"https:\/\/www.daisho.be\/de\/produit\/adidas-karate-light-rucksack-schwarz\/\" \/>\n<meta property=\"og:locale\" content=\"de_DE\" \/>\n<meta property=\"og:type\" content=\"article\" \/>\n<meta property=\"og:title\" content=\"adidas Karate Light Rucksack schwarz &#8211; Daisho\" \/>\n<meta property=\"og:description\" content=\"Entdecken Sie die Adidas-Tasche, die speziell f\u00fcr Karate-Sportler entwickelt wurde. Sie finden sie jetzt auf unserer Website www.daisho.be|Daisho.\" \/>\n<meta property=\"og:url\" content=\"https:\/\/www.daisho.be\/de\/produit\/adidas-karate-light-rucksack-schwarz\/\" \/>\n<meta property=\"og:site_name\" content=\"Daisho\" \/>\n<meta property=\"article:modified_time\" content=\"2026-04-14T13:32:53+00:00\" \/>\n<meta property=\"og:image\" content=\"https:\/\/www.daisho.be\/wp-content\/uploads\/2026\/04\/image-53.png\" \/>\n\t<meta property=\"og:image:width\" content=\"1200\" \/>\n\t<meta property=\"og:image:height\" content=\"1200\" \/>\n\t<meta property=\"og:image:type\" content=\"image\/png\" \/>\n<meta name=\"twitter:card\" content=\"summary_large_image\" \/>\n<meta name=\"twitter:label1\" content=\"Gesch\u00e4tzte Lesezeit\" \/>\n\t<meta name=\"twitter:data1\" content=\"1\u00a0Minute\" \/>\n<script type=\"application\/ld+json\" class=\"yoast-schema-graph\">{\"@context\":\"https:\/\/schema.org\",\"@graph\":[{\"@type\":\"WebPage\",\"@id\":\"https:\/\/www.daisho.be\/de\/produit\/adidas-karate-light-rucksack-schwarz\/\",\"url\":\"https:\/\/www.daisho.be\/de\/produit\/adidas-karate-light-rucksack-schwarz\/\",\"name\":\"adidas Karate Light Rucksack schwarz &#8211; Daisho\",\"isPartOf\":{\"@id\":\"https:\/\/www.daisho.be\/de\/#website\"},\"primaryImageOfPage\":{\"@id\":\"https:\/\/www.daisho.be\/de\/produit\/adidas-karate-light-rucksack-schwarz\/#primaryimage\"},\"image\":{\"@id\":\"https:\/\/www.daisho.be\/de\/produit\/adidas-karate-light-rucksack-schwarz\/#primaryimage\"},\"thumbnailUrl\":\"https:\/\/www.daisho.be\/wp-content\/uploads\/2026\/04\/image-52.png\",\"datePublished\":\"2026-04-14T12:41:53+00:00\",\"dateModified\":\"2026-04-14T13:32:53+00:00\",\"description\":\"Entdecken Sie die Adidas-Tasche, die speziell f\u00fcr Karate-Sportler entwickelt wurde. Sie finden sie jetzt auf unserer Website www.daisho.be|Daisho.\",\"breadcrumb\":{\"@id\":\"https:\/\/www.daisho.be\/de\/produit\/adidas-karate-light-rucksack-schwarz\/#breadcrumb\"},\"inLanguage\":\"de\",\"potentialAction\":[{\"@type\":\"ReadAction\",\"target\":[\"https:\/\/www.daisho.be\/de\/produit\/adidas-karate-light-rucksack-schwarz\/\"]}]},{\"@type\":\"ImageObject\",\"inLanguage\":\"de\",\"@id\":\"https:\/\/www.daisho.be\/de\/produit\/adidas-karate-light-rucksack-schwarz\/#primaryimage\",\"url\":\"https:\/\/www.daisho.be\/wp-content\/uploads\/2026\/04\/image-52.png\",\"contentUrl\":\"https:\/\/www.daisho.be\/wp-content\/uploads\/2026\/04\/image-52.png\",\"width\":1200,\"height\":1200,\"caption\":\"Rucksack adidas Karate Light schwarz-2\"},{\"@type\":\"BreadcrumbList\",\"@id\":\"https:\/\/www.daisho.be\/de\/produit\/adidas-karate-light-rucksack-schwarz\/#breadcrumb\",\"itemListElement\":[{\"@type\":\"ListItem\",\"position\":1,\"name\":\"Accueil\",\"item\":\"https:\/\/www.daisho.be\/de\/\"},{\"@type\":\"ListItem\",\"position\":2,\"name\":\"Produkte\",\"item\":\"https:\/\/www.daisho.be\/de\/produkte\/\"},{\"@type\":\"ListItem\",\"position\":3,\"name\":\"Ausr\u00fcstung und Kleidung f\u00fcr Kampfkunst und Kampfsport\",\"item\":\"https:\/\/www.daisho.be\/de\/categorie-produit\/ausrustung-und-kleidung-fur-kampfkunst-und-kampfsport\/\"},{\"@type\":\"ListItem\",\"position\":4,\"name\":\"Karate\",\"item\":\"https:\/\/www.daisho.be\/de\/categorie-produit\/ausrustung-und-kleidung-fur-kampfkunst-und-kampfsport\/karate-de-2\/\"},{\"@type\":\"ListItem\",\"position\":5,\"name\":\"Karate-Taschen\",\"item\":\"https:\/\/www.daisho.be\/de\/categorie-produit\/ausrustung-und-kleidung-fur-kampfkunst-und-kampfsport\/karate-de-2\/karate-taschen\/\"},{\"@type\":\"ListItem\",\"position\":6,\"name\":\"adidas Karate Light Rucksack schwarz\"}]},{\"@type\":\"WebSite\",\"@id\":\"https:\/\/www.daisho.be\/de\/#website\",\"url\":\"https:\/\/www.daisho.be\/de\/\",\"name\":\"Daisho\",\"description\":\"Sp&eacute;cialiste de l'&eacute;quipement sportif d'arts martiaux\",\"publisher\":{\"@id\":\"https:\/\/www.daisho.be\/de\/#organization\"},\"potentialAction\":[{\"@type\":\"SearchAction\",\"target\":{\"@type\":\"EntryPoint\",\"urlTemplate\":\"https:\/\/www.daisho.be\/de\/?s={search_term_string}\"},\"query-input\":{\"@type\":\"PropertyValueSpecification\",\"valueRequired\":true,\"valueName\":\"search_term_string\"}}],\"inLanguage\":\"de\"},{\"@type\":\"Organization\",\"@id\":\"https:\/\/www.daisho.be\/de\/#organization\",\"name\":\"Daisho\",\"url\":\"https:\/\/www.daisho.be\/de\/\",\"logo\":{\"@type\":\"ImageObject\",\"inLanguage\":\"de\",\"@id\":\"https:\/\/www.daisho.be\/de\/#\/schema\/logo\/image\/\",\"url\":\"https:\/\/www.daisho.be\/wp-content\/uploads\/2019\/07\/color-nothing-horizontale4x-e1564486100247.png\",\"contentUrl\":\"https:\/\/www.daisho.be\/wp-content\/uploads\/2019\/07\/color-nothing-horizontale4x-e1564486100247.png\",\"width\":1547,\"height\":385,\"caption\":\"Daisho\"},\"image\":{\"@id\":\"https:\/\/www.daisho.be\/de\/#\/schema\/logo\/image\/\"}}]}<\/script>\n<!-- \/ Yoast SEO plugin. -->","yoast_head_json":{"title":"adidas Karate Light Rucksack schwarz &#8211; Daisho","description":"Entdecken Sie die Adidas-Tasche, die speziell f\u00fcr Karate-Sportler entwickelt wurde. Sie finden sie jetzt auf unserer Website www.daisho.be|Daisho.","robots":{"index":"index","follow":"follow","max-snippet":"max-snippet:-1","max-image-preview":"max-image-preview:large","max-video-preview":"max-video-preview:-1"},"canonical":"https:\/\/www.daisho.be\/de\/produit\/adidas-karate-light-rucksack-schwarz\/","og_locale":"de_DE","og_type":"article","og_title":"adidas Karate Light Rucksack schwarz &#8211; Daisho","og_description":"Entdecken Sie die Adidas-Tasche, die speziell f\u00fcr Karate-Sportler entwickelt wurde. Sie finden sie jetzt auf unserer Website www.daisho.be|Daisho.","og_url":"https:\/\/www.daisho.be\/de\/produit\/adidas-karate-light-rucksack-schwarz\/","og_site_name":"Daisho","article_modified_time":"2026-04-14T13:32:53+00:00","og_image":[{"width":1200,"height":1200,"url":"https:\/\/www.daisho.be\/wp-content\/uploads\/2026\/04\/image-53.png","type":"image\/png"}],"twitter_card":"summary_large_image","twitter_misc":{"Gesch\u00e4tzte Lesezeit":"1\u00a0Minute"},"schema":{"@context":"https:\/\/schema.org","@graph":[{"@type":"WebPage","@id":"https:\/\/www.daisho.be\/de\/produit\/adidas-karate-light-rucksack-schwarz\/","url":"https:\/\/www.daisho.be\/de\/produit\/adidas-karate-light-rucksack-schwarz\/","name":"adidas Karate Light Rucksack schwarz &#8211; Daisho","isPartOf":{"@id":"https:\/\/www.daisho.be\/de\/#website"},"primaryImageOfPage":{"@id":"https:\/\/www.daisho.be\/de\/produit\/adidas-karate-light-rucksack-schwarz\/#primaryimage"},"image":{"@id":"https:\/\/www.daisho.be\/de\/produit\/adidas-karate-light-rucksack-schwarz\/#primaryimage"},"thumbnailUrl":"https:\/\/www.daisho.be\/wp-content\/uploads\/2026\/04\/image-52.png","datePublished":"2026-04-14T12:41:53+00:00","dateModified":"2026-04-14T13:32:53+00:00","description":"Entdecken Sie die Adidas-Tasche, die speziell f\u00fcr Karate-Sportler entwickelt wurde. Sie finden sie jetzt auf unserer Website www.daisho.be|Daisho.","breadcrumb":{"@id":"https:\/\/www.daisho.be\/de\/produit\/adidas-karate-light-rucksack-schwarz\/#breadcrumb"},"inLanguage":"de","potentialAction":[{"@type":"ReadAction","target":["https:\/\/www.daisho.be\/de\/produit\/adidas-karate-light-rucksack-schwarz\/"]}]},{"@type":"ImageObject","inLanguage":"de","@id":"https:\/\/www.daisho.be\/de\/produit\/adidas-karate-light-rucksack-schwarz\/#primaryimage","url":"https:\/\/www.daisho.be\/wp-content\/uploads\/2026\/04\/image-52.png","contentUrl":"https:\/\/www.daisho.be\/wp-content\/uploads\/2026\/04\/image-52.png","width":1200,"height":1200,"caption":"Rucksack adidas Karate Light schwarz-2"},{"@type":"BreadcrumbList","@id":"https:\/\/www.daisho.be\/de\/produit\/adidas-karate-light-rucksack-schwarz\/#breadcrumb","itemListElement":[{"@type":"ListItem","position":1,"name":"Accueil","item":"https:\/\/www.daisho.be\/de\/"},{"@type":"ListItem","position":2,"name":"Produkte","item":"https:\/\/www.daisho.be\/de\/produkte\/"},{"@type":"ListItem","position":3,"name":"Ausr\u00fcstung und Kleidung f\u00fcr Kampfkunst und Kampfsport","item":"https:\/\/www.daisho.be\/de\/categorie-produit\/ausrustung-und-kleidung-fur-kampfkunst-und-kampfsport\/"},{"@type":"ListItem","position":4,"name":"Karate","item":"https:\/\/www.daisho.be\/de\/categorie-produit\/ausrustung-und-kleidung-fur-kampfkunst-und-kampfsport\/karate-de-2\/"},{"@type":"ListItem","position":5,"name":"Karate-Taschen","item":"https:\/\/www.daisho.be\/de\/categorie-produit\/ausrustung-und-kleidung-fur-kampfkunst-und-kampfsport\/karate-de-2\/karate-taschen\/"},{"@type":"ListItem","position":6,"name":"adidas Karate Light Rucksack schwarz"}]},{"@type":"WebSite","@id":"https:\/\/www.daisho.be\/de\/#website","url":"https:\/\/www.daisho.be\/de\/","name":"Daisho","description":"Sp&eacute;cialiste de l'&eacute;quipement sportif d'arts martiaux","publisher":{"@id":"https:\/\/www.daisho.be\/de\/#organization"},"potentialAction":[{"@type":"SearchAction","target":{"@type":"EntryPoint","urlTemplate":"https:\/\/www.daisho.be\/de\/?s={search_term_string}"},"query-input":{"@type":"PropertyValueSpecification","valueRequired":true,"valueName":"search_term_string"}}],"inLanguage":"de"},{"@type":"Organization","@id":"https:\/\/www.daisho.be\/de\/#organization","name":"Daisho","url":"https:\/\/www.daisho.be\/de\/","logo":{"@type":"ImageObject","inLanguage":"de","@id":"https:\/\/www.daisho.be\/de\/#\/schema\/logo\/image\/","url":"https:\/\/www.daisho.be\/wp-content\/uploads\/2019\/07\/color-nothing-horizontale4x-e1564486100247.png","contentUrl":"https:\/\/www.daisho.be\/wp-content\/uploads\/2019\/07\/color-nothing-horizontale4x-e1564486100247.png","width":1547,"height":385,"caption":"Daisho"},"image":{"@id":"https:\/\/www.daisho.be\/de\/#\/schema\/logo\/image\/"}}]}},"_links":{"self":[{"href":"https:\/\/www.daisho.be\/de\/wp-json\/wp\/v2\/product\/678855","targetHints":{"allow":["GET"]}}],"collection":[{"href":"https:\/\/www.daisho.be\/de\/wp-json\/wp\/v2\/product"}],"about":[{"href":"https:\/\/www.daisho.be\/de\/wp-json\/wp\/v2\/types\/product"}],"replies":[{"embeddable":true,"href":"https:\/\/www.daisho.be\/de\/wp-json\/wp\/v2\/comments?post=678855"}],"wp:featuredmedia":[{"embeddable":true,"href":"https:\/\/www.daisho.be\/de\/wp-json\/wp\/v2\/media\/678986"}],"wp:attachment":[{"href":"https:\/\/www.daisho.be\/de\/wp-json\/wp\/v2\/media?parent=678855"}],"wp:term":[{"taxonomy":"product_brand","embeddable":true,"href":"https:\/\/www.daisho.be\/de\/wp-json\/wp\/v2\/product_brand?post=678855"},{"taxonomy":"product_cat","embeddable":true,"href":"https:\/\/www.daisho.be\/de\/wp-json\/wp\/v2\/product_cat?post=678855"},{"taxonomy":"product_tag","embeddable":true,"href":"https:\/\/www.daisho.be\/de\/wp-json\/wp\/v2\/product_tag?post=678855"},{"taxonomy":"sport","embeddable":true,"href":"https:\/\/www.daisho.be\/de\/wp-json\/wp\/v2\/sport?post=678855"}],"curies":[{"name":"wp","href":"https:\/\/api.w.org\/{rel}","templated":true}]}}