{"id":678409,"date":"2026-04-14T12:18:35","date_gmt":"2026-04-14T10:18:35","guid":{"rendered":"https:\/\/www.daisho.be\/produit\/judogi-dax-tori-gold-blau\/"},"modified":"2026-04-14T12:27:27","modified_gmt":"2026-04-14T10:27:27","slug":"judogi-dax-tori-gold-blau","status":"publish","type":"product","link":"https:\/\/www.daisho.be\/de\/produit\/judogi-dax-tori-gold-blau\/","title":{"rendered":"JUDOGI DAX TORI GOLD BLAU"},"content":{"rendered":"<p>Der &#8222;Tori Gold&#8220; von DAX ist ein ausgezeichneter Judogi, schwer und stark, der f\u00fcr den Wettkampf gemacht ist.<\/p>\n<p>Dieser Judoanzug wurde f\u00fcr nationale Wettk\u00e4mpfe zugelassen.<\/p>\n<p>Dieser Kimono eignet sich auch als Keikogi f\u00fcr die Aus\u00fcbung anderer Kampfk\u00fcnste und kann als Jiu-Jitsugi verwendet werden.<\/p>\n<p>Merkmale :<\/p>\n<p>&#8211; Judogi oder Kimono, der f\u00fcr nationale Turniere und die deutsche Bundesliga zugelassen ist,<\/p>\n<p>&#8211; Knie mit doppeltem Stich,<\/p>\n<p>&#8211; Die Jacke ist an den Schultern, der Brust und am Revers verst\u00e4rkt,<\/p>\n<p>&#8211; Stickerei &#8222;DAX&#8220; auf dem linken Arm,<\/p>\n<p>&#8211; Hose mit Kordelg\u00fcrtel,<\/p>\n<p>&#8211; Material: 100% Baumwolle, ca. 750 g\/m\u00b2,<\/p>\n<p>&#8211; Schrumpfungsrate: 4%.<\/p>\n","protected":false},"excerpt":{"rendered":"<p>Der &#8222;Tori Gold&#8220; von DAX ist ein ausgezeichneter Judogi, schwer und stark, der f\u00fcr den Wettkampf gemacht ist. Dieser Judoanzug wurde f\u00fcr nationale Wettk\u00e4mpfe zugelassen. Dieser Kimono eignet sich auch als Keikogi f\u00fcr die Aus\u00fcbung anderer Kampfk\u00fcnste und kann als Jiu-Jitsugi verwendet werden. Merkmale : &#8211; Judogi oder Kimono, der f\u00fcr nationale Turniere und die [&hellip;]<\/p>\n","protected":false},"featured_media":678446,"comment_status":"open","ping_status":"closed","template":"","meta":{"inline_featured_image":false},"product_brand":[],"product_cat":[2230,2128,2118],"product_tag":[2040],"sport":[],"class_list":{"0":"post-678409","1":"product","2":"type-product","3":"status-publish","4":"has-post-thumbnail","6":"product_cat-judo-kimonos-de","7":"product_cat-jujitsu-kimono-de","8":"product_cat-kleidung-kimonos","9":"product_tag-dax-de","10":"pa_size-381","11":"pa_size-380","12":"pa_size-379","13":"pa_size-378","14":"pa_size-377","15":"pa_size-376","16":"pa_size-383","18":"first","19":"instock","20":"taxable","21":"shipping-taxable","22":"purchasable","23":"product-type-variable"},"yoast_head":"<!-- This site is optimized with the Yoast SEO plugin v27.2 - https:\/\/yoast.com\/product\/yoast-seo-wordpress\/ -->\n<title>JUDOGI DAX TORI GOLD BLAU &#8211; Daisho<\/title>\n<meta name=\"robots\" content=\"index, follow, max-snippet:-1, max-image-preview:large, max-video-preview:-1\" \/>\n<link rel=\"canonical\" href=\"https:\/\/www.daisho.be\/de\/produit\/judogi-dax-tori-gold-blau\/\" \/>\n<meta property=\"og:locale\" content=\"de_DE\" \/>\n<meta property=\"og:type\" content=\"article\" \/>\n<meta property=\"og:title\" content=\"JUDOGI DAX TORI GOLD BLAU &#8211; Daisho\" \/>\n<meta property=\"og:description\" content=\"Der &#8222;Tori Gold&#8220; von DAX ist ein ausgezeichneter Judogi, schwer und stark, der f\u00fcr den Wettkampf gemacht ist. Dieser Judoanzug wurde f\u00fcr nationale Wettk\u00e4mpfe zugelassen. Dieser Kimono eignet sich auch als Keikogi f\u00fcr die Aus\u00fcbung anderer Kampfk\u00fcnste und kann als Jiu-Jitsugi verwendet werden. Merkmale : &#8211; Judogi oder Kimono, der f\u00fcr nationale Turniere und die [&hellip;]\" \/>\n<meta property=\"og:url\" content=\"https:\/\/www.daisho.be\/de\/produit\/judogi-dax-tori-gold-blau\/\" \/>\n<meta property=\"og:site_name\" content=\"Daisho\" \/>\n<meta property=\"article:modified_time\" content=\"2026-04-14T10:27:27+00:00\" \/>\n<meta property=\"og:image\" content=\"https:\/\/www.daisho.be\/wp-content\/uploads\/2026\/04\/image-scaled.jpg\" \/>\n\t<meta property=\"og:image:width\" content=\"1450\" \/>\n\t<meta property=\"og:image:height\" content=\"2048\" \/>\n\t<meta property=\"og:image:type\" content=\"image\/jpeg\" \/>\n<meta name=\"twitter:card\" content=\"summary_large_image\" \/>\n<meta name=\"twitter:label1\" content=\"Gesch\u00e4tzte Lesezeit\" \/>\n\t<meta name=\"twitter:data1\" content=\"1\u00a0Minute\" \/>\n<script type=\"application\/ld+json\" class=\"yoast-schema-graph\">{\"@context\":\"https:\/\/schema.org\",\"@graph\":[{\"@type\":\"WebPage\",\"@id\":\"https:\/\/www.daisho.be\/de\/produit\/judogi-dax-tori-gold-blau\/\",\"url\":\"https:\/\/www.daisho.be\/de\/produit\/judogi-dax-tori-gold-blau\/\",\"name\":\"JUDOGI DAX TORI GOLD BLAU &#8211; Daisho\",\"isPartOf\":{\"@id\":\"https:\/\/www.daisho.be\/de\/#website\"},\"primaryImageOfPage\":{\"@id\":\"https:\/\/www.daisho.be\/de\/produit\/judogi-dax-tori-gold-blau\/#primaryimage\"},\"image\":{\"@id\":\"https:\/\/www.daisho.be\/de\/produit\/judogi-dax-tori-gold-blau\/#primaryimage\"},\"thumbnailUrl\":\"https:\/\/www.daisho.be\/wp-content\/uploads\/2026\/04\/image-scaled.jpg\",\"datePublished\":\"2026-04-14T10:18:35+00:00\",\"dateModified\":\"2026-04-14T10:27:27+00:00\",\"breadcrumb\":{\"@id\":\"https:\/\/www.daisho.be\/de\/produit\/judogi-dax-tori-gold-blau\/#breadcrumb\"},\"inLanguage\":\"de\",\"potentialAction\":[{\"@type\":\"ReadAction\",\"target\":[\"https:\/\/www.daisho.be\/de\/produit\/judogi-dax-tori-gold-blau\/\"]}]},{\"@type\":\"ImageObject\",\"inLanguage\":\"de\",\"@id\":\"https:\/\/www.daisho.be\/de\/produit\/judogi-dax-tori-gold-blau\/#primaryimage\",\"url\":\"https:\/\/www.daisho.be\/wp-content\/uploads\/2026\/04\/image-scaled.jpg\",\"contentUrl\":\"https:\/\/www.daisho.be\/wp-content\/uploads\/2026\/04\/image-scaled.jpg\",\"width\":1450,\"height\":2048,\"caption\":\"JUDOGI DAX TORI GOLD BLAU-1\"},{\"@type\":\"BreadcrumbList\",\"@id\":\"https:\/\/www.daisho.be\/de\/produit\/judogi-dax-tori-gold-blau\/#breadcrumb\",\"itemListElement\":[{\"@type\":\"ListItem\",\"position\":1,\"name\":\"Accueil\",\"item\":\"https:\/\/www.daisho.be\/de\/\"},{\"@type\":\"ListItem\",\"position\":2,\"name\":\"Produkte\",\"item\":\"https:\/\/www.daisho.be\/de\/produkte\/\"},{\"@type\":\"ListItem\",\"position\":3,\"name\":\"Ausr\u00fcstung und Kleidung f\u00fcr Kampfkunst und Kampfsport\",\"item\":\"https:\/\/www.daisho.be\/de\/categorie-produit\/ausrustung-und-kleidung-fur-kampfkunst-und-kampfsport\/\"},{\"@type\":\"ListItem\",\"position\":4,\"name\":\"Judo\",\"item\":\"https:\/\/www.daisho.be\/de\/categorie-produit\/ausrustung-und-kleidung-fur-kampfkunst-und-kampfsport\/judo-de-2\/\"},{\"@type\":\"ListItem\",\"position\":5,\"name\":\"Judo-Kimonos\",\"item\":\"https:\/\/www.daisho.be\/de\/categorie-produit\/ausrustung-und-kleidung-fur-kampfkunst-und-kampfsport\/judo-de-2\/judo-kimonos-de\/\"},{\"@type\":\"ListItem\",\"position\":6,\"name\":\"JUDOGI DAX TORI GOLD BLAU\"}]},{\"@type\":\"WebSite\",\"@id\":\"https:\/\/www.daisho.be\/de\/#website\",\"url\":\"https:\/\/www.daisho.be\/de\/\",\"name\":\"Daisho\",\"description\":\"Sp&eacute;cialiste de l'&eacute;quipement sportif d'arts martiaux\",\"publisher\":{\"@id\":\"https:\/\/www.daisho.be\/de\/#organization\"},\"potentialAction\":[{\"@type\":\"SearchAction\",\"target\":{\"@type\":\"EntryPoint\",\"urlTemplate\":\"https:\/\/www.daisho.be\/de\/?s={search_term_string}\"},\"query-input\":{\"@type\":\"PropertyValueSpecification\",\"valueRequired\":true,\"valueName\":\"search_term_string\"}}],\"inLanguage\":\"de\"},{\"@type\":\"Organization\",\"@id\":\"https:\/\/www.daisho.be\/de\/#organization\",\"name\":\"Daisho\",\"url\":\"https:\/\/www.daisho.be\/de\/\",\"logo\":{\"@type\":\"ImageObject\",\"inLanguage\":\"de\",\"@id\":\"https:\/\/www.daisho.be\/de\/#\/schema\/logo\/image\/\",\"url\":\"https:\/\/www.daisho.be\/wp-content\/uploads\/2019\/07\/color-nothing-horizontale4x-e1564486100247.png\",\"contentUrl\":\"https:\/\/www.daisho.be\/wp-content\/uploads\/2019\/07\/color-nothing-horizontale4x-e1564486100247.png\",\"width\":1547,\"height\":385,\"caption\":\"Daisho\"},\"image\":{\"@id\":\"https:\/\/www.daisho.be\/de\/#\/schema\/logo\/image\/\"}}]}<\/script>\n<!-- \/ Yoast SEO plugin. -->","yoast_head_json":{"title":"JUDOGI DAX TORI GOLD BLAU &#8211; Daisho","robots":{"index":"index","follow":"follow","max-snippet":"max-snippet:-1","max-image-preview":"max-image-preview:large","max-video-preview":"max-video-preview:-1"},"canonical":"https:\/\/www.daisho.be\/de\/produit\/judogi-dax-tori-gold-blau\/","og_locale":"de_DE","og_type":"article","og_title":"JUDOGI DAX TORI GOLD BLAU &#8211; Daisho","og_description":"Der &#8222;Tori Gold&#8220; von DAX ist ein ausgezeichneter Judogi, schwer und stark, der f\u00fcr den Wettkampf gemacht ist. Dieser Judoanzug wurde f\u00fcr nationale Wettk\u00e4mpfe zugelassen. Dieser Kimono eignet sich auch als Keikogi f\u00fcr die Aus\u00fcbung anderer Kampfk\u00fcnste und kann als Jiu-Jitsugi verwendet werden. Merkmale : &#8211; Judogi oder Kimono, der f\u00fcr nationale Turniere und die [&hellip;]","og_url":"https:\/\/www.daisho.be\/de\/produit\/judogi-dax-tori-gold-blau\/","og_site_name":"Daisho","article_modified_time":"2026-04-14T10:27:27+00:00","og_image":[{"width":1450,"height":2048,"url":"https:\/\/www.daisho.be\/wp-content\/uploads\/2026\/04\/image-scaled.jpg","type":"image\/jpeg"}],"twitter_card":"summary_large_image","twitter_misc":{"Gesch\u00e4tzte Lesezeit":"1\u00a0Minute"},"schema":{"@context":"https:\/\/schema.org","@graph":[{"@type":"WebPage","@id":"https:\/\/www.daisho.be\/de\/produit\/judogi-dax-tori-gold-blau\/","url":"https:\/\/www.daisho.be\/de\/produit\/judogi-dax-tori-gold-blau\/","name":"JUDOGI DAX TORI GOLD BLAU &#8211; Daisho","isPartOf":{"@id":"https:\/\/www.daisho.be\/de\/#website"},"primaryImageOfPage":{"@id":"https:\/\/www.daisho.be\/de\/produit\/judogi-dax-tori-gold-blau\/#primaryimage"},"image":{"@id":"https:\/\/www.daisho.be\/de\/produit\/judogi-dax-tori-gold-blau\/#primaryimage"},"thumbnailUrl":"https:\/\/www.daisho.be\/wp-content\/uploads\/2026\/04\/image-scaled.jpg","datePublished":"2026-04-14T10:18:35+00:00","dateModified":"2026-04-14T10:27:27+00:00","breadcrumb":{"@id":"https:\/\/www.daisho.be\/de\/produit\/judogi-dax-tori-gold-blau\/#breadcrumb"},"inLanguage":"de","potentialAction":[{"@type":"ReadAction","target":["https:\/\/www.daisho.be\/de\/produit\/judogi-dax-tori-gold-blau\/"]}]},{"@type":"ImageObject","inLanguage":"de","@id":"https:\/\/www.daisho.be\/de\/produit\/judogi-dax-tori-gold-blau\/#primaryimage","url":"https:\/\/www.daisho.be\/wp-content\/uploads\/2026\/04\/image-scaled.jpg","contentUrl":"https:\/\/www.daisho.be\/wp-content\/uploads\/2026\/04\/image-scaled.jpg","width":1450,"height":2048,"caption":"JUDOGI DAX TORI GOLD BLAU-1"},{"@type":"BreadcrumbList","@id":"https:\/\/www.daisho.be\/de\/produit\/judogi-dax-tori-gold-blau\/#breadcrumb","itemListElement":[{"@type":"ListItem","position":1,"name":"Accueil","item":"https:\/\/www.daisho.be\/de\/"},{"@type":"ListItem","position":2,"name":"Produkte","item":"https:\/\/www.daisho.be\/de\/produkte\/"},{"@type":"ListItem","position":3,"name":"Ausr\u00fcstung und Kleidung f\u00fcr Kampfkunst und Kampfsport","item":"https:\/\/www.daisho.be\/de\/categorie-produit\/ausrustung-und-kleidung-fur-kampfkunst-und-kampfsport\/"},{"@type":"ListItem","position":4,"name":"Judo","item":"https:\/\/www.daisho.be\/de\/categorie-produit\/ausrustung-und-kleidung-fur-kampfkunst-und-kampfsport\/judo-de-2\/"},{"@type":"ListItem","position":5,"name":"Judo-Kimonos","item":"https:\/\/www.daisho.be\/de\/categorie-produit\/ausrustung-und-kleidung-fur-kampfkunst-und-kampfsport\/judo-de-2\/judo-kimonos-de\/"},{"@type":"ListItem","position":6,"name":"JUDOGI DAX TORI GOLD BLAU"}]},{"@type":"WebSite","@id":"https:\/\/www.daisho.be\/de\/#website","url":"https:\/\/www.daisho.be\/de\/","name":"Daisho","description":"Sp&eacute;cialiste de l'&eacute;quipement sportif d'arts martiaux","publisher":{"@id":"https:\/\/www.daisho.be\/de\/#organization"},"potentialAction":[{"@type":"SearchAction","target":{"@type":"EntryPoint","urlTemplate":"https:\/\/www.daisho.be\/de\/?s={search_term_string}"},"query-input":{"@type":"PropertyValueSpecification","valueRequired":true,"valueName":"search_term_string"}}],"inLanguage":"de"},{"@type":"Organization","@id":"https:\/\/www.daisho.be\/de\/#organization","name":"Daisho","url":"https:\/\/www.daisho.be\/de\/","logo":{"@type":"ImageObject","inLanguage":"de","@id":"https:\/\/www.daisho.be\/de\/#\/schema\/logo\/image\/","url":"https:\/\/www.daisho.be\/wp-content\/uploads\/2019\/07\/color-nothing-horizontale4x-e1564486100247.png","contentUrl":"https:\/\/www.daisho.be\/wp-content\/uploads\/2019\/07\/color-nothing-horizontale4x-e1564486100247.png","width":1547,"height":385,"caption":"Daisho"},"image":{"@id":"https:\/\/www.daisho.be\/de\/#\/schema\/logo\/image\/"}}]}},"_links":{"self":[{"href":"https:\/\/www.daisho.be\/de\/wp-json\/wp\/v2\/product\/678409","targetHints":{"allow":["GET"]}}],"collection":[{"href":"https:\/\/www.daisho.be\/de\/wp-json\/wp\/v2\/product"}],"about":[{"href":"https:\/\/www.daisho.be\/de\/wp-json\/wp\/v2\/types\/product"}],"replies":[{"embeddable":true,"href":"https:\/\/www.daisho.be\/de\/wp-json\/wp\/v2\/comments?post=678409"}],"wp:featuredmedia":[{"embeddable":true,"href":"https:\/\/www.daisho.be\/de\/wp-json\/wp\/v2\/media\/678446"}],"wp:attachment":[{"href":"https:\/\/www.daisho.be\/de\/wp-json\/wp\/v2\/media?parent=678409"}],"wp:term":[{"taxonomy":"product_brand","embeddable":true,"href":"https:\/\/www.daisho.be\/de\/wp-json\/wp\/v2\/product_brand?post=678409"},{"taxonomy":"product_cat","embeddable":true,"href":"https:\/\/www.daisho.be\/de\/wp-json\/wp\/v2\/product_cat?post=678409"},{"taxonomy":"product_tag","embeddable":true,"href":"https:\/\/www.daisho.be\/de\/wp-json\/wp\/v2\/product_tag?post=678409"},{"taxonomy":"sport","embeddable":true,"href":"https:\/\/www.daisho.be\/de\/wp-json\/wp\/v2\/sport?post=678409"}],"curies":[{"name":"wp","href":"https:\/\/api.w.org\/{rel}","templated":true}]}}