{"id":678408,"date":"2026-04-14T11:28:16","date_gmt":"2026-04-14T09:28:16","guid":{"rendered":"https:\/\/www.daisho.be\/produit\/adidas-karate-rucksack-schwarz\/"},"modified":"2026-04-14T14:25:35","modified_gmt":"2026-04-14T12:25:35","slug":"adidas-karate-rucksack-schwarz","status":"publish","type":"product","link":"https:\/\/www.daisho.be\/de\/produit\/adidas-karate-rucksack-schwarz\/","title":{"rendered":"adidas Karate-Rucksack schwarz"},"content":{"rendered":"<p>Der Karate-Rucksack 2025 von adidas \u00fcberzeugt durch sein sportliches Design und seine praktische Funktionalit\u00e4t.<br \/>\nIn Schwarz mit silbernen Akzenten bietet der Rucksack einen dynamischen Look, der sich perfekt f\u00fcr Kampfsportarten eignet.<br \/>\nIm Inneren des Rucksacks gibt es mehrere Taschen mit Rei\u00dfverschluss, die f\u00fcr Ordnung sorgen und ausreichend Platz f\u00fcr Trainingskleidung, Zubeh\u00f6r oder pers\u00f6nliche Gegenst\u00e4nde bieten.<br \/>\nDar\u00fcber hinaus sind F\u00e4cher mit Gittern eingebaut, was ideal f\u00fcr die Aufbewahrung von Flaschen oder kleinen Dingen ist.<br \/>\nEin kleines Karate-Logo unterstreicht den sportlichen Charakter des Rucksacks.<br \/>\nDie verstellbaren Schultergurte sorgen f\u00fcr einen angenehmen Tragekomfort und erm\u00f6glichen eine individuelle Anpassung.<br \/>\nDer Rucksack ist in drei verschiedenen Gr\u00f6\u00dfen erh\u00e4ltlich und eignet sich ideal f\u00fcr Training, Wettk\u00e4mpfe und den Alltag.<\/p>\n<p>Eigenschaften:<br \/>\nFarbe: Schwarz<br \/>\nGr\u00f6\u00dfen: S, M und L<br \/>\nVerstellbare Tragegurte<br \/>\nInnenf\u00e4cher mit Rei\u00dfverschluss<br \/>\nNetzf\u00e4cher f\u00fcr Flaschen oder Zubeh\u00f6r<\/p>\n<p>verschiedene Gr\u00f6\u00dfen :<\/p>\n<p>S: ca. 45 x 28 x 17, ca. 21 Liter<br \/>\nM: ca. 50 x 31 x 20, ca. 31 Liter<br \/>\nL: ca. 57 x 33 x 23, ca. 43 Liter<\/p>\n","protected":false},"excerpt":{"rendered":"<p>Der Karate-Rucksack 2025 von adidas \u00fcberzeugt durch sein sportliches Design und seine praktische Funktionalit\u00e4t. In Schwarz mit silbernen Akzenten bietet der Rucksack einen dynamischen Look, der sich perfekt f\u00fcr Kampfsportarten eignet. Im Inneren des Rucksacks gibt es mehrere Taschen mit Rei\u00dfverschluss, die f\u00fcr Ordnung sorgen und ausreichend Platz f\u00fcr Trainingskleidung, Zubeh\u00f6r oder pers\u00f6nliche Gegenst\u00e4nde bieten. [&hellip;]<\/p>\n","protected":false},"featured_media":678650,"comment_status":"open","ping_status":"closed","template":"","meta":{"inline_featured_image":false},"product_brand":[],"product_cat":[2063,2061,2300],"product_tag":[2178],"sport":[],"class_list":{"0":"post-678408","1":"product","2":"type-product","3":"status-publish","4":"has-post-thumbnail","6":"product_cat-karate-taschen","7":"product_cat-sporttaschen","8":"product_cat-taschen-adidas-combat-sports","9":"product_tag-adidas-de","10":"pa_size-l","11":"pa_size-m","12":"pa_size-s","14":"first","15":"instock","16":"taxable","17":"shipping-taxable","18":"purchasable","19":"product-type-variable"},"yoast_head":"<!-- This site is optimized with the Yoast SEO plugin v27.2 - https:\/\/yoast.com\/product\/yoast-seo-wordpress\/ -->\n<title>adidas Karate-Rucksack schwarz &#8211; Daisho<\/title>\n<meta name=\"robots\" content=\"index, follow, max-snippet:-1, max-image-preview:large, max-video-preview:-1\" \/>\n<link rel=\"canonical\" href=\"https:\/\/www.daisho.be\/de\/produit\/adidas-karate-rucksack-schwarz\/\" \/>\n<meta property=\"og:locale\" content=\"de_DE\" \/>\n<meta property=\"og:type\" content=\"article\" \/>\n<meta property=\"og:title\" content=\"adidas Karate-Rucksack schwarz &#8211; Daisho\" \/>\n<meta property=\"og:description\" content=\"Der Karate-Rucksack 2025 von adidas \u00fcberzeugt durch sein sportliches Design und seine praktische Funktionalit\u00e4t. In Schwarz mit silbernen Akzenten bietet der Rucksack einen dynamischen Look, der sich perfekt f\u00fcr Kampfsportarten eignet. Im Inneren des Rucksacks gibt es mehrere Taschen mit Rei\u00dfverschluss, die f\u00fcr Ordnung sorgen und ausreichend Platz f\u00fcr Trainingskleidung, Zubeh\u00f6r oder pers\u00f6nliche Gegenst\u00e4nde bieten. [&hellip;]\" \/>\n<meta property=\"og:url\" content=\"https:\/\/www.daisho.be\/de\/produit\/adidas-karate-rucksack-schwarz\/\" \/>\n<meta property=\"og:site_name\" content=\"Daisho\" \/>\n<meta property=\"article:modified_time\" content=\"2026-04-14T12:25:35+00:00\" \/>\n<meta property=\"og:image\" content=\"https:\/\/www.daisho.be\/wp-content\/uploads\/2026\/04\/image-38.png\" \/>\n\t<meta property=\"og:image:width\" content=\"1200\" \/>\n\t<meta property=\"og:image:height\" content=\"1200\" \/>\n\t<meta property=\"og:image:type\" content=\"image\/png\" \/>\n<meta name=\"twitter:card\" content=\"summary_large_image\" \/>\n<meta name=\"twitter:label1\" content=\"Gesch\u00e4tzte Lesezeit\" \/>\n\t<meta name=\"twitter:data1\" content=\"1\u00a0Minute\" \/>\n<script type=\"application\/ld+json\" class=\"yoast-schema-graph\">{\"@context\":\"https:\/\/schema.org\",\"@graph\":[{\"@type\":\"WebPage\",\"@id\":\"https:\/\/www.daisho.be\/de\/produit\/adidas-karate-rucksack-schwarz\/\",\"url\":\"https:\/\/www.daisho.be\/de\/produit\/adidas-karate-rucksack-schwarz\/\",\"name\":\"adidas Karate-Rucksack schwarz &#8211; Daisho\",\"isPartOf\":{\"@id\":\"https:\/\/www.daisho.be\/de\/#website\"},\"primaryImageOfPage\":{\"@id\":\"https:\/\/www.daisho.be\/de\/produit\/adidas-karate-rucksack-schwarz\/#primaryimage\"},\"image\":{\"@id\":\"https:\/\/www.daisho.be\/de\/produit\/adidas-karate-rucksack-schwarz\/#primaryimage\"},\"thumbnailUrl\":\"https:\/\/www.daisho.be\/wp-content\/uploads\/2026\/04\/image-38.png\",\"datePublished\":\"2026-04-14T09:28:16+00:00\",\"dateModified\":\"2026-04-14T12:25:35+00:00\",\"breadcrumb\":{\"@id\":\"https:\/\/www.daisho.be\/de\/produit\/adidas-karate-rucksack-schwarz\/#breadcrumb\"},\"inLanguage\":\"de\",\"potentialAction\":[{\"@type\":\"ReadAction\",\"target\":[\"https:\/\/www.daisho.be\/de\/produit\/adidas-karate-rucksack-schwarz\/\"]}]},{\"@type\":\"ImageObject\",\"inLanguage\":\"de\",\"@id\":\"https:\/\/www.daisho.be\/de\/produit\/adidas-karate-rucksack-schwarz\/#primaryimage\",\"url\":\"https:\/\/www.daisho.be\/wp-content\/uploads\/2026\/04\/image-38.png\",\"contentUrl\":\"https:\/\/www.daisho.be\/wp-content\/uploads\/2026\/04\/image-38.png\",\"width\":1200,\"height\":1200,\"caption\":\"adidas Karate-Rucksack schwarz-1\"},{\"@type\":\"BreadcrumbList\",\"@id\":\"https:\/\/www.daisho.be\/de\/produit\/adidas-karate-rucksack-schwarz\/#breadcrumb\",\"itemListElement\":[{\"@type\":\"ListItem\",\"position\":1,\"name\":\"Accueil\",\"item\":\"https:\/\/www.daisho.be\/de\/\"},{\"@type\":\"ListItem\",\"position\":2,\"name\":\"Produkte\",\"item\":\"https:\/\/www.daisho.be\/de\/produkte\/\"},{\"@type\":\"ListItem\",\"position\":3,\"name\":\"Ausr\u00fcstung und Kleidung f\u00fcr Kampfkunst und Kampfsport\",\"item\":\"https:\/\/www.daisho.be\/de\/categorie-produit\/ausrustung-und-kleidung-fur-kampfkunst-und-kampfsport\/\"},{\"@type\":\"ListItem\",\"position\":4,\"name\":\"Karate\",\"item\":\"https:\/\/www.daisho.be\/de\/categorie-produit\/ausrustung-und-kleidung-fur-kampfkunst-und-kampfsport\/karate-de-2\/\"},{\"@type\":\"ListItem\",\"position\":5,\"name\":\"Karate-Taschen\",\"item\":\"https:\/\/www.daisho.be\/de\/categorie-produit\/ausrustung-und-kleidung-fur-kampfkunst-und-kampfsport\/karate-de-2\/karate-taschen\/\"},{\"@type\":\"ListItem\",\"position\":6,\"name\":\"adidas Karate-Rucksack schwarz\"}]},{\"@type\":\"WebSite\",\"@id\":\"https:\/\/www.daisho.be\/de\/#website\",\"url\":\"https:\/\/www.daisho.be\/de\/\",\"name\":\"Daisho\",\"description\":\"Sp&eacute;cialiste de l'&eacute;quipement sportif d'arts martiaux\",\"publisher\":{\"@id\":\"https:\/\/www.daisho.be\/de\/#organization\"},\"potentialAction\":[{\"@type\":\"SearchAction\",\"target\":{\"@type\":\"EntryPoint\",\"urlTemplate\":\"https:\/\/www.daisho.be\/de\/?s={search_term_string}\"},\"query-input\":{\"@type\":\"PropertyValueSpecification\",\"valueRequired\":true,\"valueName\":\"search_term_string\"}}],\"inLanguage\":\"de\"},{\"@type\":\"Organization\",\"@id\":\"https:\/\/www.daisho.be\/de\/#organization\",\"name\":\"Daisho\",\"url\":\"https:\/\/www.daisho.be\/de\/\",\"logo\":{\"@type\":\"ImageObject\",\"inLanguage\":\"de\",\"@id\":\"https:\/\/www.daisho.be\/de\/#\/schema\/logo\/image\/\",\"url\":\"https:\/\/www.daisho.be\/wp-content\/uploads\/2019\/07\/color-nothing-horizontale4x-e1564486100247.png\",\"contentUrl\":\"https:\/\/www.daisho.be\/wp-content\/uploads\/2019\/07\/color-nothing-horizontale4x-e1564486100247.png\",\"width\":1547,\"height\":385,\"caption\":\"Daisho\"},\"image\":{\"@id\":\"https:\/\/www.daisho.be\/de\/#\/schema\/logo\/image\/\"}}]}<\/script>\n<!-- \/ Yoast SEO plugin. -->","yoast_head_json":{"title":"adidas Karate-Rucksack schwarz &#8211; Daisho","robots":{"index":"index","follow":"follow","max-snippet":"max-snippet:-1","max-image-preview":"max-image-preview:large","max-video-preview":"max-video-preview:-1"},"canonical":"https:\/\/www.daisho.be\/de\/produit\/adidas-karate-rucksack-schwarz\/","og_locale":"de_DE","og_type":"article","og_title":"adidas Karate-Rucksack schwarz &#8211; Daisho","og_description":"Der Karate-Rucksack 2025 von adidas \u00fcberzeugt durch sein sportliches Design und seine praktische Funktionalit\u00e4t. In Schwarz mit silbernen Akzenten bietet der Rucksack einen dynamischen Look, der sich perfekt f\u00fcr Kampfsportarten eignet. Im Inneren des Rucksacks gibt es mehrere Taschen mit Rei\u00dfverschluss, die f\u00fcr Ordnung sorgen und ausreichend Platz f\u00fcr Trainingskleidung, Zubeh\u00f6r oder pers\u00f6nliche Gegenst\u00e4nde bieten. [&hellip;]","og_url":"https:\/\/www.daisho.be\/de\/produit\/adidas-karate-rucksack-schwarz\/","og_site_name":"Daisho","article_modified_time":"2026-04-14T12:25:35+00:00","og_image":[{"width":1200,"height":1200,"url":"https:\/\/www.daisho.be\/wp-content\/uploads\/2026\/04\/image-38.png","type":"image\/png"}],"twitter_card":"summary_large_image","twitter_misc":{"Gesch\u00e4tzte Lesezeit":"1\u00a0Minute"},"schema":{"@context":"https:\/\/schema.org","@graph":[{"@type":"WebPage","@id":"https:\/\/www.daisho.be\/de\/produit\/adidas-karate-rucksack-schwarz\/","url":"https:\/\/www.daisho.be\/de\/produit\/adidas-karate-rucksack-schwarz\/","name":"adidas Karate-Rucksack schwarz &#8211; Daisho","isPartOf":{"@id":"https:\/\/www.daisho.be\/de\/#website"},"primaryImageOfPage":{"@id":"https:\/\/www.daisho.be\/de\/produit\/adidas-karate-rucksack-schwarz\/#primaryimage"},"image":{"@id":"https:\/\/www.daisho.be\/de\/produit\/adidas-karate-rucksack-schwarz\/#primaryimage"},"thumbnailUrl":"https:\/\/www.daisho.be\/wp-content\/uploads\/2026\/04\/image-38.png","datePublished":"2026-04-14T09:28:16+00:00","dateModified":"2026-04-14T12:25:35+00:00","breadcrumb":{"@id":"https:\/\/www.daisho.be\/de\/produit\/adidas-karate-rucksack-schwarz\/#breadcrumb"},"inLanguage":"de","potentialAction":[{"@type":"ReadAction","target":["https:\/\/www.daisho.be\/de\/produit\/adidas-karate-rucksack-schwarz\/"]}]},{"@type":"ImageObject","inLanguage":"de","@id":"https:\/\/www.daisho.be\/de\/produit\/adidas-karate-rucksack-schwarz\/#primaryimage","url":"https:\/\/www.daisho.be\/wp-content\/uploads\/2026\/04\/image-38.png","contentUrl":"https:\/\/www.daisho.be\/wp-content\/uploads\/2026\/04\/image-38.png","width":1200,"height":1200,"caption":"adidas Karate-Rucksack schwarz-1"},{"@type":"BreadcrumbList","@id":"https:\/\/www.daisho.be\/de\/produit\/adidas-karate-rucksack-schwarz\/#breadcrumb","itemListElement":[{"@type":"ListItem","position":1,"name":"Accueil","item":"https:\/\/www.daisho.be\/de\/"},{"@type":"ListItem","position":2,"name":"Produkte","item":"https:\/\/www.daisho.be\/de\/produkte\/"},{"@type":"ListItem","position":3,"name":"Ausr\u00fcstung und Kleidung f\u00fcr Kampfkunst und Kampfsport","item":"https:\/\/www.daisho.be\/de\/categorie-produit\/ausrustung-und-kleidung-fur-kampfkunst-und-kampfsport\/"},{"@type":"ListItem","position":4,"name":"Karate","item":"https:\/\/www.daisho.be\/de\/categorie-produit\/ausrustung-und-kleidung-fur-kampfkunst-und-kampfsport\/karate-de-2\/"},{"@type":"ListItem","position":5,"name":"Karate-Taschen","item":"https:\/\/www.daisho.be\/de\/categorie-produit\/ausrustung-und-kleidung-fur-kampfkunst-und-kampfsport\/karate-de-2\/karate-taschen\/"},{"@type":"ListItem","position":6,"name":"adidas Karate-Rucksack schwarz"}]},{"@type":"WebSite","@id":"https:\/\/www.daisho.be\/de\/#website","url":"https:\/\/www.daisho.be\/de\/","name":"Daisho","description":"Sp&eacute;cialiste de l'&eacute;quipement sportif d'arts martiaux","publisher":{"@id":"https:\/\/www.daisho.be\/de\/#organization"},"potentialAction":[{"@type":"SearchAction","target":{"@type":"EntryPoint","urlTemplate":"https:\/\/www.daisho.be\/de\/?s={search_term_string}"},"query-input":{"@type":"PropertyValueSpecification","valueRequired":true,"valueName":"search_term_string"}}],"inLanguage":"de"},{"@type":"Organization","@id":"https:\/\/www.daisho.be\/de\/#organization","name":"Daisho","url":"https:\/\/www.daisho.be\/de\/","logo":{"@type":"ImageObject","inLanguage":"de","@id":"https:\/\/www.daisho.be\/de\/#\/schema\/logo\/image\/","url":"https:\/\/www.daisho.be\/wp-content\/uploads\/2019\/07\/color-nothing-horizontale4x-e1564486100247.png","contentUrl":"https:\/\/www.daisho.be\/wp-content\/uploads\/2019\/07\/color-nothing-horizontale4x-e1564486100247.png","width":1547,"height":385,"caption":"Daisho"},"image":{"@id":"https:\/\/www.daisho.be\/de\/#\/schema\/logo\/image\/"}}]}},"_links":{"self":[{"href":"https:\/\/www.daisho.be\/de\/wp-json\/wp\/v2\/product\/678408","targetHints":{"allow":["GET"]}}],"collection":[{"href":"https:\/\/www.daisho.be\/de\/wp-json\/wp\/v2\/product"}],"about":[{"href":"https:\/\/www.daisho.be\/de\/wp-json\/wp\/v2\/types\/product"}],"replies":[{"embeddable":true,"href":"https:\/\/www.daisho.be\/de\/wp-json\/wp\/v2\/comments?post=678408"}],"wp:featuredmedia":[{"embeddable":true,"href":"https:\/\/www.daisho.be\/de\/wp-json\/wp\/v2\/media\/678650"}],"wp:attachment":[{"href":"https:\/\/www.daisho.be\/de\/wp-json\/wp\/v2\/media?parent=678408"}],"wp:term":[{"taxonomy":"product_brand","embeddable":true,"href":"https:\/\/www.daisho.be\/de\/wp-json\/wp\/v2\/product_brand?post=678408"},{"taxonomy":"product_cat","embeddable":true,"href":"https:\/\/www.daisho.be\/de\/wp-json\/wp\/v2\/product_cat?post=678408"},{"taxonomy":"product_tag","embeddable":true,"href":"https:\/\/www.daisho.be\/de\/wp-json\/wp\/v2\/product_tag?post=678408"},{"taxonomy":"sport","embeddable":true,"href":"https:\/\/www.daisho.be\/de\/wp-json\/wp\/v2\/sport?post=678408"}],"curies":[{"name":"wp","href":"https:\/\/api.w.org\/{rel}","templated":true}]}}