{"id":678176,"date":"2026-04-14T10:29:29","date_gmt":"2026-04-14T08:29:29","guid":{"rendered":"https:\/\/www.daisho.be\/produit\/medizinische-tasche-adidas\/"},"modified":"2026-04-14T10:29:29","modified_gmt":"2026-04-14T08:29:29","slug":"medizinische-tasche-adidas","status":"publish","type":"product","link":"https:\/\/www.daisho.be\/de\/produit\/medizinische-tasche-adidas\/","title":{"rendered":"Medizinische Tasche adidas"},"content":{"rendered":"<p>Intelligente und kompakte Tasche, die entwickelt wurde, um Ihre medizinischen Ger\u00e4te, Zubeh\u00f6r oder sogar Lebensmittel sicher und einfach zu lagern, zu organisieren und zu transportieren.<br \/>\nIsotherme Innenausstattung: Mylar-Futter, um die Temperatur Ihres Inhalts zu halten (kalt oder warm).<br \/>\nGro\u00dfes Hauptfach : Bietet gro\u00dfz\u00fcgigen Stauraum f\u00fcr schnellen und bequemen Zugriff.<br \/>\nVereinfachte Wartung : Das Design ist auf einfache Reinigung ausgelegt und ideal f\u00fcr den t\u00e4glichen Gebrauch.<br \/>\nUmweltfreundlich: Hergestellt aus 100 % recyceltem Polyester, um Nachhaltigkeit und Umweltbewusstsein zu vereinen.<br \/>\nFarbe: Schwarz<br \/>\nAbmessungen: 24 x 15 x 10 cm (3.6L)<\/p>\n","protected":false},"excerpt":{"rendered":"<p>Intelligente und kompakte Tasche, die entwickelt wurde, um Ihre medizinischen Ger\u00e4te, Zubeh\u00f6r oder sogar Lebensmittel sicher und einfach zu lagern, zu organisieren und zu transportieren. Isotherme Innenausstattung: Mylar-Futter, um die Temperatur Ihres Inhalts zu halten (kalt oder warm). Gro\u00dfes Hauptfach : Bietet gro\u00dfz\u00fcgigen Stauraum f\u00fcr schnellen und bequemen Zugriff. Vereinfachte Wartung : Das Design ist [&hellip;]<\/p>\n","protected":false},"featured_media":678146,"comment_status":"open","ping_status":"closed","template":"","meta":{"inline_featured_image":false},"product_brand":[],"product_cat":[2061,2300],"product_tag":[2178],"sport":[],"class_list":{"0":"post-678176","1":"product","2":"type-product","3":"status-publish","4":"has-post-thumbnail","6":"product_cat-sporttaschen","7":"product_cat-taschen-adidas-combat-sports","8":"product_tag-adidas-de","10":"first","11":"instock","12":"taxable","13":"shipping-taxable","14":"purchasable","15":"product-type-simple"},"yoast_head":"<!-- This site is optimized with the Yoast SEO plugin v27.2 - https:\/\/yoast.com\/product\/yoast-seo-wordpress\/ -->\n<title>Medizinische Tasche adidas &#8211; Daisho<\/title>\n<meta name=\"robots\" content=\"index, follow, max-snippet:-1, max-image-preview:large, max-video-preview:-1\" \/>\n<link rel=\"canonical\" href=\"https:\/\/www.daisho.be\/de\/produit\/medizinische-tasche-adidas\/\" \/>\n<meta property=\"og:locale\" content=\"de_DE\" \/>\n<meta property=\"og:type\" content=\"article\" \/>\n<meta property=\"og:title\" content=\"Medizinische Tasche adidas &#8211; Daisho\" \/>\n<meta property=\"og:description\" content=\"Intelligente und kompakte Tasche, die entwickelt wurde, um Ihre medizinischen Ger\u00e4te, Zubeh\u00f6r oder sogar Lebensmittel sicher und einfach zu lagern, zu organisieren und zu transportieren. Isotherme Innenausstattung: Mylar-Futter, um die Temperatur Ihres Inhalts zu halten (kalt oder warm). Gro\u00dfes Hauptfach : Bietet gro\u00dfz\u00fcgigen Stauraum f\u00fcr schnellen und bequemen Zugriff. Vereinfachte Wartung : Das Design ist [&hellip;]\" \/>\n<meta property=\"og:url\" content=\"https:\/\/www.daisho.be\/de\/produit\/medizinische-tasche-adidas\/\" \/>\n<meta property=\"og:site_name\" content=\"Daisho\" \/>\n<meta property=\"og:image\" content=\"https:\/\/www.daisho.be\/wp-content\/uploads\/2026\/04\/image-58.jpg\" \/>\n\t<meta property=\"og:image:width\" content=\"1000\" \/>\n\t<meta property=\"og:image:height\" content=\"1000\" \/>\n\t<meta property=\"og:image:type\" content=\"image\/jpeg\" \/>\n<meta name=\"twitter:card\" content=\"summary_large_image\" \/>\n<script type=\"application\/ld+json\" class=\"yoast-schema-graph\">{\"@context\":\"https:\/\/schema.org\",\"@graph\":[{\"@type\":\"WebPage\",\"@id\":\"https:\/\/www.daisho.be\/de\/produit\/medizinische-tasche-adidas\/\",\"url\":\"https:\/\/www.daisho.be\/de\/produit\/medizinische-tasche-adidas\/\",\"name\":\"Medizinische Tasche adidas &#8211; Daisho\",\"isPartOf\":{\"@id\":\"https:\/\/www.daisho.be\/de\/#website\"},\"primaryImageOfPage\":{\"@id\":\"https:\/\/www.daisho.be\/de\/produit\/medizinische-tasche-adidas\/#primaryimage\"},\"image\":{\"@id\":\"https:\/\/www.daisho.be\/de\/produit\/medizinische-tasche-adidas\/#primaryimage\"},\"thumbnailUrl\":\"https:\/\/www.daisho.be\/wp-content\/uploads\/2026\/04\/image-58.jpg\",\"datePublished\":\"2026-04-14T08:29:29+00:00\",\"breadcrumb\":{\"@id\":\"https:\/\/www.daisho.be\/de\/produit\/medizinische-tasche-adidas\/#breadcrumb\"},\"inLanguage\":\"de\",\"potentialAction\":[{\"@type\":\"ReadAction\",\"target\":[\"https:\/\/www.daisho.be\/de\/produit\/medizinische-tasche-adidas\/\"]}]},{\"@type\":\"ImageObject\",\"inLanguage\":\"de\",\"@id\":\"https:\/\/www.daisho.be\/de\/produit\/medizinische-tasche-adidas\/#primaryimage\",\"url\":\"https:\/\/www.daisho.be\/wp-content\/uploads\/2026\/04\/image-58.jpg\",\"contentUrl\":\"https:\/\/www.daisho.be\/wp-content\/uploads\/2026\/04\/image-58.jpg\",\"width\":1000,\"height\":1000,\"caption\":\"Pochette M\u00e9dicale adidas-1\"},{\"@type\":\"BreadcrumbList\",\"@id\":\"https:\/\/www.daisho.be\/de\/produit\/medizinische-tasche-adidas\/#breadcrumb\",\"itemListElement\":[{\"@type\":\"ListItem\",\"position\":1,\"name\":\"Accueil\",\"item\":\"https:\/\/www.daisho.be\/de\/\"},{\"@type\":\"ListItem\",\"position\":2,\"name\":\"Produkte\",\"item\":\"https:\/\/www.daisho.be\/de\/produkte\/\"},{\"@type\":\"ListItem\",\"position\":3,\"name\":\"Medizinische Tasche adidas\"}]},{\"@type\":\"WebSite\",\"@id\":\"https:\/\/www.daisho.be\/de\/#website\",\"url\":\"https:\/\/www.daisho.be\/de\/\",\"name\":\"Daisho\",\"description\":\"Sp&eacute;cialiste de l'&eacute;quipement sportif d'arts martiaux\",\"publisher\":{\"@id\":\"https:\/\/www.daisho.be\/de\/#organization\"},\"potentialAction\":[{\"@type\":\"SearchAction\",\"target\":{\"@type\":\"EntryPoint\",\"urlTemplate\":\"https:\/\/www.daisho.be\/de\/?s={search_term_string}\"},\"query-input\":{\"@type\":\"PropertyValueSpecification\",\"valueRequired\":true,\"valueName\":\"search_term_string\"}}],\"inLanguage\":\"de\"},{\"@type\":\"Organization\",\"@id\":\"https:\/\/www.daisho.be\/de\/#organization\",\"name\":\"Daisho\",\"url\":\"https:\/\/www.daisho.be\/de\/\",\"logo\":{\"@type\":\"ImageObject\",\"inLanguage\":\"de\",\"@id\":\"https:\/\/www.daisho.be\/de\/#\/schema\/logo\/image\/\",\"url\":\"https:\/\/www.daisho.be\/wp-content\/uploads\/2019\/07\/color-nothing-horizontale4x-e1564486100247.png\",\"contentUrl\":\"https:\/\/www.daisho.be\/wp-content\/uploads\/2019\/07\/color-nothing-horizontale4x-e1564486100247.png\",\"width\":1547,\"height\":385,\"caption\":\"Daisho\"},\"image\":{\"@id\":\"https:\/\/www.daisho.be\/de\/#\/schema\/logo\/image\/\"}}]}<\/script>\n<!-- \/ Yoast SEO plugin. -->","yoast_head_json":{"title":"Medizinische Tasche adidas &#8211; Daisho","robots":{"index":"index","follow":"follow","max-snippet":"max-snippet:-1","max-image-preview":"max-image-preview:large","max-video-preview":"max-video-preview:-1"},"canonical":"https:\/\/www.daisho.be\/de\/produit\/medizinische-tasche-adidas\/","og_locale":"de_DE","og_type":"article","og_title":"Medizinische Tasche adidas &#8211; Daisho","og_description":"Intelligente und kompakte Tasche, die entwickelt wurde, um Ihre medizinischen Ger\u00e4te, Zubeh\u00f6r oder sogar Lebensmittel sicher und einfach zu lagern, zu organisieren und zu transportieren. Isotherme Innenausstattung: Mylar-Futter, um die Temperatur Ihres Inhalts zu halten (kalt oder warm). Gro\u00dfes Hauptfach : Bietet gro\u00dfz\u00fcgigen Stauraum f\u00fcr schnellen und bequemen Zugriff. Vereinfachte Wartung : Das Design ist [&hellip;]","og_url":"https:\/\/www.daisho.be\/de\/produit\/medizinische-tasche-adidas\/","og_site_name":"Daisho","og_image":[{"width":1000,"height":1000,"url":"https:\/\/www.daisho.be\/wp-content\/uploads\/2026\/04\/image-58.jpg","type":"image\/jpeg"}],"twitter_card":"summary_large_image","schema":{"@context":"https:\/\/schema.org","@graph":[{"@type":"WebPage","@id":"https:\/\/www.daisho.be\/de\/produit\/medizinische-tasche-adidas\/","url":"https:\/\/www.daisho.be\/de\/produit\/medizinische-tasche-adidas\/","name":"Medizinische Tasche adidas &#8211; Daisho","isPartOf":{"@id":"https:\/\/www.daisho.be\/de\/#website"},"primaryImageOfPage":{"@id":"https:\/\/www.daisho.be\/de\/produit\/medizinische-tasche-adidas\/#primaryimage"},"image":{"@id":"https:\/\/www.daisho.be\/de\/produit\/medizinische-tasche-adidas\/#primaryimage"},"thumbnailUrl":"https:\/\/www.daisho.be\/wp-content\/uploads\/2026\/04\/image-58.jpg","datePublished":"2026-04-14T08:29:29+00:00","breadcrumb":{"@id":"https:\/\/www.daisho.be\/de\/produit\/medizinische-tasche-adidas\/#breadcrumb"},"inLanguage":"de","potentialAction":[{"@type":"ReadAction","target":["https:\/\/www.daisho.be\/de\/produit\/medizinische-tasche-adidas\/"]}]},{"@type":"ImageObject","inLanguage":"de","@id":"https:\/\/www.daisho.be\/de\/produit\/medizinische-tasche-adidas\/#primaryimage","url":"https:\/\/www.daisho.be\/wp-content\/uploads\/2026\/04\/image-58.jpg","contentUrl":"https:\/\/www.daisho.be\/wp-content\/uploads\/2026\/04\/image-58.jpg","width":1000,"height":1000,"caption":"Pochette M\u00e9dicale adidas-1"},{"@type":"BreadcrumbList","@id":"https:\/\/www.daisho.be\/de\/produit\/medizinische-tasche-adidas\/#breadcrumb","itemListElement":[{"@type":"ListItem","position":1,"name":"Accueil","item":"https:\/\/www.daisho.be\/de\/"},{"@type":"ListItem","position":2,"name":"Produkte","item":"https:\/\/www.daisho.be\/de\/produkte\/"},{"@type":"ListItem","position":3,"name":"Medizinische Tasche adidas"}]},{"@type":"WebSite","@id":"https:\/\/www.daisho.be\/de\/#website","url":"https:\/\/www.daisho.be\/de\/","name":"Daisho","description":"Sp&eacute;cialiste de l'&eacute;quipement sportif d'arts martiaux","publisher":{"@id":"https:\/\/www.daisho.be\/de\/#organization"},"potentialAction":[{"@type":"SearchAction","target":{"@type":"EntryPoint","urlTemplate":"https:\/\/www.daisho.be\/de\/?s={search_term_string}"},"query-input":{"@type":"PropertyValueSpecification","valueRequired":true,"valueName":"search_term_string"}}],"inLanguage":"de"},{"@type":"Organization","@id":"https:\/\/www.daisho.be\/de\/#organization","name":"Daisho","url":"https:\/\/www.daisho.be\/de\/","logo":{"@type":"ImageObject","inLanguage":"de","@id":"https:\/\/www.daisho.be\/de\/#\/schema\/logo\/image\/","url":"https:\/\/www.daisho.be\/wp-content\/uploads\/2019\/07\/color-nothing-horizontale4x-e1564486100247.png","contentUrl":"https:\/\/www.daisho.be\/wp-content\/uploads\/2019\/07\/color-nothing-horizontale4x-e1564486100247.png","width":1547,"height":385,"caption":"Daisho"},"image":{"@id":"https:\/\/www.daisho.be\/de\/#\/schema\/logo\/image\/"}}]}},"_links":{"self":[{"href":"https:\/\/www.daisho.be\/de\/wp-json\/wp\/v2\/product\/678176","targetHints":{"allow":["GET"]}}],"collection":[{"href":"https:\/\/www.daisho.be\/de\/wp-json\/wp\/v2\/product"}],"about":[{"href":"https:\/\/www.daisho.be\/de\/wp-json\/wp\/v2\/types\/product"}],"replies":[{"embeddable":true,"href":"https:\/\/www.daisho.be\/de\/wp-json\/wp\/v2\/comments?post=678176"}],"wp:featuredmedia":[{"embeddable":true,"href":"https:\/\/www.daisho.be\/de\/wp-json\/wp\/v2\/media\/678146"}],"wp:attachment":[{"href":"https:\/\/www.daisho.be\/de\/wp-json\/wp\/v2\/media?parent=678176"}],"wp:term":[{"taxonomy":"product_brand","embeddable":true,"href":"https:\/\/www.daisho.be\/de\/wp-json\/wp\/v2\/product_brand?post=678176"},{"taxonomy":"product_cat","embeddable":true,"href":"https:\/\/www.daisho.be\/de\/wp-json\/wp\/v2\/product_cat?post=678176"},{"taxonomy":"product_tag","embeddable":true,"href":"https:\/\/www.daisho.be\/de\/wp-json\/wp\/v2\/product_tag?post=678176"},{"taxonomy":"sport","embeddable":true,"href":"https:\/\/www.daisho.be\/de\/wp-json\/wp\/v2\/sport?post=678176"}],"curies":[{"name":"wp","href":"https:\/\/api.w.org\/{rel}","templated":true}]}}