{"id":677884,"date":"2026-04-14T09:40:54","date_gmt":"2026-04-14T07:40:54","guid":{"rendered":"https:\/\/www.daisho.be\/produit\/adidas-adi-sm-ii-taekwondo-schuhe\/"},"modified":"2026-04-14T16:28:05","modified_gmt":"2026-04-14T14:28:05","slug":"adidas-adi-sm-ii-taekwondo-schuhe","status":"publish","type":"product","link":"https:\/\/www.daisho.be\/de\/produit\/adidas-adi-sm-ii-taekwondo-schuhe\/","title":{"rendered":"adidas ADI-SM II Taekwondo Schuhe"},"content":{"rendered":"<p>Diese Taekwondo-Schuhe von adidas sind aus extra leichtem PU hergestellt.<br \/>\nDas macht die Schuhe nat\u00fcrlich und Sie behalten Ihre Bewegungsgeschwindigkeit bei.<br \/>\nAn der R\u00fcckseite des Schuhs befindet sich eine Schn\u00fcrung, damit der Schuh w\u00e4hrend des Kampfes oder des Trainings bequem bleibt.<br \/>\nDie Gummisohle ist extra d\u00fcnn, flexibel und hinterl\u00e4sst keine Spuren auf dem Boden.<br \/>\nDie Schuhe eignen sich sowohl f\u00fcr den Wettkampf als auch f\u00fcr das Training.<br \/>\nVorteile:<br \/>\n&#8211; extra leicht<br \/>\n&#8211; Schn\u00fcrung hinten<br \/>\n&#8211; d\u00fcnne und flexible Sohle<br \/>\n&#8211; sch\u00f6nes Design<\/p>\n<p><i class=\"fa fa-warning\"><\/i> <span style=\"font-size:12px\">ACHTUNG: Die Schuhe fallen klein aus. Wir empfehlen Ihnen, mindestens eine Gr\u00f6\u00dfe gr\u00f6\u00dfer zu w\u00e4hlen. Nebenstehend finden Sie eine Hilfe, um die richtige Gr\u00f6\u00dfe zu finden.<br \/>Bitte messen Sie die Gr\u00f6\u00dfe, die meisten Schuhe werden zu klein bestellt, schauen Sie daher bitte in einem alten Paar adidas-Schuhe nach der UK-Gr\u00f6\u00dfe<br \/> (diese ist immer noch korrekt!!!), oder messen Sie (stellen Sie den Fu\u00df auf ein Blatt Papier, zeichnen Sie die Konturen mit einem Bleistift nach und messen Sie dann nach!)  <\/span><\/p>\n","protected":false},"excerpt":{"rendered":"<p>Diese Taekwondo-Schuhe von adidas sind aus extra leichtem PU hergestellt. Das macht die Schuhe nat\u00fcrlich und Sie behalten Ihre Bewegungsgeschwindigkeit bei. An der R\u00fcckseite des Schuhs befindet sich eine Schn\u00fcrung, damit der Schuh w\u00e4hrend des Kampfes oder des Trainings bequem bleibt. Die Gummisohle ist extra d\u00fcnn, flexibel und hinterl\u00e4sst keine Spuren auf dem Boden. Die [&hellip;]<\/p>\n","protected":false},"featured_media":678018,"comment_status":"open","ping_status":"closed","template":"","meta":{"inline_featured_image":false},"product_brand":[],"product_cat":[2283,2019,2020],"product_tag":[2178],"sport":[],"class_list":{"0":"post-677884","1":"product","2":"type-product","3":"status-publish","4":"has-post-thumbnail","6":"product_cat-adidas-kleidung-fur-taekwondo","7":"product_cat-schuhe","8":"product_cat-taekwondo-schuhe","9":"product_tag-adidas-de","10":"pa_size-402","11":"pa_size-401","12":"pa_size-400","13":"pa_size-36-2-3","14":"pa_size-37-1-3","15":"pa_size-398","16":"pa_size-38-2-3","17":"pa_size-39-1-3","18":"pa_size-396","19":"pa_size-40-2-3","20":"pa_size-41-1-3","21":"pa_size-394","22":"pa_size-42-2-3","23":"pa_size-43-1-3","24":"pa_size-392","25":"pa_size-44-2-3","26":"pa_size-45-1-3","27":"pa_size-390","28":"pa_size-46-2-3","29":"pa_size-47-1-3","30":"pa_size-1224","32":"first","33":"instock","34":"taxable","35":"shipping-taxable","36":"purchasable","37":"product-type-variable"},"yoast_head":"<!-- This site is optimized with the Yoast SEO plugin v27.2 - https:\/\/yoast.com\/product\/yoast-seo-wordpress\/ -->\n<title>adidas ADI-SM II Taekwondo Schuhe &#8211; Daisho<\/title>\n<meta name=\"robots\" content=\"index, follow, max-snippet:-1, max-image-preview:large, max-video-preview:-1\" \/>\n<link rel=\"canonical\" href=\"https:\/\/www.daisho.be\/de\/produit\/adidas-adi-sm-ii-taekwondo-schuhe\/\" \/>\n<meta property=\"og:locale\" content=\"de_DE\" \/>\n<meta property=\"og:type\" content=\"article\" \/>\n<meta property=\"og:title\" content=\"adidas ADI-SM II Taekwondo Schuhe &#8211; Daisho\" \/>\n<meta property=\"og:description\" content=\"Diese Taekwondo-Schuhe von adidas sind aus extra leichtem PU hergestellt. Das macht die Schuhe nat\u00fcrlich und Sie behalten Ihre Bewegungsgeschwindigkeit bei. An der R\u00fcckseite des Schuhs befindet sich eine Schn\u00fcrung, damit der Schuh w\u00e4hrend des Kampfes oder des Trainings bequem bleibt. Die Gummisohle ist extra d\u00fcnn, flexibel und hinterl\u00e4sst keine Spuren auf dem Boden. Die [&hellip;]\" \/>\n<meta property=\"og:url\" content=\"https:\/\/www.daisho.be\/de\/produit\/adidas-adi-sm-ii-taekwondo-schuhe\/\" \/>\n<meta property=\"og:site_name\" content=\"Daisho\" \/>\n<meta property=\"article:modified_time\" content=\"2026-04-14T14:28:05+00:00\" \/>\n<meta property=\"og:image\" content=\"https:\/\/www.daisho.be\/wp-content\/uploads\/2026\/04\/image-5.webp\" \/>\n\t<meta property=\"og:image:width\" content=\"1200\" \/>\n\t<meta property=\"og:image:height\" content=\"788\" \/>\n\t<meta property=\"og:image:type\" content=\"image\/webp\" \/>\n<meta name=\"twitter:card\" content=\"summary_large_image\" \/>\n<meta name=\"twitter:label1\" content=\"Gesch\u00e4tzte Lesezeit\" \/>\n\t<meta name=\"twitter:data1\" content=\"1\u00a0Minute\" \/>\n<script type=\"application\/ld+json\" class=\"yoast-schema-graph\">{\"@context\":\"https:\/\/schema.org\",\"@graph\":[{\"@type\":\"WebPage\",\"@id\":\"https:\/\/www.daisho.be\/de\/produit\/adidas-adi-sm-ii-taekwondo-schuhe\/\",\"url\":\"https:\/\/www.daisho.be\/de\/produit\/adidas-adi-sm-ii-taekwondo-schuhe\/\",\"name\":\"adidas ADI-SM II Taekwondo Schuhe &#8211; Daisho\",\"isPartOf\":{\"@id\":\"https:\/\/www.daisho.be\/de\/#website\"},\"primaryImageOfPage\":{\"@id\":\"https:\/\/www.daisho.be\/de\/produit\/adidas-adi-sm-ii-taekwondo-schuhe\/#primaryimage\"},\"image\":{\"@id\":\"https:\/\/www.daisho.be\/de\/produit\/adidas-adi-sm-ii-taekwondo-schuhe\/#primaryimage\"},\"thumbnailUrl\":\"https:\/\/www.daisho.be\/wp-content\/uploads\/2026\/04\/image-5.webp\",\"datePublished\":\"2026-04-14T07:40:54+00:00\",\"dateModified\":\"2026-04-14T14:28:05+00:00\",\"breadcrumb\":{\"@id\":\"https:\/\/www.daisho.be\/de\/produit\/adidas-adi-sm-ii-taekwondo-schuhe\/#breadcrumb\"},\"inLanguage\":\"de\",\"potentialAction\":[{\"@type\":\"ReadAction\",\"target\":[\"https:\/\/www.daisho.be\/de\/produit\/adidas-adi-sm-ii-taekwondo-schuhe\/\"]}]},{\"@type\":\"ImageObject\",\"inLanguage\":\"de\",\"@id\":\"https:\/\/www.daisho.be\/de\/produit\/adidas-adi-sm-ii-taekwondo-schuhe\/#primaryimage\",\"url\":\"https:\/\/www.daisho.be\/wp-content\/uploads\/2026\/04\/image-5.webp\",\"contentUrl\":\"https:\/\/www.daisho.be\/wp-content\/uploads\/2026\/04\/image-5.webp\",\"width\":1200,\"height\":788,\"caption\":\"adidas ADI-SM II-1 Taekwondo Schuh\"},{\"@type\":\"BreadcrumbList\",\"@id\":\"https:\/\/www.daisho.be\/de\/produit\/adidas-adi-sm-ii-taekwondo-schuhe\/#breadcrumb\",\"itemListElement\":[{\"@type\":\"ListItem\",\"position\":1,\"name\":\"Accueil\",\"item\":\"https:\/\/www.daisho.be\/de\/\"},{\"@type\":\"ListItem\",\"position\":2,\"name\":\"Produkte\",\"item\":\"https:\/\/www.daisho.be\/de\/produkte\/\"},{\"@type\":\"ListItem\",\"position\":3,\"name\":\"ADIDAS COMBAT SPORTS\",\"item\":\"https:\/\/www.daisho.be\/de\/categorie-produit\/adidas-combat-sports-de\/\"},{\"@type\":\"ListItem\",\"position\":4,\"name\":\"Taekwondo\",\"item\":\"https:\/\/www.daisho.be\/de\/categorie-produit\/adidas-combat-sports-de\/taekwondo-de\/\"},{\"@type\":\"ListItem\",\"position\":5,\"name\":\"Adidas Kleidung f\u00fcr Taekwondo\",\"item\":\"https:\/\/www.daisho.be\/de\/categorie-produit\/adidas-combat-sports-de\/taekwondo-de\/adidas-kleidung-fur-taekwondo\/\"},{\"@type\":\"ListItem\",\"position\":6,\"name\":\"adidas ADI-SM II Taekwondo Schuhe\"}]},{\"@type\":\"WebSite\",\"@id\":\"https:\/\/www.daisho.be\/de\/#website\",\"url\":\"https:\/\/www.daisho.be\/de\/\",\"name\":\"Daisho\",\"description\":\"Sp&eacute;cialiste de l'&eacute;quipement sportif d'arts martiaux\",\"publisher\":{\"@id\":\"https:\/\/www.daisho.be\/de\/#organization\"},\"potentialAction\":[{\"@type\":\"SearchAction\",\"target\":{\"@type\":\"EntryPoint\",\"urlTemplate\":\"https:\/\/www.daisho.be\/de\/?s={search_term_string}\"},\"query-input\":{\"@type\":\"PropertyValueSpecification\",\"valueRequired\":true,\"valueName\":\"search_term_string\"}}],\"inLanguage\":\"de\"},{\"@type\":\"Organization\",\"@id\":\"https:\/\/www.daisho.be\/de\/#organization\",\"name\":\"Daisho\",\"url\":\"https:\/\/www.daisho.be\/de\/\",\"logo\":{\"@type\":\"ImageObject\",\"inLanguage\":\"de\",\"@id\":\"https:\/\/www.daisho.be\/de\/#\/schema\/logo\/image\/\",\"url\":\"https:\/\/www.daisho.be\/wp-content\/uploads\/2019\/07\/color-nothing-horizontale4x-e1564486100247.png\",\"contentUrl\":\"https:\/\/www.daisho.be\/wp-content\/uploads\/2019\/07\/color-nothing-horizontale4x-e1564486100247.png\",\"width\":1547,\"height\":385,\"caption\":\"Daisho\"},\"image\":{\"@id\":\"https:\/\/www.daisho.be\/de\/#\/schema\/logo\/image\/\"}}]}<\/script>\n<!-- \/ Yoast SEO plugin. -->","yoast_head_json":{"title":"adidas ADI-SM II Taekwondo Schuhe &#8211; Daisho","robots":{"index":"index","follow":"follow","max-snippet":"max-snippet:-1","max-image-preview":"max-image-preview:large","max-video-preview":"max-video-preview:-1"},"canonical":"https:\/\/www.daisho.be\/de\/produit\/adidas-adi-sm-ii-taekwondo-schuhe\/","og_locale":"de_DE","og_type":"article","og_title":"adidas ADI-SM II Taekwondo Schuhe &#8211; Daisho","og_description":"Diese Taekwondo-Schuhe von adidas sind aus extra leichtem PU hergestellt. Das macht die Schuhe nat\u00fcrlich und Sie behalten Ihre Bewegungsgeschwindigkeit bei. An der R\u00fcckseite des Schuhs befindet sich eine Schn\u00fcrung, damit der Schuh w\u00e4hrend des Kampfes oder des Trainings bequem bleibt. Die Gummisohle ist extra d\u00fcnn, flexibel und hinterl\u00e4sst keine Spuren auf dem Boden. Die [&hellip;]","og_url":"https:\/\/www.daisho.be\/de\/produit\/adidas-adi-sm-ii-taekwondo-schuhe\/","og_site_name":"Daisho","article_modified_time":"2026-04-14T14:28:05+00:00","og_image":[{"width":1200,"height":788,"url":"https:\/\/www.daisho.be\/wp-content\/uploads\/2026\/04\/image-5.webp","type":"image\/webp"}],"twitter_card":"summary_large_image","twitter_misc":{"Gesch\u00e4tzte Lesezeit":"1\u00a0Minute"},"schema":{"@context":"https:\/\/schema.org","@graph":[{"@type":"WebPage","@id":"https:\/\/www.daisho.be\/de\/produit\/adidas-adi-sm-ii-taekwondo-schuhe\/","url":"https:\/\/www.daisho.be\/de\/produit\/adidas-adi-sm-ii-taekwondo-schuhe\/","name":"adidas ADI-SM II Taekwondo Schuhe &#8211; Daisho","isPartOf":{"@id":"https:\/\/www.daisho.be\/de\/#website"},"primaryImageOfPage":{"@id":"https:\/\/www.daisho.be\/de\/produit\/adidas-adi-sm-ii-taekwondo-schuhe\/#primaryimage"},"image":{"@id":"https:\/\/www.daisho.be\/de\/produit\/adidas-adi-sm-ii-taekwondo-schuhe\/#primaryimage"},"thumbnailUrl":"https:\/\/www.daisho.be\/wp-content\/uploads\/2026\/04\/image-5.webp","datePublished":"2026-04-14T07:40:54+00:00","dateModified":"2026-04-14T14:28:05+00:00","breadcrumb":{"@id":"https:\/\/www.daisho.be\/de\/produit\/adidas-adi-sm-ii-taekwondo-schuhe\/#breadcrumb"},"inLanguage":"de","potentialAction":[{"@type":"ReadAction","target":["https:\/\/www.daisho.be\/de\/produit\/adidas-adi-sm-ii-taekwondo-schuhe\/"]}]},{"@type":"ImageObject","inLanguage":"de","@id":"https:\/\/www.daisho.be\/de\/produit\/adidas-adi-sm-ii-taekwondo-schuhe\/#primaryimage","url":"https:\/\/www.daisho.be\/wp-content\/uploads\/2026\/04\/image-5.webp","contentUrl":"https:\/\/www.daisho.be\/wp-content\/uploads\/2026\/04\/image-5.webp","width":1200,"height":788,"caption":"adidas ADI-SM II-1 Taekwondo Schuh"},{"@type":"BreadcrumbList","@id":"https:\/\/www.daisho.be\/de\/produit\/adidas-adi-sm-ii-taekwondo-schuhe\/#breadcrumb","itemListElement":[{"@type":"ListItem","position":1,"name":"Accueil","item":"https:\/\/www.daisho.be\/de\/"},{"@type":"ListItem","position":2,"name":"Produkte","item":"https:\/\/www.daisho.be\/de\/produkte\/"},{"@type":"ListItem","position":3,"name":"ADIDAS COMBAT SPORTS","item":"https:\/\/www.daisho.be\/de\/categorie-produit\/adidas-combat-sports-de\/"},{"@type":"ListItem","position":4,"name":"Taekwondo","item":"https:\/\/www.daisho.be\/de\/categorie-produit\/adidas-combat-sports-de\/taekwondo-de\/"},{"@type":"ListItem","position":5,"name":"Adidas Kleidung f\u00fcr Taekwondo","item":"https:\/\/www.daisho.be\/de\/categorie-produit\/adidas-combat-sports-de\/taekwondo-de\/adidas-kleidung-fur-taekwondo\/"},{"@type":"ListItem","position":6,"name":"adidas ADI-SM II Taekwondo Schuhe"}]},{"@type":"WebSite","@id":"https:\/\/www.daisho.be\/de\/#website","url":"https:\/\/www.daisho.be\/de\/","name":"Daisho","description":"Sp&eacute;cialiste de l'&eacute;quipement sportif d'arts martiaux","publisher":{"@id":"https:\/\/www.daisho.be\/de\/#organization"},"potentialAction":[{"@type":"SearchAction","target":{"@type":"EntryPoint","urlTemplate":"https:\/\/www.daisho.be\/de\/?s={search_term_string}"},"query-input":{"@type":"PropertyValueSpecification","valueRequired":true,"valueName":"search_term_string"}}],"inLanguage":"de"},{"@type":"Organization","@id":"https:\/\/www.daisho.be\/de\/#organization","name":"Daisho","url":"https:\/\/www.daisho.be\/de\/","logo":{"@type":"ImageObject","inLanguage":"de","@id":"https:\/\/www.daisho.be\/de\/#\/schema\/logo\/image\/","url":"https:\/\/www.daisho.be\/wp-content\/uploads\/2019\/07\/color-nothing-horizontale4x-e1564486100247.png","contentUrl":"https:\/\/www.daisho.be\/wp-content\/uploads\/2019\/07\/color-nothing-horizontale4x-e1564486100247.png","width":1547,"height":385,"caption":"Daisho"},"image":{"@id":"https:\/\/www.daisho.be\/de\/#\/schema\/logo\/image\/"}}]}},"_links":{"self":[{"href":"https:\/\/www.daisho.be\/de\/wp-json\/wp\/v2\/product\/677884","targetHints":{"allow":["GET"]}}],"collection":[{"href":"https:\/\/www.daisho.be\/de\/wp-json\/wp\/v2\/product"}],"about":[{"href":"https:\/\/www.daisho.be\/de\/wp-json\/wp\/v2\/types\/product"}],"replies":[{"embeddable":true,"href":"https:\/\/www.daisho.be\/de\/wp-json\/wp\/v2\/comments?post=677884"}],"wp:featuredmedia":[{"embeddable":true,"href":"https:\/\/www.daisho.be\/de\/wp-json\/wp\/v2\/media\/678018"}],"wp:attachment":[{"href":"https:\/\/www.daisho.be\/de\/wp-json\/wp\/v2\/media?parent=677884"}],"wp:term":[{"taxonomy":"product_brand","embeddable":true,"href":"https:\/\/www.daisho.be\/de\/wp-json\/wp\/v2\/product_brand?post=677884"},{"taxonomy":"product_cat","embeddable":true,"href":"https:\/\/www.daisho.be\/de\/wp-json\/wp\/v2\/product_cat?post=677884"},{"taxonomy":"product_tag","embeddable":true,"href":"https:\/\/www.daisho.be\/de\/wp-json\/wp\/v2\/product_tag?post=677884"},{"taxonomy":"sport","embeddable":true,"href":"https:\/\/www.daisho.be\/de\/wp-json\/wp\/v2\/sport?post=677884"}],"curies":[{"name":"wp","href":"https:\/\/api.w.org\/{rel}","templated":true}]}}