{"id":677508,"date":"2026-04-13T16:30:21","date_gmt":"2026-04-13T14:30:21","guid":{"rendered":"https:\/\/www.daisho.be\/produit\/moskito-judogi-jacke-weiss-plus-950-g\/"},"modified":"2026-04-14T08:33:04","modified_gmt":"2026-04-14T06:33:04","slug":"moskito-judogi-jacke-weiss-plus-950-g","status":"publish","type":"product","link":"https:\/\/www.daisho.be\/de\/produit\/moskito-judogi-jacke-weiss-plus-950-g\/","title":{"rendered":"MOSKITO JUDOGI-JACKE WEISS Plus, 950 g"},"content":{"rendered":"<p>Der &#8222;Moskito Plus&#8220; ist ein hochwertiger Judo-Anzug aus einem dicken Baumwollgewebe.<br \/>\nDie ideale Wahl f\u00fcr alle Wettkampf-Judoka, die einen gut verarbeiteten, dicken Judo-Gi f\u00fcr nationale Turniere suchen.<br \/>\nMix &amp; Match System: Sie haben die M\u00f6glichkeit, eine passende Judohose separat zu kaufen, um Ihren Judogi nach Ma\u00df zusammenzustellen.<\/p>\n<p>Merkmale<\/p>\n<p>Farbe: Wei\u00df<br \/>\nStoff: 100 % Baumwolle<br \/>\nEmpfohlen f\u00fcr: Profis<br \/>\nSchnitt: Klassischer Schnitt<br \/>\nSportarten: Judo, Jiu-Jitsu<br \/>\nDicke: 950 g\/m\u00b2.<\/p>\n","protected":false},"excerpt":{"rendered":"<p>Der &#8222;Moskito Plus&#8220; ist ein hochwertiger Judo-Anzug aus einem dicken Baumwollgewebe. Die ideale Wahl f\u00fcr alle Wettkampf-Judoka, die einen gut verarbeiteten, dicken Judo-Gi f\u00fcr nationale Turniere suchen. Mix &amp; Match System: Sie haben die M\u00f6glichkeit, eine passende Judohose separat zu kaufen, um Ihren Judogi nach Ma\u00df zusammenzustellen. Merkmale Farbe: Wei\u00df Stoff: 100 % Baumwolle Empfohlen [&hellip;]<\/p>\n","protected":false},"featured_media":677509,"comment_status":"open","ping_status":"closed","template":"","meta":{"inline_featured_image":false},"product_brand":[],"product_cat":[2127,2230,2128,2118],"product_tag":[2155],"sport":[],"class_list":{"0":"post-677508","1":"product","2":"type-product","3":"status-publish","4":"has-post-thumbnail","6":"product_cat-aikido-kimonos-de","7":"product_cat-judo-kimonos-de","8":"product_cat-jujitsu-kimono-de","9":"product_cat-kleidung-kimonos","10":"product_tag-moskito-de","11":"pa_size-381","12":"pa_size-380","13":"pa_size-388","14":"pa_size-379","15":"pa_size-387","16":"pa_size-378","17":"pa_size-386","18":"pa_size-377","19":"pa_size-385","20":"pa_size-376","21":"pa_size-384","22":"pa_size-383","24":"first","25":"instock","26":"taxable","27":"shipping-taxable","28":"purchasable","29":"product-type-variable"},"yoast_head":"<!-- This site is optimized with the Yoast SEO plugin v27.2 - https:\/\/yoast.com\/product\/yoast-seo-wordpress\/ -->\n<title>MOSKITO JUDOGI-JACKE WEISS Plus, 950 g &#8211; Daisho<\/title>\n<meta name=\"robots\" content=\"index, follow, max-snippet:-1, max-image-preview:large, max-video-preview:-1\" \/>\n<link rel=\"canonical\" href=\"https:\/\/www.daisho.be\/de\/produit\/moskito-judogi-jacke-weiss-plus-950-g\/\" \/>\n<meta property=\"og:locale\" content=\"de_DE\" \/>\n<meta property=\"og:type\" content=\"article\" \/>\n<meta property=\"og:title\" content=\"MOSKITO JUDOGI-JACKE WEISS Plus, 950 g &#8211; Daisho\" \/>\n<meta property=\"og:description\" content=\"Der &#8222;Moskito Plus&#8220; ist ein hochwertiger Judo-Anzug aus einem dicken Baumwollgewebe. Die ideale Wahl f\u00fcr alle Wettkampf-Judoka, die einen gut verarbeiteten, dicken Judo-Gi f\u00fcr nationale Turniere suchen. Mix &amp; Match System: Sie haben die M\u00f6glichkeit, eine passende Judohose separat zu kaufen, um Ihren Judogi nach Ma\u00df zusammenzustellen. Merkmale Farbe: Wei\u00df Stoff: 100 % Baumwolle Empfohlen [&hellip;]\" \/>\n<meta property=\"og:url\" content=\"https:\/\/www.daisho.be\/de\/produit\/moskito-judogi-jacke-weiss-plus-950-g\/\" \/>\n<meta property=\"og:site_name\" content=\"Daisho\" \/>\n<meta property=\"article:modified_time\" content=\"2026-04-14T06:33:04+00:00\" \/>\n<meta property=\"og:image\" content=\"https:\/\/www.daisho.be\/wp-content\/uploads\/2026\/04\/image-41.jpg\" \/>\n\t<meta property=\"og:image:width\" content=\"800\" \/>\n\t<meta property=\"og:image:height\" content=\"1280\" \/>\n\t<meta property=\"og:image:type\" content=\"image\/jpeg\" \/>\n<meta name=\"twitter:card\" content=\"summary_large_image\" \/>\n<script type=\"application\/ld+json\" class=\"yoast-schema-graph\">{\"@context\":\"https:\/\/schema.org\",\"@graph\":[{\"@type\":\"WebPage\",\"@id\":\"https:\/\/www.daisho.be\/de\/produit\/moskito-judogi-jacke-weiss-plus-950-g\/\",\"url\":\"https:\/\/www.daisho.be\/de\/produit\/moskito-judogi-jacke-weiss-plus-950-g\/\",\"name\":\"MOSKITO JUDOGI-JACKE WEISS Plus, 950 g &#8211; Daisho\",\"isPartOf\":{\"@id\":\"https:\/\/www.daisho.be\/de\/#website\"},\"primaryImageOfPage\":{\"@id\":\"https:\/\/www.daisho.be\/de\/produit\/moskito-judogi-jacke-weiss-plus-950-g\/#primaryimage\"},\"image\":{\"@id\":\"https:\/\/www.daisho.be\/de\/produit\/moskito-judogi-jacke-weiss-plus-950-g\/#primaryimage\"},\"thumbnailUrl\":\"https:\/\/www.daisho.be\/wp-content\/uploads\/2026\/04\/image-41.jpg\",\"datePublished\":\"2026-04-13T14:30:21+00:00\",\"dateModified\":\"2026-04-14T06:33:04+00:00\",\"breadcrumb\":{\"@id\":\"https:\/\/www.daisho.be\/de\/produit\/moskito-judogi-jacke-weiss-plus-950-g\/#breadcrumb\"},\"inLanguage\":\"de\",\"potentialAction\":[{\"@type\":\"ReadAction\",\"target\":[\"https:\/\/www.daisho.be\/de\/produit\/moskito-judogi-jacke-weiss-plus-950-g\/\"]}]},{\"@type\":\"ImageObject\",\"inLanguage\":\"de\",\"@id\":\"https:\/\/www.daisho.be\/de\/produit\/moskito-judogi-jacke-weiss-plus-950-g\/#primaryimage\",\"url\":\"https:\/\/www.daisho.be\/wp-content\/uploads\/2026\/04\/image-41.jpg\",\"contentUrl\":\"https:\/\/www.daisho.be\/wp-content\/uploads\/2026\/04\/image-41.jpg\",\"width\":800,\"height\":1280,\"caption\":\"JUDOGI MOSKITO JACKE WEISS Plus, 950 g-1\"},{\"@type\":\"BreadcrumbList\",\"@id\":\"https:\/\/www.daisho.be\/de\/produit\/moskito-judogi-jacke-weiss-plus-950-g\/#breadcrumb\",\"itemListElement\":[{\"@type\":\"ListItem\",\"position\":1,\"name\":\"Accueil\",\"item\":\"https:\/\/www.daisho.be\/de\/\"},{\"@type\":\"ListItem\",\"position\":2,\"name\":\"Produkte\",\"item\":\"https:\/\/www.daisho.be\/de\/produkte\/\"},{\"@type\":\"ListItem\",\"position\":3,\"name\":\"Ausr\u00fcstung und Kleidung f\u00fcr Kampfkunst und Kampfsport\",\"item\":\"https:\/\/www.daisho.be\/de\/categorie-produit\/ausrustung-und-kleidung-fur-kampfkunst-und-kampfsport\/\"},{\"@type\":\"ListItem\",\"position\":4,\"name\":\"A\u00efkido\",\"item\":\"https:\/\/www.daisho.be\/de\/categorie-produit\/ausrustung-und-kleidung-fur-kampfkunst-und-kampfsport\/aikido-de\/\"},{\"@type\":\"ListItem\",\"position\":5,\"name\":\"Aikido Kimonos\",\"item\":\"https:\/\/www.daisho.be\/de\/categorie-produit\/ausrustung-und-kleidung-fur-kampfkunst-und-kampfsport\/aikido-de\/aikido-kimonos-de\/\"},{\"@type\":\"ListItem\",\"position\":6,\"name\":\"MOSKITO JUDOGI-JACKE WEISS Plus, 950 g\"}]},{\"@type\":\"WebSite\",\"@id\":\"https:\/\/www.daisho.be\/de\/#website\",\"url\":\"https:\/\/www.daisho.be\/de\/\",\"name\":\"Daisho\",\"description\":\"Sp&eacute;cialiste de l'&eacute;quipement sportif d'arts martiaux\",\"publisher\":{\"@id\":\"https:\/\/www.daisho.be\/de\/#organization\"},\"potentialAction\":[{\"@type\":\"SearchAction\",\"target\":{\"@type\":\"EntryPoint\",\"urlTemplate\":\"https:\/\/www.daisho.be\/de\/?s={search_term_string}\"},\"query-input\":{\"@type\":\"PropertyValueSpecification\",\"valueRequired\":true,\"valueName\":\"search_term_string\"}}],\"inLanguage\":\"de\"},{\"@type\":\"Organization\",\"@id\":\"https:\/\/www.daisho.be\/de\/#organization\",\"name\":\"Daisho\",\"url\":\"https:\/\/www.daisho.be\/de\/\",\"logo\":{\"@type\":\"ImageObject\",\"inLanguage\":\"de\",\"@id\":\"https:\/\/www.daisho.be\/de\/#\/schema\/logo\/image\/\",\"url\":\"https:\/\/www.daisho.be\/wp-content\/uploads\/2019\/07\/color-nothing-horizontale4x-e1564486100247.png\",\"contentUrl\":\"https:\/\/www.daisho.be\/wp-content\/uploads\/2019\/07\/color-nothing-horizontale4x-e1564486100247.png\",\"width\":1547,\"height\":385,\"caption\":\"Daisho\"},\"image\":{\"@id\":\"https:\/\/www.daisho.be\/de\/#\/schema\/logo\/image\/\"}}]}<\/script>\n<!-- \/ Yoast SEO plugin. -->","yoast_head_json":{"title":"MOSKITO JUDOGI-JACKE WEISS Plus, 950 g &#8211; Daisho","robots":{"index":"index","follow":"follow","max-snippet":"max-snippet:-1","max-image-preview":"max-image-preview:large","max-video-preview":"max-video-preview:-1"},"canonical":"https:\/\/www.daisho.be\/de\/produit\/moskito-judogi-jacke-weiss-plus-950-g\/","og_locale":"de_DE","og_type":"article","og_title":"MOSKITO JUDOGI-JACKE WEISS Plus, 950 g &#8211; Daisho","og_description":"Der &#8222;Moskito Plus&#8220; ist ein hochwertiger Judo-Anzug aus einem dicken Baumwollgewebe. Die ideale Wahl f\u00fcr alle Wettkampf-Judoka, die einen gut verarbeiteten, dicken Judo-Gi f\u00fcr nationale Turniere suchen. Mix &amp; Match System: Sie haben die M\u00f6glichkeit, eine passende Judohose separat zu kaufen, um Ihren Judogi nach Ma\u00df zusammenzustellen. Merkmale Farbe: Wei\u00df Stoff: 100 % Baumwolle Empfohlen [&hellip;]","og_url":"https:\/\/www.daisho.be\/de\/produit\/moskito-judogi-jacke-weiss-plus-950-g\/","og_site_name":"Daisho","article_modified_time":"2026-04-14T06:33:04+00:00","og_image":[{"width":800,"height":1280,"url":"https:\/\/www.daisho.be\/wp-content\/uploads\/2026\/04\/image-41.jpg","type":"image\/jpeg"}],"twitter_card":"summary_large_image","schema":{"@context":"https:\/\/schema.org","@graph":[{"@type":"WebPage","@id":"https:\/\/www.daisho.be\/de\/produit\/moskito-judogi-jacke-weiss-plus-950-g\/","url":"https:\/\/www.daisho.be\/de\/produit\/moskito-judogi-jacke-weiss-plus-950-g\/","name":"MOSKITO JUDOGI-JACKE WEISS Plus, 950 g &#8211; Daisho","isPartOf":{"@id":"https:\/\/www.daisho.be\/de\/#website"},"primaryImageOfPage":{"@id":"https:\/\/www.daisho.be\/de\/produit\/moskito-judogi-jacke-weiss-plus-950-g\/#primaryimage"},"image":{"@id":"https:\/\/www.daisho.be\/de\/produit\/moskito-judogi-jacke-weiss-plus-950-g\/#primaryimage"},"thumbnailUrl":"https:\/\/www.daisho.be\/wp-content\/uploads\/2026\/04\/image-41.jpg","datePublished":"2026-04-13T14:30:21+00:00","dateModified":"2026-04-14T06:33:04+00:00","breadcrumb":{"@id":"https:\/\/www.daisho.be\/de\/produit\/moskito-judogi-jacke-weiss-plus-950-g\/#breadcrumb"},"inLanguage":"de","potentialAction":[{"@type":"ReadAction","target":["https:\/\/www.daisho.be\/de\/produit\/moskito-judogi-jacke-weiss-plus-950-g\/"]}]},{"@type":"ImageObject","inLanguage":"de","@id":"https:\/\/www.daisho.be\/de\/produit\/moskito-judogi-jacke-weiss-plus-950-g\/#primaryimage","url":"https:\/\/www.daisho.be\/wp-content\/uploads\/2026\/04\/image-41.jpg","contentUrl":"https:\/\/www.daisho.be\/wp-content\/uploads\/2026\/04\/image-41.jpg","width":800,"height":1280,"caption":"JUDOGI MOSKITO JACKE WEISS Plus, 950 g-1"},{"@type":"BreadcrumbList","@id":"https:\/\/www.daisho.be\/de\/produit\/moskito-judogi-jacke-weiss-plus-950-g\/#breadcrumb","itemListElement":[{"@type":"ListItem","position":1,"name":"Accueil","item":"https:\/\/www.daisho.be\/de\/"},{"@type":"ListItem","position":2,"name":"Produkte","item":"https:\/\/www.daisho.be\/de\/produkte\/"},{"@type":"ListItem","position":3,"name":"Ausr\u00fcstung und Kleidung f\u00fcr Kampfkunst und Kampfsport","item":"https:\/\/www.daisho.be\/de\/categorie-produit\/ausrustung-und-kleidung-fur-kampfkunst-und-kampfsport\/"},{"@type":"ListItem","position":4,"name":"A\u00efkido","item":"https:\/\/www.daisho.be\/de\/categorie-produit\/ausrustung-und-kleidung-fur-kampfkunst-und-kampfsport\/aikido-de\/"},{"@type":"ListItem","position":5,"name":"Aikido Kimonos","item":"https:\/\/www.daisho.be\/de\/categorie-produit\/ausrustung-und-kleidung-fur-kampfkunst-und-kampfsport\/aikido-de\/aikido-kimonos-de\/"},{"@type":"ListItem","position":6,"name":"MOSKITO JUDOGI-JACKE WEISS Plus, 950 g"}]},{"@type":"WebSite","@id":"https:\/\/www.daisho.be\/de\/#website","url":"https:\/\/www.daisho.be\/de\/","name":"Daisho","description":"Sp&eacute;cialiste de l'&eacute;quipement sportif d'arts martiaux","publisher":{"@id":"https:\/\/www.daisho.be\/de\/#organization"},"potentialAction":[{"@type":"SearchAction","target":{"@type":"EntryPoint","urlTemplate":"https:\/\/www.daisho.be\/de\/?s={search_term_string}"},"query-input":{"@type":"PropertyValueSpecification","valueRequired":true,"valueName":"search_term_string"}}],"inLanguage":"de"},{"@type":"Organization","@id":"https:\/\/www.daisho.be\/de\/#organization","name":"Daisho","url":"https:\/\/www.daisho.be\/de\/","logo":{"@type":"ImageObject","inLanguage":"de","@id":"https:\/\/www.daisho.be\/de\/#\/schema\/logo\/image\/","url":"https:\/\/www.daisho.be\/wp-content\/uploads\/2019\/07\/color-nothing-horizontale4x-e1564486100247.png","contentUrl":"https:\/\/www.daisho.be\/wp-content\/uploads\/2019\/07\/color-nothing-horizontale4x-e1564486100247.png","width":1547,"height":385,"caption":"Daisho"},"image":{"@id":"https:\/\/www.daisho.be\/de\/#\/schema\/logo\/image\/"}}]}},"_links":{"self":[{"href":"https:\/\/www.daisho.be\/de\/wp-json\/wp\/v2\/product\/677508","targetHints":{"allow":["GET"]}}],"collection":[{"href":"https:\/\/www.daisho.be\/de\/wp-json\/wp\/v2\/product"}],"about":[{"href":"https:\/\/www.daisho.be\/de\/wp-json\/wp\/v2\/types\/product"}],"replies":[{"embeddable":true,"href":"https:\/\/www.daisho.be\/de\/wp-json\/wp\/v2\/comments?post=677508"}],"wp:featuredmedia":[{"embeddable":true,"href":"https:\/\/www.daisho.be\/de\/wp-json\/wp\/v2\/media\/677509"}],"wp:attachment":[{"href":"https:\/\/www.daisho.be\/de\/wp-json\/wp\/v2\/media?parent=677508"}],"wp:term":[{"taxonomy":"product_brand","embeddable":true,"href":"https:\/\/www.daisho.be\/de\/wp-json\/wp\/v2\/product_brand?post=677508"},{"taxonomy":"product_cat","embeddable":true,"href":"https:\/\/www.daisho.be\/de\/wp-json\/wp\/v2\/product_cat?post=677508"},{"taxonomy":"product_tag","embeddable":true,"href":"https:\/\/www.daisho.be\/de\/wp-json\/wp\/v2\/product_tag?post=677508"},{"taxonomy":"sport","embeddable":true,"href":"https:\/\/www.daisho.be\/de\/wp-json\/wp\/v2\/sport?post=677508"}],"curies":[{"name":"wp","href":"https:\/\/api.w.org\/{rel}","templated":true}]}}