{"id":677415,"date":"2026-04-13T16:12:38","date_gmt":"2026-04-13T14:12:38","guid":{"rendered":"https:\/\/www.daisho.be\/produit\/gi-de-jjb-zebra-guerreiro\/"},"modified":"2026-04-13T16:12:38","modified_gmt":"2026-04-13T14:12:38","slug":"gi-de-jjb-zebra-guerreiro","status":"publish","type":"product","link":"https:\/\/www.daisho.be\/de\/produit\/gi-de-jjb-zebra-guerreiro\/","title":{"rendered":"Gi DE JJB, ZEBRA GUERREIRO"},"content":{"rendered":"<p>Dieser hochwertige JJB-Gi von ZEBRA wurde f\u00fcr die anspruchsvollsten Athleten entworfen und bietet eine perfekte Balance zwischen St\u00e4rke und Komfort.<br \/>\nDank der innovativen Dynamic Stretch-Technologie garantiert dieser Gi maximale Bewegungsfreiheit.<br \/>\nOb im Training oder im Wettkampf, dieser Gi h\u00e4lt auch den st\u00e4rksten Belastungen stand.<\/p>\n<p>&#8211; Hochwertiges, strapazierf\u00e4higes Baumwollgewebe: Die Uniform ist aus strapazierf\u00e4higer Baumwolle gefertigt, die sowohl Komfort als auch Haltbarkeit gew\u00e4hrleistet. Ideal f\u00fcr intensives Training und Wettk\u00e4mpfe.<br \/>\n&#8211; Verst\u00e4rkte N\u00e4hte: Die verst\u00e4rkten N\u00e4hte sorgen f\u00fcr zus\u00e4tzliche Stabilit\u00e4t und verhindern Risse, selbst bei den anspruchsvollsten Bewegungen. Sie k\u00f6nnen sich darauf verlassen, dass Ihr JJB-Gi dem Druck standh\u00e4lt.<br \/>\n&#8211; Innovative Dynamic Stretch Technologie: Diese Technologie bietet optimale Bewegungsfreiheit und Flexibilit\u00e4t, so dass Sie Ihre Techniken ohne Einschr\u00e4nkungen ausf\u00fchren k\u00f6nnen.<br \/>\n&#8211; Individuell gestaltbar: Der Gi kann nach Ihren W\u00fcnschen gestaltet werden (Aufn\u00e4her oder Stickereien). Kontaktieren Sie uns, wenn Sie daran interessiert sind.<br \/>\n&#8211; Gr\u00f6\u00dfentabelle: 160 cm = A1 \/ 170 cm = A2 \/ 180 cm = A3 \/ 190 cm = A4 \/ 200 cm = A5<\/p>\n<p>Farbe: Wei\u00df, Schwarz<br \/>\nStoff: 100 % Baumwolle<br \/>\nPassform: Klassisch<br \/>\nEmpfohlen f\u00fcr: Fortgeschrittene Praktizierende, Profis<br \/>\nSport: BJJ<br \/>\nDicke: 350 g\/m\u00b2.<\/p>\n","protected":false},"excerpt":{"rendered":"<p>Dieser hochwertige JJB-Gi von ZEBRA wurde f\u00fcr die anspruchsvollsten Athleten entworfen und bietet eine perfekte Balance zwischen St\u00e4rke und Komfort. Dank der innovativen Dynamic Stretch-Technologie garantiert dieser Gi maximale Bewegungsfreiheit. Ob im Training oder im Wettkampf, dieser Gi h\u00e4lt auch den st\u00e4rksten Belastungen stand. &#8211; Hochwertiges, strapazierf\u00e4higes Baumwollgewebe: Die Uniform ist aus strapazierf\u00e4higer Baumwolle gefertigt, [&hellip;]<\/p>\n","protected":false},"featured_media":677370,"comment_status":"open","ping_status":"closed","template":"","meta":{"inline_featured_image":false},"product_brand":[],"product_cat":[2230,2128,2118],"product_tag":[2319],"sport":[],"class_list":{"0":"post-677415","1":"product","2":"type-product","3":"status-publish","4":"has-post-thumbnail","6":"product_cat-judo-kimonos-de","7":"product_cat-jujitsu-kimono-de","8":"product_cat-kleidung-kimonos","9":"product_tag-zebra-de","10":"pa_size-a1-160cm","11":"pa_size-a2-170cm","12":"pa_size-a3-180cm","13":"pa_size-a4-190cm","14":"pa_size-a5-200cm","16":"first","17":"instock","18":"taxable","19":"shipping-taxable","20":"purchasable","21":"product-type-variable"},"yoast_head":"<!-- This site is optimized with the Yoast SEO plugin v27.2 - https:\/\/yoast.com\/product\/yoast-seo-wordpress\/ -->\n<title>Gi DE JJB, ZEBRA GUERREIRO &#8211; Daisho<\/title>\n<meta name=\"robots\" content=\"index, follow, max-snippet:-1, max-image-preview:large, max-video-preview:-1\" \/>\n<link rel=\"canonical\" href=\"https:\/\/www.daisho.be\/de\/produit\/gi-de-jjb-zebra-guerreiro\/\" \/>\n<meta property=\"og:locale\" content=\"de_DE\" \/>\n<meta property=\"og:type\" content=\"article\" \/>\n<meta property=\"og:title\" content=\"Gi DE JJB, ZEBRA GUERREIRO &#8211; Daisho\" \/>\n<meta property=\"og:description\" content=\"Dieser hochwertige JJB-Gi von ZEBRA wurde f\u00fcr die anspruchsvollsten Athleten entworfen und bietet eine perfekte Balance zwischen St\u00e4rke und Komfort. Dank der innovativen Dynamic Stretch-Technologie garantiert dieser Gi maximale Bewegungsfreiheit. Ob im Training oder im Wettkampf, dieser Gi h\u00e4lt auch den st\u00e4rksten Belastungen stand. &#8211; Hochwertiges, strapazierf\u00e4higes Baumwollgewebe: Die Uniform ist aus strapazierf\u00e4higer Baumwolle gefertigt, [&hellip;]\" \/>\n<meta property=\"og:url\" content=\"https:\/\/www.daisho.be\/de\/produit\/gi-de-jjb-zebra-guerreiro\/\" \/>\n<meta property=\"og:site_name\" content=\"Daisho\" \/>\n<meta property=\"og:image\" content=\"https:\/\/www.daisho.be\/wp-content\/uploads\/2026\/04\/image-35.jpg\" \/>\n\t<meta property=\"og:image:width\" content=\"800\" \/>\n\t<meta property=\"og:image:height\" content=\"1280\" \/>\n\t<meta property=\"og:image:type\" content=\"image\/jpeg\" \/>\n<meta name=\"twitter:card\" content=\"summary_large_image\" \/>\n<meta name=\"twitter:label1\" content=\"Gesch\u00e4tzte Lesezeit\" \/>\n\t<meta name=\"twitter:data1\" content=\"1\u00a0Minute\" \/>\n<script type=\"application\/ld+json\" class=\"yoast-schema-graph\">{\"@context\":\"https:\/\/schema.org\",\"@graph\":[{\"@type\":\"WebPage\",\"@id\":\"https:\/\/www.daisho.be\/de\/produit\/gi-de-jjb-zebra-guerreiro\/\",\"url\":\"https:\/\/www.daisho.be\/de\/produit\/gi-de-jjb-zebra-guerreiro\/\",\"name\":\"Gi DE JJB, ZEBRA GUERREIRO &#8211; Daisho\",\"isPartOf\":{\"@id\":\"https:\/\/www.daisho.be\/de\/#website\"},\"primaryImageOfPage\":{\"@id\":\"https:\/\/www.daisho.be\/de\/produit\/gi-de-jjb-zebra-guerreiro\/#primaryimage\"},\"image\":{\"@id\":\"https:\/\/www.daisho.be\/de\/produit\/gi-de-jjb-zebra-guerreiro\/#primaryimage\"},\"thumbnailUrl\":\"https:\/\/www.daisho.be\/wp-content\/uploads\/2026\/04\/image-35.jpg\",\"datePublished\":\"2026-04-13T14:12:38+00:00\",\"breadcrumb\":{\"@id\":\"https:\/\/www.daisho.be\/de\/produit\/gi-de-jjb-zebra-guerreiro\/#breadcrumb\"},\"inLanguage\":\"de\",\"potentialAction\":[{\"@type\":\"ReadAction\",\"target\":[\"https:\/\/www.daisho.be\/de\/produit\/gi-de-jjb-zebra-guerreiro\/\"]}]},{\"@type\":\"ImageObject\",\"inLanguage\":\"de\",\"@id\":\"https:\/\/www.daisho.be\/de\/produit\/gi-de-jjb-zebra-guerreiro\/#primaryimage\",\"url\":\"https:\/\/www.daisho.be\/wp-content\/uploads\/2026\/04\/image-35.jpg\",\"contentUrl\":\"https:\/\/www.daisho.be\/wp-content\/uploads\/2026\/04\/image-35.jpg\",\"width\":800,\"height\":1280,\"caption\":\"Gi DE JJB, ZEBRA GUERREIRO-1\"},{\"@type\":\"BreadcrumbList\",\"@id\":\"https:\/\/www.daisho.be\/de\/produit\/gi-de-jjb-zebra-guerreiro\/#breadcrumb\",\"itemListElement\":[{\"@type\":\"ListItem\",\"position\":1,\"name\":\"Accueil\",\"item\":\"https:\/\/www.daisho.be\/de\/\"},{\"@type\":\"ListItem\",\"position\":2,\"name\":\"Produkte\",\"item\":\"https:\/\/www.daisho.be\/de\/produkte\/\"},{\"@type\":\"ListItem\",\"position\":3,\"name\":\"Ausr\u00fcstung und Kleidung f\u00fcr Kampfkunst und Kampfsport\",\"item\":\"https:\/\/www.daisho.be\/de\/categorie-produit\/ausrustung-und-kleidung-fur-kampfkunst-und-kampfsport\/\"},{\"@type\":\"ListItem\",\"position\":4,\"name\":\"Judo\",\"item\":\"https:\/\/www.daisho.be\/de\/categorie-produit\/ausrustung-und-kleidung-fur-kampfkunst-und-kampfsport\/judo-de-2\/\"},{\"@type\":\"ListItem\",\"position\":5,\"name\":\"Judo-Kimonos\",\"item\":\"https:\/\/www.daisho.be\/de\/categorie-produit\/ausrustung-und-kleidung-fur-kampfkunst-und-kampfsport\/judo-de-2\/judo-kimonos-de\/\"},{\"@type\":\"ListItem\",\"position\":6,\"name\":\"Gi DE JJB, ZEBRA GUERREIRO\"}]},{\"@type\":\"WebSite\",\"@id\":\"https:\/\/www.daisho.be\/de\/#website\",\"url\":\"https:\/\/www.daisho.be\/de\/\",\"name\":\"Daisho\",\"description\":\"Sp&eacute;cialiste de l'&eacute;quipement sportif d'arts martiaux\",\"publisher\":{\"@id\":\"https:\/\/www.daisho.be\/de\/#organization\"},\"potentialAction\":[{\"@type\":\"SearchAction\",\"target\":{\"@type\":\"EntryPoint\",\"urlTemplate\":\"https:\/\/www.daisho.be\/de\/?s={search_term_string}\"},\"query-input\":{\"@type\":\"PropertyValueSpecification\",\"valueRequired\":true,\"valueName\":\"search_term_string\"}}],\"inLanguage\":\"de\"},{\"@type\":\"Organization\",\"@id\":\"https:\/\/www.daisho.be\/de\/#organization\",\"name\":\"Daisho\",\"url\":\"https:\/\/www.daisho.be\/de\/\",\"logo\":{\"@type\":\"ImageObject\",\"inLanguage\":\"de\",\"@id\":\"https:\/\/www.daisho.be\/de\/#\/schema\/logo\/image\/\",\"url\":\"https:\/\/www.daisho.be\/wp-content\/uploads\/2019\/07\/color-nothing-horizontale4x-e1564486100247.png\",\"contentUrl\":\"https:\/\/www.daisho.be\/wp-content\/uploads\/2019\/07\/color-nothing-horizontale4x-e1564486100247.png\",\"width\":1547,\"height\":385,\"caption\":\"Daisho\"},\"image\":{\"@id\":\"https:\/\/www.daisho.be\/de\/#\/schema\/logo\/image\/\"}}]}<\/script>\n<!-- \/ Yoast SEO plugin. -->","yoast_head_json":{"title":"Gi DE JJB, ZEBRA GUERREIRO &#8211; Daisho","robots":{"index":"index","follow":"follow","max-snippet":"max-snippet:-1","max-image-preview":"max-image-preview:large","max-video-preview":"max-video-preview:-1"},"canonical":"https:\/\/www.daisho.be\/de\/produit\/gi-de-jjb-zebra-guerreiro\/","og_locale":"de_DE","og_type":"article","og_title":"Gi DE JJB, ZEBRA GUERREIRO &#8211; Daisho","og_description":"Dieser hochwertige JJB-Gi von ZEBRA wurde f\u00fcr die anspruchsvollsten Athleten entworfen und bietet eine perfekte Balance zwischen St\u00e4rke und Komfort. Dank der innovativen Dynamic Stretch-Technologie garantiert dieser Gi maximale Bewegungsfreiheit. Ob im Training oder im Wettkampf, dieser Gi h\u00e4lt auch den st\u00e4rksten Belastungen stand. &#8211; Hochwertiges, strapazierf\u00e4higes Baumwollgewebe: Die Uniform ist aus strapazierf\u00e4higer Baumwolle gefertigt, [&hellip;]","og_url":"https:\/\/www.daisho.be\/de\/produit\/gi-de-jjb-zebra-guerreiro\/","og_site_name":"Daisho","og_image":[{"width":800,"height":1280,"url":"https:\/\/www.daisho.be\/wp-content\/uploads\/2026\/04\/image-35.jpg","type":"image\/jpeg"}],"twitter_card":"summary_large_image","twitter_misc":{"Gesch\u00e4tzte Lesezeit":"1\u00a0Minute"},"schema":{"@context":"https:\/\/schema.org","@graph":[{"@type":"WebPage","@id":"https:\/\/www.daisho.be\/de\/produit\/gi-de-jjb-zebra-guerreiro\/","url":"https:\/\/www.daisho.be\/de\/produit\/gi-de-jjb-zebra-guerreiro\/","name":"Gi DE JJB, ZEBRA GUERREIRO &#8211; Daisho","isPartOf":{"@id":"https:\/\/www.daisho.be\/de\/#website"},"primaryImageOfPage":{"@id":"https:\/\/www.daisho.be\/de\/produit\/gi-de-jjb-zebra-guerreiro\/#primaryimage"},"image":{"@id":"https:\/\/www.daisho.be\/de\/produit\/gi-de-jjb-zebra-guerreiro\/#primaryimage"},"thumbnailUrl":"https:\/\/www.daisho.be\/wp-content\/uploads\/2026\/04\/image-35.jpg","datePublished":"2026-04-13T14:12:38+00:00","breadcrumb":{"@id":"https:\/\/www.daisho.be\/de\/produit\/gi-de-jjb-zebra-guerreiro\/#breadcrumb"},"inLanguage":"de","potentialAction":[{"@type":"ReadAction","target":["https:\/\/www.daisho.be\/de\/produit\/gi-de-jjb-zebra-guerreiro\/"]}]},{"@type":"ImageObject","inLanguage":"de","@id":"https:\/\/www.daisho.be\/de\/produit\/gi-de-jjb-zebra-guerreiro\/#primaryimage","url":"https:\/\/www.daisho.be\/wp-content\/uploads\/2026\/04\/image-35.jpg","contentUrl":"https:\/\/www.daisho.be\/wp-content\/uploads\/2026\/04\/image-35.jpg","width":800,"height":1280,"caption":"Gi DE JJB, ZEBRA GUERREIRO-1"},{"@type":"BreadcrumbList","@id":"https:\/\/www.daisho.be\/de\/produit\/gi-de-jjb-zebra-guerreiro\/#breadcrumb","itemListElement":[{"@type":"ListItem","position":1,"name":"Accueil","item":"https:\/\/www.daisho.be\/de\/"},{"@type":"ListItem","position":2,"name":"Produkte","item":"https:\/\/www.daisho.be\/de\/produkte\/"},{"@type":"ListItem","position":3,"name":"Ausr\u00fcstung und Kleidung f\u00fcr Kampfkunst und Kampfsport","item":"https:\/\/www.daisho.be\/de\/categorie-produit\/ausrustung-und-kleidung-fur-kampfkunst-und-kampfsport\/"},{"@type":"ListItem","position":4,"name":"Judo","item":"https:\/\/www.daisho.be\/de\/categorie-produit\/ausrustung-und-kleidung-fur-kampfkunst-und-kampfsport\/judo-de-2\/"},{"@type":"ListItem","position":5,"name":"Judo-Kimonos","item":"https:\/\/www.daisho.be\/de\/categorie-produit\/ausrustung-und-kleidung-fur-kampfkunst-und-kampfsport\/judo-de-2\/judo-kimonos-de\/"},{"@type":"ListItem","position":6,"name":"Gi DE JJB, ZEBRA GUERREIRO"}]},{"@type":"WebSite","@id":"https:\/\/www.daisho.be\/de\/#website","url":"https:\/\/www.daisho.be\/de\/","name":"Daisho","description":"Sp&eacute;cialiste de l'&eacute;quipement sportif d'arts martiaux","publisher":{"@id":"https:\/\/www.daisho.be\/de\/#organization"},"potentialAction":[{"@type":"SearchAction","target":{"@type":"EntryPoint","urlTemplate":"https:\/\/www.daisho.be\/de\/?s={search_term_string}"},"query-input":{"@type":"PropertyValueSpecification","valueRequired":true,"valueName":"search_term_string"}}],"inLanguage":"de"},{"@type":"Organization","@id":"https:\/\/www.daisho.be\/de\/#organization","name":"Daisho","url":"https:\/\/www.daisho.be\/de\/","logo":{"@type":"ImageObject","inLanguage":"de","@id":"https:\/\/www.daisho.be\/de\/#\/schema\/logo\/image\/","url":"https:\/\/www.daisho.be\/wp-content\/uploads\/2019\/07\/color-nothing-horizontale4x-e1564486100247.png","contentUrl":"https:\/\/www.daisho.be\/wp-content\/uploads\/2019\/07\/color-nothing-horizontale4x-e1564486100247.png","width":1547,"height":385,"caption":"Daisho"},"image":{"@id":"https:\/\/www.daisho.be\/de\/#\/schema\/logo\/image\/"}}]}},"_links":{"self":[{"href":"https:\/\/www.daisho.be\/de\/wp-json\/wp\/v2\/product\/677415","targetHints":{"allow":["GET"]}}],"collection":[{"href":"https:\/\/www.daisho.be\/de\/wp-json\/wp\/v2\/product"}],"about":[{"href":"https:\/\/www.daisho.be\/de\/wp-json\/wp\/v2\/types\/product"}],"replies":[{"embeddable":true,"href":"https:\/\/www.daisho.be\/de\/wp-json\/wp\/v2\/comments?post=677415"}],"wp:featuredmedia":[{"embeddable":true,"href":"https:\/\/www.daisho.be\/de\/wp-json\/wp\/v2\/media\/677370"}],"wp:attachment":[{"href":"https:\/\/www.daisho.be\/de\/wp-json\/wp\/v2\/media?parent=677415"}],"wp:term":[{"taxonomy":"product_brand","embeddable":true,"href":"https:\/\/www.daisho.be\/de\/wp-json\/wp\/v2\/product_brand?post=677415"},{"taxonomy":"product_cat","embeddable":true,"href":"https:\/\/www.daisho.be\/de\/wp-json\/wp\/v2\/product_cat?post=677415"},{"taxonomy":"product_tag","embeddable":true,"href":"https:\/\/www.daisho.be\/de\/wp-json\/wp\/v2\/product_tag?post=677415"},{"taxonomy":"sport","embeddable":true,"href":"https:\/\/www.daisho.be\/de\/wp-json\/wp\/v2\/sport?post=677415"}],"curies":[{"name":"wp","href":"https:\/\/api.w.org\/{rel}","templated":true}]}}