{"id":677293,"date":"2026-04-13T15:53:40","date_gmt":"2026-04-13T13:53:40","guid":{"rendered":"https:\/\/www.daisho.be\/produit\/karategi-tokaido-kata-master-athletic-wukf\/"},"modified":"2026-04-13T15:57:52","modified_gmt":"2026-04-13T13:57:52","slug":"karategi-tokaido-kata-master-athletic-wukf","status":"publish","type":"product","link":"https:\/\/www.daisho.be\/de\/produit\/karategi-tokaido-kata-master-athletic-wukf\/","title":{"rendered":"KarateGI TOKAIDO KATA MASTER ATHLETIC &#8211; WUKF"},"content":{"rendered":"<p>Karate Gi, TOKAIDO Kata Master Athletic, WUKF<\/p>\n<p>Dieser Kimono ist nicht f\u00fcr jeden geeignet!<br \/>\nWenn Sie jedoch einen erstklassigen Karate-Gi suchen, der von der WUKF f\u00fcr Kata-Wettbewerbe und -Meisterschaften zugelassen ist, werden Sie den neuen Kata Master Athletic von Tokaido lieben.<br \/>\nDie Qualit\u00e4t des speziell f\u00fcr Kata entwickelten Stoffes l\u00e4sst keine W\u00fcnsche offen.<br \/>\nDank der \u00fcberarbeiteten Version des Team KI sitzt der Kimono noch besser und verleiht dem Wettk\u00e4mpfer ein einzigartiges Charisma.<br \/>\nEin hervorragender Gi, von Kata-Athleten f\u00fcr Kata-Athleten entworfen.<\/p>\n<p>Merkmale :<\/p>\n<p>Der Schnitt wurde in Zusammenarbeit mit dem Ki-Team in Anwesenheit des Japaners Kenichi Sato und des Vizeweltmeisters Ilja Smorguner entwickelt.<br \/>\nWUKF-zugelassener Karate-Gi<br \/>\nEin Karate-Gi mit einer eng anliegenden Passform, die perfekt f\u00e4llt: Dank der ma\u00dfgeschneiderten Jacke mit &#8222;intelligentem Schulterschnitt&#8220; sieht das Oberteil des Anzugs wie ein perfekt sitzendes Anzughemd aus.<br \/>\nDie eng anliegenden \u00c4rmel erm\u00f6glichen es dem Schiedsrichter und den Sch\u00fclern, die Ausf\u00fchrung der Technik besser zu sehen.<br \/>\nDie S\u00e4ume der \u00c4rmel sind speziell verst\u00e4rkt, wodurch der Gi perfekt f\u00e4llt und die \u00c4sthetik erh\u00f6ht wird.<br \/>\nInnovative Schn\u00fcrsenkel mit hoher Taille f\u00fcr optimale Beinfreiheit bei jeder Bewegung.<br \/>\nDie Hose hat keine \u00e4u\u00dferen N\u00e4hte f\u00fcr einen klaren Look.<br \/>\nDer typisch japanische hellblaue Farbton des Stoffes l\u00e4sst den Gi im Scheinwerferlicht strahlend wei\u00df erscheinen.<br \/>\nDas neu entwickelte Material wurde optimiert, um jede intensive Technik mit einem beeindruckenden Klang zu unterstreichen.<br \/>\nDie Kombination aus Baumwolle und Polyester (70 % Baumwolle, 30 % Polyester) hat auch das Gewicht des Gi reduziert, um noch h\u00f6here Spr\u00fcnge ohne Kompromisse zu erm\u00f6glichen.<br \/>\nDer gro\u00dfe traditionelle japanische Druck auf der Innenseite der Jacke ist ein besonderer Blickfang.<br \/>\nGesticktes Tokaido-Logo auf der Brust, im Nacken und jetzt auch auf der Hose.<br \/>\nNiedrige Schrumpfungsrate von ca. 3 %.<br \/>\nGelieferte Artikel: Jacke, Hose<\/p>\n<p>Tokaido-Stickereien mit blauen und roten Kanji k\u00f6nnen bei internationalen Wettbewerben auf der Schulter angebracht werden.<\/p>\n","protected":false},"excerpt":{"rendered":"<p>Karate Gi, TOKAIDO Kata Master Athletic, WUKF Dieser Kimono ist nicht f\u00fcr jeden geeignet! Wenn Sie jedoch einen erstklassigen Karate-Gi suchen, der von der WUKF f\u00fcr Kata-Wettbewerbe und -Meisterschaften zugelassen ist, werden Sie den neuen Kata Master Athletic von Tokaido lieben. Die Qualit\u00e4t des speziell f\u00fcr Kata entwickelten Stoffes l\u00e4sst keine W\u00fcnsche offen. Dank der [&hellip;]<\/p>\n","protected":false},"featured_media":677331,"comment_status":"open","ping_status":"closed","template":"","meta":{"inline_featured_image":false},"product_brand":[],"product_cat":[2008,2118],"product_tag":[2004],"sport":[],"class_list":{"0":"post-677293","1":"product","2":"type-product","3":"status-publish","4":"has-post-thumbnail","6":"product_cat-karate-kimonos-de","7":"product_cat-kleidung-kimonos","8":"product_tag-tokaido-de","9":"pa_size-381","10":"pa_size-380","11":"pa_size-388","12":"pa_size-379","13":"pa_size-387","14":"pa_size-378","15":"pa_size-386","16":"pa_size-377","17":"pa_size-385","18":"pa_size-376","19":"pa_size-384","20":"pa_size-383","22":"first","23":"instock","24":"taxable","25":"shipping-taxable","26":"purchasable","27":"product-type-variable"},"yoast_head":"<!-- This site is optimized with the Yoast SEO plugin v27.2 - https:\/\/yoast.com\/product\/yoast-seo-wordpress\/ -->\n<title>KarateGI TOKAIDO KATA MASTER ATHLETIC - WUKF &#8211; Daisho<\/title>\n<meta name=\"robots\" content=\"index, follow, max-snippet:-1, max-image-preview:large, max-video-preview:-1\" \/>\n<link rel=\"canonical\" href=\"https:\/\/www.daisho.be\/de\/produit\/karategi-tokaido-kata-master-athletic-wukf\/\" \/>\n<meta property=\"og:locale\" content=\"de_DE\" \/>\n<meta property=\"og:type\" content=\"article\" \/>\n<meta property=\"og:title\" content=\"KarateGI TOKAIDO KATA MASTER ATHLETIC - WUKF &#8211; Daisho\" \/>\n<meta property=\"og:description\" content=\"Karate Gi, TOKAIDO Kata Master Athletic, WUKF Dieser Kimono ist nicht f\u00fcr jeden geeignet! Wenn Sie jedoch einen erstklassigen Karate-Gi suchen, der von der WUKF f\u00fcr Kata-Wettbewerbe und -Meisterschaften zugelassen ist, werden Sie den neuen Kata Master Athletic von Tokaido lieben. Die Qualit\u00e4t des speziell f\u00fcr Kata entwickelten Stoffes l\u00e4sst keine W\u00fcnsche offen. Dank der [&hellip;]\" \/>\n<meta property=\"og:url\" content=\"https:\/\/www.daisho.be\/de\/produit\/karategi-tokaido-kata-master-athletic-wukf\/\" \/>\n<meta property=\"og:site_name\" content=\"Daisho\" \/>\n<meta property=\"article:modified_time\" content=\"2026-04-13T13:57:52+00:00\" \/>\n<meta property=\"og:image\" content=\"https:\/\/www.daisho.be\/wp-content\/uploads\/2026\/04\/image-29.jpg\" \/>\n\t<meta property=\"og:image:width\" content=\"800\" \/>\n\t<meta property=\"og:image:height\" content=\"1280\" \/>\n\t<meta property=\"og:image:type\" content=\"image\/jpeg\" \/>\n<meta name=\"twitter:card\" content=\"summary_large_image\" \/>\n<meta name=\"twitter:label1\" content=\"Gesch\u00e4tzte Lesezeit\" \/>\n\t<meta name=\"twitter:data1\" content=\"2\u00a0Minuten\" \/>\n<script type=\"application\/ld+json\" class=\"yoast-schema-graph\">{\"@context\":\"https:\/\/schema.org\",\"@graph\":[{\"@type\":\"WebPage\",\"@id\":\"https:\/\/www.daisho.be\/de\/produit\/karategi-tokaido-kata-master-athletic-wukf\/\",\"url\":\"https:\/\/www.daisho.be\/de\/produit\/karategi-tokaido-kata-master-athletic-wukf\/\",\"name\":\"KarateGI TOKAIDO KATA MASTER ATHLETIC - WUKF &#8211; Daisho\",\"isPartOf\":{\"@id\":\"https:\/\/www.daisho.be\/de\/#website\"},\"primaryImageOfPage\":{\"@id\":\"https:\/\/www.daisho.be\/de\/produit\/karategi-tokaido-kata-master-athletic-wukf\/#primaryimage\"},\"image\":{\"@id\":\"https:\/\/www.daisho.be\/de\/produit\/karategi-tokaido-kata-master-athletic-wukf\/#primaryimage\"},\"thumbnailUrl\":\"https:\/\/www.daisho.be\/wp-content\/uploads\/2026\/04\/image-29.jpg\",\"datePublished\":\"2026-04-13T13:53:40+00:00\",\"dateModified\":\"2026-04-13T13:57:52+00:00\",\"breadcrumb\":{\"@id\":\"https:\/\/www.daisho.be\/de\/produit\/karategi-tokaido-kata-master-athletic-wukf\/#breadcrumb\"},\"inLanguage\":\"de\",\"potentialAction\":[{\"@type\":\"ReadAction\",\"target\":[\"https:\/\/www.daisho.be\/de\/produit\/karategi-tokaido-kata-master-athletic-wukf\/\"]}]},{\"@type\":\"ImageObject\",\"inLanguage\":\"de\",\"@id\":\"https:\/\/www.daisho.be\/de\/produit\/karategi-tokaido-kata-master-athletic-wukf\/#primaryimage\",\"url\":\"https:\/\/www.daisho.be\/wp-content\/uploads\/2026\/04\/image-29.jpg\",\"contentUrl\":\"https:\/\/www.daisho.be\/wp-content\/uploads\/2026\/04\/image-29.jpg\",\"width\":800,\"height\":1280,\"caption\":\"KarateGI TOKAIDO KATA MASTER ATHLETIC - WUKF-3\"},{\"@type\":\"BreadcrumbList\",\"@id\":\"https:\/\/www.daisho.be\/de\/produit\/karategi-tokaido-kata-master-athletic-wukf\/#breadcrumb\",\"itemListElement\":[{\"@type\":\"ListItem\",\"position\":1,\"name\":\"Accueil\",\"item\":\"https:\/\/www.daisho.be\/de\/\"},{\"@type\":\"ListItem\",\"position\":2,\"name\":\"Produkte\",\"item\":\"https:\/\/www.daisho.be\/de\/produkte\/\"},{\"@type\":\"ListItem\",\"position\":3,\"name\":\"Ausr\u00fcstung und Kleidung f\u00fcr Kampfkunst und Kampfsport\",\"item\":\"https:\/\/www.daisho.be\/de\/categorie-produit\/ausrustung-und-kleidung-fur-kampfkunst-und-kampfsport\/\"},{\"@type\":\"ListItem\",\"position\":4,\"name\":\"Karate\",\"item\":\"https:\/\/www.daisho.be\/de\/categorie-produit\/ausrustung-und-kleidung-fur-kampfkunst-und-kampfsport\/karate-de-2\/\"},{\"@type\":\"ListItem\",\"position\":5,\"name\":\"Karate-Kimonos\",\"item\":\"https:\/\/www.daisho.be\/de\/categorie-produit\/ausrustung-und-kleidung-fur-kampfkunst-und-kampfsport\/karate-de-2\/karate-kimonos-de\/\"},{\"@type\":\"ListItem\",\"position\":6,\"name\":\"KarateGI TOKAIDO KATA MASTER ATHLETIC &#8211; WUKF\"}]},{\"@type\":\"WebSite\",\"@id\":\"https:\/\/www.daisho.be\/de\/#website\",\"url\":\"https:\/\/www.daisho.be\/de\/\",\"name\":\"Daisho\",\"description\":\"Sp&eacute;cialiste de l'&eacute;quipement sportif d'arts martiaux\",\"publisher\":{\"@id\":\"https:\/\/www.daisho.be\/de\/#organization\"},\"potentialAction\":[{\"@type\":\"SearchAction\",\"target\":{\"@type\":\"EntryPoint\",\"urlTemplate\":\"https:\/\/www.daisho.be\/de\/?s={search_term_string}\"},\"query-input\":{\"@type\":\"PropertyValueSpecification\",\"valueRequired\":true,\"valueName\":\"search_term_string\"}}],\"inLanguage\":\"de\"},{\"@type\":\"Organization\",\"@id\":\"https:\/\/www.daisho.be\/de\/#organization\",\"name\":\"Daisho\",\"url\":\"https:\/\/www.daisho.be\/de\/\",\"logo\":{\"@type\":\"ImageObject\",\"inLanguage\":\"de\",\"@id\":\"https:\/\/www.daisho.be\/de\/#\/schema\/logo\/image\/\",\"url\":\"https:\/\/www.daisho.be\/wp-content\/uploads\/2019\/07\/color-nothing-horizontale4x-e1564486100247.png\",\"contentUrl\":\"https:\/\/www.daisho.be\/wp-content\/uploads\/2019\/07\/color-nothing-horizontale4x-e1564486100247.png\",\"width\":1547,\"height\":385,\"caption\":\"Daisho\"},\"image\":{\"@id\":\"https:\/\/www.daisho.be\/de\/#\/schema\/logo\/image\/\"}}]}<\/script>\n<!-- \/ Yoast SEO plugin. -->","yoast_head_json":{"title":"KarateGI TOKAIDO KATA MASTER ATHLETIC - WUKF &#8211; Daisho","robots":{"index":"index","follow":"follow","max-snippet":"max-snippet:-1","max-image-preview":"max-image-preview:large","max-video-preview":"max-video-preview:-1"},"canonical":"https:\/\/www.daisho.be\/de\/produit\/karategi-tokaido-kata-master-athletic-wukf\/","og_locale":"de_DE","og_type":"article","og_title":"KarateGI TOKAIDO KATA MASTER ATHLETIC - WUKF &#8211; Daisho","og_description":"Karate Gi, TOKAIDO Kata Master Athletic, WUKF Dieser Kimono ist nicht f\u00fcr jeden geeignet! Wenn Sie jedoch einen erstklassigen Karate-Gi suchen, der von der WUKF f\u00fcr Kata-Wettbewerbe und -Meisterschaften zugelassen ist, werden Sie den neuen Kata Master Athletic von Tokaido lieben. Die Qualit\u00e4t des speziell f\u00fcr Kata entwickelten Stoffes l\u00e4sst keine W\u00fcnsche offen. Dank der [&hellip;]","og_url":"https:\/\/www.daisho.be\/de\/produit\/karategi-tokaido-kata-master-athletic-wukf\/","og_site_name":"Daisho","article_modified_time":"2026-04-13T13:57:52+00:00","og_image":[{"width":800,"height":1280,"url":"https:\/\/www.daisho.be\/wp-content\/uploads\/2026\/04\/image-29.jpg","type":"image\/jpeg"}],"twitter_card":"summary_large_image","twitter_misc":{"Gesch\u00e4tzte Lesezeit":"2\u00a0Minuten"},"schema":{"@context":"https:\/\/schema.org","@graph":[{"@type":"WebPage","@id":"https:\/\/www.daisho.be\/de\/produit\/karategi-tokaido-kata-master-athletic-wukf\/","url":"https:\/\/www.daisho.be\/de\/produit\/karategi-tokaido-kata-master-athletic-wukf\/","name":"KarateGI TOKAIDO KATA MASTER ATHLETIC - WUKF &#8211; Daisho","isPartOf":{"@id":"https:\/\/www.daisho.be\/de\/#website"},"primaryImageOfPage":{"@id":"https:\/\/www.daisho.be\/de\/produit\/karategi-tokaido-kata-master-athletic-wukf\/#primaryimage"},"image":{"@id":"https:\/\/www.daisho.be\/de\/produit\/karategi-tokaido-kata-master-athletic-wukf\/#primaryimage"},"thumbnailUrl":"https:\/\/www.daisho.be\/wp-content\/uploads\/2026\/04\/image-29.jpg","datePublished":"2026-04-13T13:53:40+00:00","dateModified":"2026-04-13T13:57:52+00:00","breadcrumb":{"@id":"https:\/\/www.daisho.be\/de\/produit\/karategi-tokaido-kata-master-athletic-wukf\/#breadcrumb"},"inLanguage":"de","potentialAction":[{"@type":"ReadAction","target":["https:\/\/www.daisho.be\/de\/produit\/karategi-tokaido-kata-master-athletic-wukf\/"]}]},{"@type":"ImageObject","inLanguage":"de","@id":"https:\/\/www.daisho.be\/de\/produit\/karategi-tokaido-kata-master-athletic-wukf\/#primaryimage","url":"https:\/\/www.daisho.be\/wp-content\/uploads\/2026\/04\/image-29.jpg","contentUrl":"https:\/\/www.daisho.be\/wp-content\/uploads\/2026\/04\/image-29.jpg","width":800,"height":1280,"caption":"KarateGI TOKAIDO KATA MASTER ATHLETIC - WUKF-3"},{"@type":"BreadcrumbList","@id":"https:\/\/www.daisho.be\/de\/produit\/karategi-tokaido-kata-master-athletic-wukf\/#breadcrumb","itemListElement":[{"@type":"ListItem","position":1,"name":"Accueil","item":"https:\/\/www.daisho.be\/de\/"},{"@type":"ListItem","position":2,"name":"Produkte","item":"https:\/\/www.daisho.be\/de\/produkte\/"},{"@type":"ListItem","position":3,"name":"Ausr\u00fcstung und Kleidung f\u00fcr Kampfkunst und Kampfsport","item":"https:\/\/www.daisho.be\/de\/categorie-produit\/ausrustung-und-kleidung-fur-kampfkunst-und-kampfsport\/"},{"@type":"ListItem","position":4,"name":"Karate","item":"https:\/\/www.daisho.be\/de\/categorie-produit\/ausrustung-und-kleidung-fur-kampfkunst-und-kampfsport\/karate-de-2\/"},{"@type":"ListItem","position":5,"name":"Karate-Kimonos","item":"https:\/\/www.daisho.be\/de\/categorie-produit\/ausrustung-und-kleidung-fur-kampfkunst-und-kampfsport\/karate-de-2\/karate-kimonos-de\/"},{"@type":"ListItem","position":6,"name":"KarateGI TOKAIDO KATA MASTER ATHLETIC &#8211; WUKF"}]},{"@type":"WebSite","@id":"https:\/\/www.daisho.be\/de\/#website","url":"https:\/\/www.daisho.be\/de\/","name":"Daisho","description":"Sp&eacute;cialiste de l'&eacute;quipement sportif d'arts martiaux","publisher":{"@id":"https:\/\/www.daisho.be\/de\/#organization"},"potentialAction":[{"@type":"SearchAction","target":{"@type":"EntryPoint","urlTemplate":"https:\/\/www.daisho.be\/de\/?s={search_term_string}"},"query-input":{"@type":"PropertyValueSpecification","valueRequired":true,"valueName":"search_term_string"}}],"inLanguage":"de"},{"@type":"Organization","@id":"https:\/\/www.daisho.be\/de\/#organization","name":"Daisho","url":"https:\/\/www.daisho.be\/de\/","logo":{"@type":"ImageObject","inLanguage":"de","@id":"https:\/\/www.daisho.be\/de\/#\/schema\/logo\/image\/","url":"https:\/\/www.daisho.be\/wp-content\/uploads\/2019\/07\/color-nothing-horizontale4x-e1564486100247.png","contentUrl":"https:\/\/www.daisho.be\/wp-content\/uploads\/2019\/07\/color-nothing-horizontale4x-e1564486100247.png","width":1547,"height":385,"caption":"Daisho"},"image":{"@id":"https:\/\/www.daisho.be\/de\/#\/schema\/logo\/image\/"}}]}},"_links":{"self":[{"href":"https:\/\/www.daisho.be\/de\/wp-json\/wp\/v2\/product\/677293","targetHints":{"allow":["GET"]}}],"collection":[{"href":"https:\/\/www.daisho.be\/de\/wp-json\/wp\/v2\/product"}],"about":[{"href":"https:\/\/www.daisho.be\/de\/wp-json\/wp\/v2\/types\/product"}],"replies":[{"embeddable":true,"href":"https:\/\/www.daisho.be\/de\/wp-json\/wp\/v2\/comments?post=677293"}],"wp:featuredmedia":[{"embeddable":true,"href":"https:\/\/www.daisho.be\/de\/wp-json\/wp\/v2\/media\/677331"}],"wp:attachment":[{"href":"https:\/\/www.daisho.be\/de\/wp-json\/wp\/v2\/media?parent=677293"}],"wp:term":[{"taxonomy":"product_brand","embeddable":true,"href":"https:\/\/www.daisho.be\/de\/wp-json\/wp\/v2\/product_brand?post=677293"},{"taxonomy":"product_cat","embeddable":true,"href":"https:\/\/www.daisho.be\/de\/wp-json\/wp\/v2\/product_cat?post=677293"},{"taxonomy":"product_tag","embeddable":true,"href":"https:\/\/www.daisho.be\/de\/wp-json\/wp\/v2\/product_tag?post=677293"},{"taxonomy":"sport","embeddable":true,"href":"https:\/\/www.daisho.be\/de\/wp-json\/wp\/v2\/sport?post=677293"}],"curies":[{"name":"wp","href":"https:\/\/api.w.org\/{rel}","templated":true}]}}