{"id":676341,"date":"2026-04-07T12:16:19","date_gmt":"2026-04-07T10:16:19","guid":{"rendered":"https:\/\/www.daisho.be\/produit\/set-mit-20-kegeln\/"},"modified":"2026-04-07T12:49:05","modified_gmt":"2026-04-07T10:49:05","slug":"set-mit-20-kegeln","status":"publish","type":"product","link":"https:\/\/www.daisho.be\/de\/produit\/set-mit-20-kegeln\/","title":{"rendered":"Set mit 20 Kegeln"},"content":{"rendered":"<p>Optimieren Sie Ihr Training mit diesem Kegelset, das sich ideal f\u00fcr Beweglichkeit, Koordination und Geschwindigkeit eignet.<br \/>\nDiese leichten und robusten Kegel sind ideal f\u00fcr Fu\u00dfball, Fitness und Parcours und erm\u00f6glichen eine Vielzahl von \u00dcbungen.<br \/>\nDie leuchtende Farbe sorgt f\u00fcr maximale Sichtbarkeit, auch im Freien.<br \/>\nDie Kegel sind in Sets mit 20 oder 40 St\u00fcck (Ref:2752) erh\u00e4ltlich und lassen sich dank des mitgelieferten St\u00e4nders leicht aufbewahren und transportieren.<br \/>\nEin wichtiges Zubeh\u00f6r, das Ihr Training dynamischer macht!<\/p>\n","protected":false},"excerpt":{"rendered":"<p>Optimieren Sie Ihr Training mit diesem Kegelset, das sich ideal f\u00fcr Beweglichkeit, Koordination und Geschwindigkeit eignet. Diese leichten und robusten Kegel sind ideal f\u00fcr Fu\u00dfball, Fitness und Parcours und erm\u00f6glichen eine Vielzahl von \u00dcbungen. Die leuchtende Farbe sorgt f\u00fcr maximale Sichtbarkeit, auch im Freien. Die Kegel sind in Sets mit 20 oder 40 St\u00fcck (Ref:2752) [&hellip;]<\/p>\n","protected":false},"featured_media":676364,"comment_status":"open","ping_status":"closed","template":"","meta":{"inline_featured_image":false},"product_brand":[],"product_cat":[2054],"product_tag":[2225],"sport":[],"class_list":{"0":"post-676341","1":"product","2":"type-product","3":"status-publish","4":"has-post-thumbnail","6":"product_cat-trainingsmaterial","7":"product_tag-sveltus-de","9":"first","10":"instock","11":"taxable","12":"shipping-taxable","13":"purchasable","14":"product-type-simple"},"yoast_head":"<!-- This site is optimized with the Yoast SEO plugin v27.2 - https:\/\/yoast.com\/product\/yoast-seo-wordpress\/ -->\n<title>Set mit 20 Kegeln &#8211; Daisho<\/title>\n<meta name=\"robots\" content=\"index, follow, max-snippet:-1, max-image-preview:large, max-video-preview:-1\" \/>\n<link rel=\"canonical\" href=\"https:\/\/www.daisho.be\/de\/produit\/set-mit-20-kegeln\/\" \/>\n<meta property=\"og:locale\" content=\"de_DE\" \/>\n<meta property=\"og:type\" content=\"article\" \/>\n<meta property=\"og:title\" content=\"Set mit 20 Kegeln &#8211; Daisho\" \/>\n<meta property=\"og:description\" content=\"Optimieren Sie Ihr Training mit diesem Kegelset, das sich ideal f\u00fcr Beweglichkeit, Koordination und Geschwindigkeit eignet. Diese leichten und robusten Kegel sind ideal f\u00fcr Fu\u00dfball, Fitness und Parcours und erm\u00f6glichen eine Vielzahl von \u00dcbungen. Die leuchtende Farbe sorgt f\u00fcr maximale Sichtbarkeit, auch im Freien. Die Kegel sind in Sets mit 20 oder 40 St\u00fcck (Ref:2752) [&hellip;]\" \/>\n<meta property=\"og:url\" content=\"https:\/\/www.daisho.be\/de\/produit\/set-mit-20-kegeln\/\" \/>\n<meta property=\"og:site_name\" content=\"Daisho\" \/>\n<meta property=\"article:modified_time\" content=\"2026-04-07T10:49:05+00:00\" \/>\n<meta property=\"og:image\" content=\"https:\/\/www.daisho.be\/wp-content\/uploads\/2026\/04\/image-19.jpg\" \/>\n\t<meta property=\"og:image:width\" content=\"1200\" \/>\n\t<meta property=\"og:image:height\" content=\"1372\" \/>\n\t<meta property=\"og:image:type\" content=\"image\/jpeg\" \/>\n<meta name=\"twitter:card\" content=\"summary_large_image\" \/>\n<script type=\"application\/ld+json\" class=\"yoast-schema-graph\">{\"@context\":\"https:\/\/schema.org\",\"@graph\":[{\"@type\":\"WebPage\",\"@id\":\"https:\/\/www.daisho.be\/de\/produit\/set-mit-20-kegeln\/\",\"url\":\"https:\/\/www.daisho.be\/de\/produit\/set-mit-20-kegeln\/\",\"name\":\"Set mit 20 Kegeln &#8211; Daisho\",\"isPartOf\":{\"@id\":\"https:\/\/www.daisho.be\/de\/#website\"},\"primaryImageOfPage\":{\"@id\":\"https:\/\/www.daisho.be\/de\/produit\/set-mit-20-kegeln\/#primaryimage\"},\"image\":{\"@id\":\"https:\/\/www.daisho.be\/de\/produit\/set-mit-20-kegeln\/#primaryimage\"},\"thumbnailUrl\":\"https:\/\/www.daisho.be\/wp-content\/uploads\/2026\/04\/image-19.jpg\",\"datePublished\":\"2026-04-07T10:16:19+00:00\",\"dateModified\":\"2026-04-07T10:49:05+00:00\",\"breadcrumb\":{\"@id\":\"https:\/\/www.daisho.be\/de\/produit\/set-mit-20-kegeln\/#breadcrumb\"},\"inLanguage\":\"de\",\"potentialAction\":[{\"@type\":\"ReadAction\",\"target\":[\"https:\/\/www.daisho.be\/de\/produit\/set-mit-20-kegeln\/\"]}]},{\"@type\":\"ImageObject\",\"inLanguage\":\"de\",\"@id\":\"https:\/\/www.daisho.be\/de\/produit\/set-mit-20-kegeln\/#primaryimage\",\"url\":\"https:\/\/www.daisho.be\/wp-content\/uploads\/2026\/04\/image-19.jpg\",\"contentUrl\":\"https:\/\/www.daisho.be\/wp-content\/uploads\/2026\/04\/image-19.jpg\",\"width\":1200,\"height\":1372,\"caption\":\"Set mit 20 Kegeln-1\"},{\"@type\":\"BreadcrumbList\",\"@id\":\"https:\/\/www.daisho.be\/de\/produit\/set-mit-20-kegeln\/#breadcrumb\",\"itemListElement\":[{\"@type\":\"ListItem\",\"position\":1,\"name\":\"Accueil\",\"item\":\"https:\/\/www.daisho.be\/de\/\"},{\"@type\":\"ListItem\",\"position\":2,\"name\":\"Produkte\",\"item\":\"https:\/\/www.daisho.be\/de\/produkte\/\"},{\"@type\":\"ListItem\",\"position\":3,\"name\":\"Kampfsportarten\",\"item\":\"https:\/\/www.daisho.be\/de\/categorie-produit\/kampfsportarten\/\"},{\"@type\":\"ListItem\",\"position\":4,\"name\":\"Trainingsmaterial\",\"item\":\"https:\/\/www.daisho.be\/de\/categorie-produit\/kampfsportarten\/trainingsmaterial\/\"},{\"@type\":\"ListItem\",\"position\":5,\"name\":\"Set mit 20 Kegeln\"}]},{\"@type\":\"WebSite\",\"@id\":\"https:\/\/www.daisho.be\/de\/#website\",\"url\":\"https:\/\/www.daisho.be\/de\/\",\"name\":\"Daisho\",\"description\":\"Sp&eacute;cialiste de l'&eacute;quipement sportif d'arts martiaux\",\"publisher\":{\"@id\":\"https:\/\/www.daisho.be\/de\/#organization\"},\"potentialAction\":[{\"@type\":\"SearchAction\",\"target\":{\"@type\":\"EntryPoint\",\"urlTemplate\":\"https:\/\/www.daisho.be\/de\/?s={search_term_string}\"},\"query-input\":{\"@type\":\"PropertyValueSpecification\",\"valueRequired\":true,\"valueName\":\"search_term_string\"}}],\"inLanguage\":\"de\"},{\"@type\":\"Organization\",\"@id\":\"https:\/\/www.daisho.be\/de\/#organization\",\"name\":\"Daisho\",\"url\":\"https:\/\/www.daisho.be\/de\/\",\"logo\":{\"@type\":\"ImageObject\",\"inLanguage\":\"de\",\"@id\":\"https:\/\/www.daisho.be\/de\/#\/schema\/logo\/image\/\",\"url\":\"https:\/\/www.daisho.be\/wp-content\/uploads\/2019\/07\/color-nothing-horizontale4x-e1564486100247.png\",\"contentUrl\":\"https:\/\/www.daisho.be\/wp-content\/uploads\/2019\/07\/color-nothing-horizontale4x-e1564486100247.png\",\"width\":1547,\"height\":385,\"caption\":\"Daisho\"},\"image\":{\"@id\":\"https:\/\/www.daisho.be\/de\/#\/schema\/logo\/image\/\"}}]}<\/script>\n<!-- \/ Yoast SEO plugin. -->","yoast_head_json":{"title":"Set mit 20 Kegeln &#8211; Daisho","robots":{"index":"index","follow":"follow","max-snippet":"max-snippet:-1","max-image-preview":"max-image-preview:large","max-video-preview":"max-video-preview:-1"},"canonical":"https:\/\/www.daisho.be\/de\/produit\/set-mit-20-kegeln\/","og_locale":"de_DE","og_type":"article","og_title":"Set mit 20 Kegeln &#8211; Daisho","og_description":"Optimieren Sie Ihr Training mit diesem Kegelset, das sich ideal f\u00fcr Beweglichkeit, Koordination und Geschwindigkeit eignet. Diese leichten und robusten Kegel sind ideal f\u00fcr Fu\u00dfball, Fitness und Parcours und erm\u00f6glichen eine Vielzahl von \u00dcbungen. Die leuchtende Farbe sorgt f\u00fcr maximale Sichtbarkeit, auch im Freien. Die Kegel sind in Sets mit 20 oder 40 St\u00fcck (Ref:2752) [&hellip;]","og_url":"https:\/\/www.daisho.be\/de\/produit\/set-mit-20-kegeln\/","og_site_name":"Daisho","article_modified_time":"2026-04-07T10:49:05+00:00","og_image":[{"width":1200,"height":1372,"url":"https:\/\/www.daisho.be\/wp-content\/uploads\/2026\/04\/image-19.jpg","type":"image\/jpeg"}],"twitter_card":"summary_large_image","schema":{"@context":"https:\/\/schema.org","@graph":[{"@type":"WebPage","@id":"https:\/\/www.daisho.be\/de\/produit\/set-mit-20-kegeln\/","url":"https:\/\/www.daisho.be\/de\/produit\/set-mit-20-kegeln\/","name":"Set mit 20 Kegeln &#8211; Daisho","isPartOf":{"@id":"https:\/\/www.daisho.be\/de\/#website"},"primaryImageOfPage":{"@id":"https:\/\/www.daisho.be\/de\/produit\/set-mit-20-kegeln\/#primaryimage"},"image":{"@id":"https:\/\/www.daisho.be\/de\/produit\/set-mit-20-kegeln\/#primaryimage"},"thumbnailUrl":"https:\/\/www.daisho.be\/wp-content\/uploads\/2026\/04\/image-19.jpg","datePublished":"2026-04-07T10:16:19+00:00","dateModified":"2026-04-07T10:49:05+00:00","breadcrumb":{"@id":"https:\/\/www.daisho.be\/de\/produit\/set-mit-20-kegeln\/#breadcrumb"},"inLanguage":"de","potentialAction":[{"@type":"ReadAction","target":["https:\/\/www.daisho.be\/de\/produit\/set-mit-20-kegeln\/"]}]},{"@type":"ImageObject","inLanguage":"de","@id":"https:\/\/www.daisho.be\/de\/produit\/set-mit-20-kegeln\/#primaryimage","url":"https:\/\/www.daisho.be\/wp-content\/uploads\/2026\/04\/image-19.jpg","contentUrl":"https:\/\/www.daisho.be\/wp-content\/uploads\/2026\/04\/image-19.jpg","width":1200,"height":1372,"caption":"Set mit 20 Kegeln-1"},{"@type":"BreadcrumbList","@id":"https:\/\/www.daisho.be\/de\/produit\/set-mit-20-kegeln\/#breadcrumb","itemListElement":[{"@type":"ListItem","position":1,"name":"Accueil","item":"https:\/\/www.daisho.be\/de\/"},{"@type":"ListItem","position":2,"name":"Produkte","item":"https:\/\/www.daisho.be\/de\/produkte\/"},{"@type":"ListItem","position":3,"name":"Kampfsportarten","item":"https:\/\/www.daisho.be\/de\/categorie-produit\/kampfsportarten\/"},{"@type":"ListItem","position":4,"name":"Trainingsmaterial","item":"https:\/\/www.daisho.be\/de\/categorie-produit\/kampfsportarten\/trainingsmaterial\/"},{"@type":"ListItem","position":5,"name":"Set mit 20 Kegeln"}]},{"@type":"WebSite","@id":"https:\/\/www.daisho.be\/de\/#website","url":"https:\/\/www.daisho.be\/de\/","name":"Daisho","description":"Sp&eacute;cialiste de l'&eacute;quipement sportif d'arts martiaux","publisher":{"@id":"https:\/\/www.daisho.be\/de\/#organization"},"potentialAction":[{"@type":"SearchAction","target":{"@type":"EntryPoint","urlTemplate":"https:\/\/www.daisho.be\/de\/?s={search_term_string}"},"query-input":{"@type":"PropertyValueSpecification","valueRequired":true,"valueName":"search_term_string"}}],"inLanguage":"de"},{"@type":"Organization","@id":"https:\/\/www.daisho.be\/de\/#organization","name":"Daisho","url":"https:\/\/www.daisho.be\/de\/","logo":{"@type":"ImageObject","inLanguage":"de","@id":"https:\/\/www.daisho.be\/de\/#\/schema\/logo\/image\/","url":"https:\/\/www.daisho.be\/wp-content\/uploads\/2019\/07\/color-nothing-horizontale4x-e1564486100247.png","contentUrl":"https:\/\/www.daisho.be\/wp-content\/uploads\/2019\/07\/color-nothing-horizontale4x-e1564486100247.png","width":1547,"height":385,"caption":"Daisho"},"image":{"@id":"https:\/\/www.daisho.be\/de\/#\/schema\/logo\/image\/"}}]}},"_links":{"self":[{"href":"https:\/\/www.daisho.be\/de\/wp-json\/wp\/v2\/product\/676341","targetHints":{"allow":["GET"]}}],"collection":[{"href":"https:\/\/www.daisho.be\/de\/wp-json\/wp\/v2\/product"}],"about":[{"href":"https:\/\/www.daisho.be\/de\/wp-json\/wp\/v2\/types\/product"}],"replies":[{"embeddable":true,"href":"https:\/\/www.daisho.be\/de\/wp-json\/wp\/v2\/comments?post=676341"}],"wp:featuredmedia":[{"embeddable":true,"href":"https:\/\/www.daisho.be\/de\/wp-json\/wp\/v2\/media\/676364"}],"wp:attachment":[{"href":"https:\/\/www.daisho.be\/de\/wp-json\/wp\/v2\/media?parent=676341"}],"wp:term":[{"taxonomy":"product_brand","embeddable":true,"href":"https:\/\/www.daisho.be\/de\/wp-json\/wp\/v2\/product_brand?post=676341"},{"taxonomy":"product_cat","embeddable":true,"href":"https:\/\/www.daisho.be\/de\/wp-json\/wp\/v2\/product_cat?post=676341"},{"taxonomy":"product_tag","embeddable":true,"href":"https:\/\/www.daisho.be\/de\/wp-json\/wp\/v2\/product_tag?post=676341"},{"taxonomy":"sport","embeddable":true,"href":"https:\/\/www.daisho.be\/de\/wp-json\/wp\/v2\/sport?post=676341"}],"curies":[{"name":"wp","href":"https:\/\/api.w.org\/{rel}","templated":true}]}}