{"id":676162,"date":"2026-04-07T11:01:24","date_gmt":"2026-04-07T09:01:24","guid":{"rendered":"https:\/\/www.daisho.be\/produit\/judogi-dax-tori-gold-weiss\/"},"modified":"2026-04-07T11:01:24","modified_gmt":"2026-04-07T09:01:24","slug":"judogi-dax-tori-gold-weiss","status":"publish","type":"product","link":"https:\/\/www.daisho.be\/de\/produit\/judogi-dax-tori-gold-weiss\/","title":{"rendered":"JUDOGI DAX TORI GOLD WEISS"},"content":{"rendered":"<p><span style=\"color:#e60000;font-weight:bold\"><br \/>\n<i class=\"fa fa-clock-o\"><\/i>  VERF\u00dcGBARKEIT: ENDE APRIL 2026<br \/>\n<\/span><\/p>\n<p>Der &#8222;Tori Gold&#8220; von DAX ist ein ausgezeichneter, schwerer und starker Judogi, der f\u00fcr Wettk\u00e4mpfe gemacht ist.<br \/>\nDieser Judoanzug wurde f\u00fcr nationale Wettk\u00e4mpfe zugelassen.<br \/>\nDieser Kimono ist auch als Keikogi f\u00fcr andere Kampfsportarten geeignet und kann als Jiu-Jitsugi verwendet werden.<\/p>\n<p>Merkmale:<br \/>\n&#8211; Judogi oder Kimono zugelassen f\u00fcr nationale Turniere und die deutsche Bundesliga,<br \/>\n&#8211; Knie mit Doppelstich,<br \/>\n&#8211; Jacke verst\u00e4rkt an Schultern, Brust und Revers,<br \/>\n&#8211; Stickerei &#8222;DAX&#8220; auf dem linken Arm,<br \/>\n&#8211; Hose mit Kordelzugbund,<br \/>\n&#8211; Material: 100% Baumwolle, ca. 750 g\/m\u00b2,<br \/>\n&#8211; Schrumpfrate: 4%.<\/p>\n","protected":false},"excerpt":{"rendered":"<p>VERF\u00dcGBARKEIT: ENDE APRIL 2026 Der &#8222;Tori Gold&#8220; von DAX ist ein ausgezeichneter, schwerer und starker Judogi, der f\u00fcr Wettk\u00e4mpfe gemacht ist. Dieser Judoanzug wurde f\u00fcr nationale Wettk\u00e4mpfe zugelassen. Dieser Kimono ist auch als Keikogi f\u00fcr andere Kampfsportarten geeignet und kann als Jiu-Jitsugi verwendet werden. Merkmale: &#8211; Judogi oder Kimono zugelassen f\u00fcr nationale Turniere und die [&hellip;]<\/p>\n","protected":false},"featured_media":676231,"comment_status":"open","ping_status":"closed","template":"","meta":{"inline_featured_image":false},"product_brand":[],"product_cat":[2230,2128,2118],"product_tag":[2040],"sport":[],"class_list":{"0":"post-676162","1":"product","2":"type-product","3":"status-publish","4":"has-post-thumbnail","6":"product_cat-judo-kimonos-de","7":"product_cat-jujitsu-kimono-de","8":"product_cat-kleidung-kimonos","9":"product_tag-dax-de","10":"pa_size-373","11":"pa_size-381","12":"pa_size-380","13":"pa_size-379","14":"pa_size-378","15":"pa_size-377","16":"pa_size-376","17":"pa_size-383","19":"first","20":"instock","21":"taxable","22":"shipping-taxable","23":"purchasable","24":"product-type-variable"},"yoast_head":"<!-- This site is optimized with the Yoast SEO plugin v27.2 - https:\/\/yoast.com\/product\/yoast-seo-wordpress\/ -->\n<title>JUDOGI DAX TORI GOLD WEISS &#8211; Daisho<\/title>\n<meta name=\"robots\" content=\"index, follow, max-snippet:-1, max-image-preview:large, max-video-preview:-1\" \/>\n<link rel=\"canonical\" href=\"https:\/\/www.daisho.be\/de\/produit\/judogi-dax-tori-gold-weiss\/\" \/>\n<meta property=\"og:locale\" content=\"de_DE\" \/>\n<meta property=\"og:type\" content=\"article\" \/>\n<meta property=\"og:title\" content=\"JUDOGI DAX TORI GOLD WEISS &#8211; Daisho\" \/>\n<meta property=\"og:description\" content=\"VERF\u00dcGBARKEIT: ENDE APRIL 2026 Der &#8222;Tori Gold&#8220; von DAX ist ein ausgezeichneter, schwerer und starker Judogi, der f\u00fcr Wettk\u00e4mpfe gemacht ist. Dieser Judoanzug wurde f\u00fcr nationale Wettk\u00e4mpfe zugelassen. Dieser Kimono ist auch als Keikogi f\u00fcr andere Kampfsportarten geeignet und kann als Jiu-Jitsugi verwendet werden. Merkmale: &#8211; Judogi oder Kimono zugelassen f\u00fcr nationale Turniere und die [&hellip;]\" \/>\n<meta property=\"og:url\" content=\"https:\/\/www.daisho.be\/de\/produit\/judogi-dax-tori-gold-weiss\/\" \/>\n<meta property=\"og:site_name\" content=\"Daisho\" \/>\n<meta property=\"og:image\" content=\"https:\/\/www.daisho.be\/wp-content\/uploads\/2026\/04\/image-2.jpg\" \/>\n\t<meta property=\"og:image:width\" content=\"800\" \/>\n\t<meta property=\"og:image:height\" content=\"1280\" \/>\n\t<meta property=\"og:image:type\" content=\"image\/jpeg\" \/>\n<meta name=\"twitter:card\" content=\"summary_large_image\" \/>\n<script type=\"application\/ld+json\" class=\"yoast-schema-graph\">{\"@context\":\"https:\/\/schema.org\",\"@graph\":[{\"@type\":\"WebPage\",\"@id\":\"https:\/\/www.daisho.be\/de\/produit\/judogi-dax-tori-gold-weiss\/\",\"url\":\"https:\/\/www.daisho.be\/de\/produit\/judogi-dax-tori-gold-weiss\/\",\"name\":\"JUDOGI DAX TORI GOLD WEISS &#8211; Daisho\",\"isPartOf\":{\"@id\":\"https:\/\/www.daisho.be\/de\/#website\"},\"primaryImageOfPage\":{\"@id\":\"https:\/\/www.daisho.be\/de\/produit\/judogi-dax-tori-gold-weiss\/#primaryimage\"},\"image\":{\"@id\":\"https:\/\/www.daisho.be\/de\/produit\/judogi-dax-tori-gold-weiss\/#primaryimage\"},\"thumbnailUrl\":\"https:\/\/www.daisho.be\/wp-content\/uploads\/2026\/04\/image-2.jpg\",\"datePublished\":\"2026-04-07T09:01:24+00:00\",\"breadcrumb\":{\"@id\":\"https:\/\/www.daisho.be\/de\/produit\/judogi-dax-tori-gold-weiss\/#breadcrumb\"},\"inLanguage\":\"de\",\"potentialAction\":[{\"@type\":\"ReadAction\",\"target\":[\"https:\/\/www.daisho.be\/de\/produit\/judogi-dax-tori-gold-weiss\/\"]}]},{\"@type\":\"ImageObject\",\"inLanguage\":\"de\",\"@id\":\"https:\/\/www.daisho.be\/de\/produit\/judogi-dax-tori-gold-weiss\/#primaryimage\",\"url\":\"https:\/\/www.daisho.be\/wp-content\/uploads\/2026\/04\/image-2.jpg\",\"contentUrl\":\"https:\/\/www.daisho.be\/wp-content\/uploads\/2026\/04\/image-2.jpg\",\"width\":800,\"height\":1280,\"caption\":\"JUDOGI DAX TORI GOLD BLANC-1\"},{\"@type\":\"BreadcrumbList\",\"@id\":\"https:\/\/www.daisho.be\/de\/produit\/judogi-dax-tori-gold-weiss\/#breadcrumb\",\"itemListElement\":[{\"@type\":\"ListItem\",\"position\":1,\"name\":\"Accueil\",\"item\":\"https:\/\/www.daisho.be\/de\/\"},{\"@type\":\"ListItem\",\"position\":2,\"name\":\"Produkte\",\"item\":\"https:\/\/www.daisho.be\/de\/produkte\/\"},{\"@type\":\"ListItem\",\"position\":3,\"name\":\"Ausr\u00fcstung und Kleidung f\u00fcr Kampfkunst und Kampfsport\",\"item\":\"https:\/\/www.daisho.be\/de\/categorie-produit\/ausrustung-und-kleidung-fur-kampfkunst-und-kampfsport\/\"},{\"@type\":\"ListItem\",\"position\":4,\"name\":\"Judo\",\"item\":\"https:\/\/www.daisho.be\/de\/categorie-produit\/ausrustung-und-kleidung-fur-kampfkunst-und-kampfsport\/judo-de-2\/\"},{\"@type\":\"ListItem\",\"position\":5,\"name\":\"Judo-Kimonos\",\"item\":\"https:\/\/www.daisho.be\/de\/categorie-produit\/ausrustung-und-kleidung-fur-kampfkunst-und-kampfsport\/judo-de-2\/judo-kimonos-de\/\"},{\"@type\":\"ListItem\",\"position\":6,\"name\":\"JUDOGI DAX TORI GOLD WEISS\"}]},{\"@type\":\"WebSite\",\"@id\":\"https:\/\/www.daisho.be\/de\/#website\",\"url\":\"https:\/\/www.daisho.be\/de\/\",\"name\":\"Daisho\",\"description\":\"Sp&eacute;cialiste de l'&eacute;quipement sportif d'arts martiaux\",\"publisher\":{\"@id\":\"https:\/\/www.daisho.be\/de\/#organization\"},\"potentialAction\":[{\"@type\":\"SearchAction\",\"target\":{\"@type\":\"EntryPoint\",\"urlTemplate\":\"https:\/\/www.daisho.be\/de\/?s={search_term_string}\"},\"query-input\":{\"@type\":\"PropertyValueSpecification\",\"valueRequired\":true,\"valueName\":\"search_term_string\"}}],\"inLanguage\":\"de\"},{\"@type\":\"Organization\",\"@id\":\"https:\/\/www.daisho.be\/de\/#organization\",\"name\":\"Daisho\",\"url\":\"https:\/\/www.daisho.be\/de\/\",\"logo\":{\"@type\":\"ImageObject\",\"inLanguage\":\"de\",\"@id\":\"https:\/\/www.daisho.be\/de\/#\/schema\/logo\/image\/\",\"url\":\"https:\/\/www.daisho.be\/wp-content\/uploads\/2019\/07\/color-nothing-horizontale4x-e1564486100247.png\",\"contentUrl\":\"https:\/\/www.daisho.be\/wp-content\/uploads\/2019\/07\/color-nothing-horizontale4x-e1564486100247.png\",\"width\":1547,\"height\":385,\"caption\":\"Daisho\"},\"image\":{\"@id\":\"https:\/\/www.daisho.be\/de\/#\/schema\/logo\/image\/\"}}]}<\/script>\n<!-- \/ Yoast SEO plugin. -->","yoast_head_json":{"title":"JUDOGI DAX TORI GOLD WEISS &#8211; Daisho","robots":{"index":"index","follow":"follow","max-snippet":"max-snippet:-1","max-image-preview":"max-image-preview:large","max-video-preview":"max-video-preview:-1"},"canonical":"https:\/\/www.daisho.be\/de\/produit\/judogi-dax-tori-gold-weiss\/","og_locale":"de_DE","og_type":"article","og_title":"JUDOGI DAX TORI GOLD WEISS &#8211; Daisho","og_description":"VERF\u00dcGBARKEIT: ENDE APRIL 2026 Der &#8222;Tori Gold&#8220; von DAX ist ein ausgezeichneter, schwerer und starker Judogi, der f\u00fcr Wettk\u00e4mpfe gemacht ist. Dieser Judoanzug wurde f\u00fcr nationale Wettk\u00e4mpfe zugelassen. Dieser Kimono ist auch als Keikogi f\u00fcr andere Kampfsportarten geeignet und kann als Jiu-Jitsugi verwendet werden. Merkmale: &#8211; Judogi oder Kimono zugelassen f\u00fcr nationale Turniere und die [&hellip;]","og_url":"https:\/\/www.daisho.be\/de\/produit\/judogi-dax-tori-gold-weiss\/","og_site_name":"Daisho","og_image":[{"width":800,"height":1280,"url":"https:\/\/www.daisho.be\/wp-content\/uploads\/2026\/04\/image-2.jpg","type":"image\/jpeg"}],"twitter_card":"summary_large_image","schema":{"@context":"https:\/\/schema.org","@graph":[{"@type":"WebPage","@id":"https:\/\/www.daisho.be\/de\/produit\/judogi-dax-tori-gold-weiss\/","url":"https:\/\/www.daisho.be\/de\/produit\/judogi-dax-tori-gold-weiss\/","name":"JUDOGI DAX TORI GOLD WEISS &#8211; Daisho","isPartOf":{"@id":"https:\/\/www.daisho.be\/de\/#website"},"primaryImageOfPage":{"@id":"https:\/\/www.daisho.be\/de\/produit\/judogi-dax-tori-gold-weiss\/#primaryimage"},"image":{"@id":"https:\/\/www.daisho.be\/de\/produit\/judogi-dax-tori-gold-weiss\/#primaryimage"},"thumbnailUrl":"https:\/\/www.daisho.be\/wp-content\/uploads\/2026\/04\/image-2.jpg","datePublished":"2026-04-07T09:01:24+00:00","breadcrumb":{"@id":"https:\/\/www.daisho.be\/de\/produit\/judogi-dax-tori-gold-weiss\/#breadcrumb"},"inLanguage":"de","potentialAction":[{"@type":"ReadAction","target":["https:\/\/www.daisho.be\/de\/produit\/judogi-dax-tori-gold-weiss\/"]}]},{"@type":"ImageObject","inLanguage":"de","@id":"https:\/\/www.daisho.be\/de\/produit\/judogi-dax-tori-gold-weiss\/#primaryimage","url":"https:\/\/www.daisho.be\/wp-content\/uploads\/2026\/04\/image-2.jpg","contentUrl":"https:\/\/www.daisho.be\/wp-content\/uploads\/2026\/04\/image-2.jpg","width":800,"height":1280,"caption":"JUDOGI DAX TORI GOLD BLANC-1"},{"@type":"BreadcrumbList","@id":"https:\/\/www.daisho.be\/de\/produit\/judogi-dax-tori-gold-weiss\/#breadcrumb","itemListElement":[{"@type":"ListItem","position":1,"name":"Accueil","item":"https:\/\/www.daisho.be\/de\/"},{"@type":"ListItem","position":2,"name":"Produkte","item":"https:\/\/www.daisho.be\/de\/produkte\/"},{"@type":"ListItem","position":3,"name":"Ausr\u00fcstung und Kleidung f\u00fcr Kampfkunst und Kampfsport","item":"https:\/\/www.daisho.be\/de\/categorie-produit\/ausrustung-und-kleidung-fur-kampfkunst-und-kampfsport\/"},{"@type":"ListItem","position":4,"name":"Judo","item":"https:\/\/www.daisho.be\/de\/categorie-produit\/ausrustung-und-kleidung-fur-kampfkunst-und-kampfsport\/judo-de-2\/"},{"@type":"ListItem","position":5,"name":"Judo-Kimonos","item":"https:\/\/www.daisho.be\/de\/categorie-produit\/ausrustung-und-kleidung-fur-kampfkunst-und-kampfsport\/judo-de-2\/judo-kimonos-de\/"},{"@type":"ListItem","position":6,"name":"JUDOGI DAX TORI GOLD WEISS"}]},{"@type":"WebSite","@id":"https:\/\/www.daisho.be\/de\/#website","url":"https:\/\/www.daisho.be\/de\/","name":"Daisho","description":"Sp&eacute;cialiste de l'&eacute;quipement sportif d'arts martiaux","publisher":{"@id":"https:\/\/www.daisho.be\/de\/#organization"},"potentialAction":[{"@type":"SearchAction","target":{"@type":"EntryPoint","urlTemplate":"https:\/\/www.daisho.be\/de\/?s={search_term_string}"},"query-input":{"@type":"PropertyValueSpecification","valueRequired":true,"valueName":"search_term_string"}}],"inLanguage":"de"},{"@type":"Organization","@id":"https:\/\/www.daisho.be\/de\/#organization","name":"Daisho","url":"https:\/\/www.daisho.be\/de\/","logo":{"@type":"ImageObject","inLanguage":"de","@id":"https:\/\/www.daisho.be\/de\/#\/schema\/logo\/image\/","url":"https:\/\/www.daisho.be\/wp-content\/uploads\/2019\/07\/color-nothing-horizontale4x-e1564486100247.png","contentUrl":"https:\/\/www.daisho.be\/wp-content\/uploads\/2019\/07\/color-nothing-horizontale4x-e1564486100247.png","width":1547,"height":385,"caption":"Daisho"},"image":{"@id":"https:\/\/www.daisho.be\/de\/#\/schema\/logo\/image\/"}}]}},"_links":{"self":[{"href":"https:\/\/www.daisho.be\/de\/wp-json\/wp\/v2\/product\/676162","targetHints":{"allow":["GET"]}}],"collection":[{"href":"https:\/\/www.daisho.be\/de\/wp-json\/wp\/v2\/product"}],"about":[{"href":"https:\/\/www.daisho.be\/de\/wp-json\/wp\/v2\/types\/product"}],"replies":[{"embeddable":true,"href":"https:\/\/www.daisho.be\/de\/wp-json\/wp\/v2\/comments?post=676162"}],"wp:featuredmedia":[{"embeddable":true,"href":"https:\/\/www.daisho.be\/de\/wp-json\/wp\/v2\/media\/676231"}],"wp:attachment":[{"href":"https:\/\/www.daisho.be\/de\/wp-json\/wp\/v2\/media?parent=676162"}],"wp:term":[{"taxonomy":"product_brand","embeddable":true,"href":"https:\/\/www.daisho.be\/de\/wp-json\/wp\/v2\/product_brand?post=676162"},{"taxonomy":"product_cat","embeddable":true,"href":"https:\/\/www.daisho.be\/de\/wp-json\/wp\/v2\/product_cat?post=676162"},{"taxonomy":"product_tag","embeddable":true,"href":"https:\/\/www.daisho.be\/de\/wp-json\/wp\/v2\/product_tag?post=676162"},{"taxonomy":"sport","embeddable":true,"href":"https:\/\/www.daisho.be\/de\/wp-json\/wp\/v2\/sport?post=676162"}],"curies":[{"name":"wp","href":"https:\/\/api.w.org\/{rel}","templated":true}]}}