{"id":674100,"date":"2025-11-17T15:25:15","date_gmt":"2025-11-17T14:25:15","guid":{"rendered":"https:\/\/www.daisho.be\/produit\/twist-bar-halter-silber\/"},"modified":"2026-03-27T16:08:54","modified_gmt":"2026-03-27T15:08:54","slug":"twist-bar-halter-silber","status":"publish","type":"product","link":"https:\/\/www.daisho.be\/de\/produit\/twist-bar-halter-silber\/","title":{"rendered":"Twist Bar-Halter Silber"},"content":{"rendered":"<p>Der Twist ist eine Halterung, mit der eine Holzstange zwischen zwei senkrecht zueinander stehenden Pfosten oder Fl\u00e4chen angebracht werden kann. Er ist so konzipiert, dass die Stange auch auf engem Raum stabil bleibt. Wie alle unsere St\u00e4nder bietet auch der Twist die Qualit\u00e4t und Zuverl\u00e4ssigkeit, die Sie f\u00fcr Ihre Ballett- und Fitness\u00fcbungen ben\u00f6tigen. Er ist aus Stahl gefertigt und in den Farben Silber und Schwarz erh\u00e4ltlich.<br \/>\nEine alternative Wandhalterung.<br \/>\nNormalerweise werden Wandkonsolen so montiert, dass die Holzstangen parallel zur Wand verlaufen. Aber wie kann man dies tun, wenn der Platz begrenzt ist, wenn es Pfosten oder Hindernisse an der Wand gibt? Das Dinamica Ballett-Team hat die Twist-Halterung f\u00fcr Situationen entwickelt, in denen eine traditionelle Wandkonsole nicht verwendet werden kann. Twist ist eine zus\u00e4tzliche L\u00f6sung, um Ihr Tanzstudio oder Ihren Fitnessraum zu perfektionieren.<br \/>\nMinimalistisches Design, um Ihren Platz optimal zu nutzen.<br \/>\nTwist kann zusammen mit Arabesque Wandkonsolen und bodenbefestigten Ballettstangen verwendet werden. Mit einer minimalistischen Montageplatte und einem Gewicht von nur 200 Gramm ist der Twist eine clevere L\u00f6sung f\u00fcr kleine R\u00e4ume mit komplexer Einrichtung. Er ist in Silber und Schwarz erh\u00e4ltlich, so dass Sie ihn an die Farben Ihres Raumes anpassen k\u00f6nnen, wenn Sie auch Arabesque-Wandkonsolen haben.<br \/>\nNutzen Sie jeden Winkel.<br \/>\nDer Twist wird senkrecht an die Wand oder den Pfosten geschraubt, um das Ende des Holzstabes einzuf\u00fchren und zu befestigen. Dieses System erm\u00f6glicht es Ihnen, eine voll funktionsf\u00e4hige Ballettstange zwischen zwei Pfosten oder zwei W\u00e4nden zu haben. Es ist auch ideal, wenn die Ballettstange in einer Ecke des Studios endet; mit dem Twist kann sie bis zur Wand verl\u00e4ngert werden, was ihr zus\u00e4tzliche Stabilit\u00e4t verleiht. Bieten Sie Ihren Sch\u00fclern das Beste und arbeiten Sie komfortabel mit unseren L\u00f6sungen, die das Beste aus Ihrem Raum machen.          <\/p>\n","protected":false},"excerpt":{"rendered":"<p>Der Twist ist eine Halterung, mit der eine Holzstange zwischen zwei senkrecht zueinander stehenden Pfosten oder Fl\u00e4chen angebracht werden kann. Er ist so konzipiert, dass die Stange auch auf engem Raum stabil bleibt. Wie alle unsere St\u00e4nder bietet auch der Twist die Qualit\u00e4t und Zuverl\u00e4ssigkeit, die Sie f\u00fcr Ihre Ballett- und Fitness\u00fcbungen ben\u00f6tigen. Er ist [&hellip;]<\/p>\n","protected":false},"featured_media":622313,"comment_status":"open","ping_status":"closed","template":"","meta":{"inline_featured_image":false},"product_brand":[],"product_cat":[2544],"product_tag":[2349],"sport":[],"class_list":{"0":"post-674100","1":"product","2":"type-product","3":"status-publish","4":"has-post-thumbnail","6":"product_cat-stretching-material","7":"product_tag-dinamica-ballet-de","8":"pa_size-sans-taille-defaut","10":"first","11":"outofstock","12":"taxable","13":"shipping-taxable","14":"purchasable","15":"product-type-simple"},"yoast_head":"<!-- This site is optimized with the Yoast SEO plugin v27.2 - https:\/\/yoast.com\/product\/yoast-seo-wordpress\/ -->\n<title>Twist Bar-Halter Silber &#8211; Daisho<\/title>\n<meta name=\"description\" content=\"Tanzstangenhalter, ideal f\u00fcr enge R\u00e4ume. Stabile, senkrechte Befestigung mit kompaktem Design. Finden Sie ihn auf www.daisho.be | Daisho\" \/>\n<meta name=\"robots\" content=\"index, follow, max-snippet:-1, max-image-preview:large, max-video-preview:-1\" \/>\n<link rel=\"canonical\" href=\"https:\/\/www.daisho.be\/de\/produit\/twist-bar-halter-silber\/\" \/>\n<meta property=\"og:locale\" content=\"de_DE\" \/>\n<meta property=\"og:type\" content=\"article\" \/>\n<meta property=\"og:title\" content=\"Twist Bar-Halter Silber &#8211; Daisho\" \/>\n<meta property=\"og:description\" content=\"Tanzstangenhalter, ideal f\u00fcr enge R\u00e4ume. Stabile, senkrechte Befestigung mit kompaktem Design. Finden Sie ihn auf www.daisho.be | Daisho\" \/>\n<meta property=\"og:url\" content=\"https:\/\/www.daisho.be\/de\/produit\/twist-bar-halter-silber\/\" \/>\n<meta property=\"og:site_name\" content=\"Daisho\" \/>\n<meta property=\"article:modified_time\" content=\"2026-03-27T15:08:54+00:00\" \/>\n<meta property=\"og:image\" content=\"https:\/\/www.daisho.be\/wp-content\/uploads\/2025\/11\/image-90-scaled.jpg\" \/>\n\t<meta property=\"og:image:width\" content=\"2048\" \/>\n\t<meta property=\"og:image:height\" content=\"1339\" \/>\n\t<meta property=\"og:image:type\" content=\"image\/jpeg\" \/>\n<meta name=\"twitter:card\" content=\"summary_large_image\" \/>\n<meta name=\"twitter:label1\" content=\"Gesch\u00e4tzte Lesezeit\" \/>\n\t<meta name=\"twitter:data1\" content=\"2\u00a0Minuten\" \/>\n<script type=\"application\/ld+json\" class=\"yoast-schema-graph\">{\"@context\":\"https:\/\/schema.org\",\"@graph\":[{\"@type\":\"WebPage\",\"@id\":\"https:\/\/www.daisho.be\/de\/produit\/twist-bar-halter-silber\/\",\"url\":\"https:\/\/www.daisho.be\/de\/produit\/twist-bar-halter-silber\/\",\"name\":\"Twist Bar-Halter Silber &#8211; Daisho\",\"isPartOf\":{\"@id\":\"https:\/\/www.daisho.be\/de\/#website\"},\"primaryImageOfPage\":{\"@id\":\"https:\/\/www.daisho.be\/de\/produit\/twist-bar-halter-silber\/#primaryimage\"},\"image\":{\"@id\":\"https:\/\/www.daisho.be\/de\/produit\/twist-bar-halter-silber\/#primaryimage\"},\"thumbnailUrl\":\"https:\/\/www.daisho.be\/wp-content\/uploads\/2025\/11\/image-90-scaled.jpg\",\"datePublished\":\"2025-11-17T14:25:15+00:00\",\"dateModified\":\"2026-03-27T15:08:54+00:00\",\"description\":\"Tanzstangenhalter, ideal f\u00fcr enge R\u00e4ume. Stabile, senkrechte Befestigung mit kompaktem Design. Finden Sie ihn auf www.daisho.be | Daisho\",\"breadcrumb\":{\"@id\":\"https:\/\/www.daisho.be\/de\/produit\/twist-bar-halter-silber\/#breadcrumb\"},\"inLanguage\":\"de\",\"potentialAction\":[{\"@type\":\"ReadAction\",\"target\":[\"https:\/\/www.daisho.be\/de\/produit\/twist-bar-halter-silber\/\"]}]},{\"@type\":\"ImageObject\",\"inLanguage\":\"de\",\"@id\":\"https:\/\/www.daisho.be\/de\/produit\/twist-bar-halter-silber\/#primaryimage\",\"url\":\"https:\/\/www.daisho.be\/wp-content\/uploads\/2025\/11\/image-90-scaled.jpg\",\"contentUrl\":\"https:\/\/www.daisho.be\/wp-content\/uploads\/2025\/11\/image-90-scaled.jpg\",\"width\":2048,\"height\":1339,\"caption\":\"Support de barre Twist Argent-1\"},{\"@type\":\"BreadcrumbList\",\"@id\":\"https:\/\/www.daisho.be\/de\/produit\/twist-bar-halter-silber\/#breadcrumb\",\"itemListElement\":[{\"@type\":\"ListItem\",\"position\":1,\"name\":\"Accueil\",\"item\":\"https:\/\/www.daisho.be\/de\/\"},{\"@type\":\"ListItem\",\"position\":2,\"name\":\"Produkte\",\"item\":\"https:\/\/www.daisho.be\/de\/produkte\/\"},{\"@type\":\"ListItem\",\"position\":3,\"name\":\"Sportlerpflege\",\"item\":\"https:\/\/www.daisho.be\/de\/categorie-produit\/sportlerpflege\/\"},{\"@type\":\"ListItem\",\"position\":4,\"name\":\"Stretching-Material\",\"item\":\"https:\/\/www.daisho.be\/de\/categorie-produit\/sportlerpflege\/stretching-material\/\"},{\"@type\":\"ListItem\",\"position\":5,\"name\":\"Twist Bar-Halter Silber\"}]},{\"@type\":\"WebSite\",\"@id\":\"https:\/\/www.daisho.be\/de\/#website\",\"url\":\"https:\/\/www.daisho.be\/de\/\",\"name\":\"Daisho\",\"description\":\"Sp&eacute;cialiste de l'&eacute;quipement sportif d'arts martiaux\",\"publisher\":{\"@id\":\"https:\/\/www.daisho.be\/de\/#organization\"},\"potentialAction\":[{\"@type\":\"SearchAction\",\"target\":{\"@type\":\"EntryPoint\",\"urlTemplate\":\"https:\/\/www.daisho.be\/de\/?s={search_term_string}\"},\"query-input\":{\"@type\":\"PropertyValueSpecification\",\"valueRequired\":true,\"valueName\":\"search_term_string\"}}],\"inLanguage\":\"de\"},{\"@type\":\"Organization\",\"@id\":\"https:\/\/www.daisho.be\/de\/#organization\",\"name\":\"Daisho\",\"url\":\"https:\/\/www.daisho.be\/de\/\",\"logo\":{\"@type\":\"ImageObject\",\"inLanguage\":\"de\",\"@id\":\"https:\/\/www.daisho.be\/de\/#\/schema\/logo\/image\/\",\"url\":\"https:\/\/www.daisho.be\/wp-content\/uploads\/2019\/07\/color-nothing-horizontale4x-e1564486100247.png\",\"contentUrl\":\"https:\/\/www.daisho.be\/wp-content\/uploads\/2019\/07\/color-nothing-horizontale4x-e1564486100247.png\",\"width\":1547,\"height\":385,\"caption\":\"Daisho\"},\"image\":{\"@id\":\"https:\/\/www.daisho.be\/de\/#\/schema\/logo\/image\/\"}}]}<\/script>\n<!-- \/ Yoast SEO plugin. -->","yoast_head_json":{"title":"Twist Bar-Halter Silber &#8211; Daisho","description":"Tanzstangenhalter, ideal f\u00fcr enge R\u00e4ume. Stabile, senkrechte Befestigung mit kompaktem Design. Finden Sie ihn auf www.daisho.be | Daisho","robots":{"index":"index","follow":"follow","max-snippet":"max-snippet:-1","max-image-preview":"max-image-preview:large","max-video-preview":"max-video-preview:-1"},"canonical":"https:\/\/www.daisho.be\/de\/produit\/twist-bar-halter-silber\/","og_locale":"de_DE","og_type":"article","og_title":"Twist Bar-Halter Silber &#8211; Daisho","og_description":"Tanzstangenhalter, ideal f\u00fcr enge R\u00e4ume. Stabile, senkrechte Befestigung mit kompaktem Design. Finden Sie ihn auf www.daisho.be | Daisho","og_url":"https:\/\/www.daisho.be\/de\/produit\/twist-bar-halter-silber\/","og_site_name":"Daisho","article_modified_time":"2026-03-27T15:08:54+00:00","og_image":[{"width":2048,"height":1339,"url":"https:\/\/www.daisho.be\/wp-content\/uploads\/2025\/11\/image-90-scaled.jpg","type":"image\/jpeg"}],"twitter_card":"summary_large_image","twitter_misc":{"Gesch\u00e4tzte Lesezeit":"2\u00a0Minuten"},"schema":{"@context":"https:\/\/schema.org","@graph":[{"@type":"WebPage","@id":"https:\/\/www.daisho.be\/de\/produit\/twist-bar-halter-silber\/","url":"https:\/\/www.daisho.be\/de\/produit\/twist-bar-halter-silber\/","name":"Twist Bar-Halter Silber &#8211; Daisho","isPartOf":{"@id":"https:\/\/www.daisho.be\/de\/#website"},"primaryImageOfPage":{"@id":"https:\/\/www.daisho.be\/de\/produit\/twist-bar-halter-silber\/#primaryimage"},"image":{"@id":"https:\/\/www.daisho.be\/de\/produit\/twist-bar-halter-silber\/#primaryimage"},"thumbnailUrl":"https:\/\/www.daisho.be\/wp-content\/uploads\/2025\/11\/image-90-scaled.jpg","datePublished":"2025-11-17T14:25:15+00:00","dateModified":"2026-03-27T15:08:54+00:00","description":"Tanzstangenhalter, ideal f\u00fcr enge R\u00e4ume. Stabile, senkrechte Befestigung mit kompaktem Design. Finden Sie ihn auf www.daisho.be | Daisho","breadcrumb":{"@id":"https:\/\/www.daisho.be\/de\/produit\/twist-bar-halter-silber\/#breadcrumb"},"inLanguage":"de","potentialAction":[{"@type":"ReadAction","target":["https:\/\/www.daisho.be\/de\/produit\/twist-bar-halter-silber\/"]}]},{"@type":"ImageObject","inLanguage":"de","@id":"https:\/\/www.daisho.be\/de\/produit\/twist-bar-halter-silber\/#primaryimage","url":"https:\/\/www.daisho.be\/wp-content\/uploads\/2025\/11\/image-90-scaled.jpg","contentUrl":"https:\/\/www.daisho.be\/wp-content\/uploads\/2025\/11\/image-90-scaled.jpg","width":2048,"height":1339,"caption":"Support de barre Twist Argent-1"},{"@type":"BreadcrumbList","@id":"https:\/\/www.daisho.be\/de\/produit\/twist-bar-halter-silber\/#breadcrumb","itemListElement":[{"@type":"ListItem","position":1,"name":"Accueil","item":"https:\/\/www.daisho.be\/de\/"},{"@type":"ListItem","position":2,"name":"Produkte","item":"https:\/\/www.daisho.be\/de\/produkte\/"},{"@type":"ListItem","position":3,"name":"Sportlerpflege","item":"https:\/\/www.daisho.be\/de\/categorie-produit\/sportlerpflege\/"},{"@type":"ListItem","position":4,"name":"Stretching-Material","item":"https:\/\/www.daisho.be\/de\/categorie-produit\/sportlerpflege\/stretching-material\/"},{"@type":"ListItem","position":5,"name":"Twist Bar-Halter Silber"}]},{"@type":"WebSite","@id":"https:\/\/www.daisho.be\/de\/#website","url":"https:\/\/www.daisho.be\/de\/","name":"Daisho","description":"Sp&eacute;cialiste de l'&eacute;quipement sportif d'arts martiaux","publisher":{"@id":"https:\/\/www.daisho.be\/de\/#organization"},"potentialAction":[{"@type":"SearchAction","target":{"@type":"EntryPoint","urlTemplate":"https:\/\/www.daisho.be\/de\/?s={search_term_string}"},"query-input":{"@type":"PropertyValueSpecification","valueRequired":true,"valueName":"search_term_string"}}],"inLanguage":"de"},{"@type":"Organization","@id":"https:\/\/www.daisho.be\/de\/#organization","name":"Daisho","url":"https:\/\/www.daisho.be\/de\/","logo":{"@type":"ImageObject","inLanguage":"de","@id":"https:\/\/www.daisho.be\/de\/#\/schema\/logo\/image\/","url":"https:\/\/www.daisho.be\/wp-content\/uploads\/2019\/07\/color-nothing-horizontale4x-e1564486100247.png","contentUrl":"https:\/\/www.daisho.be\/wp-content\/uploads\/2019\/07\/color-nothing-horizontale4x-e1564486100247.png","width":1547,"height":385,"caption":"Daisho"},"image":{"@id":"https:\/\/www.daisho.be\/de\/#\/schema\/logo\/image\/"}}]}},"_links":{"self":[{"href":"https:\/\/www.daisho.be\/de\/wp-json\/wp\/v2\/product\/674100","targetHints":{"allow":["GET"]}}],"collection":[{"href":"https:\/\/www.daisho.be\/de\/wp-json\/wp\/v2\/product"}],"about":[{"href":"https:\/\/www.daisho.be\/de\/wp-json\/wp\/v2\/types\/product"}],"replies":[{"embeddable":true,"href":"https:\/\/www.daisho.be\/de\/wp-json\/wp\/v2\/comments?post=674100"}],"wp:featuredmedia":[{"embeddable":true,"href":"https:\/\/www.daisho.be\/de\/wp-json\/wp\/v2\/media\/622313"}],"wp:attachment":[{"href":"https:\/\/www.daisho.be\/de\/wp-json\/wp\/v2\/media?parent=674100"}],"wp:term":[{"taxonomy":"product_brand","embeddable":true,"href":"https:\/\/www.daisho.be\/de\/wp-json\/wp\/v2\/product_brand?post=674100"},{"taxonomy":"product_cat","embeddable":true,"href":"https:\/\/www.daisho.be\/de\/wp-json\/wp\/v2\/product_cat?post=674100"},{"taxonomy":"product_tag","embeddable":true,"href":"https:\/\/www.daisho.be\/de\/wp-json\/wp\/v2\/product_tag?post=674100"},{"taxonomy":"sport","embeddable":true,"href":"https:\/\/www.daisho.be\/de\/wp-json\/wp\/v2\/sport?post=674100"}],"curies":[{"name":"wp","href":"https:\/\/api.w.org\/{rel}","templated":true}]}}