{"id":674056,"date":"2026-03-27T13:19:37","date_gmt":"2026-03-27T12:19:37","guid":{"rendered":"https:\/\/www.daisho.be\/produit\/teppichverbindungsband-auf-rolle-zebrahome-schwarz\/"},"modified":"2026-03-27T13:19:37","modified_gmt":"2026-03-27T12:19:37","slug":"teppichverbindungsband-auf-rolle-zebrahome-schwarz","status":"publish","type":"product","link":"https:\/\/www.daisho.be\/de\/produit\/teppichverbindungsband-auf-rolle-zebrahome-schwarz\/","title":{"rendered":"Teppichverbindungsband Auf Rolle ZEBRA\u00aeHome, schwarz"},"content":{"rendered":"<p>Optimieren Sie Ihren Trainingsbereich mit unserem hochwertigen schwarzen Teppichverbindungsband!<br \/>\nDieses extrabreite Band ist die ideale L\u00f6sung, um die Matten fest miteinander zu verbinden und garantiert maximale Stabilit\u00e4t w\u00e4hrend des Trainings.<\/p>\n<p>Abmessungen:<br \/>\n&#8211; L\u00e4nge: 32,9 m<br \/>\n&#8211; Breite: 7,6 cm<\/p>\n<p>Farbe: Schwarz<\/p>\n<p>Eigenschaften:<br \/>\nSehr breit: Dank seiner gro\u00dfz\u00fcgigen Breite sorgt dieses Band f\u00fcr eine zuverl\u00e4ssige Befestigung zwischen den Matten und minimiert die Gefahr des Verrutschens oder der Bildung von Spalten. So k\u00f6nnen Sie sich voll und ganz auf Ihr Training konzentrieren.<br \/>\nR\u00fcckstandsfrei: Das Band l\u00e4sst sich nach Gebrauch leicht entfernen, ohne R\u00fcckst\u00e4nde zu hinterlassen. Dies macht es zu einer praktischen L\u00f6sung f\u00fcr tempor\u00e4re Trainingseinrichtungen oder bei \u00c4nderungen der Trainingsumgebung.<br \/>\nDunkle Optik: Das schwarze Design sorgt daf\u00fcr, dass die \u00c4sthetik Ihrer Matten nicht beeintr\u00e4chtigt wird. Das Band f\u00fcgt sich harmonisch in jede Umgebung ein und bleibt unauff\u00e4llig, w\u00e4hrend es gleichzeitig eine sichere Befestigung gew\u00e4hrleistet.<br \/>\nVielseitig: Ideal f\u00fcr Sportarten wie Taekwondo, Judo oder andere Kampfsportarten, aber auch f\u00fcr Fitness- und Gymnastikmatten. Dieses Band ist ein unverzichtbares Zubeh\u00f6r f\u00fcr jedes Trainingszentrum.<br \/>\nBeeindruckende Griffigkeit : Das Band bietet eine starke Haftung, die auch bei intensiven \u00dcbungen und Bewegungen zuverl\u00e4ssig bleibt. So k\u00f6nnen Sie sicher sein, dass Ihre Matten jederzeit stabil und sicher befestigt sind.     <\/p>\n<p>Interessant f\u00fcr : Judo, MMA, Fitness, Aikido, Yoga, Karate, BJJ.<\/p>\n","protected":false},"excerpt":{"rendered":"<p>Optimieren Sie Ihren Trainingsbereich mit unserem hochwertigen schwarzen Teppichverbindungsband! Dieses extrabreite Band ist die ideale L\u00f6sung, um die Matten fest miteinander zu verbinden und garantiert maximale Stabilit\u00e4t w\u00e4hrend des Trainings. Abmessungen: &#8211; L\u00e4nge: 32,9 m &#8211; Breite: 7,6 cm Farbe: Schwarz Eigenschaften: Sehr breit: Dank seiner gro\u00dfz\u00fcgigen Breite sorgt dieses Band f\u00fcr eine zuverl\u00e4ssige Befestigung [&hellip;]<\/p>\n","protected":false},"featured_media":674050,"comment_status":"open","ping_status":"closed","template":"","meta":{"inline_featured_image":false},"product_brand":[],"product_cat":[2189,2138,2137,2016],"product_tag":[2319],"sport":[],"class_list":{"0":"post-674056","1":"product","2":"type-product","3":"status-publish","4":"has-post-thumbnail","6":"product_cat-judo-tatamis","7":"product_cat-mma-tatamis-de","8":"product_cat-tatamis-fur-jiu-jitsu","9":"product_cat-tatamis-fur-judo-karate-und-taekwondo-kampfkunste","10":"product_tag-zebra-de","12":"first","13":"instock","14":"taxable","15":"shipping-taxable","16":"purchasable","17":"product-type-simple"},"yoast_head":"<!-- This site is optimized with the Yoast SEO plugin v27.2 - https:\/\/yoast.com\/product\/yoast-seo-wordpress\/ -->\n<title>Teppichverbindungsband Auf Rolle ZEBRA\u00aeHome, schwarz &#8211; Daisho<\/title>\n<meta name=\"robots\" content=\"index, follow, max-snippet:-1, max-image-preview:large, max-video-preview:-1\" \/>\n<link rel=\"canonical\" href=\"https:\/\/www.daisho.be\/de\/produit\/teppichverbindungsband-auf-rolle-zebrahome-schwarz\/\" \/>\n<meta property=\"og:locale\" content=\"de_DE\" \/>\n<meta property=\"og:type\" content=\"article\" \/>\n<meta property=\"og:title\" content=\"Teppichverbindungsband Auf Rolle ZEBRA\u00aeHome, schwarz &#8211; Daisho\" \/>\n<meta property=\"og:description\" content=\"Optimieren Sie Ihren Trainingsbereich mit unserem hochwertigen schwarzen Teppichverbindungsband! Dieses extrabreite Band ist die ideale L\u00f6sung, um die Matten fest miteinander zu verbinden und garantiert maximale Stabilit\u00e4t w\u00e4hrend des Trainings. Abmessungen: &#8211; L\u00e4nge: 32,9 m &#8211; Breite: 7,6 cm Farbe: Schwarz Eigenschaften: Sehr breit: Dank seiner gro\u00dfz\u00fcgigen Breite sorgt dieses Band f\u00fcr eine zuverl\u00e4ssige Befestigung [&hellip;]\" \/>\n<meta property=\"og:url\" content=\"https:\/\/www.daisho.be\/de\/produit\/teppichverbindungsband-auf-rolle-zebrahome-schwarz\/\" \/>\n<meta property=\"og:site_name\" content=\"Daisho\" \/>\n<meta property=\"og:image\" content=\"https:\/\/www.daisho.be\/wp-content\/uploads\/2026\/03\/image-60.jpg\" \/>\n\t<meta property=\"og:image:width\" content=\"800\" \/>\n\t<meta property=\"og:image:height\" content=\"1280\" \/>\n\t<meta property=\"og:image:type\" content=\"image\/jpeg\" \/>\n<meta name=\"twitter:card\" content=\"summary_large_image\" \/>\n<meta name=\"twitter:label1\" content=\"Gesch\u00e4tzte Lesezeit\" \/>\n\t<meta name=\"twitter:data1\" content=\"1\u00a0Minute\" \/>\n<script type=\"application\/ld+json\" class=\"yoast-schema-graph\">{\"@context\":\"https:\/\/schema.org\",\"@graph\":[{\"@type\":\"WebPage\",\"@id\":\"https:\/\/www.daisho.be\/de\/produit\/teppichverbindungsband-auf-rolle-zebrahome-schwarz\/\",\"url\":\"https:\/\/www.daisho.be\/de\/produit\/teppichverbindungsband-auf-rolle-zebrahome-schwarz\/\",\"name\":\"Teppichverbindungsband Auf Rolle ZEBRA\u00aeHome, schwarz &#8211; Daisho\",\"isPartOf\":{\"@id\":\"https:\/\/www.daisho.be\/de\/#website\"},\"primaryImageOfPage\":{\"@id\":\"https:\/\/www.daisho.be\/de\/produit\/teppichverbindungsband-auf-rolle-zebrahome-schwarz\/#primaryimage\"},\"image\":{\"@id\":\"https:\/\/www.daisho.be\/de\/produit\/teppichverbindungsband-auf-rolle-zebrahome-schwarz\/#primaryimage\"},\"thumbnailUrl\":\"https:\/\/www.daisho.be\/wp-content\/uploads\/2026\/03\/image-60.jpg\",\"datePublished\":\"2026-03-27T12:19:37+00:00\",\"breadcrumb\":{\"@id\":\"https:\/\/www.daisho.be\/de\/produit\/teppichverbindungsband-auf-rolle-zebrahome-schwarz\/#breadcrumb\"},\"inLanguage\":\"de\",\"potentialAction\":[{\"@type\":\"ReadAction\",\"target\":[\"https:\/\/www.daisho.be\/de\/produit\/teppichverbindungsband-auf-rolle-zebrahome-schwarz\/\"]}]},{\"@type\":\"ImageObject\",\"inLanguage\":\"de\",\"@id\":\"https:\/\/www.daisho.be\/de\/produit\/teppichverbindungsband-auf-rolle-zebrahome-schwarz\/#primaryimage\",\"url\":\"https:\/\/www.daisho.be\/wp-content\/uploads\/2026\/03\/image-60.jpg\",\"contentUrl\":\"https:\/\/www.daisho.be\/wp-content\/uploads\/2026\/03\/image-60.jpg\",\"width\":800,\"height\":1280,\"caption\":\"Ruban de raccordement pour tapis En rouleau ZEBRA\u00aeHome, noir-1\"},{\"@type\":\"BreadcrumbList\",\"@id\":\"https:\/\/www.daisho.be\/de\/produit\/teppichverbindungsband-auf-rolle-zebrahome-schwarz\/#breadcrumb\",\"itemListElement\":[{\"@type\":\"ListItem\",\"position\":1,\"name\":\"Accueil\",\"item\":\"https:\/\/www.daisho.be\/de\/\"},{\"@type\":\"ListItem\",\"position\":2,\"name\":\"Produkte\",\"item\":\"https:\/\/www.daisho.be\/de\/produkte\/\"},{\"@type\":\"ListItem\",\"position\":3,\"name\":\"Ausr\u00fcstung und Kleidung f\u00fcr Kampfkunst und Kampfsport\",\"item\":\"https:\/\/www.daisho.be\/de\/categorie-produit\/ausrustung-und-kleidung-fur-kampfkunst-und-kampfsport\/\"},{\"@type\":\"ListItem\",\"position\":4,\"name\":\"Judo\",\"item\":\"https:\/\/www.daisho.be\/de\/categorie-produit\/ausrustung-und-kleidung-fur-kampfkunst-und-kampfsport\/judo-de-2\/\"},{\"@type\":\"ListItem\",\"position\":5,\"name\":\"Judo Tatamis\",\"item\":\"https:\/\/www.daisho.be\/de\/categorie-produit\/ausrustung-und-kleidung-fur-kampfkunst-und-kampfsport\/judo-de-2\/judo-tatamis\/\"},{\"@type\":\"ListItem\",\"position\":6,\"name\":\"Teppichverbindungsband Auf Rolle ZEBRA\u00aeHome, schwarz\"}]},{\"@type\":\"WebSite\",\"@id\":\"https:\/\/www.daisho.be\/de\/#website\",\"url\":\"https:\/\/www.daisho.be\/de\/\",\"name\":\"Daisho\",\"description\":\"Sp&eacute;cialiste de l'&eacute;quipement sportif d'arts martiaux\",\"publisher\":{\"@id\":\"https:\/\/www.daisho.be\/de\/#organization\"},\"potentialAction\":[{\"@type\":\"SearchAction\",\"target\":{\"@type\":\"EntryPoint\",\"urlTemplate\":\"https:\/\/www.daisho.be\/de\/?s={search_term_string}\"},\"query-input\":{\"@type\":\"PropertyValueSpecification\",\"valueRequired\":true,\"valueName\":\"search_term_string\"}}],\"inLanguage\":\"de\"},{\"@type\":\"Organization\",\"@id\":\"https:\/\/www.daisho.be\/de\/#organization\",\"name\":\"Daisho\",\"url\":\"https:\/\/www.daisho.be\/de\/\",\"logo\":{\"@type\":\"ImageObject\",\"inLanguage\":\"de\",\"@id\":\"https:\/\/www.daisho.be\/de\/#\/schema\/logo\/image\/\",\"url\":\"https:\/\/www.daisho.be\/wp-content\/uploads\/2019\/07\/color-nothing-horizontale4x-e1564486100247.png\",\"contentUrl\":\"https:\/\/www.daisho.be\/wp-content\/uploads\/2019\/07\/color-nothing-horizontale4x-e1564486100247.png\",\"width\":1547,\"height\":385,\"caption\":\"Daisho\"},\"image\":{\"@id\":\"https:\/\/www.daisho.be\/de\/#\/schema\/logo\/image\/\"}}]}<\/script>\n<!-- \/ Yoast SEO plugin. -->","yoast_head_json":{"title":"Teppichverbindungsband Auf Rolle ZEBRA\u00aeHome, schwarz &#8211; Daisho","robots":{"index":"index","follow":"follow","max-snippet":"max-snippet:-1","max-image-preview":"max-image-preview:large","max-video-preview":"max-video-preview:-1"},"canonical":"https:\/\/www.daisho.be\/de\/produit\/teppichverbindungsband-auf-rolle-zebrahome-schwarz\/","og_locale":"de_DE","og_type":"article","og_title":"Teppichverbindungsband Auf Rolle ZEBRA\u00aeHome, schwarz &#8211; Daisho","og_description":"Optimieren Sie Ihren Trainingsbereich mit unserem hochwertigen schwarzen Teppichverbindungsband! Dieses extrabreite Band ist die ideale L\u00f6sung, um die Matten fest miteinander zu verbinden und garantiert maximale Stabilit\u00e4t w\u00e4hrend des Trainings. Abmessungen: &#8211; L\u00e4nge: 32,9 m &#8211; Breite: 7,6 cm Farbe: Schwarz Eigenschaften: Sehr breit: Dank seiner gro\u00dfz\u00fcgigen Breite sorgt dieses Band f\u00fcr eine zuverl\u00e4ssige Befestigung [&hellip;]","og_url":"https:\/\/www.daisho.be\/de\/produit\/teppichverbindungsband-auf-rolle-zebrahome-schwarz\/","og_site_name":"Daisho","og_image":[{"width":800,"height":1280,"url":"https:\/\/www.daisho.be\/wp-content\/uploads\/2026\/03\/image-60.jpg","type":"image\/jpeg"}],"twitter_card":"summary_large_image","twitter_misc":{"Gesch\u00e4tzte Lesezeit":"1\u00a0Minute"},"schema":{"@context":"https:\/\/schema.org","@graph":[{"@type":"WebPage","@id":"https:\/\/www.daisho.be\/de\/produit\/teppichverbindungsband-auf-rolle-zebrahome-schwarz\/","url":"https:\/\/www.daisho.be\/de\/produit\/teppichverbindungsband-auf-rolle-zebrahome-schwarz\/","name":"Teppichverbindungsband Auf Rolle ZEBRA\u00aeHome, schwarz &#8211; Daisho","isPartOf":{"@id":"https:\/\/www.daisho.be\/de\/#website"},"primaryImageOfPage":{"@id":"https:\/\/www.daisho.be\/de\/produit\/teppichverbindungsband-auf-rolle-zebrahome-schwarz\/#primaryimage"},"image":{"@id":"https:\/\/www.daisho.be\/de\/produit\/teppichverbindungsband-auf-rolle-zebrahome-schwarz\/#primaryimage"},"thumbnailUrl":"https:\/\/www.daisho.be\/wp-content\/uploads\/2026\/03\/image-60.jpg","datePublished":"2026-03-27T12:19:37+00:00","breadcrumb":{"@id":"https:\/\/www.daisho.be\/de\/produit\/teppichverbindungsband-auf-rolle-zebrahome-schwarz\/#breadcrumb"},"inLanguage":"de","potentialAction":[{"@type":"ReadAction","target":["https:\/\/www.daisho.be\/de\/produit\/teppichverbindungsband-auf-rolle-zebrahome-schwarz\/"]}]},{"@type":"ImageObject","inLanguage":"de","@id":"https:\/\/www.daisho.be\/de\/produit\/teppichverbindungsband-auf-rolle-zebrahome-schwarz\/#primaryimage","url":"https:\/\/www.daisho.be\/wp-content\/uploads\/2026\/03\/image-60.jpg","contentUrl":"https:\/\/www.daisho.be\/wp-content\/uploads\/2026\/03\/image-60.jpg","width":800,"height":1280,"caption":"Ruban de raccordement pour tapis En rouleau ZEBRA\u00aeHome, noir-1"},{"@type":"BreadcrumbList","@id":"https:\/\/www.daisho.be\/de\/produit\/teppichverbindungsband-auf-rolle-zebrahome-schwarz\/#breadcrumb","itemListElement":[{"@type":"ListItem","position":1,"name":"Accueil","item":"https:\/\/www.daisho.be\/de\/"},{"@type":"ListItem","position":2,"name":"Produkte","item":"https:\/\/www.daisho.be\/de\/produkte\/"},{"@type":"ListItem","position":3,"name":"Ausr\u00fcstung und Kleidung f\u00fcr Kampfkunst und Kampfsport","item":"https:\/\/www.daisho.be\/de\/categorie-produit\/ausrustung-und-kleidung-fur-kampfkunst-und-kampfsport\/"},{"@type":"ListItem","position":4,"name":"Judo","item":"https:\/\/www.daisho.be\/de\/categorie-produit\/ausrustung-und-kleidung-fur-kampfkunst-und-kampfsport\/judo-de-2\/"},{"@type":"ListItem","position":5,"name":"Judo Tatamis","item":"https:\/\/www.daisho.be\/de\/categorie-produit\/ausrustung-und-kleidung-fur-kampfkunst-und-kampfsport\/judo-de-2\/judo-tatamis\/"},{"@type":"ListItem","position":6,"name":"Teppichverbindungsband Auf Rolle ZEBRA\u00aeHome, schwarz"}]},{"@type":"WebSite","@id":"https:\/\/www.daisho.be\/de\/#website","url":"https:\/\/www.daisho.be\/de\/","name":"Daisho","description":"Sp&eacute;cialiste de l'&eacute;quipement sportif d'arts martiaux","publisher":{"@id":"https:\/\/www.daisho.be\/de\/#organization"},"potentialAction":[{"@type":"SearchAction","target":{"@type":"EntryPoint","urlTemplate":"https:\/\/www.daisho.be\/de\/?s={search_term_string}"},"query-input":{"@type":"PropertyValueSpecification","valueRequired":true,"valueName":"search_term_string"}}],"inLanguage":"de"},{"@type":"Organization","@id":"https:\/\/www.daisho.be\/de\/#organization","name":"Daisho","url":"https:\/\/www.daisho.be\/de\/","logo":{"@type":"ImageObject","inLanguage":"de","@id":"https:\/\/www.daisho.be\/de\/#\/schema\/logo\/image\/","url":"https:\/\/www.daisho.be\/wp-content\/uploads\/2019\/07\/color-nothing-horizontale4x-e1564486100247.png","contentUrl":"https:\/\/www.daisho.be\/wp-content\/uploads\/2019\/07\/color-nothing-horizontale4x-e1564486100247.png","width":1547,"height":385,"caption":"Daisho"},"image":{"@id":"https:\/\/www.daisho.be\/de\/#\/schema\/logo\/image\/"}}]}},"_links":{"self":[{"href":"https:\/\/www.daisho.be\/de\/wp-json\/wp\/v2\/product\/674056","targetHints":{"allow":["GET"]}}],"collection":[{"href":"https:\/\/www.daisho.be\/de\/wp-json\/wp\/v2\/product"}],"about":[{"href":"https:\/\/www.daisho.be\/de\/wp-json\/wp\/v2\/types\/product"}],"replies":[{"embeddable":true,"href":"https:\/\/www.daisho.be\/de\/wp-json\/wp\/v2\/comments?post=674056"}],"wp:featuredmedia":[{"embeddable":true,"href":"https:\/\/www.daisho.be\/de\/wp-json\/wp\/v2\/media\/674050"}],"wp:attachment":[{"href":"https:\/\/www.daisho.be\/de\/wp-json\/wp\/v2\/media?parent=674056"}],"wp:term":[{"taxonomy":"product_brand","embeddable":true,"href":"https:\/\/www.daisho.be\/de\/wp-json\/wp\/v2\/product_brand?post=674056"},{"taxonomy":"product_cat","embeddable":true,"href":"https:\/\/www.daisho.be\/de\/wp-json\/wp\/v2\/product_cat?post=674056"},{"taxonomy":"product_tag","embeddable":true,"href":"https:\/\/www.daisho.be\/de\/wp-json\/wp\/v2\/product_tag?post=674056"},{"taxonomy":"sport","embeddable":true,"href":"https:\/\/www.daisho.be\/de\/wp-json\/wp\/v2\/sport?post=674056"}],"curies":[{"name":"wp","href":"https:\/\/api.w.org\/{rel}","templated":true}]}}