{"id":674036,"date":"2026-03-27T12:37:37","date_gmt":"2026-03-27T11:37:37","guid":{"rendered":"https:\/\/www.daisho.be\/produit\/zebrahome-tatamirollen\/"},"modified":"2026-03-27T12:38:27","modified_gmt":"2026-03-27T11:38:27","slug":"zebrahome-tatamirollen","status":"publish","type":"product","link":"https:\/\/www.daisho.be\/de\/produit\/zebrahome-tatamirollen\/","title":{"rendered":"ZEBRA\u00aeHome Tatamirollen"},"content":{"rendered":"<p>Ob Sie MMA, JJB, Judo, Karate, Gymnastik oder Yoga trainieren, mit der ZEBRA Home Bodenmatte k\u00f6nnen Sie sich Ihr Fitnessstudio nach Hause holen.<br \/>\nDie ZEBRA Home Fu\u00dfmatte wiegt nur ca. 11 kg und ist sehr einfach zu installieren. Sie m\u00fcssen ihn nur ausrollen und schon kann es losgehen.<br \/>\nNach dem Aufrollen kann der Teppich mit dem mitgelieferten Gurt mit Clipverschluss leicht verstaut werden.<br \/>\nDie Dicke des Schaumstoffs von ca. 32 mm bietet eine ideale D\u00e4mpfung auch auf harten B\u00f6den.<br \/>\nDie Tatami-\u00e4hnliche Vinyl-Oberfl\u00e4che mit einem Reisstroh-Waffelmuster sorgt f\u00fcr perfekten Halt, auch bei allen Barfu\u00df-Aktivit\u00e4ten.<br \/>\nEin ausgerollter Teppich bietet eine Trainingsfl\u00e4che von ca. 1,5 x 3 m (4,5 m\u00b2).<br \/>\nF\u00fcr einen Trainingsbereich zu Hause mit einem Partner empfehlen wir 2 ZEBRA Home Roll Out Matten mit einer Gesamtfl\u00e4che von ca. 3 x 3 m (9 m\u00b2).<br \/>\nEin spezielles ZEBRA-Klebeband h\u00e4lt die Teppiche zusammen und kann r\u00fcckstandslos entfernt werden.<br \/>\nFarbe: schwarz\/grau<br \/>\nAbmessungen: 300 x 150 x 3,2 cm.<\/p>\n<p>Interessant f\u00fcr : Judo, MMA, Fitness, Aikido, Yoga, Karate, BJJ.<\/p>\n","protected":false},"excerpt":{"rendered":"<p>Ob Sie MMA, JJB, Judo, Karate, Gymnastik oder Yoga trainieren, mit der ZEBRA Home Bodenmatte k\u00f6nnen Sie sich Ihr Fitnessstudio nach Hause holen. Die ZEBRA Home Fu\u00dfmatte wiegt nur ca. 11 kg und ist sehr einfach zu installieren. Sie m\u00fcssen ihn nur ausrollen und schon kann es losgehen. Nach dem Aufrollen kann der Teppich mit [&hellip;]<\/p>\n","protected":false},"featured_media":674026,"comment_status":"open","ping_status":"closed","template":"","meta":{"inline_featured_image":false},"product_brand":[],"product_cat":[2189,2138,2137,2016],"product_tag":[2319],"sport":[],"class_list":{"0":"post-674036","1":"product","2":"type-product","3":"status-publish","4":"has-post-thumbnail","6":"product_cat-judo-tatamis","7":"product_cat-mma-tatamis-de","8":"product_cat-tatamis-fur-jiu-jitsu","9":"product_cat-tatamis-fur-judo-karate-und-taekwondo-kampfkunste","10":"product_tag-zebra-de","12":"first","13":"instock","14":"taxable","15":"shipping-taxable","16":"purchasable","17":"product-type-simple"},"yoast_head":"<!-- This site is optimized with the Yoast SEO plugin v27.2 - https:\/\/yoast.com\/product\/yoast-seo-wordpress\/ -->\n<title>ZEBRA\u00aeHome Tatamirollen &#8211; Daisho<\/title>\n<meta name=\"robots\" content=\"index, follow, max-snippet:-1, max-image-preview:large, max-video-preview:-1\" \/>\n<link rel=\"canonical\" href=\"https:\/\/www.daisho.be\/de\/produit\/zebrahome-tatamirollen\/\" \/>\n<meta property=\"og:locale\" content=\"de_DE\" \/>\n<meta property=\"og:type\" content=\"article\" \/>\n<meta property=\"og:title\" content=\"ZEBRA\u00aeHome Tatamirollen &#8211; Daisho\" \/>\n<meta property=\"og:description\" content=\"Ob Sie MMA, JJB, Judo, Karate, Gymnastik oder Yoga trainieren, mit der ZEBRA Home Bodenmatte k\u00f6nnen Sie sich Ihr Fitnessstudio nach Hause holen. Die ZEBRA Home Fu\u00dfmatte wiegt nur ca. 11 kg und ist sehr einfach zu installieren. Sie m\u00fcssen ihn nur ausrollen und schon kann es losgehen. Nach dem Aufrollen kann der Teppich mit [&hellip;]\" \/>\n<meta property=\"og:url\" content=\"https:\/\/www.daisho.be\/de\/produit\/zebrahome-tatamirollen\/\" \/>\n<meta property=\"og:site_name\" content=\"Daisho\" \/>\n<meta property=\"article:modified_time\" content=\"2026-03-27T11:38:27+00:00\" \/>\n<meta property=\"og:image\" content=\"https:\/\/www.daisho.be\/wp-content\/uploads\/2026\/03\/image-56.jpg\" \/>\n\t<meta property=\"og:image:width\" content=\"800\" \/>\n\t<meta property=\"og:image:height\" content=\"1280\" \/>\n\t<meta property=\"og:image:type\" content=\"image\/jpeg\" \/>\n<meta name=\"twitter:card\" content=\"summary_large_image\" \/>\n<meta name=\"twitter:label1\" content=\"Gesch\u00e4tzte Lesezeit\" \/>\n\t<meta name=\"twitter:data1\" content=\"1\u00a0Minute\" \/>\n<script type=\"application\/ld+json\" class=\"yoast-schema-graph\">{\"@context\":\"https:\/\/schema.org\",\"@graph\":[{\"@type\":\"WebPage\",\"@id\":\"https:\/\/www.daisho.be\/de\/produit\/zebrahome-tatamirollen\/\",\"url\":\"https:\/\/www.daisho.be\/de\/produit\/zebrahome-tatamirollen\/\",\"name\":\"ZEBRA\u00aeHome Tatamirollen &#8211; Daisho\",\"isPartOf\":{\"@id\":\"https:\/\/www.daisho.be\/de\/#website\"},\"primaryImageOfPage\":{\"@id\":\"https:\/\/www.daisho.be\/de\/produit\/zebrahome-tatamirollen\/#primaryimage\"},\"image\":{\"@id\":\"https:\/\/www.daisho.be\/de\/produit\/zebrahome-tatamirollen\/#primaryimage\"},\"thumbnailUrl\":\"https:\/\/www.daisho.be\/wp-content\/uploads\/2026\/03\/image-56.jpg\",\"datePublished\":\"2026-03-27T11:37:37+00:00\",\"dateModified\":\"2026-03-27T11:38:27+00:00\",\"breadcrumb\":{\"@id\":\"https:\/\/www.daisho.be\/de\/produit\/zebrahome-tatamirollen\/#breadcrumb\"},\"inLanguage\":\"de\",\"potentialAction\":[{\"@type\":\"ReadAction\",\"target\":[\"https:\/\/www.daisho.be\/de\/produit\/zebrahome-tatamirollen\/\"]}]},{\"@type\":\"ImageObject\",\"inLanguage\":\"de\",\"@id\":\"https:\/\/www.daisho.be\/de\/produit\/zebrahome-tatamirollen\/#primaryimage\",\"url\":\"https:\/\/www.daisho.be\/wp-content\/uploads\/2026\/03\/image-56.jpg\",\"contentUrl\":\"https:\/\/www.daisho.be\/wp-content\/uploads\/2026\/03\/image-56.jpg\",\"width\":800,\"height\":1280,\"caption\":\"Tatamis en rouleau ZEBRA\u00aeHome-1\"},{\"@type\":\"BreadcrumbList\",\"@id\":\"https:\/\/www.daisho.be\/de\/produit\/zebrahome-tatamirollen\/#breadcrumb\",\"itemListElement\":[{\"@type\":\"ListItem\",\"position\":1,\"name\":\"Accueil\",\"item\":\"https:\/\/www.daisho.be\/de\/\"},{\"@type\":\"ListItem\",\"position\":2,\"name\":\"Produkte\",\"item\":\"https:\/\/www.daisho.be\/de\/produkte\/\"},{\"@type\":\"ListItem\",\"position\":3,\"name\":\"Ausr\u00fcstung und Kleidung f\u00fcr Kampfkunst und Kampfsport\",\"item\":\"https:\/\/www.daisho.be\/de\/categorie-produit\/ausrustung-und-kleidung-fur-kampfkunst-und-kampfsport\/\"},{\"@type\":\"ListItem\",\"position\":4,\"name\":\"Judo\",\"item\":\"https:\/\/www.daisho.be\/de\/categorie-produit\/ausrustung-und-kleidung-fur-kampfkunst-und-kampfsport\/judo-de-2\/\"},{\"@type\":\"ListItem\",\"position\":5,\"name\":\"Judo Tatamis\",\"item\":\"https:\/\/www.daisho.be\/de\/categorie-produit\/ausrustung-und-kleidung-fur-kampfkunst-und-kampfsport\/judo-de-2\/judo-tatamis\/\"},{\"@type\":\"ListItem\",\"position\":6,\"name\":\"ZEBRA\u00aeHome Tatamirollen\"}]},{\"@type\":\"WebSite\",\"@id\":\"https:\/\/www.daisho.be\/de\/#website\",\"url\":\"https:\/\/www.daisho.be\/de\/\",\"name\":\"Daisho\",\"description\":\"Sp&eacute;cialiste de l'&eacute;quipement sportif d'arts martiaux\",\"publisher\":{\"@id\":\"https:\/\/www.daisho.be\/de\/#organization\"},\"potentialAction\":[{\"@type\":\"SearchAction\",\"target\":{\"@type\":\"EntryPoint\",\"urlTemplate\":\"https:\/\/www.daisho.be\/de\/?s={search_term_string}\"},\"query-input\":{\"@type\":\"PropertyValueSpecification\",\"valueRequired\":true,\"valueName\":\"search_term_string\"}}],\"inLanguage\":\"de\"},{\"@type\":\"Organization\",\"@id\":\"https:\/\/www.daisho.be\/de\/#organization\",\"name\":\"Daisho\",\"url\":\"https:\/\/www.daisho.be\/de\/\",\"logo\":{\"@type\":\"ImageObject\",\"inLanguage\":\"de\",\"@id\":\"https:\/\/www.daisho.be\/de\/#\/schema\/logo\/image\/\",\"url\":\"https:\/\/www.daisho.be\/wp-content\/uploads\/2019\/07\/color-nothing-horizontale4x-e1564486100247.png\",\"contentUrl\":\"https:\/\/www.daisho.be\/wp-content\/uploads\/2019\/07\/color-nothing-horizontale4x-e1564486100247.png\",\"width\":1547,\"height\":385,\"caption\":\"Daisho\"},\"image\":{\"@id\":\"https:\/\/www.daisho.be\/de\/#\/schema\/logo\/image\/\"}}]}<\/script>\n<!-- \/ Yoast SEO plugin. -->","yoast_head_json":{"title":"ZEBRA\u00aeHome Tatamirollen &#8211; Daisho","robots":{"index":"index","follow":"follow","max-snippet":"max-snippet:-1","max-image-preview":"max-image-preview:large","max-video-preview":"max-video-preview:-1"},"canonical":"https:\/\/www.daisho.be\/de\/produit\/zebrahome-tatamirollen\/","og_locale":"de_DE","og_type":"article","og_title":"ZEBRA\u00aeHome Tatamirollen &#8211; Daisho","og_description":"Ob Sie MMA, JJB, Judo, Karate, Gymnastik oder Yoga trainieren, mit der ZEBRA Home Bodenmatte k\u00f6nnen Sie sich Ihr Fitnessstudio nach Hause holen. Die ZEBRA Home Fu\u00dfmatte wiegt nur ca. 11 kg und ist sehr einfach zu installieren. Sie m\u00fcssen ihn nur ausrollen und schon kann es losgehen. Nach dem Aufrollen kann der Teppich mit [&hellip;]","og_url":"https:\/\/www.daisho.be\/de\/produit\/zebrahome-tatamirollen\/","og_site_name":"Daisho","article_modified_time":"2026-03-27T11:38:27+00:00","og_image":[{"width":800,"height":1280,"url":"https:\/\/www.daisho.be\/wp-content\/uploads\/2026\/03\/image-56.jpg","type":"image\/jpeg"}],"twitter_card":"summary_large_image","twitter_misc":{"Gesch\u00e4tzte Lesezeit":"1\u00a0Minute"},"schema":{"@context":"https:\/\/schema.org","@graph":[{"@type":"WebPage","@id":"https:\/\/www.daisho.be\/de\/produit\/zebrahome-tatamirollen\/","url":"https:\/\/www.daisho.be\/de\/produit\/zebrahome-tatamirollen\/","name":"ZEBRA\u00aeHome Tatamirollen &#8211; Daisho","isPartOf":{"@id":"https:\/\/www.daisho.be\/de\/#website"},"primaryImageOfPage":{"@id":"https:\/\/www.daisho.be\/de\/produit\/zebrahome-tatamirollen\/#primaryimage"},"image":{"@id":"https:\/\/www.daisho.be\/de\/produit\/zebrahome-tatamirollen\/#primaryimage"},"thumbnailUrl":"https:\/\/www.daisho.be\/wp-content\/uploads\/2026\/03\/image-56.jpg","datePublished":"2026-03-27T11:37:37+00:00","dateModified":"2026-03-27T11:38:27+00:00","breadcrumb":{"@id":"https:\/\/www.daisho.be\/de\/produit\/zebrahome-tatamirollen\/#breadcrumb"},"inLanguage":"de","potentialAction":[{"@type":"ReadAction","target":["https:\/\/www.daisho.be\/de\/produit\/zebrahome-tatamirollen\/"]}]},{"@type":"ImageObject","inLanguage":"de","@id":"https:\/\/www.daisho.be\/de\/produit\/zebrahome-tatamirollen\/#primaryimage","url":"https:\/\/www.daisho.be\/wp-content\/uploads\/2026\/03\/image-56.jpg","contentUrl":"https:\/\/www.daisho.be\/wp-content\/uploads\/2026\/03\/image-56.jpg","width":800,"height":1280,"caption":"Tatamis en rouleau ZEBRA\u00aeHome-1"},{"@type":"BreadcrumbList","@id":"https:\/\/www.daisho.be\/de\/produit\/zebrahome-tatamirollen\/#breadcrumb","itemListElement":[{"@type":"ListItem","position":1,"name":"Accueil","item":"https:\/\/www.daisho.be\/de\/"},{"@type":"ListItem","position":2,"name":"Produkte","item":"https:\/\/www.daisho.be\/de\/produkte\/"},{"@type":"ListItem","position":3,"name":"Ausr\u00fcstung und Kleidung f\u00fcr Kampfkunst und Kampfsport","item":"https:\/\/www.daisho.be\/de\/categorie-produit\/ausrustung-und-kleidung-fur-kampfkunst-und-kampfsport\/"},{"@type":"ListItem","position":4,"name":"Judo","item":"https:\/\/www.daisho.be\/de\/categorie-produit\/ausrustung-und-kleidung-fur-kampfkunst-und-kampfsport\/judo-de-2\/"},{"@type":"ListItem","position":5,"name":"Judo Tatamis","item":"https:\/\/www.daisho.be\/de\/categorie-produit\/ausrustung-und-kleidung-fur-kampfkunst-und-kampfsport\/judo-de-2\/judo-tatamis\/"},{"@type":"ListItem","position":6,"name":"ZEBRA\u00aeHome Tatamirollen"}]},{"@type":"WebSite","@id":"https:\/\/www.daisho.be\/de\/#website","url":"https:\/\/www.daisho.be\/de\/","name":"Daisho","description":"Sp&eacute;cialiste de l'&eacute;quipement sportif d'arts martiaux","publisher":{"@id":"https:\/\/www.daisho.be\/de\/#organization"},"potentialAction":[{"@type":"SearchAction","target":{"@type":"EntryPoint","urlTemplate":"https:\/\/www.daisho.be\/de\/?s={search_term_string}"},"query-input":{"@type":"PropertyValueSpecification","valueRequired":true,"valueName":"search_term_string"}}],"inLanguage":"de"},{"@type":"Organization","@id":"https:\/\/www.daisho.be\/de\/#organization","name":"Daisho","url":"https:\/\/www.daisho.be\/de\/","logo":{"@type":"ImageObject","inLanguage":"de","@id":"https:\/\/www.daisho.be\/de\/#\/schema\/logo\/image\/","url":"https:\/\/www.daisho.be\/wp-content\/uploads\/2019\/07\/color-nothing-horizontale4x-e1564486100247.png","contentUrl":"https:\/\/www.daisho.be\/wp-content\/uploads\/2019\/07\/color-nothing-horizontale4x-e1564486100247.png","width":1547,"height":385,"caption":"Daisho"},"image":{"@id":"https:\/\/www.daisho.be\/de\/#\/schema\/logo\/image\/"}}]}},"_links":{"self":[{"href":"https:\/\/www.daisho.be\/de\/wp-json\/wp\/v2\/product\/674036","targetHints":{"allow":["GET"]}}],"collection":[{"href":"https:\/\/www.daisho.be\/de\/wp-json\/wp\/v2\/product"}],"about":[{"href":"https:\/\/www.daisho.be\/de\/wp-json\/wp\/v2\/types\/product"}],"replies":[{"embeddable":true,"href":"https:\/\/www.daisho.be\/de\/wp-json\/wp\/v2\/comments?post=674036"}],"wp:featuredmedia":[{"embeddable":true,"href":"https:\/\/www.daisho.be\/de\/wp-json\/wp\/v2\/media\/674026"}],"wp:attachment":[{"href":"https:\/\/www.daisho.be\/de\/wp-json\/wp\/v2\/media?parent=674036"}],"wp:term":[{"taxonomy":"product_brand","embeddable":true,"href":"https:\/\/www.daisho.be\/de\/wp-json\/wp\/v2\/product_brand?post=674036"},{"taxonomy":"product_cat","embeddable":true,"href":"https:\/\/www.daisho.be\/de\/wp-json\/wp\/v2\/product_cat?post=674036"},{"taxonomy":"product_tag","embeddable":true,"href":"https:\/\/www.daisho.be\/de\/wp-json\/wp\/v2\/product_tag?post=674036"},{"taxonomy":"sport","embeddable":true,"href":"https:\/\/www.daisho.be\/de\/wp-json\/wp\/v2\/sport?post=674036"}],"curies":[{"name":"wp","href":"https:\/\/api.w.org\/{rel}","templated":true}]}}