{"id":672604,"date":"2026-03-27T00:39:43","date_gmt":"2026-03-26T23:39:43","guid":{"rendered":"https:\/\/www.daisho.be\/produit\/baerentatzen-adistar-pro-schwarz-gold\/"},"modified":"2026-03-27T00:39:43","modified_gmt":"2026-03-26T23:39:43","slug":"baerentatzen-adistar-pro-schwarz-gold","status":"publish","type":"product","link":"https:\/\/www.daisho.be\/de\/produit\/baerentatzen-adistar-pro-schwarz-gold\/","title":{"rendered":"B\u00e4rentatzen ADISTAR PRO Schwarz\/Gold"},"content":{"rendered":"<p>Diese adidas ADISTAR t Pr\u00e4zisions-B\u00e4rentatze hat eine gebogene Form. Sie besteht aus mehrschichtigem EVA-Schaumstoff und ist gef\u00fcttert und mit einem Griffball f\u00fcr mehr Komfort und Griffigkeit ausgestattet.<br \/>\nDie B\u00e4rentatzen werden paarweise geliefert.<br \/>\nGeeignet f\u00fcr alle Kampfsportler. Sowohl f\u00fcr den Trainer als auch f\u00fcr den Sch\u00fcler.<br \/>\nVorteile:<br \/>\n&#8211; Au\u00dfenmaterial: B\u00fcffelleder<br \/>\n&#8211; Verdickung am Handgelenk f\u00fcr mehr Halt und Komfort<br \/>\n&#8211; Perforierter Fingerbereich<br \/>\n&#8211; Ideale Polsterung zur Sto\u00dfd\u00e4mpfung<br \/>\n&#8211; Mehrschichtiger Schaumstoff Typ EVA<br \/>\n&#8211; F\u00fcr Trainer und Sch\u00fcler geeignet<br \/>\n&#8211; Grip Ball f\u00fcr guten Halt<br \/>\n&#8211; Leicht<br \/>\n&#8211; Geschwungene Form  <\/p>\n","protected":false},"excerpt":{"rendered":"<p>Diese adidas ADISTAR t Pr\u00e4zisions-B\u00e4rentatze hat eine gebogene Form. Sie besteht aus mehrschichtigem EVA-Schaumstoff und ist gef\u00fcttert und mit einem Griffball f\u00fcr mehr Komfort und Griffigkeit ausgestattet. Die B\u00e4rentatzen werden paarweise geliefert. Geeignet f\u00fcr alle Kampfsportler. Sowohl f\u00fcr den Trainer als auch f\u00fcr den Sch\u00fcler. Vorteile: &#8211; Au\u00dfenmaterial: B\u00fcffelleder &#8211; Verdickung am Handgelenk f\u00fcr mehr [&hellip;]<\/p>\n","protected":false},"featured_media":672584,"comment_status":"open","ping_status":"closed","template":"","meta":{"inline_featured_image":false},"product_brand":[],"product_cat":[2132,2252,2278,2251],"product_tag":[2178],"sport":[],"class_list":{"0":"post-672604","1":"product","2":"type-product","3":"status-publish","4":"has-post-thumbnail","6":"product_cat-boxsacke","7":"product_cat-boxsacke-und-trainingszubehor","8":"product_cat-boxsacke-und-trainingszubehor-boxen","9":"product_cat-boxsacke-und-trainingszubehor-karate","10":"product_tag-adidas-de","12":"first","13":"instock","14":"taxable","15":"shipping-taxable","16":"purchasable","17":"product-type-simple"},"yoast_head":"<!-- This site is optimized with the Yoast SEO plugin v27.2 - https:\/\/yoast.com\/product\/yoast-seo-wordpress\/ -->\n<title>B\u00e4rentatzen ADISTAR PRO Schwarz\/Gold &#8211; Daisho<\/title>\n<meta name=\"robots\" content=\"index, follow, max-snippet:-1, max-image-preview:large, max-video-preview:-1\" \/>\n<link rel=\"canonical\" href=\"https:\/\/www.daisho.be\/de\/produit\/baerentatzen-adistar-pro-schwarz-gold\/\" \/>\n<meta property=\"og:locale\" content=\"de_DE\" \/>\n<meta property=\"og:type\" content=\"article\" \/>\n<meta property=\"og:title\" content=\"B\u00e4rentatzen ADISTAR PRO Schwarz\/Gold &#8211; Daisho\" \/>\n<meta property=\"og:description\" content=\"Diese adidas ADISTAR t Pr\u00e4zisions-B\u00e4rentatze hat eine gebogene Form. Sie besteht aus mehrschichtigem EVA-Schaumstoff und ist gef\u00fcttert und mit einem Griffball f\u00fcr mehr Komfort und Griffigkeit ausgestattet. Die B\u00e4rentatzen werden paarweise geliefert. Geeignet f\u00fcr alle Kampfsportler. Sowohl f\u00fcr den Trainer als auch f\u00fcr den Sch\u00fcler. Vorteile: &#8211; Au\u00dfenmaterial: B\u00fcffelleder &#8211; Verdickung am Handgelenk f\u00fcr mehr [&hellip;]\" \/>\n<meta property=\"og:url\" content=\"https:\/\/www.daisho.be\/de\/produit\/baerentatzen-adistar-pro-schwarz-gold\/\" \/>\n<meta property=\"og:site_name\" content=\"Daisho\" \/>\n<meta property=\"og:image\" content=\"https:\/\/www.daisho.be\/wp-content\/uploads\/2026\/03\/image-49.jpg\" \/>\n\t<meta property=\"og:image:width\" content=\"1000\" \/>\n\t<meta property=\"og:image:height\" content=\"1000\" \/>\n\t<meta property=\"og:image:type\" content=\"image\/jpeg\" \/>\n<meta name=\"twitter:card\" content=\"summary_large_image\" \/>\n<meta name=\"twitter:label1\" content=\"Gesch\u00e4tzte Lesezeit\" \/>\n\t<meta name=\"twitter:data1\" content=\"1\u00a0Minute\" \/>\n<script type=\"application\/ld+json\" class=\"yoast-schema-graph\">{\"@context\":\"https:\/\/schema.org\",\"@graph\":[{\"@type\":\"WebPage\",\"@id\":\"https:\/\/www.daisho.be\/de\/produit\/baerentatzen-adistar-pro-schwarz-gold\/\",\"url\":\"https:\/\/www.daisho.be\/de\/produit\/baerentatzen-adistar-pro-schwarz-gold\/\",\"name\":\"B\u00e4rentatzen ADISTAR PRO Schwarz\/Gold &#8211; Daisho\",\"isPartOf\":{\"@id\":\"https:\/\/www.daisho.be\/de\/#website\"},\"primaryImageOfPage\":{\"@id\":\"https:\/\/www.daisho.be\/de\/produit\/baerentatzen-adistar-pro-schwarz-gold\/#primaryimage\"},\"image\":{\"@id\":\"https:\/\/www.daisho.be\/de\/produit\/baerentatzen-adistar-pro-schwarz-gold\/#primaryimage\"},\"thumbnailUrl\":\"https:\/\/www.daisho.be\/wp-content\/uploads\/2026\/03\/image-49.jpg\",\"datePublished\":\"2026-03-26T23:39:43+00:00\",\"breadcrumb\":{\"@id\":\"https:\/\/www.daisho.be\/de\/produit\/baerentatzen-adistar-pro-schwarz-gold\/#breadcrumb\"},\"inLanguage\":\"de\",\"potentialAction\":[{\"@type\":\"ReadAction\",\"target\":[\"https:\/\/www.daisho.be\/de\/produit\/baerentatzen-adistar-pro-schwarz-gold\/\"]}]},{\"@type\":\"ImageObject\",\"inLanguage\":\"de\",\"@id\":\"https:\/\/www.daisho.be\/de\/produit\/baerentatzen-adistar-pro-schwarz-gold\/#primaryimage\",\"url\":\"https:\/\/www.daisho.be\/wp-content\/uploads\/2026\/03\/image-49.jpg\",\"contentUrl\":\"https:\/\/www.daisho.be\/wp-content\/uploads\/2026\/03\/image-49.jpg\",\"width\":1000,\"height\":1000,\"caption\":\"Pattes d'ours ADISTAR PRO Noir\/Or-1\"},{\"@type\":\"BreadcrumbList\",\"@id\":\"https:\/\/www.daisho.be\/de\/produit\/baerentatzen-adistar-pro-schwarz-gold\/#breadcrumb\",\"itemListElement\":[{\"@type\":\"ListItem\",\"position\":1,\"name\":\"Accueil\",\"item\":\"https:\/\/www.daisho.be\/de\/\"},{\"@type\":\"ListItem\",\"position\":2,\"name\":\"Produkte\",\"item\":\"https:\/\/www.daisho.be\/de\/produkte\/\"},{\"@type\":\"ListItem\",\"position\":3,\"name\":\"ADIDAS COMBAT SPORTS\",\"item\":\"https:\/\/www.daisho.be\/de\/categorie-produit\/adidas-combat-sports-de\/\"},{\"@type\":\"ListItem\",\"position\":4,\"name\":\"MMA\",\"item\":\"https:\/\/www.daisho.be\/de\/categorie-produit\/adidas-combat-sports-de\/mma-de\/\"},{\"@type\":\"ListItem\",\"position\":5,\"name\":\"Boxs\u00e4cke und Trainingszubeh\u00f6r\",\"item\":\"https:\/\/www.daisho.be\/de\/categorie-produit\/adidas-combat-sports-de\/mma-de\/boxsacke-und-trainingszubehor\/\"},{\"@type\":\"ListItem\",\"position\":6,\"name\":\"B\u00e4rentatzen ADISTAR PRO Schwarz\/Gold\"}]},{\"@type\":\"WebSite\",\"@id\":\"https:\/\/www.daisho.be\/de\/#website\",\"url\":\"https:\/\/www.daisho.be\/de\/\",\"name\":\"Daisho\",\"description\":\"Sp&eacute;cialiste de l'&eacute;quipement sportif d'arts martiaux\",\"publisher\":{\"@id\":\"https:\/\/www.daisho.be\/de\/#organization\"},\"potentialAction\":[{\"@type\":\"SearchAction\",\"target\":{\"@type\":\"EntryPoint\",\"urlTemplate\":\"https:\/\/www.daisho.be\/de\/?s={search_term_string}\"},\"query-input\":{\"@type\":\"PropertyValueSpecification\",\"valueRequired\":true,\"valueName\":\"search_term_string\"}}],\"inLanguage\":\"de\"},{\"@type\":\"Organization\",\"@id\":\"https:\/\/www.daisho.be\/de\/#organization\",\"name\":\"Daisho\",\"url\":\"https:\/\/www.daisho.be\/de\/\",\"logo\":{\"@type\":\"ImageObject\",\"inLanguage\":\"de\",\"@id\":\"https:\/\/www.daisho.be\/de\/#\/schema\/logo\/image\/\",\"url\":\"https:\/\/www.daisho.be\/wp-content\/uploads\/2019\/07\/color-nothing-horizontale4x-e1564486100247.png\",\"contentUrl\":\"https:\/\/www.daisho.be\/wp-content\/uploads\/2019\/07\/color-nothing-horizontale4x-e1564486100247.png\",\"width\":1547,\"height\":385,\"caption\":\"Daisho\"},\"image\":{\"@id\":\"https:\/\/www.daisho.be\/de\/#\/schema\/logo\/image\/\"}}]}<\/script>\n<!-- \/ Yoast SEO plugin. -->","yoast_head_json":{"title":"B\u00e4rentatzen ADISTAR PRO Schwarz\/Gold &#8211; Daisho","robots":{"index":"index","follow":"follow","max-snippet":"max-snippet:-1","max-image-preview":"max-image-preview:large","max-video-preview":"max-video-preview:-1"},"canonical":"https:\/\/www.daisho.be\/de\/produit\/baerentatzen-adistar-pro-schwarz-gold\/","og_locale":"de_DE","og_type":"article","og_title":"B\u00e4rentatzen ADISTAR PRO Schwarz\/Gold &#8211; Daisho","og_description":"Diese adidas ADISTAR t Pr\u00e4zisions-B\u00e4rentatze hat eine gebogene Form. Sie besteht aus mehrschichtigem EVA-Schaumstoff und ist gef\u00fcttert und mit einem Griffball f\u00fcr mehr Komfort und Griffigkeit ausgestattet. Die B\u00e4rentatzen werden paarweise geliefert. Geeignet f\u00fcr alle Kampfsportler. Sowohl f\u00fcr den Trainer als auch f\u00fcr den Sch\u00fcler. Vorteile: &#8211; Au\u00dfenmaterial: B\u00fcffelleder &#8211; Verdickung am Handgelenk f\u00fcr mehr [&hellip;]","og_url":"https:\/\/www.daisho.be\/de\/produit\/baerentatzen-adistar-pro-schwarz-gold\/","og_site_name":"Daisho","og_image":[{"width":1000,"height":1000,"url":"https:\/\/www.daisho.be\/wp-content\/uploads\/2026\/03\/image-49.jpg","type":"image\/jpeg"}],"twitter_card":"summary_large_image","twitter_misc":{"Gesch\u00e4tzte Lesezeit":"1\u00a0Minute"},"schema":{"@context":"https:\/\/schema.org","@graph":[{"@type":"WebPage","@id":"https:\/\/www.daisho.be\/de\/produit\/baerentatzen-adistar-pro-schwarz-gold\/","url":"https:\/\/www.daisho.be\/de\/produit\/baerentatzen-adistar-pro-schwarz-gold\/","name":"B\u00e4rentatzen ADISTAR PRO Schwarz\/Gold &#8211; Daisho","isPartOf":{"@id":"https:\/\/www.daisho.be\/de\/#website"},"primaryImageOfPage":{"@id":"https:\/\/www.daisho.be\/de\/produit\/baerentatzen-adistar-pro-schwarz-gold\/#primaryimage"},"image":{"@id":"https:\/\/www.daisho.be\/de\/produit\/baerentatzen-adistar-pro-schwarz-gold\/#primaryimage"},"thumbnailUrl":"https:\/\/www.daisho.be\/wp-content\/uploads\/2026\/03\/image-49.jpg","datePublished":"2026-03-26T23:39:43+00:00","breadcrumb":{"@id":"https:\/\/www.daisho.be\/de\/produit\/baerentatzen-adistar-pro-schwarz-gold\/#breadcrumb"},"inLanguage":"de","potentialAction":[{"@type":"ReadAction","target":["https:\/\/www.daisho.be\/de\/produit\/baerentatzen-adistar-pro-schwarz-gold\/"]}]},{"@type":"ImageObject","inLanguage":"de","@id":"https:\/\/www.daisho.be\/de\/produit\/baerentatzen-adistar-pro-schwarz-gold\/#primaryimage","url":"https:\/\/www.daisho.be\/wp-content\/uploads\/2026\/03\/image-49.jpg","contentUrl":"https:\/\/www.daisho.be\/wp-content\/uploads\/2026\/03\/image-49.jpg","width":1000,"height":1000,"caption":"Pattes d'ours ADISTAR PRO Noir\/Or-1"},{"@type":"BreadcrumbList","@id":"https:\/\/www.daisho.be\/de\/produit\/baerentatzen-adistar-pro-schwarz-gold\/#breadcrumb","itemListElement":[{"@type":"ListItem","position":1,"name":"Accueil","item":"https:\/\/www.daisho.be\/de\/"},{"@type":"ListItem","position":2,"name":"Produkte","item":"https:\/\/www.daisho.be\/de\/produkte\/"},{"@type":"ListItem","position":3,"name":"ADIDAS COMBAT SPORTS","item":"https:\/\/www.daisho.be\/de\/categorie-produit\/adidas-combat-sports-de\/"},{"@type":"ListItem","position":4,"name":"MMA","item":"https:\/\/www.daisho.be\/de\/categorie-produit\/adidas-combat-sports-de\/mma-de\/"},{"@type":"ListItem","position":5,"name":"Boxs\u00e4cke und Trainingszubeh\u00f6r","item":"https:\/\/www.daisho.be\/de\/categorie-produit\/adidas-combat-sports-de\/mma-de\/boxsacke-und-trainingszubehor\/"},{"@type":"ListItem","position":6,"name":"B\u00e4rentatzen ADISTAR PRO Schwarz\/Gold"}]},{"@type":"WebSite","@id":"https:\/\/www.daisho.be\/de\/#website","url":"https:\/\/www.daisho.be\/de\/","name":"Daisho","description":"Sp&eacute;cialiste de l'&eacute;quipement sportif d'arts martiaux","publisher":{"@id":"https:\/\/www.daisho.be\/de\/#organization"},"potentialAction":[{"@type":"SearchAction","target":{"@type":"EntryPoint","urlTemplate":"https:\/\/www.daisho.be\/de\/?s={search_term_string}"},"query-input":{"@type":"PropertyValueSpecification","valueRequired":true,"valueName":"search_term_string"}}],"inLanguage":"de"},{"@type":"Organization","@id":"https:\/\/www.daisho.be\/de\/#organization","name":"Daisho","url":"https:\/\/www.daisho.be\/de\/","logo":{"@type":"ImageObject","inLanguage":"de","@id":"https:\/\/www.daisho.be\/de\/#\/schema\/logo\/image\/","url":"https:\/\/www.daisho.be\/wp-content\/uploads\/2019\/07\/color-nothing-horizontale4x-e1564486100247.png","contentUrl":"https:\/\/www.daisho.be\/wp-content\/uploads\/2019\/07\/color-nothing-horizontale4x-e1564486100247.png","width":1547,"height":385,"caption":"Daisho"},"image":{"@id":"https:\/\/www.daisho.be\/de\/#\/schema\/logo\/image\/"}}]}},"_links":{"self":[{"href":"https:\/\/www.daisho.be\/de\/wp-json\/wp\/v2\/product\/672604","targetHints":{"allow":["GET"]}}],"collection":[{"href":"https:\/\/www.daisho.be\/de\/wp-json\/wp\/v2\/product"}],"about":[{"href":"https:\/\/www.daisho.be\/de\/wp-json\/wp\/v2\/types\/product"}],"replies":[{"embeddable":true,"href":"https:\/\/www.daisho.be\/de\/wp-json\/wp\/v2\/comments?post=672604"}],"wp:featuredmedia":[{"embeddable":true,"href":"https:\/\/www.daisho.be\/de\/wp-json\/wp\/v2\/media\/672584"}],"wp:attachment":[{"href":"https:\/\/www.daisho.be\/de\/wp-json\/wp\/v2\/media?parent=672604"}],"wp:term":[{"taxonomy":"product_brand","embeddable":true,"href":"https:\/\/www.daisho.be\/de\/wp-json\/wp\/v2\/product_brand?post=672604"},{"taxonomy":"product_cat","embeddable":true,"href":"https:\/\/www.daisho.be\/de\/wp-json\/wp\/v2\/product_cat?post=672604"},{"taxonomy":"product_tag","embeddable":true,"href":"https:\/\/www.daisho.be\/de\/wp-json\/wp\/v2\/product_tag?post=672604"},{"taxonomy":"sport","embeddable":true,"href":"https:\/\/www.daisho.be\/de\/wp-json\/wp\/v2\/sport?post=672604"}],"curies":[{"name":"wp","href":"https:\/\/api.w.org\/{rel}","templated":true}]}}