{"id":672556,"date":"2026-03-26T23:39:09","date_gmt":"2026-03-26T22:39:09","guid":{"rendered":"https:\/\/www.daisho.be\/produit\/boxhandschuhe-adidas-combat-50-2\/"},"modified":"2026-03-26T23:39:09","modified_gmt":"2026-03-26T22:39:09","slug":"boxhandschuhe-adidas-combat-50-2","status":"publish","type":"product","link":"https:\/\/www.daisho.be\/de\/produit\/boxhandschuhe-adidas-combat-50-2\/","title":{"rendered":"Boxhandschuhe adidas Combat 50"},"content":{"rendered":"<p>Die adidas Combat 50 Boxhandschuhe verf\u00fcgen \u00fcber eine mehrschichtige Polsterung f\u00fcr eine optimale Sto\u00dfd\u00e4mpfung.<br \/>\nF\u00fcr zus\u00e4tzlichen Komfort sind sie mit Nylon gef\u00fcttert.<br \/>\nDie Combat 50 Boxhandschuhe sind aus strapazierf\u00e4higem Kunstleder hergestellt.<\/p>\n<p>Eigenschaften:<br \/>\n Material: Kunstleder<br \/>\n Farbe: mattgr\u00fcn<br \/>\n Formate: 8, 10, 12, 14, 16 Unzen<br \/>\n breiter Klettverschlussriemen<br \/>\n Paarweise verkauft<\/p>\n<p>Ihr weiches Innenfutter sorgt f\u00fcr mehr Komfort und erleichtert das Anziehen, auch mit schwitzigen H\u00e4nden.<\/p>\n<p>Mit einer Handfl\u00e4che aus atmungsaktivem Mesh sorgen diese Handschuhe f\u00fcr eine optimale Bel\u00fcftung, wodurch der Aufbau von Hitze und Schwei\u00df w\u00e4hrend des Trainings reduziert wird.<\/p>\n<p>Der selbstklebende Verschluss sorgt f\u00fcr einen guten Halt am Handgelenk und ein schnelles Anlegen.<\/p>\n<p>Erh\u00e4ltlich in Schwarz oder Olivgr\u00fcn.<\/p>\n","protected":false},"excerpt":{"rendered":"<p>Die adidas Combat 50 Boxhandschuhe verf\u00fcgen \u00fcber eine mehrschichtige Polsterung f\u00fcr eine optimale Sto\u00dfd\u00e4mpfung. F\u00fcr zus\u00e4tzlichen Komfort sind sie mit Nylon gef\u00fcttert. Die Combat 50 Boxhandschuhe sind aus strapazierf\u00e4higem Kunstleder hergestellt. Eigenschaften: Material: Kunstleder Farbe: mattgr\u00fcn Formate: 8, 10, 12, 14, 16 Unzen breiter Klettverschlussriemen Paarweise verkauft Ihr weiches Innenfutter sorgt f\u00fcr mehr Komfort und [&hellip;]<\/p>\n","protected":false},"featured_media":556028,"comment_status":"open","ping_status":"closed","template":"","meta":{"inline_featured_image":false},"product_brand":[],"product_cat":[2072,2306,2277,2309],"product_tag":[2178],"sport":[],"class_list":{"0":"post-672556","1":"product","2":"type-product","3":"status-publish","4":"has-post-thumbnail","6":"product_cat-boxhandschuhe","7":"product_cat-boxhandschuhe-adidas","8":"product_cat-kick-boxing-protektoren-adidas","9":"product_cat-muay-thai-handschuhe-adidas","10":"product_tag-adidas-de","11":"pa_size-372","12":"pa_size-371","13":"pa_size-370","14":"pa_size-461","15":"pa_size-439","17":"first","18":"instock","19":"taxable","20":"shipping-taxable","21":"purchasable","22":"product-type-variable"},"yoast_head":"<!-- This site is optimized with the Yoast SEO plugin v27.2 - https:\/\/yoast.com\/product\/yoast-seo-wordpress\/ -->\n<title>Boxhandschuhe adidas Combat 50 &#8211; Daisho<\/title>\n<meta name=\"robots\" content=\"index, follow, max-snippet:-1, max-image-preview:large, max-video-preview:-1\" \/>\n<link rel=\"canonical\" href=\"https:\/\/www.daisho.be\/de\/produit\/boxhandschuhe-adidas-combat-50-2\/\" \/>\n<meta property=\"og:locale\" content=\"de_DE\" \/>\n<meta property=\"og:type\" content=\"article\" \/>\n<meta property=\"og:title\" content=\"Boxhandschuhe adidas Combat 50 &#8211; Daisho\" \/>\n<meta property=\"og:description\" content=\"Die adidas Combat 50 Boxhandschuhe verf\u00fcgen \u00fcber eine mehrschichtige Polsterung f\u00fcr eine optimale Sto\u00dfd\u00e4mpfung. F\u00fcr zus\u00e4tzlichen Komfort sind sie mit Nylon gef\u00fcttert. Die Combat 50 Boxhandschuhe sind aus strapazierf\u00e4higem Kunstleder hergestellt. Eigenschaften: Material: Kunstleder Farbe: mattgr\u00fcn Formate: 8, 10, 12, 14, 16 Unzen breiter Klettverschlussriemen Paarweise verkauft Ihr weiches Innenfutter sorgt f\u00fcr mehr Komfort und [&hellip;]\" \/>\n<meta property=\"og:url\" content=\"https:\/\/www.daisho.be\/de\/produit\/boxhandschuhe-adidas-combat-50-2\/\" \/>\n<meta property=\"og:site_name\" content=\"Daisho\" \/>\n<meta property=\"og:image\" content=\"https:\/\/www.daisho.be\/wp-content\/uploads\/2025\/09\/image-21.png\" \/>\n\t<meta property=\"og:image:width\" content=\"511\" \/>\n\t<meta property=\"og:image:height\" content=\"666\" \/>\n\t<meta property=\"og:image:type\" content=\"image\/png\" \/>\n<meta name=\"twitter:card\" content=\"summary_large_image\" \/>\n<meta name=\"twitter:label1\" content=\"Gesch\u00e4tzte Lesezeit\" \/>\n\t<meta name=\"twitter:data1\" content=\"1\u00a0Minute\" \/>\n<script type=\"application\/ld+json\" class=\"yoast-schema-graph\">{\"@context\":\"https:\/\/schema.org\",\"@graph\":[{\"@type\":\"WebPage\",\"@id\":\"https:\/\/www.daisho.be\/de\/produit\/boxhandschuhe-adidas-combat-50-2\/\",\"url\":\"https:\/\/www.daisho.be\/de\/produit\/boxhandschuhe-adidas-combat-50-2\/\",\"name\":\"Boxhandschuhe adidas Combat 50 &#8211; Daisho\",\"isPartOf\":{\"@id\":\"https:\/\/www.daisho.be\/de\/#website\"},\"primaryImageOfPage\":{\"@id\":\"https:\/\/www.daisho.be\/de\/produit\/boxhandschuhe-adidas-combat-50-2\/#primaryimage\"},\"image\":{\"@id\":\"https:\/\/www.daisho.be\/de\/produit\/boxhandschuhe-adidas-combat-50-2\/#primaryimage\"},\"thumbnailUrl\":\"https:\/\/www.daisho.be\/wp-content\/uploads\/2025\/09\/image-21.png\",\"datePublished\":\"2026-03-26T22:39:09+00:00\",\"breadcrumb\":{\"@id\":\"https:\/\/www.daisho.be\/de\/produit\/boxhandschuhe-adidas-combat-50-2\/#breadcrumb\"},\"inLanguage\":\"de\",\"potentialAction\":[{\"@type\":\"ReadAction\",\"target\":[\"https:\/\/www.daisho.be\/de\/produit\/boxhandschuhe-adidas-combat-50-2\/\"]}]},{\"@type\":\"ImageObject\",\"inLanguage\":\"de\",\"@id\":\"https:\/\/www.daisho.be\/de\/produit\/boxhandschuhe-adidas-combat-50-2\/#primaryimage\",\"url\":\"https:\/\/www.daisho.be\/wp-content\/uploads\/2025\/09\/image-21.png\",\"contentUrl\":\"https:\/\/www.daisho.be\/wp-content\/uploads\/2025\/09\/image-21.png\",\"width\":511,\"height\":666,\"caption\":\"Gants de boxe adidas Combat 50-1\"},{\"@type\":\"BreadcrumbList\",\"@id\":\"https:\/\/www.daisho.be\/de\/produit\/boxhandschuhe-adidas-combat-50-2\/#breadcrumb\",\"itemListElement\":[{\"@type\":\"ListItem\",\"position\":1,\"name\":\"Accueil\",\"item\":\"https:\/\/www.daisho.be\/de\/\"},{\"@type\":\"ListItem\",\"position\":2,\"name\":\"Produkte\",\"item\":\"https:\/\/www.daisho.be\/de\/produkte\/\"},{\"@type\":\"ListItem\",\"position\":3,\"name\":\"Ausr\u00fcstung und Kleidung f\u00fcr Kampfkunst und Kampfsport\",\"item\":\"https:\/\/www.daisho.be\/de\/categorie-produit\/ausrustung-und-kleidung-fur-kampfkunst-und-kampfsport\/\"},{\"@type\":\"ListItem\",\"position\":4,\"name\":\"Boxen\",\"item\":\"https:\/\/www.daisho.be\/de\/categorie-produit\/ausrustung-und-kleidung-fur-kampfkunst-und-kampfsport\/boxen-de\/\"},{\"@type\":\"ListItem\",\"position\":5,\"name\":\"Boxhandschuhe\",\"item\":\"https:\/\/www.daisho.be\/de\/categorie-produit\/ausrustung-und-kleidung-fur-kampfkunst-und-kampfsport\/boxen-de\/boxhandschuhe\/\"},{\"@type\":\"ListItem\",\"position\":6,\"name\":\"Boxhandschuhe adidas Combat 50\"}]},{\"@type\":\"WebSite\",\"@id\":\"https:\/\/www.daisho.be\/de\/#website\",\"url\":\"https:\/\/www.daisho.be\/de\/\",\"name\":\"Daisho\",\"description\":\"Sp&eacute;cialiste de l'&eacute;quipement sportif d'arts martiaux\",\"publisher\":{\"@id\":\"https:\/\/www.daisho.be\/de\/#organization\"},\"potentialAction\":[{\"@type\":\"SearchAction\",\"target\":{\"@type\":\"EntryPoint\",\"urlTemplate\":\"https:\/\/www.daisho.be\/de\/?s={search_term_string}\"},\"query-input\":{\"@type\":\"PropertyValueSpecification\",\"valueRequired\":true,\"valueName\":\"search_term_string\"}}],\"inLanguage\":\"de\"},{\"@type\":\"Organization\",\"@id\":\"https:\/\/www.daisho.be\/de\/#organization\",\"name\":\"Daisho\",\"url\":\"https:\/\/www.daisho.be\/de\/\",\"logo\":{\"@type\":\"ImageObject\",\"inLanguage\":\"de\",\"@id\":\"https:\/\/www.daisho.be\/de\/#\/schema\/logo\/image\/\",\"url\":\"https:\/\/www.daisho.be\/wp-content\/uploads\/2019\/07\/color-nothing-horizontale4x-e1564486100247.png\",\"contentUrl\":\"https:\/\/www.daisho.be\/wp-content\/uploads\/2019\/07\/color-nothing-horizontale4x-e1564486100247.png\",\"width\":1547,\"height\":385,\"caption\":\"Daisho\"},\"image\":{\"@id\":\"https:\/\/www.daisho.be\/de\/#\/schema\/logo\/image\/\"}}]}<\/script>\n<!-- \/ Yoast SEO plugin. -->","yoast_head_json":{"title":"Boxhandschuhe adidas Combat 50 &#8211; Daisho","robots":{"index":"index","follow":"follow","max-snippet":"max-snippet:-1","max-image-preview":"max-image-preview:large","max-video-preview":"max-video-preview:-1"},"canonical":"https:\/\/www.daisho.be\/de\/produit\/boxhandschuhe-adidas-combat-50-2\/","og_locale":"de_DE","og_type":"article","og_title":"Boxhandschuhe adidas Combat 50 &#8211; Daisho","og_description":"Die adidas Combat 50 Boxhandschuhe verf\u00fcgen \u00fcber eine mehrschichtige Polsterung f\u00fcr eine optimale Sto\u00dfd\u00e4mpfung. F\u00fcr zus\u00e4tzlichen Komfort sind sie mit Nylon gef\u00fcttert. Die Combat 50 Boxhandschuhe sind aus strapazierf\u00e4higem Kunstleder hergestellt. Eigenschaften: Material: Kunstleder Farbe: mattgr\u00fcn Formate: 8, 10, 12, 14, 16 Unzen breiter Klettverschlussriemen Paarweise verkauft Ihr weiches Innenfutter sorgt f\u00fcr mehr Komfort und [&hellip;]","og_url":"https:\/\/www.daisho.be\/de\/produit\/boxhandschuhe-adidas-combat-50-2\/","og_site_name":"Daisho","og_image":[{"width":511,"height":666,"url":"https:\/\/www.daisho.be\/wp-content\/uploads\/2025\/09\/image-21.png","type":"image\/png"}],"twitter_card":"summary_large_image","twitter_misc":{"Gesch\u00e4tzte Lesezeit":"1\u00a0Minute"},"schema":{"@context":"https:\/\/schema.org","@graph":[{"@type":"WebPage","@id":"https:\/\/www.daisho.be\/de\/produit\/boxhandschuhe-adidas-combat-50-2\/","url":"https:\/\/www.daisho.be\/de\/produit\/boxhandschuhe-adidas-combat-50-2\/","name":"Boxhandschuhe adidas Combat 50 &#8211; Daisho","isPartOf":{"@id":"https:\/\/www.daisho.be\/de\/#website"},"primaryImageOfPage":{"@id":"https:\/\/www.daisho.be\/de\/produit\/boxhandschuhe-adidas-combat-50-2\/#primaryimage"},"image":{"@id":"https:\/\/www.daisho.be\/de\/produit\/boxhandschuhe-adidas-combat-50-2\/#primaryimage"},"thumbnailUrl":"https:\/\/www.daisho.be\/wp-content\/uploads\/2025\/09\/image-21.png","datePublished":"2026-03-26T22:39:09+00:00","breadcrumb":{"@id":"https:\/\/www.daisho.be\/de\/produit\/boxhandschuhe-adidas-combat-50-2\/#breadcrumb"},"inLanguage":"de","potentialAction":[{"@type":"ReadAction","target":["https:\/\/www.daisho.be\/de\/produit\/boxhandschuhe-adidas-combat-50-2\/"]}]},{"@type":"ImageObject","inLanguage":"de","@id":"https:\/\/www.daisho.be\/de\/produit\/boxhandschuhe-adidas-combat-50-2\/#primaryimage","url":"https:\/\/www.daisho.be\/wp-content\/uploads\/2025\/09\/image-21.png","contentUrl":"https:\/\/www.daisho.be\/wp-content\/uploads\/2025\/09\/image-21.png","width":511,"height":666,"caption":"Gants de boxe adidas Combat 50-1"},{"@type":"BreadcrumbList","@id":"https:\/\/www.daisho.be\/de\/produit\/boxhandschuhe-adidas-combat-50-2\/#breadcrumb","itemListElement":[{"@type":"ListItem","position":1,"name":"Accueil","item":"https:\/\/www.daisho.be\/de\/"},{"@type":"ListItem","position":2,"name":"Produkte","item":"https:\/\/www.daisho.be\/de\/produkte\/"},{"@type":"ListItem","position":3,"name":"Ausr\u00fcstung und Kleidung f\u00fcr Kampfkunst und Kampfsport","item":"https:\/\/www.daisho.be\/de\/categorie-produit\/ausrustung-und-kleidung-fur-kampfkunst-und-kampfsport\/"},{"@type":"ListItem","position":4,"name":"Boxen","item":"https:\/\/www.daisho.be\/de\/categorie-produit\/ausrustung-und-kleidung-fur-kampfkunst-und-kampfsport\/boxen-de\/"},{"@type":"ListItem","position":5,"name":"Boxhandschuhe","item":"https:\/\/www.daisho.be\/de\/categorie-produit\/ausrustung-und-kleidung-fur-kampfkunst-und-kampfsport\/boxen-de\/boxhandschuhe\/"},{"@type":"ListItem","position":6,"name":"Boxhandschuhe adidas Combat 50"}]},{"@type":"WebSite","@id":"https:\/\/www.daisho.be\/de\/#website","url":"https:\/\/www.daisho.be\/de\/","name":"Daisho","description":"Sp&eacute;cialiste de l'&eacute;quipement sportif d'arts martiaux","publisher":{"@id":"https:\/\/www.daisho.be\/de\/#organization"},"potentialAction":[{"@type":"SearchAction","target":{"@type":"EntryPoint","urlTemplate":"https:\/\/www.daisho.be\/de\/?s={search_term_string}"},"query-input":{"@type":"PropertyValueSpecification","valueRequired":true,"valueName":"search_term_string"}}],"inLanguage":"de"},{"@type":"Organization","@id":"https:\/\/www.daisho.be\/de\/#organization","name":"Daisho","url":"https:\/\/www.daisho.be\/de\/","logo":{"@type":"ImageObject","inLanguage":"de","@id":"https:\/\/www.daisho.be\/de\/#\/schema\/logo\/image\/","url":"https:\/\/www.daisho.be\/wp-content\/uploads\/2019\/07\/color-nothing-horizontale4x-e1564486100247.png","contentUrl":"https:\/\/www.daisho.be\/wp-content\/uploads\/2019\/07\/color-nothing-horizontale4x-e1564486100247.png","width":1547,"height":385,"caption":"Daisho"},"image":{"@id":"https:\/\/www.daisho.be\/de\/#\/schema\/logo\/image\/"}}]}},"_links":{"self":[{"href":"https:\/\/www.daisho.be\/de\/wp-json\/wp\/v2\/product\/672556","targetHints":{"allow":["GET"]}}],"collection":[{"href":"https:\/\/www.daisho.be\/de\/wp-json\/wp\/v2\/product"}],"about":[{"href":"https:\/\/www.daisho.be\/de\/wp-json\/wp\/v2\/types\/product"}],"replies":[{"embeddable":true,"href":"https:\/\/www.daisho.be\/de\/wp-json\/wp\/v2\/comments?post=672556"}],"wp:featuredmedia":[{"embeddable":true,"href":"https:\/\/www.daisho.be\/de\/wp-json\/wp\/v2\/media\/556028"}],"wp:attachment":[{"href":"https:\/\/www.daisho.be\/de\/wp-json\/wp\/v2\/media?parent=672556"}],"wp:term":[{"taxonomy":"product_brand","embeddable":true,"href":"https:\/\/www.daisho.be\/de\/wp-json\/wp\/v2\/product_brand?post=672556"},{"taxonomy":"product_cat","embeddable":true,"href":"https:\/\/www.daisho.be\/de\/wp-json\/wp\/v2\/product_cat?post=672556"},{"taxonomy":"product_tag","embeddable":true,"href":"https:\/\/www.daisho.be\/de\/wp-json\/wp\/v2\/product_tag?post=672556"},{"taxonomy":"sport","embeddable":true,"href":"https:\/\/www.daisho.be\/de\/wp-json\/wp\/v2\/sport?post=672556"}],"curies":[{"name":"wp","href":"https:\/\/api.w.org\/{rel}","templated":true}]}}