{"id":670639,"date":"2026-03-24T22:54:56","date_gmt":"2026-03-24T21:54:56","guid":{"rendered":"https:\/\/www.daisho.be\/produit\/pavibasic-cross-training-100x100-20mm-interlocking\/"},"modified":"2026-03-24T22:54:56","modified_gmt":"2026-03-24T21:54:56","slug":"pavibasic-cross-training-100x100-20mm-interlocking","status":"publish","type":"product","link":"https:\/\/www.daisho.be\/de\/produit\/pavibasic-cross-training-100x100-20mm-interlocking\/","title":{"rendered":"PAVIBASIC Cross Training 100&#215;100 20mm interlocking"},"content":{"rendered":"<p>PAVIBASIC CROSS TRAINING \/ CT<br \/>\nDie Bodenfliesen aus recyceltem Gummi von Pavibasic Cross Training sind die ideale L\u00f6sung f\u00fcr Sportarten mit hoher Beanspruchung, da sie eine au\u00dfergew\u00f6hnliche Haltbarkeit, Rutschfestigkeit und Sto\u00dfd\u00e4mpfung bieten.<br \/>\nIhre hochdichte Gummimischung mit geringer Maschenzahl sorgt f\u00fcr eine zuverl\u00e4ssige Rutschfestigkeit auch bei N\u00e4sse, w\u00e4hrend ihre sto\u00dfd\u00e4mpfenden Eigenschaften sie ideal f\u00fcr intensive Aktivit\u00e4ten mit hohem Aufprall machen.<br \/>\nGerader Schnitt oder Stecksystem f\u00fcr eine einfache Verlegung.<\/p>\n<p>CT Cross Training wurde f\u00fcr das Training mit hohen Belastungen entwickelt und kombiniert Haltbarkeit, Griffigkeit und Sto\u00dfd\u00e4mpfung f\u00fcr mehr Komfort und Leistung.<br \/>\nEr wird aus recyceltem Gummi hergestellt und ist als ineinandergreifende oder gerade geschnittene Fliese erh\u00e4ltlich.<br \/>\nIn den h\u00f6heren St\u00e4rken verbessert eine integrierte sto\u00dfd\u00e4mpfende Unterlage den Aufprallkomfort und die akustische Leistung.<br \/>\nHergestellt nach den Standards von Pavigym, garantiert es eine zuverl\u00e4ssige Leistung und eine vorhersehbare Verlegung.<\/p>\n<p>Abmessungen: 100 x 100 cm<\/p>\n<p>Dicke: 20 mm<\/p>\n<p>Gesamtgewicht: 18 kg\/m\u00b2.<\/p>\n<p>Dichte: 900 kg\/m3 &#8211; UNE-53526 Standard<\/p>\n<p>H\u00e4rte: 60\u00ba Shore A  <\/p>\n<p>Brandverhalten: Cfl-s1 (optional)  <\/p>\n<p>Finish: Interlocking<\/p>\n<p>Basis: Anti-Schock-Basis<\/p>\n<p>Technische Eigenschaften:<br \/>\n&#8211; Komfortabel,<br \/>\n&#8211; Erh\u00f6hte Markenbest\u00e4ndigkeit,<br \/>\n&#8211; Schallisolierung,<br \/>\n&#8211; Langlebigkeit,<br \/>\n&#8211; Hygienisch,<br \/>\n&#8211; W\u00e4rmeisolierung,<br \/>\n&#8211; Einfache Installation und Wartung.<\/p>\n","protected":false},"excerpt":{"rendered":"<p>PAVIBASIC CROSS TRAINING \/ CT Die Bodenfliesen aus recyceltem Gummi von Pavibasic Cross Training sind die ideale L\u00f6sung f\u00fcr Sportarten mit hoher Beanspruchung, da sie eine au\u00dfergew\u00f6hnliche Haltbarkeit, Rutschfestigkeit und Sto\u00dfd\u00e4mpfung bieten. Ihre hochdichte Gummimischung mit geringer Maschenzahl sorgt f\u00fcr eine zuverl\u00e4ssige Rutschfestigkeit auch bei N\u00e4sse, w\u00e4hrend ihre sto\u00dfd\u00e4mpfenden Eigenschaften sie ideal f\u00fcr intensive Aktivit\u00e4ten [&hellip;]<\/p>\n","protected":false},"featured_media":670625,"comment_status":"open","ping_status":"closed","template":"","meta":{"inline_featured_image":false},"product_brand":[],"product_cat":[2253],"product_tag":[2601],"sport":[],"class_list":{"0":"post-670639","1":"product","2":"type-product","3":"status-publish","4":"has-post-thumbnail","6":"product_cat-teppich","7":"product_tag-pavigym","9":"first","10":"instock","11":"taxable","12":"shipping-taxable","13":"purchasable","14":"product-type-simple"},"yoast_head":"<!-- This site is optimized with the Yoast SEO plugin v27.2 - https:\/\/yoast.com\/product\/yoast-seo-wordpress\/ -->\n<title>PAVIBASIC Cross Training 100x100 20mm interlocking &#8211; Daisho<\/title>\n<meta name=\"robots\" content=\"index, follow, max-snippet:-1, max-image-preview:large, max-video-preview:-1\" \/>\n<link rel=\"canonical\" href=\"https:\/\/www.daisho.be\/de\/produit\/pavibasic-cross-training-100x100-20mm-interlocking\/\" \/>\n<meta property=\"og:locale\" content=\"de_DE\" \/>\n<meta property=\"og:type\" content=\"article\" \/>\n<meta property=\"og:title\" content=\"PAVIBASIC Cross Training 100x100 20mm interlocking &#8211; Daisho\" \/>\n<meta property=\"og:description\" content=\"PAVIBASIC CROSS TRAINING \/ CT Die Bodenfliesen aus recyceltem Gummi von Pavibasic Cross Training sind die ideale L\u00f6sung f\u00fcr Sportarten mit hoher Beanspruchung, da sie eine au\u00dfergew\u00f6hnliche Haltbarkeit, Rutschfestigkeit und Sto\u00dfd\u00e4mpfung bieten. Ihre hochdichte Gummimischung mit geringer Maschenzahl sorgt f\u00fcr eine zuverl\u00e4ssige Rutschfestigkeit auch bei N\u00e4sse, w\u00e4hrend ihre sto\u00dfd\u00e4mpfenden Eigenschaften sie ideal f\u00fcr intensive Aktivit\u00e4ten [&hellip;]\" \/>\n<meta property=\"og:url\" content=\"https:\/\/www.daisho.be\/de\/produit\/pavibasic-cross-training-100x100-20mm-interlocking\/\" \/>\n<meta property=\"og:site_name\" content=\"Daisho\" \/>\n<meta property=\"og:image\" content=\"https:\/\/www.daisho.be\/wp-content\/uploads\/2026\/03\/image-42.jpg\" \/>\n\t<meta property=\"og:image:width\" content=\"399\" \/>\n\t<meta property=\"og:image:height\" content=\"199\" \/>\n\t<meta property=\"og:image:type\" content=\"image\/jpeg\" \/>\n<meta name=\"twitter:card\" content=\"summary_large_image\" \/>\n<meta name=\"twitter:label1\" content=\"Gesch\u00e4tzte Lesezeit\" \/>\n\t<meta name=\"twitter:data1\" content=\"1\u00a0Minute\" \/>\n<script type=\"application\/ld+json\" class=\"yoast-schema-graph\">{\"@context\":\"https:\/\/schema.org\",\"@graph\":[{\"@type\":\"WebPage\",\"@id\":\"https:\/\/www.daisho.be\/de\/produit\/pavibasic-cross-training-100x100-20mm-interlocking\/\",\"url\":\"https:\/\/www.daisho.be\/de\/produit\/pavibasic-cross-training-100x100-20mm-interlocking\/\",\"name\":\"PAVIBASIC Cross Training 100x100 20mm interlocking &#8211; Daisho\",\"isPartOf\":{\"@id\":\"https:\/\/www.daisho.be\/de\/#website\"},\"primaryImageOfPage\":{\"@id\":\"https:\/\/www.daisho.be\/de\/produit\/pavibasic-cross-training-100x100-20mm-interlocking\/#primaryimage\"},\"image\":{\"@id\":\"https:\/\/www.daisho.be\/de\/produit\/pavibasic-cross-training-100x100-20mm-interlocking\/#primaryimage\"},\"thumbnailUrl\":\"https:\/\/www.daisho.be\/wp-content\/uploads\/2026\/03\/image-42.jpg\",\"datePublished\":\"2026-03-24T21:54:56+00:00\",\"breadcrumb\":{\"@id\":\"https:\/\/www.daisho.be\/de\/produit\/pavibasic-cross-training-100x100-20mm-interlocking\/#breadcrumb\"},\"inLanguage\":\"de\",\"potentialAction\":[{\"@type\":\"ReadAction\",\"target\":[\"https:\/\/www.daisho.be\/de\/produit\/pavibasic-cross-training-100x100-20mm-interlocking\/\"]}]},{\"@type\":\"ImageObject\",\"inLanguage\":\"de\",\"@id\":\"https:\/\/www.daisho.be\/de\/produit\/pavibasic-cross-training-100x100-20mm-interlocking\/#primaryimage\",\"url\":\"https:\/\/www.daisho.be\/wp-content\/uploads\/2026\/03\/image-42.jpg\",\"contentUrl\":\"https:\/\/www.daisho.be\/wp-content\/uploads\/2026\/03\/image-42.jpg\",\"width\":399,\"height\":199,\"caption\":\"PAVIBASIC Cross Training 100x100 20mm interlocking-1\"},{\"@type\":\"BreadcrumbList\",\"@id\":\"https:\/\/www.daisho.be\/de\/produit\/pavibasic-cross-training-100x100-20mm-interlocking\/#breadcrumb\",\"itemListElement\":[{\"@type\":\"ListItem\",\"position\":1,\"name\":\"Accueil\",\"item\":\"https:\/\/www.daisho.be\/de\/\"},{\"@type\":\"ListItem\",\"position\":2,\"name\":\"Produkte\",\"item\":\"https:\/\/www.daisho.be\/de\/produkte\/\"},{\"@type\":\"ListItem\",\"position\":3,\"name\":\"Kampfsportarten\",\"item\":\"https:\/\/www.daisho.be\/de\/categorie-produit\/kampfsportarten\/\"},{\"@type\":\"ListItem\",\"position\":4,\"name\":\"Teppich\",\"item\":\"https:\/\/www.daisho.be\/de\/categorie-produit\/kampfsportarten\/teppich\/\"},{\"@type\":\"ListItem\",\"position\":5,\"name\":\"PAVIBASIC Cross Training 100&#215;100 20mm interlocking\"}]},{\"@type\":\"WebSite\",\"@id\":\"https:\/\/www.daisho.be\/de\/#website\",\"url\":\"https:\/\/www.daisho.be\/de\/\",\"name\":\"Daisho\",\"description\":\"Sp&eacute;cialiste de l'&eacute;quipement sportif d'arts martiaux\",\"publisher\":{\"@id\":\"https:\/\/www.daisho.be\/de\/#organization\"},\"potentialAction\":[{\"@type\":\"SearchAction\",\"target\":{\"@type\":\"EntryPoint\",\"urlTemplate\":\"https:\/\/www.daisho.be\/de\/?s={search_term_string}\"},\"query-input\":{\"@type\":\"PropertyValueSpecification\",\"valueRequired\":true,\"valueName\":\"search_term_string\"}}],\"inLanguage\":\"de\"},{\"@type\":\"Organization\",\"@id\":\"https:\/\/www.daisho.be\/de\/#organization\",\"name\":\"Daisho\",\"url\":\"https:\/\/www.daisho.be\/de\/\",\"logo\":{\"@type\":\"ImageObject\",\"inLanguage\":\"de\",\"@id\":\"https:\/\/www.daisho.be\/de\/#\/schema\/logo\/image\/\",\"url\":\"https:\/\/www.daisho.be\/wp-content\/uploads\/2019\/07\/color-nothing-horizontale4x-e1564486100247.png\",\"contentUrl\":\"https:\/\/www.daisho.be\/wp-content\/uploads\/2019\/07\/color-nothing-horizontale4x-e1564486100247.png\",\"width\":1547,\"height\":385,\"caption\":\"Daisho\"},\"image\":{\"@id\":\"https:\/\/www.daisho.be\/de\/#\/schema\/logo\/image\/\"}}]}<\/script>\n<!-- \/ Yoast SEO plugin. -->","yoast_head_json":{"title":"PAVIBASIC Cross Training 100x100 20mm interlocking &#8211; Daisho","robots":{"index":"index","follow":"follow","max-snippet":"max-snippet:-1","max-image-preview":"max-image-preview:large","max-video-preview":"max-video-preview:-1"},"canonical":"https:\/\/www.daisho.be\/de\/produit\/pavibasic-cross-training-100x100-20mm-interlocking\/","og_locale":"de_DE","og_type":"article","og_title":"PAVIBASIC Cross Training 100x100 20mm interlocking &#8211; Daisho","og_description":"PAVIBASIC CROSS TRAINING \/ CT Die Bodenfliesen aus recyceltem Gummi von Pavibasic Cross Training sind die ideale L\u00f6sung f\u00fcr Sportarten mit hoher Beanspruchung, da sie eine au\u00dfergew\u00f6hnliche Haltbarkeit, Rutschfestigkeit und Sto\u00dfd\u00e4mpfung bieten. Ihre hochdichte Gummimischung mit geringer Maschenzahl sorgt f\u00fcr eine zuverl\u00e4ssige Rutschfestigkeit auch bei N\u00e4sse, w\u00e4hrend ihre sto\u00dfd\u00e4mpfenden Eigenschaften sie ideal f\u00fcr intensive Aktivit\u00e4ten [&hellip;]","og_url":"https:\/\/www.daisho.be\/de\/produit\/pavibasic-cross-training-100x100-20mm-interlocking\/","og_site_name":"Daisho","og_image":[{"width":399,"height":199,"url":"https:\/\/www.daisho.be\/wp-content\/uploads\/2026\/03\/image-42.jpg","type":"image\/jpeg"}],"twitter_card":"summary_large_image","twitter_misc":{"Gesch\u00e4tzte Lesezeit":"1\u00a0Minute"},"schema":{"@context":"https:\/\/schema.org","@graph":[{"@type":"WebPage","@id":"https:\/\/www.daisho.be\/de\/produit\/pavibasic-cross-training-100x100-20mm-interlocking\/","url":"https:\/\/www.daisho.be\/de\/produit\/pavibasic-cross-training-100x100-20mm-interlocking\/","name":"PAVIBASIC Cross Training 100x100 20mm interlocking &#8211; Daisho","isPartOf":{"@id":"https:\/\/www.daisho.be\/de\/#website"},"primaryImageOfPage":{"@id":"https:\/\/www.daisho.be\/de\/produit\/pavibasic-cross-training-100x100-20mm-interlocking\/#primaryimage"},"image":{"@id":"https:\/\/www.daisho.be\/de\/produit\/pavibasic-cross-training-100x100-20mm-interlocking\/#primaryimage"},"thumbnailUrl":"https:\/\/www.daisho.be\/wp-content\/uploads\/2026\/03\/image-42.jpg","datePublished":"2026-03-24T21:54:56+00:00","breadcrumb":{"@id":"https:\/\/www.daisho.be\/de\/produit\/pavibasic-cross-training-100x100-20mm-interlocking\/#breadcrumb"},"inLanguage":"de","potentialAction":[{"@type":"ReadAction","target":["https:\/\/www.daisho.be\/de\/produit\/pavibasic-cross-training-100x100-20mm-interlocking\/"]}]},{"@type":"ImageObject","inLanguage":"de","@id":"https:\/\/www.daisho.be\/de\/produit\/pavibasic-cross-training-100x100-20mm-interlocking\/#primaryimage","url":"https:\/\/www.daisho.be\/wp-content\/uploads\/2026\/03\/image-42.jpg","contentUrl":"https:\/\/www.daisho.be\/wp-content\/uploads\/2026\/03\/image-42.jpg","width":399,"height":199,"caption":"PAVIBASIC Cross Training 100x100 20mm interlocking-1"},{"@type":"BreadcrumbList","@id":"https:\/\/www.daisho.be\/de\/produit\/pavibasic-cross-training-100x100-20mm-interlocking\/#breadcrumb","itemListElement":[{"@type":"ListItem","position":1,"name":"Accueil","item":"https:\/\/www.daisho.be\/de\/"},{"@type":"ListItem","position":2,"name":"Produkte","item":"https:\/\/www.daisho.be\/de\/produkte\/"},{"@type":"ListItem","position":3,"name":"Kampfsportarten","item":"https:\/\/www.daisho.be\/de\/categorie-produit\/kampfsportarten\/"},{"@type":"ListItem","position":4,"name":"Teppich","item":"https:\/\/www.daisho.be\/de\/categorie-produit\/kampfsportarten\/teppich\/"},{"@type":"ListItem","position":5,"name":"PAVIBASIC Cross Training 100&#215;100 20mm interlocking"}]},{"@type":"WebSite","@id":"https:\/\/www.daisho.be\/de\/#website","url":"https:\/\/www.daisho.be\/de\/","name":"Daisho","description":"Sp&eacute;cialiste de l'&eacute;quipement sportif d'arts martiaux","publisher":{"@id":"https:\/\/www.daisho.be\/de\/#organization"},"potentialAction":[{"@type":"SearchAction","target":{"@type":"EntryPoint","urlTemplate":"https:\/\/www.daisho.be\/de\/?s={search_term_string}"},"query-input":{"@type":"PropertyValueSpecification","valueRequired":true,"valueName":"search_term_string"}}],"inLanguage":"de"},{"@type":"Organization","@id":"https:\/\/www.daisho.be\/de\/#organization","name":"Daisho","url":"https:\/\/www.daisho.be\/de\/","logo":{"@type":"ImageObject","inLanguage":"de","@id":"https:\/\/www.daisho.be\/de\/#\/schema\/logo\/image\/","url":"https:\/\/www.daisho.be\/wp-content\/uploads\/2019\/07\/color-nothing-horizontale4x-e1564486100247.png","contentUrl":"https:\/\/www.daisho.be\/wp-content\/uploads\/2019\/07\/color-nothing-horizontale4x-e1564486100247.png","width":1547,"height":385,"caption":"Daisho"},"image":{"@id":"https:\/\/www.daisho.be\/de\/#\/schema\/logo\/image\/"}}]}},"_links":{"self":[{"href":"https:\/\/www.daisho.be\/de\/wp-json\/wp\/v2\/product\/670639","targetHints":{"allow":["GET"]}}],"collection":[{"href":"https:\/\/www.daisho.be\/de\/wp-json\/wp\/v2\/product"}],"about":[{"href":"https:\/\/www.daisho.be\/de\/wp-json\/wp\/v2\/types\/product"}],"replies":[{"embeddable":true,"href":"https:\/\/www.daisho.be\/de\/wp-json\/wp\/v2\/comments?post=670639"}],"wp:featuredmedia":[{"embeddable":true,"href":"https:\/\/www.daisho.be\/de\/wp-json\/wp\/v2\/media\/670625"}],"wp:attachment":[{"href":"https:\/\/www.daisho.be\/de\/wp-json\/wp\/v2\/media?parent=670639"}],"wp:term":[{"taxonomy":"product_brand","embeddable":true,"href":"https:\/\/www.daisho.be\/de\/wp-json\/wp\/v2\/product_brand?post=670639"},{"taxonomy":"product_cat","embeddable":true,"href":"https:\/\/www.daisho.be\/de\/wp-json\/wp\/v2\/product_cat?post=670639"},{"taxonomy":"product_tag","embeddable":true,"href":"https:\/\/www.daisho.be\/de\/wp-json\/wp\/v2\/product_tag?post=670639"},{"taxonomy":"sport","embeddable":true,"href":"https:\/\/www.daisho.be\/de\/wp-json\/wp\/v2\/sport?post=670639"}],"curies":[{"name":"wp","href":"https:\/\/api.w.org\/{rel}","templated":true}]}}