{"id":669334,"date":"2026-03-17T18:25:01","date_gmt":"2026-03-17T17:25:01","guid":{"rendered":"https:\/\/www.daisho.be\/produit\/boxring-auf-dem-boden-5-m\/"},"modified":"2026-03-17T18:25:01","modified_gmt":"2026-03-17T17:25:01","slug":"boxring-auf-dem-boden-5-m","status":"publish","type":"product","link":"https:\/\/www.daisho.be\/de\/produit\/boxring-auf-dem-boden-5-m\/","title":{"rendered":"Boxring auf dem Boden 5 m"},"content":{"rendered":"<p>Der 5 Meter lange Boden-Boxring wurde speziell f\u00fcr das Training entwickelt. Er ist robust und langlebig dank der f\u00fcr seine Konstruktion verwendeten Materialien.<br \/>\nModell: TQ2309<\/p>\n<p>Abmessungen: 5000 \u00d7 5000 \u00d7 1482 mm<\/p>\n<p>Materialien: PU-Gewebe, Schaumstoff, hochdichter Schaumstoff, XPE, hochwertiger Kohlenstoffstahl.<\/p>\n<p>Eigenschaften:<br \/>\n? Ausgezeichneter Schutz, gute Haftung, verformungsresistent, langlebig, elegant und raffiniert, umweltfreundliche Materialien, ausgezeichnete Herstellungstechnologie;<br \/>\n? Hergestellt aus hochwertigen Materialien, Verbundstruktur, leicht zu zerlegen und zu transportieren. Die Saiten, die ihn umgeben, bestehen aus Stahldraht, Schaumstoffschlauch, PU-Leder und anderen Materialien, die stark und \u00e4sthetisch sind;<br \/>\n? Oberfl\u00e4chenbehandlung: Alle Metallteile werden gebeizt und phosphatiert, dann gestrahlt und pulverlackiert. Es wird eine automatische elektrostatische Pulverspr\u00fchanlage verwendet. Die Beschichtung weist eine gute Witterungsbest\u00e4ndigkeit auf,<br \/>\nhohe Schlagfestigkeit, stabile Qualit\u00e4t der Metallbeschichtung, ausgezeichnete S\u00e4ure- und Alkalibest\u00e4ndigkeit, Feuchtigkeits- und Hitzebest\u00e4ndigkeit, Alterungsschutz usw.<br \/>\nDer 5 Meter lange Boxring wurde speziell f\u00fcr das Training entworfen. Dank der f\u00fcr seine Konstruktion verwendeten Materialien ist er robust und langlebig.         <\/p>\n","protected":false},"excerpt":{"rendered":"<p>Der 5 Meter lange Boden-Boxring wurde speziell f\u00fcr das Training entwickelt. Er ist robust und langlebig dank der f\u00fcr seine Konstruktion verwendeten Materialien. Modell: TQ2309 Abmessungen: 5000 \u00d7 5000 \u00d7 1482 mm Materialien: PU-Gewebe, Schaumstoff, hochdichter Schaumstoff, XPE, hochwertiger Kohlenstoffstahl. Eigenschaften: ? Ausgezeichneter Schutz, gute Haftung, verformungsresistent, langlebig, elegant und raffiniert, umweltfreundliche Materialien, ausgezeichnete Herstellungstechnologie; [&hellip;]<\/p>\n","protected":false},"featured_media":669297,"comment_status":"open","ping_status":"closed","template":"","meta":{"inline_featured_image":false},"product_brand":[],"product_cat":[2037],"product_tag":[2526],"sport":[],"class_list":{"0":"post-669334","1":"product","2":"type-product","3":"status-publish","4":"has-post-thumbnail","6":"product_cat-wettbewerbsausrustungen","7":"product_tag-taishan","9":"first","10":"instock","11":"taxable","12":"shipping-taxable","13":"purchasable","14":"product-type-simple"},"yoast_head":"<!-- This site is optimized with the Yoast SEO plugin v27.2 - https:\/\/yoast.com\/product\/yoast-seo-wordpress\/ -->\n<title>Boxring auf dem Boden 5 m &#8211; Daisho<\/title>\n<meta name=\"robots\" content=\"index, follow, max-snippet:-1, max-image-preview:large, max-video-preview:-1\" \/>\n<link rel=\"canonical\" href=\"https:\/\/www.daisho.be\/de\/produit\/boxring-auf-dem-boden-5-m\/\" \/>\n<meta property=\"og:locale\" content=\"de_DE\" \/>\n<meta property=\"og:type\" content=\"article\" \/>\n<meta property=\"og:title\" content=\"Boxring auf dem Boden 5 m &#8211; Daisho\" \/>\n<meta property=\"og:description\" content=\"Der 5 Meter lange Boden-Boxring wurde speziell f\u00fcr das Training entwickelt. Er ist robust und langlebig dank der f\u00fcr seine Konstruktion verwendeten Materialien. Modell: TQ2309 Abmessungen: 5000 \u00d7 5000 \u00d7 1482 mm Materialien: PU-Gewebe, Schaumstoff, hochdichter Schaumstoff, XPE, hochwertiger Kohlenstoffstahl. Eigenschaften: ? Ausgezeichneter Schutz, gute Haftung, verformungsresistent, langlebig, elegant und raffiniert, umweltfreundliche Materialien, ausgezeichnete Herstellungstechnologie; [&hellip;]\" \/>\n<meta property=\"og:url\" content=\"https:\/\/www.daisho.be\/de\/produit\/boxring-auf-dem-boden-5-m\/\" \/>\n<meta property=\"og:site_name\" content=\"Daisho\" \/>\n<meta property=\"og:image\" content=\"https:\/\/www.daisho.be\/wp-content\/uploads\/2026\/03\/image-29.jpg\" \/>\n\t<meta property=\"og:image:width\" content=\"654\" \/>\n\t<meta property=\"og:image:height\" content=\"291\" \/>\n\t<meta property=\"og:image:type\" content=\"image\/jpeg\" \/>\n<meta name=\"twitter:card\" content=\"summary_large_image\" \/>\n<meta name=\"twitter:label1\" content=\"Gesch\u00e4tzte Lesezeit\" \/>\n\t<meta name=\"twitter:data1\" content=\"1\u00a0Minute\" \/>\n<script type=\"application\/ld+json\" class=\"yoast-schema-graph\">{\"@context\":\"https:\/\/schema.org\",\"@graph\":[{\"@type\":\"WebPage\",\"@id\":\"https:\/\/www.daisho.be\/de\/produit\/boxring-auf-dem-boden-5-m\/\",\"url\":\"https:\/\/www.daisho.be\/de\/produit\/boxring-auf-dem-boden-5-m\/\",\"name\":\"Boxring auf dem Boden 5 m &#8211; Daisho\",\"isPartOf\":{\"@id\":\"https:\/\/www.daisho.be\/de\/#website\"},\"primaryImageOfPage\":{\"@id\":\"https:\/\/www.daisho.be\/de\/produit\/boxring-auf-dem-boden-5-m\/#primaryimage\"},\"image\":{\"@id\":\"https:\/\/www.daisho.be\/de\/produit\/boxring-auf-dem-boden-5-m\/#primaryimage\"},\"thumbnailUrl\":\"https:\/\/www.daisho.be\/wp-content\/uploads\/2026\/03\/image-29.jpg\",\"datePublished\":\"2026-03-17T17:25:01+00:00\",\"breadcrumb\":{\"@id\":\"https:\/\/www.daisho.be\/de\/produit\/boxring-auf-dem-boden-5-m\/#breadcrumb\"},\"inLanguage\":\"de\",\"potentialAction\":[{\"@type\":\"ReadAction\",\"target\":[\"https:\/\/www.daisho.be\/de\/produit\/boxring-auf-dem-boden-5-m\/\"]}]},{\"@type\":\"ImageObject\",\"inLanguage\":\"de\",\"@id\":\"https:\/\/www.daisho.be\/de\/produit\/boxring-auf-dem-boden-5-m\/#primaryimage\",\"url\":\"https:\/\/www.daisho.be\/wp-content\/uploads\/2026\/03\/image-29.jpg\",\"contentUrl\":\"https:\/\/www.daisho.be\/wp-content\/uploads\/2026\/03\/image-29.jpg\",\"width\":654,\"height\":291,\"caption\":\"Ring de boxe au sol 5 m-1\"},{\"@type\":\"BreadcrumbList\",\"@id\":\"https:\/\/www.daisho.be\/de\/produit\/boxring-auf-dem-boden-5-m\/#breadcrumb\",\"itemListElement\":[{\"@type\":\"ListItem\",\"position\":1,\"name\":\"Accueil\",\"item\":\"https:\/\/www.daisho.be\/de\/\"},{\"@type\":\"ListItem\",\"position\":2,\"name\":\"Produkte\",\"item\":\"https:\/\/www.daisho.be\/de\/produkte\/\"},{\"@type\":\"ListItem\",\"position\":3,\"name\":\"Kampfsportarten\",\"item\":\"https:\/\/www.daisho.be\/de\/categorie-produit\/kampfsportarten\/\"},{\"@type\":\"ListItem\",\"position\":4,\"name\":\"Wettbewerbsausr\u00fcstungen\",\"item\":\"https:\/\/www.daisho.be\/de\/categorie-produit\/kampfsportarten\/wettbewerbsausrustungen\/\"},{\"@type\":\"ListItem\",\"position\":5,\"name\":\"Boxring auf dem Boden 5 m\"}]},{\"@type\":\"WebSite\",\"@id\":\"https:\/\/www.daisho.be\/de\/#website\",\"url\":\"https:\/\/www.daisho.be\/de\/\",\"name\":\"Daisho\",\"description\":\"Sp&eacute;cialiste de l'&eacute;quipement sportif d'arts martiaux\",\"publisher\":{\"@id\":\"https:\/\/www.daisho.be\/de\/#organization\"},\"potentialAction\":[{\"@type\":\"SearchAction\",\"target\":{\"@type\":\"EntryPoint\",\"urlTemplate\":\"https:\/\/www.daisho.be\/de\/?s={search_term_string}\"},\"query-input\":{\"@type\":\"PropertyValueSpecification\",\"valueRequired\":true,\"valueName\":\"search_term_string\"}}],\"inLanguage\":\"de\"},{\"@type\":\"Organization\",\"@id\":\"https:\/\/www.daisho.be\/de\/#organization\",\"name\":\"Daisho\",\"url\":\"https:\/\/www.daisho.be\/de\/\",\"logo\":{\"@type\":\"ImageObject\",\"inLanguage\":\"de\",\"@id\":\"https:\/\/www.daisho.be\/de\/#\/schema\/logo\/image\/\",\"url\":\"https:\/\/www.daisho.be\/wp-content\/uploads\/2019\/07\/color-nothing-horizontale4x-e1564486100247.png\",\"contentUrl\":\"https:\/\/www.daisho.be\/wp-content\/uploads\/2019\/07\/color-nothing-horizontale4x-e1564486100247.png\",\"width\":1547,\"height\":385,\"caption\":\"Daisho\"},\"image\":{\"@id\":\"https:\/\/www.daisho.be\/de\/#\/schema\/logo\/image\/\"}}]}<\/script>\n<!-- \/ Yoast SEO plugin. -->","yoast_head_json":{"title":"Boxring auf dem Boden 5 m &#8211; Daisho","robots":{"index":"index","follow":"follow","max-snippet":"max-snippet:-1","max-image-preview":"max-image-preview:large","max-video-preview":"max-video-preview:-1"},"canonical":"https:\/\/www.daisho.be\/de\/produit\/boxring-auf-dem-boden-5-m\/","og_locale":"de_DE","og_type":"article","og_title":"Boxring auf dem Boden 5 m &#8211; Daisho","og_description":"Der 5 Meter lange Boden-Boxring wurde speziell f\u00fcr das Training entwickelt. Er ist robust und langlebig dank der f\u00fcr seine Konstruktion verwendeten Materialien. Modell: TQ2309 Abmessungen: 5000 \u00d7 5000 \u00d7 1482 mm Materialien: PU-Gewebe, Schaumstoff, hochdichter Schaumstoff, XPE, hochwertiger Kohlenstoffstahl. Eigenschaften: ? Ausgezeichneter Schutz, gute Haftung, verformungsresistent, langlebig, elegant und raffiniert, umweltfreundliche Materialien, ausgezeichnete Herstellungstechnologie; [&hellip;]","og_url":"https:\/\/www.daisho.be\/de\/produit\/boxring-auf-dem-boden-5-m\/","og_site_name":"Daisho","og_image":[{"width":654,"height":291,"url":"https:\/\/www.daisho.be\/wp-content\/uploads\/2026\/03\/image-29.jpg","type":"image\/jpeg"}],"twitter_card":"summary_large_image","twitter_misc":{"Gesch\u00e4tzte Lesezeit":"1\u00a0Minute"},"schema":{"@context":"https:\/\/schema.org","@graph":[{"@type":"WebPage","@id":"https:\/\/www.daisho.be\/de\/produit\/boxring-auf-dem-boden-5-m\/","url":"https:\/\/www.daisho.be\/de\/produit\/boxring-auf-dem-boden-5-m\/","name":"Boxring auf dem Boden 5 m &#8211; Daisho","isPartOf":{"@id":"https:\/\/www.daisho.be\/de\/#website"},"primaryImageOfPage":{"@id":"https:\/\/www.daisho.be\/de\/produit\/boxring-auf-dem-boden-5-m\/#primaryimage"},"image":{"@id":"https:\/\/www.daisho.be\/de\/produit\/boxring-auf-dem-boden-5-m\/#primaryimage"},"thumbnailUrl":"https:\/\/www.daisho.be\/wp-content\/uploads\/2026\/03\/image-29.jpg","datePublished":"2026-03-17T17:25:01+00:00","breadcrumb":{"@id":"https:\/\/www.daisho.be\/de\/produit\/boxring-auf-dem-boden-5-m\/#breadcrumb"},"inLanguage":"de","potentialAction":[{"@type":"ReadAction","target":["https:\/\/www.daisho.be\/de\/produit\/boxring-auf-dem-boden-5-m\/"]}]},{"@type":"ImageObject","inLanguage":"de","@id":"https:\/\/www.daisho.be\/de\/produit\/boxring-auf-dem-boden-5-m\/#primaryimage","url":"https:\/\/www.daisho.be\/wp-content\/uploads\/2026\/03\/image-29.jpg","contentUrl":"https:\/\/www.daisho.be\/wp-content\/uploads\/2026\/03\/image-29.jpg","width":654,"height":291,"caption":"Ring de boxe au sol 5 m-1"},{"@type":"BreadcrumbList","@id":"https:\/\/www.daisho.be\/de\/produit\/boxring-auf-dem-boden-5-m\/#breadcrumb","itemListElement":[{"@type":"ListItem","position":1,"name":"Accueil","item":"https:\/\/www.daisho.be\/de\/"},{"@type":"ListItem","position":2,"name":"Produkte","item":"https:\/\/www.daisho.be\/de\/produkte\/"},{"@type":"ListItem","position":3,"name":"Kampfsportarten","item":"https:\/\/www.daisho.be\/de\/categorie-produit\/kampfsportarten\/"},{"@type":"ListItem","position":4,"name":"Wettbewerbsausr\u00fcstungen","item":"https:\/\/www.daisho.be\/de\/categorie-produit\/kampfsportarten\/wettbewerbsausrustungen\/"},{"@type":"ListItem","position":5,"name":"Boxring auf dem Boden 5 m"}]},{"@type":"WebSite","@id":"https:\/\/www.daisho.be\/de\/#website","url":"https:\/\/www.daisho.be\/de\/","name":"Daisho","description":"Sp&eacute;cialiste de l'&eacute;quipement sportif d'arts martiaux","publisher":{"@id":"https:\/\/www.daisho.be\/de\/#organization"},"potentialAction":[{"@type":"SearchAction","target":{"@type":"EntryPoint","urlTemplate":"https:\/\/www.daisho.be\/de\/?s={search_term_string}"},"query-input":{"@type":"PropertyValueSpecification","valueRequired":true,"valueName":"search_term_string"}}],"inLanguage":"de"},{"@type":"Organization","@id":"https:\/\/www.daisho.be\/de\/#organization","name":"Daisho","url":"https:\/\/www.daisho.be\/de\/","logo":{"@type":"ImageObject","inLanguage":"de","@id":"https:\/\/www.daisho.be\/de\/#\/schema\/logo\/image\/","url":"https:\/\/www.daisho.be\/wp-content\/uploads\/2019\/07\/color-nothing-horizontale4x-e1564486100247.png","contentUrl":"https:\/\/www.daisho.be\/wp-content\/uploads\/2019\/07\/color-nothing-horizontale4x-e1564486100247.png","width":1547,"height":385,"caption":"Daisho"},"image":{"@id":"https:\/\/www.daisho.be\/de\/#\/schema\/logo\/image\/"}}]}},"_links":{"self":[{"href":"https:\/\/www.daisho.be\/de\/wp-json\/wp\/v2\/product\/669334","targetHints":{"allow":["GET"]}}],"collection":[{"href":"https:\/\/www.daisho.be\/de\/wp-json\/wp\/v2\/product"}],"about":[{"href":"https:\/\/www.daisho.be\/de\/wp-json\/wp\/v2\/types\/product"}],"replies":[{"embeddable":true,"href":"https:\/\/www.daisho.be\/de\/wp-json\/wp\/v2\/comments?post=669334"}],"wp:featuredmedia":[{"embeddable":true,"href":"https:\/\/www.daisho.be\/de\/wp-json\/wp\/v2\/media\/669297"}],"wp:attachment":[{"href":"https:\/\/www.daisho.be\/de\/wp-json\/wp\/v2\/media?parent=669334"}],"wp:term":[{"taxonomy":"product_brand","embeddable":true,"href":"https:\/\/www.daisho.be\/de\/wp-json\/wp\/v2\/product_brand?post=669334"},{"taxonomy":"product_cat","embeddable":true,"href":"https:\/\/www.daisho.be\/de\/wp-json\/wp\/v2\/product_cat?post=669334"},{"taxonomy":"product_tag","embeddable":true,"href":"https:\/\/www.daisho.be\/de\/wp-json\/wp\/v2\/product_tag?post=669334"},{"taxonomy":"sport","embeddable":true,"href":"https:\/\/www.daisho.be\/de\/wp-json\/wp\/v2\/sport?post=669334"}],"curies":[{"name":"wp","href":"https:\/\/api.w.org\/{rel}","templated":true}]}}