{"id":669291,"date":"2026-03-17T18:24:32","date_gmt":"2026-03-17T17:24:32","guid":{"rendered":"https:\/\/www.daisho.be\/produit\/mma-oktogon-7m-x-7m\/"},"modified":"2026-03-17T18:24:32","modified_gmt":"2026-03-17T17:24:32","slug":"mma-oktogon-7m-x-7m","status":"publish","type":"product","link":"https:\/\/www.daisho.be\/de\/produit\/mma-oktogon-7m-x-7m\/","title":{"rendered":"MMA-Oktogon &#8211; 7m x 7m"},"content":{"rendered":"<p>Spezifikationen :  <\/p>\n<p>Der achteckige Rahmen des K\u00e4figs besteht aus einer Stahlkonstruktion mit einer pulverisierten Rostschutzbeschichtung.<br \/>\nDie R\u00fcckenlehne ist innen und au\u00dfen aus verschlei\u00df- und rei\u00dffestem PU gefertigt und mit einer kompressionsgeformten, hochdichten EVA-Polsterung versehen.<br \/>\nDie speziellen Holzbretter, die in dem achteckigen K\u00e4fig verlegt wurden, haben eine Dicke von 2,5 cm.<br \/>\nDer Ringteppich ist ein spezieller Kampfteppich mit einer Dicke von 3 cm und einer m\u00e4\u00dfigen H\u00e4rte.<br \/>\nDer Bezugsstoff ist ein rutschfester PVC-Zwischenstoff, der mit Hilfe einer Hei\u00dfsiegelungstechnologie hergestellt wird.<br \/>\nDas Netz des K\u00e4figs ist ein in Kunststoff getauchtes Maschennetz.<\/p>\n<p>Funktionen und Anwendungen :<\/p>\n<p>Die Plattform hat eine flache, stabile Oberfl\u00e4che mit einer m\u00e4\u00dfigen Elastizit\u00e4t, was den Athleten hilft, ein hohes Leistungsniveau beim Training und bei Wettk\u00e4mpfen zu erreichen.<br \/>\nSie eignet sich f\u00fcr das Training und den Wettkampf bei Kampfsportveranstaltungen, beugt Verletzungen der Sportler wirksam vor und verbessert ihre professionellen technischen und taktischen F\u00e4higkeiten.<\/p>\n<p>Gr\u00f6\u00dfe: 7 m x 7 m<\/p>\n","protected":false},"excerpt":{"rendered":"<p>Spezifikationen : Der achteckige Rahmen des K\u00e4figs besteht aus einer Stahlkonstruktion mit einer pulverisierten Rostschutzbeschichtung. Die R\u00fcckenlehne ist innen und au\u00dfen aus verschlei\u00df- und rei\u00dffestem PU gefertigt und mit einer kompressionsgeformten, hochdichten EVA-Polsterung versehen. Die speziellen Holzbretter, die in dem achteckigen K\u00e4fig verlegt wurden, haben eine Dicke von 2,5 cm. Der Ringteppich ist ein spezieller [&hellip;]<\/p>\n","protected":false},"featured_media":669272,"comment_status":"open","ping_status":"closed","template":"","meta":{"inline_featured_image":false},"product_brand":[],"product_cat":[2356],"product_tag":[2526],"sport":[],"class_list":{"0":"post-669291","1":"product","2":"type-product","3":"status-publish","4":"has-post-thumbnail","6":"product_cat-andere-de","7":"product_tag-taishan","9":"first","10":"instock","11":"taxable","12":"shipping-taxable","13":"purchasable","14":"product-type-simple"},"yoast_head":"<!-- This site is optimized with the Yoast SEO plugin v27.2 - https:\/\/yoast.com\/product\/yoast-seo-wordpress\/ -->\n<title>MMA-Oktogon - 7m x 7m &#8211; Daisho<\/title>\n<meta name=\"robots\" content=\"index, follow, max-snippet:-1, max-image-preview:large, max-video-preview:-1\" \/>\n<link rel=\"canonical\" href=\"https:\/\/www.daisho.be\/de\/produit\/mma-oktogon-7m-x-7m\/\" \/>\n<meta property=\"og:locale\" content=\"de_DE\" \/>\n<meta property=\"og:type\" content=\"article\" \/>\n<meta property=\"og:title\" content=\"MMA-Oktogon - 7m x 7m &#8211; Daisho\" \/>\n<meta property=\"og:description\" content=\"Spezifikationen : Der achteckige Rahmen des K\u00e4figs besteht aus einer Stahlkonstruktion mit einer pulverisierten Rostschutzbeschichtung. Die R\u00fcckenlehne ist innen und au\u00dfen aus verschlei\u00df- und rei\u00dffestem PU gefertigt und mit einer kompressionsgeformten, hochdichten EVA-Polsterung versehen. Die speziellen Holzbretter, die in dem achteckigen K\u00e4fig verlegt wurden, haben eine Dicke von 2,5 cm. Der Ringteppich ist ein spezieller [&hellip;]\" \/>\n<meta property=\"og:url\" content=\"https:\/\/www.daisho.be\/de\/produit\/mma-oktogon-7m-x-7m\/\" \/>\n<meta property=\"og:site_name\" content=\"Daisho\" \/>\n<meta property=\"og:image\" content=\"https:\/\/www.daisho.be\/wp-content\/uploads\/2026\/03\/image-40.png\" \/>\n\t<meta property=\"og:image:width\" content=\"284\" \/>\n\t<meta property=\"og:image:height\" content=\"232\" \/>\n\t<meta property=\"og:image:type\" content=\"image\/png\" \/>\n<meta name=\"twitter:card\" content=\"summary_large_image\" \/>\n<meta name=\"twitter:label1\" content=\"Gesch\u00e4tzte Lesezeit\" \/>\n\t<meta name=\"twitter:data1\" content=\"1\u00a0Minute\" \/>\n<script type=\"application\/ld+json\" class=\"yoast-schema-graph\">{\"@context\":\"https:\/\/schema.org\",\"@graph\":[{\"@type\":\"WebPage\",\"@id\":\"https:\/\/www.daisho.be\/de\/produit\/mma-oktogon-7m-x-7m\/\",\"url\":\"https:\/\/www.daisho.be\/de\/produit\/mma-oktogon-7m-x-7m\/\",\"name\":\"MMA-Oktogon - 7m x 7m &#8211; Daisho\",\"isPartOf\":{\"@id\":\"https:\/\/www.daisho.be\/de\/#website\"},\"primaryImageOfPage\":{\"@id\":\"https:\/\/www.daisho.be\/de\/produit\/mma-oktogon-7m-x-7m\/#primaryimage\"},\"image\":{\"@id\":\"https:\/\/www.daisho.be\/de\/produit\/mma-oktogon-7m-x-7m\/#primaryimage\"},\"thumbnailUrl\":\"https:\/\/www.daisho.be\/wp-content\/uploads\/2026\/03\/image-40.png\",\"datePublished\":\"2026-03-17T17:24:32+00:00\",\"breadcrumb\":{\"@id\":\"https:\/\/www.daisho.be\/de\/produit\/mma-oktogon-7m-x-7m\/#breadcrumb\"},\"inLanguage\":\"de\",\"potentialAction\":[{\"@type\":\"ReadAction\",\"target\":[\"https:\/\/www.daisho.be\/de\/produit\/mma-oktogon-7m-x-7m\/\"]}]},{\"@type\":\"ImageObject\",\"inLanguage\":\"de\",\"@id\":\"https:\/\/www.daisho.be\/de\/produit\/mma-oktogon-7m-x-7m\/#primaryimage\",\"url\":\"https:\/\/www.daisho.be\/wp-content\/uploads\/2026\/03\/image-40.png\",\"contentUrl\":\"https:\/\/www.daisho.be\/wp-content\/uploads\/2026\/03\/image-40.png\",\"width\":284,\"height\":232,\"caption\":\"Octogone de MMA - 7m x 7m-1\"},{\"@type\":\"BreadcrumbList\",\"@id\":\"https:\/\/www.daisho.be\/de\/produit\/mma-oktogon-7m-x-7m\/#breadcrumb\",\"itemListElement\":[{\"@type\":\"ListItem\",\"position\":1,\"name\":\"Accueil\",\"item\":\"https:\/\/www.daisho.be\/de\/\"},{\"@type\":\"ListItem\",\"position\":2,\"name\":\"Produkte\",\"item\":\"https:\/\/www.daisho.be\/de\/produkte\/\"},{\"@type\":\"ListItem\",\"position\":3,\"name\":\"Andere\",\"item\":\"https:\/\/www.daisho.be\/de\/categorie-produit\/andere-de\/\"},{\"@type\":\"ListItem\",\"position\":4,\"name\":\"MMA-Oktogon &#8211; 7m x 7m\"}]},{\"@type\":\"WebSite\",\"@id\":\"https:\/\/www.daisho.be\/de\/#website\",\"url\":\"https:\/\/www.daisho.be\/de\/\",\"name\":\"Daisho\",\"description\":\"Sp&eacute;cialiste de l'&eacute;quipement sportif d'arts martiaux\",\"publisher\":{\"@id\":\"https:\/\/www.daisho.be\/de\/#organization\"},\"potentialAction\":[{\"@type\":\"SearchAction\",\"target\":{\"@type\":\"EntryPoint\",\"urlTemplate\":\"https:\/\/www.daisho.be\/de\/?s={search_term_string}\"},\"query-input\":{\"@type\":\"PropertyValueSpecification\",\"valueRequired\":true,\"valueName\":\"search_term_string\"}}],\"inLanguage\":\"de\"},{\"@type\":\"Organization\",\"@id\":\"https:\/\/www.daisho.be\/de\/#organization\",\"name\":\"Daisho\",\"url\":\"https:\/\/www.daisho.be\/de\/\",\"logo\":{\"@type\":\"ImageObject\",\"inLanguage\":\"de\",\"@id\":\"https:\/\/www.daisho.be\/de\/#\/schema\/logo\/image\/\",\"url\":\"https:\/\/www.daisho.be\/wp-content\/uploads\/2019\/07\/color-nothing-horizontale4x-e1564486100247.png\",\"contentUrl\":\"https:\/\/www.daisho.be\/wp-content\/uploads\/2019\/07\/color-nothing-horizontale4x-e1564486100247.png\",\"width\":1547,\"height\":385,\"caption\":\"Daisho\"},\"image\":{\"@id\":\"https:\/\/www.daisho.be\/de\/#\/schema\/logo\/image\/\"}}]}<\/script>\n<!-- \/ Yoast SEO plugin. -->","yoast_head_json":{"title":"MMA-Oktogon - 7m x 7m &#8211; Daisho","robots":{"index":"index","follow":"follow","max-snippet":"max-snippet:-1","max-image-preview":"max-image-preview:large","max-video-preview":"max-video-preview:-1"},"canonical":"https:\/\/www.daisho.be\/de\/produit\/mma-oktogon-7m-x-7m\/","og_locale":"de_DE","og_type":"article","og_title":"MMA-Oktogon - 7m x 7m &#8211; Daisho","og_description":"Spezifikationen : Der achteckige Rahmen des K\u00e4figs besteht aus einer Stahlkonstruktion mit einer pulverisierten Rostschutzbeschichtung. Die R\u00fcckenlehne ist innen und au\u00dfen aus verschlei\u00df- und rei\u00dffestem PU gefertigt und mit einer kompressionsgeformten, hochdichten EVA-Polsterung versehen. Die speziellen Holzbretter, die in dem achteckigen K\u00e4fig verlegt wurden, haben eine Dicke von 2,5 cm. Der Ringteppich ist ein spezieller [&hellip;]","og_url":"https:\/\/www.daisho.be\/de\/produit\/mma-oktogon-7m-x-7m\/","og_site_name":"Daisho","og_image":[{"width":284,"height":232,"url":"https:\/\/www.daisho.be\/wp-content\/uploads\/2026\/03\/image-40.png","type":"image\/png"}],"twitter_card":"summary_large_image","twitter_misc":{"Gesch\u00e4tzte Lesezeit":"1\u00a0Minute"},"schema":{"@context":"https:\/\/schema.org","@graph":[{"@type":"WebPage","@id":"https:\/\/www.daisho.be\/de\/produit\/mma-oktogon-7m-x-7m\/","url":"https:\/\/www.daisho.be\/de\/produit\/mma-oktogon-7m-x-7m\/","name":"MMA-Oktogon - 7m x 7m &#8211; Daisho","isPartOf":{"@id":"https:\/\/www.daisho.be\/de\/#website"},"primaryImageOfPage":{"@id":"https:\/\/www.daisho.be\/de\/produit\/mma-oktogon-7m-x-7m\/#primaryimage"},"image":{"@id":"https:\/\/www.daisho.be\/de\/produit\/mma-oktogon-7m-x-7m\/#primaryimage"},"thumbnailUrl":"https:\/\/www.daisho.be\/wp-content\/uploads\/2026\/03\/image-40.png","datePublished":"2026-03-17T17:24:32+00:00","breadcrumb":{"@id":"https:\/\/www.daisho.be\/de\/produit\/mma-oktogon-7m-x-7m\/#breadcrumb"},"inLanguage":"de","potentialAction":[{"@type":"ReadAction","target":["https:\/\/www.daisho.be\/de\/produit\/mma-oktogon-7m-x-7m\/"]}]},{"@type":"ImageObject","inLanguage":"de","@id":"https:\/\/www.daisho.be\/de\/produit\/mma-oktogon-7m-x-7m\/#primaryimage","url":"https:\/\/www.daisho.be\/wp-content\/uploads\/2026\/03\/image-40.png","contentUrl":"https:\/\/www.daisho.be\/wp-content\/uploads\/2026\/03\/image-40.png","width":284,"height":232,"caption":"Octogone de MMA - 7m x 7m-1"},{"@type":"BreadcrumbList","@id":"https:\/\/www.daisho.be\/de\/produit\/mma-oktogon-7m-x-7m\/#breadcrumb","itemListElement":[{"@type":"ListItem","position":1,"name":"Accueil","item":"https:\/\/www.daisho.be\/de\/"},{"@type":"ListItem","position":2,"name":"Produkte","item":"https:\/\/www.daisho.be\/de\/produkte\/"},{"@type":"ListItem","position":3,"name":"Andere","item":"https:\/\/www.daisho.be\/de\/categorie-produit\/andere-de\/"},{"@type":"ListItem","position":4,"name":"MMA-Oktogon &#8211; 7m x 7m"}]},{"@type":"WebSite","@id":"https:\/\/www.daisho.be\/de\/#website","url":"https:\/\/www.daisho.be\/de\/","name":"Daisho","description":"Sp&eacute;cialiste de l'&eacute;quipement sportif d'arts martiaux","publisher":{"@id":"https:\/\/www.daisho.be\/de\/#organization"},"potentialAction":[{"@type":"SearchAction","target":{"@type":"EntryPoint","urlTemplate":"https:\/\/www.daisho.be\/de\/?s={search_term_string}"},"query-input":{"@type":"PropertyValueSpecification","valueRequired":true,"valueName":"search_term_string"}}],"inLanguage":"de"},{"@type":"Organization","@id":"https:\/\/www.daisho.be\/de\/#organization","name":"Daisho","url":"https:\/\/www.daisho.be\/de\/","logo":{"@type":"ImageObject","inLanguage":"de","@id":"https:\/\/www.daisho.be\/de\/#\/schema\/logo\/image\/","url":"https:\/\/www.daisho.be\/wp-content\/uploads\/2019\/07\/color-nothing-horizontale4x-e1564486100247.png","contentUrl":"https:\/\/www.daisho.be\/wp-content\/uploads\/2019\/07\/color-nothing-horizontale4x-e1564486100247.png","width":1547,"height":385,"caption":"Daisho"},"image":{"@id":"https:\/\/www.daisho.be\/de\/#\/schema\/logo\/image\/"}}]}},"_links":{"self":[{"href":"https:\/\/www.daisho.be\/de\/wp-json\/wp\/v2\/product\/669291","targetHints":{"allow":["GET"]}}],"collection":[{"href":"https:\/\/www.daisho.be\/de\/wp-json\/wp\/v2\/product"}],"about":[{"href":"https:\/\/www.daisho.be\/de\/wp-json\/wp\/v2\/types\/product"}],"replies":[{"embeddable":true,"href":"https:\/\/www.daisho.be\/de\/wp-json\/wp\/v2\/comments?post=669291"}],"wp:featuredmedia":[{"embeddable":true,"href":"https:\/\/www.daisho.be\/de\/wp-json\/wp\/v2\/media\/669272"}],"wp:attachment":[{"href":"https:\/\/www.daisho.be\/de\/wp-json\/wp\/v2\/media?parent=669291"}],"wp:term":[{"taxonomy":"product_brand","embeddable":true,"href":"https:\/\/www.daisho.be\/de\/wp-json\/wp\/v2\/product_brand?post=669291"},{"taxonomy":"product_cat","embeddable":true,"href":"https:\/\/www.daisho.be\/de\/wp-json\/wp\/v2\/product_cat?post=669291"},{"taxonomy":"product_tag","embeddable":true,"href":"https:\/\/www.daisho.be\/de\/wp-json\/wp\/v2\/product_tag?post=669291"},{"taxonomy":"sport","embeddable":true,"href":"https:\/\/www.daisho.be\/de\/wp-json\/wp\/v2\/sport?post=669291"}],"curies":[{"name":"wp","href":"https:\/\/api.w.org\/{rel}","templated":true}]}}