{"id":669018,"date":"2026-03-16T12:13:16","date_gmt":"2026-03-16T11:13:16","guid":{"rendered":"https:\/\/www.daisho.be\/produit\/latexband-rot-120-m-strong-vrac\/"},"modified":"2026-03-16T12:13:32","modified_gmt":"2026-03-16T11:13:32","slug":"latexband-rot-120-m-strong-vrac","status":"publish","type":"product","link":"https:\/\/www.daisho.be\/de\/produit\/latexband-rot-120-m-strong-vrac\/","title":{"rendered":"Latexband rot 1,20 m strong vrac"},"content":{"rendered":"<p>Zur Verwendung zu Hause oder im Fitnessstudio f\u00fcr Pilates, Muskelaufbau, Rehabilitation und Stretching.<br \/>\nUm die Langlebigkeit Ihres Produkts zu gew\u00e4hrleisten, sollten Sie es vor Licht gesch\u00fctzt lagern und gelegentlich mit Talkumpuder behandeln.<\/p>\n","protected":false},"excerpt":{"rendered":"<p>Zur Verwendung zu Hause oder im Fitnessstudio f\u00fcr Pilates, Muskelaufbau, Rehabilitation und Stretching. Um die Langlebigkeit Ihres Produkts zu gew\u00e4hrleisten, sollten Sie es vor Licht gesch\u00fctzt lagern und gelegentlich mit Talkumpuder behandeln.<\/p>\n","protected":false},"featured_media":669010,"comment_status":"open","ping_status":"closed","template":"","meta":{"inline_featured_image":false},"product_brand":[],"product_cat":[2356],"product_tag":[2225],"sport":[],"class_list":{"0":"post-669018","1":"product","2":"type-product","3":"status-publish","4":"has-post-thumbnail","6":"product_cat-andere-de","7":"product_tag-sveltus-de","9":"first","10":"instock","11":"taxable","12":"shipping-taxable","13":"purchasable","14":"product-type-simple"},"yoast_head":"<!-- This site is optimized with the Yoast SEO plugin v27.2 - https:\/\/yoast.com\/product\/yoast-seo-wordpress\/ -->\n<title>Latexband rot 1,20 m strong vrac &#8211; Daisho<\/title>\n<meta name=\"robots\" content=\"index, follow, max-snippet:-1, max-image-preview:large, max-video-preview:-1\" \/>\n<link rel=\"canonical\" href=\"https:\/\/www.daisho.be\/de\/produit\/latexband-rot-120-m-strong-vrac\/\" \/>\n<meta property=\"og:locale\" content=\"de_DE\" \/>\n<meta property=\"og:type\" content=\"article\" \/>\n<meta property=\"og:title\" content=\"Latexband rot 1,20 m strong vrac &#8211; Daisho\" \/>\n<meta property=\"og:description\" content=\"Zur Verwendung zu Hause oder im Fitnessstudio f\u00fcr Pilates, Muskelaufbau, Rehabilitation und Stretching. Um die Langlebigkeit Ihres Produkts zu gew\u00e4hrleisten, sollten Sie es vor Licht gesch\u00fctzt lagern und gelegentlich mit Talkumpuder behandeln.\" \/>\n<meta property=\"og:url\" content=\"https:\/\/www.daisho.be\/de\/produit\/latexband-rot-120-m-strong-vrac\/\" \/>\n<meta property=\"og:site_name\" content=\"Daisho\" \/>\n<meta property=\"article:modified_time\" content=\"2026-03-16T11:13:32+00:00\" \/>\n<meta property=\"og:image\" content=\"https:\/\/www.daisho.be\/wp-content\/uploads\/2026\/03\/image-26.jpg\" \/>\n\t<meta property=\"og:image:width\" content=\"1200\" \/>\n\t<meta property=\"og:image:height\" content=\"1372\" \/>\n\t<meta property=\"og:image:type\" content=\"image\/jpeg\" \/>\n<meta name=\"twitter:card\" content=\"summary_large_image\" \/>\n<script type=\"application\/ld+json\" class=\"yoast-schema-graph\">{\"@context\":\"https:\/\/schema.org\",\"@graph\":[{\"@type\":\"WebPage\",\"@id\":\"https:\/\/www.daisho.be\/de\/produit\/latexband-rot-120-m-strong-vrac\/\",\"url\":\"https:\/\/www.daisho.be\/de\/produit\/latexband-rot-120-m-strong-vrac\/\",\"name\":\"Latexband rot 1,20 m strong vrac &#8211; Daisho\",\"isPartOf\":{\"@id\":\"https:\/\/www.daisho.be\/de\/#website\"},\"primaryImageOfPage\":{\"@id\":\"https:\/\/www.daisho.be\/de\/produit\/latexband-rot-120-m-strong-vrac\/#primaryimage\"},\"image\":{\"@id\":\"https:\/\/www.daisho.be\/de\/produit\/latexband-rot-120-m-strong-vrac\/#primaryimage\"},\"thumbnailUrl\":\"https:\/\/www.daisho.be\/wp-content\/uploads\/2026\/03\/image-26.jpg\",\"datePublished\":\"2026-03-16T11:13:16+00:00\",\"dateModified\":\"2026-03-16T11:13:32+00:00\",\"breadcrumb\":{\"@id\":\"https:\/\/www.daisho.be\/de\/produit\/latexband-rot-120-m-strong-vrac\/#breadcrumb\"},\"inLanguage\":\"de\",\"potentialAction\":[{\"@type\":\"ReadAction\",\"target\":[\"https:\/\/www.daisho.be\/de\/produit\/latexband-rot-120-m-strong-vrac\/\"]}]},{\"@type\":\"ImageObject\",\"inLanguage\":\"de\",\"@id\":\"https:\/\/www.daisho.be\/de\/produit\/latexband-rot-120-m-strong-vrac\/#primaryimage\",\"url\":\"https:\/\/www.daisho.be\/wp-content\/uploads\/2026\/03\/image-26.jpg\",\"contentUrl\":\"https:\/\/www.daisho.be\/wp-content\/uploads\/2026\/03\/image-26.jpg\",\"width\":1200,\"height\":1372,\"caption\":\"Bande Latex rouge 1,20 m strong vrac-1\"},{\"@type\":\"BreadcrumbList\",\"@id\":\"https:\/\/www.daisho.be\/de\/produit\/latexband-rot-120-m-strong-vrac\/#breadcrumb\",\"itemListElement\":[{\"@type\":\"ListItem\",\"position\":1,\"name\":\"Accueil\",\"item\":\"https:\/\/www.daisho.be\/de\/\"},{\"@type\":\"ListItem\",\"position\":2,\"name\":\"Produkte\",\"item\":\"https:\/\/www.daisho.be\/de\/produkte\/\"},{\"@type\":\"ListItem\",\"position\":3,\"name\":\"Andere\",\"item\":\"https:\/\/www.daisho.be\/de\/categorie-produit\/andere-de\/\"},{\"@type\":\"ListItem\",\"position\":4,\"name\":\"Latexband rot 1,20 m strong vrac\"}]},{\"@type\":\"WebSite\",\"@id\":\"https:\/\/www.daisho.be\/de\/#website\",\"url\":\"https:\/\/www.daisho.be\/de\/\",\"name\":\"Daisho\",\"description\":\"Sp&eacute;cialiste de l'&eacute;quipement sportif d'arts martiaux\",\"publisher\":{\"@id\":\"https:\/\/www.daisho.be\/de\/#organization\"},\"potentialAction\":[{\"@type\":\"SearchAction\",\"target\":{\"@type\":\"EntryPoint\",\"urlTemplate\":\"https:\/\/www.daisho.be\/de\/?s={search_term_string}\"},\"query-input\":{\"@type\":\"PropertyValueSpecification\",\"valueRequired\":true,\"valueName\":\"search_term_string\"}}],\"inLanguage\":\"de\"},{\"@type\":\"Organization\",\"@id\":\"https:\/\/www.daisho.be\/de\/#organization\",\"name\":\"Daisho\",\"url\":\"https:\/\/www.daisho.be\/de\/\",\"logo\":{\"@type\":\"ImageObject\",\"inLanguage\":\"de\",\"@id\":\"https:\/\/www.daisho.be\/de\/#\/schema\/logo\/image\/\",\"url\":\"https:\/\/www.daisho.be\/wp-content\/uploads\/2019\/07\/color-nothing-horizontale4x-e1564486100247.png\",\"contentUrl\":\"https:\/\/www.daisho.be\/wp-content\/uploads\/2019\/07\/color-nothing-horizontale4x-e1564486100247.png\",\"width\":1547,\"height\":385,\"caption\":\"Daisho\"},\"image\":{\"@id\":\"https:\/\/www.daisho.be\/de\/#\/schema\/logo\/image\/\"}}]}<\/script>\n<!-- \/ Yoast SEO plugin. -->","yoast_head_json":{"title":"Latexband rot 1,20 m strong vrac &#8211; Daisho","robots":{"index":"index","follow":"follow","max-snippet":"max-snippet:-1","max-image-preview":"max-image-preview:large","max-video-preview":"max-video-preview:-1"},"canonical":"https:\/\/www.daisho.be\/de\/produit\/latexband-rot-120-m-strong-vrac\/","og_locale":"de_DE","og_type":"article","og_title":"Latexband rot 1,20 m strong vrac &#8211; Daisho","og_description":"Zur Verwendung zu Hause oder im Fitnessstudio f\u00fcr Pilates, Muskelaufbau, Rehabilitation und Stretching. Um die Langlebigkeit Ihres Produkts zu gew\u00e4hrleisten, sollten Sie es vor Licht gesch\u00fctzt lagern und gelegentlich mit Talkumpuder behandeln.","og_url":"https:\/\/www.daisho.be\/de\/produit\/latexband-rot-120-m-strong-vrac\/","og_site_name":"Daisho","article_modified_time":"2026-03-16T11:13:32+00:00","og_image":[{"width":1200,"height":1372,"url":"https:\/\/www.daisho.be\/wp-content\/uploads\/2026\/03\/image-26.jpg","type":"image\/jpeg"}],"twitter_card":"summary_large_image","schema":{"@context":"https:\/\/schema.org","@graph":[{"@type":"WebPage","@id":"https:\/\/www.daisho.be\/de\/produit\/latexband-rot-120-m-strong-vrac\/","url":"https:\/\/www.daisho.be\/de\/produit\/latexband-rot-120-m-strong-vrac\/","name":"Latexband rot 1,20 m strong vrac &#8211; Daisho","isPartOf":{"@id":"https:\/\/www.daisho.be\/de\/#website"},"primaryImageOfPage":{"@id":"https:\/\/www.daisho.be\/de\/produit\/latexband-rot-120-m-strong-vrac\/#primaryimage"},"image":{"@id":"https:\/\/www.daisho.be\/de\/produit\/latexband-rot-120-m-strong-vrac\/#primaryimage"},"thumbnailUrl":"https:\/\/www.daisho.be\/wp-content\/uploads\/2026\/03\/image-26.jpg","datePublished":"2026-03-16T11:13:16+00:00","dateModified":"2026-03-16T11:13:32+00:00","breadcrumb":{"@id":"https:\/\/www.daisho.be\/de\/produit\/latexband-rot-120-m-strong-vrac\/#breadcrumb"},"inLanguage":"de","potentialAction":[{"@type":"ReadAction","target":["https:\/\/www.daisho.be\/de\/produit\/latexband-rot-120-m-strong-vrac\/"]}]},{"@type":"ImageObject","inLanguage":"de","@id":"https:\/\/www.daisho.be\/de\/produit\/latexband-rot-120-m-strong-vrac\/#primaryimage","url":"https:\/\/www.daisho.be\/wp-content\/uploads\/2026\/03\/image-26.jpg","contentUrl":"https:\/\/www.daisho.be\/wp-content\/uploads\/2026\/03\/image-26.jpg","width":1200,"height":1372,"caption":"Bande Latex rouge 1,20 m strong vrac-1"},{"@type":"BreadcrumbList","@id":"https:\/\/www.daisho.be\/de\/produit\/latexband-rot-120-m-strong-vrac\/#breadcrumb","itemListElement":[{"@type":"ListItem","position":1,"name":"Accueil","item":"https:\/\/www.daisho.be\/de\/"},{"@type":"ListItem","position":2,"name":"Produkte","item":"https:\/\/www.daisho.be\/de\/produkte\/"},{"@type":"ListItem","position":3,"name":"Andere","item":"https:\/\/www.daisho.be\/de\/categorie-produit\/andere-de\/"},{"@type":"ListItem","position":4,"name":"Latexband rot 1,20 m strong vrac"}]},{"@type":"WebSite","@id":"https:\/\/www.daisho.be\/de\/#website","url":"https:\/\/www.daisho.be\/de\/","name":"Daisho","description":"Sp&eacute;cialiste de l'&eacute;quipement sportif d'arts martiaux","publisher":{"@id":"https:\/\/www.daisho.be\/de\/#organization"},"potentialAction":[{"@type":"SearchAction","target":{"@type":"EntryPoint","urlTemplate":"https:\/\/www.daisho.be\/de\/?s={search_term_string}"},"query-input":{"@type":"PropertyValueSpecification","valueRequired":true,"valueName":"search_term_string"}}],"inLanguage":"de"},{"@type":"Organization","@id":"https:\/\/www.daisho.be\/de\/#organization","name":"Daisho","url":"https:\/\/www.daisho.be\/de\/","logo":{"@type":"ImageObject","inLanguage":"de","@id":"https:\/\/www.daisho.be\/de\/#\/schema\/logo\/image\/","url":"https:\/\/www.daisho.be\/wp-content\/uploads\/2019\/07\/color-nothing-horizontale4x-e1564486100247.png","contentUrl":"https:\/\/www.daisho.be\/wp-content\/uploads\/2019\/07\/color-nothing-horizontale4x-e1564486100247.png","width":1547,"height":385,"caption":"Daisho"},"image":{"@id":"https:\/\/www.daisho.be\/de\/#\/schema\/logo\/image\/"}}]}},"_links":{"self":[{"href":"https:\/\/www.daisho.be\/de\/wp-json\/wp\/v2\/product\/669018","targetHints":{"allow":["GET"]}}],"collection":[{"href":"https:\/\/www.daisho.be\/de\/wp-json\/wp\/v2\/product"}],"about":[{"href":"https:\/\/www.daisho.be\/de\/wp-json\/wp\/v2\/types\/product"}],"replies":[{"embeddable":true,"href":"https:\/\/www.daisho.be\/de\/wp-json\/wp\/v2\/comments?post=669018"}],"wp:featuredmedia":[{"embeddable":true,"href":"https:\/\/www.daisho.be\/de\/wp-json\/wp\/v2\/media\/669010"}],"wp:attachment":[{"href":"https:\/\/www.daisho.be\/de\/wp-json\/wp\/v2\/media?parent=669018"}],"wp:term":[{"taxonomy":"product_brand","embeddable":true,"href":"https:\/\/www.daisho.be\/de\/wp-json\/wp\/v2\/product_brand?post=669018"},{"taxonomy":"product_cat","embeddable":true,"href":"https:\/\/www.daisho.be\/de\/wp-json\/wp\/v2\/product_cat?post=669018"},{"taxonomy":"product_tag","embeddable":true,"href":"https:\/\/www.daisho.be\/de\/wp-json\/wp\/v2\/product_tag?post=669018"},{"taxonomy":"sport","embeddable":true,"href":"https:\/\/www.daisho.be\/de\/wp-json\/wp\/v2\/sport?post=669018"}],"curies":[{"name":"wp","href":"https:\/\/api.w.org\/{rel}","templated":true}]}}