{"id":666307,"date":"2026-03-06T12:38:07","date_gmt":"2026-03-06T11:38:07","guid":{"rendered":"https:\/\/www.daisho.be\/produit\/adidas-brazilian-jiu-jitsu-kimono-challenge-2-0-blau\/"},"modified":"2026-04-29T16:41:14","modified_gmt":"2026-04-29T14:41:14","slug":"adidas-brazilian-jiu-jitsu-kimono-challenge-2-0-blau","status":"publish","type":"product","link":"https:\/\/www.daisho.be\/de\/produit\/adidas-brazilian-jiu-jitsu-kimono-challenge-2-0-blau\/","title":{"rendered":"Adidas Brazilian Jiu-Jitsu Kimono &#8222;Challenge 2.0&#8220; &#8211; BLAU"},"content":{"rendered":"<p>Der adidas Jiu Jitsu Kimono &#8222;Challenge&#8220; wurde f\u00fcr regelm\u00e4\u00dfiges Jiu-Jitsu-Training entwickelt und bietet ein ausgewogenes Verh\u00e4ltnis zwischen Widerstand und Komfort.<\/p>\n<p>Hergestellt aus 100% Baumwolle mit einem Gewicht von ca. 380 g\/m\u00b2, bietet es eine gute Passform und ist gleichzeitig bequem.<\/p>\n<p>Die Hose ist durchgehend mit Ripstop-Gewebe ausgestattet, das Risse verhindert und die Haltbarkeit verbessert.<\/p>\n<p>Knieverst\u00e4rkungen erh\u00f6hen den Widerstand bei der Bodenarbeit.<\/p>\n<p>Die &#8222;Jiu Jitsu&#8220;-Streifen an den Innenseiten der \u00c4rmel, am unteren Rand der Jacke und der Hose sorgen f\u00fcr eine sorgf\u00e4ltige Verarbeitung.<\/p>\n<p>Das im Sublimationsdruckverfahren bedruckte Innenfutter sorgt f\u00fcr eine dauerhafte Markierung ohne Aufdringlichkeit.<\/p>\n<p>Der G\u00fcrtel ist nicht im Lieferumfang enthalten.<\/p>\n<p>Hauptvorteile :<\/p>\n<p>380 g\/m\u00b2 Baumwollgewebe, guter Kompromiss aus Festigkeit und Komfort<\/p>\n<p>Rei\u00dffeste Ripstop-Hose<\/p>\n<p>Knieverst\u00e4rkung f\u00fcr Grappling<\/p>\n<p>Spezifische Jiu Jitsu-Ausstattung<\/p>\n<p>Dauerhafte Sublimations-Innenmarkierung<\/p>\n","protected":false},"excerpt":{"rendered":"<p>Der adidas Jiu Jitsu Kimono &#8222;Challenge&#8220; wurde f\u00fcr regelm\u00e4\u00dfiges Jiu-Jitsu-Training entwickelt und bietet ein ausgewogenes Verh\u00e4ltnis zwischen Widerstand und Komfort. Hergestellt aus 100% Baumwolle mit einem Gewicht von ca. 380 g\/m\u00b2, bietet es eine gute Passform und ist gleichzeitig bequem. Die Hose ist durchgehend mit Ripstop-Gewebe ausgestattet, das Risse verhindert und die Haltbarkeit verbessert. Knieverst\u00e4rkungen [&hellip;]<\/p>\n","protected":false},"featured_media":687617,"comment_status":"open","ping_status":"closed","template":"","meta":{"inline_featured_image":false},"product_brand":[],"product_cat":[2128,2186,2118],"product_tag":[2178],"sport":[],"class_list":{"0":"post-666307","1":"product","2":"type-product","3":"status-publish","4":"has-post-thumbnail","6":"product_cat-jujitsu-kimono-de","7":"product_cat-kimono-keikogi-fur-jiu-jitsu","8":"product_cat-kleidung-kimonos","9":"product_tag-adidas-de","10":"pa_size-a0","11":"pa_size-a1","12":"pa_size-a2","13":"pa_size-a3","14":"pa_size-a4","16":"first","17":"instock","18":"taxable","19":"shipping-taxable","20":"purchasable","21":"product-type-variable"},"yoast_head":"<!-- This site is optimized with the Yoast SEO plugin v27.2 - https:\/\/yoast.com\/product\/yoast-seo-wordpress\/ -->\n<title>Adidas Brazilian Jiu-Jitsu Kimono &quot;Challenge 2.0&quot; - BLAU &#8211; Daisho<\/title>\n<meta name=\"description\" content=\"JJB Kimono Adidas Challenge: 380g\/m\u00b2 Baumwolle, Ripstop Hose, Knieverst\u00e4rkung. Komfort und Haltbarkeit sind garantiert. Finden Sie ihn auf www.daisho.be|Daisho\" \/>\n<meta name=\"robots\" content=\"index, follow, max-snippet:-1, max-image-preview:large, max-video-preview:-1\" \/>\n<link rel=\"canonical\" href=\"https:\/\/www.daisho.be\/de\/produit\/adidas-brazilian-jiu-jitsu-kimono-challenge-2-0-blau\/\" \/>\n<meta property=\"og:locale\" content=\"de_DE\" \/>\n<meta property=\"og:type\" content=\"article\" \/>\n<meta property=\"og:title\" content=\"Adidas Brazilian Jiu-Jitsu Kimono &quot;Challenge 2.0&quot; - BLAU &#8211; Daisho\" \/>\n<meta property=\"og:description\" content=\"JJB Kimono Adidas Challenge: 380g\/m\u00b2 Baumwolle, Ripstop Hose, Knieverst\u00e4rkung. Komfort und Haltbarkeit sind garantiert. Finden Sie ihn auf www.daisho.be|Daisho\" \/>\n<meta property=\"og:url\" content=\"https:\/\/www.daisho.be\/de\/produit\/adidas-brazilian-jiu-jitsu-kimono-challenge-2-0-blau\/\" \/>\n<meta property=\"og:site_name\" content=\"Daisho\" \/>\n<meta property=\"article:modified_time\" content=\"2026-04-29T14:41:14+00:00\" \/>\n<meta property=\"og:image\" content=\"https:\/\/www.daisho.be\/wp-content\/uploads\/2026\/03\/image-29.png\" \/>\n\t<meta property=\"og:image:width\" content=\"508\" \/>\n\t<meta property=\"og:image:height\" content=\"600\" \/>\n\t<meta property=\"og:image:type\" content=\"image\/png\" \/>\n<meta name=\"twitter:card\" content=\"summary_large_image\" \/>\n<meta name=\"twitter:label1\" content=\"Gesch\u00e4tzte Lesezeit\" \/>\n\t<meta name=\"twitter:data1\" content=\"1\u00a0Minute\" \/>\n<script type=\"application\/ld+json\" class=\"yoast-schema-graph\">{\"@context\":\"https:\/\/schema.org\",\"@graph\":[{\"@type\":\"WebPage\",\"@id\":\"https:\/\/www.daisho.be\/de\/produit\/adidas-brazilian-jiu-jitsu-kimono-challenge-2-0-blau\/\",\"url\":\"https:\/\/www.daisho.be\/de\/produit\/adidas-brazilian-jiu-jitsu-kimono-challenge-2-0-blau\/\",\"name\":\"Adidas Brazilian Jiu-Jitsu Kimono \\\"Challenge 2.0\\\" - BLAU &#8211; Daisho\",\"isPartOf\":{\"@id\":\"https:\/\/www.daisho.be\/de\/#website\"},\"primaryImageOfPage\":{\"@id\":\"https:\/\/www.daisho.be\/de\/produit\/adidas-brazilian-jiu-jitsu-kimono-challenge-2-0-blau\/#primaryimage\"},\"image\":{\"@id\":\"https:\/\/www.daisho.be\/de\/produit\/adidas-brazilian-jiu-jitsu-kimono-challenge-2-0-blau\/#primaryimage\"},\"thumbnailUrl\":\"https:\/\/www.daisho.be\/wp-content\/uploads\/2026\/03\/image-29.png\",\"datePublished\":\"2026-03-06T11:38:07+00:00\",\"dateModified\":\"2026-04-29T14:41:14+00:00\",\"description\":\"JJB Kimono Adidas Challenge: 380g\/m\u00b2 Baumwolle, Ripstop Hose, Knieverst\u00e4rkung. Komfort und Haltbarkeit sind garantiert. Finden Sie ihn auf www.daisho.be|Daisho\",\"breadcrumb\":{\"@id\":\"https:\/\/www.daisho.be\/de\/produit\/adidas-brazilian-jiu-jitsu-kimono-challenge-2-0-blau\/#breadcrumb\"},\"inLanguage\":\"de\",\"potentialAction\":[{\"@type\":\"ReadAction\",\"target\":[\"https:\/\/www.daisho.be\/de\/produit\/adidas-brazilian-jiu-jitsu-kimono-challenge-2-0-blau\/\"]}]},{\"@type\":\"ImageObject\",\"inLanguage\":\"de\",\"@id\":\"https:\/\/www.daisho.be\/de\/produit\/adidas-brazilian-jiu-jitsu-kimono-challenge-2-0-blau\/#primaryimage\",\"url\":\"https:\/\/www.daisho.be\/wp-content\/uploads\/2026\/03\/image-29.png\",\"contentUrl\":\"https:\/\/www.daisho.be\/wp-content\/uploads\/2026\/03\/image-29.png\",\"width\":508,\"height\":600,\"caption\":\"Adidas Brazilian Jiu-Jitsu Kimono \\\"Challenge 2.0\\\" - BLAU-1\"},{\"@type\":\"BreadcrumbList\",\"@id\":\"https:\/\/www.daisho.be\/de\/produit\/adidas-brazilian-jiu-jitsu-kimono-challenge-2-0-blau\/#breadcrumb\",\"itemListElement\":[{\"@type\":\"ListItem\",\"position\":1,\"name\":\"Accueil\",\"item\":\"https:\/\/www.daisho.be\/de\/\"},{\"@type\":\"ListItem\",\"position\":2,\"name\":\"Produkte\",\"item\":\"https:\/\/www.daisho.be\/de\/produkte\/\"},{\"@type\":\"ListItem\",\"position\":3,\"name\":\"Ausr\u00fcstung und Kleidung f\u00fcr Kampfkunst und Kampfsport\",\"item\":\"https:\/\/www.daisho.be\/de\/categorie-produit\/ausrustung-und-kleidung-fur-kampfkunst-und-kampfsport\/\"},{\"@type\":\"ListItem\",\"position\":4,\"name\":\"Brasilianisches Jujitsu und Jiu-Jitsu\",\"item\":\"https:\/\/www.daisho.be\/de\/categorie-produit\/ausrustung-und-kleidung-fur-kampfkunst-und-kampfsport\/brasilianisches-jujitsu-und-jiu-jitsu\/\"},{\"@type\":\"ListItem\",\"position\":5,\"name\":\"Jujitsu Kimono\",\"item\":\"https:\/\/www.daisho.be\/de\/categorie-produit\/ausrustung-und-kleidung-fur-kampfkunst-und-kampfsport\/brasilianisches-jujitsu-und-jiu-jitsu\/jujitsu-kimono-de\/\"},{\"@type\":\"ListItem\",\"position\":6,\"name\":\"Adidas Brazilian Jiu-Jitsu Kimono \u00ab\u00a0Challenge 2.0\u00a0\u00bb &#8211; BLAU\"}]},{\"@type\":\"WebSite\",\"@id\":\"https:\/\/www.daisho.be\/de\/#website\",\"url\":\"https:\/\/www.daisho.be\/de\/\",\"name\":\"Daisho\",\"description\":\"Sp&eacute;cialiste de l'&eacute;quipement sportif d'arts martiaux\",\"publisher\":{\"@id\":\"https:\/\/www.daisho.be\/de\/#organization\"},\"potentialAction\":[{\"@type\":\"SearchAction\",\"target\":{\"@type\":\"EntryPoint\",\"urlTemplate\":\"https:\/\/www.daisho.be\/de\/?s={search_term_string}\"},\"query-input\":{\"@type\":\"PropertyValueSpecification\",\"valueRequired\":true,\"valueName\":\"search_term_string\"}}],\"inLanguage\":\"de\"},{\"@type\":\"Organization\",\"@id\":\"https:\/\/www.daisho.be\/de\/#organization\",\"name\":\"Daisho\",\"url\":\"https:\/\/www.daisho.be\/de\/\",\"logo\":{\"@type\":\"ImageObject\",\"inLanguage\":\"de\",\"@id\":\"https:\/\/www.daisho.be\/de\/#\/schema\/logo\/image\/\",\"url\":\"https:\/\/www.daisho.be\/wp-content\/uploads\/2019\/07\/color-nothing-horizontale4x-e1564486100247.png\",\"contentUrl\":\"https:\/\/www.daisho.be\/wp-content\/uploads\/2019\/07\/color-nothing-horizontale4x-e1564486100247.png\",\"width\":1547,\"height\":385,\"caption\":\"Daisho\"},\"image\":{\"@id\":\"https:\/\/www.daisho.be\/de\/#\/schema\/logo\/image\/\"}}]}<\/script>\n<!-- \/ Yoast SEO plugin. -->","yoast_head_json":{"title":"Adidas Brazilian Jiu-Jitsu Kimono \"Challenge 2.0\" - BLAU &#8211; Daisho","description":"JJB Kimono Adidas Challenge: 380g\/m\u00b2 Baumwolle, Ripstop Hose, Knieverst\u00e4rkung. Komfort und Haltbarkeit sind garantiert. Finden Sie ihn auf www.daisho.be|Daisho","robots":{"index":"index","follow":"follow","max-snippet":"max-snippet:-1","max-image-preview":"max-image-preview:large","max-video-preview":"max-video-preview:-1"},"canonical":"https:\/\/www.daisho.be\/de\/produit\/adidas-brazilian-jiu-jitsu-kimono-challenge-2-0-blau\/","og_locale":"de_DE","og_type":"article","og_title":"Adidas Brazilian Jiu-Jitsu Kimono \"Challenge 2.0\" - BLAU &#8211; Daisho","og_description":"JJB Kimono Adidas Challenge: 380g\/m\u00b2 Baumwolle, Ripstop Hose, Knieverst\u00e4rkung. Komfort und Haltbarkeit sind garantiert. Finden Sie ihn auf www.daisho.be|Daisho","og_url":"https:\/\/www.daisho.be\/de\/produit\/adidas-brazilian-jiu-jitsu-kimono-challenge-2-0-blau\/","og_site_name":"Daisho","article_modified_time":"2026-04-29T14:41:14+00:00","og_image":[{"width":508,"height":600,"url":"https:\/\/www.daisho.be\/wp-content\/uploads\/2026\/03\/image-29.png","type":"image\/png"}],"twitter_card":"summary_large_image","twitter_misc":{"Gesch\u00e4tzte Lesezeit":"1\u00a0Minute"},"schema":{"@context":"https:\/\/schema.org","@graph":[{"@type":"WebPage","@id":"https:\/\/www.daisho.be\/de\/produit\/adidas-brazilian-jiu-jitsu-kimono-challenge-2-0-blau\/","url":"https:\/\/www.daisho.be\/de\/produit\/adidas-brazilian-jiu-jitsu-kimono-challenge-2-0-blau\/","name":"Adidas Brazilian Jiu-Jitsu Kimono \"Challenge 2.0\" - BLAU &#8211; Daisho","isPartOf":{"@id":"https:\/\/www.daisho.be\/de\/#website"},"primaryImageOfPage":{"@id":"https:\/\/www.daisho.be\/de\/produit\/adidas-brazilian-jiu-jitsu-kimono-challenge-2-0-blau\/#primaryimage"},"image":{"@id":"https:\/\/www.daisho.be\/de\/produit\/adidas-brazilian-jiu-jitsu-kimono-challenge-2-0-blau\/#primaryimage"},"thumbnailUrl":"https:\/\/www.daisho.be\/wp-content\/uploads\/2026\/03\/image-29.png","datePublished":"2026-03-06T11:38:07+00:00","dateModified":"2026-04-29T14:41:14+00:00","description":"JJB Kimono Adidas Challenge: 380g\/m\u00b2 Baumwolle, Ripstop Hose, Knieverst\u00e4rkung. Komfort und Haltbarkeit sind garantiert. Finden Sie ihn auf www.daisho.be|Daisho","breadcrumb":{"@id":"https:\/\/www.daisho.be\/de\/produit\/adidas-brazilian-jiu-jitsu-kimono-challenge-2-0-blau\/#breadcrumb"},"inLanguage":"de","potentialAction":[{"@type":"ReadAction","target":["https:\/\/www.daisho.be\/de\/produit\/adidas-brazilian-jiu-jitsu-kimono-challenge-2-0-blau\/"]}]},{"@type":"ImageObject","inLanguage":"de","@id":"https:\/\/www.daisho.be\/de\/produit\/adidas-brazilian-jiu-jitsu-kimono-challenge-2-0-blau\/#primaryimage","url":"https:\/\/www.daisho.be\/wp-content\/uploads\/2026\/03\/image-29.png","contentUrl":"https:\/\/www.daisho.be\/wp-content\/uploads\/2026\/03\/image-29.png","width":508,"height":600,"caption":"Adidas Brazilian Jiu-Jitsu Kimono \"Challenge 2.0\" - BLAU-1"},{"@type":"BreadcrumbList","@id":"https:\/\/www.daisho.be\/de\/produit\/adidas-brazilian-jiu-jitsu-kimono-challenge-2-0-blau\/#breadcrumb","itemListElement":[{"@type":"ListItem","position":1,"name":"Accueil","item":"https:\/\/www.daisho.be\/de\/"},{"@type":"ListItem","position":2,"name":"Produkte","item":"https:\/\/www.daisho.be\/de\/produkte\/"},{"@type":"ListItem","position":3,"name":"Ausr\u00fcstung und Kleidung f\u00fcr Kampfkunst und Kampfsport","item":"https:\/\/www.daisho.be\/de\/categorie-produit\/ausrustung-und-kleidung-fur-kampfkunst-und-kampfsport\/"},{"@type":"ListItem","position":4,"name":"Brasilianisches Jujitsu und Jiu-Jitsu","item":"https:\/\/www.daisho.be\/de\/categorie-produit\/ausrustung-und-kleidung-fur-kampfkunst-und-kampfsport\/brasilianisches-jujitsu-und-jiu-jitsu\/"},{"@type":"ListItem","position":5,"name":"Jujitsu Kimono","item":"https:\/\/www.daisho.be\/de\/categorie-produit\/ausrustung-und-kleidung-fur-kampfkunst-und-kampfsport\/brasilianisches-jujitsu-und-jiu-jitsu\/jujitsu-kimono-de\/"},{"@type":"ListItem","position":6,"name":"Adidas Brazilian Jiu-Jitsu Kimono \u00ab\u00a0Challenge 2.0\u00a0\u00bb &#8211; BLAU"}]},{"@type":"WebSite","@id":"https:\/\/www.daisho.be\/de\/#website","url":"https:\/\/www.daisho.be\/de\/","name":"Daisho","description":"Sp&eacute;cialiste de l'&eacute;quipement sportif d'arts martiaux","publisher":{"@id":"https:\/\/www.daisho.be\/de\/#organization"},"potentialAction":[{"@type":"SearchAction","target":{"@type":"EntryPoint","urlTemplate":"https:\/\/www.daisho.be\/de\/?s={search_term_string}"},"query-input":{"@type":"PropertyValueSpecification","valueRequired":true,"valueName":"search_term_string"}}],"inLanguage":"de"},{"@type":"Organization","@id":"https:\/\/www.daisho.be\/de\/#organization","name":"Daisho","url":"https:\/\/www.daisho.be\/de\/","logo":{"@type":"ImageObject","inLanguage":"de","@id":"https:\/\/www.daisho.be\/de\/#\/schema\/logo\/image\/","url":"https:\/\/www.daisho.be\/wp-content\/uploads\/2019\/07\/color-nothing-horizontale4x-e1564486100247.png","contentUrl":"https:\/\/www.daisho.be\/wp-content\/uploads\/2019\/07\/color-nothing-horizontale4x-e1564486100247.png","width":1547,"height":385,"caption":"Daisho"},"image":{"@id":"https:\/\/www.daisho.be\/de\/#\/schema\/logo\/image\/"}}]}},"_links":{"self":[{"href":"https:\/\/www.daisho.be\/de\/wp-json\/wp\/v2\/product\/666307","targetHints":{"allow":["GET"]}}],"collection":[{"href":"https:\/\/www.daisho.be\/de\/wp-json\/wp\/v2\/product"}],"about":[{"href":"https:\/\/www.daisho.be\/de\/wp-json\/wp\/v2\/types\/product"}],"replies":[{"embeddable":true,"href":"https:\/\/www.daisho.be\/de\/wp-json\/wp\/v2\/comments?post=666307"}],"wp:featuredmedia":[{"embeddable":true,"href":"https:\/\/www.daisho.be\/de\/wp-json\/wp\/v2\/media\/687617"}],"wp:attachment":[{"href":"https:\/\/www.daisho.be\/de\/wp-json\/wp\/v2\/media?parent=666307"}],"wp:term":[{"taxonomy":"product_brand","embeddable":true,"href":"https:\/\/www.daisho.be\/de\/wp-json\/wp\/v2\/product_brand?post=666307"},{"taxonomy":"product_cat","embeddable":true,"href":"https:\/\/www.daisho.be\/de\/wp-json\/wp\/v2\/product_cat?post=666307"},{"taxonomy":"product_tag","embeddable":true,"href":"https:\/\/www.daisho.be\/de\/wp-json\/wp\/v2\/product_tag?post=666307"},{"taxonomy":"sport","embeddable":true,"href":"https:\/\/www.daisho.be\/de\/wp-json\/wp\/v2\/sport?post=666307"}],"curies":[{"name":"wp","href":"https:\/\/api.w.org\/{rel}","templated":true}]}}