{"id":665683,"date":"2026-03-03T14:45:36","date_gmt":"2026-03-03T13:45:36","guid":{"rendered":"https:\/\/www.daisho.be\/produit\/adidas-protour-3-2-rucksack\/"},"modified":"2026-03-03T14:45:36","modified_gmt":"2026-03-03T13:45:36","slug":"adidas-protour-3-2-rucksack","status":"publish","type":"product","link":"https:\/\/www.daisho.be\/de\/produit\/adidas-protour-3-2-rucksack\/","title":{"rendered":"ADIDAS PROTOUR 3.2 RUCKSACK"},"content":{"rendered":"<p>Die Tasche ist kompakt und ergonomisch und hat die perfekte Gr\u00f6\u00dfe, um den Schl\u00e4ger zu verstauen und gleichzeitig Platz f\u00fcr Kleidung und anderes Zubeh\u00f6r zu lassen, das Sie f\u00fcr Ihr Spiel ben\u00f6tigen.<br \/>\nAu\u00dferdem verf\u00fcgt sie \u00fcber ein spezielles Fach f\u00fcr einen Laptop und Seitentaschen f\u00fcr allt\u00e4gliche Gegenst\u00e4nde.<br \/>\nGepolsterter R\u00fccken f\u00fcr zus\u00e4tzlichen Komfort.<br \/>\n4 Au\u00dfentaschen f\u00fcr praktische Aufbewahrung.<\/p>\n","protected":false},"excerpt":{"rendered":"<p>Die Tasche ist kompakt und ergonomisch und hat die perfekte Gr\u00f6\u00dfe, um den Schl\u00e4ger zu verstauen und gleichzeitig Platz f\u00fcr Kleidung und anderes Zubeh\u00f6r zu lassen, das Sie f\u00fcr Ihr Spiel ben\u00f6tigen. Au\u00dferdem verf\u00fcgt sie \u00fcber ein spezielles Fach f\u00fcr einen Laptop und Seitentaschen f\u00fcr allt\u00e4gliche Gegenst\u00e4nde. Gepolsterter R\u00fccken f\u00fcr zus\u00e4tzlichen Komfort. 4 Au\u00dfentaschen f\u00fcr [&hellip;]<\/p>\n","protected":false},"featured_media":665672,"comment_status":"open","ping_status":"closed","template":"","meta":{"inline_featured_image":false},"product_brand":[],"product_cat":[2061],"product_tag":[2178],"sport":[],"class_list":{"0":"post-665683","1":"product","2":"type-product","3":"status-publish","4":"has-post-thumbnail","6":"product_cat-sporttaschen","7":"product_tag-adidas-de","9":"first","10":"instock","11":"taxable","12":"shipping-taxable","13":"purchasable","14":"product-type-simple"},"yoast_head":"<!-- This site is optimized with the Yoast SEO plugin v27.2 - https:\/\/yoast.com\/product\/yoast-seo-wordpress\/ -->\n<title>ADIDAS PROTOUR 3.2 RUCKSACK &#8211; Daisho<\/title>\n<meta name=\"robots\" content=\"index, follow, max-snippet:-1, max-image-preview:large, max-video-preview:-1\" \/>\n<link rel=\"canonical\" href=\"https:\/\/www.daisho.be\/de\/produit\/adidas-protour-3-2-rucksack\/\" \/>\n<meta property=\"og:locale\" content=\"de_DE\" \/>\n<meta property=\"og:type\" content=\"article\" \/>\n<meta property=\"og:title\" content=\"ADIDAS PROTOUR 3.2 RUCKSACK &#8211; Daisho\" \/>\n<meta property=\"og:description\" content=\"Die Tasche ist kompakt und ergonomisch und hat die perfekte Gr\u00f6\u00dfe, um den Schl\u00e4ger zu verstauen und gleichzeitig Platz f\u00fcr Kleidung und anderes Zubeh\u00f6r zu lassen, das Sie f\u00fcr Ihr Spiel ben\u00f6tigen. Au\u00dferdem verf\u00fcgt sie \u00fcber ein spezielles Fach f\u00fcr einen Laptop und Seitentaschen f\u00fcr allt\u00e4gliche Gegenst\u00e4nde. Gepolsterter R\u00fccken f\u00fcr zus\u00e4tzlichen Komfort. 4 Au\u00dfentaschen f\u00fcr [&hellip;]\" \/>\n<meta property=\"og:url\" content=\"https:\/\/www.daisho.be\/de\/produit\/adidas-protour-3-2-rucksack\/\" \/>\n<meta property=\"og:site_name\" content=\"Daisho\" \/>\n<meta property=\"og:image\" content=\"https:\/\/www.daisho.be\/wp-content\/uploads\/2026\/03\/image-18.png\" \/>\n\t<meta property=\"og:image:width\" content=\"426\" \/>\n\t<meta property=\"og:image:height\" content=\"428\" \/>\n\t<meta property=\"og:image:type\" content=\"image\/png\" \/>\n<meta name=\"twitter:card\" content=\"summary_large_image\" \/>\n<script type=\"application\/ld+json\" class=\"yoast-schema-graph\">{\"@context\":\"https:\/\/schema.org\",\"@graph\":[{\"@type\":\"WebPage\",\"@id\":\"https:\/\/www.daisho.be\/de\/produit\/adidas-protour-3-2-rucksack\/\",\"url\":\"https:\/\/www.daisho.be\/de\/produit\/adidas-protour-3-2-rucksack\/\",\"name\":\"ADIDAS PROTOUR 3.2 RUCKSACK &#8211; Daisho\",\"isPartOf\":{\"@id\":\"https:\/\/www.daisho.be\/de\/#website\"},\"primaryImageOfPage\":{\"@id\":\"https:\/\/www.daisho.be\/de\/produit\/adidas-protour-3-2-rucksack\/#primaryimage\"},\"image\":{\"@id\":\"https:\/\/www.daisho.be\/de\/produit\/adidas-protour-3-2-rucksack\/#primaryimage\"},\"thumbnailUrl\":\"https:\/\/www.daisho.be\/wp-content\/uploads\/2026\/03\/image-18.png\",\"datePublished\":\"2026-03-03T13:45:36+00:00\",\"breadcrumb\":{\"@id\":\"https:\/\/www.daisho.be\/de\/produit\/adidas-protour-3-2-rucksack\/#breadcrumb\"},\"inLanguage\":\"de\",\"potentialAction\":[{\"@type\":\"ReadAction\",\"target\":[\"https:\/\/www.daisho.be\/de\/produit\/adidas-protour-3-2-rucksack\/\"]}]},{\"@type\":\"ImageObject\",\"inLanguage\":\"de\",\"@id\":\"https:\/\/www.daisho.be\/de\/produit\/adidas-protour-3-2-rucksack\/#primaryimage\",\"url\":\"https:\/\/www.daisho.be\/wp-content\/uploads\/2026\/03\/image-18.png\",\"contentUrl\":\"https:\/\/www.daisho.be\/wp-content\/uploads\/2026\/03\/image-18.png\",\"width\":426,\"height\":428,\"caption\":\"SAC \u00c0 DOS ADIDAS PROTOUR 3.2-1\"},{\"@type\":\"BreadcrumbList\",\"@id\":\"https:\/\/www.daisho.be\/de\/produit\/adidas-protour-3-2-rucksack\/#breadcrumb\",\"itemListElement\":[{\"@type\":\"ListItem\",\"position\":1,\"name\":\"Accueil\",\"item\":\"https:\/\/www.daisho.be\/de\/\"},{\"@type\":\"ListItem\",\"position\":2,\"name\":\"Produkte\",\"item\":\"https:\/\/www.daisho.be\/de\/produkte\/\"},{\"@type\":\"ListItem\",\"position\":3,\"name\":\"Kampfsportarten\",\"item\":\"https:\/\/www.daisho.be\/de\/categorie-produit\/kampfsportarten\/\"},{\"@type\":\"ListItem\",\"position\":4,\"name\":\"Sporttaschen\",\"item\":\"https:\/\/www.daisho.be\/de\/categorie-produit\/kampfsportarten\/sporttaschen\/\"},{\"@type\":\"ListItem\",\"position\":5,\"name\":\"ADIDAS PROTOUR 3.2 RUCKSACK\"}]},{\"@type\":\"WebSite\",\"@id\":\"https:\/\/www.daisho.be\/de\/#website\",\"url\":\"https:\/\/www.daisho.be\/de\/\",\"name\":\"Daisho\",\"description\":\"Sp&eacute;cialiste de l'&eacute;quipement sportif d'arts martiaux\",\"publisher\":{\"@id\":\"https:\/\/www.daisho.be\/de\/#organization\"},\"potentialAction\":[{\"@type\":\"SearchAction\",\"target\":{\"@type\":\"EntryPoint\",\"urlTemplate\":\"https:\/\/www.daisho.be\/de\/?s={search_term_string}\"},\"query-input\":{\"@type\":\"PropertyValueSpecification\",\"valueRequired\":true,\"valueName\":\"search_term_string\"}}],\"inLanguage\":\"de\"},{\"@type\":\"Organization\",\"@id\":\"https:\/\/www.daisho.be\/de\/#organization\",\"name\":\"Daisho\",\"url\":\"https:\/\/www.daisho.be\/de\/\",\"logo\":{\"@type\":\"ImageObject\",\"inLanguage\":\"de\",\"@id\":\"https:\/\/www.daisho.be\/de\/#\/schema\/logo\/image\/\",\"url\":\"https:\/\/www.daisho.be\/wp-content\/uploads\/2019\/07\/color-nothing-horizontale4x-e1564486100247.png\",\"contentUrl\":\"https:\/\/www.daisho.be\/wp-content\/uploads\/2019\/07\/color-nothing-horizontale4x-e1564486100247.png\",\"width\":1547,\"height\":385,\"caption\":\"Daisho\"},\"image\":{\"@id\":\"https:\/\/www.daisho.be\/de\/#\/schema\/logo\/image\/\"}}]}<\/script>\n<!-- \/ Yoast SEO plugin. -->","yoast_head_json":{"title":"ADIDAS PROTOUR 3.2 RUCKSACK &#8211; Daisho","robots":{"index":"index","follow":"follow","max-snippet":"max-snippet:-1","max-image-preview":"max-image-preview:large","max-video-preview":"max-video-preview:-1"},"canonical":"https:\/\/www.daisho.be\/de\/produit\/adidas-protour-3-2-rucksack\/","og_locale":"de_DE","og_type":"article","og_title":"ADIDAS PROTOUR 3.2 RUCKSACK &#8211; Daisho","og_description":"Die Tasche ist kompakt und ergonomisch und hat die perfekte Gr\u00f6\u00dfe, um den Schl\u00e4ger zu verstauen und gleichzeitig Platz f\u00fcr Kleidung und anderes Zubeh\u00f6r zu lassen, das Sie f\u00fcr Ihr Spiel ben\u00f6tigen. Au\u00dferdem verf\u00fcgt sie \u00fcber ein spezielles Fach f\u00fcr einen Laptop und Seitentaschen f\u00fcr allt\u00e4gliche Gegenst\u00e4nde. Gepolsterter R\u00fccken f\u00fcr zus\u00e4tzlichen Komfort. 4 Au\u00dfentaschen f\u00fcr [&hellip;]","og_url":"https:\/\/www.daisho.be\/de\/produit\/adidas-protour-3-2-rucksack\/","og_site_name":"Daisho","og_image":[{"width":426,"height":428,"url":"https:\/\/www.daisho.be\/wp-content\/uploads\/2026\/03\/image-18.png","type":"image\/png"}],"twitter_card":"summary_large_image","schema":{"@context":"https:\/\/schema.org","@graph":[{"@type":"WebPage","@id":"https:\/\/www.daisho.be\/de\/produit\/adidas-protour-3-2-rucksack\/","url":"https:\/\/www.daisho.be\/de\/produit\/adidas-protour-3-2-rucksack\/","name":"ADIDAS PROTOUR 3.2 RUCKSACK &#8211; Daisho","isPartOf":{"@id":"https:\/\/www.daisho.be\/de\/#website"},"primaryImageOfPage":{"@id":"https:\/\/www.daisho.be\/de\/produit\/adidas-protour-3-2-rucksack\/#primaryimage"},"image":{"@id":"https:\/\/www.daisho.be\/de\/produit\/adidas-protour-3-2-rucksack\/#primaryimage"},"thumbnailUrl":"https:\/\/www.daisho.be\/wp-content\/uploads\/2026\/03\/image-18.png","datePublished":"2026-03-03T13:45:36+00:00","breadcrumb":{"@id":"https:\/\/www.daisho.be\/de\/produit\/adidas-protour-3-2-rucksack\/#breadcrumb"},"inLanguage":"de","potentialAction":[{"@type":"ReadAction","target":["https:\/\/www.daisho.be\/de\/produit\/adidas-protour-3-2-rucksack\/"]}]},{"@type":"ImageObject","inLanguage":"de","@id":"https:\/\/www.daisho.be\/de\/produit\/adidas-protour-3-2-rucksack\/#primaryimage","url":"https:\/\/www.daisho.be\/wp-content\/uploads\/2026\/03\/image-18.png","contentUrl":"https:\/\/www.daisho.be\/wp-content\/uploads\/2026\/03\/image-18.png","width":426,"height":428,"caption":"SAC \u00c0 DOS ADIDAS PROTOUR 3.2-1"},{"@type":"BreadcrumbList","@id":"https:\/\/www.daisho.be\/de\/produit\/adidas-protour-3-2-rucksack\/#breadcrumb","itemListElement":[{"@type":"ListItem","position":1,"name":"Accueil","item":"https:\/\/www.daisho.be\/de\/"},{"@type":"ListItem","position":2,"name":"Produkte","item":"https:\/\/www.daisho.be\/de\/produkte\/"},{"@type":"ListItem","position":3,"name":"Kampfsportarten","item":"https:\/\/www.daisho.be\/de\/categorie-produit\/kampfsportarten\/"},{"@type":"ListItem","position":4,"name":"Sporttaschen","item":"https:\/\/www.daisho.be\/de\/categorie-produit\/kampfsportarten\/sporttaschen\/"},{"@type":"ListItem","position":5,"name":"ADIDAS PROTOUR 3.2 RUCKSACK"}]},{"@type":"WebSite","@id":"https:\/\/www.daisho.be\/de\/#website","url":"https:\/\/www.daisho.be\/de\/","name":"Daisho","description":"Sp&eacute;cialiste de l'&eacute;quipement sportif d'arts martiaux","publisher":{"@id":"https:\/\/www.daisho.be\/de\/#organization"},"potentialAction":[{"@type":"SearchAction","target":{"@type":"EntryPoint","urlTemplate":"https:\/\/www.daisho.be\/de\/?s={search_term_string}"},"query-input":{"@type":"PropertyValueSpecification","valueRequired":true,"valueName":"search_term_string"}}],"inLanguage":"de"},{"@type":"Organization","@id":"https:\/\/www.daisho.be\/de\/#organization","name":"Daisho","url":"https:\/\/www.daisho.be\/de\/","logo":{"@type":"ImageObject","inLanguage":"de","@id":"https:\/\/www.daisho.be\/de\/#\/schema\/logo\/image\/","url":"https:\/\/www.daisho.be\/wp-content\/uploads\/2019\/07\/color-nothing-horizontale4x-e1564486100247.png","contentUrl":"https:\/\/www.daisho.be\/wp-content\/uploads\/2019\/07\/color-nothing-horizontale4x-e1564486100247.png","width":1547,"height":385,"caption":"Daisho"},"image":{"@id":"https:\/\/www.daisho.be\/de\/#\/schema\/logo\/image\/"}}]}},"_links":{"self":[{"href":"https:\/\/www.daisho.be\/de\/wp-json\/wp\/v2\/product\/665683","targetHints":{"allow":["GET"]}}],"collection":[{"href":"https:\/\/www.daisho.be\/de\/wp-json\/wp\/v2\/product"}],"about":[{"href":"https:\/\/www.daisho.be\/de\/wp-json\/wp\/v2\/types\/product"}],"replies":[{"embeddable":true,"href":"https:\/\/www.daisho.be\/de\/wp-json\/wp\/v2\/comments?post=665683"}],"wp:featuredmedia":[{"embeddable":true,"href":"https:\/\/www.daisho.be\/de\/wp-json\/wp\/v2\/media\/665672"}],"wp:attachment":[{"href":"https:\/\/www.daisho.be\/de\/wp-json\/wp\/v2\/media?parent=665683"}],"wp:term":[{"taxonomy":"product_brand","embeddable":true,"href":"https:\/\/www.daisho.be\/de\/wp-json\/wp\/v2\/product_brand?post=665683"},{"taxonomy":"product_cat","embeddable":true,"href":"https:\/\/www.daisho.be\/de\/wp-json\/wp\/v2\/product_cat?post=665683"},{"taxonomy":"product_tag","embeddable":true,"href":"https:\/\/www.daisho.be\/de\/wp-json\/wp\/v2\/product_tag?post=665683"},{"taxonomy":"sport","embeddable":true,"href":"https:\/\/www.daisho.be\/de\/wp-json\/wp\/v2\/sport?post=665683"}],"curies":[{"name":"wp","href":"https:\/\/api.w.org\/{rel}","templated":true}]}}