{"id":665682,"date":"2026-03-03T14:43:22","date_gmt":"2026-03-03T13:43:22","guid":{"rendered":"https:\/\/www.daisho.be\/produit\/adidas-multigame-3-3-rucksack\/"},"modified":"2026-03-03T14:43:22","modified_gmt":"2026-03-03T13:43:22","slug":"adidas-multigame-3-3-rucksack","status":"publish","type":"product","link":"https:\/\/www.daisho.be\/de\/produit\/adidas-multigame-3-3-rucksack\/","title":{"rendered":"ADIDAS MULTIGAME 3.3 RUCKSACK"},"content":{"rendered":"<p>Der neue Multigame 3.3 Blue Rucksack ist ein Rucksack, der so entworfen und hergestellt wurde, dass er die besten Voraussetzungen bietet, um die gesamte Ausr\u00fcstung, die Sie auf dem Padel-Court ben\u00f6tigen, zu transportieren.<\/p>\n<p>Das gro\u00dfe Fach kann durch die Rolltop-\u00d6ffnung in seinem Volumen variiert werden. <\/p>\n<p>Es verf\u00fcgt \u00fcber eine Trennwand f\u00fcr einen Laptop und eine Tasche f\u00fcr kleinere Gegenst\u00e4nde. <\/p>\n<p>An den Seiten befinden sich zwei Netztaschen f\u00fcr Flaschen.<\/p>\n<p>Die Materialien wurden so gew\u00e4hlt, dass sie ein H\u00f6chstma\u00df an Komfort und Strapazierf\u00e4higkeit bieten.<\/p>\n","protected":false},"excerpt":{"rendered":"<p>Der neue Multigame 3.3 Blue Rucksack ist ein Rucksack, der so entworfen und hergestellt wurde, dass er die besten Voraussetzungen bietet, um die gesamte Ausr\u00fcstung, die Sie auf dem Padel-Court ben\u00f6tigen, zu transportieren. Das gro\u00dfe Fach kann durch die Rolltop-\u00d6ffnung in seinem Volumen variiert werden. Es verf\u00fcgt \u00fcber eine Trennwand f\u00fcr einen Laptop und eine [&hellip;]<\/p>\n","protected":false},"featured_media":665666,"comment_status":"open","ping_status":"closed","template":"","meta":{"inline_featured_image":false},"product_brand":[],"product_cat":[2061],"product_tag":[2178],"sport":[],"class_list":{"0":"post-665682","1":"product","2":"type-product","3":"status-publish","4":"has-post-thumbnail","6":"product_cat-sporttaschen","7":"product_tag-adidas-de","9":"first","10":"instock","11":"taxable","12":"shipping-taxable","13":"purchasable","14":"product-type-simple"},"yoast_head":"<!-- This site is optimized with the Yoast SEO plugin v27.2 - https:\/\/yoast.com\/product\/yoast-seo-wordpress\/ -->\n<title>ADIDAS MULTIGAME 3.3 RUCKSACK &#8211; Daisho<\/title>\n<meta name=\"robots\" content=\"index, follow, max-snippet:-1, max-image-preview:large, max-video-preview:-1\" \/>\n<link rel=\"canonical\" href=\"https:\/\/www.daisho.be\/de\/produit\/adidas-multigame-3-3-rucksack\/\" \/>\n<meta property=\"og:locale\" content=\"de_DE\" \/>\n<meta property=\"og:type\" content=\"article\" \/>\n<meta property=\"og:title\" content=\"ADIDAS MULTIGAME 3.3 RUCKSACK &#8211; Daisho\" \/>\n<meta property=\"og:description\" content=\"Der neue Multigame 3.3 Blue Rucksack ist ein Rucksack, der so entworfen und hergestellt wurde, dass er die besten Voraussetzungen bietet, um die gesamte Ausr\u00fcstung, die Sie auf dem Padel-Court ben\u00f6tigen, zu transportieren. Das gro\u00dfe Fach kann durch die Rolltop-\u00d6ffnung in seinem Volumen variiert werden. Es verf\u00fcgt \u00fcber eine Trennwand f\u00fcr einen Laptop und eine [&hellip;]\" \/>\n<meta property=\"og:url\" content=\"https:\/\/www.daisho.be\/de\/produit\/adidas-multigame-3-3-rucksack\/\" \/>\n<meta property=\"og:site_name\" content=\"Daisho\" \/>\n<meta property=\"og:image\" content=\"https:\/\/www.daisho.be\/wp-content\/uploads\/2026\/03\/image-16.png\" \/>\n\t<meta property=\"og:image:width\" content=\"427\" \/>\n\t<meta property=\"og:image:height\" content=\"427\" \/>\n\t<meta property=\"og:image:type\" content=\"image\/png\" \/>\n<meta name=\"twitter:card\" content=\"summary_large_image\" \/>\n<script type=\"application\/ld+json\" class=\"yoast-schema-graph\">{\"@context\":\"https:\/\/schema.org\",\"@graph\":[{\"@type\":\"WebPage\",\"@id\":\"https:\/\/www.daisho.be\/de\/produit\/adidas-multigame-3-3-rucksack\/\",\"url\":\"https:\/\/www.daisho.be\/de\/produit\/adidas-multigame-3-3-rucksack\/\",\"name\":\"ADIDAS MULTIGAME 3.3 RUCKSACK &#8211; Daisho\",\"isPartOf\":{\"@id\":\"https:\/\/www.daisho.be\/de\/#website\"},\"primaryImageOfPage\":{\"@id\":\"https:\/\/www.daisho.be\/de\/produit\/adidas-multigame-3-3-rucksack\/#primaryimage\"},\"image\":{\"@id\":\"https:\/\/www.daisho.be\/de\/produit\/adidas-multigame-3-3-rucksack\/#primaryimage\"},\"thumbnailUrl\":\"https:\/\/www.daisho.be\/wp-content\/uploads\/2026\/03\/image-16.png\",\"datePublished\":\"2026-03-03T13:43:22+00:00\",\"breadcrumb\":{\"@id\":\"https:\/\/www.daisho.be\/de\/produit\/adidas-multigame-3-3-rucksack\/#breadcrumb\"},\"inLanguage\":\"de\",\"potentialAction\":[{\"@type\":\"ReadAction\",\"target\":[\"https:\/\/www.daisho.be\/de\/produit\/adidas-multigame-3-3-rucksack\/\"]}]},{\"@type\":\"ImageObject\",\"inLanguage\":\"de\",\"@id\":\"https:\/\/www.daisho.be\/de\/produit\/adidas-multigame-3-3-rucksack\/#primaryimage\",\"url\":\"https:\/\/www.daisho.be\/wp-content\/uploads\/2026\/03\/image-16.png\",\"contentUrl\":\"https:\/\/www.daisho.be\/wp-content\/uploads\/2026\/03\/image-16.png\",\"width\":427,\"height\":427,\"caption\":\"SAC \u00c0 DOS ADIDAS MULTIGAME 3.3-1\"},{\"@type\":\"BreadcrumbList\",\"@id\":\"https:\/\/www.daisho.be\/de\/produit\/adidas-multigame-3-3-rucksack\/#breadcrumb\",\"itemListElement\":[{\"@type\":\"ListItem\",\"position\":1,\"name\":\"Accueil\",\"item\":\"https:\/\/www.daisho.be\/de\/\"},{\"@type\":\"ListItem\",\"position\":2,\"name\":\"Produkte\",\"item\":\"https:\/\/www.daisho.be\/de\/produkte\/\"},{\"@type\":\"ListItem\",\"position\":3,\"name\":\"Kampfsportarten\",\"item\":\"https:\/\/www.daisho.be\/de\/categorie-produit\/kampfsportarten\/\"},{\"@type\":\"ListItem\",\"position\":4,\"name\":\"Sporttaschen\",\"item\":\"https:\/\/www.daisho.be\/de\/categorie-produit\/kampfsportarten\/sporttaschen\/\"},{\"@type\":\"ListItem\",\"position\":5,\"name\":\"ADIDAS MULTIGAME 3.3 RUCKSACK\"}]},{\"@type\":\"WebSite\",\"@id\":\"https:\/\/www.daisho.be\/de\/#website\",\"url\":\"https:\/\/www.daisho.be\/de\/\",\"name\":\"Daisho\",\"description\":\"Sp&eacute;cialiste de l'&eacute;quipement sportif d'arts martiaux\",\"publisher\":{\"@id\":\"https:\/\/www.daisho.be\/de\/#organization\"},\"potentialAction\":[{\"@type\":\"SearchAction\",\"target\":{\"@type\":\"EntryPoint\",\"urlTemplate\":\"https:\/\/www.daisho.be\/de\/?s={search_term_string}\"},\"query-input\":{\"@type\":\"PropertyValueSpecification\",\"valueRequired\":true,\"valueName\":\"search_term_string\"}}],\"inLanguage\":\"de\"},{\"@type\":\"Organization\",\"@id\":\"https:\/\/www.daisho.be\/de\/#organization\",\"name\":\"Daisho\",\"url\":\"https:\/\/www.daisho.be\/de\/\",\"logo\":{\"@type\":\"ImageObject\",\"inLanguage\":\"de\",\"@id\":\"https:\/\/www.daisho.be\/de\/#\/schema\/logo\/image\/\",\"url\":\"https:\/\/www.daisho.be\/wp-content\/uploads\/2019\/07\/color-nothing-horizontale4x-e1564486100247.png\",\"contentUrl\":\"https:\/\/www.daisho.be\/wp-content\/uploads\/2019\/07\/color-nothing-horizontale4x-e1564486100247.png\",\"width\":1547,\"height\":385,\"caption\":\"Daisho\"},\"image\":{\"@id\":\"https:\/\/www.daisho.be\/de\/#\/schema\/logo\/image\/\"}}]}<\/script>\n<!-- \/ Yoast SEO plugin. -->","yoast_head_json":{"title":"ADIDAS MULTIGAME 3.3 RUCKSACK &#8211; Daisho","robots":{"index":"index","follow":"follow","max-snippet":"max-snippet:-1","max-image-preview":"max-image-preview:large","max-video-preview":"max-video-preview:-1"},"canonical":"https:\/\/www.daisho.be\/de\/produit\/adidas-multigame-3-3-rucksack\/","og_locale":"de_DE","og_type":"article","og_title":"ADIDAS MULTIGAME 3.3 RUCKSACK &#8211; Daisho","og_description":"Der neue Multigame 3.3 Blue Rucksack ist ein Rucksack, der so entworfen und hergestellt wurde, dass er die besten Voraussetzungen bietet, um die gesamte Ausr\u00fcstung, die Sie auf dem Padel-Court ben\u00f6tigen, zu transportieren. Das gro\u00dfe Fach kann durch die Rolltop-\u00d6ffnung in seinem Volumen variiert werden. Es verf\u00fcgt \u00fcber eine Trennwand f\u00fcr einen Laptop und eine [&hellip;]","og_url":"https:\/\/www.daisho.be\/de\/produit\/adidas-multigame-3-3-rucksack\/","og_site_name":"Daisho","og_image":[{"width":427,"height":427,"url":"https:\/\/www.daisho.be\/wp-content\/uploads\/2026\/03\/image-16.png","type":"image\/png"}],"twitter_card":"summary_large_image","schema":{"@context":"https:\/\/schema.org","@graph":[{"@type":"WebPage","@id":"https:\/\/www.daisho.be\/de\/produit\/adidas-multigame-3-3-rucksack\/","url":"https:\/\/www.daisho.be\/de\/produit\/adidas-multigame-3-3-rucksack\/","name":"ADIDAS MULTIGAME 3.3 RUCKSACK &#8211; Daisho","isPartOf":{"@id":"https:\/\/www.daisho.be\/de\/#website"},"primaryImageOfPage":{"@id":"https:\/\/www.daisho.be\/de\/produit\/adidas-multigame-3-3-rucksack\/#primaryimage"},"image":{"@id":"https:\/\/www.daisho.be\/de\/produit\/adidas-multigame-3-3-rucksack\/#primaryimage"},"thumbnailUrl":"https:\/\/www.daisho.be\/wp-content\/uploads\/2026\/03\/image-16.png","datePublished":"2026-03-03T13:43:22+00:00","breadcrumb":{"@id":"https:\/\/www.daisho.be\/de\/produit\/adidas-multigame-3-3-rucksack\/#breadcrumb"},"inLanguage":"de","potentialAction":[{"@type":"ReadAction","target":["https:\/\/www.daisho.be\/de\/produit\/adidas-multigame-3-3-rucksack\/"]}]},{"@type":"ImageObject","inLanguage":"de","@id":"https:\/\/www.daisho.be\/de\/produit\/adidas-multigame-3-3-rucksack\/#primaryimage","url":"https:\/\/www.daisho.be\/wp-content\/uploads\/2026\/03\/image-16.png","contentUrl":"https:\/\/www.daisho.be\/wp-content\/uploads\/2026\/03\/image-16.png","width":427,"height":427,"caption":"SAC \u00c0 DOS ADIDAS MULTIGAME 3.3-1"},{"@type":"BreadcrumbList","@id":"https:\/\/www.daisho.be\/de\/produit\/adidas-multigame-3-3-rucksack\/#breadcrumb","itemListElement":[{"@type":"ListItem","position":1,"name":"Accueil","item":"https:\/\/www.daisho.be\/de\/"},{"@type":"ListItem","position":2,"name":"Produkte","item":"https:\/\/www.daisho.be\/de\/produkte\/"},{"@type":"ListItem","position":3,"name":"Kampfsportarten","item":"https:\/\/www.daisho.be\/de\/categorie-produit\/kampfsportarten\/"},{"@type":"ListItem","position":4,"name":"Sporttaschen","item":"https:\/\/www.daisho.be\/de\/categorie-produit\/kampfsportarten\/sporttaschen\/"},{"@type":"ListItem","position":5,"name":"ADIDAS MULTIGAME 3.3 RUCKSACK"}]},{"@type":"WebSite","@id":"https:\/\/www.daisho.be\/de\/#website","url":"https:\/\/www.daisho.be\/de\/","name":"Daisho","description":"Sp&eacute;cialiste de l'&eacute;quipement sportif d'arts martiaux","publisher":{"@id":"https:\/\/www.daisho.be\/de\/#organization"},"potentialAction":[{"@type":"SearchAction","target":{"@type":"EntryPoint","urlTemplate":"https:\/\/www.daisho.be\/de\/?s={search_term_string}"},"query-input":{"@type":"PropertyValueSpecification","valueRequired":true,"valueName":"search_term_string"}}],"inLanguage":"de"},{"@type":"Organization","@id":"https:\/\/www.daisho.be\/de\/#organization","name":"Daisho","url":"https:\/\/www.daisho.be\/de\/","logo":{"@type":"ImageObject","inLanguage":"de","@id":"https:\/\/www.daisho.be\/de\/#\/schema\/logo\/image\/","url":"https:\/\/www.daisho.be\/wp-content\/uploads\/2019\/07\/color-nothing-horizontale4x-e1564486100247.png","contentUrl":"https:\/\/www.daisho.be\/wp-content\/uploads\/2019\/07\/color-nothing-horizontale4x-e1564486100247.png","width":1547,"height":385,"caption":"Daisho"},"image":{"@id":"https:\/\/www.daisho.be\/de\/#\/schema\/logo\/image\/"}}]}},"_links":{"self":[{"href":"https:\/\/www.daisho.be\/de\/wp-json\/wp\/v2\/product\/665682","targetHints":{"allow":["GET"]}}],"collection":[{"href":"https:\/\/www.daisho.be\/de\/wp-json\/wp\/v2\/product"}],"about":[{"href":"https:\/\/www.daisho.be\/de\/wp-json\/wp\/v2\/types\/product"}],"replies":[{"embeddable":true,"href":"https:\/\/www.daisho.be\/de\/wp-json\/wp\/v2\/comments?post=665682"}],"wp:featuredmedia":[{"embeddable":true,"href":"https:\/\/www.daisho.be\/de\/wp-json\/wp\/v2\/media\/665666"}],"wp:attachment":[{"href":"https:\/\/www.daisho.be\/de\/wp-json\/wp\/v2\/media?parent=665682"}],"wp:term":[{"taxonomy":"product_brand","embeddable":true,"href":"https:\/\/www.daisho.be\/de\/wp-json\/wp\/v2\/product_brand?post=665682"},{"taxonomy":"product_cat","embeddable":true,"href":"https:\/\/www.daisho.be\/de\/wp-json\/wp\/v2\/product_cat?post=665682"},{"taxonomy":"product_tag","embeddable":true,"href":"https:\/\/www.daisho.be\/de\/wp-json\/wp\/v2\/product_tag?post=665682"},{"taxonomy":"sport","embeddable":true,"href":"https:\/\/www.daisho.be\/de\/wp-json\/wp\/v2\/sport?post=665682"}],"curies":[{"name":"wp","href":"https:\/\/api.w.org\/{rel}","templated":true}]}}