{"id":664425,"date":"2026-03-02T11:56:23","date_gmt":"2026-03-02T10:56:23","guid":{"rendered":"https:\/\/www.daisho.be\/produit\/adidas-combat-sport-rucksack\/"},"modified":"2026-03-02T12:48:58","modified_gmt":"2026-03-02T11:48:58","slug":"adidas-combat-sport-rucksack","status":"publish","type":"product","link":"https:\/\/www.daisho.be\/de\/produit\/adidas-combat-sport-rucksack\/","title":{"rendered":"Adidas &#8222;COMBAT SPORT&#8220; Rucksack"},"content":{"rendered":"<p>Diese Sporttasche aus recyceltem 600D-Polyester wurde f\u00fcr den regelm\u00e4\u00dfigen Gebrauch entworfen, wobei der Schwerpunkt auf St\u00e4rke und Funktionalit\u00e4t liegt.<\/p>\n<p>Die solide Verarbeitung sorgt f\u00fcr eine gute Haltbarkeit. Die rutschfeste Unterseite verbessert die Stabilit\u00e4t, wenn sie auf den Boden gestellt wird. Der Rei\u00dfverschluss auf der Vorderseite erm\u00f6glicht einen schnellen und einfachen Zugriff auf den Inhalt.  <\/p>\n<p>Die Tasche verf\u00fcgt \u00fcber einen Nylongriff an der Oberseite und Tragegurte f\u00fcr einen bequemen Transport. Die Au\u00dfentaschen aus Netzmaterial sorgen f\u00fcr eine gute Bel\u00fcftung und sind ideal f\u00fcr feuchte Ausr\u00fcstung. <\/p>\n<p>Ein spezieller Innenbereich bietet Platz f\u00fcr einen Computer.<\/p>\n<p>Hauptvorteile :<\/p>\n<p>Strapazierf\u00e4higes 600D recyceltes Polyester<\/p>\n<p>Stabile, rutschfeste Unterlage<\/p>\n<p>Innenfach f\u00fcr Computer<\/p>\n<p>Bel\u00fcftete Netztaschen<\/p>\n<p>Vielseitiger Transport (Griff + Gurte)<\/p>\n<p>Abmessungen : L: 57x33x23 cm<\/p>\n<p>Farben: Schwarz\/Wei\u00df<\/p>\n","protected":false},"excerpt":{"rendered":"<p>Diese Sporttasche aus recyceltem 600D-Polyester wurde f\u00fcr den regelm\u00e4\u00dfigen Gebrauch entworfen, wobei der Schwerpunkt auf St\u00e4rke und Funktionalit\u00e4t liegt. Die solide Verarbeitung sorgt f\u00fcr eine gute Haltbarkeit. Die rutschfeste Unterseite verbessert die Stabilit\u00e4t, wenn sie auf den Boden gestellt wird. Der Rei\u00dfverschluss auf der Vorderseite erm\u00f6glicht einen schnellen und einfachen Zugriff auf den Inhalt. Die [&hellip;]<\/p>\n","protected":false},"featured_media":664463,"comment_status":"open","ping_status":"closed","template":"","meta":{"inline_featured_image":false},"product_brand":[],"product_cat":[2263,2061,2300],"product_tag":[2178],"sport":[],"class_list":{"0":"post-664425","1":"product","2":"type-product","3":"status-publish","4":"has-post-thumbnail","6":"product_cat-karate-tasche-adidas","7":"product_cat-sporttaschen","8":"product_cat-taschen-adidas-combat-sports","9":"product_tag-adidas-de","10":"pa_size-l","11":"pa_size-m","13":"first","14":"instock","15":"taxable","16":"shipping-taxable","17":"purchasable","18":"product-type-variable"},"yoast_head":"<!-- This site is optimized with the Yoast SEO plugin v27.2 - https:\/\/yoast.com\/product\/yoast-seo-wordpress\/ -->\n<title>Adidas &quot;COMBAT SPORT&quot; Rucksack &#8211; Daisho<\/title>\n<meta name=\"description\" content=\"Sporttasche aus recyceltem Polyester 600D mit rutschfestem Boden, bel\u00fcfteten Netztaschen und Computerfach. Strapazierf\u00e4hig und praktisch.\" \/>\n<meta name=\"robots\" content=\"index, follow, max-snippet:-1, max-image-preview:large, max-video-preview:-1\" \/>\n<link rel=\"canonical\" href=\"https:\/\/www.daisho.be\/de\/produit\/adidas-combat-sport-rucksack\/\" \/>\n<meta property=\"og:locale\" content=\"de_DE\" \/>\n<meta property=\"og:type\" content=\"article\" \/>\n<meta property=\"og:title\" content=\"Adidas &quot;COMBAT SPORT&quot; Rucksack &#8211; Daisho\" \/>\n<meta property=\"og:description\" content=\"Sporttasche aus recyceltem Polyester 600D mit rutschfestem Boden, bel\u00fcfteten Netztaschen und Computerfach. Strapazierf\u00e4hig und praktisch.\" \/>\n<meta property=\"og:url\" content=\"https:\/\/www.daisho.be\/de\/produit\/adidas-combat-sport-rucksack\/\" \/>\n<meta property=\"og:site_name\" content=\"Daisho\" \/>\n<meta property=\"article:modified_time\" content=\"2026-03-02T11:48:58+00:00\" \/>\n<meta property=\"og:image\" content=\"https:\/\/www.daisho.be\/wp-content\/uploads\/2026\/03\/image-12.png\" \/>\n\t<meta property=\"og:image:width\" content=\"600\" \/>\n\t<meta property=\"og:image:height\" content=\"686\" \/>\n\t<meta property=\"og:image:type\" content=\"image\/png\" \/>\n<meta name=\"twitter:card\" content=\"summary_large_image\" \/>\n<meta name=\"twitter:label1\" content=\"Gesch\u00e4tzte Lesezeit\" \/>\n\t<meta name=\"twitter:data1\" content=\"1\u00a0Minute\" \/>\n<script type=\"application\/ld+json\" class=\"yoast-schema-graph\">{\"@context\":\"https:\/\/schema.org\",\"@graph\":[{\"@type\":\"WebPage\",\"@id\":\"https:\/\/www.daisho.be\/de\/produit\/adidas-combat-sport-rucksack\/\",\"url\":\"https:\/\/www.daisho.be\/de\/produit\/adidas-combat-sport-rucksack\/\",\"name\":\"Adidas \\\"COMBAT SPORT\\\" Rucksack &#8211; Daisho\",\"isPartOf\":{\"@id\":\"https:\/\/www.daisho.be\/de\/#website\"},\"primaryImageOfPage\":{\"@id\":\"https:\/\/www.daisho.be\/de\/produit\/adidas-combat-sport-rucksack\/#primaryimage\"},\"image\":{\"@id\":\"https:\/\/www.daisho.be\/de\/produit\/adidas-combat-sport-rucksack\/#primaryimage\"},\"thumbnailUrl\":\"https:\/\/www.daisho.be\/wp-content\/uploads\/2026\/03\/image-12.png\",\"datePublished\":\"2026-03-02T10:56:23+00:00\",\"dateModified\":\"2026-03-02T11:48:58+00:00\",\"description\":\"Sporttasche aus recyceltem Polyester 600D mit rutschfestem Boden, bel\u00fcfteten Netztaschen und Computerfach. Strapazierf\u00e4hig und praktisch.\",\"breadcrumb\":{\"@id\":\"https:\/\/www.daisho.be\/de\/produit\/adidas-combat-sport-rucksack\/#breadcrumb\"},\"inLanguage\":\"de\",\"potentialAction\":[{\"@type\":\"ReadAction\",\"target\":[\"https:\/\/www.daisho.be\/de\/produit\/adidas-combat-sport-rucksack\/\"]}]},{\"@type\":\"ImageObject\",\"inLanguage\":\"de\",\"@id\":\"https:\/\/www.daisho.be\/de\/produit\/adidas-combat-sport-rucksack\/#primaryimage\",\"url\":\"https:\/\/www.daisho.be\/wp-content\/uploads\/2026\/03\/image-12.png\",\"contentUrl\":\"https:\/\/www.daisho.be\/wp-content\/uploads\/2026\/03\/image-12.png\",\"width\":600,\"height\":686,\"caption\":\"Adidas \\\"COMBAT SPORT\\\"-Rucksack -5\"},{\"@type\":\"BreadcrumbList\",\"@id\":\"https:\/\/www.daisho.be\/de\/produit\/adidas-combat-sport-rucksack\/#breadcrumb\",\"itemListElement\":[{\"@type\":\"ListItem\",\"position\":1,\"name\":\"Accueil\",\"item\":\"https:\/\/www.daisho.be\/de\/\"},{\"@type\":\"ListItem\",\"position\":2,\"name\":\"Produkte\",\"item\":\"https:\/\/www.daisho.be\/de\/produkte\/\"},{\"@type\":\"ListItem\",\"position\":3,\"name\":\"ADIDAS COMBAT SPORTS\",\"item\":\"https:\/\/www.daisho.be\/de\/categorie-produit\/adidas-combat-sports-de\/\"},{\"@type\":\"ListItem\",\"position\":4,\"name\":\"Karate\",\"item\":\"https:\/\/www.daisho.be\/de\/categorie-produit\/adidas-combat-sports-de\/karate-de\/\"},{\"@type\":\"ListItem\",\"position\":5,\"name\":\"Karate Tasche Adidas\",\"item\":\"https:\/\/www.daisho.be\/de\/categorie-produit\/adidas-combat-sports-de\/karate-de\/karate-tasche-adidas\/\"},{\"@type\":\"ListItem\",\"position\":6,\"name\":\"Adidas &#8222;COMBAT SPORT&#8220; Rucksack\"}]},{\"@type\":\"WebSite\",\"@id\":\"https:\/\/www.daisho.be\/de\/#website\",\"url\":\"https:\/\/www.daisho.be\/de\/\",\"name\":\"Daisho\",\"description\":\"Sp&eacute;cialiste de l'&eacute;quipement sportif d'arts martiaux\",\"publisher\":{\"@id\":\"https:\/\/www.daisho.be\/de\/#organization\"},\"potentialAction\":[{\"@type\":\"SearchAction\",\"target\":{\"@type\":\"EntryPoint\",\"urlTemplate\":\"https:\/\/www.daisho.be\/de\/?s={search_term_string}\"},\"query-input\":{\"@type\":\"PropertyValueSpecification\",\"valueRequired\":true,\"valueName\":\"search_term_string\"}}],\"inLanguage\":\"de\"},{\"@type\":\"Organization\",\"@id\":\"https:\/\/www.daisho.be\/de\/#organization\",\"name\":\"Daisho\",\"url\":\"https:\/\/www.daisho.be\/de\/\",\"logo\":{\"@type\":\"ImageObject\",\"inLanguage\":\"de\",\"@id\":\"https:\/\/www.daisho.be\/de\/#\/schema\/logo\/image\/\",\"url\":\"https:\/\/www.daisho.be\/wp-content\/uploads\/2019\/07\/color-nothing-horizontale4x-e1564486100247.png\",\"contentUrl\":\"https:\/\/www.daisho.be\/wp-content\/uploads\/2019\/07\/color-nothing-horizontale4x-e1564486100247.png\",\"width\":1547,\"height\":385,\"caption\":\"Daisho\"},\"image\":{\"@id\":\"https:\/\/www.daisho.be\/de\/#\/schema\/logo\/image\/\"}}]}<\/script>\n<!-- \/ Yoast SEO plugin. -->","yoast_head_json":{"title":"Adidas \"COMBAT SPORT\" Rucksack &#8211; Daisho","description":"Sporttasche aus recyceltem Polyester 600D mit rutschfestem Boden, bel\u00fcfteten Netztaschen und Computerfach. Strapazierf\u00e4hig und praktisch.","robots":{"index":"index","follow":"follow","max-snippet":"max-snippet:-1","max-image-preview":"max-image-preview:large","max-video-preview":"max-video-preview:-1"},"canonical":"https:\/\/www.daisho.be\/de\/produit\/adidas-combat-sport-rucksack\/","og_locale":"de_DE","og_type":"article","og_title":"Adidas \"COMBAT SPORT\" Rucksack &#8211; Daisho","og_description":"Sporttasche aus recyceltem Polyester 600D mit rutschfestem Boden, bel\u00fcfteten Netztaschen und Computerfach. Strapazierf\u00e4hig und praktisch.","og_url":"https:\/\/www.daisho.be\/de\/produit\/adidas-combat-sport-rucksack\/","og_site_name":"Daisho","article_modified_time":"2026-03-02T11:48:58+00:00","og_image":[{"width":600,"height":686,"url":"https:\/\/www.daisho.be\/wp-content\/uploads\/2026\/03\/image-12.png","type":"image\/png"}],"twitter_card":"summary_large_image","twitter_misc":{"Gesch\u00e4tzte Lesezeit":"1\u00a0Minute"},"schema":{"@context":"https:\/\/schema.org","@graph":[{"@type":"WebPage","@id":"https:\/\/www.daisho.be\/de\/produit\/adidas-combat-sport-rucksack\/","url":"https:\/\/www.daisho.be\/de\/produit\/adidas-combat-sport-rucksack\/","name":"Adidas \"COMBAT SPORT\" Rucksack &#8211; Daisho","isPartOf":{"@id":"https:\/\/www.daisho.be\/de\/#website"},"primaryImageOfPage":{"@id":"https:\/\/www.daisho.be\/de\/produit\/adidas-combat-sport-rucksack\/#primaryimage"},"image":{"@id":"https:\/\/www.daisho.be\/de\/produit\/adidas-combat-sport-rucksack\/#primaryimage"},"thumbnailUrl":"https:\/\/www.daisho.be\/wp-content\/uploads\/2026\/03\/image-12.png","datePublished":"2026-03-02T10:56:23+00:00","dateModified":"2026-03-02T11:48:58+00:00","description":"Sporttasche aus recyceltem Polyester 600D mit rutschfestem Boden, bel\u00fcfteten Netztaschen und Computerfach. Strapazierf\u00e4hig und praktisch.","breadcrumb":{"@id":"https:\/\/www.daisho.be\/de\/produit\/adidas-combat-sport-rucksack\/#breadcrumb"},"inLanguage":"de","potentialAction":[{"@type":"ReadAction","target":["https:\/\/www.daisho.be\/de\/produit\/adidas-combat-sport-rucksack\/"]}]},{"@type":"ImageObject","inLanguage":"de","@id":"https:\/\/www.daisho.be\/de\/produit\/adidas-combat-sport-rucksack\/#primaryimage","url":"https:\/\/www.daisho.be\/wp-content\/uploads\/2026\/03\/image-12.png","contentUrl":"https:\/\/www.daisho.be\/wp-content\/uploads\/2026\/03\/image-12.png","width":600,"height":686,"caption":"Adidas \"COMBAT SPORT\"-Rucksack -5"},{"@type":"BreadcrumbList","@id":"https:\/\/www.daisho.be\/de\/produit\/adidas-combat-sport-rucksack\/#breadcrumb","itemListElement":[{"@type":"ListItem","position":1,"name":"Accueil","item":"https:\/\/www.daisho.be\/de\/"},{"@type":"ListItem","position":2,"name":"Produkte","item":"https:\/\/www.daisho.be\/de\/produkte\/"},{"@type":"ListItem","position":3,"name":"ADIDAS COMBAT SPORTS","item":"https:\/\/www.daisho.be\/de\/categorie-produit\/adidas-combat-sports-de\/"},{"@type":"ListItem","position":4,"name":"Karate","item":"https:\/\/www.daisho.be\/de\/categorie-produit\/adidas-combat-sports-de\/karate-de\/"},{"@type":"ListItem","position":5,"name":"Karate Tasche Adidas","item":"https:\/\/www.daisho.be\/de\/categorie-produit\/adidas-combat-sports-de\/karate-de\/karate-tasche-adidas\/"},{"@type":"ListItem","position":6,"name":"Adidas &#8222;COMBAT SPORT&#8220; Rucksack"}]},{"@type":"WebSite","@id":"https:\/\/www.daisho.be\/de\/#website","url":"https:\/\/www.daisho.be\/de\/","name":"Daisho","description":"Sp&eacute;cialiste de l'&eacute;quipement sportif d'arts martiaux","publisher":{"@id":"https:\/\/www.daisho.be\/de\/#organization"},"potentialAction":[{"@type":"SearchAction","target":{"@type":"EntryPoint","urlTemplate":"https:\/\/www.daisho.be\/de\/?s={search_term_string}"},"query-input":{"@type":"PropertyValueSpecification","valueRequired":true,"valueName":"search_term_string"}}],"inLanguage":"de"},{"@type":"Organization","@id":"https:\/\/www.daisho.be\/de\/#organization","name":"Daisho","url":"https:\/\/www.daisho.be\/de\/","logo":{"@type":"ImageObject","inLanguage":"de","@id":"https:\/\/www.daisho.be\/de\/#\/schema\/logo\/image\/","url":"https:\/\/www.daisho.be\/wp-content\/uploads\/2019\/07\/color-nothing-horizontale4x-e1564486100247.png","contentUrl":"https:\/\/www.daisho.be\/wp-content\/uploads\/2019\/07\/color-nothing-horizontale4x-e1564486100247.png","width":1547,"height":385,"caption":"Daisho"},"image":{"@id":"https:\/\/www.daisho.be\/de\/#\/schema\/logo\/image\/"}}]}},"_links":{"self":[{"href":"https:\/\/www.daisho.be\/de\/wp-json\/wp\/v2\/product\/664425","targetHints":{"allow":["GET"]}}],"collection":[{"href":"https:\/\/www.daisho.be\/de\/wp-json\/wp\/v2\/product"}],"about":[{"href":"https:\/\/www.daisho.be\/de\/wp-json\/wp\/v2\/types\/product"}],"replies":[{"embeddable":true,"href":"https:\/\/www.daisho.be\/de\/wp-json\/wp\/v2\/comments?post=664425"}],"wp:featuredmedia":[{"embeddable":true,"href":"https:\/\/www.daisho.be\/de\/wp-json\/wp\/v2\/media\/664463"}],"wp:attachment":[{"href":"https:\/\/www.daisho.be\/de\/wp-json\/wp\/v2\/media?parent=664425"}],"wp:term":[{"taxonomy":"product_brand","embeddable":true,"href":"https:\/\/www.daisho.be\/de\/wp-json\/wp\/v2\/product_brand?post=664425"},{"taxonomy":"product_cat","embeddable":true,"href":"https:\/\/www.daisho.be\/de\/wp-json\/wp\/v2\/product_cat?post=664425"},{"taxonomy":"product_tag","embeddable":true,"href":"https:\/\/www.daisho.be\/de\/wp-json\/wp\/v2\/product_tag?post=664425"},{"taxonomy":"sport","embeddable":true,"href":"https:\/\/www.daisho.be\/de\/wp-json\/wp\/v2\/sport?post=664425"}],"curies":[{"name":"wp","href":"https:\/\/api.w.org\/{rel}","templated":true}]}}