{"id":664147,"date":"2026-03-02T10:33:12","date_gmt":"2026-03-02T09:33:12","guid":{"rendered":"https:\/\/www.daisho.be\/produit\/adidas-trainingshose-schwarz\/"},"modified":"2026-03-18T16:30:53","modified_gmt":"2026-03-18T15:30:53","slug":"adidas-trainingshose-schwarz","status":"publish","type":"product","link":"https:\/\/www.daisho.be\/de\/produit\/adidas-trainingshose-schwarz\/","title":{"rendered":"ADIDAS TRAININGSHOSE SCHWARZ"},"content":{"rendered":"<p>Diese Trainingshose von adidas kombiniert klassisches Design mit Funktionalit\u00e4t. Sie besteht aus 100% Polyester, ist strapazierf\u00e4hig und schnell trocknend. Das Mesh-Futter f\u00f6rdert die Atmungsaktivit\u00e4t w\u00e4hrend des Trainings.  <\/p>\n<p>Die 3 Seitenstreifen und das Logo auf dem rechten Oberschenkel sorgen f\u00fcr ein erkennbares sportliches Finish.<br \/>\nDie Beinabschl\u00fcsse sind mit einem Kordelzug verstellbar. Die beiden Rei\u00dfverschlusstaschen sichern Ihre pers\u00f6nlichen Gegenst\u00e4nde. <\/p>\n<p>Hauptvorteile :<\/p>\n<p>Strapazierf\u00e4higes und schnell trocknendes Polyester<\/p>\n<p>Atmungsaktives Mesh-Futter<\/p>\n<p>Verstellbare Str\u00fcmpfe<\/p>\n<p>2 Taschen mit Rei\u00dfverschluss<\/p>\n<p>Geeignet f\u00fcr die individuelle Gestaltung von Clubs<\/p>\n","protected":false},"excerpt":{"rendered":"<p>Diese Trainingshose von adidas kombiniert klassisches Design mit Funktionalit\u00e4t. Sie besteht aus 100% Polyester, ist strapazierf\u00e4hig und schnell trocknend. Das Mesh-Futter f\u00f6rdert die Atmungsaktivit\u00e4t w\u00e4hrend des Trainings. Die 3 Seitenstreifen und das Logo auf dem rechten Oberschenkel sorgen f\u00fcr ein erkennbares sportliches Finish. Die Beinabschl\u00fcsse sind mit einem Kordelzug verstellbar. Die beiden Rei\u00dfverschlusstaschen sichern Ihre [&hellip;]<\/p>\n","protected":false},"featured_media":664211,"comment_status":"open","ping_status":"closed","template":"","meta":{"inline_featured_image":false},"product_brand":[],"product_cat":[2257,2022,2076],"product_tag":[2178],"sport":[],"class_list":{"0":"post-664147","1":"product","2":"type-product","3":"status-publish","4":"has-post-thumbnail","6":"product_cat-adidas-kleidung-fur-karate","7":"product_cat-karate-bekleidung","8":"product_cat-kleidung","9":"product_tag-adidas-de","10":"pa_size-128-6-ans","11":"pa_size-140-8-ans","12":"pa_size-152-10-ans","13":"pa_size-164-12-ans","14":"pa_size-2xl","15":"pa_size-3xl","16":"pa_size-l","17":"pa_size-m","18":"pa_size-s","19":"pa_size-xl","20":"pa_size-xs","22":"first","23":"instock","24":"taxable","25":"shipping-taxable","26":"purchasable","27":"product-type-variable"},"yoast_head":"<!-- This site is optimized with the Yoast SEO plugin v27.2 - https:\/\/yoast.com\/product\/yoast-seo-wordpress\/ -->\n<title>ADIDAS TRAININGSHOSE SCHWARZ &#8211; Daisho<\/title>\n<meta name=\"description\" content=\"Schwarze, atmungsaktive adidas-Hose mit Rei\u00dfverschlusstaschen und schnell trocknend. Bequem und individuell anpassbar, ideal f\u00fcr Vereine und Training.\" \/>\n<meta name=\"robots\" content=\"index, follow, max-snippet:-1, max-image-preview:large, max-video-preview:-1\" \/>\n<link rel=\"canonical\" href=\"https:\/\/www.daisho.be\/de\/produit\/adidas-trainingshose-schwarz\/\" \/>\n<meta property=\"og:locale\" content=\"de_DE\" \/>\n<meta property=\"og:type\" content=\"article\" \/>\n<meta property=\"og:title\" content=\"ADIDAS TRAININGSHOSE SCHWARZ &#8211; Daisho\" \/>\n<meta property=\"og:description\" content=\"Schwarze, atmungsaktive adidas-Hose mit Rei\u00dfverschlusstaschen und schnell trocknend. Bequem und individuell anpassbar, ideal f\u00fcr Vereine und Training.\" \/>\n<meta property=\"og:url\" content=\"https:\/\/www.daisho.be\/de\/produit\/adidas-trainingshose-schwarz\/\" \/>\n<meta property=\"og:site_name\" content=\"Daisho\" \/>\n<meta property=\"article:modified_time\" content=\"2026-03-18T15:30:53+00:00\" \/>\n<meta property=\"og:image\" content=\"https:\/\/www.daisho.be\/wp-content\/uploads\/2026\/03\/image.webp\" \/>\n\t<meta property=\"og:image:width\" content=\"600\" \/>\n\t<meta property=\"og:image:height\" content=\"1200\" \/>\n\t<meta property=\"og:image:type\" content=\"image\/webp\" \/>\n<meta name=\"twitter:card\" content=\"summary_large_image\" \/>\n<script type=\"application\/ld+json\" class=\"yoast-schema-graph\">{\"@context\":\"https:\/\/schema.org\",\"@graph\":[{\"@type\":\"WebPage\",\"@id\":\"https:\/\/www.daisho.be\/de\/produit\/adidas-trainingshose-schwarz\/\",\"url\":\"https:\/\/www.daisho.be\/de\/produit\/adidas-trainingshose-schwarz\/\",\"name\":\"ADIDAS TRAININGSHOSE SCHWARZ &#8211; Daisho\",\"isPartOf\":{\"@id\":\"https:\/\/www.daisho.be\/de\/#website\"},\"primaryImageOfPage\":{\"@id\":\"https:\/\/www.daisho.be\/de\/produit\/adidas-trainingshose-schwarz\/#primaryimage\"},\"image\":{\"@id\":\"https:\/\/www.daisho.be\/de\/produit\/adidas-trainingshose-schwarz\/#primaryimage\"},\"thumbnailUrl\":\"https:\/\/www.daisho.be\/wp-content\/uploads\/2026\/03\/image.webp\",\"datePublished\":\"2026-03-02T09:33:12+00:00\",\"dateModified\":\"2026-03-18T15:30:53+00:00\",\"description\":\"Schwarze, atmungsaktive adidas-Hose mit Rei\u00dfverschlusstaschen und schnell trocknend. Bequem und individuell anpassbar, ideal f\u00fcr Vereine und Training.\",\"breadcrumb\":{\"@id\":\"https:\/\/www.daisho.be\/de\/produit\/adidas-trainingshose-schwarz\/#breadcrumb\"},\"inLanguage\":\"de\",\"potentialAction\":[{\"@type\":\"ReadAction\",\"target\":[\"https:\/\/www.daisho.be\/de\/produit\/adidas-trainingshose-schwarz\/\"]}]},{\"@type\":\"ImageObject\",\"inLanguage\":\"de\",\"@id\":\"https:\/\/www.daisho.be\/de\/produit\/adidas-trainingshose-schwarz\/#primaryimage\",\"url\":\"https:\/\/www.daisho.be\/wp-content\/uploads\/2026\/03\/image.webp\",\"contentUrl\":\"https:\/\/www.daisho.be\/wp-content\/uploads\/2026\/03\/image.webp\",\"width\":600,\"height\":1200,\"caption\":\"ADIDAS TRAININGSHOSE SCHWARZ-1\"},{\"@type\":\"BreadcrumbList\",\"@id\":\"https:\/\/www.daisho.be\/de\/produit\/adidas-trainingshose-schwarz\/#breadcrumb\",\"itemListElement\":[{\"@type\":\"ListItem\",\"position\":1,\"name\":\"Accueil\",\"item\":\"https:\/\/www.daisho.be\/de\/\"},{\"@type\":\"ListItem\",\"position\":2,\"name\":\"Produkte\",\"item\":\"https:\/\/www.daisho.be\/de\/produkte\/\"},{\"@type\":\"ListItem\",\"position\":3,\"name\":\"ADIDAS COMBAT SPORTS\",\"item\":\"https:\/\/www.daisho.be\/de\/categorie-produit\/adidas-combat-sports-de\/\"},{\"@type\":\"ListItem\",\"position\":4,\"name\":\"Karate\",\"item\":\"https:\/\/www.daisho.be\/de\/categorie-produit\/adidas-combat-sports-de\/karate-de\/\"},{\"@type\":\"ListItem\",\"position\":5,\"name\":\"Adidas-Kleidung f\u00fcr Karate\",\"item\":\"https:\/\/www.daisho.be\/de\/categorie-produit\/adidas-combat-sports-de\/karate-de\/adidas-kleidung-fur-karate\/\"},{\"@type\":\"ListItem\",\"position\":6,\"name\":\"ADIDAS TRAININGSHOSE SCHWARZ\"}]},{\"@type\":\"WebSite\",\"@id\":\"https:\/\/www.daisho.be\/de\/#website\",\"url\":\"https:\/\/www.daisho.be\/de\/\",\"name\":\"Daisho\",\"description\":\"Sp&eacute;cialiste de l'&eacute;quipement sportif d'arts martiaux\",\"publisher\":{\"@id\":\"https:\/\/www.daisho.be\/de\/#organization\"},\"potentialAction\":[{\"@type\":\"SearchAction\",\"target\":{\"@type\":\"EntryPoint\",\"urlTemplate\":\"https:\/\/www.daisho.be\/de\/?s={search_term_string}\"},\"query-input\":{\"@type\":\"PropertyValueSpecification\",\"valueRequired\":true,\"valueName\":\"search_term_string\"}}],\"inLanguage\":\"de\"},{\"@type\":\"Organization\",\"@id\":\"https:\/\/www.daisho.be\/de\/#organization\",\"name\":\"Daisho\",\"url\":\"https:\/\/www.daisho.be\/de\/\",\"logo\":{\"@type\":\"ImageObject\",\"inLanguage\":\"de\",\"@id\":\"https:\/\/www.daisho.be\/de\/#\/schema\/logo\/image\/\",\"url\":\"https:\/\/www.daisho.be\/wp-content\/uploads\/2019\/07\/color-nothing-horizontale4x-e1564486100247.png\",\"contentUrl\":\"https:\/\/www.daisho.be\/wp-content\/uploads\/2019\/07\/color-nothing-horizontale4x-e1564486100247.png\",\"width\":1547,\"height\":385,\"caption\":\"Daisho\"},\"image\":{\"@id\":\"https:\/\/www.daisho.be\/de\/#\/schema\/logo\/image\/\"}}]}<\/script>\n<!-- \/ Yoast SEO plugin. -->","yoast_head_json":{"title":"ADIDAS TRAININGSHOSE SCHWARZ &#8211; Daisho","description":"Schwarze, atmungsaktive adidas-Hose mit Rei\u00dfverschlusstaschen und schnell trocknend. Bequem und individuell anpassbar, ideal f\u00fcr Vereine und Training.","robots":{"index":"index","follow":"follow","max-snippet":"max-snippet:-1","max-image-preview":"max-image-preview:large","max-video-preview":"max-video-preview:-1"},"canonical":"https:\/\/www.daisho.be\/de\/produit\/adidas-trainingshose-schwarz\/","og_locale":"de_DE","og_type":"article","og_title":"ADIDAS TRAININGSHOSE SCHWARZ &#8211; Daisho","og_description":"Schwarze, atmungsaktive adidas-Hose mit Rei\u00dfverschlusstaschen und schnell trocknend. Bequem und individuell anpassbar, ideal f\u00fcr Vereine und Training.","og_url":"https:\/\/www.daisho.be\/de\/produit\/adidas-trainingshose-schwarz\/","og_site_name":"Daisho","article_modified_time":"2026-03-18T15:30:53+00:00","og_image":[{"width":600,"height":1200,"url":"https:\/\/www.daisho.be\/wp-content\/uploads\/2026\/03\/image.webp","type":"image\/webp"}],"twitter_card":"summary_large_image","schema":{"@context":"https:\/\/schema.org","@graph":[{"@type":"WebPage","@id":"https:\/\/www.daisho.be\/de\/produit\/adidas-trainingshose-schwarz\/","url":"https:\/\/www.daisho.be\/de\/produit\/adidas-trainingshose-schwarz\/","name":"ADIDAS TRAININGSHOSE SCHWARZ &#8211; Daisho","isPartOf":{"@id":"https:\/\/www.daisho.be\/de\/#website"},"primaryImageOfPage":{"@id":"https:\/\/www.daisho.be\/de\/produit\/adidas-trainingshose-schwarz\/#primaryimage"},"image":{"@id":"https:\/\/www.daisho.be\/de\/produit\/adidas-trainingshose-schwarz\/#primaryimage"},"thumbnailUrl":"https:\/\/www.daisho.be\/wp-content\/uploads\/2026\/03\/image.webp","datePublished":"2026-03-02T09:33:12+00:00","dateModified":"2026-03-18T15:30:53+00:00","description":"Schwarze, atmungsaktive adidas-Hose mit Rei\u00dfverschlusstaschen und schnell trocknend. Bequem und individuell anpassbar, ideal f\u00fcr Vereine und Training.","breadcrumb":{"@id":"https:\/\/www.daisho.be\/de\/produit\/adidas-trainingshose-schwarz\/#breadcrumb"},"inLanguage":"de","potentialAction":[{"@type":"ReadAction","target":["https:\/\/www.daisho.be\/de\/produit\/adidas-trainingshose-schwarz\/"]}]},{"@type":"ImageObject","inLanguage":"de","@id":"https:\/\/www.daisho.be\/de\/produit\/adidas-trainingshose-schwarz\/#primaryimage","url":"https:\/\/www.daisho.be\/wp-content\/uploads\/2026\/03\/image.webp","contentUrl":"https:\/\/www.daisho.be\/wp-content\/uploads\/2026\/03\/image.webp","width":600,"height":1200,"caption":"ADIDAS TRAININGSHOSE SCHWARZ-1"},{"@type":"BreadcrumbList","@id":"https:\/\/www.daisho.be\/de\/produit\/adidas-trainingshose-schwarz\/#breadcrumb","itemListElement":[{"@type":"ListItem","position":1,"name":"Accueil","item":"https:\/\/www.daisho.be\/de\/"},{"@type":"ListItem","position":2,"name":"Produkte","item":"https:\/\/www.daisho.be\/de\/produkte\/"},{"@type":"ListItem","position":3,"name":"ADIDAS COMBAT SPORTS","item":"https:\/\/www.daisho.be\/de\/categorie-produit\/adidas-combat-sports-de\/"},{"@type":"ListItem","position":4,"name":"Karate","item":"https:\/\/www.daisho.be\/de\/categorie-produit\/adidas-combat-sports-de\/karate-de\/"},{"@type":"ListItem","position":5,"name":"Adidas-Kleidung f\u00fcr Karate","item":"https:\/\/www.daisho.be\/de\/categorie-produit\/adidas-combat-sports-de\/karate-de\/adidas-kleidung-fur-karate\/"},{"@type":"ListItem","position":6,"name":"ADIDAS TRAININGSHOSE SCHWARZ"}]},{"@type":"WebSite","@id":"https:\/\/www.daisho.be\/de\/#website","url":"https:\/\/www.daisho.be\/de\/","name":"Daisho","description":"Sp&eacute;cialiste de l'&eacute;quipement sportif d'arts martiaux","publisher":{"@id":"https:\/\/www.daisho.be\/de\/#organization"},"potentialAction":[{"@type":"SearchAction","target":{"@type":"EntryPoint","urlTemplate":"https:\/\/www.daisho.be\/de\/?s={search_term_string}"},"query-input":{"@type":"PropertyValueSpecification","valueRequired":true,"valueName":"search_term_string"}}],"inLanguage":"de"},{"@type":"Organization","@id":"https:\/\/www.daisho.be\/de\/#organization","name":"Daisho","url":"https:\/\/www.daisho.be\/de\/","logo":{"@type":"ImageObject","inLanguage":"de","@id":"https:\/\/www.daisho.be\/de\/#\/schema\/logo\/image\/","url":"https:\/\/www.daisho.be\/wp-content\/uploads\/2019\/07\/color-nothing-horizontale4x-e1564486100247.png","contentUrl":"https:\/\/www.daisho.be\/wp-content\/uploads\/2019\/07\/color-nothing-horizontale4x-e1564486100247.png","width":1547,"height":385,"caption":"Daisho"},"image":{"@id":"https:\/\/www.daisho.be\/de\/#\/schema\/logo\/image\/"}}]}},"_links":{"self":[{"href":"https:\/\/www.daisho.be\/de\/wp-json\/wp\/v2\/product\/664147","targetHints":{"allow":["GET"]}}],"collection":[{"href":"https:\/\/www.daisho.be\/de\/wp-json\/wp\/v2\/product"}],"about":[{"href":"https:\/\/www.daisho.be\/de\/wp-json\/wp\/v2\/types\/product"}],"replies":[{"embeddable":true,"href":"https:\/\/www.daisho.be\/de\/wp-json\/wp\/v2\/comments?post=664147"}],"wp:featuredmedia":[{"embeddable":true,"href":"https:\/\/www.daisho.be\/de\/wp-json\/wp\/v2\/media\/664211"}],"wp:attachment":[{"href":"https:\/\/www.daisho.be\/de\/wp-json\/wp\/v2\/media?parent=664147"}],"wp:term":[{"taxonomy":"product_brand","embeddable":true,"href":"https:\/\/www.daisho.be\/de\/wp-json\/wp\/v2\/product_brand?post=664147"},{"taxonomy":"product_cat","embeddable":true,"href":"https:\/\/www.daisho.be\/de\/wp-json\/wp\/v2\/product_cat?post=664147"},{"taxonomy":"product_tag","embeddable":true,"href":"https:\/\/www.daisho.be\/de\/wp-json\/wp\/v2\/product_tag?post=664147"},{"taxonomy":"sport","embeddable":true,"href":"https:\/\/www.daisho.be\/de\/wp-json\/wp\/v2\/sport?post=664147"}],"curies":[{"name":"wp","href":"https:\/\/api.w.org\/{rel}","templated":true}]}}