{"id":661934,"date":"2026-02-17T14:57:38","date_gmt":"2026-02-17T13:57:38","guid":{"rendered":"https:\/\/www.daisho.be\/produit\/kickboxing-shorts-adidas-blau-orange\/"},"modified":"2026-02-17T17:15:19","modified_gmt":"2026-02-17T16:15:19","slug":"kickboxing-shorts-adidas-blau-orange","status":"publish","type":"product","link":"https:\/\/www.daisho.be\/de\/produit\/kickboxing-shorts-adidas-blau-orange\/","title":{"rendered":"Kickboxing Shorts adidas blau\/orange"},"content":{"rendered":"<p>Diese adidas Shorts wurden f\u00fcr das Thaiboxen und Kickboxen entworfen. Der regul\u00e4re, leicht lockere Schnitt und die Seitenschlitze sorgen f\u00fcr optimale Bewegungsfreiheit bei schnellen Tritten und Bewegungen. <\/p>\n<p>Der elastische Bund mit Innenband sorgt f\u00fcr eine stabile und bequeme Passform. Hergestellt aus 100% Polyester (synthetischer Jersey), ist er strapazierf\u00e4hig und pflegeleicht. <\/p>\n<p>Hauptvorteile :<\/p>\n<p>Geeignet f\u00fcr Thai-Boxen und Kickboxen<\/p>\n<p>Seitenschlitze f\u00fcr maximale Mobilit\u00e4t<\/p>\n<p>Elastischer G\u00fcrtel mit innerem Halt<\/p>\n<p>Strapazierf\u00e4higes und langlebiges Polyestergewebe<\/p>\n<p>Pflegeleicht (30\u00b0C waschen)<\/p>\n","protected":false},"excerpt":{"rendered":"<p>Diese adidas Shorts wurden f\u00fcr das Thaiboxen und Kickboxen entworfen. Der regul\u00e4re, leicht lockere Schnitt und die Seitenschlitze sorgen f\u00fcr optimale Bewegungsfreiheit bei schnellen Tritten und Bewegungen. Der elastische Bund mit Innenband sorgt f\u00fcr eine stabile und bequeme Passform. Hergestellt aus 100% Polyester (synthetischer Jersey), ist er strapazierf\u00e4hig und pflegeleicht. Hauptvorteile : Geeignet f\u00fcr Thai-Boxen [&hellip;]<\/p>\n","protected":false},"featured_media":662009,"comment_status":"open","ping_status":"closed","template":"","meta":{"inline_featured_image":false},"product_brand":[],"product_cat":[2295],"product_tag":[2178],"sport":[],"class_list":{"0":"post-661934","1":"product","2":"type-product","3":"status-publish","4":"has-post-thumbnail","6":"product_cat-adidas-kleidung-fur-kick-boxing","7":"product_tag-adidas-de","8":"pa_size-l","9":"pa_size-m","10":"pa_size-s","11":"pa_size-xl","12":"pa_size-xs","13":"pa_size-xxs","15":"first","16":"instock","17":"taxable","18":"shipping-taxable","19":"purchasable","20":"product-type-variable"},"yoast_head":"<!-- This site is optimized with the Yoast SEO plugin v27.2 - https:\/\/yoast.com\/product\/yoast-seo-wordpress\/ -->\n<title>Kickboxing Shorts adidas blau\/orange &#8211; Daisho<\/title>\n<meta name=\"description\" content=\"Adidas Shorts f\u00fcr Thaiboxen und Kickboxen, die perfekt f\u00fcr schnelle Tritte und Bewegungen geeignet sind. Finden Sie sie auf www.daisho.be | Daisho\" \/>\n<meta name=\"robots\" content=\"index, follow, max-snippet:-1, max-image-preview:large, max-video-preview:-1\" \/>\n<link rel=\"canonical\" href=\"https:\/\/www.daisho.be\/de\/produit\/kickboxing-shorts-adidas-blau-orange\/\" \/>\n<meta property=\"og:locale\" content=\"de_DE\" \/>\n<meta property=\"og:type\" content=\"article\" \/>\n<meta property=\"og:title\" content=\"Kickboxing Shorts adidas blau\/orange &#8211; Daisho\" \/>\n<meta property=\"og:description\" content=\"Adidas Shorts f\u00fcr Thaiboxen und Kickboxen, die perfekt f\u00fcr schnelle Tritte und Bewegungen geeignet sind. Finden Sie sie auf www.daisho.be | Daisho\" \/>\n<meta property=\"og:url\" content=\"https:\/\/www.daisho.be\/de\/produit\/kickboxing-shorts-adidas-blau-orange\/\" \/>\n<meta property=\"og:site_name\" content=\"Daisho\" \/>\n<meta property=\"article:modified_time\" content=\"2026-02-17T16:15:19+00:00\" \/>\n<meta property=\"og:image\" content=\"https:\/\/www.daisho.be\/wp-content\/uploads\/2026\/02\/image-7.png\" \/>\n\t<meta property=\"og:image:width\" content=\"660\" \/>\n\t<meta property=\"og:image:height\" content=\"770\" \/>\n\t<meta property=\"og:image:type\" content=\"image\/png\" \/>\n<meta name=\"twitter:card\" content=\"summary_large_image\" \/>\n<script type=\"application\/ld+json\" class=\"yoast-schema-graph\">{\"@context\":\"https:\/\/schema.org\",\"@graph\":[{\"@type\":\"WebPage\",\"@id\":\"https:\/\/www.daisho.be\/de\/produit\/kickboxing-shorts-adidas-blau-orange\/\",\"url\":\"https:\/\/www.daisho.be\/de\/produit\/kickboxing-shorts-adidas-blau-orange\/\",\"name\":\"Kickboxing Shorts adidas blau\/orange &#8211; Daisho\",\"isPartOf\":{\"@id\":\"https:\/\/www.daisho.be\/de\/#website\"},\"primaryImageOfPage\":{\"@id\":\"https:\/\/www.daisho.be\/de\/produit\/kickboxing-shorts-adidas-blau-orange\/#primaryimage\"},\"image\":{\"@id\":\"https:\/\/www.daisho.be\/de\/produit\/kickboxing-shorts-adidas-blau-orange\/#primaryimage\"},\"thumbnailUrl\":\"https:\/\/www.daisho.be\/wp-content\/uploads\/2026\/02\/image-7.png\",\"datePublished\":\"2026-02-17T13:57:38+00:00\",\"dateModified\":\"2026-02-17T16:15:19+00:00\",\"description\":\"Adidas Shorts f\u00fcr Thaiboxen und Kickboxen, die perfekt f\u00fcr schnelle Tritte und Bewegungen geeignet sind. Finden Sie sie auf www.daisho.be | Daisho\",\"breadcrumb\":{\"@id\":\"https:\/\/www.daisho.be\/de\/produit\/kickboxing-shorts-adidas-blau-orange\/#breadcrumb\"},\"inLanguage\":\"de\",\"potentialAction\":[{\"@type\":\"ReadAction\",\"target\":[\"https:\/\/www.daisho.be\/de\/produit\/kickboxing-shorts-adidas-blau-orange\/\"]}]},{\"@type\":\"ImageObject\",\"inLanguage\":\"de\",\"@id\":\"https:\/\/www.daisho.be\/de\/produit\/kickboxing-shorts-adidas-blau-orange\/#primaryimage\",\"url\":\"https:\/\/www.daisho.be\/wp-content\/uploads\/2026\/02\/image-7.png\",\"contentUrl\":\"https:\/\/www.daisho.be\/wp-content\/uploads\/2026\/02\/image-7.png\",\"width\":660,\"height\":770,\"caption\":\"adidas Kickboxing Shorts blau\/orange-1\"},{\"@type\":\"BreadcrumbList\",\"@id\":\"https:\/\/www.daisho.be\/de\/produit\/kickboxing-shorts-adidas-blau-orange\/#breadcrumb\",\"itemListElement\":[{\"@type\":\"ListItem\",\"position\":1,\"name\":\"Accueil\",\"item\":\"https:\/\/www.daisho.be\/de\/\"},{\"@type\":\"ListItem\",\"position\":2,\"name\":\"Produkte\",\"item\":\"https:\/\/www.daisho.be\/de\/produkte\/\"},{\"@type\":\"ListItem\",\"position\":3,\"name\":\"ADIDAS COMBAT SPORTS\",\"item\":\"https:\/\/www.daisho.be\/de\/categorie-produit\/adidas-combat-sports-de\/\"},{\"@type\":\"ListItem\",\"position\":4,\"name\":\"Kick-Boxing\",\"item\":\"https:\/\/www.daisho.be\/de\/categorie-produit\/adidas-combat-sports-de\/kick-boxing-de\/\"},{\"@type\":\"ListItem\",\"position\":5,\"name\":\"Adidas Kleidung f\u00fcr Kick-Boxing\",\"item\":\"https:\/\/www.daisho.be\/de\/categorie-produit\/adidas-combat-sports-de\/kick-boxing-de\/adidas-kleidung-fur-kick-boxing\/\"},{\"@type\":\"ListItem\",\"position\":6,\"name\":\"Kickboxing Shorts adidas blau\/orange\"}]},{\"@type\":\"WebSite\",\"@id\":\"https:\/\/www.daisho.be\/de\/#website\",\"url\":\"https:\/\/www.daisho.be\/de\/\",\"name\":\"Daisho\",\"description\":\"Sp&eacute;cialiste de l'&eacute;quipement sportif d'arts martiaux\",\"publisher\":{\"@id\":\"https:\/\/www.daisho.be\/de\/#organization\"},\"potentialAction\":[{\"@type\":\"SearchAction\",\"target\":{\"@type\":\"EntryPoint\",\"urlTemplate\":\"https:\/\/www.daisho.be\/de\/?s={search_term_string}\"},\"query-input\":{\"@type\":\"PropertyValueSpecification\",\"valueRequired\":true,\"valueName\":\"search_term_string\"}}],\"inLanguage\":\"de\"},{\"@type\":\"Organization\",\"@id\":\"https:\/\/www.daisho.be\/de\/#organization\",\"name\":\"Daisho\",\"url\":\"https:\/\/www.daisho.be\/de\/\",\"logo\":{\"@type\":\"ImageObject\",\"inLanguage\":\"de\",\"@id\":\"https:\/\/www.daisho.be\/de\/#\/schema\/logo\/image\/\",\"url\":\"https:\/\/www.daisho.be\/wp-content\/uploads\/2019\/07\/color-nothing-horizontale4x-e1564486100247.png\",\"contentUrl\":\"https:\/\/www.daisho.be\/wp-content\/uploads\/2019\/07\/color-nothing-horizontale4x-e1564486100247.png\",\"width\":1547,\"height\":385,\"caption\":\"Daisho\"},\"image\":{\"@id\":\"https:\/\/www.daisho.be\/de\/#\/schema\/logo\/image\/\"}}]}<\/script>\n<!-- \/ Yoast SEO plugin. -->","yoast_head_json":{"title":"Kickboxing Shorts adidas blau\/orange &#8211; Daisho","description":"Adidas Shorts f\u00fcr Thaiboxen und Kickboxen, die perfekt f\u00fcr schnelle Tritte und Bewegungen geeignet sind. Finden Sie sie auf www.daisho.be | Daisho","robots":{"index":"index","follow":"follow","max-snippet":"max-snippet:-1","max-image-preview":"max-image-preview:large","max-video-preview":"max-video-preview:-1"},"canonical":"https:\/\/www.daisho.be\/de\/produit\/kickboxing-shorts-adidas-blau-orange\/","og_locale":"de_DE","og_type":"article","og_title":"Kickboxing Shorts adidas blau\/orange &#8211; Daisho","og_description":"Adidas Shorts f\u00fcr Thaiboxen und Kickboxen, die perfekt f\u00fcr schnelle Tritte und Bewegungen geeignet sind. Finden Sie sie auf www.daisho.be | Daisho","og_url":"https:\/\/www.daisho.be\/de\/produit\/kickboxing-shorts-adidas-blau-orange\/","og_site_name":"Daisho","article_modified_time":"2026-02-17T16:15:19+00:00","og_image":[{"width":660,"height":770,"url":"https:\/\/www.daisho.be\/wp-content\/uploads\/2026\/02\/image-7.png","type":"image\/png"}],"twitter_card":"summary_large_image","schema":{"@context":"https:\/\/schema.org","@graph":[{"@type":"WebPage","@id":"https:\/\/www.daisho.be\/de\/produit\/kickboxing-shorts-adidas-blau-orange\/","url":"https:\/\/www.daisho.be\/de\/produit\/kickboxing-shorts-adidas-blau-orange\/","name":"Kickboxing Shorts adidas blau\/orange &#8211; Daisho","isPartOf":{"@id":"https:\/\/www.daisho.be\/de\/#website"},"primaryImageOfPage":{"@id":"https:\/\/www.daisho.be\/de\/produit\/kickboxing-shorts-adidas-blau-orange\/#primaryimage"},"image":{"@id":"https:\/\/www.daisho.be\/de\/produit\/kickboxing-shorts-adidas-blau-orange\/#primaryimage"},"thumbnailUrl":"https:\/\/www.daisho.be\/wp-content\/uploads\/2026\/02\/image-7.png","datePublished":"2026-02-17T13:57:38+00:00","dateModified":"2026-02-17T16:15:19+00:00","description":"Adidas Shorts f\u00fcr Thaiboxen und Kickboxen, die perfekt f\u00fcr schnelle Tritte und Bewegungen geeignet sind. Finden Sie sie auf www.daisho.be | Daisho","breadcrumb":{"@id":"https:\/\/www.daisho.be\/de\/produit\/kickboxing-shorts-adidas-blau-orange\/#breadcrumb"},"inLanguage":"de","potentialAction":[{"@type":"ReadAction","target":["https:\/\/www.daisho.be\/de\/produit\/kickboxing-shorts-adidas-blau-orange\/"]}]},{"@type":"ImageObject","inLanguage":"de","@id":"https:\/\/www.daisho.be\/de\/produit\/kickboxing-shorts-adidas-blau-orange\/#primaryimage","url":"https:\/\/www.daisho.be\/wp-content\/uploads\/2026\/02\/image-7.png","contentUrl":"https:\/\/www.daisho.be\/wp-content\/uploads\/2026\/02\/image-7.png","width":660,"height":770,"caption":"adidas Kickboxing Shorts blau\/orange-1"},{"@type":"BreadcrumbList","@id":"https:\/\/www.daisho.be\/de\/produit\/kickboxing-shorts-adidas-blau-orange\/#breadcrumb","itemListElement":[{"@type":"ListItem","position":1,"name":"Accueil","item":"https:\/\/www.daisho.be\/de\/"},{"@type":"ListItem","position":2,"name":"Produkte","item":"https:\/\/www.daisho.be\/de\/produkte\/"},{"@type":"ListItem","position":3,"name":"ADIDAS COMBAT SPORTS","item":"https:\/\/www.daisho.be\/de\/categorie-produit\/adidas-combat-sports-de\/"},{"@type":"ListItem","position":4,"name":"Kick-Boxing","item":"https:\/\/www.daisho.be\/de\/categorie-produit\/adidas-combat-sports-de\/kick-boxing-de\/"},{"@type":"ListItem","position":5,"name":"Adidas Kleidung f\u00fcr Kick-Boxing","item":"https:\/\/www.daisho.be\/de\/categorie-produit\/adidas-combat-sports-de\/kick-boxing-de\/adidas-kleidung-fur-kick-boxing\/"},{"@type":"ListItem","position":6,"name":"Kickboxing Shorts adidas blau\/orange"}]},{"@type":"WebSite","@id":"https:\/\/www.daisho.be\/de\/#website","url":"https:\/\/www.daisho.be\/de\/","name":"Daisho","description":"Sp&eacute;cialiste de l'&eacute;quipement sportif d'arts martiaux","publisher":{"@id":"https:\/\/www.daisho.be\/de\/#organization"},"potentialAction":[{"@type":"SearchAction","target":{"@type":"EntryPoint","urlTemplate":"https:\/\/www.daisho.be\/de\/?s={search_term_string}"},"query-input":{"@type":"PropertyValueSpecification","valueRequired":true,"valueName":"search_term_string"}}],"inLanguage":"de"},{"@type":"Organization","@id":"https:\/\/www.daisho.be\/de\/#organization","name":"Daisho","url":"https:\/\/www.daisho.be\/de\/","logo":{"@type":"ImageObject","inLanguage":"de","@id":"https:\/\/www.daisho.be\/de\/#\/schema\/logo\/image\/","url":"https:\/\/www.daisho.be\/wp-content\/uploads\/2019\/07\/color-nothing-horizontale4x-e1564486100247.png","contentUrl":"https:\/\/www.daisho.be\/wp-content\/uploads\/2019\/07\/color-nothing-horizontale4x-e1564486100247.png","width":1547,"height":385,"caption":"Daisho"},"image":{"@id":"https:\/\/www.daisho.be\/de\/#\/schema\/logo\/image\/"}}]}},"_links":{"self":[{"href":"https:\/\/www.daisho.be\/de\/wp-json\/wp\/v2\/product\/661934","targetHints":{"allow":["GET"]}}],"collection":[{"href":"https:\/\/www.daisho.be\/de\/wp-json\/wp\/v2\/product"}],"about":[{"href":"https:\/\/www.daisho.be\/de\/wp-json\/wp\/v2\/types\/product"}],"replies":[{"embeddable":true,"href":"https:\/\/www.daisho.be\/de\/wp-json\/wp\/v2\/comments?post=661934"}],"wp:featuredmedia":[{"embeddable":true,"href":"https:\/\/www.daisho.be\/de\/wp-json\/wp\/v2\/media\/662009"}],"wp:attachment":[{"href":"https:\/\/www.daisho.be\/de\/wp-json\/wp\/v2\/media?parent=661934"}],"wp:term":[{"taxonomy":"product_brand","embeddable":true,"href":"https:\/\/www.daisho.be\/de\/wp-json\/wp\/v2\/product_brand?post=661934"},{"taxonomy":"product_cat","embeddable":true,"href":"https:\/\/www.daisho.be\/de\/wp-json\/wp\/v2\/product_cat?post=661934"},{"taxonomy":"product_tag","embeddable":true,"href":"https:\/\/www.daisho.be\/de\/wp-json\/wp\/v2\/product_tag?post=661934"},{"taxonomy":"sport","embeddable":true,"href":"https:\/\/www.daisho.be\/de\/wp-json\/wp\/v2\/sport?post=661934"}],"curies":[{"name":"wp","href":"https:\/\/api.w.org\/{rel}","templated":true}]}}