{"id":657342,"date":"2026-02-02T17:02:30","date_gmt":"2026-02-02T16:02:30","guid":{"rendered":"https:\/\/www.daisho.be\/produit\/schluesselanhaenger-pluesch-perroqet\/"},"modified":"2026-02-17T17:28:14","modified_gmt":"2026-02-17T16:28:14","slug":"schluesselanhaenger-pluesch-perroqet","status":"publish","type":"product","link":"https:\/\/www.daisho.be\/de\/produit\/schluesselanhaenger-pluesch-perroqet\/","title":{"rendered":"SCHL\u00dcSSELANH\u00c4NGER PL\u00dcSCH PERROQET"},"content":{"rendered":"<p>Schl\u00fcsselanh\u00e4nger Pl\u00fcsch Papagei.<br \/>\nOb Sie sich selbst oder jemand anderem eine Freude machen wollen, dieses Pl\u00fcschtier als Schl\u00fcsselanh\u00e4nger ist der ideale Partner.<br \/>\nMa\u00dfe: +\/- ca. 10 cm<\/p>\n","protected":false},"excerpt":{"rendered":"<p>Schl\u00fcsselanh\u00e4nger Pl\u00fcsch Papagei. Ob Sie sich selbst oder jemand anderem eine Freude machen wollen, dieses Pl\u00fcschtier als Schl\u00fcsselanh\u00e4nger ist der ideale Partner. Ma\u00dfe: +\/- ca. 10 cm<\/p>\n","protected":false},"featured_media":662064,"comment_status":"open","ping_status":"closed","template":"","meta":{"inline_featured_image":false},"product_brand":[],"product_cat":[2003],"product_tag":[2040],"sport":[],"class_list":{"0":"post-657342","1":"product","2":"type-product","3":"status-publish","4":"has-post-thumbnail","6":"product_cat-geschenke","7":"product_tag-dax-de","8":"pa_size-sans-taille-defaut","10":"first","11":"instock","12":"taxable","13":"shipping-taxable","14":"purchasable","15":"product-type-variable"},"yoast_head":"<!-- This site is optimized with the Yoast SEO plugin v27.2 - https:\/\/yoast.com\/product\/yoast-seo-wordpress\/ -->\n<title>SCHL\u00dcSSELANH\u00c4NGER PL\u00dcSCH PERROQET &#8211; Daisho<\/title>\n<meta name=\"description\" content=\"Dieser Schl\u00fcsselanh\u00e4nger aus Papageienpl\u00fcsch ist ein ideales Geschenk oder Andenken f\u00fcr alle Karate-Liebhaber. Finden Sie ihn unter www.daisho.be | Daisho\" \/>\n<meta name=\"robots\" content=\"index, follow, max-snippet:-1, max-image-preview:large, max-video-preview:-1\" \/>\n<link rel=\"canonical\" href=\"https:\/\/www.daisho.be\/de\/produit\/schluesselanhaenger-pluesch-perroqet\/\" \/>\n<meta property=\"og:locale\" content=\"de_DE\" \/>\n<meta property=\"og:type\" content=\"article\" \/>\n<meta property=\"og:title\" content=\"SCHL\u00dcSSELANH\u00c4NGER PL\u00dcSCH PERROQET &#8211; Daisho\" \/>\n<meta property=\"og:description\" content=\"Dieser Schl\u00fcsselanh\u00e4nger aus Papageienpl\u00fcsch ist ein ideales Geschenk oder Andenken f\u00fcr alle Karate-Liebhaber. Finden Sie ihn unter www.daisho.be | Daisho\" \/>\n<meta property=\"og:url\" content=\"https:\/\/www.daisho.be\/de\/produit\/schluesselanhaenger-pluesch-perroqet\/\" \/>\n<meta property=\"og:site_name\" content=\"Daisho\" \/>\n<meta property=\"article:modified_time\" content=\"2026-02-17T16:28:14+00:00\" \/>\n<meta property=\"og:image\" content=\"https:\/\/www.daisho.be\/wp-content\/uploads\/2026\/02\/image.jpg\" \/>\n\t<meta property=\"og:image:width\" content=\"736\" \/>\n\t<meta property=\"og:image:height\" content=\"1040\" \/>\n\t<meta property=\"og:image:type\" content=\"image\/jpeg\" \/>\n<meta name=\"twitter:card\" content=\"summary_large_image\" \/>\n<script type=\"application\/ld+json\" class=\"yoast-schema-graph\">{\"@context\":\"https:\/\/schema.org\",\"@graph\":[{\"@type\":\"WebPage\",\"@id\":\"https:\/\/www.daisho.be\/de\/produit\/schluesselanhaenger-pluesch-perroqet\/\",\"url\":\"https:\/\/www.daisho.be\/de\/produit\/schluesselanhaenger-pluesch-perroqet\/\",\"name\":\"SCHL\u00dcSSELANH\u00c4NGER PL\u00dcSCH PERROQET &#8211; Daisho\",\"isPartOf\":{\"@id\":\"https:\/\/www.daisho.be\/de\/#website\"},\"primaryImageOfPage\":{\"@id\":\"https:\/\/www.daisho.be\/de\/produit\/schluesselanhaenger-pluesch-perroqet\/#primaryimage\"},\"image\":{\"@id\":\"https:\/\/www.daisho.be\/de\/produit\/schluesselanhaenger-pluesch-perroqet\/#primaryimage\"},\"thumbnailUrl\":\"https:\/\/www.daisho.be\/wp-content\/uploads\/2026\/02\/image.jpg\",\"datePublished\":\"2026-02-02T16:02:30+00:00\",\"dateModified\":\"2026-02-17T16:28:14+00:00\",\"description\":\"Dieser Schl\u00fcsselanh\u00e4nger aus Papageienpl\u00fcsch ist ein ideales Geschenk oder Andenken f\u00fcr alle Karate-Liebhaber. Finden Sie ihn unter www.daisho.be | Daisho\",\"breadcrumb\":{\"@id\":\"https:\/\/www.daisho.be\/de\/produit\/schluesselanhaenger-pluesch-perroqet\/#breadcrumb\"},\"inLanguage\":\"de\",\"potentialAction\":[{\"@type\":\"ReadAction\",\"target\":[\"https:\/\/www.daisho.be\/de\/produit\/schluesselanhaenger-pluesch-perroqet\/\"]}]},{\"@type\":\"ImageObject\",\"inLanguage\":\"de\",\"@id\":\"https:\/\/www.daisho.be\/de\/produit\/schluesselanhaenger-pluesch-perroqet\/#primaryimage\",\"url\":\"https:\/\/www.daisho.be\/wp-content\/uploads\/2026\/02\/image.jpg\",\"contentUrl\":\"https:\/\/www.daisho.be\/wp-content\/uploads\/2026\/02\/image.jpg\",\"width\":736,\"height\":1040,\"caption\":\"SCHL\u00dcSSELANH\u00c4NGER PL\u00dcSCH PERROQET-1\"},{\"@type\":\"BreadcrumbList\",\"@id\":\"https:\/\/www.daisho.be\/de\/produit\/schluesselanhaenger-pluesch-perroqet\/#breadcrumb\",\"itemListElement\":[{\"@type\":\"ListItem\",\"position\":1,\"name\":\"Accueil\",\"item\":\"https:\/\/www.daisho.be\/de\/\"},{\"@type\":\"ListItem\",\"position\":2,\"name\":\"Produkte\",\"item\":\"https:\/\/www.daisho.be\/de\/produkte\/\"},{\"@type\":\"ListItem\",\"position\":3,\"name\":\"Kampfsportarten\",\"item\":\"https:\/\/www.daisho.be\/de\/categorie-produit\/kampfsportarten\/\"},{\"@type\":\"ListItem\",\"position\":4,\"name\":\"Geschenke\",\"item\":\"https:\/\/www.daisho.be\/de\/categorie-produit\/kampfsportarten\/geschenke\/\"},{\"@type\":\"ListItem\",\"position\":5,\"name\":\"SCHL\u00dcSSELANH\u00c4NGER PL\u00dcSCH PERROQET\"}]},{\"@type\":\"WebSite\",\"@id\":\"https:\/\/www.daisho.be\/de\/#website\",\"url\":\"https:\/\/www.daisho.be\/de\/\",\"name\":\"Daisho\",\"description\":\"Sp&eacute;cialiste de l'&eacute;quipement sportif d'arts martiaux\",\"publisher\":{\"@id\":\"https:\/\/www.daisho.be\/de\/#organization\"},\"potentialAction\":[{\"@type\":\"SearchAction\",\"target\":{\"@type\":\"EntryPoint\",\"urlTemplate\":\"https:\/\/www.daisho.be\/de\/?s={search_term_string}\"},\"query-input\":{\"@type\":\"PropertyValueSpecification\",\"valueRequired\":true,\"valueName\":\"search_term_string\"}}],\"inLanguage\":\"de\"},{\"@type\":\"Organization\",\"@id\":\"https:\/\/www.daisho.be\/de\/#organization\",\"name\":\"Daisho\",\"url\":\"https:\/\/www.daisho.be\/de\/\",\"logo\":{\"@type\":\"ImageObject\",\"inLanguage\":\"de\",\"@id\":\"https:\/\/www.daisho.be\/de\/#\/schema\/logo\/image\/\",\"url\":\"https:\/\/www.daisho.be\/wp-content\/uploads\/2019\/07\/color-nothing-horizontale4x-e1564486100247.png\",\"contentUrl\":\"https:\/\/www.daisho.be\/wp-content\/uploads\/2019\/07\/color-nothing-horizontale4x-e1564486100247.png\",\"width\":1547,\"height\":385,\"caption\":\"Daisho\"},\"image\":{\"@id\":\"https:\/\/www.daisho.be\/de\/#\/schema\/logo\/image\/\"}}]}<\/script>\n<!-- \/ Yoast SEO plugin. -->","yoast_head_json":{"title":"SCHL\u00dcSSELANH\u00c4NGER PL\u00dcSCH PERROQET &#8211; Daisho","description":"Dieser Schl\u00fcsselanh\u00e4nger aus Papageienpl\u00fcsch ist ein ideales Geschenk oder Andenken f\u00fcr alle Karate-Liebhaber. Finden Sie ihn unter www.daisho.be | Daisho","robots":{"index":"index","follow":"follow","max-snippet":"max-snippet:-1","max-image-preview":"max-image-preview:large","max-video-preview":"max-video-preview:-1"},"canonical":"https:\/\/www.daisho.be\/de\/produit\/schluesselanhaenger-pluesch-perroqet\/","og_locale":"de_DE","og_type":"article","og_title":"SCHL\u00dcSSELANH\u00c4NGER PL\u00dcSCH PERROQET &#8211; Daisho","og_description":"Dieser Schl\u00fcsselanh\u00e4nger aus Papageienpl\u00fcsch ist ein ideales Geschenk oder Andenken f\u00fcr alle Karate-Liebhaber. Finden Sie ihn unter www.daisho.be | Daisho","og_url":"https:\/\/www.daisho.be\/de\/produit\/schluesselanhaenger-pluesch-perroqet\/","og_site_name":"Daisho","article_modified_time":"2026-02-17T16:28:14+00:00","og_image":[{"width":736,"height":1040,"url":"https:\/\/www.daisho.be\/wp-content\/uploads\/2026\/02\/image.jpg","type":"image\/jpeg"}],"twitter_card":"summary_large_image","schema":{"@context":"https:\/\/schema.org","@graph":[{"@type":"WebPage","@id":"https:\/\/www.daisho.be\/de\/produit\/schluesselanhaenger-pluesch-perroqet\/","url":"https:\/\/www.daisho.be\/de\/produit\/schluesselanhaenger-pluesch-perroqet\/","name":"SCHL\u00dcSSELANH\u00c4NGER PL\u00dcSCH PERROQET &#8211; Daisho","isPartOf":{"@id":"https:\/\/www.daisho.be\/de\/#website"},"primaryImageOfPage":{"@id":"https:\/\/www.daisho.be\/de\/produit\/schluesselanhaenger-pluesch-perroqet\/#primaryimage"},"image":{"@id":"https:\/\/www.daisho.be\/de\/produit\/schluesselanhaenger-pluesch-perroqet\/#primaryimage"},"thumbnailUrl":"https:\/\/www.daisho.be\/wp-content\/uploads\/2026\/02\/image.jpg","datePublished":"2026-02-02T16:02:30+00:00","dateModified":"2026-02-17T16:28:14+00:00","description":"Dieser Schl\u00fcsselanh\u00e4nger aus Papageienpl\u00fcsch ist ein ideales Geschenk oder Andenken f\u00fcr alle Karate-Liebhaber. Finden Sie ihn unter www.daisho.be | Daisho","breadcrumb":{"@id":"https:\/\/www.daisho.be\/de\/produit\/schluesselanhaenger-pluesch-perroqet\/#breadcrumb"},"inLanguage":"de","potentialAction":[{"@type":"ReadAction","target":["https:\/\/www.daisho.be\/de\/produit\/schluesselanhaenger-pluesch-perroqet\/"]}]},{"@type":"ImageObject","inLanguage":"de","@id":"https:\/\/www.daisho.be\/de\/produit\/schluesselanhaenger-pluesch-perroqet\/#primaryimage","url":"https:\/\/www.daisho.be\/wp-content\/uploads\/2026\/02\/image.jpg","contentUrl":"https:\/\/www.daisho.be\/wp-content\/uploads\/2026\/02\/image.jpg","width":736,"height":1040,"caption":"SCHL\u00dcSSELANH\u00c4NGER PL\u00dcSCH PERROQET-1"},{"@type":"BreadcrumbList","@id":"https:\/\/www.daisho.be\/de\/produit\/schluesselanhaenger-pluesch-perroqet\/#breadcrumb","itemListElement":[{"@type":"ListItem","position":1,"name":"Accueil","item":"https:\/\/www.daisho.be\/de\/"},{"@type":"ListItem","position":2,"name":"Produkte","item":"https:\/\/www.daisho.be\/de\/produkte\/"},{"@type":"ListItem","position":3,"name":"Kampfsportarten","item":"https:\/\/www.daisho.be\/de\/categorie-produit\/kampfsportarten\/"},{"@type":"ListItem","position":4,"name":"Geschenke","item":"https:\/\/www.daisho.be\/de\/categorie-produit\/kampfsportarten\/geschenke\/"},{"@type":"ListItem","position":5,"name":"SCHL\u00dcSSELANH\u00c4NGER PL\u00dcSCH PERROQET"}]},{"@type":"WebSite","@id":"https:\/\/www.daisho.be\/de\/#website","url":"https:\/\/www.daisho.be\/de\/","name":"Daisho","description":"Sp&eacute;cialiste de l'&eacute;quipement sportif d'arts martiaux","publisher":{"@id":"https:\/\/www.daisho.be\/de\/#organization"},"potentialAction":[{"@type":"SearchAction","target":{"@type":"EntryPoint","urlTemplate":"https:\/\/www.daisho.be\/de\/?s={search_term_string}"},"query-input":{"@type":"PropertyValueSpecification","valueRequired":true,"valueName":"search_term_string"}}],"inLanguage":"de"},{"@type":"Organization","@id":"https:\/\/www.daisho.be\/de\/#organization","name":"Daisho","url":"https:\/\/www.daisho.be\/de\/","logo":{"@type":"ImageObject","inLanguage":"de","@id":"https:\/\/www.daisho.be\/de\/#\/schema\/logo\/image\/","url":"https:\/\/www.daisho.be\/wp-content\/uploads\/2019\/07\/color-nothing-horizontale4x-e1564486100247.png","contentUrl":"https:\/\/www.daisho.be\/wp-content\/uploads\/2019\/07\/color-nothing-horizontale4x-e1564486100247.png","width":1547,"height":385,"caption":"Daisho"},"image":{"@id":"https:\/\/www.daisho.be\/de\/#\/schema\/logo\/image\/"}}]}},"_links":{"self":[{"href":"https:\/\/www.daisho.be\/de\/wp-json\/wp\/v2\/product\/657342","targetHints":{"allow":["GET"]}}],"collection":[{"href":"https:\/\/www.daisho.be\/de\/wp-json\/wp\/v2\/product"}],"about":[{"href":"https:\/\/www.daisho.be\/de\/wp-json\/wp\/v2\/types\/product"}],"replies":[{"embeddable":true,"href":"https:\/\/www.daisho.be\/de\/wp-json\/wp\/v2\/comments?post=657342"}],"wp:featuredmedia":[{"embeddable":true,"href":"https:\/\/www.daisho.be\/de\/wp-json\/wp\/v2\/media\/662064"}],"wp:attachment":[{"href":"https:\/\/www.daisho.be\/de\/wp-json\/wp\/v2\/media?parent=657342"}],"wp:term":[{"taxonomy":"product_brand","embeddable":true,"href":"https:\/\/www.daisho.be\/de\/wp-json\/wp\/v2\/product_brand?post=657342"},{"taxonomy":"product_cat","embeddable":true,"href":"https:\/\/www.daisho.be\/de\/wp-json\/wp\/v2\/product_cat?post=657342"},{"taxonomy":"product_tag","embeddable":true,"href":"https:\/\/www.daisho.be\/de\/wp-json\/wp\/v2\/product_tag?post=657342"},{"taxonomy":"sport","embeddable":true,"href":"https:\/\/www.daisho.be\/de\/wp-json\/wp\/v2\/sport?post=657342"}],"curies":[{"name":"wp","href":"https:\/\/api.w.org\/{rel}","templated":true}]}}