{"id":656767,"date":"2026-01-30T09:00:15","date_gmt":"2026-01-30T08:00:15","guid":{"rendered":"https:\/\/www.daisho.be\/produit\/einfache-sprossenwand\/"},"modified":"2026-02-17T17:31:25","modified_gmt":"2026-02-17T16:31:25","slug":"einfache-sprossenwand","status":"publish","type":"product","link":"https:\/\/www.daisho.be\/de\/produit\/einfache-sprossenwand\/","title":{"rendered":"Einfache Sprossenwand"},"content":{"rendered":"<p>Einfache Sprossenwand f\u00fcr Sporthallen, Turnhallen, Behandlungsr\u00e4ume, Physiotherapeuten.<br \/>\nHergestellt aus hochwertigem Buchenholz.<br \/>\nTraversen 13 cm tief x 33 mm dick, mit abgerundeten Kanten.<br \/>\nOvale St\u00e4be entsprechen der Norm.<br \/>\n16 St\u00e4be.<br \/>\nDas Holz ist mit einem ungiftigen Lack in Naturfarbe behandelt.<br \/>\nMa\u00dfe: 2 m<\/p>\n","protected":false},"excerpt":{"rendered":"<p>Einfache Sprossenwand f\u00fcr Sporthallen, Turnhallen, Behandlungsr\u00e4ume, Physiotherapeuten. Hergestellt aus hochwertigem Buchenholz. Traversen 13 cm tief x 33 mm dick, mit abgerundeten Kanten. Ovale St\u00e4be entsprechen der Norm. 16 St\u00e4be. Das Holz ist mit einem ungiftigen Lack in Naturfarbe behandelt. Ma\u00dfe: 2 m<\/p>\n","protected":false},"featured_media":662073,"comment_status":"open","ping_status":"closed","template":"","meta":{"inline_featured_image":false},"product_brand":[],"product_cat":[2562,2544],"product_tag":[2315],"sport":[],"class_list":{"0":"post-656767","1":"product","2":"type-product","3":"status-publish","4":"has-post-thumbnail","6":"product_cat-stretching-material","8":"product_tag-amaya-de","9":"pa_size-sans-taille-defaut","11":"first","12":"instock","13":"taxable","14":"shipping-taxable","15":"purchasable","16":"product-type-variable"},"yoast_head":"<!-- This site is optimized with the Yoast SEO plugin v27.2 - https:\/\/yoast.com\/product\/yoast-seo-wordpress\/ -->\n<title>Einfache Sprossenwand &#8211; Daisho<\/title>\n<meta name=\"description\" content=\"Einfache Sprossenwand f\u00fcr Sporthallen, Gymnasien, Behandlungsr\u00e4ume, Physiotherapeuten. Hergestellt aus hochwertigem Buchenholz. Finden Sie es unter www.daisho.be | Daisho\" \/>\n<meta name=\"robots\" content=\"index, follow, max-snippet:-1, max-image-preview:large, max-video-preview:-1\" \/>\n<link rel=\"canonical\" href=\"https:\/\/www.daisho.be\/de\/produit\/einfache-sprossenwand\/\" \/>\n<meta property=\"og:locale\" content=\"de_DE\" \/>\n<meta property=\"og:type\" content=\"article\" \/>\n<meta property=\"og:title\" content=\"Einfache Sprossenwand &#8211; Daisho\" \/>\n<meta property=\"og:description\" content=\"Einfache Sprossenwand f\u00fcr Sporthallen, Gymnasien, Behandlungsr\u00e4ume, Physiotherapeuten. Hergestellt aus hochwertigem Buchenholz. Finden Sie es unter www.daisho.be | Daisho\" \/>\n<meta property=\"og:url\" content=\"https:\/\/www.daisho.be\/de\/produit\/einfache-sprossenwand\/\" \/>\n<meta property=\"og:site_name\" content=\"Daisho\" \/>\n<meta property=\"article:modified_time\" content=\"2026-02-17T16:31:25+00:00\" \/>\n<meta property=\"og:image\" content=\"https:\/\/www.daisho.be\/wp-content\/uploads\/2026\/01\/image-186.jpg\" \/>\n\t<meta property=\"og:image:width\" content=\"1300\" \/>\n\t<meta property=\"og:image:height\" content=\"1300\" \/>\n\t<meta property=\"og:image:type\" content=\"image\/jpeg\" \/>\n<meta name=\"twitter:card\" content=\"summary_large_image\" \/>\n<script type=\"application\/ld+json\" class=\"yoast-schema-graph\">{\"@context\":\"https:\/\/schema.org\",\"@graph\":[{\"@type\":\"WebPage\",\"@id\":\"https:\/\/www.daisho.be\/de\/produit\/einfache-sprossenwand\/\",\"url\":\"https:\/\/www.daisho.be\/de\/produit\/einfache-sprossenwand\/\",\"name\":\"Einfache Sprossenwand &#8211; Daisho\",\"isPartOf\":{\"@id\":\"https:\/\/www.daisho.be\/de\/#website\"},\"primaryImageOfPage\":{\"@id\":\"https:\/\/www.daisho.be\/de\/produit\/einfache-sprossenwand\/#primaryimage\"},\"image\":{\"@id\":\"https:\/\/www.daisho.be\/de\/produit\/einfache-sprossenwand\/#primaryimage\"},\"thumbnailUrl\":\"https:\/\/www.daisho.be\/wp-content\/uploads\/2026\/01\/image-186.jpg\",\"datePublished\":\"2026-01-30T08:00:15+00:00\",\"dateModified\":\"2026-02-17T16:31:25+00:00\",\"description\":\"Einfache Sprossenwand f\u00fcr Sporthallen, Gymnasien, Behandlungsr\u00e4ume, Physiotherapeuten. Hergestellt aus hochwertigem Buchenholz. Finden Sie es unter www.daisho.be | Daisho\",\"breadcrumb\":{\"@id\":\"https:\/\/www.daisho.be\/de\/produit\/einfache-sprossenwand\/#breadcrumb\"},\"inLanguage\":\"de\",\"potentialAction\":[{\"@type\":\"ReadAction\",\"target\":[\"https:\/\/www.daisho.be\/de\/produit\/einfache-sprossenwand\/\"]}]},{\"@type\":\"ImageObject\",\"inLanguage\":\"de\",\"@id\":\"https:\/\/www.daisho.be\/de\/produit\/einfache-sprossenwand\/#primaryimage\",\"url\":\"https:\/\/www.daisho.be\/wp-content\/uploads\/2026\/01\/image-186.jpg\",\"contentUrl\":\"https:\/\/www.daisho.be\/wp-content\/uploads\/2026\/01\/image-186.jpg\",\"width\":1300,\"height\":1300,\"caption\":\"Einfache Sprossenwand -1\"},{\"@type\":\"BreadcrumbList\",\"@id\":\"https:\/\/www.daisho.be\/de\/produit\/einfache-sprossenwand\/#breadcrumb\",\"itemListElement\":[{\"@type\":\"ListItem\",\"position\":1,\"name\":\"Accueil\",\"item\":\"https:\/\/www.daisho.be\/de\/\"},{\"@type\":\"ListItem\",\"position\":2,\"name\":\"Produkte\",\"item\":\"https:\/\/www.daisho.be\/de\/produkte\/\"},{\"@type\":\"ListItem\",\"position\":3,\"name\":\"Kampfsportarten\",\"item\":\"https:\/\/www.daisho.be\/de\/categorie-produit\/kampfsportarten\/\"},{\"@type\":\"ListItem\",\"position\":4,\"name\":\"Stretching-Material\",\"item\":\"https:\/\/www.daisho.be\/de\/categorie-produit\/kampfsportarten\/stretching-material\/\"},{\"@type\":\"ListItem\",\"position\":5,\"name\":\"Einfache Sprossenwand\"}]},{\"@type\":\"WebSite\",\"@id\":\"https:\/\/www.daisho.be\/de\/#website\",\"url\":\"https:\/\/www.daisho.be\/de\/\",\"name\":\"Daisho\",\"description\":\"Sp&eacute;cialiste de l'&eacute;quipement sportif d'arts martiaux\",\"publisher\":{\"@id\":\"https:\/\/www.daisho.be\/de\/#organization\"},\"potentialAction\":[{\"@type\":\"SearchAction\",\"target\":{\"@type\":\"EntryPoint\",\"urlTemplate\":\"https:\/\/www.daisho.be\/de\/?s={search_term_string}\"},\"query-input\":{\"@type\":\"PropertyValueSpecification\",\"valueRequired\":true,\"valueName\":\"search_term_string\"}}],\"inLanguage\":\"de\"},{\"@type\":\"Organization\",\"@id\":\"https:\/\/www.daisho.be\/de\/#organization\",\"name\":\"Daisho\",\"url\":\"https:\/\/www.daisho.be\/de\/\",\"logo\":{\"@type\":\"ImageObject\",\"inLanguage\":\"de\",\"@id\":\"https:\/\/www.daisho.be\/de\/#\/schema\/logo\/image\/\",\"url\":\"https:\/\/www.daisho.be\/wp-content\/uploads\/2019\/07\/color-nothing-horizontale4x-e1564486100247.png\",\"contentUrl\":\"https:\/\/www.daisho.be\/wp-content\/uploads\/2019\/07\/color-nothing-horizontale4x-e1564486100247.png\",\"width\":1547,\"height\":385,\"caption\":\"Daisho\"},\"image\":{\"@id\":\"https:\/\/www.daisho.be\/de\/#\/schema\/logo\/image\/\"}}]}<\/script>\n<!-- \/ Yoast SEO plugin. -->","yoast_head_json":{"title":"Einfache Sprossenwand &#8211; Daisho","description":"Einfache Sprossenwand f\u00fcr Sporthallen, Gymnasien, Behandlungsr\u00e4ume, Physiotherapeuten. Hergestellt aus hochwertigem Buchenholz. Finden Sie es unter www.daisho.be | Daisho","robots":{"index":"index","follow":"follow","max-snippet":"max-snippet:-1","max-image-preview":"max-image-preview:large","max-video-preview":"max-video-preview:-1"},"canonical":"https:\/\/www.daisho.be\/de\/produit\/einfache-sprossenwand\/","og_locale":"de_DE","og_type":"article","og_title":"Einfache Sprossenwand &#8211; Daisho","og_description":"Einfache Sprossenwand f\u00fcr Sporthallen, Gymnasien, Behandlungsr\u00e4ume, Physiotherapeuten. Hergestellt aus hochwertigem Buchenholz. Finden Sie es unter www.daisho.be | Daisho","og_url":"https:\/\/www.daisho.be\/de\/produit\/einfache-sprossenwand\/","og_site_name":"Daisho","article_modified_time":"2026-02-17T16:31:25+00:00","og_image":[{"width":1300,"height":1300,"url":"https:\/\/www.daisho.be\/wp-content\/uploads\/2026\/01\/image-186.jpg","type":"image\/jpeg"}],"twitter_card":"summary_large_image","schema":{"@context":"https:\/\/schema.org","@graph":[{"@type":"WebPage","@id":"https:\/\/www.daisho.be\/de\/produit\/einfache-sprossenwand\/","url":"https:\/\/www.daisho.be\/de\/produit\/einfache-sprossenwand\/","name":"Einfache Sprossenwand &#8211; Daisho","isPartOf":{"@id":"https:\/\/www.daisho.be\/de\/#website"},"primaryImageOfPage":{"@id":"https:\/\/www.daisho.be\/de\/produit\/einfache-sprossenwand\/#primaryimage"},"image":{"@id":"https:\/\/www.daisho.be\/de\/produit\/einfache-sprossenwand\/#primaryimage"},"thumbnailUrl":"https:\/\/www.daisho.be\/wp-content\/uploads\/2026\/01\/image-186.jpg","datePublished":"2026-01-30T08:00:15+00:00","dateModified":"2026-02-17T16:31:25+00:00","description":"Einfache Sprossenwand f\u00fcr Sporthallen, Gymnasien, Behandlungsr\u00e4ume, Physiotherapeuten. Hergestellt aus hochwertigem Buchenholz. Finden Sie es unter www.daisho.be | Daisho","breadcrumb":{"@id":"https:\/\/www.daisho.be\/de\/produit\/einfache-sprossenwand\/#breadcrumb"},"inLanguage":"de","potentialAction":[{"@type":"ReadAction","target":["https:\/\/www.daisho.be\/de\/produit\/einfache-sprossenwand\/"]}]},{"@type":"ImageObject","inLanguage":"de","@id":"https:\/\/www.daisho.be\/de\/produit\/einfache-sprossenwand\/#primaryimage","url":"https:\/\/www.daisho.be\/wp-content\/uploads\/2026\/01\/image-186.jpg","contentUrl":"https:\/\/www.daisho.be\/wp-content\/uploads\/2026\/01\/image-186.jpg","width":1300,"height":1300,"caption":"Einfache Sprossenwand -1"},{"@type":"BreadcrumbList","@id":"https:\/\/www.daisho.be\/de\/produit\/einfache-sprossenwand\/#breadcrumb","itemListElement":[{"@type":"ListItem","position":1,"name":"Accueil","item":"https:\/\/www.daisho.be\/de\/"},{"@type":"ListItem","position":2,"name":"Produkte","item":"https:\/\/www.daisho.be\/de\/produkte\/"},{"@type":"ListItem","position":3,"name":"Kampfsportarten","item":"https:\/\/www.daisho.be\/de\/categorie-produit\/kampfsportarten\/"},{"@type":"ListItem","position":4,"name":"Stretching-Material","item":"https:\/\/www.daisho.be\/de\/categorie-produit\/kampfsportarten\/stretching-material\/"},{"@type":"ListItem","position":5,"name":"Einfache Sprossenwand"}]},{"@type":"WebSite","@id":"https:\/\/www.daisho.be\/de\/#website","url":"https:\/\/www.daisho.be\/de\/","name":"Daisho","description":"Sp&eacute;cialiste de l'&eacute;quipement sportif d'arts martiaux","publisher":{"@id":"https:\/\/www.daisho.be\/de\/#organization"},"potentialAction":[{"@type":"SearchAction","target":{"@type":"EntryPoint","urlTemplate":"https:\/\/www.daisho.be\/de\/?s={search_term_string}"},"query-input":{"@type":"PropertyValueSpecification","valueRequired":true,"valueName":"search_term_string"}}],"inLanguage":"de"},{"@type":"Organization","@id":"https:\/\/www.daisho.be\/de\/#organization","name":"Daisho","url":"https:\/\/www.daisho.be\/de\/","logo":{"@type":"ImageObject","inLanguage":"de","@id":"https:\/\/www.daisho.be\/de\/#\/schema\/logo\/image\/","url":"https:\/\/www.daisho.be\/wp-content\/uploads\/2019\/07\/color-nothing-horizontale4x-e1564486100247.png","contentUrl":"https:\/\/www.daisho.be\/wp-content\/uploads\/2019\/07\/color-nothing-horizontale4x-e1564486100247.png","width":1547,"height":385,"caption":"Daisho"},"image":{"@id":"https:\/\/www.daisho.be\/de\/#\/schema\/logo\/image\/"}}]}},"_links":{"self":[{"href":"https:\/\/www.daisho.be\/de\/wp-json\/wp\/v2\/product\/656767","targetHints":{"allow":["GET"]}}],"collection":[{"href":"https:\/\/www.daisho.be\/de\/wp-json\/wp\/v2\/product"}],"about":[{"href":"https:\/\/www.daisho.be\/de\/wp-json\/wp\/v2\/types\/product"}],"replies":[{"embeddable":true,"href":"https:\/\/www.daisho.be\/de\/wp-json\/wp\/v2\/comments?post=656767"}],"wp:featuredmedia":[{"embeddable":true,"href":"https:\/\/www.daisho.be\/de\/wp-json\/wp\/v2\/media\/662073"}],"wp:attachment":[{"href":"https:\/\/www.daisho.be\/de\/wp-json\/wp\/v2\/media?parent=656767"}],"wp:term":[{"taxonomy":"product_brand","embeddable":true,"href":"https:\/\/www.daisho.be\/de\/wp-json\/wp\/v2\/product_brand?post=656767"},{"taxonomy":"product_cat","embeddable":true,"href":"https:\/\/www.daisho.be\/de\/wp-json\/wp\/v2\/product_cat?post=656767"},{"taxonomy":"product_tag","embeddable":true,"href":"https:\/\/www.daisho.be\/de\/wp-json\/wp\/v2\/product_tag?post=656767"},{"taxonomy":"sport","embeddable":true,"href":"https:\/\/www.daisho.be\/de\/wp-json\/wp\/v2\/sport?post=656767"}],"curies":[{"name":"wp","href":"https:\/\/api.w.org\/{rel}","templated":true}]}}