{"id":656565,"date":"2026-01-29T15:43:35","date_gmt":"2026-01-29T14:43:35","guid":{"rendered":"https:\/\/www.daisho.be\/produit\/backpack-training-45-l\/"},"modified":"2026-02-17T17:35:25","modified_gmt":"2026-02-17T16:35:25","slug":"backpack-training-45-l","status":"publish","type":"product","link":"https:\/\/www.daisho.be\/de\/produit\/backpack-training-45-l\/","title":{"rendered":"Backpack training 45 l"},"content":{"rendered":"<p style=\"font-weight: 400\">Sporttasche, die vor allem f\u00fcr Sportler entwickelt wurde, um alles Notwendige f\u00fcr das Training oder den Wettkampf mit sich zu f\u00fchren.<\/p>\n<p style=\"font-weight: 400\">Die Riemen sind an den Schultern verstellbar und die Schultergurte sind verst\u00e4rkt. Die Tasche ist wasserabweisend und sehr strapazierf\u00e4hig. Sie k\u00f6nnen die Tasche mit Velcro\u00ae-Patches individuell gestalten.  <\/p>\n<p style=\"font-weight: 400\">Kapazit\u00e4t: 45 L (2 gro\u00dfe F\u00e4cher mit Rei\u00dfverschluss + 2 Fronttaschen mit Rei\u00dfverschluss + 1 Velcro\u00ae-R\u00fcckentasche + mehrere Innentaschen).<\/p>\n<ul>\n<li>L\u00e4nge: 48 cm<\/li>\n<li>Breite: 31 cm<\/li>\n<li>Gewicht: 1,5 kg<\/li>\n<li>Zusammensetzung: Oxford-Gewebe<\/li>\n<li>Polyester<\/li>\n<\/ul>\n","protected":false},"excerpt":{"rendered":"<p>Sporttasche, die vor allem f\u00fcr Sportler entwickelt wurde, um alles Notwendige f\u00fcr das Training oder den Wettkampf mit sich zu f\u00fchren. Die Riemen sind an den Schultern verstellbar und die Schultergurte sind verst\u00e4rkt. Die Tasche ist wasserabweisend und sehr strapazierf\u00e4hig. Sie k\u00f6nnen die Tasche mit Velcro\u00ae-Patches individuell gestalten. Kapazit\u00e4t: 45 L (2 gro\u00dfe F\u00e4cher mit [&hellip;]<\/p>\n","protected":false},"featured_media":662083,"comment_status":"open","ping_status":"closed","template":"","meta":{"inline_featured_image":false},"product_brand":[],"product_cat":[2061],"product_tag":[2225],"sport":[],"class_list":{"0":"post-656565","1":"product","2":"type-product","3":"status-publish","4":"has-post-thumbnail","6":"product_cat-sporttaschen","7":"product_tag-sveltus-de","8":"pa_size-sans-taille-defaut","10":"first","11":"instock","12":"taxable","13":"shipping-taxable","14":"purchasable","15":"product-type-variable"},"yoast_head":"<!-- This site is optimized with the Yoast SEO plugin v27.2 - https:\/\/yoast.com\/product\/yoast-seo-wordpress\/ -->\n<title>Backpack training 45 l &#8211; Daisho<\/title>\n<meta name=\"description\" content=\"Sporttasche, in der Sie all Ihre Sachen transportieren k\u00f6nnen, dank der vielen einzelnen F\u00e4cher. Finden Sie sie unter www.daisho.be | Daisho\" \/>\n<meta name=\"robots\" content=\"index, follow, max-snippet:-1, max-image-preview:large, max-video-preview:-1\" \/>\n<link rel=\"canonical\" href=\"https:\/\/www.daisho.be\/de\/produit\/backpack-training-45-l\/\" \/>\n<meta property=\"og:locale\" content=\"de_DE\" \/>\n<meta property=\"og:type\" content=\"article\" \/>\n<meta property=\"og:title\" content=\"Backpack training 45 l &#8211; Daisho\" \/>\n<meta property=\"og:description\" content=\"Sporttasche, in der Sie all Ihre Sachen transportieren k\u00f6nnen, dank der vielen einzelnen F\u00e4cher. Finden Sie sie unter www.daisho.be | Daisho\" \/>\n<meta property=\"og:url\" content=\"https:\/\/www.daisho.be\/de\/produit\/backpack-training-45-l\/\" \/>\n<meta property=\"og:site_name\" content=\"Daisho\" \/>\n<meta property=\"article:modified_time\" content=\"2026-02-17T16:35:25+00:00\" \/>\n<meta property=\"og:image\" content=\"https:\/\/www.daisho.be\/wp-content\/uploads\/2026\/01\/image-180.jpg\" \/>\n\t<meta property=\"og:image:width\" content=\"560\" \/>\n\t<meta property=\"og:image:height\" content=\"640\" \/>\n\t<meta property=\"og:image:type\" content=\"image\/jpeg\" \/>\n<meta name=\"twitter:card\" content=\"summary_large_image\" \/>\n<script type=\"application\/ld+json\" class=\"yoast-schema-graph\">{\"@context\":\"https:\/\/schema.org\",\"@graph\":[{\"@type\":\"WebPage\",\"@id\":\"https:\/\/www.daisho.be\/de\/produit\/backpack-training-45-l\/\",\"url\":\"https:\/\/www.daisho.be\/de\/produit\/backpack-training-45-l\/\",\"name\":\"Backpack training 45 l &#8211; Daisho\",\"isPartOf\":{\"@id\":\"https:\/\/www.daisho.be\/de\/#website\"},\"primaryImageOfPage\":{\"@id\":\"https:\/\/www.daisho.be\/de\/produit\/backpack-training-45-l\/#primaryimage\"},\"image\":{\"@id\":\"https:\/\/www.daisho.be\/de\/produit\/backpack-training-45-l\/#primaryimage\"},\"thumbnailUrl\":\"https:\/\/www.daisho.be\/wp-content\/uploads\/2026\/01\/image-180.jpg\",\"datePublished\":\"2026-01-29T14:43:35+00:00\",\"dateModified\":\"2026-02-17T16:35:25+00:00\",\"description\":\"Sporttasche, in der Sie all Ihre Sachen transportieren k\u00f6nnen, dank der vielen einzelnen F\u00e4cher. Finden Sie sie unter www.daisho.be | Daisho\",\"breadcrumb\":{\"@id\":\"https:\/\/www.daisho.be\/de\/produit\/backpack-training-45-l\/#breadcrumb\"},\"inLanguage\":\"de\",\"potentialAction\":[{\"@type\":\"ReadAction\",\"target\":[\"https:\/\/www.daisho.be\/de\/produit\/backpack-training-45-l\/\"]}]},{\"@type\":\"ImageObject\",\"inLanguage\":\"de\",\"@id\":\"https:\/\/www.daisho.be\/de\/produit\/backpack-training-45-l\/#primaryimage\",\"url\":\"https:\/\/www.daisho.be\/wp-content\/uploads\/2026\/01\/image-180.jpg\",\"contentUrl\":\"https:\/\/www.daisho.be\/wp-content\/uploads\/2026\/01\/image-180.jpg\",\"width\":560,\"height\":640,\"caption\":\"Backpack training 45 l-1\"},{\"@type\":\"BreadcrumbList\",\"@id\":\"https:\/\/www.daisho.be\/de\/produit\/backpack-training-45-l\/#breadcrumb\",\"itemListElement\":[{\"@type\":\"ListItem\",\"position\":1,\"name\":\"Accueil\",\"item\":\"https:\/\/www.daisho.be\/de\/\"},{\"@type\":\"ListItem\",\"position\":2,\"name\":\"Produkte\",\"item\":\"https:\/\/www.daisho.be\/de\/produkte\/\"},{\"@type\":\"ListItem\",\"position\":3,\"name\":\"Kampfsportarten\",\"item\":\"https:\/\/www.daisho.be\/de\/categorie-produit\/kampfsportarten\/\"},{\"@type\":\"ListItem\",\"position\":4,\"name\":\"Sporttaschen\",\"item\":\"https:\/\/www.daisho.be\/de\/categorie-produit\/kampfsportarten\/sporttaschen\/\"},{\"@type\":\"ListItem\",\"position\":5,\"name\":\"Backpack training 45 l\"}]},{\"@type\":\"WebSite\",\"@id\":\"https:\/\/www.daisho.be\/de\/#website\",\"url\":\"https:\/\/www.daisho.be\/de\/\",\"name\":\"Daisho\",\"description\":\"Sp&eacute;cialiste de l'&eacute;quipement sportif d'arts martiaux\",\"publisher\":{\"@id\":\"https:\/\/www.daisho.be\/de\/#organization\"},\"potentialAction\":[{\"@type\":\"SearchAction\",\"target\":{\"@type\":\"EntryPoint\",\"urlTemplate\":\"https:\/\/www.daisho.be\/de\/?s={search_term_string}\"},\"query-input\":{\"@type\":\"PropertyValueSpecification\",\"valueRequired\":true,\"valueName\":\"search_term_string\"}}],\"inLanguage\":\"de\"},{\"@type\":\"Organization\",\"@id\":\"https:\/\/www.daisho.be\/de\/#organization\",\"name\":\"Daisho\",\"url\":\"https:\/\/www.daisho.be\/de\/\",\"logo\":{\"@type\":\"ImageObject\",\"inLanguage\":\"de\",\"@id\":\"https:\/\/www.daisho.be\/de\/#\/schema\/logo\/image\/\",\"url\":\"https:\/\/www.daisho.be\/wp-content\/uploads\/2019\/07\/color-nothing-horizontale4x-e1564486100247.png\",\"contentUrl\":\"https:\/\/www.daisho.be\/wp-content\/uploads\/2019\/07\/color-nothing-horizontale4x-e1564486100247.png\",\"width\":1547,\"height\":385,\"caption\":\"Daisho\"},\"image\":{\"@id\":\"https:\/\/www.daisho.be\/de\/#\/schema\/logo\/image\/\"}}]}<\/script>\n<!-- \/ Yoast SEO plugin. -->","yoast_head_json":{"title":"Backpack training 45 l &#8211; Daisho","description":"Sporttasche, in der Sie all Ihre Sachen transportieren k\u00f6nnen, dank der vielen einzelnen F\u00e4cher. Finden Sie sie unter www.daisho.be | Daisho","robots":{"index":"index","follow":"follow","max-snippet":"max-snippet:-1","max-image-preview":"max-image-preview:large","max-video-preview":"max-video-preview:-1"},"canonical":"https:\/\/www.daisho.be\/de\/produit\/backpack-training-45-l\/","og_locale":"de_DE","og_type":"article","og_title":"Backpack training 45 l &#8211; Daisho","og_description":"Sporttasche, in der Sie all Ihre Sachen transportieren k\u00f6nnen, dank der vielen einzelnen F\u00e4cher. Finden Sie sie unter www.daisho.be | Daisho","og_url":"https:\/\/www.daisho.be\/de\/produit\/backpack-training-45-l\/","og_site_name":"Daisho","article_modified_time":"2026-02-17T16:35:25+00:00","og_image":[{"width":560,"height":640,"url":"https:\/\/www.daisho.be\/wp-content\/uploads\/2026\/01\/image-180.jpg","type":"image\/jpeg"}],"twitter_card":"summary_large_image","schema":{"@context":"https:\/\/schema.org","@graph":[{"@type":"WebPage","@id":"https:\/\/www.daisho.be\/de\/produit\/backpack-training-45-l\/","url":"https:\/\/www.daisho.be\/de\/produit\/backpack-training-45-l\/","name":"Backpack training 45 l &#8211; Daisho","isPartOf":{"@id":"https:\/\/www.daisho.be\/de\/#website"},"primaryImageOfPage":{"@id":"https:\/\/www.daisho.be\/de\/produit\/backpack-training-45-l\/#primaryimage"},"image":{"@id":"https:\/\/www.daisho.be\/de\/produit\/backpack-training-45-l\/#primaryimage"},"thumbnailUrl":"https:\/\/www.daisho.be\/wp-content\/uploads\/2026\/01\/image-180.jpg","datePublished":"2026-01-29T14:43:35+00:00","dateModified":"2026-02-17T16:35:25+00:00","description":"Sporttasche, in der Sie all Ihre Sachen transportieren k\u00f6nnen, dank der vielen einzelnen F\u00e4cher. Finden Sie sie unter www.daisho.be | Daisho","breadcrumb":{"@id":"https:\/\/www.daisho.be\/de\/produit\/backpack-training-45-l\/#breadcrumb"},"inLanguage":"de","potentialAction":[{"@type":"ReadAction","target":["https:\/\/www.daisho.be\/de\/produit\/backpack-training-45-l\/"]}]},{"@type":"ImageObject","inLanguage":"de","@id":"https:\/\/www.daisho.be\/de\/produit\/backpack-training-45-l\/#primaryimage","url":"https:\/\/www.daisho.be\/wp-content\/uploads\/2026\/01\/image-180.jpg","contentUrl":"https:\/\/www.daisho.be\/wp-content\/uploads\/2026\/01\/image-180.jpg","width":560,"height":640,"caption":"Backpack training 45 l-1"},{"@type":"BreadcrumbList","@id":"https:\/\/www.daisho.be\/de\/produit\/backpack-training-45-l\/#breadcrumb","itemListElement":[{"@type":"ListItem","position":1,"name":"Accueil","item":"https:\/\/www.daisho.be\/de\/"},{"@type":"ListItem","position":2,"name":"Produkte","item":"https:\/\/www.daisho.be\/de\/produkte\/"},{"@type":"ListItem","position":3,"name":"Kampfsportarten","item":"https:\/\/www.daisho.be\/de\/categorie-produit\/kampfsportarten\/"},{"@type":"ListItem","position":4,"name":"Sporttaschen","item":"https:\/\/www.daisho.be\/de\/categorie-produit\/kampfsportarten\/sporttaschen\/"},{"@type":"ListItem","position":5,"name":"Backpack training 45 l"}]},{"@type":"WebSite","@id":"https:\/\/www.daisho.be\/de\/#website","url":"https:\/\/www.daisho.be\/de\/","name":"Daisho","description":"Sp&eacute;cialiste de l'&eacute;quipement sportif d'arts martiaux","publisher":{"@id":"https:\/\/www.daisho.be\/de\/#organization"},"potentialAction":[{"@type":"SearchAction","target":{"@type":"EntryPoint","urlTemplate":"https:\/\/www.daisho.be\/de\/?s={search_term_string}"},"query-input":{"@type":"PropertyValueSpecification","valueRequired":true,"valueName":"search_term_string"}}],"inLanguage":"de"},{"@type":"Organization","@id":"https:\/\/www.daisho.be\/de\/#organization","name":"Daisho","url":"https:\/\/www.daisho.be\/de\/","logo":{"@type":"ImageObject","inLanguage":"de","@id":"https:\/\/www.daisho.be\/de\/#\/schema\/logo\/image\/","url":"https:\/\/www.daisho.be\/wp-content\/uploads\/2019\/07\/color-nothing-horizontale4x-e1564486100247.png","contentUrl":"https:\/\/www.daisho.be\/wp-content\/uploads\/2019\/07\/color-nothing-horizontale4x-e1564486100247.png","width":1547,"height":385,"caption":"Daisho"},"image":{"@id":"https:\/\/www.daisho.be\/de\/#\/schema\/logo\/image\/"}}]}},"_links":{"self":[{"href":"https:\/\/www.daisho.be\/de\/wp-json\/wp\/v2\/product\/656565","targetHints":{"allow":["GET"]}}],"collection":[{"href":"https:\/\/www.daisho.be\/de\/wp-json\/wp\/v2\/product"}],"about":[{"href":"https:\/\/www.daisho.be\/de\/wp-json\/wp\/v2\/types\/product"}],"replies":[{"embeddable":true,"href":"https:\/\/www.daisho.be\/de\/wp-json\/wp\/v2\/comments?post=656565"}],"wp:featuredmedia":[{"embeddable":true,"href":"https:\/\/www.daisho.be\/de\/wp-json\/wp\/v2\/media\/662083"}],"wp:attachment":[{"href":"https:\/\/www.daisho.be\/de\/wp-json\/wp\/v2\/media?parent=656565"}],"wp:term":[{"taxonomy":"product_brand","embeddable":true,"href":"https:\/\/www.daisho.be\/de\/wp-json\/wp\/v2\/product_brand?post=656565"},{"taxonomy":"product_cat","embeddable":true,"href":"https:\/\/www.daisho.be\/de\/wp-json\/wp\/v2\/product_cat?post=656565"},{"taxonomy":"product_tag","embeddable":true,"href":"https:\/\/www.daisho.be\/de\/wp-json\/wp\/v2\/product_tag?post=656565"},{"taxonomy":"sport","embeddable":true,"href":"https:\/\/www.daisho.be\/de\/wp-json\/wp\/v2\/sport?post=656565"}],"curies":[{"name":"wp","href":"https:\/\/api.w.org\/{rel}","templated":true}]}}