{"id":655978,"date":"2026-01-27T13:52:05","date_gmt":"2026-01-27T12:52:05","guid":{"rendered":"https:\/\/www.daisho.be\/produit\/eco-adidas-baerentatze\/"},"modified":"2026-02-17T17:45:52","modified_gmt":"2026-02-17T16:45:52","slug":"eco-adidas-baerentatze","status":"publish","type":"product","link":"https:\/\/www.daisho.be\/de\/produit\/eco-adidas-baerentatze\/","title":{"rendered":"ECO Adidas B\u00e4rentatze"},"content":{"rendered":"<p>Diese B\u00e4rentatze vereint Haltbarkeit und Design mit einer sorgf\u00e4ltigen Verarbeitung.<\/p>\n<p>Perfekt f\u00fcr Sportler oder diejenigen, die Komfort und Leistung suchen.<\/p>\n<p>Merkmale:<\/p>\n<p>Preiswerte B\u00e4rentatze mit grauem Adidas-Logo.<br \/>\nMaterial: PU<br \/>\nPolyesterfutter<br \/>\nInnenfutter EVA und Polymax HD<br \/>\nMa\u00dfe: 24 x 19 x 6<\/p>\n","protected":false},"excerpt":{"rendered":"<p>Diese B\u00e4rentatze vereint Haltbarkeit und Design mit einer sorgf\u00e4ltigen Verarbeitung. Perfekt f\u00fcr Sportler oder diejenigen, die Komfort und Leistung suchen. Merkmale: Preiswerte B\u00e4rentatze mit grauem Adidas-Logo. Material: PU Polyesterfutter Innenfutter EVA und Polymax HD Ma\u00dfe: 24 x 19 x 6<\/p>\n","protected":false},"featured_media":662093,"comment_status":"open","ping_status":"closed","template":"","meta":{"inline_featured_image":false},"product_brand":[],"product_cat":[2279,2252,2251,2256],"product_tag":[2178],"sport":[],"class_list":{"0":"post-655978","1":"product","2":"type-product","3":"status-publish","4":"has-post-thumbnail","6":"product_cat-boxsacke-und-trainingszubehor-de","7":"product_cat-boxsacke-und-trainingszubehor","8":"product_cat-boxsacke-und-trainingszubehor-karate","9":"product_cat-taekwondo-boxsacke-und-trainingszubehor-von-adidas","10":"product_tag-adidas-de","11":"pa_size-sans-taille-defaut","13":"first","14":"instock","15":"taxable","16":"shipping-taxable","17":"purchasable","18":"product-type-variable"},"yoast_head":"<!-- This site is optimized with the Yoast SEO plugin v27.2 - https:\/\/yoast.com\/product\/yoast-seo-wordpress\/ -->\n<title>ECO Adidas B\u00e4rentatze &#8211; Daisho<\/title>\n<meta name=\"description\" content=\"ECO Adidas B\u00e4rentatzen kombinieren Komfort und Leistung. Sie kombinieren auch Haltbarkeit und sorgf\u00e4ltige Verarbeitung. Sie finden sie unter www.daisho.be | Daisho\" \/>\n<meta name=\"robots\" content=\"index, follow, max-snippet:-1, max-image-preview:large, max-video-preview:-1\" \/>\n<link rel=\"canonical\" href=\"https:\/\/www.daisho.be\/de\/produit\/eco-adidas-baerentatze\/\" \/>\n<meta property=\"og:locale\" content=\"de_DE\" \/>\n<meta property=\"og:type\" content=\"article\" \/>\n<meta property=\"og:title\" content=\"ECO Adidas B\u00e4rentatze &#8211; Daisho\" \/>\n<meta property=\"og:description\" content=\"ECO Adidas B\u00e4rentatzen kombinieren Komfort und Leistung. Sie kombinieren auch Haltbarkeit und sorgf\u00e4ltige Verarbeitung. Sie finden sie unter www.daisho.be | Daisho\" \/>\n<meta property=\"og:url\" content=\"https:\/\/www.daisho.be\/de\/produit\/eco-adidas-baerentatze\/\" \/>\n<meta property=\"og:site_name\" content=\"Daisho\" \/>\n<meta property=\"article:modified_time\" content=\"2026-02-17T16:45:52+00:00\" \/>\n<meta property=\"og:image\" content=\"https:\/\/www.daisho.be\/wp-content\/uploads\/2026\/01\/image-40.png\" \/>\n\t<meta property=\"og:image:width\" content=\"559\" \/>\n\t<meta property=\"og:image:height\" content=\"674\" \/>\n\t<meta property=\"og:image:type\" content=\"image\/png\" \/>\n<meta name=\"twitter:card\" content=\"summary_large_image\" \/>\n<script type=\"application\/ld+json\" class=\"yoast-schema-graph\">{\"@context\":\"https:\/\/schema.org\",\"@graph\":[{\"@type\":\"WebPage\",\"@id\":\"https:\/\/www.daisho.be\/de\/produit\/eco-adidas-baerentatze\/\",\"url\":\"https:\/\/www.daisho.be\/de\/produit\/eco-adidas-baerentatze\/\",\"name\":\"ECO Adidas B\u00e4rentatze &#8211; Daisho\",\"isPartOf\":{\"@id\":\"https:\/\/www.daisho.be\/de\/#website\"},\"primaryImageOfPage\":{\"@id\":\"https:\/\/www.daisho.be\/de\/produit\/eco-adidas-baerentatze\/#primaryimage\"},\"image\":{\"@id\":\"https:\/\/www.daisho.be\/de\/produit\/eco-adidas-baerentatze\/#primaryimage\"},\"thumbnailUrl\":\"https:\/\/www.daisho.be\/wp-content\/uploads\/2026\/01\/image-40.png\",\"datePublished\":\"2026-01-27T12:52:05+00:00\",\"dateModified\":\"2026-02-17T16:45:52+00:00\",\"description\":\"ECO Adidas B\u00e4rentatzen kombinieren Komfort und Leistung. Sie kombinieren auch Haltbarkeit und sorgf\u00e4ltige Verarbeitung. Sie finden sie unter www.daisho.be | Daisho\",\"breadcrumb\":{\"@id\":\"https:\/\/www.daisho.be\/de\/produit\/eco-adidas-baerentatze\/#breadcrumb\"},\"inLanguage\":\"de\",\"potentialAction\":[{\"@type\":\"ReadAction\",\"target\":[\"https:\/\/www.daisho.be\/de\/produit\/eco-adidas-baerentatze\/\"]}]},{\"@type\":\"ImageObject\",\"inLanguage\":\"de\",\"@id\":\"https:\/\/www.daisho.be\/de\/produit\/eco-adidas-baerentatze\/#primaryimage\",\"url\":\"https:\/\/www.daisho.be\/wp-content\/uploads\/2026\/01\/image-40.png\",\"contentUrl\":\"https:\/\/www.daisho.be\/wp-content\/uploads\/2026\/01\/image-40.png\",\"width\":559,\"height\":674,\"caption\":\"ECO Adidas-B\u00e4rentatze-1\"},{\"@type\":\"BreadcrumbList\",\"@id\":\"https:\/\/www.daisho.be\/de\/produit\/eco-adidas-baerentatze\/#breadcrumb\",\"itemListElement\":[{\"@type\":\"ListItem\",\"position\":1,\"name\":\"Accueil\",\"item\":\"https:\/\/www.daisho.be\/de\/\"},{\"@type\":\"ListItem\",\"position\":2,\"name\":\"Produkte\",\"item\":\"https:\/\/www.daisho.be\/de\/produkte\/\"},{\"@type\":\"ListItem\",\"position\":3,\"name\":\"ADIDAS COMBAT SPORTS\",\"item\":\"https:\/\/www.daisho.be\/de\/categorie-produit\/adidas-combat-sports-de\/\"},{\"@type\":\"ListItem\",\"position\":4,\"name\":\"Kick-Boxing\",\"item\":\"https:\/\/www.daisho.be\/de\/categorie-produit\/adidas-combat-sports-de\/kick-boxing-de\/\"},{\"@type\":\"ListItem\",\"position\":5,\"name\":\"Boxs\u00e4cke und Trainingszubeh\u00f6r\",\"item\":\"https:\/\/www.daisho.be\/de\/categorie-produit\/adidas-combat-sports-de\/kick-boxing-de\/boxsacke-und-trainingszubehor-de\/\"},{\"@type\":\"ListItem\",\"position\":6,\"name\":\"ECO Adidas B\u00e4rentatze\"}]},{\"@type\":\"WebSite\",\"@id\":\"https:\/\/www.daisho.be\/de\/#website\",\"url\":\"https:\/\/www.daisho.be\/de\/\",\"name\":\"Daisho\",\"description\":\"Sp&eacute;cialiste de l'&eacute;quipement sportif d'arts martiaux\",\"publisher\":{\"@id\":\"https:\/\/www.daisho.be\/de\/#organization\"},\"potentialAction\":[{\"@type\":\"SearchAction\",\"target\":{\"@type\":\"EntryPoint\",\"urlTemplate\":\"https:\/\/www.daisho.be\/de\/?s={search_term_string}\"},\"query-input\":{\"@type\":\"PropertyValueSpecification\",\"valueRequired\":true,\"valueName\":\"search_term_string\"}}],\"inLanguage\":\"de\"},{\"@type\":\"Organization\",\"@id\":\"https:\/\/www.daisho.be\/de\/#organization\",\"name\":\"Daisho\",\"url\":\"https:\/\/www.daisho.be\/de\/\",\"logo\":{\"@type\":\"ImageObject\",\"inLanguage\":\"de\",\"@id\":\"https:\/\/www.daisho.be\/de\/#\/schema\/logo\/image\/\",\"url\":\"https:\/\/www.daisho.be\/wp-content\/uploads\/2019\/07\/color-nothing-horizontale4x-e1564486100247.png\",\"contentUrl\":\"https:\/\/www.daisho.be\/wp-content\/uploads\/2019\/07\/color-nothing-horizontale4x-e1564486100247.png\",\"width\":1547,\"height\":385,\"caption\":\"Daisho\"},\"image\":{\"@id\":\"https:\/\/www.daisho.be\/de\/#\/schema\/logo\/image\/\"}}]}<\/script>\n<!-- \/ Yoast SEO plugin. -->","yoast_head_json":{"title":"ECO Adidas B\u00e4rentatze &#8211; Daisho","description":"ECO Adidas B\u00e4rentatzen kombinieren Komfort und Leistung. Sie kombinieren auch Haltbarkeit und sorgf\u00e4ltige Verarbeitung. Sie finden sie unter www.daisho.be | Daisho","robots":{"index":"index","follow":"follow","max-snippet":"max-snippet:-1","max-image-preview":"max-image-preview:large","max-video-preview":"max-video-preview:-1"},"canonical":"https:\/\/www.daisho.be\/de\/produit\/eco-adidas-baerentatze\/","og_locale":"de_DE","og_type":"article","og_title":"ECO Adidas B\u00e4rentatze &#8211; Daisho","og_description":"ECO Adidas B\u00e4rentatzen kombinieren Komfort und Leistung. Sie kombinieren auch Haltbarkeit und sorgf\u00e4ltige Verarbeitung. Sie finden sie unter www.daisho.be | Daisho","og_url":"https:\/\/www.daisho.be\/de\/produit\/eco-adidas-baerentatze\/","og_site_name":"Daisho","article_modified_time":"2026-02-17T16:45:52+00:00","og_image":[{"width":559,"height":674,"url":"https:\/\/www.daisho.be\/wp-content\/uploads\/2026\/01\/image-40.png","type":"image\/png"}],"twitter_card":"summary_large_image","schema":{"@context":"https:\/\/schema.org","@graph":[{"@type":"WebPage","@id":"https:\/\/www.daisho.be\/de\/produit\/eco-adidas-baerentatze\/","url":"https:\/\/www.daisho.be\/de\/produit\/eco-adidas-baerentatze\/","name":"ECO Adidas B\u00e4rentatze &#8211; Daisho","isPartOf":{"@id":"https:\/\/www.daisho.be\/de\/#website"},"primaryImageOfPage":{"@id":"https:\/\/www.daisho.be\/de\/produit\/eco-adidas-baerentatze\/#primaryimage"},"image":{"@id":"https:\/\/www.daisho.be\/de\/produit\/eco-adidas-baerentatze\/#primaryimage"},"thumbnailUrl":"https:\/\/www.daisho.be\/wp-content\/uploads\/2026\/01\/image-40.png","datePublished":"2026-01-27T12:52:05+00:00","dateModified":"2026-02-17T16:45:52+00:00","description":"ECO Adidas B\u00e4rentatzen kombinieren Komfort und Leistung. Sie kombinieren auch Haltbarkeit und sorgf\u00e4ltige Verarbeitung. Sie finden sie unter www.daisho.be | Daisho","breadcrumb":{"@id":"https:\/\/www.daisho.be\/de\/produit\/eco-adidas-baerentatze\/#breadcrumb"},"inLanguage":"de","potentialAction":[{"@type":"ReadAction","target":["https:\/\/www.daisho.be\/de\/produit\/eco-adidas-baerentatze\/"]}]},{"@type":"ImageObject","inLanguage":"de","@id":"https:\/\/www.daisho.be\/de\/produit\/eco-adidas-baerentatze\/#primaryimage","url":"https:\/\/www.daisho.be\/wp-content\/uploads\/2026\/01\/image-40.png","contentUrl":"https:\/\/www.daisho.be\/wp-content\/uploads\/2026\/01\/image-40.png","width":559,"height":674,"caption":"ECO Adidas-B\u00e4rentatze-1"},{"@type":"BreadcrumbList","@id":"https:\/\/www.daisho.be\/de\/produit\/eco-adidas-baerentatze\/#breadcrumb","itemListElement":[{"@type":"ListItem","position":1,"name":"Accueil","item":"https:\/\/www.daisho.be\/de\/"},{"@type":"ListItem","position":2,"name":"Produkte","item":"https:\/\/www.daisho.be\/de\/produkte\/"},{"@type":"ListItem","position":3,"name":"ADIDAS COMBAT SPORTS","item":"https:\/\/www.daisho.be\/de\/categorie-produit\/adidas-combat-sports-de\/"},{"@type":"ListItem","position":4,"name":"Kick-Boxing","item":"https:\/\/www.daisho.be\/de\/categorie-produit\/adidas-combat-sports-de\/kick-boxing-de\/"},{"@type":"ListItem","position":5,"name":"Boxs\u00e4cke und Trainingszubeh\u00f6r","item":"https:\/\/www.daisho.be\/de\/categorie-produit\/adidas-combat-sports-de\/kick-boxing-de\/boxsacke-und-trainingszubehor-de\/"},{"@type":"ListItem","position":6,"name":"ECO Adidas B\u00e4rentatze"}]},{"@type":"WebSite","@id":"https:\/\/www.daisho.be\/de\/#website","url":"https:\/\/www.daisho.be\/de\/","name":"Daisho","description":"Sp&eacute;cialiste de l'&eacute;quipement sportif d'arts martiaux","publisher":{"@id":"https:\/\/www.daisho.be\/de\/#organization"},"potentialAction":[{"@type":"SearchAction","target":{"@type":"EntryPoint","urlTemplate":"https:\/\/www.daisho.be\/de\/?s={search_term_string}"},"query-input":{"@type":"PropertyValueSpecification","valueRequired":true,"valueName":"search_term_string"}}],"inLanguage":"de"},{"@type":"Organization","@id":"https:\/\/www.daisho.be\/de\/#organization","name":"Daisho","url":"https:\/\/www.daisho.be\/de\/","logo":{"@type":"ImageObject","inLanguage":"de","@id":"https:\/\/www.daisho.be\/de\/#\/schema\/logo\/image\/","url":"https:\/\/www.daisho.be\/wp-content\/uploads\/2019\/07\/color-nothing-horizontale4x-e1564486100247.png","contentUrl":"https:\/\/www.daisho.be\/wp-content\/uploads\/2019\/07\/color-nothing-horizontale4x-e1564486100247.png","width":1547,"height":385,"caption":"Daisho"},"image":{"@id":"https:\/\/www.daisho.be\/de\/#\/schema\/logo\/image\/"}}]}},"_links":{"self":[{"href":"https:\/\/www.daisho.be\/de\/wp-json\/wp\/v2\/product\/655978","targetHints":{"allow":["GET"]}}],"collection":[{"href":"https:\/\/www.daisho.be\/de\/wp-json\/wp\/v2\/product"}],"about":[{"href":"https:\/\/www.daisho.be\/de\/wp-json\/wp\/v2\/types\/product"}],"replies":[{"embeddable":true,"href":"https:\/\/www.daisho.be\/de\/wp-json\/wp\/v2\/comments?post=655978"}],"wp:featuredmedia":[{"embeddable":true,"href":"https:\/\/www.daisho.be\/de\/wp-json\/wp\/v2\/media\/662093"}],"wp:attachment":[{"href":"https:\/\/www.daisho.be\/de\/wp-json\/wp\/v2\/media?parent=655978"}],"wp:term":[{"taxonomy":"product_brand","embeddable":true,"href":"https:\/\/www.daisho.be\/de\/wp-json\/wp\/v2\/product_brand?post=655978"},{"taxonomy":"product_cat","embeddable":true,"href":"https:\/\/www.daisho.be\/de\/wp-json\/wp\/v2\/product_cat?post=655978"},{"taxonomy":"product_tag","embeddable":true,"href":"https:\/\/www.daisho.be\/de\/wp-json\/wp\/v2\/product_tag?post=655978"},{"taxonomy":"sport","embeddable":true,"href":"https:\/\/www.daisho.be\/de\/wp-json\/wp\/v2\/sport?post=655978"}],"curies":[{"name":"wp","href":"https:\/\/api.w.org\/{rel}","templated":true}]}}