{"id":655945,"date":"2026-01-27T13:25:04","date_gmt":"2026-01-27T12:25:04","guid":{"rendered":"https:\/\/www.daisho.be\/produit\/grosser-gebogener-schild-adidas\/"},"modified":"2026-02-17T17:42:50","modified_gmt":"2026-02-17T16:42:50","slug":"grosser-gebogener-schild-adidas","status":"publish","type":"product","link":"https:\/\/www.daisho.be\/de\/produit\/grosser-gebogener-schild-adidas\/","title":{"rendered":"Gro\u00dfer gebogener Schild Adidas"},"content":{"rendered":"<p>Strapazierf\u00e4higes PU-Au\u00dfenmaterial<br \/>\n&#8218;Aero&#8216;-Schaumstoffpolsterung f\u00fcr optimale Sto\u00dfd\u00e4mpfung und Luftl\u00f6cher f\u00fcr den Luftaustausch<br \/>\nDrei Griffe und Nylonb\u00e4nder erleichtern das Greifen und Benutzen und sorgen f\u00fcr optimalen Halt.<\/p>\n<p>Farbe: Schwarz.<br \/>\nAbmessungen: 65x45x14 cm.<\/p>\n","protected":false},"excerpt":{"rendered":"<p>Strapazierf\u00e4higes PU-Au\u00dfenmaterial &#8218;Aero&#8216;-Schaumstoffpolsterung f\u00fcr optimale Sto\u00dfd\u00e4mpfung und Luftl\u00f6cher f\u00fcr den Luftaustausch Drei Griffe und Nylonb\u00e4nder erleichtern das Greifen und Benutzen und sorgen f\u00fcr optimalen Halt. Farbe: Schwarz. Abmessungen: 65x45x14 cm.<\/p>\n","protected":false},"featured_media":662117,"comment_status":"open","ping_status":"closed","template":"","meta":{"inline_featured_image":false},"product_brand":[],"product_cat":[2279,2252,2278,2251],"product_tag":[2178],"sport":[],"class_list":{"0":"post-655945","1":"product","2":"type-product","3":"status-publish","4":"has-post-thumbnail","6":"product_cat-boxsacke-und-trainingszubehor-de","7":"product_cat-boxsacke-und-trainingszubehor","8":"product_cat-boxsacke-und-trainingszubehor-boxen","9":"product_cat-boxsacke-und-trainingszubehor-karate","10":"product_tag-adidas-de","11":"pa_size-sans-taille-defaut","13":"first","14":"instock","15":"taxable","16":"shipping-taxable","17":"purchasable","18":"product-type-variable"},"yoast_head":"<!-- This site is optimized with the Yoast SEO plugin v27.2 - https:\/\/yoast.com\/product\/yoast-seo-wordpress\/ -->\n<title>Gro\u00dfer gebogener Schild Adidas &#8211; Daisho<\/title>\n<meta name=\"description\" content=\"Gro\u00dfer, gebogener Adidas-Schild: 65x45x14 cm. Optimale Sto\u00dfd\u00e4mpfung durch Aero-Schaumstoffpolsterung. Finden Sie es auf www.daisho.be | Daisho\" \/>\n<meta name=\"robots\" content=\"index, follow, max-snippet:-1, max-image-preview:large, max-video-preview:-1\" \/>\n<link rel=\"canonical\" href=\"https:\/\/www.daisho.be\/de\/produit\/grosser-gebogener-schild-adidas\/\" \/>\n<meta property=\"og:locale\" content=\"de_DE\" \/>\n<meta property=\"og:type\" content=\"article\" \/>\n<meta property=\"og:title\" content=\"Gro\u00dfer gebogener Schild Adidas &#8211; Daisho\" \/>\n<meta property=\"og:description\" content=\"Gro\u00dfer, gebogener Adidas-Schild: 65x45x14 cm. Optimale Sto\u00dfd\u00e4mpfung durch Aero-Schaumstoffpolsterung. Finden Sie es auf www.daisho.be | Daisho\" \/>\n<meta property=\"og:url\" content=\"https:\/\/www.daisho.be\/de\/produit\/grosser-gebogener-schild-adidas\/\" \/>\n<meta property=\"og:site_name\" content=\"Daisho\" \/>\n<meta property=\"article:modified_time\" content=\"2026-02-17T16:42:50+00:00\" \/>\n<meta property=\"og:image\" content=\"https:\/\/www.daisho.be\/wp-content\/uploads\/2026\/01\/image-34.png\" \/>\n\t<meta property=\"og:image:width\" content=\"499\" \/>\n\t<meta property=\"og:image:height\" content=\"633\" \/>\n\t<meta property=\"og:image:type\" content=\"image\/png\" \/>\n<meta name=\"twitter:card\" content=\"summary_large_image\" \/>\n<script type=\"application\/ld+json\" class=\"yoast-schema-graph\">{\"@context\":\"https:\/\/schema.org\",\"@graph\":[{\"@type\":\"WebPage\",\"@id\":\"https:\/\/www.daisho.be\/de\/produit\/grosser-gebogener-schild-adidas\/\",\"url\":\"https:\/\/www.daisho.be\/de\/produit\/grosser-gebogener-schild-adidas\/\",\"name\":\"Gro\u00dfer gebogener Schild Adidas &#8211; Daisho\",\"isPartOf\":{\"@id\":\"https:\/\/www.daisho.be\/de\/#website\"},\"primaryImageOfPage\":{\"@id\":\"https:\/\/www.daisho.be\/de\/produit\/grosser-gebogener-schild-adidas\/#primaryimage\"},\"image\":{\"@id\":\"https:\/\/www.daisho.be\/de\/produit\/grosser-gebogener-schild-adidas\/#primaryimage\"},\"thumbnailUrl\":\"https:\/\/www.daisho.be\/wp-content\/uploads\/2026\/01\/image-34.png\",\"datePublished\":\"2026-01-27T12:25:04+00:00\",\"dateModified\":\"2026-02-17T16:42:50+00:00\",\"description\":\"Gro\u00dfer, gebogener Adidas-Schild: 65x45x14 cm. Optimale Sto\u00dfd\u00e4mpfung durch Aero-Schaumstoffpolsterung. Finden Sie es auf www.daisho.be | Daisho\",\"breadcrumb\":{\"@id\":\"https:\/\/www.daisho.be\/de\/produit\/grosser-gebogener-schild-adidas\/#breadcrumb\"},\"inLanguage\":\"de\",\"potentialAction\":[{\"@type\":\"ReadAction\",\"target\":[\"https:\/\/www.daisho.be\/de\/produit\/grosser-gebogener-schild-adidas\/\"]}]},{\"@type\":\"ImageObject\",\"inLanguage\":\"de\",\"@id\":\"https:\/\/www.daisho.be\/de\/produit\/grosser-gebogener-schild-adidas\/#primaryimage\",\"url\":\"https:\/\/www.daisho.be\/wp-content\/uploads\/2026\/01\/image-34.png\",\"contentUrl\":\"https:\/\/www.daisho.be\/wp-content\/uploads\/2026\/01\/image-34.png\",\"width\":499,\"height\":633,\"caption\":\"Gro\u00dfer gebogener Schild Adidas-1\"},{\"@type\":\"BreadcrumbList\",\"@id\":\"https:\/\/www.daisho.be\/de\/produit\/grosser-gebogener-schild-adidas\/#breadcrumb\",\"itemListElement\":[{\"@type\":\"ListItem\",\"position\":1,\"name\":\"Accueil\",\"item\":\"https:\/\/www.daisho.be\/de\/\"},{\"@type\":\"ListItem\",\"position\":2,\"name\":\"Produkte\",\"item\":\"https:\/\/www.daisho.be\/de\/produkte\/\"},{\"@type\":\"ListItem\",\"position\":3,\"name\":\"ADIDAS COMBAT SPORTS\",\"item\":\"https:\/\/www.daisho.be\/de\/categorie-produit\/adidas-combat-sports-de\/\"},{\"@type\":\"ListItem\",\"position\":4,\"name\":\"Kick-Boxing\",\"item\":\"https:\/\/www.daisho.be\/de\/categorie-produit\/adidas-combat-sports-de\/kick-boxing-de\/\"},{\"@type\":\"ListItem\",\"position\":5,\"name\":\"Boxs\u00e4cke und Trainingszubeh\u00f6r\",\"item\":\"https:\/\/www.daisho.be\/de\/categorie-produit\/adidas-combat-sports-de\/kick-boxing-de\/boxsacke-und-trainingszubehor-de\/\"},{\"@type\":\"ListItem\",\"position\":6,\"name\":\"Gro\u00dfer gebogener Schild Adidas\"}]},{\"@type\":\"WebSite\",\"@id\":\"https:\/\/www.daisho.be\/de\/#website\",\"url\":\"https:\/\/www.daisho.be\/de\/\",\"name\":\"Daisho\",\"description\":\"Sp&eacute;cialiste de l'&eacute;quipement sportif d'arts martiaux\",\"publisher\":{\"@id\":\"https:\/\/www.daisho.be\/de\/#organization\"},\"potentialAction\":[{\"@type\":\"SearchAction\",\"target\":{\"@type\":\"EntryPoint\",\"urlTemplate\":\"https:\/\/www.daisho.be\/de\/?s={search_term_string}\"},\"query-input\":{\"@type\":\"PropertyValueSpecification\",\"valueRequired\":true,\"valueName\":\"search_term_string\"}}],\"inLanguage\":\"de\"},{\"@type\":\"Organization\",\"@id\":\"https:\/\/www.daisho.be\/de\/#organization\",\"name\":\"Daisho\",\"url\":\"https:\/\/www.daisho.be\/de\/\",\"logo\":{\"@type\":\"ImageObject\",\"inLanguage\":\"de\",\"@id\":\"https:\/\/www.daisho.be\/de\/#\/schema\/logo\/image\/\",\"url\":\"https:\/\/www.daisho.be\/wp-content\/uploads\/2019\/07\/color-nothing-horizontale4x-e1564486100247.png\",\"contentUrl\":\"https:\/\/www.daisho.be\/wp-content\/uploads\/2019\/07\/color-nothing-horizontale4x-e1564486100247.png\",\"width\":1547,\"height\":385,\"caption\":\"Daisho\"},\"image\":{\"@id\":\"https:\/\/www.daisho.be\/de\/#\/schema\/logo\/image\/\"}}]}<\/script>\n<!-- \/ Yoast SEO plugin. -->","yoast_head_json":{"title":"Gro\u00dfer gebogener Schild Adidas &#8211; Daisho","description":"Gro\u00dfer, gebogener Adidas-Schild: 65x45x14 cm. Optimale Sto\u00dfd\u00e4mpfung durch Aero-Schaumstoffpolsterung. Finden Sie es auf www.daisho.be | Daisho","robots":{"index":"index","follow":"follow","max-snippet":"max-snippet:-1","max-image-preview":"max-image-preview:large","max-video-preview":"max-video-preview:-1"},"canonical":"https:\/\/www.daisho.be\/de\/produit\/grosser-gebogener-schild-adidas\/","og_locale":"de_DE","og_type":"article","og_title":"Gro\u00dfer gebogener Schild Adidas &#8211; Daisho","og_description":"Gro\u00dfer, gebogener Adidas-Schild: 65x45x14 cm. Optimale Sto\u00dfd\u00e4mpfung durch Aero-Schaumstoffpolsterung. Finden Sie es auf www.daisho.be | Daisho","og_url":"https:\/\/www.daisho.be\/de\/produit\/grosser-gebogener-schild-adidas\/","og_site_name":"Daisho","article_modified_time":"2026-02-17T16:42:50+00:00","og_image":[{"width":499,"height":633,"url":"https:\/\/www.daisho.be\/wp-content\/uploads\/2026\/01\/image-34.png","type":"image\/png"}],"twitter_card":"summary_large_image","schema":{"@context":"https:\/\/schema.org","@graph":[{"@type":"WebPage","@id":"https:\/\/www.daisho.be\/de\/produit\/grosser-gebogener-schild-adidas\/","url":"https:\/\/www.daisho.be\/de\/produit\/grosser-gebogener-schild-adidas\/","name":"Gro\u00dfer gebogener Schild Adidas &#8211; Daisho","isPartOf":{"@id":"https:\/\/www.daisho.be\/de\/#website"},"primaryImageOfPage":{"@id":"https:\/\/www.daisho.be\/de\/produit\/grosser-gebogener-schild-adidas\/#primaryimage"},"image":{"@id":"https:\/\/www.daisho.be\/de\/produit\/grosser-gebogener-schild-adidas\/#primaryimage"},"thumbnailUrl":"https:\/\/www.daisho.be\/wp-content\/uploads\/2026\/01\/image-34.png","datePublished":"2026-01-27T12:25:04+00:00","dateModified":"2026-02-17T16:42:50+00:00","description":"Gro\u00dfer, gebogener Adidas-Schild: 65x45x14 cm. Optimale Sto\u00dfd\u00e4mpfung durch Aero-Schaumstoffpolsterung. Finden Sie es auf www.daisho.be | Daisho","breadcrumb":{"@id":"https:\/\/www.daisho.be\/de\/produit\/grosser-gebogener-schild-adidas\/#breadcrumb"},"inLanguage":"de","potentialAction":[{"@type":"ReadAction","target":["https:\/\/www.daisho.be\/de\/produit\/grosser-gebogener-schild-adidas\/"]}]},{"@type":"ImageObject","inLanguage":"de","@id":"https:\/\/www.daisho.be\/de\/produit\/grosser-gebogener-schild-adidas\/#primaryimage","url":"https:\/\/www.daisho.be\/wp-content\/uploads\/2026\/01\/image-34.png","contentUrl":"https:\/\/www.daisho.be\/wp-content\/uploads\/2026\/01\/image-34.png","width":499,"height":633,"caption":"Gro\u00dfer gebogener Schild Adidas-1"},{"@type":"BreadcrumbList","@id":"https:\/\/www.daisho.be\/de\/produit\/grosser-gebogener-schild-adidas\/#breadcrumb","itemListElement":[{"@type":"ListItem","position":1,"name":"Accueil","item":"https:\/\/www.daisho.be\/de\/"},{"@type":"ListItem","position":2,"name":"Produkte","item":"https:\/\/www.daisho.be\/de\/produkte\/"},{"@type":"ListItem","position":3,"name":"ADIDAS COMBAT SPORTS","item":"https:\/\/www.daisho.be\/de\/categorie-produit\/adidas-combat-sports-de\/"},{"@type":"ListItem","position":4,"name":"Kick-Boxing","item":"https:\/\/www.daisho.be\/de\/categorie-produit\/adidas-combat-sports-de\/kick-boxing-de\/"},{"@type":"ListItem","position":5,"name":"Boxs\u00e4cke und Trainingszubeh\u00f6r","item":"https:\/\/www.daisho.be\/de\/categorie-produit\/adidas-combat-sports-de\/kick-boxing-de\/boxsacke-und-trainingszubehor-de\/"},{"@type":"ListItem","position":6,"name":"Gro\u00dfer gebogener Schild Adidas"}]},{"@type":"WebSite","@id":"https:\/\/www.daisho.be\/de\/#website","url":"https:\/\/www.daisho.be\/de\/","name":"Daisho","description":"Sp&eacute;cialiste de l'&eacute;quipement sportif d'arts martiaux","publisher":{"@id":"https:\/\/www.daisho.be\/de\/#organization"},"potentialAction":[{"@type":"SearchAction","target":{"@type":"EntryPoint","urlTemplate":"https:\/\/www.daisho.be\/de\/?s={search_term_string}"},"query-input":{"@type":"PropertyValueSpecification","valueRequired":true,"valueName":"search_term_string"}}],"inLanguage":"de"},{"@type":"Organization","@id":"https:\/\/www.daisho.be\/de\/#organization","name":"Daisho","url":"https:\/\/www.daisho.be\/de\/","logo":{"@type":"ImageObject","inLanguage":"de","@id":"https:\/\/www.daisho.be\/de\/#\/schema\/logo\/image\/","url":"https:\/\/www.daisho.be\/wp-content\/uploads\/2019\/07\/color-nothing-horizontale4x-e1564486100247.png","contentUrl":"https:\/\/www.daisho.be\/wp-content\/uploads\/2019\/07\/color-nothing-horizontale4x-e1564486100247.png","width":1547,"height":385,"caption":"Daisho"},"image":{"@id":"https:\/\/www.daisho.be\/de\/#\/schema\/logo\/image\/"}}]}},"_links":{"self":[{"href":"https:\/\/www.daisho.be\/de\/wp-json\/wp\/v2\/product\/655945","targetHints":{"allow":["GET"]}}],"collection":[{"href":"https:\/\/www.daisho.be\/de\/wp-json\/wp\/v2\/product"}],"about":[{"href":"https:\/\/www.daisho.be\/de\/wp-json\/wp\/v2\/types\/product"}],"replies":[{"embeddable":true,"href":"https:\/\/www.daisho.be\/de\/wp-json\/wp\/v2\/comments?post=655945"}],"wp:featuredmedia":[{"embeddable":true,"href":"https:\/\/www.daisho.be\/de\/wp-json\/wp\/v2\/media\/662117"}],"wp:attachment":[{"href":"https:\/\/www.daisho.be\/de\/wp-json\/wp\/v2\/media?parent=655945"}],"wp:term":[{"taxonomy":"product_brand","embeddable":true,"href":"https:\/\/www.daisho.be\/de\/wp-json\/wp\/v2\/product_brand?post=655945"},{"taxonomy":"product_cat","embeddable":true,"href":"https:\/\/www.daisho.be\/de\/wp-json\/wp\/v2\/product_cat?post=655945"},{"taxonomy":"product_tag","embeddable":true,"href":"https:\/\/www.daisho.be\/de\/wp-json\/wp\/v2\/product_tag?post=655945"},{"taxonomy":"sport","embeddable":true,"href":"https:\/\/www.daisho.be\/de\/wp-json\/wp\/v2\/sport?post=655945"}],"curies":[{"name":"wp","href":"https:\/\/api.w.org\/{rel}","templated":true}]}}