{"id":651648,"date":"2026-01-08T13:24:43","date_gmt":"2026-01-08T12:24:43","guid":{"rendered":"https:\/\/www.daisho.be\/produit\/komplette-step-step-2-aufsaetze\/"},"modified":"2026-01-08T13:24:43","modified_gmt":"2026-01-08T12:24:43","slug":"komplette-step-step-2-aufsaetze","status":"publish","type":"product","link":"https:\/\/www.daisho.be\/de\/produit\/komplette-step-step-2-aufsaetze\/","title":{"rendered":"Komplette Step (Step + 2 Aufs\u00e4tze)"},"content":{"rendered":"<p>Die rutschfeste Platte erm\u00f6glicht ein sicheres Arbeiten.<br \/>\nDie H\u00f6henverstellbarkeit des Steps (10cm, 15cm und 20cm) erm\u00f6glicht es, das Niveau an die eigenen F\u00e4higkeiten und Ziele anzupassen.<br \/>\nDie Aufs\u00e4tze k\u00f6nnen unter dem Step verstaut werden.<br \/>\nMaximales Gewicht: 120 Kg.<\/p>\n","protected":false},"excerpt":{"rendered":"<p>Die rutschfeste Platte erm\u00f6glicht ein sicheres Arbeiten. Die H\u00f6henverstellbarkeit des Steps (10cm, 15cm und 20cm) erm\u00f6glicht es, das Niveau an die eigenen F\u00e4higkeiten und Ziele anzupassen. Die Aufs\u00e4tze k\u00f6nnen unter dem Step verstaut werden. Maximales Gewicht: 120 Kg.<\/p>\n","protected":false},"featured_media":651636,"comment_status":"open","ping_status":"closed","template":"","meta":{"inline_featured_image":false},"product_brand":[],"product_cat":[2562],"product_tag":[2152],"sport":[],"class_list":{"0":"post-651648","1":"product","2":"type-product","3":"status-publish","4":"has-post-thumbnail","6":"product_cat-stretching-material","7":"product_tag-sporti-de","8":"pa_size-sans-taille-defaut","10":"first","11":"instock","12":"taxable","13":"shipping-taxable","14":"purchasable","15":"product-type-variable"},"yoast_head":"<!-- This site is optimized with the Yoast SEO plugin v27.2 - https:\/\/yoast.com\/product\/yoast-seo-wordpress\/ -->\n<title>Komplette Step (Step + 2 Aufs\u00e4tze) &#8211; Daisho<\/title>\n<meta name=\"robots\" content=\"index, follow, max-snippet:-1, max-image-preview:large, max-video-preview:-1\" \/>\n<link rel=\"canonical\" href=\"https:\/\/www.daisho.be\/de\/produit\/komplette-step-step-2-aufsaetze\/\" \/>\n<meta property=\"og:locale\" content=\"de_DE\" \/>\n<meta property=\"og:type\" content=\"article\" \/>\n<meta property=\"og:title\" content=\"Komplette Step (Step + 2 Aufs\u00e4tze) &#8211; Daisho\" \/>\n<meta property=\"og:description\" content=\"Die rutschfeste Platte erm\u00f6glicht ein sicheres Arbeiten. Die H\u00f6henverstellbarkeit des Steps (10cm, 15cm und 20cm) erm\u00f6glicht es, das Niveau an die eigenen F\u00e4higkeiten und Ziele anzupassen. Die Aufs\u00e4tze k\u00f6nnen unter dem Step verstaut werden. Maximales Gewicht: 120 Kg.\" \/>\n<meta property=\"og:url\" content=\"https:\/\/www.daisho.be\/de\/produit\/komplette-step-step-2-aufsaetze\/\" \/>\n<meta property=\"og:site_name\" content=\"Daisho\" \/>\n<meta property=\"og:image\" content=\"https:\/\/www.daisho.be\/wp-content\/uploads\/2026\/01\/image-19.png\" \/>\n\t<meta property=\"og:image:width\" content=\"1200\" \/>\n\t<meta property=\"og:image:height\" content=\"1200\" \/>\n\t<meta property=\"og:image:type\" content=\"image\/png\" \/>\n<meta name=\"twitter:card\" content=\"summary_large_image\" \/>\n<script type=\"application\/ld+json\" class=\"yoast-schema-graph\">{\"@context\":\"https:\/\/schema.org\",\"@graph\":[{\"@type\":\"WebPage\",\"@id\":\"https:\/\/www.daisho.be\/de\/produit\/komplette-step-step-2-aufsaetze\/\",\"url\":\"https:\/\/www.daisho.be\/de\/produit\/komplette-step-step-2-aufsaetze\/\",\"name\":\"Komplette Step (Step + 2 Aufs\u00e4tze) &#8211; Daisho\",\"isPartOf\":{\"@id\":\"https:\/\/www.daisho.be\/de\/#website\"},\"primaryImageOfPage\":{\"@id\":\"https:\/\/www.daisho.be\/de\/produit\/komplette-step-step-2-aufsaetze\/#primaryimage\"},\"image\":{\"@id\":\"https:\/\/www.daisho.be\/de\/produit\/komplette-step-step-2-aufsaetze\/#primaryimage\"},\"thumbnailUrl\":\"https:\/\/www.daisho.be\/wp-content\/uploads\/2026\/01\/image-19.png\",\"datePublished\":\"2026-01-08T12:24:43+00:00\",\"breadcrumb\":{\"@id\":\"https:\/\/www.daisho.be\/de\/produit\/komplette-step-step-2-aufsaetze\/#breadcrumb\"},\"inLanguage\":\"de\",\"potentialAction\":[{\"@type\":\"ReadAction\",\"target\":[\"https:\/\/www.daisho.be\/de\/produit\/komplette-step-step-2-aufsaetze\/\"]}]},{\"@type\":\"ImageObject\",\"inLanguage\":\"de\",\"@id\":\"https:\/\/www.daisho.be\/de\/produit\/komplette-step-step-2-aufsaetze\/#primaryimage\",\"url\":\"https:\/\/www.daisho.be\/wp-content\/uploads\/2026\/01\/image-19.png\",\"contentUrl\":\"https:\/\/www.daisho.be\/wp-content\/uploads\/2026\/01\/image-19.png\",\"width\":1200,\"height\":1200,\"caption\":\"Step complet (Step + lot de 2 rehausses)-1\"},{\"@type\":\"BreadcrumbList\",\"@id\":\"https:\/\/www.daisho.be\/de\/produit\/komplette-step-step-2-aufsaetze\/#breadcrumb\",\"itemListElement\":[{\"@type\":\"ListItem\",\"position\":1,\"name\":\"Accueil\",\"item\":\"https:\/\/www.daisho.be\/de\/\"},{\"@type\":\"ListItem\",\"position\":2,\"name\":\"Produkte\",\"item\":\"https:\/\/www.daisho.be\/de\/produkte\/\"},{\"@type\":\"ListItem\",\"position\":3,\"name\":\"Kampfsportarten\",\"item\":\"https:\/\/www.daisho.be\/de\/categorie-produit\/kampfsportarten\/\"},{\"@type\":\"ListItem\",\"position\":4,\"name\":\"Stretching-Material\",\"item\":\"https:\/\/www.daisho.be\/de\/categorie-produit\/kampfsportarten\/stretching-material\/\"},{\"@type\":\"ListItem\",\"position\":5,\"name\":\"Komplette Step (Step + 2 Aufs\u00e4tze)\"}]},{\"@type\":\"WebSite\",\"@id\":\"https:\/\/www.daisho.be\/de\/#website\",\"url\":\"https:\/\/www.daisho.be\/de\/\",\"name\":\"Daisho\",\"description\":\"Sp&eacute;cialiste de l'&eacute;quipement sportif d'arts martiaux\",\"publisher\":{\"@id\":\"https:\/\/www.daisho.be\/de\/#organization\"},\"potentialAction\":[{\"@type\":\"SearchAction\",\"target\":{\"@type\":\"EntryPoint\",\"urlTemplate\":\"https:\/\/www.daisho.be\/de\/?s={search_term_string}\"},\"query-input\":{\"@type\":\"PropertyValueSpecification\",\"valueRequired\":true,\"valueName\":\"search_term_string\"}}],\"inLanguage\":\"de\"},{\"@type\":\"Organization\",\"@id\":\"https:\/\/www.daisho.be\/de\/#organization\",\"name\":\"Daisho\",\"url\":\"https:\/\/www.daisho.be\/de\/\",\"logo\":{\"@type\":\"ImageObject\",\"inLanguage\":\"de\",\"@id\":\"https:\/\/www.daisho.be\/de\/#\/schema\/logo\/image\/\",\"url\":\"https:\/\/www.daisho.be\/wp-content\/uploads\/2019\/07\/color-nothing-horizontale4x-e1564486100247.png\",\"contentUrl\":\"https:\/\/www.daisho.be\/wp-content\/uploads\/2019\/07\/color-nothing-horizontale4x-e1564486100247.png\",\"width\":1547,\"height\":385,\"caption\":\"Daisho\"},\"image\":{\"@id\":\"https:\/\/www.daisho.be\/de\/#\/schema\/logo\/image\/\"}}]}<\/script>\n<!-- \/ Yoast SEO plugin. -->","yoast_head_json":{"title":"Komplette Step (Step + 2 Aufs\u00e4tze) &#8211; Daisho","robots":{"index":"index","follow":"follow","max-snippet":"max-snippet:-1","max-image-preview":"max-image-preview:large","max-video-preview":"max-video-preview:-1"},"canonical":"https:\/\/www.daisho.be\/de\/produit\/komplette-step-step-2-aufsaetze\/","og_locale":"de_DE","og_type":"article","og_title":"Komplette Step (Step + 2 Aufs\u00e4tze) &#8211; Daisho","og_description":"Die rutschfeste Platte erm\u00f6glicht ein sicheres Arbeiten. Die H\u00f6henverstellbarkeit des Steps (10cm, 15cm und 20cm) erm\u00f6glicht es, das Niveau an die eigenen F\u00e4higkeiten und Ziele anzupassen. Die Aufs\u00e4tze k\u00f6nnen unter dem Step verstaut werden. Maximales Gewicht: 120 Kg.","og_url":"https:\/\/www.daisho.be\/de\/produit\/komplette-step-step-2-aufsaetze\/","og_site_name":"Daisho","og_image":[{"width":1200,"height":1200,"url":"https:\/\/www.daisho.be\/wp-content\/uploads\/2026\/01\/image-19.png","type":"image\/png"}],"twitter_card":"summary_large_image","schema":{"@context":"https:\/\/schema.org","@graph":[{"@type":"WebPage","@id":"https:\/\/www.daisho.be\/de\/produit\/komplette-step-step-2-aufsaetze\/","url":"https:\/\/www.daisho.be\/de\/produit\/komplette-step-step-2-aufsaetze\/","name":"Komplette Step (Step + 2 Aufs\u00e4tze) &#8211; Daisho","isPartOf":{"@id":"https:\/\/www.daisho.be\/de\/#website"},"primaryImageOfPage":{"@id":"https:\/\/www.daisho.be\/de\/produit\/komplette-step-step-2-aufsaetze\/#primaryimage"},"image":{"@id":"https:\/\/www.daisho.be\/de\/produit\/komplette-step-step-2-aufsaetze\/#primaryimage"},"thumbnailUrl":"https:\/\/www.daisho.be\/wp-content\/uploads\/2026\/01\/image-19.png","datePublished":"2026-01-08T12:24:43+00:00","breadcrumb":{"@id":"https:\/\/www.daisho.be\/de\/produit\/komplette-step-step-2-aufsaetze\/#breadcrumb"},"inLanguage":"de","potentialAction":[{"@type":"ReadAction","target":["https:\/\/www.daisho.be\/de\/produit\/komplette-step-step-2-aufsaetze\/"]}]},{"@type":"ImageObject","inLanguage":"de","@id":"https:\/\/www.daisho.be\/de\/produit\/komplette-step-step-2-aufsaetze\/#primaryimage","url":"https:\/\/www.daisho.be\/wp-content\/uploads\/2026\/01\/image-19.png","contentUrl":"https:\/\/www.daisho.be\/wp-content\/uploads\/2026\/01\/image-19.png","width":1200,"height":1200,"caption":"Step complet (Step + lot de 2 rehausses)-1"},{"@type":"BreadcrumbList","@id":"https:\/\/www.daisho.be\/de\/produit\/komplette-step-step-2-aufsaetze\/#breadcrumb","itemListElement":[{"@type":"ListItem","position":1,"name":"Accueil","item":"https:\/\/www.daisho.be\/de\/"},{"@type":"ListItem","position":2,"name":"Produkte","item":"https:\/\/www.daisho.be\/de\/produkte\/"},{"@type":"ListItem","position":3,"name":"Kampfsportarten","item":"https:\/\/www.daisho.be\/de\/categorie-produit\/kampfsportarten\/"},{"@type":"ListItem","position":4,"name":"Stretching-Material","item":"https:\/\/www.daisho.be\/de\/categorie-produit\/kampfsportarten\/stretching-material\/"},{"@type":"ListItem","position":5,"name":"Komplette Step (Step + 2 Aufs\u00e4tze)"}]},{"@type":"WebSite","@id":"https:\/\/www.daisho.be\/de\/#website","url":"https:\/\/www.daisho.be\/de\/","name":"Daisho","description":"Sp&eacute;cialiste de l'&eacute;quipement sportif d'arts martiaux","publisher":{"@id":"https:\/\/www.daisho.be\/de\/#organization"},"potentialAction":[{"@type":"SearchAction","target":{"@type":"EntryPoint","urlTemplate":"https:\/\/www.daisho.be\/de\/?s={search_term_string}"},"query-input":{"@type":"PropertyValueSpecification","valueRequired":true,"valueName":"search_term_string"}}],"inLanguage":"de"},{"@type":"Organization","@id":"https:\/\/www.daisho.be\/de\/#organization","name":"Daisho","url":"https:\/\/www.daisho.be\/de\/","logo":{"@type":"ImageObject","inLanguage":"de","@id":"https:\/\/www.daisho.be\/de\/#\/schema\/logo\/image\/","url":"https:\/\/www.daisho.be\/wp-content\/uploads\/2019\/07\/color-nothing-horizontale4x-e1564486100247.png","contentUrl":"https:\/\/www.daisho.be\/wp-content\/uploads\/2019\/07\/color-nothing-horizontale4x-e1564486100247.png","width":1547,"height":385,"caption":"Daisho"},"image":{"@id":"https:\/\/www.daisho.be\/de\/#\/schema\/logo\/image\/"}}]}},"_links":{"self":[{"href":"https:\/\/www.daisho.be\/de\/wp-json\/wp\/v2\/product\/651648","targetHints":{"allow":["GET"]}}],"collection":[{"href":"https:\/\/www.daisho.be\/de\/wp-json\/wp\/v2\/product"}],"about":[{"href":"https:\/\/www.daisho.be\/de\/wp-json\/wp\/v2\/types\/product"}],"replies":[{"embeddable":true,"href":"https:\/\/www.daisho.be\/de\/wp-json\/wp\/v2\/comments?post=651648"}],"wp:featuredmedia":[{"embeddable":true,"href":"https:\/\/www.daisho.be\/de\/wp-json\/wp\/v2\/media\/651636"}],"wp:attachment":[{"href":"https:\/\/www.daisho.be\/de\/wp-json\/wp\/v2\/media?parent=651648"}],"wp:term":[{"taxonomy":"product_brand","embeddable":true,"href":"https:\/\/www.daisho.be\/de\/wp-json\/wp\/v2\/product_brand?post=651648"},{"taxonomy":"product_cat","embeddable":true,"href":"https:\/\/www.daisho.be\/de\/wp-json\/wp\/v2\/product_cat?post=651648"},{"taxonomy":"product_tag","embeddable":true,"href":"https:\/\/www.daisho.be\/de\/wp-json\/wp\/v2\/product_tag?post=651648"},{"taxonomy":"sport","embeddable":true,"href":"https:\/\/www.daisho.be\/de\/wp-json\/wp\/v2\/sport?post=651648"}],"curies":[{"name":"wp","href":"https:\/\/api.w.org\/{rel}","templated":true}]}}