{"id":651624,"date":"2026-01-08T12:52:55","date_gmt":"2026-01-08T11:52:55","guid":{"rendered":"https:\/\/www.daisho.be\/produit\/uebungsleiter\/"},"modified":"2026-02-13T11:41:17","modified_gmt":"2026-02-13T10:41:17","slug":"uebungsleiter","status":"publish","type":"product","link":"https:\/\/www.daisho.be\/de\/produit\/uebungsleiter\/","title":{"rendered":"\u00dcbungsleiter"},"content":{"rendered":"<p>K\u00d6RPERKONTROLLE &#8211; das ideale Mittel, um Gleichgewicht, Koordination und Beweglichkeit zu trainieren.<br \/>\nEINSTELLBARE ENTFERNUNG &#8211; Sie k\u00f6nnen die erforderliche Entfernung frei einstellen.<br \/>\nUNIVERSELL &#8211; funktioniert gut f\u00fcr viele verschiedene \u00dcbungen und unterschiedliche Trainingsarten. KLEINE GR\u00d6\u00dfEN &#8211; zusammengefaltet nimmt es sehr wenig Platz ein und kann in einer praktischen Tasche transportiert werden.<br \/>\nBESCHREIBUNG &#8211; Gesamtl\u00e4nge: ~ 6 m, Breite: 50 cm, Anzahl der Sprossen: 12, Material: Polyester, Gewicht: 750 g, das Set beinhaltet: Leiter, Decke.<br \/>\nPerfekt f\u00fcr alle Sportarten &#8211; drinnen und drau\u00dfen. Die \u00dcbungsschritte sind n\u00fctzlich f\u00fcr alle, die Geschwindigkeit, Beweglichkeit und Koordination trainieren wollen.<br \/>\nMit Hilfe einer \u00dcbungsleiter k\u00f6nnen Sie Selbstbeherrschung und koordinative Bewegung trainieren.<br \/>\nDies ist ein perfektes Zubeh\u00f6r f\u00fcr Profis und Amateure.<br \/>\nDie Koordinationsschritte werden auch bei sportlichen Aktivit\u00e4ten und Korrekturen f\u00fcr Kinder aller Altersgruppen gut funktionieren.  <\/p>\n","protected":false},"excerpt":{"rendered":"<p>K\u00d6RPERKONTROLLE &#8211; das ideale Mittel, um Gleichgewicht, Koordination und Beweglichkeit zu trainieren. EINSTELLBARE ENTFERNUNG &#8211; Sie k\u00f6nnen die erforderliche Entfernung frei einstellen. UNIVERSELL &#8211; funktioniert gut f\u00fcr viele verschiedene \u00dcbungen und unterschiedliche Trainingsarten. KLEINE GR\u00d6\u00dfEN &#8211; zusammengefaltet nimmt es sehr wenig Platz ein und kann in einer praktischen Tasche transportiert werden. BESCHREIBUNG &#8211; Gesamtl\u00e4nge: ~ [&hellip;]<\/p>\n","protected":false},"featured_media":660803,"comment_status":"open","ping_status":"closed","template":"","meta":{"inline_featured_image":false},"product_brand":[],"product_cat":[2356],"product_tag":[2589],"sport":[],"class_list":{"0":"post-651624","1":"product","2":"type-product","3":"status-publish","4":"has-post-thumbnail","6":"product_cat-andere-de","7":"product_tag-trizand","8":"pa_size-sans-taille-defaut","10":"first","11":"instock","12":"sale","13":"taxable","14":"shipping-taxable","15":"purchasable","16":"product-type-simple"},"yoast_head":"<!-- This site is optimized with the Yoast SEO plugin v27.2 - https:\/\/yoast.com\/product\/yoast-seo-wordpress\/ -->\n<title>\u00dcbungsleiter &#8211; Daisho<\/title>\n<meta name=\"description\" content=\"M\u00fcssen Sie Ihre Beweglichkeit und Ihr Gleichgewicht trainieren? Entdecken Sie die Trainingsleiter der Marke Trizand auf unserer Website www.daisho.be|Daisho\" \/>\n<meta name=\"robots\" content=\"index, follow, max-snippet:-1, max-image-preview:large, max-video-preview:-1\" \/>\n<link rel=\"canonical\" href=\"https:\/\/www.daisho.be\/de\/produit\/uebungsleiter\/\" \/>\n<meta property=\"og:locale\" content=\"de_DE\" \/>\n<meta property=\"og:type\" content=\"article\" \/>\n<meta property=\"og:title\" content=\"\u00dcbungsleiter &#8211; Daisho\" \/>\n<meta property=\"og:description\" content=\"M\u00fcssen Sie Ihre Beweglichkeit und Ihr Gleichgewicht trainieren? Entdecken Sie die Trainingsleiter der Marke Trizand auf unserer Website www.daisho.be|Daisho\" \/>\n<meta property=\"og:url\" content=\"https:\/\/www.daisho.be\/de\/produit\/uebungsleiter\/\" \/>\n<meta property=\"og:site_name\" content=\"Daisho\" \/>\n<meta property=\"article:modified_time\" content=\"2026-02-13T10:41:17+00:00\" \/>\n<meta property=\"og:image\" content=\"https:\/\/www.daisho.be\/wp-content\/uploads\/2026\/01\/image-171.jpg\" \/>\n\t<meta property=\"og:image:width\" content=\"1500\" \/>\n\t<meta property=\"og:image:height\" content=\"1500\" \/>\n\t<meta property=\"og:image:type\" content=\"image\/jpeg\" \/>\n<meta name=\"twitter:card\" content=\"summary_large_image\" \/>\n<meta name=\"twitter:label1\" content=\"Gesch\u00e4tzte Lesezeit\" \/>\n\t<meta name=\"twitter:data1\" content=\"1\u00a0Minute\" \/>\n<script type=\"application\/ld+json\" class=\"yoast-schema-graph\">{\"@context\":\"https:\/\/schema.org\",\"@graph\":[{\"@type\":\"WebPage\",\"@id\":\"https:\/\/www.daisho.be\/de\/produit\/uebungsleiter\/\",\"url\":\"https:\/\/www.daisho.be\/de\/produit\/uebungsleiter\/\",\"name\":\"\u00dcbungsleiter &#8211; Daisho\",\"isPartOf\":{\"@id\":\"https:\/\/www.daisho.be\/de\/#website\"},\"primaryImageOfPage\":{\"@id\":\"https:\/\/www.daisho.be\/de\/produit\/uebungsleiter\/#primaryimage\"},\"image\":{\"@id\":\"https:\/\/www.daisho.be\/de\/produit\/uebungsleiter\/#primaryimage\"},\"thumbnailUrl\":\"https:\/\/www.daisho.be\/wp-content\/uploads\/2026\/01\/image-171.jpg\",\"datePublished\":\"2026-01-08T11:52:55+00:00\",\"dateModified\":\"2026-02-13T10:41:17+00:00\",\"description\":\"M\u00fcssen Sie Ihre Beweglichkeit und Ihr Gleichgewicht trainieren? Entdecken Sie die Trainingsleiter der Marke Trizand auf unserer Website www.daisho.be|Daisho\",\"breadcrumb\":{\"@id\":\"https:\/\/www.daisho.be\/de\/produit\/uebungsleiter\/#breadcrumb\"},\"inLanguage\":\"de\",\"potentialAction\":[{\"@type\":\"ReadAction\",\"target\":[\"https:\/\/www.daisho.be\/de\/produit\/uebungsleiter\/\"]}]},{\"@type\":\"ImageObject\",\"inLanguage\":\"de\",\"@id\":\"https:\/\/www.daisho.be\/de\/produit\/uebungsleiter\/#primaryimage\",\"url\":\"https:\/\/www.daisho.be\/wp-content\/uploads\/2026\/01\/image-171.jpg\",\"contentUrl\":\"https:\/\/www.daisho.be\/wp-content\/uploads\/2026\/01\/image-171.jpg\",\"width\":1500,\"height\":1500,\"caption\":\"Trainingsleiter -1\"},{\"@type\":\"BreadcrumbList\",\"@id\":\"https:\/\/www.daisho.be\/de\/produit\/uebungsleiter\/#breadcrumb\",\"itemListElement\":[{\"@type\":\"ListItem\",\"position\":1,\"name\":\"Accueil\",\"item\":\"https:\/\/www.daisho.be\/de\/\"},{\"@type\":\"ListItem\",\"position\":2,\"name\":\"Produkte\",\"item\":\"https:\/\/www.daisho.be\/de\/produkte\/\"},{\"@type\":\"ListItem\",\"position\":3,\"name\":\"Andere\",\"item\":\"https:\/\/www.daisho.be\/de\/categorie-produit\/andere-de\/\"},{\"@type\":\"ListItem\",\"position\":4,\"name\":\"\u00dcbungsleiter\"}]},{\"@type\":\"WebSite\",\"@id\":\"https:\/\/www.daisho.be\/de\/#website\",\"url\":\"https:\/\/www.daisho.be\/de\/\",\"name\":\"Daisho\",\"description\":\"Sp&eacute;cialiste de l'&eacute;quipement sportif d'arts martiaux\",\"publisher\":{\"@id\":\"https:\/\/www.daisho.be\/de\/#organization\"},\"potentialAction\":[{\"@type\":\"SearchAction\",\"target\":{\"@type\":\"EntryPoint\",\"urlTemplate\":\"https:\/\/www.daisho.be\/de\/?s={search_term_string}\"},\"query-input\":{\"@type\":\"PropertyValueSpecification\",\"valueRequired\":true,\"valueName\":\"search_term_string\"}}],\"inLanguage\":\"de\"},{\"@type\":\"Organization\",\"@id\":\"https:\/\/www.daisho.be\/de\/#organization\",\"name\":\"Daisho\",\"url\":\"https:\/\/www.daisho.be\/de\/\",\"logo\":{\"@type\":\"ImageObject\",\"inLanguage\":\"de\",\"@id\":\"https:\/\/www.daisho.be\/de\/#\/schema\/logo\/image\/\",\"url\":\"https:\/\/www.daisho.be\/wp-content\/uploads\/2019\/07\/color-nothing-horizontale4x-e1564486100247.png\",\"contentUrl\":\"https:\/\/www.daisho.be\/wp-content\/uploads\/2019\/07\/color-nothing-horizontale4x-e1564486100247.png\",\"width\":1547,\"height\":385,\"caption\":\"Daisho\"},\"image\":{\"@id\":\"https:\/\/www.daisho.be\/de\/#\/schema\/logo\/image\/\"}}]}<\/script>\n<!-- \/ Yoast SEO plugin. -->","yoast_head_json":{"title":"\u00dcbungsleiter &#8211; Daisho","description":"M\u00fcssen Sie Ihre Beweglichkeit und Ihr Gleichgewicht trainieren? Entdecken Sie die Trainingsleiter der Marke Trizand auf unserer Website www.daisho.be|Daisho","robots":{"index":"index","follow":"follow","max-snippet":"max-snippet:-1","max-image-preview":"max-image-preview:large","max-video-preview":"max-video-preview:-1"},"canonical":"https:\/\/www.daisho.be\/de\/produit\/uebungsleiter\/","og_locale":"de_DE","og_type":"article","og_title":"\u00dcbungsleiter &#8211; Daisho","og_description":"M\u00fcssen Sie Ihre Beweglichkeit und Ihr Gleichgewicht trainieren? Entdecken Sie die Trainingsleiter der Marke Trizand auf unserer Website www.daisho.be|Daisho","og_url":"https:\/\/www.daisho.be\/de\/produit\/uebungsleiter\/","og_site_name":"Daisho","article_modified_time":"2026-02-13T10:41:17+00:00","og_image":[{"width":1500,"height":1500,"url":"https:\/\/www.daisho.be\/wp-content\/uploads\/2026\/01\/image-171.jpg","type":"image\/jpeg"}],"twitter_card":"summary_large_image","twitter_misc":{"Gesch\u00e4tzte Lesezeit":"1\u00a0Minute"},"schema":{"@context":"https:\/\/schema.org","@graph":[{"@type":"WebPage","@id":"https:\/\/www.daisho.be\/de\/produit\/uebungsleiter\/","url":"https:\/\/www.daisho.be\/de\/produit\/uebungsleiter\/","name":"\u00dcbungsleiter &#8211; Daisho","isPartOf":{"@id":"https:\/\/www.daisho.be\/de\/#website"},"primaryImageOfPage":{"@id":"https:\/\/www.daisho.be\/de\/produit\/uebungsleiter\/#primaryimage"},"image":{"@id":"https:\/\/www.daisho.be\/de\/produit\/uebungsleiter\/#primaryimage"},"thumbnailUrl":"https:\/\/www.daisho.be\/wp-content\/uploads\/2026\/01\/image-171.jpg","datePublished":"2026-01-08T11:52:55+00:00","dateModified":"2026-02-13T10:41:17+00:00","description":"M\u00fcssen Sie Ihre Beweglichkeit und Ihr Gleichgewicht trainieren? Entdecken Sie die Trainingsleiter der Marke Trizand auf unserer Website www.daisho.be|Daisho","breadcrumb":{"@id":"https:\/\/www.daisho.be\/de\/produit\/uebungsleiter\/#breadcrumb"},"inLanguage":"de","potentialAction":[{"@type":"ReadAction","target":["https:\/\/www.daisho.be\/de\/produit\/uebungsleiter\/"]}]},{"@type":"ImageObject","inLanguage":"de","@id":"https:\/\/www.daisho.be\/de\/produit\/uebungsleiter\/#primaryimage","url":"https:\/\/www.daisho.be\/wp-content\/uploads\/2026\/01\/image-171.jpg","contentUrl":"https:\/\/www.daisho.be\/wp-content\/uploads\/2026\/01\/image-171.jpg","width":1500,"height":1500,"caption":"Trainingsleiter -1"},{"@type":"BreadcrumbList","@id":"https:\/\/www.daisho.be\/de\/produit\/uebungsleiter\/#breadcrumb","itemListElement":[{"@type":"ListItem","position":1,"name":"Accueil","item":"https:\/\/www.daisho.be\/de\/"},{"@type":"ListItem","position":2,"name":"Produkte","item":"https:\/\/www.daisho.be\/de\/produkte\/"},{"@type":"ListItem","position":3,"name":"Andere","item":"https:\/\/www.daisho.be\/de\/categorie-produit\/andere-de\/"},{"@type":"ListItem","position":4,"name":"\u00dcbungsleiter"}]},{"@type":"WebSite","@id":"https:\/\/www.daisho.be\/de\/#website","url":"https:\/\/www.daisho.be\/de\/","name":"Daisho","description":"Sp&eacute;cialiste de l'&eacute;quipement sportif d'arts martiaux","publisher":{"@id":"https:\/\/www.daisho.be\/de\/#organization"},"potentialAction":[{"@type":"SearchAction","target":{"@type":"EntryPoint","urlTemplate":"https:\/\/www.daisho.be\/de\/?s={search_term_string}"},"query-input":{"@type":"PropertyValueSpecification","valueRequired":true,"valueName":"search_term_string"}}],"inLanguage":"de"},{"@type":"Organization","@id":"https:\/\/www.daisho.be\/de\/#organization","name":"Daisho","url":"https:\/\/www.daisho.be\/de\/","logo":{"@type":"ImageObject","inLanguage":"de","@id":"https:\/\/www.daisho.be\/de\/#\/schema\/logo\/image\/","url":"https:\/\/www.daisho.be\/wp-content\/uploads\/2019\/07\/color-nothing-horizontale4x-e1564486100247.png","contentUrl":"https:\/\/www.daisho.be\/wp-content\/uploads\/2019\/07\/color-nothing-horizontale4x-e1564486100247.png","width":1547,"height":385,"caption":"Daisho"},"image":{"@id":"https:\/\/www.daisho.be\/de\/#\/schema\/logo\/image\/"}}]}},"_links":{"self":[{"href":"https:\/\/www.daisho.be\/de\/wp-json\/wp\/v2\/product\/651624","targetHints":{"allow":["GET"]}}],"collection":[{"href":"https:\/\/www.daisho.be\/de\/wp-json\/wp\/v2\/product"}],"about":[{"href":"https:\/\/www.daisho.be\/de\/wp-json\/wp\/v2\/types\/product"}],"replies":[{"embeddable":true,"href":"https:\/\/www.daisho.be\/de\/wp-json\/wp\/v2\/comments?post=651624"}],"wp:featuredmedia":[{"embeddable":true,"href":"https:\/\/www.daisho.be\/de\/wp-json\/wp\/v2\/media\/660803"}],"wp:attachment":[{"href":"https:\/\/www.daisho.be\/de\/wp-json\/wp\/v2\/media?parent=651624"}],"wp:term":[{"taxonomy":"product_brand","embeddable":true,"href":"https:\/\/www.daisho.be\/de\/wp-json\/wp\/v2\/product_brand?post=651624"},{"taxonomy":"product_cat","embeddable":true,"href":"https:\/\/www.daisho.be\/de\/wp-json\/wp\/v2\/product_cat?post=651624"},{"taxonomy":"product_tag","embeddable":true,"href":"https:\/\/www.daisho.be\/de\/wp-json\/wp\/v2\/product_tag?post=651624"},{"taxonomy":"sport","embeddable":true,"href":"https:\/\/www.daisho.be\/de\/wp-json\/wp\/v2\/sport?post=651624"}],"curies":[{"name":"wp","href":"https:\/\/api.w.org\/{rel}","templated":true}]}}